{"id":293,"date":"2021-07-24T18:59:25","date_gmt":"2021-07-24T18:59:25","guid":{"rendered":"https:\/\/www.safinel.fr\/?post_type=product&#038;p=293"},"modified":"2023-12-30T13:53:39","modified_gmt":"2023-12-30T13:53:39","slug":"jabon-de-aceite-de-comino-negro-habachia-100g-fuente-de-comino-negro","status":"publish","type":"product","link":"https:\/\/www.safinel.fr\/es\/product-2\/jabon-de-aceite-de-comino-negro-habachia-100g-fuente-de-comino-negro\/","title":{"rendered":"Habachia jab\u00f3n de aceite de comino negro 100g - Nigelle Source"},"content":{"rendered":"<p>En primer lugar, el jab\u00f3n de aceite de comino negro se convertir\u00e1 en tu esencial de belleza... Una vez que lo utilices, no podr\u00e1s pasar sin \u00e9l.<\/p>\n<p>Si desea cuidarse y cuidar su piel a diario, descubra sin demora el jab\u00f3n de comino negro habachia. Tiene innumerables beneficios para el cuerpo y el rostro.<\/p>\n<p>La Nigella (m\u00e1s conocida como comino negro) es una planta arom\u00e1tica que se cultiva en muchos pa\u00edses orientales. Cada a\u00f1o, esta peque\u00f1a planta de flores azules produce una enorme cantidad de peque\u00f1as y arom\u00e1ticas semillas negras con una gran variedad de propiedades.<\/p>\n<p>Por otra parte, hombres y mujeres de Egipto al Magreb, sin olvidar la India y China, han adoptado y experimentado con el comino negro. Lo utilizan desde hace siglos, sin conocer realmente su composici\u00f3n exacta.<\/p>\n<p>Sin embargo, este secreto se ha transmitido de generaci\u00f3n en generaci\u00f3n por sus incalculables recursos. Hoy en d\u00eda, la ciencia nos ha demostrado que la semilla de comino negro es un asombroso compuesto repleto de grasas y \u00e1cidos establecidos.<\/p>\n<p>Pero en realidad, tiene un efecto beneficioso sobre los niveles de colesterol, la diabetes, la inflamaci\u00f3n y la hipertensi\u00f3n arterial. Tambi\u00e9n le ayudar\u00e1 a combatir todo tipo de enfermedades leves como resfriados, asma, etc.<\/p>\n<h3><strong>Los beneficios del comino negro:<\/strong><\/h3>\n<p>A pesar de ello, las semillas de comino negro tambi\u00e9n contienen timoquinona y nigelona. Conocidas por sus beneficios antihistam\u00ednicos, cicatrizantes, antioxidantes y antiinfecciosos.<\/p>\n<p>Gracias a esta maravillosa composici\u00f3n que ayuda a luchar contra:<\/p>\n<p>- Envejecimiento de la piel,<br \/>\n- Reparaci\u00f3n (grietas, quemaduras solares, cicatrizaci\u00f3n)<br \/>\n- Calmar (picor, irritaci\u00f3n, inflamaci\u00f3n)<br \/>\n- Purificar suavemente (puntos negros, espinillas, peque\u00f1as imperfecciones)<br \/>\n- Suaviza y nutre la piel. .<br \/>\n- Tratamiento del acn\u00e9, el eczema y la psoriasis<br \/>\n- Para aliviar el reumatismo.<\/p>\n<p>Sin embargo, como tratamiento de belleza, es ideal por sus propiedades regeneradoras, calmantes y revitalizantes. Beneficioso para el equilibrio de todo tipo de pieles, obra milagros en las pieles sensibles, secas e irritadas.<\/p>\n<h3><strong>Ingredientes :<\/strong><\/h3>\n<p>- Aceite et\u00edope de semillas de Nigella<br \/>\n- Agua desmineralizada<br \/>\n- Hidr\u00f3xido de sodio<br \/>\n- 100 % artesanal y puro<\/p>","protected":false},"excerpt":{"rendered":"<p>En primer lugar, hay que decir que el jab\u00f3n negro con aceite de nigella se convertir\u00e1 sin duda en tu producto de belleza imprescindible... Una vez que lo pruebes, no podr\u00e1s prescindir de \u00e9l. Si deseas cuidar de ti y de tu piel a diario, descubre sin m\u00e1s demora el jab\u00f3n negro con nigella Habachia. Tiene innumerables beneficios para [...]","protected":false},"featured_media":326,"template":"","meta":[],"product_brand":[],"product_cat":[34,123],"product_tag":[],"class_list":{"0":"post-293","1":"product","2":"type-product","3":"status-publish","4":"has-post-thumbnail","6":"product_cat-hygiene","7":"product_cat-savon","9":"first","10":"instock","11":"shipping-taxable","12":"purchasable","13":"product-type-simple"},"yoast_head":"<!-- This site is optimized with the Yoast SEO plugin v26.6 - https:\/\/yoast.com\/wordpress\/plugins\/seo\/ -->\n<title>Savon \u00e0 l&#039;huile de nigelle Habachia 100g - Nigelle Source - Safinel<\/title>\n<meta name=\"robots\" content=\"index, follow, max-snippet:-1, max-image-preview:large, max-video-preview:-1\" \/>\n<link rel=\"canonical\" href=\"https:\/\/www.safinel.fr\/es\/product-2\/jabon-de-aceite-de-comino-negro-habachia-100g-fuente-de-comino-negro\/\" \/>\n<meta property=\"og:locale\" content=\"es_ES\" \/>\n<meta property=\"og:type\" content=\"article\" \/>\n<meta property=\"og:title\" content=\"Savon \u00e0 l&#039;huile de nigelle Habachia 100g - Nigelle Source - Safinel\" \/>\n<meta property=\"og:description\" content=\"Tout d&rsquo;abord, il faut dire que le savon noir huile de nigelle deviendra \u00e0 coup sur votre incontournable beaut\u00e9\u2026 Une fois utilis\u00e9, vous ne pourrez plus vous en passer. Vous d\u00e9sirez prendre soin de vous et de votre peau au quotidien, d\u00e9couvrez sans plus tarder le savon noir nigelle habachia. Il poss\u00e8de d&rsquo;innombrables bienfaits pour [...]\" \/>\n<meta property=\"og:url\" content=\"https:\/\/www.safinel.fr\/es\/product-2\/jabon-de-aceite-de-comino-negro-habachia-100g-fuente-de-comino-negro\/\" \/>\n<meta property=\"og:site_name\" content=\"Safinel\" \/>\n<meta property=\"article:modified_time\" content=\"2023-12-30T13:53:39+00:00\" \/>\n<meta property=\"og:image\" content=\"https:\/\/www.safinel.fr\/wp-content\/uploads\/2021\/07\/savon-a-l-huile-de-nigelle-d-ethiopie-4.jpg\" \/>\n\t<meta property=\"og:image:width\" content=\"954\" \/>\n\t<meta property=\"og:image:height\" content=\"800\" \/>\n\t<meta property=\"og:image:type\" content=\"image\/jpeg\" \/>\n<meta name=\"twitter:card\" content=\"summary_large_image\" \/>\n<meta name=\"twitter:label1\" content=\"Tiempo de lectura\" \/>\n\t<meta name=\"twitter:data1\" content=\"2 minutos\" \/>\n<script type=\"application\/ld+json\" class=\"yoast-schema-graph\">{\"@context\":\"https:\/\/schema.org\",\"@graph\":[{\"@type\":\"WebPage\",\"@id\":\"https:\/\/www.safinel.fr\/produit\/savon-noir-a-lhuile-de-nigelle-habachia-100g-nigelle-source\/\",\"url\":\"https:\/\/www.safinel.fr\/produit\/savon-noir-a-lhuile-de-nigelle-habachia-100g-nigelle-source\/\",\"name\":\"Savon \u00e0 l'huile de nigelle Habachia 100g - Nigelle Source - Safinel\",\"isPartOf\":{\"@id\":\"https:\/\/www.safinel.fr\/#website\"},\"primaryImageOfPage\":{\"@id\":\"https:\/\/www.safinel.fr\/produit\/savon-noir-a-lhuile-de-nigelle-habachia-100g-nigelle-source\/#primaryimage\"},\"image\":{\"@id\":\"https:\/\/www.safinel.fr\/produit\/savon-noir-a-lhuile-de-nigelle-habachia-100g-nigelle-source\/#primaryimage\"},\"thumbnailUrl\":\"https:\/\/www.safinel.fr\/wp-content\/uploads\/2021\/07\/savon-a-l-huile-de-nigelle-d-ethiopie-4.jpg\",\"datePublished\":\"2021-07-24T18:59:25+00:00\",\"dateModified\":\"2023-12-30T13:53:39+00:00\",\"breadcrumb\":{\"@id\":\"https:\/\/www.safinel.fr\/produit\/savon-noir-a-lhuile-de-nigelle-habachia-100g-nigelle-source\/#breadcrumb\"},\"inLanguage\":\"es\",\"potentialAction\":[{\"@type\":\"ReadAction\",\"target\":[\"https:\/\/www.safinel.fr\/produit\/savon-noir-a-lhuile-de-nigelle-habachia-100g-nigelle-source\/\"]}]},{\"@type\":\"ImageObject\",\"inLanguage\":\"es\",\"@id\":\"https:\/\/www.safinel.fr\/produit\/savon-noir-a-lhuile-de-nigelle-habachia-100g-nigelle-source\/#primaryimage\",\"url\":\"https:\/\/www.safinel.fr\/wp-content\/uploads\/2021\/07\/savon-a-l-huile-de-nigelle-d-ethiopie-4.jpg\",\"contentUrl\":\"https:\/\/www.safinel.fr\/wp-content\/uploads\/2021\/07\/savon-a-l-huile-de-nigelle-d-ethiopie-4.jpg\",\"width\":954,\"height\":800},{\"@type\":\"BreadcrumbList\",\"@id\":\"https:\/\/www.safinel.fr\/produit\/savon-noir-a-lhuile-de-nigelle-habachia-100g-nigelle-source\/#breadcrumb\",\"itemListElement\":[{\"@type\":\"ListItem\",\"position\":1,\"name\":\"Accueil\",\"item\":\"https:\/\/www.safinel.fr\/\"},{\"@type\":\"ListItem\",\"position\":2,\"name\":\"Boutique\",\"item\":\"https:\/\/www.safinel.fr\/boutique\/\"},{\"@type\":\"ListItem\",\"position\":3,\"name\":\"Savon \u00e0 l&#8217;huile de nigelle Habachia 100g &#8211; Nigelle Source\"}]},{\"@type\":\"WebSite\",\"@id\":\"https:\/\/www.safinel.fr\/#website\",\"url\":\"https:\/\/www.safinel.fr\/\",\"name\":\"Safinel\",\"description\":\"\",\"publisher\":{\"@id\":\"https:\/\/www.safinel.fr\/#organization\"},\"potentialAction\":[{\"@type\":\"SearchAction\",\"target\":{\"@type\":\"EntryPoint\",\"urlTemplate\":\"https:\/\/www.safinel.fr\/?s={search_term_string}\"},\"query-input\":{\"@type\":\"PropertyValueSpecification\",\"valueRequired\":true,\"valueName\":\"search_term_string\"}}],\"inLanguage\":\"es\"},{\"@type\":\"Organization\",\"@id\":\"https:\/\/www.safinel.fr\/#organization\",\"name\":\"Safinel\",\"url\":\"https:\/\/www.safinel.fr\/\",\"logo\":{\"@type\":\"ImageObject\",\"inLanguage\":\"es\",\"@id\":\"https:\/\/www.safinel.fr\/#\/schema\/logo\/image\/\",\"url\":\"https:\/\/www.safinel.fr\/wp-content\/uploads\/2021\/05\/boutique-cosmetique.png\",\"contentUrl\":\"https:\/\/www.safinel.fr\/wp-content\/uploads\/2021\/05\/boutique-cosmetique.png\",\"width\":800,\"height\":200,\"caption\":\"Safinel\"},\"image\":{\"@id\":\"https:\/\/www.safinel.fr\/#\/schema\/logo\/image\/\"}}]}<\/script>\n<!-- \/ Yoast SEO plugin. -->","yoast_head_json":{"title":"Habachia aceite de comino negro pastilla de jab\u00f3n 100g - Nigelle Source - Safinel","robots":{"index":"index","follow":"follow","max-snippet":"max-snippet:-1","max-image-preview":"max-image-preview:large","max-video-preview":"max-video-preview:-1"},"canonical":"https:\/\/www.safinel.fr\/es\/product-2\/jabon-de-aceite-de-comino-negro-habachia-100g-fuente-de-comino-negro\/","og_locale":"es_ES","og_type":"article","og_title":"Savon \u00e0 l'huile de nigelle Habachia 100g - Nigelle Source - Safinel","og_description":"Tout d&rsquo;abord, il faut dire que le savon noir huile de nigelle deviendra \u00e0 coup sur votre incontournable beaut\u00e9\u2026 Une fois utilis\u00e9, vous ne pourrez plus vous en passer. Vous d\u00e9sirez prendre soin de vous et de votre peau au quotidien, d\u00e9couvrez sans plus tarder le savon noir nigelle habachia. Il poss\u00e8de d&rsquo;innombrables bienfaits pour [...]","og_url":"https:\/\/www.safinel.fr\/es\/product-2\/jabon-de-aceite-de-comino-negro-habachia-100g-fuente-de-comino-negro\/","og_site_name":"Safinel","article_modified_time":"2023-12-30T13:53:39+00:00","og_image":[{"width":954,"height":800,"url":"https:\/\/www.safinel.fr\/wp-content\/uploads\/2021\/07\/savon-a-l-huile-de-nigelle-d-ethiopie-4.jpg","type":"image\/jpeg"}],"twitter_card":"summary_large_image","twitter_misc":{"Tiempo de lectura":"2 minutos"},"schema":{"@context":"https:\/\/schema.org","@graph":[{"@type":"WebPage","@id":"https:\/\/www.safinel.fr\/produit\/savon-noir-a-lhuile-de-nigelle-habachia-100g-nigelle-source\/","url":"https:\/\/www.safinel.fr\/produit\/savon-noir-a-lhuile-de-nigelle-habachia-100g-nigelle-source\/","name":"Habachia aceite de comino negro pastilla de jab\u00f3n 100g - Nigelle Source - Safinel","isPartOf":{"@id":"https:\/\/www.safinel.fr\/#website"},"primaryImageOfPage":{"@id":"https:\/\/www.safinel.fr\/produit\/savon-noir-a-lhuile-de-nigelle-habachia-100g-nigelle-source\/#primaryimage"},"image":{"@id":"https:\/\/www.safinel.fr\/produit\/savon-noir-a-lhuile-de-nigelle-habachia-100g-nigelle-source\/#primaryimage"},"thumbnailUrl":"https:\/\/www.safinel.fr\/wp-content\/uploads\/2021\/07\/savon-a-l-huile-de-nigelle-d-ethiopie-4.jpg","datePublished":"2021-07-24T18:59:25+00:00","dateModified":"2023-12-30T13:53:39+00:00","breadcrumb":{"@id":"https:\/\/www.safinel.fr\/produit\/savon-noir-a-lhuile-de-nigelle-habachia-100g-nigelle-source\/#breadcrumb"},"inLanguage":"es","potentialAction":[{"@type":"ReadAction","target":["https:\/\/www.safinel.fr\/produit\/savon-noir-a-lhuile-de-nigelle-habachia-100g-nigelle-source\/"]}]},{"@type":"ImageObject","inLanguage":"es","@id":"https:\/\/www.safinel.fr\/produit\/savon-noir-a-lhuile-de-nigelle-habachia-100g-nigelle-source\/#primaryimage","url":"https:\/\/www.safinel.fr\/wp-content\/uploads\/2021\/07\/savon-a-l-huile-de-nigelle-d-ethiopie-4.jpg","contentUrl":"https:\/\/www.safinel.fr\/wp-content\/uploads\/2021\/07\/savon-a-l-huile-de-nigelle-d-ethiopie-4.jpg","width":954,"height":800},{"@type":"BreadcrumbList","@id":"https:\/\/www.safinel.fr\/produit\/savon-noir-a-lhuile-de-nigelle-habachia-100g-nigelle-source\/#breadcrumb","itemListElement":[{"@type":"ListItem","position":1,"name":"Accueil","item":"https:\/\/www.safinel.fr\/"},{"@type":"ListItem","position":2,"name":"Boutique","item":"https:\/\/www.safinel.fr\/boutique\/"},{"@type":"ListItem","position":3,"name":"Savon \u00e0 l&#8217;huile de nigelle Habachia 100g &#8211; Nigelle Source"}]},{"@type":"WebSite","@id":"https:\/\/www.safinel.fr\/#website","url":"https:\/\/www.safinel.fr\/","name":"Safinel","description":"","publisher":{"@id":"https:\/\/www.safinel.fr\/#organization"},"potentialAction":[{"@type":"SearchAction","target":{"@type":"EntryPoint","urlTemplate":"https:\/\/www.safinel.fr\/?s={search_term_string}"},"query-input":{"@type":"PropertyValueSpecification","valueRequired":true,"valueName":"search_term_string"}}],"inLanguage":"es"},{"@type":"Organization","@id":"https:\/\/www.safinel.fr\/#organization","name":"Safinel","url":"https:\/\/www.safinel.fr\/","logo":{"@type":"ImageObject","inLanguage":"es","@id":"https:\/\/www.safinel.fr\/#\/schema\/logo\/image\/","url":"https:\/\/www.safinel.fr\/wp-content\/uploads\/2021\/05\/boutique-cosmetique.png","contentUrl":"https:\/\/www.safinel.fr\/wp-content\/uploads\/2021\/05\/boutique-cosmetique.png","width":800,"height":200,"caption":"Safinel"},"image":{"@id":"https:\/\/www.safinel.fr\/#\/schema\/logo\/image\/"}}]}},"_links":{"self":[{"href":"https:\/\/www.safinel.fr\/es\/wp-json\/wp\/v2\/product\/293","targetHints":{"allow":["GET"]}}],"collection":[{"href":"https:\/\/www.safinel.fr\/es\/wp-json\/wp\/v2\/product"}],"about":[{"href":"https:\/\/www.safinel.fr\/es\/wp-json\/wp\/v2\/types\/product"}],"wp:featuredmedia":[{"embeddable":true,"href":"https:\/\/www.safinel.fr\/es\/wp-json\/wp\/v2\/media\/326"}],"wp:attachment":[{"href":"https:\/\/www.safinel.fr\/es\/wp-json\/wp\/v2\/media?parent=293"}],"wp:term":[{"taxonomy":"product_brand","embeddable":true,"href":"https:\/\/www.safinel.fr\/es\/wp-json\/wp\/v2\/product_brand?post=293"},{"taxonomy":"product_cat","embeddable":true,"href":"https:\/\/www.safinel.fr\/es\/wp-json\/wp\/v2\/product_cat?post=293"},{"taxonomy":"product_tag","embeddable":true,"href":"https:\/\/www.safinel.fr\/es\/wp-json\/wp\/v2\/product_tag?post=293"}],"curies":[{"name":"wp","href":"https:\/\/api.w.org\/{rel}","templated":true}]}}