{"id":290,"date":"2021-07-24T18:59:25","date_gmt":"2021-07-24T18:59:25","guid":{"rendered":"https:\/\/www.safinel.fr\/?post_type=product&#038;p=290"},"modified":"2023-12-30T13:54:43","modified_gmt":"2023-12-30T13:54:43","slug":"champu-solido-para-cabellos-secos-y-danados-con-monoi-80g","status":"publish","type":"product","link":"https:\/\/www.safinel.fr\/es\/product-2\/champu-solido-para-cabellos-secos-y-danados-con-monoi-80g\/","title":{"rendered":"champ\u00fa s\u00f3lido para cabellos secos y da\u00f1ados con Mono\u00ef 80g"},"content":{"rendered":"<p>Para empezar, este champ\u00fa s\u00f3lido con monoi es el tratamiento de belleza esencial para su cabello... Para todo tipo de cabellos. .<\/p>\n<p>Viaje directamente a la Polinesia. Este champ\u00fa de Mono\u00ef convertir\u00e1 cada ducha en un puro viaje al sol. Directo de los secretos polinesios, le devolver\u00e1 la flexibilidad, el brillo y toda la nutrici\u00f3n que necesita.<\/p>\n<p>En primer lugar, este champ\u00fa de Mono\u00ef es un verdadero tratamiento nutritivo. Es indiscutiblemente intensamente hidratante, gracias a sus inmejorables ingredientes nutritivos para el cabello.<\/p>\n<p>Est\u00e1 elaborado con aceites de monoi, karit\u00e9 y macadamia, as\u00ed como con fitoqueratina, una prote\u00edna presente de forma natural en el cabello. Estos 4 ingredientes hacen de esta receta una alianza perfecta para el equilibrio y el bienestar de su cabello.<\/p>\n<h3><strong>La combinaci\u00f3n ideal :<\/strong><\/h3>\n<p>Este champ\u00fa se compone de 4 ingredientes:<\/p>\n<ul>\n<li>El aceite de monoi es famoso por su suave aroma y sus intensas cualidades nutritivas. Reafirma eficazmente las escamas del cabello.<\/li>\n<li>La macadamia, rica en omega 7, es perfecta para suplir la falta de \u00e1cido palmitoleico y fortalecer el cabello.<\/li>\n<li>El karit\u00e9 repara en profundidad la fibra capilar da\u00f1ada.<\/li>\n<li>La fitoqueratina aporta fuerza, vigor, volumen y brillo.<\/li>\n<\/ul>\n<p>En conclusi\u00f3n, todos estos elementos hacen de este champ\u00fa la combinaci\u00f3n perfecta para un cabello sano y cuidado. Recupera el cabello de tus sue\u00f1os...<\/p>\n<h3><strong>Enfoque de residuo cero:<\/strong><\/h3>\n<p>En primer lugar, este champ\u00fa de 80 g puede utilizarse para 110 lavados, lo que equivale a 4 botes de champ\u00fa convencional.<\/p>\n<p>En segundo lugar, el champ\u00fa s\u00f3lido es m\u00e1s econ\u00f3mico que el champ\u00fa tradicional de venta masiva y dura m\u00e1s. Adem\u00e1s, permite prescindir del acondicionador.<\/p>\n<p>En tercer lugar, es muy respetuoso con el medio ambiente gracias a su forma, que no requiere envases de pl\u00e1stico.<\/p>\n<p>Por \u00faltimo, este champ\u00fa s\u00f3lido es de lo m\u00e1s pr\u00e1ctico. Se puede transportar a cualquier parte sin el inconveniente de botellas derramadas en su equipaje.<\/p>\n<h3><strong>Consejo r\u00e1pido de uso:<\/strong><\/h3>\n<ul>\n<li>Humedecer y frotar el champ\u00fa s\u00f3lido en las manos.<\/li>\n<li>Trabajar hasta obtener una espuma bastante espesa<\/li>\n<li>Aplica la espuma sobre el cabello y l\u00e1valo.<\/li>\n<li>Aclarar abundantemente.<\/li>\n<li>Dejar secar el champ\u00fa<\/li>\n<\/ul>\n<h3><strong>Composici\u00f3n:<\/strong><\/h3>\n<p>COCOIL ISETIONATO DE SODIO, MANTECA DE BUTYROSPERMUM PARKII, ACEITE DE COCOS NUCIFERA, PARFUM, FLOR DE GARDENIA TAHITENSIS, TOCOFEROL, ACEITE DE SEMILLA DE MACADAMIA INTEGRIFOLIA,<\/p>","protected":false},"excerpt":{"rendered":"<p>Pour commencer , ce shampoing solide au mono\u00ef est l&rsquo;incontournable des soins beaut\u00e9 pour vos cheveux&#8230; Pour tous types de cheveux . Laissez-vous voyager tout droit en Polyn\u00e9sie. En effet, ce shampoing monoi fera de chacune de vos douches un pur voyage ensoleill\u00e9. Tout droit tir\u00e9 des secrets polyn\u00e9siens il redonnera souplesse force brillance et [&#8230;]","protected":false},"featured_media":323,"template":"","meta":[],"product_brand":[],"product_cat":[32,36],"product_tag":[],"class_list":{"0":"post-290","1":"product","2":"type-product","3":"status-publish","4":"has-post-thumbnail","6":"product_cat-curae","7":"product_cat-shampoing-solide","9":"first","10":"instock","11":"shipping-taxable","12":"purchasable","13":"product-type-simple"},"yoast_head":"<!-- This site is optimized with the Yoast SEO plugin v26.6 - https:\/\/yoast.com\/wordpress\/plugins\/seo\/ -->\n<title>shampoing solide cheveux sec et abim\u00e9s au Mono\u00ef 80g - Safinel<\/title>\n<meta name=\"robots\" content=\"index, follow, max-snippet:-1, max-image-preview:large, max-video-preview:-1\" \/>\n<link rel=\"canonical\" href=\"https:\/\/www.safinel.fr\/es\/product-2\/champu-solido-para-cabellos-secos-y-danados-con-monoi-80g\/\" \/>\n<meta property=\"og:locale\" content=\"es_ES\" \/>\n<meta property=\"og:type\" content=\"article\" \/>\n<meta property=\"og:title\" content=\"shampoing solide cheveux sec et abim\u00e9s au Mono\u00ef 80g - Safinel\" \/>\n<meta property=\"og:description\" content=\"Pour commencer , ce shampoing solide au mono\u00ef est l&rsquo;incontournable des soins beaut\u00e9 pour vos cheveux&#8230; Pour tous types de cheveux . Laissez-vous voyager tout droit en Polyn\u00e9sie. En effet, ce shampoing monoi fera de chacune de vos douches un pur voyage ensoleill\u00e9. Tout droit tir\u00e9 des secrets polyn\u00e9siens il redonnera souplesse force brillance et [...]\" \/>\n<meta property=\"og:url\" content=\"https:\/\/www.safinel.fr\/es\/product-2\/champu-solido-para-cabellos-secos-y-danados-con-monoi-80g\/\" \/>\n<meta property=\"og:site_name\" content=\"Safinel\" \/>\n<meta property=\"article:modified_time\" content=\"2023-12-30T13:54:43+00:00\" \/>\n<meta property=\"og:image\" content=\"https:\/\/www.safinel.fr\/wp-content\/uploads\/2021\/07\/shampoing-solide-au-monoi.jpg\" \/>\n\t<meta property=\"og:image:width\" content=\"800\" \/>\n\t<meta property=\"og:image:height\" content=\"800\" \/>\n\t<meta property=\"og:image:type\" content=\"image\/jpeg\" \/>\n<meta name=\"twitter:card\" content=\"summary_large_image\" \/>\n<meta name=\"twitter:label1\" content=\"Tiempo de lectura\" \/>\n\t<meta name=\"twitter:data1\" content=\"2 minutos\" \/>\n<script type=\"application\/ld+json\" class=\"yoast-schema-graph\">{\"@context\":\"https:\/\/schema.org\",\"@graph\":[{\"@type\":\"WebPage\",\"@id\":\"https:\/\/www.safinel.fr\/produit\/shampoing-solide-cheveux-sec-et-abimes-au-monoi-80g\/\",\"url\":\"https:\/\/www.safinel.fr\/produit\/shampoing-solide-cheveux-sec-et-abimes-au-monoi-80g\/\",\"name\":\"shampoing solide cheveux sec et abim\u00e9s au Mono\u00ef 80g - Safinel\",\"isPartOf\":{\"@id\":\"https:\/\/www.safinel.fr\/#website\"},\"primaryImageOfPage\":{\"@id\":\"https:\/\/www.safinel.fr\/produit\/shampoing-solide-cheveux-sec-et-abimes-au-monoi-80g\/#primaryimage\"},\"image\":{\"@id\":\"https:\/\/www.safinel.fr\/produit\/shampoing-solide-cheveux-sec-et-abimes-au-monoi-80g\/#primaryimage\"},\"thumbnailUrl\":\"https:\/\/www.safinel.fr\/wp-content\/uploads\/2021\/07\/shampoing-solide-au-monoi.jpg\",\"datePublished\":\"2021-07-24T18:59:25+00:00\",\"dateModified\":\"2023-12-30T13:54:43+00:00\",\"breadcrumb\":{\"@id\":\"https:\/\/www.safinel.fr\/produit\/shampoing-solide-cheveux-sec-et-abimes-au-monoi-80g\/#breadcrumb\"},\"inLanguage\":\"es\",\"potentialAction\":[{\"@type\":\"ReadAction\",\"target\":[\"https:\/\/www.safinel.fr\/produit\/shampoing-solide-cheveux-sec-et-abimes-au-monoi-80g\/\"]}]},{\"@type\":\"ImageObject\",\"inLanguage\":\"es\",\"@id\":\"https:\/\/www.safinel.fr\/produit\/shampoing-solide-cheveux-sec-et-abimes-au-monoi-80g\/#primaryimage\",\"url\":\"https:\/\/www.safinel.fr\/wp-content\/uploads\/2021\/07\/shampoing-solide-au-monoi.jpg\",\"contentUrl\":\"https:\/\/www.safinel.fr\/wp-content\/uploads\/2021\/07\/shampoing-solide-au-monoi.jpg\",\"width\":800,\"height\":800},{\"@type\":\"BreadcrumbList\",\"@id\":\"https:\/\/www.safinel.fr\/produit\/shampoing-solide-cheveux-sec-et-abimes-au-monoi-80g\/#breadcrumb\",\"itemListElement\":[{\"@type\":\"ListItem\",\"position\":1,\"name\":\"Accueil\",\"item\":\"https:\/\/www.safinel.fr\/\"},{\"@type\":\"ListItem\",\"position\":2,\"name\":\"Boutique\",\"item\":\"https:\/\/www.safinel.fr\/boutique\/\"},{\"@type\":\"ListItem\",\"position\":3,\"name\":\"shampoing solide cheveux sec et abim\u00e9s au Mono\u00ef 80g\"}]},{\"@type\":\"WebSite\",\"@id\":\"https:\/\/www.safinel.fr\/#website\",\"url\":\"https:\/\/www.safinel.fr\/\",\"name\":\"Safinel\",\"description\":\"\",\"publisher\":{\"@id\":\"https:\/\/www.safinel.fr\/#organization\"},\"potentialAction\":[{\"@type\":\"SearchAction\",\"target\":{\"@type\":\"EntryPoint\",\"urlTemplate\":\"https:\/\/www.safinel.fr\/?s={search_term_string}\"},\"query-input\":{\"@type\":\"PropertyValueSpecification\",\"valueRequired\":true,\"valueName\":\"search_term_string\"}}],\"inLanguage\":\"es\"},{\"@type\":\"Organization\",\"@id\":\"https:\/\/www.safinel.fr\/#organization\",\"name\":\"Safinel\",\"url\":\"https:\/\/www.safinel.fr\/\",\"logo\":{\"@type\":\"ImageObject\",\"inLanguage\":\"es\",\"@id\":\"https:\/\/www.safinel.fr\/#\/schema\/logo\/image\/\",\"url\":\"https:\/\/www.safinel.fr\/wp-content\/uploads\/2021\/05\/boutique-cosmetique.png\",\"contentUrl\":\"https:\/\/www.safinel.fr\/wp-content\/uploads\/2021\/05\/boutique-cosmetique.png\",\"width\":800,\"height\":200,\"caption\":\"Safinel\"},\"image\":{\"@id\":\"https:\/\/www.safinel.fr\/#\/schema\/logo\/image\/\"}}]}<\/script>\n<!-- \/ Yoast SEO plugin. -->","yoast_head_json":{"title":"champ\u00fa s\u00f3lido para cabellos secos y da\u00f1ados con Mono\u00ef 80g - Safinel","robots":{"index":"index","follow":"follow","max-snippet":"max-snippet:-1","max-image-preview":"max-image-preview:large","max-video-preview":"max-video-preview:-1"},"canonical":"https:\/\/www.safinel.fr\/es\/product-2\/champu-solido-para-cabellos-secos-y-danados-con-monoi-80g\/","og_locale":"es_ES","og_type":"article","og_title":"shampoing solide cheveux sec et abim\u00e9s au Mono\u00ef 80g - Safinel","og_description":"Pour commencer , ce shampoing solide au mono\u00ef est l&rsquo;incontournable des soins beaut\u00e9 pour vos cheveux&#8230; Pour tous types de cheveux . Laissez-vous voyager tout droit en Polyn\u00e9sie. En effet, ce shampoing monoi fera de chacune de vos douches un pur voyage ensoleill\u00e9. Tout droit tir\u00e9 des secrets polyn\u00e9siens il redonnera souplesse force brillance et [...]","og_url":"https:\/\/www.safinel.fr\/es\/product-2\/champu-solido-para-cabellos-secos-y-danados-con-monoi-80g\/","og_site_name":"Safinel","article_modified_time":"2023-12-30T13:54:43+00:00","og_image":[{"width":800,"height":800,"url":"https:\/\/www.safinel.fr\/wp-content\/uploads\/2021\/07\/shampoing-solide-au-monoi.jpg","type":"image\/jpeg"}],"twitter_card":"summary_large_image","twitter_misc":{"Tiempo de lectura":"2 minutos"},"schema":{"@context":"https:\/\/schema.org","@graph":[{"@type":"WebPage","@id":"https:\/\/www.safinel.fr\/produit\/shampoing-solide-cheveux-sec-et-abimes-au-monoi-80g\/","url":"https:\/\/www.safinel.fr\/produit\/shampoing-solide-cheveux-sec-et-abimes-au-monoi-80g\/","name":"champ\u00fa s\u00f3lido para cabellos secos y da\u00f1ados con Mono\u00ef 80g - Safinel","isPartOf":{"@id":"https:\/\/www.safinel.fr\/#website"},"primaryImageOfPage":{"@id":"https:\/\/www.safinel.fr\/produit\/shampoing-solide-cheveux-sec-et-abimes-au-monoi-80g\/#primaryimage"},"image":{"@id":"https:\/\/www.safinel.fr\/produit\/shampoing-solide-cheveux-sec-et-abimes-au-monoi-80g\/#primaryimage"},"thumbnailUrl":"https:\/\/www.safinel.fr\/wp-content\/uploads\/2021\/07\/shampoing-solide-au-monoi.jpg","datePublished":"2021-07-24T18:59:25+00:00","dateModified":"2023-12-30T13:54:43+00:00","breadcrumb":{"@id":"https:\/\/www.safinel.fr\/produit\/shampoing-solide-cheveux-sec-et-abimes-au-monoi-80g\/#breadcrumb"},"inLanguage":"es","potentialAction":[{"@type":"ReadAction","target":["https:\/\/www.safinel.fr\/produit\/shampoing-solide-cheveux-sec-et-abimes-au-monoi-80g\/"]}]},{"@type":"ImageObject","inLanguage":"es","@id":"https:\/\/www.safinel.fr\/produit\/shampoing-solide-cheveux-sec-et-abimes-au-monoi-80g\/#primaryimage","url":"https:\/\/www.safinel.fr\/wp-content\/uploads\/2021\/07\/shampoing-solide-au-monoi.jpg","contentUrl":"https:\/\/www.safinel.fr\/wp-content\/uploads\/2021\/07\/shampoing-solide-au-monoi.jpg","width":800,"height":800},{"@type":"BreadcrumbList","@id":"https:\/\/www.safinel.fr\/produit\/shampoing-solide-cheveux-sec-et-abimes-au-monoi-80g\/#breadcrumb","itemListElement":[{"@type":"ListItem","position":1,"name":"Accueil","item":"https:\/\/www.safinel.fr\/"},{"@type":"ListItem","position":2,"name":"Boutique","item":"https:\/\/www.safinel.fr\/boutique\/"},{"@type":"ListItem","position":3,"name":"shampoing solide cheveux sec et abim\u00e9s au Mono\u00ef 80g"}]},{"@type":"WebSite","@id":"https:\/\/www.safinel.fr\/#website","url":"https:\/\/www.safinel.fr\/","name":"Safinel","description":"","publisher":{"@id":"https:\/\/www.safinel.fr\/#organization"},"potentialAction":[{"@type":"SearchAction","target":{"@type":"EntryPoint","urlTemplate":"https:\/\/www.safinel.fr\/?s={search_term_string}"},"query-input":{"@type":"PropertyValueSpecification","valueRequired":true,"valueName":"search_term_string"}}],"inLanguage":"es"},{"@type":"Organization","@id":"https:\/\/www.safinel.fr\/#organization","name":"Safinel","url":"https:\/\/www.safinel.fr\/","logo":{"@type":"ImageObject","inLanguage":"es","@id":"https:\/\/www.safinel.fr\/#\/schema\/logo\/image\/","url":"https:\/\/www.safinel.fr\/wp-content\/uploads\/2021\/05\/boutique-cosmetique.png","contentUrl":"https:\/\/www.safinel.fr\/wp-content\/uploads\/2021\/05\/boutique-cosmetique.png","width":800,"height":200,"caption":"Safinel"},"image":{"@id":"https:\/\/www.safinel.fr\/#\/schema\/logo\/image\/"}}]}},"_links":{"self":[{"href":"https:\/\/www.safinel.fr\/es\/wp-json\/wp\/v2\/product\/290","targetHints":{"allow":["GET"]}}],"collection":[{"href":"https:\/\/www.safinel.fr\/es\/wp-json\/wp\/v2\/product"}],"about":[{"href":"https:\/\/www.safinel.fr\/es\/wp-json\/wp\/v2\/types\/product"}],"wp:featuredmedia":[{"embeddable":true,"href":"https:\/\/www.safinel.fr\/es\/wp-json\/wp\/v2\/media\/323"}],"wp:attachment":[{"href":"https:\/\/www.safinel.fr\/es\/wp-json\/wp\/v2\/media?parent=290"}],"wp:term":[{"taxonomy":"product_brand","embeddable":true,"href":"https:\/\/www.safinel.fr\/es\/wp-json\/wp\/v2\/product_brand?post=290"},{"taxonomy":"product_cat","embeddable":true,"href":"https:\/\/www.safinel.fr\/es\/wp-json\/wp\/v2\/product_cat?post=290"},{"taxonomy":"product_tag","embeddable":true,"href":"https:\/\/www.safinel.fr\/es\/wp-json\/wp\/v2\/product_tag?post=290"}],"curies":[{"name":"wp","href":"https:\/\/api.w.org\/{rel}","templated":true}]}}