{"id":2892,"date":"2022-09-25T16:25:03","date_gmt":"2022-09-25T16:25:03","guid":{"rendered":"https:\/\/www.safinel.fr\/?post_type=product&#038;p=2892"},"modified":"2024-12-27T22:43:07","modified_gmt":"2024-12-27T22:43:07","slug":"caramelo-afrodisiaco-de-terron-de-azucar","status":"publish","type":"product","link":"https:\/\/www.safinel.fr\/es\/product-2\/caramelo-afrodisiaco-de-terron-de-azucar\/","title":{"rendered":"Caramelo de az\u00facar de terr\u00f3n afrodis\u00edaco"},"content":{"rendered":"<p>Y si el\u00a0<strong>Caramelo afrodis\u00edaco Lump Sugar<\/strong>\u00a0era la elecci\u00f3n perfecta para condimentar sus momentos \u00edntimos? Elaborados con ingredientes naturales cuidadosamente seleccionados, estos caramelos est\u00e1n especialmente dise\u00f1ados para estimular su deseo y despertar sus sentidos...<\/p>\n<h2><strong>\u00bfQu\u00e9 es el caramelo afrodis\u00edaco Lump Sugar?<\/strong><\/h2>\n<p>Los caramelos Lump Sugar contienen ingredientes naturales conocidos por sus propiedades afrodis\u00edacas. Cada caramelo contiene extractos de plantas y hierbas conocidas por su capacidad para aumentar la libido y el deseo sexual.\u00a0<a href=\"https:\/\/www.safinel.fr\/es\/product-2\/miel-king-kong-afrodisiaco\/\"><strong>mejorar el rendimiento sexual<\/strong><\/a>.<\/p>\n<p>Los caramelos Lump Sugar est\u00e1n dise\u00f1ados para actuar con rapidez y eficacia. Gracias a su f\u00f3rmula exclusiva, estos caramelos estimulan la circulaci\u00f3n sangu\u00ednea. El resultado es una mejor erecci\u00f3n para los hombres y una mayor sensibilidad para las mujeres.<\/p>\n<h2><strong>Caramelos afrodis\u00edacos Lump Sugar: una experiencia gustativa excepcional<\/strong><\/h2>\n<p>Adem\u00e1s de sus efectos afrodis\u00edacos, los caramelos Lump Sugar tambi\u00e9n ofrecen una experiencia gustativa excepcional. Disponibles en una variedad de deliciosos sabores, estos dulces caramelos har\u00e1n las delicias de su paladar. Y todo ello con una dosis extra de placer.<\/p>\n<p>Estos\u00a0<strong>dulces afrodis\u00edacos<\/strong>\u00a0son pr\u00e1cticos y f\u00e1ciles de usar. Ya sea en casa, de viaje o en una fiesta, estas discretas golosinas pueden consumirse discretamente para disfrutar de una experiencia afrodis\u00edaca instant\u00e1nea. Basta con saborear un caramelo y esperar los efectos.<\/p>\n<h3><strong>\u00a1Del\u00e9itese con dulces afrodis\u00edacos!<\/strong><\/h3>\n<p>La seguridad y la calidad son nuestras m\u00e1ximas prioridades. Los caramelos Lump Sugar se fabrican en instalaciones certificadas, cumpliendo las normas sanitarias y de seguridad m\u00e1s estrictas.<\/p>\n<p>Como ves, si buscas una forma deliciosa de condimentar tu sexualidad, estos caramelos afrodis\u00edacos son ideales. De hecho, su combinaci\u00f3n de ingredientes naturales y efectos estimulantes los convierte en una opci\u00f3n atractiva para quienes desean intensificar su placer.<\/p>\n<p>No dude en venir a probar el<strong>\u00a0Caramelos de az\u00facar en terrones<\/strong>\u00a0y descubra una nueva dimensi\u00f3n del placer sensual.<\/p>","protected":false},"excerpt":{"rendered":"<p><img decoding=\"async\" class=\"size-full wp-image-5091 aligncenter\" src=\"https:\/\/www.safinel.fr\/wp-content\/uploads\/2021\/06\/BANNIERE-ICONE-SAFINEL.webp\" alt=\"reaseguro de sat\u00e9n\" width=\"800\" height=\"200\" srcset=\"https:\/\/www.safinel.fr\/wp-content\/uploads\/2021\/06\/BANNIERE-ICONE-SAFINEL.webp 800w, https:\/\/www.safinel.fr\/wp-content\/uploads\/2021\/06\/BANNIERE-ICONE-SAFINEL-600x150.webp 600w, https:\/\/www.safinel.fr\/wp-content\/uploads\/2021\/06\/BANNIERE-ICONE-SAFINEL-768x192.webp 768w\" sizes=\"(max-width: 800px) 100vw, 800px\" \/><\/p>","protected":false},"featured_media":2894,"template":"","meta":[],"product_brand":[],"product_cat":[102],"product_tag":[],"class_list":{"0":"post-2892","1":"product","2":"type-product","3":"status-publish","4":"has-post-thumbnail","6":"product_cat-bonbon-aphrodisiaque","8":"first","9":"outofstock","10":"shipping-taxable","11":"purchasable","12":"product-type-simple"},"yoast_head":"<!-- This site is optimized with the Yoast SEO plugin v26.6 - https:\/\/yoast.com\/wordpress\/plugins\/seo\/ -->\n<title>Bonbon aphrodisiaque lump sugar | Pimenter vos moments intimes<\/title>\n<meta name=\"description\" content=\"Et si le\u00a0bonbon aphrodisiaque Lump Sugar\u00a0\u00e9tait le choix parfait pour pimenter vos moments intimes\u00a0? Adoptez-le sans plus attendre !\" \/>\n<meta name=\"robots\" content=\"index, follow, max-snippet:-1, max-image-preview:large, max-video-preview:-1\" \/>\n<link rel=\"canonical\" href=\"https:\/\/www.safinel.fr\/es\/product-2\/caramelo-afrodisiaco-de-terron-de-azucar\/\" \/>\n<meta property=\"og:locale\" content=\"es_ES\" \/>\n<meta property=\"og:type\" content=\"article\" \/>\n<meta property=\"og:title\" content=\"Bonbon aphrodisiaque lump sugar | Pimenter vos moments intimes\" \/>\n<meta property=\"og:description\" content=\"Et si le\u00a0bonbon aphrodisiaque Lump Sugar\u00a0\u00e9tait le choix parfait pour pimenter vos moments intimes\u00a0? Adoptez-le sans plus attendre !\" \/>\n<meta property=\"og:url\" content=\"https:\/\/www.safinel.fr\/es\/product-2\/caramelo-afrodisiaco-de-terron-de-azucar\/\" \/>\n<meta property=\"og:site_name\" content=\"Safinel\" \/>\n<meta property=\"article:modified_time\" content=\"2024-12-27T22:43:07+00:00\" \/>\n<meta property=\"og:image\" content=\"https:\/\/www.safinel.fr\/wp-content\/uploads\/2022\/09\/bonbon-aphrodisiaque-lump-sugar.jpg\" \/>\n\t<meta property=\"og:image:width\" content=\"600\" \/>\n\t<meta property=\"og:image:height\" content=\"600\" \/>\n\t<meta property=\"og:image:type\" content=\"image\/jpeg\" \/>\n<meta name=\"twitter:card\" content=\"summary_large_image\" \/>\n<meta name=\"twitter:label1\" content=\"Tiempo de lectura\" \/>\n\t<meta name=\"twitter:data1\" content=\"2 minutos\" \/>\n<script type=\"application\/ld+json\" class=\"yoast-schema-graph\">{\"@context\":\"https:\/\/schema.org\",\"@graph\":[{\"@type\":\"WebPage\",\"@id\":\"https:\/\/www.safinel.fr\/produit\/bonbon-aphrodisiaque-lump-sugar\/\",\"url\":\"https:\/\/www.safinel.fr\/produit\/bonbon-aphrodisiaque-lump-sugar\/\",\"name\":\"Bonbon aphrodisiaque lump sugar | Pimenter vos moments intimes\",\"isPartOf\":{\"@id\":\"https:\/\/www.safinel.fr\/#website\"},\"primaryImageOfPage\":{\"@id\":\"https:\/\/www.safinel.fr\/produit\/bonbon-aphrodisiaque-lump-sugar\/#primaryimage\"},\"image\":{\"@id\":\"https:\/\/www.safinel.fr\/produit\/bonbon-aphrodisiaque-lump-sugar\/#primaryimage\"},\"thumbnailUrl\":\"https:\/\/www.safinel.fr\/wp-content\/uploads\/2022\/09\/bonbon-aphrodisiaque-lump-sugar.jpg\",\"datePublished\":\"2022-09-25T16:25:03+00:00\",\"dateModified\":\"2024-12-27T22:43:07+00:00\",\"description\":\"Et si le\u00a0bonbon aphrodisiaque Lump Sugar\u00a0\u00e9tait le choix parfait pour pimenter vos moments intimes\u00a0? Adoptez-le sans plus attendre !\",\"breadcrumb\":{\"@id\":\"https:\/\/www.safinel.fr\/produit\/bonbon-aphrodisiaque-lump-sugar\/#breadcrumb\"},\"inLanguage\":\"es\",\"potentialAction\":[{\"@type\":\"ReadAction\",\"target\":[\"https:\/\/www.safinel.fr\/produit\/bonbon-aphrodisiaque-lump-sugar\/\"]}]},{\"@type\":\"ImageObject\",\"inLanguage\":\"es\",\"@id\":\"https:\/\/www.safinel.fr\/produit\/bonbon-aphrodisiaque-lump-sugar\/#primaryimage\",\"url\":\"https:\/\/www.safinel.fr\/wp-content\/uploads\/2022\/09\/bonbon-aphrodisiaque-lump-sugar.jpg\",\"contentUrl\":\"https:\/\/www.safinel.fr\/wp-content\/uploads\/2022\/09\/bonbon-aphrodisiaque-lump-sugar.jpg\",\"width\":600,\"height\":600,\"caption\":\"Bonbon aphrodisiaque lump sugar\"},{\"@type\":\"BreadcrumbList\",\"@id\":\"https:\/\/www.safinel.fr\/produit\/bonbon-aphrodisiaque-lump-sugar\/#breadcrumb\",\"itemListElement\":[{\"@type\":\"ListItem\",\"position\":1,\"name\":\"Accueil\",\"item\":\"https:\/\/www.safinel.fr\/\"},{\"@type\":\"ListItem\",\"position\":2,\"name\":\"Boutique\",\"item\":\"https:\/\/www.safinel.fr\/boutique\/\"},{\"@type\":\"ListItem\",\"position\":3,\"name\":\"Bonbon aphrodisiaque lump sugar\"}]},{\"@type\":\"WebSite\",\"@id\":\"https:\/\/www.safinel.fr\/#website\",\"url\":\"https:\/\/www.safinel.fr\/\",\"name\":\"Safinel\",\"description\":\"\",\"publisher\":{\"@id\":\"https:\/\/www.safinel.fr\/#organization\"},\"potentialAction\":[{\"@type\":\"SearchAction\",\"target\":{\"@type\":\"EntryPoint\",\"urlTemplate\":\"https:\/\/www.safinel.fr\/?s={search_term_string}\"},\"query-input\":{\"@type\":\"PropertyValueSpecification\",\"valueRequired\":true,\"valueName\":\"search_term_string\"}}],\"inLanguage\":\"es\"},{\"@type\":\"Organization\",\"@id\":\"https:\/\/www.safinel.fr\/#organization\",\"name\":\"Safinel\",\"url\":\"https:\/\/www.safinel.fr\/\",\"logo\":{\"@type\":\"ImageObject\",\"inLanguage\":\"es\",\"@id\":\"https:\/\/www.safinel.fr\/#\/schema\/logo\/image\/\",\"url\":\"https:\/\/www.safinel.fr\/wp-content\/uploads\/2021\/05\/boutique-cosmetique.png\",\"contentUrl\":\"https:\/\/www.safinel.fr\/wp-content\/uploads\/2021\/05\/boutique-cosmetique.png\",\"width\":800,\"height\":200,\"caption\":\"Safinel\"},\"image\":{\"@id\":\"https:\/\/www.safinel.fr\/#\/schema\/logo\/image\/\"}}]}<\/script>\n<!-- \/ Yoast SEO plugin. -->","yoast_head_json":{"title":"Bomb\u00f3n afrodis\u00edaco terr\u00f3n de az\u00facar | Dale sabor a tus momentos \u00edntimos","description":"\u00bfY si el caramelo afrodis\u00edaco Lump Sugar fuera la elecci\u00f3n perfecta para condimentar tus momentos \u00edntimos? \u00a1Ad\u00f3ptelo ahora!","robots":{"index":"index","follow":"follow","max-snippet":"max-snippet:-1","max-image-preview":"max-image-preview:large","max-video-preview":"max-video-preview:-1"},"canonical":"https:\/\/www.safinel.fr\/es\/product-2\/caramelo-afrodisiaco-de-terron-de-azucar\/","og_locale":"es_ES","og_type":"article","og_title":"Bonbon aphrodisiaque lump sugar | Pimenter vos moments intimes","og_description":"Et si le\u00a0bonbon aphrodisiaque Lump Sugar\u00a0\u00e9tait le choix parfait pour pimenter vos moments intimes\u00a0? Adoptez-le sans plus attendre !","og_url":"https:\/\/www.safinel.fr\/es\/product-2\/caramelo-afrodisiaco-de-terron-de-azucar\/","og_site_name":"Safinel","article_modified_time":"2024-12-27T22:43:07+00:00","og_image":[{"width":600,"height":600,"url":"https:\/\/www.safinel.fr\/wp-content\/uploads\/2022\/09\/bonbon-aphrodisiaque-lump-sugar.jpg","type":"image\/jpeg"}],"twitter_card":"summary_large_image","twitter_misc":{"Tiempo de lectura":"2 minutos"},"schema":{"@context":"https:\/\/schema.org","@graph":[{"@type":"WebPage","@id":"https:\/\/www.safinel.fr\/produit\/bonbon-aphrodisiaque-lump-sugar\/","url":"https:\/\/www.safinel.fr\/produit\/bonbon-aphrodisiaque-lump-sugar\/","name":"Bomb\u00f3n afrodis\u00edaco terr\u00f3n de az\u00facar | Dale sabor a tus momentos \u00edntimos","isPartOf":{"@id":"https:\/\/www.safinel.fr\/#website"},"primaryImageOfPage":{"@id":"https:\/\/www.safinel.fr\/produit\/bonbon-aphrodisiaque-lump-sugar\/#primaryimage"},"image":{"@id":"https:\/\/www.safinel.fr\/produit\/bonbon-aphrodisiaque-lump-sugar\/#primaryimage"},"thumbnailUrl":"https:\/\/www.safinel.fr\/wp-content\/uploads\/2022\/09\/bonbon-aphrodisiaque-lump-sugar.jpg","datePublished":"2022-09-25T16:25:03+00:00","dateModified":"2024-12-27T22:43:07+00:00","description":"\u00bfY si el caramelo afrodis\u00edaco Lump Sugar fuera la elecci\u00f3n perfecta para condimentar tus momentos \u00edntimos? \u00a1Ad\u00f3ptelo ahora!","breadcrumb":{"@id":"https:\/\/www.safinel.fr\/produit\/bonbon-aphrodisiaque-lump-sugar\/#breadcrumb"},"inLanguage":"es","potentialAction":[{"@type":"ReadAction","target":["https:\/\/www.safinel.fr\/produit\/bonbon-aphrodisiaque-lump-sugar\/"]}]},{"@type":"ImageObject","inLanguage":"es","@id":"https:\/\/www.safinel.fr\/produit\/bonbon-aphrodisiaque-lump-sugar\/#primaryimage","url":"https:\/\/www.safinel.fr\/wp-content\/uploads\/2022\/09\/bonbon-aphrodisiaque-lump-sugar.jpg","contentUrl":"https:\/\/www.safinel.fr\/wp-content\/uploads\/2022\/09\/bonbon-aphrodisiaque-lump-sugar.jpg","width":600,"height":600,"caption":"Bonbon aphrodisiaque lump sugar"},{"@type":"BreadcrumbList","@id":"https:\/\/www.safinel.fr\/produit\/bonbon-aphrodisiaque-lump-sugar\/#breadcrumb","itemListElement":[{"@type":"ListItem","position":1,"name":"Accueil","item":"https:\/\/www.safinel.fr\/"},{"@type":"ListItem","position":2,"name":"Boutique","item":"https:\/\/www.safinel.fr\/boutique\/"},{"@type":"ListItem","position":3,"name":"Bonbon aphrodisiaque lump sugar"}]},{"@type":"WebSite","@id":"https:\/\/www.safinel.fr\/#website","url":"https:\/\/www.safinel.fr\/","name":"Safinel","description":"","publisher":{"@id":"https:\/\/www.safinel.fr\/#organization"},"potentialAction":[{"@type":"SearchAction","target":{"@type":"EntryPoint","urlTemplate":"https:\/\/www.safinel.fr\/?s={search_term_string}"},"query-input":{"@type":"PropertyValueSpecification","valueRequired":true,"valueName":"search_term_string"}}],"inLanguage":"es"},{"@type":"Organization","@id":"https:\/\/www.safinel.fr\/#organization","name":"Safinel","url":"https:\/\/www.safinel.fr\/","logo":{"@type":"ImageObject","inLanguage":"es","@id":"https:\/\/www.safinel.fr\/#\/schema\/logo\/image\/","url":"https:\/\/www.safinel.fr\/wp-content\/uploads\/2021\/05\/boutique-cosmetique.png","contentUrl":"https:\/\/www.safinel.fr\/wp-content\/uploads\/2021\/05\/boutique-cosmetique.png","width":800,"height":200,"caption":"Safinel"},"image":{"@id":"https:\/\/www.safinel.fr\/#\/schema\/logo\/image\/"}}]}},"_links":{"self":[{"href":"https:\/\/www.safinel.fr\/es\/wp-json\/wp\/v2\/product\/2892","targetHints":{"allow":["GET"]}}],"collection":[{"href":"https:\/\/www.safinel.fr\/es\/wp-json\/wp\/v2\/product"}],"about":[{"href":"https:\/\/www.safinel.fr\/es\/wp-json\/wp\/v2\/types\/product"}],"wp:featuredmedia":[{"embeddable":true,"href":"https:\/\/www.safinel.fr\/es\/wp-json\/wp\/v2\/media\/2894"}],"wp:attachment":[{"href":"https:\/\/www.safinel.fr\/es\/wp-json\/wp\/v2\/media?parent=2892"}],"wp:term":[{"taxonomy":"product_brand","embeddable":true,"href":"https:\/\/www.safinel.fr\/es\/wp-json\/wp\/v2\/product_brand?post=2892"},{"taxonomy":"product_cat","embeddable":true,"href":"https:\/\/www.safinel.fr\/es\/wp-json\/wp\/v2\/product_cat?post=2892"},{"taxonomy":"product_tag","embeddable":true,"href":"https:\/\/www.safinel.fr\/es\/wp-json\/wp\/v2\/product_tag?post=2892"}],"curies":[{"name":"wp","href":"https:\/\/api.w.org\/{rel}","templated":true}]}}