{"id":289,"date":"2021-07-24T18:59:25","date_gmt":"2021-07-24T18:59:25","guid":{"rendered":"https:\/\/www.safinel.fr\/?post_type=product&#038;p=289"},"modified":"2023-12-28T17:15:05","modified_gmt":"2023-12-28T17:15:05","slug":"champu-solido-para-raices-grasas-con-arcilla-rosa-80g","status":"publish","type":"product","link":"https:\/\/www.safinel.fr\/es\/product-2\/champu-solido-para-raices-grasas-con-arcilla-rosa-80g\/","title":{"rendered":"Champ\u00fa S\u00f3lido Ra\u00edces Grasas Arcilla Rosa 80g"},"content":{"rendered":"<p>El champ\u00fa s\u00f3lido ecol\u00f3gico con arcilla rosa es imprescindible para el cabello graso y da\u00f1ado... Una vez que lo haya probado, no querr\u00e1 prescindir de \u00e9l.<\/p>\n<p>En primer lugar, este champ\u00fa s\u00f3lido es una sutil mezcla de arcilla blanca y roja. Sin embargo, seguro que se convierte en el tratamiento ideal para el cabello graso, seco y da\u00f1ado.<\/p>\n<p>Aun as\u00ed, la arcilla rosa obtiene todos los beneficios de este champ\u00fa suave. Reconocida por su capacidad para absorber las impurezas y el exceso de sebo, sigue siendo, sin embargo, tonificante y suave. Con todos sus beneficios, es el aliado perfecto para el cabello seco y da\u00f1ado.<\/p>\n<p>En conclusi\u00f3n, este champ\u00fa de arcilla s\u00f3lida ser\u00e1 el mejor amigo de su cabello en todos los sentidos. Adem\u00e1s de ser respetuoso con el medio ambiente, este champ\u00fa se elabora siguiendo m\u00e9todos tradicionales y est\u00e1 100 % molido a mano.<\/p>\n<h3><strong>Los beneficios del champ\u00fa s\u00f3lido con arcilla rosa :<\/strong><\/h3>\n<ul>\n<li>Nutre en profundidad<\/li>\n<li>Atenci\u00f3n genuina<\/li>\n<li>absorbente (exceso de sebo)<\/li>\n<li>lucha contra las impurezas<\/li>\n<li>suave con tu cabello +<\/li>\n<\/ul>\n<h3><strong>Una soluci\u00f3n ecol\u00f3gica y biol\u00f3gica indiscutible:<\/strong><\/h3>\n<p>En primer lugar, el champ\u00fa s\u00f3lido es m\u00e1s econ\u00f3mico que un champ\u00fa tradicional de gran consumo y dura m\u00e1s. Tambi\u00e9n puede ayudarte a prescindir del acondicionador.<\/p>\n<p>En segundo lugar, este champ\u00fa de 80 g dura 110 lavados, lo que equivale a 4 botes de champ\u00fa convencional.<\/p>\n<p>En tercer lugar, es muy respetuoso con el medio ambiente gracias a su forma, que no requiere envases de pl\u00e1stico.<\/p>\n<p>Por \u00faltimo, este champ\u00fa s\u00f3lido es de lo m\u00e1s pr\u00e1ctico. Se puede transportar a cualquier parte sin el inconveniente de botellas derramadas en su equipaje.<\/p>\n<h3><strong>Ingredientes :<\/strong><\/h3>\n<h6>MANTECA DE BUTYROSPERMUM PARKII, ISETIONATO DE COCOIL S\u00d3DICO, ACEITE DE SEMILLA DE MACADAMIA TERNIFOLIA, ACEITE DE GLICINA SOJA, ARCILLA ROSA, ACEITE VEGETAL DE SOJA (ACEITE DE GLICINA SOJA), ACEITE VEGETAL DE JOJOBA (ACEITE DE SEMILLA DE SIMMONDSIA CHINENSIS (JOJOBA)), ACEITE ESENCIAL DE BERGAMOTA (CITRUS AURANTIUM BERGAMIA), ACEITE ESENCIAL DE GERANIO ROSA (PELARGONIUM ASPERUM O GRAVEOLENS), ACEITE ESENCIAL DE MANDARINA (CITRUS RETICULATA BLANCO) PRENSADO EN FR\u00cdO, ACEITE ESENCIAL DE NEROLI (CITRUS AURANTIUM VAR. AMARA).<\/h6>\n<h3><strong>Modo de empleo :<\/strong><\/h3>\n<ul>\n<li>Humedecer y frotar el champ\u00fa s\u00f3lido en las manos.<\/li>\n<li>Trabajar hasta obtener una espuma bastante espesa<\/li>\n<li>Aplica la espuma sobre el cabello y l\u00e1valo.<\/li>\n<li>Aclarar abundantemente.<\/li>\n<li>Dejar secar el champ\u00fa<\/li>\n<\/ul>","protected":false},"excerpt":{"rendered":"<p>El champ\u00fa s\u00f3lido ecol\u00f3gico con arcilla rosa es imprescindible para el cabello graso y da\u00f1ado... Una vez que lo pruebes, no podr\u00e1s prescindir de \u00e9l, te lo aseguramos. En primer lugar, hay que decir que este champ\u00fa s\u00f3lido es una sutil mezcla de arcilla blanca y arcilla roja. Sin embargo, sin duda se convertir\u00e1 en el [...]","protected":false},"featured_media":322,"template":"","meta":[],"product_brand":[],"product_cat":[32,36],"product_tag":[],"class_list":{"0":"post-289","1":"product","2":"type-product","3":"status-publish","4":"has-post-thumbnail","6":"product_cat-curae","7":"product_cat-shampoing-solide","9":"first","10":"instock","11":"shipping-taxable","12":"purchasable","13":"product-type-simple"},"yoast_head":"<!-- This site is optimized with the Yoast SEO plugin v26.6 - https:\/\/yoast.com\/wordpress\/plugins\/seo\/ -->\n<title>shampoing solide racine grasse a l&#039;Argile Rose 80g - Safinel<\/title>\n<meta name=\"robots\" content=\"index, follow, max-snippet:-1, max-image-preview:large, max-video-preview:-1\" \/>\n<link rel=\"canonical\" href=\"https:\/\/www.safinel.fr\/es\/product-2\/champu-solido-para-raices-grasas-con-arcilla-rosa-80g\/\" \/>\n<meta property=\"og:locale\" content=\"es_ES\" \/>\n<meta property=\"og:type\" content=\"article\" \/>\n<meta property=\"og:title\" content=\"shampoing solide racine grasse a l&#039;Argile Rose 80g - Safinel\" \/>\n<meta property=\"og:description\" content=\"Le shampoing solide bio \u00e0 l&rsquo;argile rose le must have pour les cheveux gras et abim\u00e9s&#8230; Une fois essay\u00e9 vous ne pourrez plus vous en passer soyez en s\u00fbr. Tout d&rsquo;abord il faut dire que ce shampoing solide est un subtil m\u00e9lange d\u2019argile blanche et d\u2019argile rouge. En revanche, il deviendra \u00e0 coup s\u00fbr le [...]\" \/>\n<meta property=\"og:url\" content=\"https:\/\/www.safinel.fr\/es\/product-2\/champu-solido-para-raices-grasas-con-arcilla-rosa-80g\/\" \/>\n<meta property=\"og:site_name\" content=\"Safinel\" \/>\n<meta property=\"article:modified_time\" content=\"2023-12-28T17:15:05+00:00\" \/>\n<meta property=\"og:image\" content=\"https:\/\/www.safinel.fr\/wp-content\/uploads\/2021\/07\/shampoing-solide-racine-grasse-argille-rose-2.jpg\" \/>\n\t<meta property=\"og:image:width\" content=\"1136\" \/>\n\t<meta property=\"og:image:height\" content=\"1125\" \/>\n\t<meta property=\"og:image:type\" content=\"image\/jpeg\" \/>\n<meta name=\"twitter:card\" content=\"summary_large_image\" \/>\n<meta name=\"twitter:label1\" content=\"Tiempo de lectura\" \/>\n\t<meta name=\"twitter:data1\" content=\"2 minutos\" \/>\n<script type=\"application\/ld+json\" class=\"yoast-schema-graph\">{\"@context\":\"https:\/\/schema.org\",\"@graph\":[{\"@type\":\"WebPage\",\"@id\":\"https:\/\/www.safinel.fr\/produit\/shampoing-solide-racine-grasse-a-largile-rose-80g\/\",\"url\":\"https:\/\/www.safinel.fr\/produit\/shampoing-solide-racine-grasse-a-largile-rose-80g\/\",\"name\":\"shampoing solide racine grasse a l'Argile Rose 80g - Safinel\",\"isPartOf\":{\"@id\":\"https:\/\/www.safinel.fr\/#website\"},\"primaryImageOfPage\":{\"@id\":\"https:\/\/www.safinel.fr\/produit\/shampoing-solide-racine-grasse-a-largile-rose-80g\/#primaryimage\"},\"image\":{\"@id\":\"https:\/\/www.safinel.fr\/produit\/shampoing-solide-racine-grasse-a-largile-rose-80g\/#primaryimage\"},\"thumbnailUrl\":\"https:\/\/www.safinel.fr\/wp-content\/uploads\/2021\/07\/shampoing-solide-racine-grasse-argille-rose-2.jpg\",\"datePublished\":\"2021-07-24T18:59:25+00:00\",\"dateModified\":\"2023-12-28T17:15:05+00:00\",\"breadcrumb\":{\"@id\":\"https:\/\/www.safinel.fr\/produit\/shampoing-solide-racine-grasse-a-largile-rose-80g\/#breadcrumb\"},\"inLanguage\":\"es\",\"potentialAction\":[{\"@type\":\"ReadAction\",\"target\":[\"https:\/\/www.safinel.fr\/produit\/shampoing-solide-racine-grasse-a-largile-rose-80g\/\"]}]},{\"@type\":\"ImageObject\",\"inLanguage\":\"es\",\"@id\":\"https:\/\/www.safinel.fr\/produit\/shampoing-solide-racine-grasse-a-largile-rose-80g\/#primaryimage\",\"url\":\"https:\/\/www.safinel.fr\/wp-content\/uploads\/2021\/07\/shampoing-solide-racine-grasse-argille-rose-2.jpg\",\"contentUrl\":\"https:\/\/www.safinel.fr\/wp-content\/uploads\/2021\/07\/shampoing-solide-racine-grasse-argille-rose-2.jpg\",\"width\":1136,\"height\":1125},{\"@type\":\"BreadcrumbList\",\"@id\":\"https:\/\/www.safinel.fr\/produit\/shampoing-solide-racine-grasse-a-largile-rose-80g\/#breadcrumb\",\"itemListElement\":[{\"@type\":\"ListItem\",\"position\":1,\"name\":\"Accueil\",\"item\":\"https:\/\/www.safinel.fr\/\"},{\"@type\":\"ListItem\",\"position\":2,\"name\":\"Boutique\",\"item\":\"https:\/\/www.safinel.fr\/boutique\/\"},{\"@type\":\"ListItem\",\"position\":3,\"name\":\"shampoing solide racine grasse a l&rsquo;Argile Rose 80g\"}]},{\"@type\":\"WebSite\",\"@id\":\"https:\/\/www.safinel.fr\/#website\",\"url\":\"https:\/\/www.safinel.fr\/\",\"name\":\"Safinel\",\"description\":\"\",\"publisher\":{\"@id\":\"https:\/\/www.safinel.fr\/#organization\"},\"potentialAction\":[{\"@type\":\"SearchAction\",\"target\":{\"@type\":\"EntryPoint\",\"urlTemplate\":\"https:\/\/www.safinel.fr\/?s={search_term_string}\"},\"query-input\":{\"@type\":\"PropertyValueSpecification\",\"valueRequired\":true,\"valueName\":\"search_term_string\"}}],\"inLanguage\":\"es\"},{\"@type\":\"Organization\",\"@id\":\"https:\/\/www.safinel.fr\/#organization\",\"name\":\"Safinel\",\"url\":\"https:\/\/www.safinel.fr\/\",\"logo\":{\"@type\":\"ImageObject\",\"inLanguage\":\"es\",\"@id\":\"https:\/\/www.safinel.fr\/#\/schema\/logo\/image\/\",\"url\":\"https:\/\/www.safinel.fr\/wp-content\/uploads\/2021\/05\/boutique-cosmetique.png\",\"contentUrl\":\"https:\/\/www.safinel.fr\/wp-content\/uploads\/2021\/05\/boutique-cosmetique.png\",\"width\":800,\"height\":200,\"caption\":\"Safinel\"},\"image\":{\"@id\":\"https:\/\/www.safinel.fr\/#\/schema\/logo\/image\/\"}}]}<\/script>\n<!-- \/ Yoast SEO plugin. -->","yoast_head_json":{"title":"Champ\u00fa S\u00f3lido Ra\u00edces Grasas Arcilla Rosa 80g - Safinel","robots":{"index":"index","follow":"follow","max-snippet":"max-snippet:-1","max-image-preview":"max-image-preview:large","max-video-preview":"max-video-preview:-1"},"canonical":"https:\/\/www.safinel.fr\/es\/product-2\/champu-solido-para-raices-grasas-con-arcilla-rosa-80g\/","og_locale":"es_ES","og_type":"article","og_title":"shampoing solide racine grasse a l'Argile Rose 80g - Safinel","og_description":"Le shampoing solide bio \u00e0 l&rsquo;argile rose le must have pour les cheveux gras et abim\u00e9s&#8230; Une fois essay\u00e9 vous ne pourrez plus vous en passer soyez en s\u00fbr. Tout d&rsquo;abord il faut dire que ce shampoing solide est un subtil m\u00e9lange d\u2019argile blanche et d\u2019argile rouge. En revanche, il deviendra \u00e0 coup s\u00fbr le [...]","og_url":"https:\/\/www.safinel.fr\/es\/product-2\/champu-solido-para-raices-grasas-con-arcilla-rosa-80g\/","og_site_name":"Safinel","article_modified_time":"2023-12-28T17:15:05+00:00","og_image":[{"width":1136,"height":1125,"url":"https:\/\/www.safinel.fr\/wp-content\/uploads\/2021\/07\/shampoing-solide-racine-grasse-argille-rose-2.jpg","type":"image\/jpeg"}],"twitter_card":"summary_large_image","twitter_misc":{"Tiempo de lectura":"2 minutos"},"schema":{"@context":"https:\/\/schema.org","@graph":[{"@type":"WebPage","@id":"https:\/\/www.safinel.fr\/produit\/shampoing-solide-racine-grasse-a-largile-rose-80g\/","url":"https:\/\/www.safinel.fr\/produit\/shampoing-solide-racine-grasse-a-largile-rose-80g\/","name":"Champ\u00fa S\u00f3lido Ra\u00edces Grasas Arcilla Rosa 80g - Safinel","isPartOf":{"@id":"https:\/\/www.safinel.fr\/#website"},"primaryImageOfPage":{"@id":"https:\/\/www.safinel.fr\/produit\/shampoing-solide-racine-grasse-a-largile-rose-80g\/#primaryimage"},"image":{"@id":"https:\/\/www.safinel.fr\/produit\/shampoing-solide-racine-grasse-a-largile-rose-80g\/#primaryimage"},"thumbnailUrl":"https:\/\/www.safinel.fr\/wp-content\/uploads\/2021\/07\/shampoing-solide-racine-grasse-argille-rose-2.jpg","datePublished":"2021-07-24T18:59:25+00:00","dateModified":"2023-12-28T17:15:05+00:00","breadcrumb":{"@id":"https:\/\/www.safinel.fr\/produit\/shampoing-solide-racine-grasse-a-largile-rose-80g\/#breadcrumb"},"inLanguage":"es","potentialAction":[{"@type":"ReadAction","target":["https:\/\/www.safinel.fr\/produit\/shampoing-solide-racine-grasse-a-largile-rose-80g\/"]}]},{"@type":"ImageObject","inLanguage":"es","@id":"https:\/\/www.safinel.fr\/produit\/shampoing-solide-racine-grasse-a-largile-rose-80g\/#primaryimage","url":"https:\/\/www.safinel.fr\/wp-content\/uploads\/2021\/07\/shampoing-solide-racine-grasse-argille-rose-2.jpg","contentUrl":"https:\/\/www.safinel.fr\/wp-content\/uploads\/2021\/07\/shampoing-solide-racine-grasse-argille-rose-2.jpg","width":1136,"height":1125},{"@type":"BreadcrumbList","@id":"https:\/\/www.safinel.fr\/produit\/shampoing-solide-racine-grasse-a-largile-rose-80g\/#breadcrumb","itemListElement":[{"@type":"ListItem","position":1,"name":"Accueil","item":"https:\/\/www.safinel.fr\/"},{"@type":"ListItem","position":2,"name":"Boutique","item":"https:\/\/www.safinel.fr\/boutique\/"},{"@type":"ListItem","position":3,"name":"shampoing solide racine grasse a l&rsquo;Argile Rose 80g"}]},{"@type":"WebSite","@id":"https:\/\/www.safinel.fr\/#website","url":"https:\/\/www.safinel.fr\/","name":"Safinel","description":"","publisher":{"@id":"https:\/\/www.safinel.fr\/#organization"},"potentialAction":[{"@type":"SearchAction","target":{"@type":"EntryPoint","urlTemplate":"https:\/\/www.safinel.fr\/?s={search_term_string}"},"query-input":{"@type":"PropertyValueSpecification","valueRequired":true,"valueName":"search_term_string"}}],"inLanguage":"es"},{"@type":"Organization","@id":"https:\/\/www.safinel.fr\/#organization","name":"Safinel","url":"https:\/\/www.safinel.fr\/","logo":{"@type":"ImageObject","inLanguage":"es","@id":"https:\/\/www.safinel.fr\/#\/schema\/logo\/image\/","url":"https:\/\/www.safinel.fr\/wp-content\/uploads\/2021\/05\/boutique-cosmetique.png","contentUrl":"https:\/\/www.safinel.fr\/wp-content\/uploads\/2021\/05\/boutique-cosmetique.png","width":800,"height":200,"caption":"Safinel"},"image":{"@id":"https:\/\/www.safinel.fr\/#\/schema\/logo\/image\/"}}]}},"_links":{"self":[{"href":"https:\/\/www.safinel.fr\/es\/wp-json\/wp\/v2\/product\/289","targetHints":{"allow":["GET"]}}],"collection":[{"href":"https:\/\/www.safinel.fr\/es\/wp-json\/wp\/v2\/product"}],"about":[{"href":"https:\/\/www.safinel.fr\/es\/wp-json\/wp\/v2\/types\/product"}],"wp:featuredmedia":[{"embeddable":true,"href":"https:\/\/www.safinel.fr\/es\/wp-json\/wp\/v2\/media\/322"}],"wp:attachment":[{"href":"https:\/\/www.safinel.fr\/es\/wp-json\/wp\/v2\/media?parent=289"}],"wp:term":[{"taxonomy":"product_brand","embeddable":true,"href":"https:\/\/www.safinel.fr\/es\/wp-json\/wp\/v2\/product_brand?post=289"},{"taxonomy":"product_cat","embeddable":true,"href":"https:\/\/www.safinel.fr\/es\/wp-json\/wp\/v2\/product_cat?post=289"},{"taxonomy":"product_tag","embeddable":true,"href":"https:\/\/www.safinel.fr\/es\/wp-json\/wp\/v2\/product_tag?post=289"}],"curies":[{"name":"wp","href":"https:\/\/api.w.org\/{rel}","templated":true}]}}