{"id":2881,"date":"2022-09-24T19:01:28","date_gmt":"2022-09-24T19:01:28","guid":{"rendered":"https:\/\/www.safinel.fr\/?post_type=product&#038;p=2881"},"modified":"2023-12-30T16:49:09","modified_gmt":"2023-12-30T16:49:09","slug":"propoleo-puro-en-polvo","status":"publish","type":"product","link":"https:\/\/www.safinel.fr\/es\/product-2\/propoleo-puro-en-polvo\/","title":{"rendered":"Prop\u00f3leo puro en polvo"},"content":{"rendered":"<p>El prop\u00f3leo, sustancia natural producida por las abejas, es muy apreciado por sus m\u00faltiples beneficios para la salud. Descubra todo lo que necesita saber sobre este maravilloso descubrimiento de la apicultura y, m\u00e1s concretamente, sobre el prop\u00f3leo en polvo: c\u00f3mo se utiliza, sus beneficios y las ventajas de su uso.\u00a0<strong>m\u00e1s informaci\u00f3n<\/strong>\u00a0para comprender mejor este recurso.<\/p>\n<h2><strong>\u00bfQu\u00e9 es el prop\u00f3leo?<\/strong><\/h2>\n<p>En primer lugar, es esencial conocer la definici\u00f3n de prop\u00f3leo antes de examinar la versi\u00f3n en polvo. El prop\u00f3leo es una resina vegetal que las abejas recogen de ciertos \u00e1rboles y arbustos cuando producen miel. <a href=\"https:\/\/www.safinel.fr\/es\/product-category-2\/apicultura\/\"><strong>miel<\/strong><\/a>. A continuaci\u00f3n, esta resina se mezcla con las secreciones salivales de las abejas para transformarse en un material ceroso que es esencialmente uno de los materiales de construcci\u00f3n de la colmena.<\/p>\n<p>Utilizado como \u00abcemento\u00bb para reforzar la estructura de la colmena, el prop\u00f3leo tambi\u00e9n tiene propiedades antibacterianas y antif\u00fangicas que ayudan a proteger a las abejas de infecciones y enfermedades. Desde hace miles de a\u00f1os, el ser humano reconoce estas cualidades y utiliza el prop\u00f3leo con diversos fines medicinales.<\/p>\n<h2><strong>Prop\u00f3leo en polvo: caracter\u00edsticas y beneficios<\/strong><\/h2>\n<p>Ahora que ya tiene una idea de lo que es el prop\u00f3leo, pasemos a su forma en polvo. El\u00a0<strong>prop\u00f3leo en polvo<\/strong>\u00a0se obtiene tras un proceso de secado y molienda de la resina bruta. Este m\u00e9todo conserva todas las propiedades beneficiosas del prop\u00f3leo, al tiempo que facilita su manipulaci\u00f3n y uso.<\/p>\n<p>He aqu\u00ed algunas de sus ventajas:<\/p>\n<ul>\n<li><strong>Alta concentraci\u00f3n de principios activos:<\/strong> Este polvo est\u00e1 altamente concentrado en flavonoides y otras mol\u00e9culas bioactivas que son responsables de sus efectos beneficiosos para nuestra salud.<\/li>\n<li><strong>Facilidad de uso :<\/strong> A diferencia de la forma cruda o l\u00edquida, el polvo se disuelve f\u00e1cilmente en diversos preparados y puede ingerirse r\u00e1pidamente.<\/li>\n<li><strong>Diversidad laboral :<\/strong>\u00a0El polvo de prop\u00f3leo puede incorporarse a diversos productos, como c\u00e1psulas, comprimidos y jarabes, <a href=\"https:\/\/www.safinel.fr\/es\/product-category-2\/cremas-iluminadoras\/\"><strong>cremas<\/strong><\/a>, etc., para que puedas personalizar su uso en funci\u00f3n de tus necesidades.<\/li>\n<\/ul>\n<h2><strong>\u00bfPor qu\u00e9 elegir el polvo de prop\u00f3leo?<\/strong><\/h2>\n<h3><strong>Cualidades nutricionales<\/strong><\/h3>\n<p>El prop\u00f3leo en polvo es rico en nutrientes esenciales como vitaminas, minerales y oligoelementos. En particular, contiene vitamina E, hierro, manganeso, selenio y zinc, todos ellos necesarios para el buen funcionamiento del organismo. Adem\u00e1s, algunos de estos minerales, como el zinc y el selenio, est\u00e1n presentes en mayor cantidad que el prop\u00f3leo crudo.<\/p>\n<h3><strong>Excelente biodisponibilidad<\/strong><\/h3>\n<p>La forma en polvo permite al organismo asimilar mejor los nutrientes, ya que los principios activos se absorben m\u00e1s r\u00e1pidamente que en otras formulaciones de prop\u00f3leos. De hecho, la r\u00e1pida disoluci\u00f3n del producto ayuda a que sus numerosas propiedades medicinales lleguen a las c\u00e9lulas de forma m\u00e1s eficaz y completa.<\/p>\n<h3><strong>Una amplia gama de aplicaciones terap\u00e9uticas<\/strong><\/h3>\n<p>Los beneficios del prop\u00f3leo en polvo para la salud son considerables. Tiene :<\/p>\n<ul>\n<li><strong>Antioxidante :<\/strong> Los flavonoides ayudan a neutralizar los radicales libres responsables del envejecimiento prematuro y de diversas enfermedades.<\/li>\n<li><strong>Antiinflamatorios :<\/strong> reduce de forma natural la inflamaci\u00f3n al inhibir las enzimas proinflamatorias y aumentar los niveles de ox\u00edgeno en los tejidos.<\/li>\n<li><strong>Inmunoestimulante:<\/strong> El consumo regular de este polvo puro refuerza nuestro sistema inmunitario, haci\u00e9ndonos menos susceptibles a las infecciones.<\/li>\n<li><strong>Antivirales :<\/strong> Tambi\u00e9n es un arma formidable contra los virus, en particular los responsables de los resfriados y la gripe.<\/li>\n<\/ul>\n<h3><strong>\u00bfC\u00f3mo se utiliza este polvo?<\/strong><\/h3>\n<p>Existen varias formas de utilizar eficazmente el polvo de prop\u00f3leo:<\/p>\n<ol>\n<li>Como suplemento diet\u00e9tico: mezcle media cucharadita de polvo con agua, zumo de fruta o miel y consuma este preparado una o dos veces al d\u00eda para reforzar su sistema inmunitario.<\/li>\n<li>Para hacer g\u00e1rgaras: diluir una cucharadita de prop\u00f3leo en polvo en un vaso de agua tibia y hacer g\u00e1rgaras durante unos minutos. Este m\u00e9todo es excelente para aliviar los dolores de garganta y las afecciones bucales.<\/li>\n<li>Aplicaci\u00f3n local: puedes mezclar este polvo con una crema neutra y aplicar la mezcla directamente sobre heridas, acn\u00e9 y otros problemas cut\u00e1neos para ayudar a su curaci\u00f3n.<\/li>\n<li>Inhalaci\u00f3n: infusionar una cucharadita de polvo en un cuenco de agua caliente e inhalar los vapores para aliviar la sinusitis y otras afecciones respiratorias.<\/li>\n<\/ol>\n<p>Para beneficiarse plenamente de los efectos terap\u00e9uticos del prop\u00f3leo en polvo, debe seguir cuidadosamente las recomendaciones de dosificaci\u00f3n y consultar a un profesional sanitario antes de iniciar el tratamiento, especialmente si est\u00e1 embarazada, en per\u00edodo de lactancia o es al\u00e9rgica a los productos de la colmena.<\/p>","protected":false},"excerpt":{"rendered":"<p><img decoding=\"async\" class=\"size-full wp-image-5091 aligncenter\" src=\"https:\/\/www.safinel.fr\/wp-content\/uploads\/2021\/06\/BANNIERE-ICONE-SAFINEL.webp\" alt=\"reaseguro de sat\u00e9n\" width=\"800\" height=\"200\" srcset=\"https:\/\/www.safinel.fr\/wp-content\/uploads\/2021\/06\/BANNIERE-ICONE-SAFINEL.webp 800w, https:\/\/www.safinel.fr\/wp-content\/uploads\/2021\/06\/BANNIERE-ICONE-SAFINEL-600x150.webp 600w, https:\/\/www.safinel.fr\/wp-content\/uploads\/2021\/06\/BANNIERE-ICONE-SAFINEL-768x192.webp 768w\" sizes=\"(max-width: 800px) 100vw, 800px\" \/><\/p>","protected":false},"featured_media":2882,"template":"","meta":[],"product_brand":[],"product_cat":[24,41],"product_tag":[],"class_list":{"0":"post-2881","1":"product","2":"type-product","3":"status-publish","4":"has-post-thumbnail","6":"product_cat-apiculture","7":"product_cat-produits-naturels-divers","9":"first","10":"instock","11":"shipping-taxable","12":"purchasable","13":"product-type-variable"},"yoast_head":"<!-- This site is optimized with the Yoast SEO plugin v26.6 - https:\/\/yoast.com\/wordpress\/plugins\/seo\/ -->\n<title>Propolis pure en poudre | Bienfaits nombreux | Achat en France<\/title>\n<meta name=\"description\" content=\"La propolis pure en poudre, substance naturelle produite par les abeilles, est tr\u00e8s pris\u00e9e pour ses nombreuses vertus sur notre sant\u00e9.\" \/>\n<meta name=\"robots\" content=\"index, follow, max-snippet:-1, max-image-preview:large, max-video-preview:-1\" \/>\n<link rel=\"canonical\" href=\"https:\/\/www.safinel.fr\/es\/product-2\/propoleo-puro-en-polvo\/\" \/>\n<meta property=\"og:locale\" content=\"es_ES\" \/>\n<meta property=\"og:type\" content=\"article\" \/>\n<meta property=\"og:title\" content=\"Propolis pure en poudre | Bienfaits nombreux | Achat en France\" \/>\n<meta property=\"og:description\" content=\"La propolis pure en poudre, substance naturelle produite par les abeilles, est tr\u00e8s pris\u00e9e pour ses nombreuses vertus sur notre sant\u00e9.\" \/>\n<meta property=\"og:url\" content=\"https:\/\/www.safinel.fr\/es\/product-2\/propoleo-puro-en-polvo\/\" \/>\n<meta property=\"og:site_name\" content=\"Safinel\" \/>\n<meta property=\"article:modified_time\" content=\"2023-12-30T16:49:09+00:00\" \/>\n<meta property=\"og:image\" content=\"https:\/\/www.safinel.fr\/wp-content\/uploads\/2022\/09\/propolis-poudre-50gr-site.jpg\" \/>\n\t<meta property=\"og:image:width\" content=\"600\" \/>\n\t<meta property=\"og:image:height\" content=\"518\" \/>\n\t<meta property=\"og:image:type\" content=\"image\/jpeg\" \/>\n<meta name=\"twitter:card\" content=\"summary_large_image\" \/>\n<meta name=\"twitter:label1\" content=\"Tiempo de lectura\" \/>\n\t<meta name=\"twitter:data1\" content=\"4 minutos\" \/>\n<script type=\"application\/ld+json\" class=\"yoast-schema-graph\">{\"@context\":\"https:\/\/schema.org\",\"@graph\":[{\"@type\":\"WebPage\",\"@id\":\"https:\/\/www.safinel.fr\/produit\/propolis-pure-en-poudre\/\",\"url\":\"https:\/\/www.safinel.fr\/produit\/propolis-pure-en-poudre\/\",\"name\":\"Propolis pure en poudre | Bienfaits nombreux | Achat en France\",\"isPartOf\":{\"@id\":\"https:\/\/www.safinel.fr\/#website\"},\"primaryImageOfPage\":{\"@id\":\"https:\/\/www.safinel.fr\/produit\/propolis-pure-en-poudre\/#primaryimage\"},\"image\":{\"@id\":\"https:\/\/www.safinel.fr\/produit\/propolis-pure-en-poudre\/#primaryimage\"},\"thumbnailUrl\":\"https:\/\/www.safinel.fr\/wp-content\/uploads\/2022\/09\/propolis-poudre-50gr-site.jpg\",\"datePublished\":\"2022-09-24T19:01:28+00:00\",\"dateModified\":\"2023-12-30T16:49:09+00:00\",\"description\":\"La propolis pure en poudre, substance naturelle produite par les abeilles, est tr\u00e8s pris\u00e9e pour ses nombreuses vertus sur notre sant\u00e9.\",\"breadcrumb\":{\"@id\":\"https:\/\/www.safinel.fr\/produit\/propolis-pure-en-poudre\/#breadcrumb\"},\"inLanguage\":\"es\",\"potentialAction\":[{\"@type\":\"ReadAction\",\"target\":[\"https:\/\/www.safinel.fr\/produit\/propolis-pure-en-poudre\/\"]}]},{\"@type\":\"ImageObject\",\"inLanguage\":\"es\",\"@id\":\"https:\/\/www.safinel.fr\/produit\/propolis-pure-en-poudre\/#primaryimage\",\"url\":\"https:\/\/www.safinel.fr\/wp-content\/uploads\/2022\/09\/propolis-poudre-50gr-site.jpg\",\"contentUrl\":\"https:\/\/www.safinel.fr\/wp-content\/uploads\/2022\/09\/propolis-poudre-50gr-site.jpg\",\"width\":600,\"height\":518,\"caption\":\"Propolis pure en poudre\"},{\"@type\":\"BreadcrumbList\",\"@id\":\"https:\/\/www.safinel.fr\/produit\/propolis-pure-en-poudre\/#breadcrumb\",\"itemListElement\":[{\"@type\":\"ListItem\",\"position\":1,\"name\":\"Accueil\",\"item\":\"https:\/\/www.safinel.fr\/\"},{\"@type\":\"ListItem\",\"position\":2,\"name\":\"Boutique\",\"item\":\"https:\/\/www.safinel.fr\/boutique\/\"},{\"@type\":\"ListItem\",\"position\":3,\"name\":\"Propolis pure en poudre\"}]},{\"@type\":\"WebSite\",\"@id\":\"https:\/\/www.safinel.fr\/#website\",\"url\":\"https:\/\/www.safinel.fr\/\",\"name\":\"Safinel\",\"description\":\"\",\"publisher\":{\"@id\":\"https:\/\/www.safinel.fr\/#organization\"},\"potentialAction\":[{\"@type\":\"SearchAction\",\"target\":{\"@type\":\"EntryPoint\",\"urlTemplate\":\"https:\/\/www.safinel.fr\/?s={search_term_string}\"},\"query-input\":{\"@type\":\"PropertyValueSpecification\",\"valueRequired\":true,\"valueName\":\"search_term_string\"}}],\"inLanguage\":\"es\"},{\"@type\":\"Organization\",\"@id\":\"https:\/\/www.safinel.fr\/#organization\",\"name\":\"Safinel\",\"url\":\"https:\/\/www.safinel.fr\/\",\"logo\":{\"@type\":\"ImageObject\",\"inLanguage\":\"es\",\"@id\":\"https:\/\/www.safinel.fr\/#\/schema\/logo\/image\/\",\"url\":\"https:\/\/www.safinel.fr\/wp-content\/uploads\/2021\/05\/boutique-cosmetique.png\",\"contentUrl\":\"https:\/\/www.safinel.fr\/wp-content\/uploads\/2021\/05\/boutique-cosmetique.png\",\"width\":800,\"height\":200,\"caption\":\"Safinel\"},\"image\":{\"@id\":\"https:\/\/www.safinel.fr\/#\/schema\/logo\/image\/\"}}]}<\/script>\n<!-- \/ Yoast SEO plugin. -->","yoast_head_json":{"title":"Prop\u00f3leo puro en polvo | Beneficios muchos | Comprar en Francia","description":"El prop\u00f3leo puro en polvo, una sustancia natural producida por las abejas, es muy apreciado por sus numerosos beneficios para la salud.","robots":{"index":"index","follow":"follow","max-snippet":"max-snippet:-1","max-image-preview":"max-image-preview:large","max-video-preview":"max-video-preview:-1"},"canonical":"https:\/\/www.safinel.fr\/es\/product-2\/propoleo-puro-en-polvo\/","og_locale":"es_ES","og_type":"article","og_title":"Propolis pure en poudre | Bienfaits nombreux | Achat en France","og_description":"La propolis pure en poudre, substance naturelle produite par les abeilles, est tr\u00e8s pris\u00e9e pour ses nombreuses vertus sur notre sant\u00e9.","og_url":"https:\/\/www.safinel.fr\/es\/product-2\/propoleo-puro-en-polvo\/","og_site_name":"Safinel","article_modified_time":"2023-12-30T16:49:09+00:00","og_image":[{"width":600,"height":518,"url":"https:\/\/www.safinel.fr\/wp-content\/uploads\/2022\/09\/propolis-poudre-50gr-site.jpg","type":"image\/jpeg"}],"twitter_card":"summary_large_image","twitter_misc":{"Tiempo de lectura":"4 minutos"},"schema":{"@context":"https:\/\/schema.org","@graph":[{"@type":"WebPage","@id":"https:\/\/www.safinel.fr\/produit\/propolis-pure-en-poudre\/","url":"https:\/\/www.safinel.fr\/produit\/propolis-pure-en-poudre\/","name":"Prop\u00f3leo puro en polvo | Beneficios muchos | Comprar en Francia","isPartOf":{"@id":"https:\/\/www.safinel.fr\/#website"},"primaryImageOfPage":{"@id":"https:\/\/www.safinel.fr\/produit\/propolis-pure-en-poudre\/#primaryimage"},"image":{"@id":"https:\/\/www.safinel.fr\/produit\/propolis-pure-en-poudre\/#primaryimage"},"thumbnailUrl":"https:\/\/www.safinel.fr\/wp-content\/uploads\/2022\/09\/propolis-poudre-50gr-site.jpg","datePublished":"2022-09-24T19:01:28+00:00","dateModified":"2023-12-30T16:49:09+00:00","description":"El prop\u00f3leo puro en polvo, una sustancia natural producida por las abejas, es muy apreciado por sus numerosos beneficios para la salud.","breadcrumb":{"@id":"https:\/\/www.safinel.fr\/produit\/propolis-pure-en-poudre\/#breadcrumb"},"inLanguage":"es","potentialAction":[{"@type":"ReadAction","target":["https:\/\/www.safinel.fr\/produit\/propolis-pure-en-poudre\/"]}]},{"@type":"ImageObject","inLanguage":"es","@id":"https:\/\/www.safinel.fr\/produit\/propolis-pure-en-poudre\/#primaryimage","url":"https:\/\/www.safinel.fr\/wp-content\/uploads\/2022\/09\/propolis-poudre-50gr-site.jpg","contentUrl":"https:\/\/www.safinel.fr\/wp-content\/uploads\/2022\/09\/propolis-poudre-50gr-site.jpg","width":600,"height":518,"caption":"Propolis pure en poudre"},{"@type":"BreadcrumbList","@id":"https:\/\/www.safinel.fr\/produit\/propolis-pure-en-poudre\/#breadcrumb","itemListElement":[{"@type":"ListItem","position":1,"name":"Accueil","item":"https:\/\/www.safinel.fr\/"},{"@type":"ListItem","position":2,"name":"Boutique","item":"https:\/\/www.safinel.fr\/boutique\/"},{"@type":"ListItem","position":3,"name":"Propolis pure en poudre"}]},{"@type":"WebSite","@id":"https:\/\/www.safinel.fr\/#website","url":"https:\/\/www.safinel.fr\/","name":"Safinel","description":"","publisher":{"@id":"https:\/\/www.safinel.fr\/#organization"},"potentialAction":[{"@type":"SearchAction","target":{"@type":"EntryPoint","urlTemplate":"https:\/\/www.safinel.fr\/?s={search_term_string}"},"query-input":{"@type":"PropertyValueSpecification","valueRequired":true,"valueName":"search_term_string"}}],"inLanguage":"es"},{"@type":"Organization","@id":"https:\/\/www.safinel.fr\/#organization","name":"Safinel","url":"https:\/\/www.safinel.fr\/","logo":{"@type":"ImageObject","inLanguage":"es","@id":"https:\/\/www.safinel.fr\/#\/schema\/logo\/image\/","url":"https:\/\/www.safinel.fr\/wp-content\/uploads\/2021\/05\/boutique-cosmetique.png","contentUrl":"https:\/\/www.safinel.fr\/wp-content\/uploads\/2021\/05\/boutique-cosmetique.png","width":800,"height":200,"caption":"Safinel"},"image":{"@id":"https:\/\/www.safinel.fr\/#\/schema\/logo\/image\/"}}]}},"_links":{"self":[{"href":"https:\/\/www.safinel.fr\/es\/wp-json\/wp\/v2\/product\/2881","targetHints":{"allow":["GET"]}}],"collection":[{"href":"https:\/\/www.safinel.fr\/es\/wp-json\/wp\/v2\/product"}],"about":[{"href":"https:\/\/www.safinel.fr\/es\/wp-json\/wp\/v2\/types\/product"}],"wp:featuredmedia":[{"embeddable":true,"href":"https:\/\/www.safinel.fr\/es\/wp-json\/wp\/v2\/media\/2882"}],"wp:attachment":[{"href":"https:\/\/www.safinel.fr\/es\/wp-json\/wp\/v2\/media?parent=2881"}],"wp:term":[{"taxonomy":"product_brand","embeddable":true,"href":"https:\/\/www.safinel.fr\/es\/wp-json\/wp\/v2\/product_brand?post=2881"},{"taxonomy":"product_cat","embeddable":true,"href":"https:\/\/www.safinel.fr\/es\/wp-json\/wp\/v2\/product_cat?post=2881"},{"taxonomy":"product_tag","embeddable":true,"href":"https:\/\/www.safinel.fr\/es\/wp-json\/wp\/v2\/product_tag?post=2881"}],"curies":[{"name":"wp","href":"https:\/\/api.w.org\/{rel}","templated":true}]}}