{"id":2850,"date":"2022-09-21T18:39:46","date_gmt":"2022-09-21T18:39:46","guid":{"rendered":"https:\/\/www.safinel.fr\/?post_type=product&#038;p=2850"},"modified":"2023-12-28T17:15:36","modified_gmt":"2023-12-28T17:15:36","slug":"jabon-de-tocador","status":"publish","type":"product","link":"https:\/\/www.safinel.fr\/es\/product-2\/jabon-de-tocador\/","title":{"rendered":"Jab\u00f3n Nila 70g"},"content":{"rendered":"<p>\u00bfTiene imperfecciones en la piel y quiere eliminarlas? \u00bfTiene zonas oscuras en ciertas partes del cuerpo? Descubra ahora el jab\u00f3n de Nila. Est\u00e1 elaborado con polvo de Nila, un mineral natural 100 % de color azul real originario de las Monta\u00f1as Rocosas del S\u00e1hara marroqu\u00ed. Veamos sus beneficios y c\u00f3mo utilizar este extraordinario jab\u00f3n.<\/p>\n<h2><strong>\u00bfCu\u00e1les son los beneficios del jab\u00f3n Nila Azul Real?<\/strong><\/h2>\n<p>El antiguo secreto de belleza de las mujeres saharauis, el <a href=\"https:\/\/www.safinel.fr\/es\/product-2\/polvo-de-nila\/\"><strong>Nila<\/strong><\/a> posee propiedades excepcionales muy apreciadas por los laboratorios cosm\u00e9ticos:<\/p>\n<ul>\n<li>Ilumina la tez y ayuda a reducir las manchas marrones.<\/li>\n<li>Hidratante, este producto natural transforma las zonas \u00e1speras como codos, rodillas y pies. Deja la piel suave como la seda.<\/li>\n<li>Antienvejecimiento, ralentiza los signos de la edad como las l\u00edneas de expresi\u00f3n y las arrugas. La piel se revitaliza y rejuvenece.<\/li>\n<\/ul>\n<p>Este jab\u00f3n artesanal de 100 g est\u00e1 elaborado con :<\/p>\n<ul>\n<li>Glicerina: con su efecto protector, refuerza la barrera de la piel frente a las agresiones externas. Aporta flexibilidad a la piel y ayuda a hidratarla.<\/li>\n<li>Aceite de arg\u00e1n: tratamiento antiarrugas rico en vitamina E y antioxidantes. Regenera la piel.<\/li>\n<li>Manteca de karit\u00e9: sustancia grasa extra\u00edda de los frutos del \u00e1rbol del karit\u00e9, con un alto contenido en vitamina A. Protege, hidrata y cicatriza.<\/li>\n<li>Agente limpiador: su espuma limpiadora purifica en profundidad y libera la piel de las impurezas incrustadas.<\/li>\n<\/ul>\n<p>El jab\u00f3n Nila Royal no contiene aceites esenciales.<\/p>\n<h2><strong>\u00bfC\u00f3mo se utiliza el jab\u00f3n Nila Blue?<\/strong><\/h2>\n<p>Al igual que con el jab\u00f3n tradicional, empiece por :<\/p>\n<ol>\n<li>Humedecer la parte del cuerpo deseada con agua tibia<\/li>\n<li>Haz espuma con el jab\u00f3n entre las manos<\/li>\n<li>Aplicar la espuma con movimientos circulares<\/li>\n<li>Aclarar bien la zona tratada con agua limpia<\/li>\n<\/ol>\n<h2><strong>\u00bfCu\u00e1les son las contraindicaciones?<\/strong><\/h2>\n<p>Este producto de tocador es s\u00f3lo para uso externo.<\/p>\n<p>Evitar cuidadosamente el contorno de los ojos.<\/p>\n<h3><strong>Composici\u00f3n:<\/strong><\/h3>\n<ul>\n<li>propilenglicol (estabilizador) ;<\/li>\n<li>glicerina (protectora) ;<\/li>\n<li>estearato s\u00f3dico (limpiador) ;<\/li>\n<li>cooamidopropil betceno (derivado del aceite de coco) ;<\/li>\n<li>sorbitol ;<\/li>\n<li>polvo de \u00edndigo fera suffruticosa (polvo mineral de Nila) ;<\/li>\n<li>manteca de butyrospermum parkii (karit\u00e9) ;<\/li>\n<li>aceite de nuez de arganiaspinosa (aceite de arg\u00e1n).<\/li>\n<\/ul>","protected":false},"excerpt":{"rendered":"<p><img decoding=\"async\" class=\"size-full wp-image-5091 aligncenter\" src=\"https:\/\/www.safinel.fr\/wp-content\/uploads\/2021\/06\/BANNIERE-ICONE-SAFINEL.webp\" alt=\"reaseguro de sat\u00e9n\" width=\"800\" height=\"200\" srcset=\"https:\/\/www.safinel.fr\/wp-content\/uploads\/2021\/06\/BANNIERE-ICONE-SAFINEL.webp 800w, https:\/\/www.safinel.fr\/wp-content\/uploads\/2021\/06\/BANNIERE-ICONE-SAFINEL-600x150.webp 600w, https:\/\/www.safinel.fr\/wp-content\/uploads\/2021\/06\/BANNIERE-ICONE-SAFINEL-768x192.webp 768w\" sizes=\"(max-width: 800px) 100vw, 800px\" \/><\/p>","protected":false},"featured_media":2851,"template":"","meta":[],"product_brand":[],"product_cat":[28,164,123],"product_tag":[],"class_list":{"0":"post-2850","1":"product","2":"type-product","3":"status-publish","4":"has-post-thumbnail","6":"product_cat-divers","7":"product_cat-nila","8":"product_cat-savon","10":"first","11":"instock","12":"shipping-taxable","13":"purchasable","14":"product-type-simple"},"yoast_head":"<!-- This site is optimized with the Yoast SEO plugin v26.6 - https:\/\/yoast.com\/wordpress\/plugins\/seo\/ -->\n<title>Savon Nila bleu I Savon \u00e9claircissant I Bienfaits nombreux<\/title>\n<meta name=\"description\" content=\"D\u00e9couvrez d\u00e8s maintenant le savon Nila bleu. Il est formul\u00e9 \u00e0 base de poudre de Nila, un min\u00e9ral 100\u00a0% naturel. Achat rapide et s\u00e9curis\u00e9 !\" \/>\n<meta name=\"robots\" content=\"index, follow, max-snippet:-1, max-image-preview:large, max-video-preview:-1\" \/>\n<link rel=\"canonical\" href=\"https:\/\/www.safinel.fr\/es\/product-2\/jabon-de-tocador\/\" \/>\n<meta property=\"og:locale\" content=\"es_ES\" \/>\n<meta property=\"og:type\" content=\"article\" \/>\n<meta property=\"og:title\" content=\"Savon Nila bleu I Savon \u00e9claircissant I Bienfaits nombreux\" \/>\n<meta property=\"og:description\" content=\"D\u00e9couvrez d\u00e8s maintenant le savon Nila bleu. Il est formul\u00e9 \u00e0 base de poudre de Nila, un min\u00e9ral 100\u00a0% naturel. Achat rapide et s\u00e9curis\u00e9 !\" \/>\n<meta property=\"og:url\" content=\"https:\/\/www.safinel.fr\/es\/product-2\/jabon-de-tocador\/\" \/>\n<meta property=\"og:site_name\" content=\"Safinel\" \/>\n<meta property=\"article:modified_time\" content=\"2023-12-28T17:15:36+00:00\" \/>\n<meta property=\"og:image\" content=\"https:\/\/www.safinel.fr\/wp-content\/uploads\/2022\/09\/savon-nila.jpg\" \/>\n\t<meta property=\"og:image:width\" content=\"600\" \/>\n\t<meta property=\"og:image:height\" content=\"600\" \/>\n\t<meta property=\"og:image:type\" content=\"image\/jpeg\" \/>\n<meta name=\"twitter:card\" content=\"summary_large_image\" \/>\n<meta name=\"twitter:label1\" content=\"Tiempo de lectura\" \/>\n\t<meta name=\"twitter:data1\" content=\"2 minutos\" \/>\n<script type=\"application\/ld+json\" class=\"yoast-schema-graph\">{\"@context\":\"https:\/\/schema.org\",\"@graph\":[{\"@type\":\"WebPage\",\"@id\":\"https:\/\/www.safinel.fr\/produit\/savon-nila\/\",\"url\":\"https:\/\/www.safinel.fr\/produit\/savon-nila\/\",\"name\":\"Savon Nila bleu I Savon \u00e9claircissant I Bienfaits nombreux\",\"isPartOf\":{\"@id\":\"https:\/\/www.safinel.fr\/#website\"},\"primaryImageOfPage\":{\"@id\":\"https:\/\/www.safinel.fr\/produit\/savon-nila\/#primaryimage\"},\"image\":{\"@id\":\"https:\/\/www.safinel.fr\/produit\/savon-nila\/#primaryimage\"},\"thumbnailUrl\":\"https:\/\/www.safinel.fr\/wp-content\/uploads\/2022\/09\/savon-nila.jpg\",\"datePublished\":\"2022-09-21T18:39:46+00:00\",\"dateModified\":\"2023-12-28T17:15:36+00:00\",\"description\":\"D\u00e9couvrez d\u00e8s maintenant le savon Nila bleu. Il est formul\u00e9 \u00e0 base de poudre de Nila, un min\u00e9ral 100\u00a0% naturel. Achat rapide et s\u00e9curis\u00e9 !\",\"breadcrumb\":{\"@id\":\"https:\/\/www.safinel.fr\/produit\/savon-nila\/#breadcrumb\"},\"inLanguage\":\"es\",\"potentialAction\":[{\"@type\":\"ReadAction\",\"target\":[\"https:\/\/www.safinel.fr\/produit\/savon-nila\/\"]}]},{\"@type\":\"ImageObject\",\"inLanguage\":\"es\",\"@id\":\"https:\/\/www.safinel.fr\/produit\/savon-nila\/#primaryimage\",\"url\":\"https:\/\/www.safinel.fr\/wp-content\/uploads\/2022\/09\/savon-nila.jpg\",\"contentUrl\":\"https:\/\/www.safinel.fr\/wp-content\/uploads\/2022\/09\/savon-nila.jpg\",\"width\":600,\"height\":600,\"caption\":\"savon nila\"},{\"@type\":\"BreadcrumbList\",\"@id\":\"https:\/\/www.safinel.fr\/produit\/savon-nila\/#breadcrumb\",\"itemListElement\":[{\"@type\":\"ListItem\",\"position\":1,\"name\":\"Accueil\",\"item\":\"https:\/\/www.safinel.fr\/\"},{\"@type\":\"ListItem\",\"position\":2,\"name\":\"Boutique\",\"item\":\"https:\/\/www.safinel.fr\/boutique\/\"},{\"@type\":\"ListItem\",\"position\":3,\"name\":\"Savon nila 70g\"}]},{\"@type\":\"WebSite\",\"@id\":\"https:\/\/www.safinel.fr\/#website\",\"url\":\"https:\/\/www.safinel.fr\/\",\"name\":\"Safinel\",\"description\":\"\",\"publisher\":{\"@id\":\"https:\/\/www.safinel.fr\/#organization\"},\"potentialAction\":[{\"@type\":\"SearchAction\",\"target\":{\"@type\":\"EntryPoint\",\"urlTemplate\":\"https:\/\/www.safinel.fr\/?s={search_term_string}\"},\"query-input\":{\"@type\":\"PropertyValueSpecification\",\"valueRequired\":true,\"valueName\":\"search_term_string\"}}],\"inLanguage\":\"es\"},{\"@type\":\"Organization\",\"@id\":\"https:\/\/www.safinel.fr\/#organization\",\"name\":\"Safinel\",\"url\":\"https:\/\/www.safinel.fr\/\",\"logo\":{\"@type\":\"ImageObject\",\"inLanguage\":\"es\",\"@id\":\"https:\/\/www.safinel.fr\/#\/schema\/logo\/image\/\",\"url\":\"https:\/\/www.safinel.fr\/wp-content\/uploads\/2021\/05\/boutique-cosmetique.png\",\"contentUrl\":\"https:\/\/www.safinel.fr\/wp-content\/uploads\/2021\/05\/boutique-cosmetique.png\",\"width\":800,\"height\":200,\"caption\":\"Safinel\"},\"image\":{\"@id\":\"https:\/\/www.safinel.fr\/#\/schema\/logo\/image\/\"}}]}<\/script>\n<!-- \/ Yoast SEO plugin. -->","yoast_head_json":{"title":"Jab\u00f3n azul de Nila I Jab\u00f3n aclarante I Numerosos beneficios","description":"Descubra ahora el jab\u00f3n azul de Nila. Est\u00e1 formulado con polvo de Nila, un mineral natural 100 %. \u00a1Compra r\u00e1pida y segura!","robots":{"index":"index","follow":"follow","max-snippet":"max-snippet:-1","max-image-preview":"max-image-preview:large","max-video-preview":"max-video-preview:-1"},"canonical":"https:\/\/www.safinel.fr\/es\/product-2\/jabon-de-tocador\/","og_locale":"es_ES","og_type":"article","og_title":"Savon Nila bleu I Savon \u00e9claircissant I Bienfaits nombreux","og_description":"D\u00e9couvrez d\u00e8s maintenant le savon Nila bleu. Il est formul\u00e9 \u00e0 base de poudre de Nila, un min\u00e9ral 100\u00a0% naturel. Achat rapide et s\u00e9curis\u00e9 !","og_url":"https:\/\/www.safinel.fr\/es\/product-2\/jabon-de-tocador\/","og_site_name":"Safinel","article_modified_time":"2023-12-28T17:15:36+00:00","og_image":[{"width":600,"height":600,"url":"https:\/\/www.safinel.fr\/wp-content\/uploads\/2022\/09\/savon-nila.jpg","type":"image\/jpeg"}],"twitter_card":"summary_large_image","twitter_misc":{"Tiempo de lectura":"2 minutos"},"schema":{"@context":"https:\/\/schema.org","@graph":[{"@type":"WebPage","@id":"https:\/\/www.safinel.fr\/produit\/savon-nila\/","url":"https:\/\/www.safinel.fr\/produit\/savon-nila\/","name":"Jab\u00f3n azul de Nila I Jab\u00f3n aclarante I Numerosos beneficios","isPartOf":{"@id":"https:\/\/www.safinel.fr\/#website"},"primaryImageOfPage":{"@id":"https:\/\/www.safinel.fr\/produit\/savon-nila\/#primaryimage"},"image":{"@id":"https:\/\/www.safinel.fr\/produit\/savon-nila\/#primaryimage"},"thumbnailUrl":"https:\/\/www.safinel.fr\/wp-content\/uploads\/2022\/09\/savon-nila.jpg","datePublished":"2022-09-21T18:39:46+00:00","dateModified":"2023-12-28T17:15:36+00:00","description":"Descubra ahora el jab\u00f3n azul de Nila. Est\u00e1 formulado con polvo de Nila, un mineral natural 100 %. \u00a1Compra r\u00e1pida y segura!","breadcrumb":{"@id":"https:\/\/www.safinel.fr\/produit\/savon-nila\/#breadcrumb"},"inLanguage":"es","potentialAction":[{"@type":"ReadAction","target":["https:\/\/www.safinel.fr\/produit\/savon-nila\/"]}]},{"@type":"ImageObject","inLanguage":"es","@id":"https:\/\/www.safinel.fr\/produit\/savon-nila\/#primaryimage","url":"https:\/\/www.safinel.fr\/wp-content\/uploads\/2022\/09\/savon-nila.jpg","contentUrl":"https:\/\/www.safinel.fr\/wp-content\/uploads\/2022\/09\/savon-nila.jpg","width":600,"height":600,"caption":"savon nila"},{"@type":"BreadcrumbList","@id":"https:\/\/www.safinel.fr\/produit\/savon-nila\/#breadcrumb","itemListElement":[{"@type":"ListItem","position":1,"name":"Accueil","item":"https:\/\/www.safinel.fr\/"},{"@type":"ListItem","position":2,"name":"Boutique","item":"https:\/\/www.safinel.fr\/boutique\/"},{"@type":"ListItem","position":3,"name":"Savon nila 70g"}]},{"@type":"WebSite","@id":"https:\/\/www.safinel.fr\/#website","url":"https:\/\/www.safinel.fr\/","name":"Safinel","description":"","publisher":{"@id":"https:\/\/www.safinel.fr\/#organization"},"potentialAction":[{"@type":"SearchAction","target":{"@type":"EntryPoint","urlTemplate":"https:\/\/www.safinel.fr\/?s={search_term_string}"},"query-input":{"@type":"PropertyValueSpecification","valueRequired":true,"valueName":"search_term_string"}}],"inLanguage":"es"},{"@type":"Organization","@id":"https:\/\/www.safinel.fr\/#organization","name":"Safinel","url":"https:\/\/www.safinel.fr\/","logo":{"@type":"ImageObject","inLanguage":"es","@id":"https:\/\/www.safinel.fr\/#\/schema\/logo\/image\/","url":"https:\/\/www.safinel.fr\/wp-content\/uploads\/2021\/05\/boutique-cosmetique.png","contentUrl":"https:\/\/www.safinel.fr\/wp-content\/uploads\/2021\/05\/boutique-cosmetique.png","width":800,"height":200,"caption":"Safinel"},"image":{"@id":"https:\/\/www.safinel.fr\/#\/schema\/logo\/image\/"}}]}},"_links":{"self":[{"href":"https:\/\/www.safinel.fr\/es\/wp-json\/wp\/v2\/product\/2850","targetHints":{"allow":["GET"]}}],"collection":[{"href":"https:\/\/www.safinel.fr\/es\/wp-json\/wp\/v2\/product"}],"about":[{"href":"https:\/\/www.safinel.fr\/es\/wp-json\/wp\/v2\/types\/product"}],"wp:featuredmedia":[{"embeddable":true,"href":"https:\/\/www.safinel.fr\/es\/wp-json\/wp\/v2\/media\/2851"}],"wp:attachment":[{"href":"https:\/\/www.safinel.fr\/es\/wp-json\/wp\/v2\/media?parent=2850"}],"wp:term":[{"taxonomy":"product_brand","embeddable":true,"href":"https:\/\/www.safinel.fr\/es\/wp-json\/wp\/v2\/product_brand?post=2850"},{"taxonomy":"product_cat","embeddable":true,"href":"https:\/\/www.safinel.fr\/es\/wp-json\/wp\/v2\/product_cat?post=2850"},{"taxonomy":"product_tag","embeddable":true,"href":"https:\/\/www.safinel.fr\/es\/wp-json\/wp\/v2\/product_tag?post=2850"}],"curies":[{"name":"wp","href":"https:\/\/api.w.org\/{rel}","templated":true}]}}