{"id":2688,"date":"2022-09-11T10:29:45","date_gmt":"2022-09-11T10:29:45","guid":{"rendered":"https:\/\/www.safinel.fr\/?post_type=product&#038;p=2688"},"modified":"2024-03-19T09:57:03","modified_gmt":"2024-03-19T09:57:03","slug":"aceite-para-aumentar-el-pecho","status":"publish","type":"product","link":"https:\/\/www.safinel.fr\/es\/product-2\/aceite-para-aumentar-el-pecho\/","title":{"rendered":"Aceite para aumentar el pecho 100 ml"},"content":{"rendered":"<p>Los pechos son un activo muy importante en el que muchas mujeres conf\u00edan para afirmar su feminidad. Boutique Safinel lo ha comprendido y propone una mezcla muy interesante de aceites que aumentan el tama\u00f1o de los senos. He aqu\u00ed los diferentes componentes de este aceite.<\/p>\n<h2><strong>Los distintos aceites que componen el aceite para aumentar el pecho<\/strong><\/h2>\n<p>L'huile forme pulpeuse 50 ml es una mezcla de tres aceites diferentes con fama de aumentar el tama\u00f1o de los senos. Se trata del aceite de fenogreco, el aceite de akpi y el aceite de kigelia.<\/p>\n<h3><strong>Aceite de alholva<\/strong><\/h3>\n<p>Derivado de las semillas de la planta de alholva, el aceite de alholva obtiene sus propiedades de esta planta natural. Es rico en fitoestr\u00f3genos, una hormona vegetal capaz de aumentar el tama\u00f1o y la firmeza de los senos. Adem\u00e1s de esta hormona, el aceite de alholva es rico en prote\u00ednas y vitamina C.<\/p>\n<h3><strong>Aceite de akpi<\/strong><\/h3>\n<div>Es el aceite extra\u00eddo de las semillas de akpi. El akpi es un ingrediente que se utiliza en la cocina para espesar salsas y dar buen olor por su fuerte aroma. Tambi\u00e9n se utiliza mucho en cosm\u00e9tica para reafirmar los senos, gracias a sus numerosas propiedades. Es un potente antioxidante que, mezclado con <a href=\"https:\/\/www.safinel.fr\/es\/product-2\/manteca-de-karite-cruda-ecologica-certificada-100ml\/\"><strong>manteca de karit\u00e9<\/strong><\/a>, No s\u00f3lo aumenta el tama\u00f1o de los pechos, sino que tambi\u00e9n suaviza la piel.<\/div>\n<h3><strong>Aceite de kigelia<\/strong><\/h3>\n<div>Este aceite se elabora a partir de la planta kigelia. Se trata de un \u00e1rbol cuyo fruto es rico en principios activos que le confieren sus propiedades tonificantes del busto. Entre sus principios activos se encuentran los flavonoides, los fitoesteroles, los esteroides y las saponinas.<\/div>\n<h3><strong>Otros ingredientes del aceite para aumentar el pecho<\/strong><\/h3>\n<p>Al ser una mezcla de aceites, Safinel a\u00f1ade un conservante y una vitamina para conservar todas las propiedades de los distintos aceites de su composici\u00f3n. Se trata del Cosgard y la vitamina E. Cosgard es un conservante muy utilizado en cosm\u00e9tica. Es antif\u00fangico y antibacteriano y garantiza la conservaci\u00f3n de los preparados cosm\u00e9ticos protegi\u00e9ndolos de la proliferaci\u00f3n de bacterias y moho. La vitamina E es un antioxidante que evita la oxidaci\u00f3n del aceite.<\/p>","protected":false},"excerpt":{"rendered":"<div class=\"product-short-description\">\n<p><strong>Aceite exquisito para agrandar pechos y caderas<\/strong><\/p>\n<p><strong>Ingredientes:<\/strong><\/p>\n<p>Manteca de karit\u00e9 + aceite de akpi + aceite de kigelia + aceite de fenogreco<\/p>\n<\/div>","protected":false},"featured_media":2689,"template":"","meta":[],"product_brand":[],"product_cat":[122,23],"product_tag":[],"class_list":{"0":"post-2688","1":"product","2":"type-product","3":"status-publish","4":"has-post-thumbnail","6":"product_cat-huile-vegetale","7":"product_cat-hygiene-feminine","9":"first","10":"instock","11":"shipping-taxable","12":"purchasable","13":"product-type-simple"},"yoast_head":"<!-- This site is optimized with the Yoast SEO plugin v26.6 - https:\/\/yoast.com\/wordpress\/plugins\/seo\/ -->\n<title>Huile pour grossir des seins I Huile 100% naturelle<\/title>\n<meta name=\"description\" content=\"Les seins repr\u00e9sentent un atout tr\u00e8s important sur lequel les femmes se basent pour affirmer leur f\u00e9minit\u00e9. D\u00e9couvrez l&#039;huile pour grossir des seins.\" \/>\n<meta name=\"robots\" content=\"index, follow, max-snippet:-1, max-image-preview:large, max-video-preview:-1\" \/>\n<link rel=\"canonical\" href=\"https:\/\/www.safinel.fr\/es\/product-2\/aceite-para-aumentar-el-pecho\/\" \/>\n<meta property=\"og:locale\" content=\"es_ES\" \/>\n<meta property=\"og:type\" content=\"article\" \/>\n<meta property=\"og:title\" content=\"Huile pour grossir des seins I Huile 100% naturelle\" \/>\n<meta property=\"og:description\" content=\"Les seins repr\u00e9sentent un atout tr\u00e8s important sur lequel les femmes se basent pour affirmer leur f\u00e9minit\u00e9. D\u00e9couvrez l&#039;huile pour grossir des seins.\" \/>\n<meta property=\"og:url\" content=\"https:\/\/www.safinel.fr\/es\/product-2\/aceite-para-aumentar-el-pecho\/\" \/>\n<meta property=\"og:site_name\" content=\"Safinel\" \/>\n<meta property=\"article:modified_time\" content=\"2024-03-19T09:57:03+00:00\" \/>\n<meta property=\"og:image\" content=\"https:\/\/www.safinel.fr\/wp-content\/uploads\/2022\/09\/huile-pour-grossir-des-seins.jpg\" \/>\n\t<meta property=\"og:image:width\" content=\"600\" \/>\n\t<meta property=\"og:image:height\" content=\"600\" \/>\n\t<meta property=\"og:image:type\" content=\"image\/jpeg\" \/>\n<meta name=\"twitter:card\" content=\"summary_large_image\" \/>\n<meta name=\"twitter:label1\" content=\"Tiempo de lectura\" \/>\n\t<meta name=\"twitter:data1\" content=\"2 minutos\" \/>\n<script type=\"application\/ld+json\" class=\"yoast-schema-graph\">{\"@context\":\"https:\/\/schema.org\",\"@graph\":[{\"@type\":\"WebPage\",\"@id\":\"https:\/\/www.safinel.fr\/produit\/huile-pour-grossir-des-seins\/\",\"url\":\"https:\/\/www.safinel.fr\/produit\/huile-pour-grossir-des-seins\/\",\"name\":\"Huile pour grossir des seins I Huile 100% naturelle\",\"isPartOf\":{\"@id\":\"https:\/\/www.safinel.fr\/#website\"},\"primaryImageOfPage\":{\"@id\":\"https:\/\/www.safinel.fr\/produit\/huile-pour-grossir-des-seins\/#primaryimage\"},\"image\":{\"@id\":\"https:\/\/www.safinel.fr\/produit\/huile-pour-grossir-des-seins\/#primaryimage\"},\"thumbnailUrl\":\"https:\/\/www.safinel.fr\/wp-content\/uploads\/2022\/09\/huile-pour-grossir-des-seins.jpg\",\"datePublished\":\"2022-09-11T10:29:45+00:00\",\"dateModified\":\"2024-03-19T09:57:03+00:00\",\"description\":\"Les seins repr\u00e9sentent un atout tr\u00e8s important sur lequel les femmes se basent pour affirmer leur f\u00e9minit\u00e9. D\u00e9couvrez l'huile pour grossir des seins.\",\"breadcrumb\":{\"@id\":\"https:\/\/www.safinel.fr\/produit\/huile-pour-grossir-des-seins\/#breadcrumb\"},\"inLanguage\":\"es\",\"potentialAction\":[{\"@type\":\"ReadAction\",\"target\":[\"https:\/\/www.safinel.fr\/produit\/huile-pour-grossir-des-seins\/\"]}]},{\"@type\":\"ImageObject\",\"inLanguage\":\"es\",\"@id\":\"https:\/\/www.safinel.fr\/produit\/huile-pour-grossir-des-seins\/#primaryimage\",\"url\":\"https:\/\/www.safinel.fr\/wp-content\/uploads\/2022\/09\/huile-pour-grossir-des-seins.jpg\",\"contentUrl\":\"https:\/\/www.safinel.fr\/wp-content\/uploads\/2022\/09\/huile-pour-grossir-des-seins.jpg\",\"width\":600,\"height\":600,\"caption\":\"Huile pour grossir des seins\"},{\"@type\":\"BreadcrumbList\",\"@id\":\"https:\/\/www.safinel.fr\/produit\/huile-pour-grossir-des-seins\/#breadcrumb\",\"itemListElement\":[{\"@type\":\"ListItem\",\"position\":1,\"name\":\"Accueil\",\"item\":\"https:\/\/www.safinel.fr\/\"},{\"@type\":\"ListItem\",\"position\":2,\"name\":\"Boutique\",\"item\":\"https:\/\/www.safinel.fr\/boutique\/\"},{\"@type\":\"ListItem\",\"position\":3,\"name\":\"Huile pour grossir des seins 100ml\"}]},{\"@type\":\"WebSite\",\"@id\":\"https:\/\/www.safinel.fr\/#website\",\"url\":\"https:\/\/www.safinel.fr\/\",\"name\":\"Safinel\",\"description\":\"\",\"publisher\":{\"@id\":\"https:\/\/www.safinel.fr\/#organization\"},\"potentialAction\":[{\"@type\":\"SearchAction\",\"target\":{\"@type\":\"EntryPoint\",\"urlTemplate\":\"https:\/\/www.safinel.fr\/?s={search_term_string}\"},\"query-input\":{\"@type\":\"PropertyValueSpecification\",\"valueRequired\":true,\"valueName\":\"search_term_string\"}}],\"inLanguage\":\"es\"},{\"@type\":\"Organization\",\"@id\":\"https:\/\/www.safinel.fr\/#organization\",\"name\":\"Safinel\",\"url\":\"https:\/\/www.safinel.fr\/\",\"logo\":{\"@type\":\"ImageObject\",\"inLanguage\":\"es\",\"@id\":\"https:\/\/www.safinel.fr\/#\/schema\/logo\/image\/\",\"url\":\"https:\/\/www.safinel.fr\/wp-content\/uploads\/2021\/05\/boutique-cosmetique.png\",\"contentUrl\":\"https:\/\/www.safinel.fr\/wp-content\/uploads\/2021\/05\/boutique-cosmetique.png\",\"width\":800,\"height\":200,\"caption\":\"Safinel\"},\"image\":{\"@id\":\"https:\/\/www.safinel.fr\/#\/schema\/logo\/image\/\"}}]}<\/script>\n<!-- \/ Yoast SEO plugin. -->","yoast_head_json":{"title":"Aceite para aumentar el pecho I Aceite natural 100%","description":"Los pechos son un activo muy importante en el que las mujeres conf\u00edan para afirmar su feminidad. M\u00e1s informaci\u00f3n sobre el aceite para aumentar el pecho.","robots":{"index":"index","follow":"follow","max-snippet":"max-snippet:-1","max-image-preview":"max-image-preview:large","max-video-preview":"max-video-preview:-1"},"canonical":"https:\/\/www.safinel.fr\/es\/product-2\/aceite-para-aumentar-el-pecho\/","og_locale":"es_ES","og_type":"article","og_title":"Huile pour grossir des seins I Huile 100% naturelle","og_description":"Les seins repr\u00e9sentent un atout tr\u00e8s important sur lequel les femmes se basent pour affirmer leur f\u00e9minit\u00e9. D\u00e9couvrez l'huile pour grossir des seins.","og_url":"https:\/\/www.safinel.fr\/es\/product-2\/aceite-para-aumentar-el-pecho\/","og_site_name":"Safinel","article_modified_time":"2024-03-19T09:57:03+00:00","og_image":[{"width":600,"height":600,"url":"https:\/\/www.safinel.fr\/wp-content\/uploads\/2022\/09\/huile-pour-grossir-des-seins.jpg","type":"image\/jpeg"}],"twitter_card":"summary_large_image","twitter_misc":{"Tiempo de lectura":"2 minutos"},"schema":{"@context":"https:\/\/schema.org","@graph":[{"@type":"WebPage","@id":"https:\/\/www.safinel.fr\/produit\/huile-pour-grossir-des-seins\/","url":"https:\/\/www.safinel.fr\/produit\/huile-pour-grossir-des-seins\/","name":"Aceite para aumentar el pecho I Aceite natural 100%","isPartOf":{"@id":"https:\/\/www.safinel.fr\/#website"},"primaryImageOfPage":{"@id":"https:\/\/www.safinel.fr\/produit\/huile-pour-grossir-des-seins\/#primaryimage"},"image":{"@id":"https:\/\/www.safinel.fr\/produit\/huile-pour-grossir-des-seins\/#primaryimage"},"thumbnailUrl":"https:\/\/www.safinel.fr\/wp-content\/uploads\/2022\/09\/huile-pour-grossir-des-seins.jpg","datePublished":"2022-09-11T10:29:45+00:00","dateModified":"2024-03-19T09:57:03+00:00","description":"Los pechos son un activo muy importante en el que las mujeres conf\u00edan para afirmar su feminidad. M\u00e1s informaci\u00f3n sobre el aceite para aumentar el pecho.","breadcrumb":{"@id":"https:\/\/www.safinel.fr\/produit\/huile-pour-grossir-des-seins\/#breadcrumb"},"inLanguage":"es","potentialAction":[{"@type":"ReadAction","target":["https:\/\/www.safinel.fr\/produit\/huile-pour-grossir-des-seins\/"]}]},{"@type":"ImageObject","inLanguage":"es","@id":"https:\/\/www.safinel.fr\/produit\/huile-pour-grossir-des-seins\/#primaryimage","url":"https:\/\/www.safinel.fr\/wp-content\/uploads\/2022\/09\/huile-pour-grossir-des-seins.jpg","contentUrl":"https:\/\/www.safinel.fr\/wp-content\/uploads\/2022\/09\/huile-pour-grossir-des-seins.jpg","width":600,"height":600,"caption":"Huile pour grossir des seins"},{"@type":"BreadcrumbList","@id":"https:\/\/www.safinel.fr\/produit\/huile-pour-grossir-des-seins\/#breadcrumb","itemListElement":[{"@type":"ListItem","position":1,"name":"Accueil","item":"https:\/\/www.safinel.fr\/"},{"@type":"ListItem","position":2,"name":"Boutique","item":"https:\/\/www.safinel.fr\/boutique\/"},{"@type":"ListItem","position":3,"name":"Huile pour grossir des seins 100ml"}]},{"@type":"WebSite","@id":"https:\/\/www.safinel.fr\/#website","url":"https:\/\/www.safinel.fr\/","name":"Safinel","description":"","publisher":{"@id":"https:\/\/www.safinel.fr\/#organization"},"potentialAction":[{"@type":"SearchAction","target":{"@type":"EntryPoint","urlTemplate":"https:\/\/www.safinel.fr\/?s={search_term_string}"},"query-input":{"@type":"PropertyValueSpecification","valueRequired":true,"valueName":"search_term_string"}}],"inLanguage":"es"},{"@type":"Organization","@id":"https:\/\/www.safinel.fr\/#organization","name":"Safinel","url":"https:\/\/www.safinel.fr\/","logo":{"@type":"ImageObject","inLanguage":"es","@id":"https:\/\/www.safinel.fr\/#\/schema\/logo\/image\/","url":"https:\/\/www.safinel.fr\/wp-content\/uploads\/2021\/05\/boutique-cosmetique.png","contentUrl":"https:\/\/www.safinel.fr\/wp-content\/uploads\/2021\/05\/boutique-cosmetique.png","width":800,"height":200,"caption":"Safinel"},"image":{"@id":"https:\/\/www.safinel.fr\/#\/schema\/logo\/image\/"}}]}},"_links":{"self":[{"href":"https:\/\/www.safinel.fr\/es\/wp-json\/wp\/v2\/product\/2688","targetHints":{"allow":["GET"]}}],"collection":[{"href":"https:\/\/www.safinel.fr\/es\/wp-json\/wp\/v2\/product"}],"about":[{"href":"https:\/\/www.safinel.fr\/es\/wp-json\/wp\/v2\/types\/product"}],"wp:featuredmedia":[{"embeddable":true,"href":"https:\/\/www.safinel.fr\/es\/wp-json\/wp\/v2\/media\/2689"}],"wp:attachment":[{"href":"https:\/\/www.safinel.fr\/es\/wp-json\/wp\/v2\/media?parent=2688"}],"wp:term":[{"taxonomy":"product_brand","embeddable":true,"href":"https:\/\/www.safinel.fr\/es\/wp-json\/wp\/v2\/product_brand?post=2688"},{"taxonomy":"product_cat","embeddable":true,"href":"https:\/\/www.safinel.fr\/es\/wp-json\/wp\/v2\/product_cat?post=2688"},{"taxonomy":"product_tag","embeddable":true,"href":"https:\/\/www.safinel.fr\/es\/wp-json\/wp\/v2\/product_tag?post=2688"}],"curies":[{"name":"wp","href":"https:\/\/api.w.org\/{rel}","templated":true}]}}