{"id":268,"date":"2021-07-24T18:58:59","date_gmt":"2021-07-24T18:58:59","guid":{"rendered":"https:\/\/www.safinel.fr\/?post_type=product&#038;p=268"},"modified":"2023-12-30T13:54:04","modified_gmt":"2023-12-30T13:54:04","slug":"champu-solido-antiinflamatorio-con-agua-de-rosas-para-cabellos-largos-y-rizados-75g","status":"publish","type":"product","link":"https:\/\/www.safinel.fr\/es\/product-2\/champu-solido-antiinflamatorio-con-agua-de-rosas-para-cabellos-largos-y-rizados-75g\/","title":{"rendered":"Champ\u00fa s\u00f3lido antiinflamatorio de agua de rosas (cabellos rizados y largos) 75g"},"content":{"rendered":"<p>El pelo largo y rizado puede ser precioso, pero tiene sus inconvenientes cuando se trata de mantenimiento. Pero en D\u00e9odorant Naturel pensamos en todos. Tu tienda online natural ha seleccionado cuidadosamente toda una gama de productos para ti. <b>gama de champ\u00fas s\u00f3lidos.<span class=\"Apple-converted-space\">\u00a0<\/span><\/b>Le <b>champ\u00fa s\u00f3lido antiinflamatorio con agua de rosas <\/b>est\u00e1 dise\u00f1ado espec\u00edficamente para el cabello largo y rizado.<span class=\"Apple-converted-space\">\u00a0<\/span><\/p>\n<h2><b>Champ\u00fa s\u00f3lido antiinflamatorio para un cabello sano<span class=\"Apple-converted-space\">\u00a0<\/span><\/b><\/h2>\n<p>Este <b>champ\u00fa s\u00f3lido en barra<\/b> es un guijarro redondo. Su composici\u00f3n h\u00e1bilmente elaborada es un verdadero tesoro para los cueros cabelludos irritados. Uno de sus principales ingredientes es la delicada agua de rosas. Este hidrosol es conocido por su <b>alivia las rojeces y las irritaciones<\/b>. Tambi\u00e9n dispone de<b> beneficios antiinflamatorios<\/b> y <b>estimula la circulaci\u00f3n del cuero cabelludo<\/b>. \u00a1Lo que tiende a mejorar el crecimiento del cabello!<span class=\"Apple-converted-space\">\u00a0<\/span><\/p>\n<p>Adem\u00e1s, disfrutar\u00e1 de<b> acci\u00f3n antiencrespamiento<\/b> que nuestras cabezas rizadas adorar\u00e1n. Este champ\u00fa s\u00f3lido es un <b>anticaspa<\/b> que limpia suavemente el cuero cabelludo. Gracias a la manteca de karit\u00e9, su cabello estar\u00e1<b> profundamente hidratada y nutrida.<span class=\"Apple-converted-space\">\u00a0<\/span><\/b><\/p>\n<p>Consigue rizos definidos y un cabello sano con este producto <b>champ\u00fa residuo cero<span class=\"Apple-converted-space\">\u00a0<\/span><\/b><\/p>\n<p><b>Ingredientes:<\/b> <i><a href=\"https:\/\/www.aroma-zone.com\/info\/fiche-technique\/emulsifiant-btms-aroma-zone\" target=\"_blank\" rel=\"noopener\"><strong>Metosulfato (BTMS),<\/strong><\/a> alcohol cetear\u00edlico, manteca de karit\u00e9 org\u00e1nica natural, aceite de jojoba org\u00e1nico, aceite de nuez org\u00e1nico, aceite de oliva.<\/i>\u2019<i>oliva, <a href=\"https:\/\/www.encens-store.fr\/produit\/huile-essentielle-maison-rose-musk\/\" target=\"_blank\" rel=\"noopener\"><strong>aceite esencial de rosa<\/strong><\/a><\/i><\/p>\n<h3><b>Nuestros consejos de uso<span class=\"Apple-converted-space\">\u00a0<\/span><\/b><\/h3>\n<p>Aqu\u00ed tienes algunos consejos para utilizar este champ\u00fa s\u00f3lido natural de rosas:<span class=\"Apple-converted-space\">\u00a0<\/span><\/p>\n<ol>\n<li>Moja la pastilla de jab\u00f3n; ;<span class=\"Apple-converted-space\">\u00a0<\/span><\/li>\n<li>Haga espuma entre las manos y recoja la espuma; ;<span class=\"Apple-converted-space\">\u00a0<\/span><\/li>\n<li>Empezar masajeando las ra\u00edces del cuero cabelludo, terminando por las ra\u00edces; ;<span class=\"Apple-converted-space\">\u00a0<\/span><\/li>\n<li>Aclarar abundantemente con agua limpia; ;<span class=\"Apple-converted-space\">\u00a0<\/span><\/li>\n<\/ol>\n<p>Para hidratar intensamente tu cabello, puedes empezar con un tratamiento capilar. Aplica <a href=\"https:\/\/www.deodorant-naturel.com\/produit\/beurre-vegetale-de-karite-brut-certifiee-bio-100ml\/\"><b>manteca de karit\u00e9<\/b><\/a> por todo el cabello, insistiendo en las puntas. D\u00e9jalo actuar durante unas horas. Por \u00faltimo, \u00a1utiliza tu champ\u00fa s\u00f3lido natural!<span class=\"Apple-converted-space\">\u00a0<\/span><\/p>\n<h3><b>Conservaci\u00f3n<span class=\"Apple-converted-space\">\u00a0champ\u00fa s\u00f3lido de agua de rosas<\/span><\/b><\/h3>\n<p>Deja el champ\u00fa s\u00f3lido sobre una jabonera, asegur\u00e1ndote de que el agua no se estanque.<span class=\"Apple-converted-space\">\u00a0<\/span><\/p>","protected":false},"excerpt":{"rendered":"<p>Les cheveux longs et boucl\u00e9s, bien que magnifiques, ont leur lot d\u2019inconv\u00e9nients en terme d\u2019entretien. Mais chez D\u00e9odorant Naturel, on pense \u00e0 tout le monde. Votre boutique naturelle en ligne a donc soigneusement s\u00e9lectionn\u00e9 toute une gamme de shampoings solides.\u00a0Le shampoing solide anti-inflammatoire \u00e0 l\u2019eau de rose est sp\u00e9cifiquement adapt\u00e9 pour les cheveux longs et [&#8230;]","protected":false},"featured_media":303,"template":"","meta":[],"product_brand":[],"product_cat":[34,36],"product_tag":[],"class_list":{"0":"post-268","1":"product","2":"type-product","3":"status-publish","4":"has-post-thumbnail","6":"product_cat-hygiene","7":"product_cat-shampoing-solide","9":"first","10":"outofstock","11":"shipping-taxable","12":"purchasable","13":"product-type-simple"},"yoast_head":"<!-- This site is optimized with the Yoast SEO plugin v26.6 - https:\/\/yoast.com\/wordpress\/plugins\/seo\/ -->\n<title>Shampoing solide anti-inflammatoire a l&#039;eau de rose (cheveux boucl\u00e9s et longs) 75g - Safinel<\/title>\n<meta name=\"robots\" content=\"index, follow, max-snippet:-1, max-image-preview:large, max-video-preview:-1\" \/>\n<link rel=\"canonical\" href=\"https:\/\/www.safinel.fr\/es\/product-2\/champu-solido-antiinflamatorio-con-agua-de-rosas-para-cabellos-largos-y-rizados-75g\/\" \/>\n<meta property=\"og:locale\" content=\"es_ES\" \/>\n<meta property=\"og:type\" content=\"article\" \/>\n<meta property=\"og:title\" content=\"Shampoing solide anti-inflammatoire a l&#039;eau de rose (cheveux boucl\u00e9s et longs) 75g - Safinel\" \/>\n<meta property=\"og:description\" content=\"Les cheveux longs et boucl\u00e9s, bien que magnifiques, ont leur lot d\u2019inconv\u00e9nients en terme d\u2019entretien. Mais chez D\u00e9odorant Naturel, on pense \u00e0 tout le monde. Votre boutique naturelle en ligne a donc soigneusement s\u00e9lectionn\u00e9 toute une gamme de shampoings solides.\u00a0Le shampoing solide anti-inflammatoire \u00e0 l\u2019eau de rose est sp\u00e9cifiquement adapt\u00e9 pour les cheveux longs et [...]\" \/>\n<meta property=\"og:url\" content=\"https:\/\/www.safinel.fr\/es\/product-2\/champu-solido-antiinflamatorio-con-agua-de-rosas-para-cabellos-largos-y-rizados-75g\/\" \/>\n<meta property=\"og:site_name\" content=\"Safinel\" \/>\n<meta property=\"article:modified_time\" content=\"2023-12-30T13:54:04+00:00\" \/>\n<meta property=\"og:image\" content=\"https:\/\/www.safinel.fr\/wp-content\/uploads\/2021\/07\/df.jpg\" \/>\n\t<meta property=\"og:image:width\" content=\"800\" \/>\n\t<meta property=\"og:image:height\" content=\"800\" \/>\n\t<meta property=\"og:image:type\" content=\"image\/jpeg\" \/>\n<meta name=\"twitter:card\" content=\"summary_large_image\" \/>\n<meta name=\"twitter:label1\" content=\"Tiempo de lectura\" \/>\n\t<meta name=\"twitter:data1\" content=\"2 minutos\" \/>\n<script type=\"application\/ld+json\" class=\"yoast-schema-graph\">{\"@context\":\"https:\/\/schema.org\",\"@graph\":[{\"@type\":\"WebPage\",\"@id\":\"https:\/\/www.safinel.fr\/produit\/shampoing-solide-anti-inflammatoire-a-leau-de-rose-cheveux-boucles-et-longs-75g\/\",\"url\":\"https:\/\/www.safinel.fr\/produit\/shampoing-solide-anti-inflammatoire-a-leau-de-rose-cheveux-boucles-et-longs-75g\/\",\"name\":\"Shampoing solide anti-inflammatoire a l'eau de rose (cheveux boucl\u00e9s et longs) 75g - Safinel\",\"isPartOf\":{\"@id\":\"https:\/\/www.safinel.fr\/#website\"},\"primaryImageOfPage\":{\"@id\":\"https:\/\/www.safinel.fr\/produit\/shampoing-solide-anti-inflammatoire-a-leau-de-rose-cheveux-boucles-et-longs-75g\/#primaryimage\"},\"image\":{\"@id\":\"https:\/\/www.safinel.fr\/produit\/shampoing-solide-anti-inflammatoire-a-leau-de-rose-cheveux-boucles-et-longs-75g\/#primaryimage\"},\"thumbnailUrl\":\"https:\/\/www.safinel.fr\/wp-content\/uploads\/2021\/07\/df.jpg\",\"datePublished\":\"2021-07-24T18:58:59+00:00\",\"dateModified\":\"2023-12-30T13:54:04+00:00\",\"breadcrumb\":{\"@id\":\"https:\/\/www.safinel.fr\/produit\/shampoing-solide-anti-inflammatoire-a-leau-de-rose-cheveux-boucles-et-longs-75g\/#breadcrumb\"},\"inLanguage\":\"es\",\"potentialAction\":[{\"@type\":\"ReadAction\",\"target\":[\"https:\/\/www.safinel.fr\/produit\/shampoing-solide-anti-inflammatoire-a-leau-de-rose-cheveux-boucles-et-longs-75g\/\"]}]},{\"@type\":\"ImageObject\",\"inLanguage\":\"es\",\"@id\":\"https:\/\/www.safinel.fr\/produit\/shampoing-solide-anti-inflammatoire-a-leau-de-rose-cheveux-boucles-et-longs-75g\/#primaryimage\",\"url\":\"https:\/\/www.safinel.fr\/wp-content\/uploads\/2021\/07\/df.jpg\",\"contentUrl\":\"https:\/\/www.safinel.fr\/wp-content\/uploads\/2021\/07\/df.jpg\",\"width\":800,\"height\":800},{\"@type\":\"BreadcrumbList\",\"@id\":\"https:\/\/www.safinel.fr\/produit\/shampoing-solide-anti-inflammatoire-a-leau-de-rose-cheveux-boucles-et-longs-75g\/#breadcrumb\",\"itemListElement\":[{\"@type\":\"ListItem\",\"position\":1,\"name\":\"Accueil\",\"item\":\"https:\/\/www.safinel.fr\/\"},{\"@type\":\"ListItem\",\"position\":2,\"name\":\"Boutique\",\"item\":\"https:\/\/www.safinel.fr\/boutique\/\"},{\"@type\":\"ListItem\",\"position\":3,\"name\":\"Shampoing solide anti-inflammatoire a l&#8217;eau de rose (cheveux boucl\u00e9s et longs) 75g\"}]},{\"@type\":\"WebSite\",\"@id\":\"https:\/\/www.safinel.fr\/#website\",\"url\":\"https:\/\/www.safinel.fr\/\",\"name\":\"Safinel\",\"description\":\"\",\"publisher\":{\"@id\":\"https:\/\/www.safinel.fr\/#organization\"},\"potentialAction\":[{\"@type\":\"SearchAction\",\"target\":{\"@type\":\"EntryPoint\",\"urlTemplate\":\"https:\/\/www.safinel.fr\/?s={search_term_string}\"},\"query-input\":{\"@type\":\"PropertyValueSpecification\",\"valueRequired\":true,\"valueName\":\"search_term_string\"}}],\"inLanguage\":\"es\"},{\"@type\":\"Organization\",\"@id\":\"https:\/\/www.safinel.fr\/#organization\",\"name\":\"Safinel\",\"url\":\"https:\/\/www.safinel.fr\/\",\"logo\":{\"@type\":\"ImageObject\",\"inLanguage\":\"es\",\"@id\":\"https:\/\/www.safinel.fr\/#\/schema\/logo\/image\/\",\"url\":\"https:\/\/www.safinel.fr\/wp-content\/uploads\/2021\/05\/boutique-cosmetique.png\",\"contentUrl\":\"https:\/\/www.safinel.fr\/wp-content\/uploads\/2021\/05\/boutique-cosmetique.png\",\"width\":800,\"height\":200,\"caption\":\"Safinel\"},\"image\":{\"@id\":\"https:\/\/www.safinel.fr\/#\/schema\/logo\/image\/\"}}]}<\/script>\n<!-- \/ Yoast SEO plugin. -->","yoast_head_json":{"title":"Champ\u00fa s\u00f3lido antiinflamatorio agua de rosas (cabellos rizados y largos) 75g - Safinel","robots":{"index":"index","follow":"follow","max-snippet":"max-snippet:-1","max-image-preview":"max-image-preview:large","max-video-preview":"max-video-preview:-1"},"canonical":"https:\/\/www.safinel.fr\/es\/product-2\/champu-solido-antiinflamatorio-con-agua-de-rosas-para-cabellos-largos-y-rizados-75g\/","og_locale":"es_ES","og_type":"article","og_title":"Shampoing solide anti-inflammatoire a l'eau de rose (cheveux boucl\u00e9s et longs) 75g - Safinel","og_description":"Les cheveux longs et boucl\u00e9s, bien que magnifiques, ont leur lot d\u2019inconv\u00e9nients en terme d\u2019entretien. Mais chez D\u00e9odorant Naturel, on pense \u00e0 tout le monde. Votre boutique naturelle en ligne a donc soigneusement s\u00e9lectionn\u00e9 toute une gamme de shampoings solides.\u00a0Le shampoing solide anti-inflammatoire \u00e0 l\u2019eau de rose est sp\u00e9cifiquement adapt\u00e9 pour les cheveux longs et [...]","og_url":"https:\/\/www.safinel.fr\/es\/product-2\/champu-solido-antiinflamatorio-con-agua-de-rosas-para-cabellos-largos-y-rizados-75g\/","og_site_name":"Safinel","article_modified_time":"2023-12-30T13:54:04+00:00","og_image":[{"width":800,"height":800,"url":"https:\/\/www.safinel.fr\/wp-content\/uploads\/2021\/07\/df.jpg","type":"image\/jpeg"}],"twitter_card":"summary_large_image","twitter_misc":{"Tiempo de lectura":"2 minutos"},"schema":{"@context":"https:\/\/schema.org","@graph":[{"@type":"WebPage","@id":"https:\/\/www.safinel.fr\/produit\/shampoing-solide-anti-inflammatoire-a-leau-de-rose-cheveux-boucles-et-longs-75g\/","url":"https:\/\/www.safinel.fr\/produit\/shampoing-solide-anti-inflammatoire-a-leau-de-rose-cheveux-boucles-et-longs-75g\/","name":"Champ\u00fa s\u00f3lido antiinflamatorio agua de rosas (cabellos rizados y largos) 75g - Safinel","isPartOf":{"@id":"https:\/\/www.safinel.fr\/#website"},"primaryImageOfPage":{"@id":"https:\/\/www.safinel.fr\/produit\/shampoing-solide-anti-inflammatoire-a-leau-de-rose-cheveux-boucles-et-longs-75g\/#primaryimage"},"image":{"@id":"https:\/\/www.safinel.fr\/produit\/shampoing-solide-anti-inflammatoire-a-leau-de-rose-cheveux-boucles-et-longs-75g\/#primaryimage"},"thumbnailUrl":"https:\/\/www.safinel.fr\/wp-content\/uploads\/2021\/07\/df.jpg","datePublished":"2021-07-24T18:58:59+00:00","dateModified":"2023-12-30T13:54:04+00:00","breadcrumb":{"@id":"https:\/\/www.safinel.fr\/produit\/shampoing-solide-anti-inflammatoire-a-leau-de-rose-cheveux-boucles-et-longs-75g\/#breadcrumb"},"inLanguage":"es","potentialAction":[{"@type":"ReadAction","target":["https:\/\/www.safinel.fr\/produit\/shampoing-solide-anti-inflammatoire-a-leau-de-rose-cheveux-boucles-et-longs-75g\/"]}]},{"@type":"ImageObject","inLanguage":"es","@id":"https:\/\/www.safinel.fr\/produit\/shampoing-solide-anti-inflammatoire-a-leau-de-rose-cheveux-boucles-et-longs-75g\/#primaryimage","url":"https:\/\/www.safinel.fr\/wp-content\/uploads\/2021\/07\/df.jpg","contentUrl":"https:\/\/www.safinel.fr\/wp-content\/uploads\/2021\/07\/df.jpg","width":800,"height":800},{"@type":"BreadcrumbList","@id":"https:\/\/www.safinel.fr\/produit\/shampoing-solide-anti-inflammatoire-a-leau-de-rose-cheveux-boucles-et-longs-75g\/#breadcrumb","itemListElement":[{"@type":"ListItem","position":1,"name":"Accueil","item":"https:\/\/www.safinel.fr\/"},{"@type":"ListItem","position":2,"name":"Boutique","item":"https:\/\/www.safinel.fr\/boutique\/"},{"@type":"ListItem","position":3,"name":"Shampoing solide anti-inflammatoire a l&#8217;eau de rose (cheveux boucl\u00e9s et longs) 75g"}]},{"@type":"WebSite","@id":"https:\/\/www.safinel.fr\/#website","url":"https:\/\/www.safinel.fr\/","name":"Safinel","description":"","publisher":{"@id":"https:\/\/www.safinel.fr\/#organization"},"potentialAction":[{"@type":"SearchAction","target":{"@type":"EntryPoint","urlTemplate":"https:\/\/www.safinel.fr\/?s={search_term_string}"},"query-input":{"@type":"PropertyValueSpecification","valueRequired":true,"valueName":"search_term_string"}}],"inLanguage":"es"},{"@type":"Organization","@id":"https:\/\/www.safinel.fr\/#organization","name":"Safinel","url":"https:\/\/www.safinel.fr\/","logo":{"@type":"ImageObject","inLanguage":"es","@id":"https:\/\/www.safinel.fr\/#\/schema\/logo\/image\/","url":"https:\/\/www.safinel.fr\/wp-content\/uploads\/2021\/05\/boutique-cosmetique.png","contentUrl":"https:\/\/www.safinel.fr\/wp-content\/uploads\/2021\/05\/boutique-cosmetique.png","width":800,"height":200,"caption":"Safinel"},"image":{"@id":"https:\/\/www.safinel.fr\/#\/schema\/logo\/image\/"}}]}},"_links":{"self":[{"href":"https:\/\/www.safinel.fr\/es\/wp-json\/wp\/v2\/product\/268","targetHints":{"allow":["GET"]}}],"collection":[{"href":"https:\/\/www.safinel.fr\/es\/wp-json\/wp\/v2\/product"}],"about":[{"href":"https:\/\/www.safinel.fr\/es\/wp-json\/wp\/v2\/types\/product"}],"wp:featuredmedia":[{"embeddable":true,"href":"https:\/\/www.safinel.fr\/es\/wp-json\/wp\/v2\/media\/303"}],"wp:attachment":[{"href":"https:\/\/www.safinel.fr\/es\/wp-json\/wp\/v2\/media?parent=268"}],"wp:term":[{"taxonomy":"product_brand","embeddable":true,"href":"https:\/\/www.safinel.fr\/es\/wp-json\/wp\/v2\/product_brand?post=268"},{"taxonomy":"product_cat","embeddable":true,"href":"https:\/\/www.safinel.fr\/es\/wp-json\/wp\/v2\/product_cat?post=268"},{"taxonomy":"product_tag","embeddable":true,"href":"https:\/\/www.safinel.fr\/es\/wp-json\/wp\/v2\/product_tag?post=268"}],"curies":[{"name":"wp","href":"https:\/\/api.w.org\/{rel}","templated":true}]}}