{"id":2679,"date":"2022-09-11T10:10:54","date_gmt":"2022-09-11T10:10:54","guid":{"rendered":"https:\/\/www.safinel.fr\/?post_type=product&#038;p=2679"},"modified":"2024-03-12T13:20:37","modified_gmt":"2024-03-12T13:20:37","slug":"pluma-blanca-en-cono","status":"publish","type":"product","link":"https:\/\/www.safinel.fr\/es\/product-2\/pluma-blanca-en-cono\/","title":{"rendered":"Cono de henna blanco"},"content":{"rendered":"<p>Tradicionalmente, la henna natural, de color naranja oscuro, se utiliza para embellecer a las novias en el Magreb, el mundo \u00e1rabe y Asia. En los \u00faltimos a\u00f1os, sin embargo, la henna blanca se ha convertido en el color m\u00e1s popular.\u00a0<strong>nueva tendencia<\/strong>\u00a0tatuaje ef\u00edmero. Su color le confiere un aspecto excepcional, que es lo que hace que tenga tanto \u00e9xito. Se utiliza para\u00a0<strong>realzar la belleza de las novias<\/strong>\u00a0de todos los or\u00edgenes. Pero tambi\u00e9n todas las mujeres que desean embellecerse de forma original. Con los conos de henna blanca, puedes\u00a0<strong>adorna tus manos y pies<\/strong>\u00a0y las de sus seres queridos con facilidad.<\/p>\n<h2><strong>La henna blanca en detalle<\/strong><\/h2>\n<p>A diferencia de la henna tradicional, est\u00e1 hecha con tintes y cosm\u00e9ticos, incluido el pegamento. Por eso se llama pintura corporal. Como resultado, sus colorantes permanecer\u00e1n en la superficie de tu piel, igual que el maquillaje.<\/p>\n<p>Se aconseja a las personas con piel muy reactiva y sensible que hagan una prueba previa.<\/p>\n<h2><strong>Los beneficios del cono de henna blanca<\/strong><\/h2>\n<p>Los que est\u00e1n acostumbrados a los tatuajes saben lo dif\u00edcil que es eliminarlos cuando son de color naranja oscuro. Hay que esperar semanas para que los dise\u00f1os se desvanezcan. Con el blanco, esta molestia es cosa del pasado. Durar\u00e1 48 horas como m\u00e1ximo. Y si quieres quit\u00e1rtelo antes, s\u00f3lo tienes que<strong>\u00a0sumergirse<\/strong>.<\/p>\n<p>Otra ventaja es su color, que combina\u00a0<strong>todo tipo de piel<\/strong>. A las morenas les encanta, porque el\u00a0<strong>se acentuar\u00e1 el contraste<\/strong>. Es como llevar un diamante en el dedo. Las personas de piel clara lo buscan por su\u00a0<strong>elegancia discreta<\/strong>. En resumen, \u00a1es un\u00e1nimemente aclamado!<\/p>\n<p>Por \u00faltimo, una vez tatuado, no tendr\u00e1s que esperar m\u00e1s de 2 horas para que el resultado sea bonito. En cambio, con la henna tradicional tendr\u00e1s que esperar mucho m\u00e1s y el color no se oscurecer\u00e1 hasta el d\u00eda siguiente.<\/p>\n<h2><strong>Henna blanca en un cono, la favorita de las novias<\/strong><\/h2>\n<p>\u00bfEst\u00e1 buscando una futura novia?\u00a0<strong>a<\/strong>\u00a0<strong>joyas que te har\u00e1n lucir como nunca<\/strong>\u00a0con tu precioso vestido? No te preocupes. Tus manos y tus pies, seg\u00fan tus gustos, estar\u00e1n simplemente preciosos. Visita\u00a0<strong><a href=\"https:\/\/www.ecole-du-massage.com\/comment-prendre-soin-de-ses-cheveux-en-2022\/\" target=\"_blank\" rel=\"noopener\">dise\u00f1os finos y delicados<\/a>\u00a0<\/strong>dar\u00e1 la impresi\u00f3n de que el encaje de tu vestido se extiende hasta la punta de tus dedos. Por no hablar del simbolismo del blanco, que evoca pureza, paz y sabidur\u00eda. No hay duda, ser\u00e1s la m\u00e1s bella.<\/p>\n<h3><strong>Ideal para fiestas<\/strong><\/h3>\n<p>Un nacimiento, un cumplea\u00f1os, una graduaci\u00f3n... Todos estos acontecimientos son una ocasi\u00f3n para reunirse con la familia o los amigos. Ofrecer a las mujeres un tatuaje original ser\u00e1 una buena manera de\u00a0<strong>reforzar los lazos fraternales<\/strong>. Sentirse guapa contribuye a la felicidad, as\u00ed que imag\u00ednese la alegr\u00eda de ver estos bonitos dise\u00f1os en sus manos.<\/p>\n<h3><strong>\u00bfCu\u00e1nto?<\/strong><\/h3>\n<p>Para facilitarle la compra, le ofrecemos varias cantidades:<\/p>\n<ul>\n<li>1 cono para uso personal<\/li>\n<li>3 conos si quieres encantar a tu familia y amigos<\/li>\n<li>12 conos para planificar sus salidas de belleza durante todo el a\u00f1o.<\/li>\n<\/ul>\n<p>El cono de henna blanco ser\u00e1\u00a0<strong>el activo que te har\u00e1 lucir mejor<\/strong>. Y no olvides mimar tu cabello, reflejo de tu feminidad, con nuestro\u00a0<a href=\"https:\/\/www.safinel.fr\/es\/product-category-2\/botox-capilar\/\"><strong>botox capilares<\/strong><\/a>.<\/p>","protected":false},"excerpt":{"rendered":"<p>Traditionnellement, le henn\u00e9 naturel, de couleur orange fonc\u00e9, est utilis\u00e9 pour embellir les mari\u00e9es au Maghreb, dans le Monde arabe et en Asie. Mais, ces derni\u00e8res ann\u00e9es, le henn\u00e9 blanc est devenu la\u00a0nouvelle tendance\u00a0du tatouage \u00e9ph\u00e9m\u00e8re. Sa couleur lui octroie un rendu exceptionnel qui fait son succ\u00e8s. C&rsquo;est ainsi qu&rsquo;il est utilis\u00e9 pour\u00a0sublimer la beaut\u00e9 [&#8230;]","protected":false},"featured_media":2683,"template":"","meta":[],"product_brand":[],"product_cat":[28],"product_tag":[],"class_list":{"0":"post-2679","1":"product","2":"type-product","3":"status-publish","4":"has-post-thumbnail","6":"product_cat-divers","8":"first","9":"outofstock","10":"shipping-taxable","11":"purchasable","12":"product-type-variable"},"yoast_head":"<!-- This site is optimized with the Yoast SEO plugin v26.6 - https:\/\/yoast.com\/wordpress\/plugins\/seo\/ -->\n<title>Henn\u00e9 blanc en c\u00f4ne I Id\u00e9al pour mariage I Achat s\u00e9curis\u00e9<\/title>\n<meta name=\"description\" content=\"Le henn\u00e9 blanc est devenu la\u00a0nouvelle tendance\u00a0du tatouage \u00e9ph\u00e9m\u00e8re. Sa couleur lui octroie un rendu exceptionnel qui fait son succ\u00e8s.\" \/>\n<meta name=\"robots\" content=\"index, follow, max-snippet:-1, max-image-preview:large, max-video-preview:-1\" \/>\n<link rel=\"canonical\" href=\"https:\/\/www.safinel.fr\/es\/product-2\/pluma-blanca-en-cono\/\" \/>\n<meta property=\"og:locale\" content=\"es_ES\" \/>\n<meta property=\"og:type\" content=\"article\" \/>\n<meta property=\"og:title\" content=\"Henn\u00e9 blanc en c\u00f4ne I Id\u00e9al pour mariage I Achat s\u00e9curis\u00e9\" \/>\n<meta property=\"og:description\" content=\"Le henn\u00e9 blanc est devenu la\u00a0nouvelle tendance\u00a0du tatouage \u00e9ph\u00e9m\u00e8re. Sa couleur lui octroie un rendu exceptionnel qui fait son succ\u00e8s.\" \/>\n<meta property=\"og:url\" content=\"https:\/\/www.safinel.fr\/es\/product-2\/pluma-blanca-en-cono\/\" \/>\n<meta property=\"og:site_name\" content=\"Safinel\" \/>\n<meta property=\"article:modified_time\" content=\"2024-03-12T13:20:37+00:00\" \/>\n<meta property=\"og:image\" content=\"https:\/\/www.safinel.fr\/wp-content\/uploads\/2022\/09\/henne-blanc-en-cone.jpg\" \/>\n\t<meta property=\"og:image:width\" content=\"600\" \/>\n\t<meta property=\"og:image:height\" content=\"600\" \/>\n\t<meta property=\"og:image:type\" content=\"image\/jpeg\" \/>\n<meta name=\"twitter:card\" content=\"summary_large_image\" \/>\n<meta name=\"twitter:label1\" content=\"Tiempo de lectura\" \/>\n\t<meta name=\"twitter:data1\" content=\"3 minutos\" \/>\n<script type=\"application\/ld+json\" class=\"yoast-schema-graph\">{\"@context\":\"https:\/\/schema.org\",\"@graph\":[{\"@type\":\"WebPage\",\"@id\":\"https:\/\/www.safinel.fr\/produit\/henne-blanc-en-cone\/\",\"url\":\"https:\/\/www.safinel.fr\/produit\/henne-blanc-en-cone\/\",\"name\":\"Henn\u00e9 blanc en c\u00f4ne I Id\u00e9al pour mariage I Achat s\u00e9curis\u00e9\",\"isPartOf\":{\"@id\":\"https:\/\/www.safinel.fr\/#website\"},\"primaryImageOfPage\":{\"@id\":\"https:\/\/www.safinel.fr\/produit\/henne-blanc-en-cone\/#primaryimage\"},\"image\":{\"@id\":\"https:\/\/www.safinel.fr\/produit\/henne-blanc-en-cone\/#primaryimage\"},\"thumbnailUrl\":\"https:\/\/www.safinel.fr\/wp-content\/uploads\/2022\/09\/henne-blanc-en-cone.jpg\",\"datePublished\":\"2022-09-11T10:10:54+00:00\",\"dateModified\":\"2024-03-12T13:20:37+00:00\",\"description\":\"Le henn\u00e9 blanc est devenu la\u00a0nouvelle tendance\u00a0du tatouage \u00e9ph\u00e9m\u00e8re. Sa couleur lui octroie un rendu exceptionnel qui fait son succ\u00e8s.\",\"breadcrumb\":{\"@id\":\"https:\/\/www.safinel.fr\/produit\/henne-blanc-en-cone\/#breadcrumb\"},\"inLanguage\":\"es\",\"potentialAction\":[{\"@type\":\"ReadAction\",\"target\":[\"https:\/\/www.safinel.fr\/produit\/henne-blanc-en-cone\/\"]}]},{\"@type\":\"ImageObject\",\"inLanguage\":\"es\",\"@id\":\"https:\/\/www.safinel.fr\/produit\/henne-blanc-en-cone\/#primaryimage\",\"url\":\"https:\/\/www.safinel.fr\/wp-content\/uploads\/2022\/09\/henne-blanc-en-cone.jpg\",\"contentUrl\":\"https:\/\/www.safinel.fr\/wp-content\/uploads\/2022\/09\/henne-blanc-en-cone.jpg\",\"width\":600,\"height\":600,\"caption\":\"Henn\u00e9 blanc en c\u00f4ne\"},{\"@type\":\"BreadcrumbList\",\"@id\":\"https:\/\/www.safinel.fr\/produit\/henne-blanc-en-cone\/#breadcrumb\",\"itemListElement\":[{\"@type\":\"ListItem\",\"position\":1,\"name\":\"Accueil\",\"item\":\"https:\/\/www.safinel.fr\/\"},{\"@type\":\"ListItem\",\"position\":2,\"name\":\"Boutique\",\"item\":\"https:\/\/www.safinel.fr\/boutique\/\"},{\"@type\":\"ListItem\",\"position\":3,\"name\":\"Henn\u00e9 blanc en c\u00f4ne\"}]},{\"@type\":\"WebSite\",\"@id\":\"https:\/\/www.safinel.fr\/#website\",\"url\":\"https:\/\/www.safinel.fr\/\",\"name\":\"Safinel\",\"description\":\"\",\"publisher\":{\"@id\":\"https:\/\/www.safinel.fr\/#organization\"},\"potentialAction\":[{\"@type\":\"SearchAction\",\"target\":{\"@type\":\"EntryPoint\",\"urlTemplate\":\"https:\/\/www.safinel.fr\/?s={search_term_string}\"},\"query-input\":{\"@type\":\"PropertyValueSpecification\",\"valueRequired\":true,\"valueName\":\"search_term_string\"}}],\"inLanguage\":\"es\"},{\"@type\":\"Organization\",\"@id\":\"https:\/\/www.safinel.fr\/#organization\",\"name\":\"Safinel\",\"url\":\"https:\/\/www.safinel.fr\/\",\"logo\":{\"@type\":\"ImageObject\",\"inLanguage\":\"es\",\"@id\":\"https:\/\/www.safinel.fr\/#\/schema\/logo\/image\/\",\"url\":\"https:\/\/www.safinel.fr\/wp-content\/uploads\/2021\/05\/boutique-cosmetique.png\",\"contentUrl\":\"https:\/\/www.safinel.fr\/wp-content\/uploads\/2021\/05\/boutique-cosmetique.png\",\"width\":800,\"height\":200,\"caption\":\"Safinel\"},\"image\":{\"@id\":\"https:\/\/www.safinel.fr\/#\/schema\/logo\/image\/\"}}]}<\/script>\n<!-- \/ Yoast SEO plugin. -->","yoast_head_json":{"title":"Cono de henna blanco I Ideal para bodas I Compra segura","description":"La henna blanca se ha convertido en la nueva tendencia en tatuajes ef\u00edmeros. Su color le confiere un aspecto excepcional, que es lo que hace que tenga tanto \u00e9xito.","robots":{"index":"index","follow":"follow","max-snippet":"max-snippet:-1","max-image-preview":"max-image-preview:large","max-video-preview":"max-video-preview:-1"},"canonical":"https:\/\/www.safinel.fr\/es\/product-2\/pluma-blanca-en-cono\/","og_locale":"es_ES","og_type":"article","og_title":"Henn\u00e9 blanc en c\u00f4ne I Id\u00e9al pour mariage I Achat s\u00e9curis\u00e9","og_description":"Le henn\u00e9 blanc est devenu la\u00a0nouvelle tendance\u00a0du tatouage \u00e9ph\u00e9m\u00e8re. Sa couleur lui octroie un rendu exceptionnel qui fait son succ\u00e8s.","og_url":"https:\/\/www.safinel.fr\/es\/product-2\/pluma-blanca-en-cono\/","og_site_name":"Safinel","article_modified_time":"2024-03-12T13:20:37+00:00","og_image":[{"width":600,"height":600,"url":"https:\/\/www.safinel.fr\/wp-content\/uploads\/2022\/09\/henne-blanc-en-cone.jpg","type":"image\/jpeg"}],"twitter_card":"summary_large_image","twitter_misc":{"Tiempo de lectura":"3 minutos"},"schema":{"@context":"https:\/\/schema.org","@graph":[{"@type":"WebPage","@id":"https:\/\/www.safinel.fr\/produit\/henne-blanc-en-cone\/","url":"https:\/\/www.safinel.fr\/produit\/henne-blanc-en-cone\/","name":"Cono de henna blanco I Ideal para bodas I Compra segura","isPartOf":{"@id":"https:\/\/www.safinel.fr\/#website"},"primaryImageOfPage":{"@id":"https:\/\/www.safinel.fr\/produit\/henne-blanc-en-cone\/#primaryimage"},"image":{"@id":"https:\/\/www.safinel.fr\/produit\/henne-blanc-en-cone\/#primaryimage"},"thumbnailUrl":"https:\/\/www.safinel.fr\/wp-content\/uploads\/2022\/09\/henne-blanc-en-cone.jpg","datePublished":"2022-09-11T10:10:54+00:00","dateModified":"2024-03-12T13:20:37+00:00","description":"La henna blanca se ha convertido en la nueva tendencia en tatuajes ef\u00edmeros. Su color le confiere un aspecto excepcional, que es lo que hace que tenga tanto \u00e9xito.","breadcrumb":{"@id":"https:\/\/www.safinel.fr\/produit\/henne-blanc-en-cone\/#breadcrumb"},"inLanguage":"es","potentialAction":[{"@type":"ReadAction","target":["https:\/\/www.safinel.fr\/produit\/henne-blanc-en-cone\/"]}]},{"@type":"ImageObject","inLanguage":"es","@id":"https:\/\/www.safinel.fr\/produit\/henne-blanc-en-cone\/#primaryimage","url":"https:\/\/www.safinel.fr\/wp-content\/uploads\/2022\/09\/henne-blanc-en-cone.jpg","contentUrl":"https:\/\/www.safinel.fr\/wp-content\/uploads\/2022\/09\/henne-blanc-en-cone.jpg","width":600,"height":600,"caption":"Henn\u00e9 blanc en c\u00f4ne"},{"@type":"BreadcrumbList","@id":"https:\/\/www.safinel.fr\/produit\/henne-blanc-en-cone\/#breadcrumb","itemListElement":[{"@type":"ListItem","position":1,"name":"Accueil","item":"https:\/\/www.safinel.fr\/"},{"@type":"ListItem","position":2,"name":"Boutique","item":"https:\/\/www.safinel.fr\/boutique\/"},{"@type":"ListItem","position":3,"name":"Henn\u00e9 blanc en c\u00f4ne"}]},{"@type":"WebSite","@id":"https:\/\/www.safinel.fr\/#website","url":"https:\/\/www.safinel.fr\/","name":"Safinel","description":"","publisher":{"@id":"https:\/\/www.safinel.fr\/#organization"},"potentialAction":[{"@type":"SearchAction","target":{"@type":"EntryPoint","urlTemplate":"https:\/\/www.safinel.fr\/?s={search_term_string}"},"query-input":{"@type":"PropertyValueSpecification","valueRequired":true,"valueName":"search_term_string"}}],"inLanguage":"es"},{"@type":"Organization","@id":"https:\/\/www.safinel.fr\/#organization","name":"Safinel","url":"https:\/\/www.safinel.fr\/","logo":{"@type":"ImageObject","inLanguage":"es","@id":"https:\/\/www.safinel.fr\/#\/schema\/logo\/image\/","url":"https:\/\/www.safinel.fr\/wp-content\/uploads\/2021\/05\/boutique-cosmetique.png","contentUrl":"https:\/\/www.safinel.fr\/wp-content\/uploads\/2021\/05\/boutique-cosmetique.png","width":800,"height":200,"caption":"Safinel"},"image":{"@id":"https:\/\/www.safinel.fr\/#\/schema\/logo\/image\/"}}]}},"_links":{"self":[{"href":"https:\/\/www.safinel.fr\/es\/wp-json\/wp\/v2\/product\/2679","targetHints":{"allow":["GET"]}}],"collection":[{"href":"https:\/\/www.safinel.fr\/es\/wp-json\/wp\/v2\/product"}],"about":[{"href":"https:\/\/www.safinel.fr\/es\/wp-json\/wp\/v2\/types\/product"}],"wp:featuredmedia":[{"embeddable":true,"href":"https:\/\/www.safinel.fr\/es\/wp-json\/wp\/v2\/media\/2683"}],"wp:attachment":[{"href":"https:\/\/www.safinel.fr\/es\/wp-json\/wp\/v2\/media?parent=2679"}],"wp:term":[{"taxonomy":"product_brand","embeddable":true,"href":"https:\/\/www.safinel.fr\/es\/wp-json\/wp\/v2\/product_brand?post=2679"},{"taxonomy":"product_cat","embeddable":true,"href":"https:\/\/www.safinel.fr\/es\/wp-json\/wp\/v2\/product_cat?post=2679"},{"taxonomy":"product_tag","embeddable":true,"href":"https:\/\/www.safinel.fr\/es\/wp-json\/wp\/v2\/product_tag?post=2679"}],"curies":[{"name":"wp","href":"https:\/\/api.w.org\/{rel}","templated":true}]}}