{"id":2675,"date":"2022-09-11T09:45:13","date_gmt":"2022-09-11T09:45:13","guid":{"rendered":"https:\/\/www.safinel.fr\/?post_type=product&#038;p=2675"},"modified":"2024-07-17T07:52:53","modified_gmt":"2024-07-17T07:52:53","slug":"dambunu-deja","status":"publish","type":"product","link":"https:\/\/www.safinel.fr\/es\/product-2\/dambunu-deja\/","title":{"rendered":"Hojas de Ambunu (hierba desenredante natural)"},"content":{"rendered":"<p>Hoy en d\u00eda, la vuelta a lo natural se impone en el mundo de la belleza, ya sea para el cuidado del cuerpo o del cabello. En <a href=\"https:\/\/www.safinel.fr\/es\/product-category-2\/botox-capilar\/\"><strong>cuidado del cabello<\/strong><\/a>, Hay una serie de plantas que tienen diversos beneficios para el cabello. Una de ellas es el ambunu, una hierba africana muy interesante que resulta muy \u00fatil para desenredar el pelo de forma natural. He aqu\u00ed un vistazo a esta maravilla natural.<\/p>\n<h2><strong>Ambunu: \u00bfqu\u00e9 pasa?\u00a0<\/strong><\/h2>\n<p>Es una hierba que crece en algunos pa\u00edses africanos como Chad, N\u00edger, Burkina-Faso y Mozambique. Tambi\u00e9n conocido como falso s\u00e9samo, por su nombre cient\u00edfico Ceratotheca sesamoides, el ambunu es una planta de la familia de las Pedali\u00e1ceas que crece estacionalmente, a menudo justo despu\u00e9s de la estaci\u00f3n de las lluvias. Es una planta herb\u00e1cea con una serie de ventajas.<\/p>\n<p>En la farmacopea africana se utiliza para curar diversas enfermedades, pero tambi\u00e9n es muy \u00fatil para el cuidado del cabello. Una vez seco y molido, tiene una textura pegajosa que lo convierte en un desenredante natural. El ambunu es una planta que contiene numerosos antioxidantes y amino\u00e1cidos. Esto la convierte en una planta antiinflamatoria y antioxidante.<\/p>\n<h2><strong>Las propiedades del ambunu sobre el cabello<\/strong><\/h2>\n<p>Adem\u00e1s de sus propiedades comestibles, el ambunu tiene otras propiedades para el cabello. Esta planta contiene grandes cantidades de saponina. Se trata de una mol\u00e9cula natural que confiere al ambunu sus propiedades emolientes y desenredantes. Con sus propiedades antis\u00e9pticas, adem\u00e1s de las propiedades tensioactivas de las saponinas, el ambunu hidrata intensamente el cabello, lo vuelve flexible y f\u00e1cil de desenredar. Es una planta natural que limita la ca\u00edda del cabello evitando la sequedad del cuero cabelludo.<\/p>\n<p>Fortalece el cabello, d\u00e1ndole volumen. Como planta desenredante y emoliente natural, el ambunu cuida el cabello aport\u00e1ndole brillo. Es un acondicionador natural que combate la alopecia y estimula el crecimiento del cabello. Te recomendamos encarecidamente que lo utilices para desenredar tu cabello, ya que adem\u00e1s de todos estos beneficios, esta planta puede ayudarte a aliviar el picor del cuero cabelludo y a eliminar la caspa de tu cabello.<\/p>\n<h3><strong>C\u00f3mo utilizar esta hierba desenredante natural en tu rutina de cuidado capilar<\/strong><\/h3>\n<p>Utilizar esta planta para el cuidado del cabello es muy sencillo y f\u00e1cil de hacer. Puedes utilizarla como complemento de tu champ\u00fa. Lo \u00fanico que necesita para prepararlo es agua caliente y un recipiente peque\u00f1o. Vierta una o dos cucharadas de polvo de ambunu o de hojas secas en aproximadamente un litro de agua caliente.<\/p>\n<p>Dejar reposar al menos 30 minutos para que el desenredante natural act\u00fae correctamente.<\/p>\n<p>Una vez que la composici\u00f3n se haya enfriado por completo y haya alcanzado la textura ideal, apl\u00edquela sobre el rostro y el cuello. <strong>pelo<\/strong> ligeramente h\u00famedo. A continuaci\u00f3n, masajee el cuero cabelludo con el producto para que penetre el agua. Utiliza un cepillo para desenredar. Puede dejar el producto en el cabello durante unos minutos o aclarar con abundante agua inmediatamente despu\u00e9s de desenredarlo.<\/p>","protected":false},"excerpt":{"rendered":"<p>Utilizar esta planta para el cuidado del cabello es muy sencillo y f\u00e1cil de hacer.<\/p>\n<p>Este producto puede utilizarse como complemento del champ\u00fa.<\/p>\n<p><img decoding=\"async\" class=\"size-full wp-image-5091 aligncenter\" src=\"https:\/\/www.safinel.fr\/wp-content\/uploads\/2021\/06\/BANNIERE-ICONE-SAFINEL.webp\" alt=\"reaseguro de sat\u00e9n\" width=\"800\" height=\"200\" srcset=\"https:\/\/www.safinel.fr\/wp-content\/uploads\/2021\/06\/BANNIERE-ICONE-SAFINEL.webp 800w, https:\/\/www.safinel.fr\/wp-content\/uploads\/2021\/06\/BANNIERE-ICONE-SAFINEL-600x150.webp 600w, https:\/\/www.safinel.fr\/wp-content\/uploads\/2021\/06\/BANNIERE-ICONE-SAFINEL-768x192.webp 768w\" sizes=\"(max-width: 800px) 100vw, 800px\" \/><\/p>","protected":false},"featured_media":2676,"template":"","meta":[],"product_brand":[],"product_cat":[27],"product_tag":[],"class_list":{"0":"post-2675","1":"product","2":"type-product","3":"status-publish","4":"has-post-thumbnail","6":"product_cat-plantes-medicinales","8":"first","9":"outofstock","10":"shipping-taxable","11":"purchasable","12":"product-type-variable"},"yoast_head":"<!-- This site is optimized with the Yoast SEO plugin v26.6 - https:\/\/yoast.com\/wordpress\/plugins\/seo\/ -->\n<title>Ambunu I Herbe d\u00e9m\u00ealante naturelle I Achat s\u00e9curis\u00e9<\/title>\n<meta name=\"description\" content=\"Pour les soins capillaires, il existe plusieurs plantes qui disposent de divers avantages pour les cheveux. Parmi celles-ci, il y a l\u2019ambunu.\" \/>\n<meta name=\"robots\" content=\"index, follow, max-snippet:-1, max-image-preview:large, max-video-preview:-1\" \/>\n<link rel=\"canonical\" href=\"https:\/\/www.safinel.fr\/es\/product-2\/dambunu-deja\/\" \/>\n<meta property=\"og:locale\" content=\"es_ES\" \/>\n<meta property=\"og:type\" content=\"article\" \/>\n<meta property=\"og:title\" content=\"Ambunu I Herbe d\u00e9m\u00ealante naturelle I Achat s\u00e9curis\u00e9\" \/>\n<meta property=\"og:description\" content=\"Pour les soins capillaires, il existe plusieurs plantes qui disposent de divers avantages pour les cheveux. Parmi celles-ci, il y a l\u2019ambunu.\" \/>\n<meta property=\"og:url\" content=\"https:\/\/www.safinel.fr\/es\/product-2\/dambunu-deja\/\" \/>\n<meta property=\"og:site_name\" content=\"Safinel\" \/>\n<meta property=\"article:modified_time\" content=\"2024-07-17T07:52:53+00:00\" \/>\n<meta property=\"og:image\" content=\"https:\/\/www.safinel.fr\/wp-content\/uploads\/2022\/09\/feuilles-ambunu.jpg\" \/>\n\t<meta property=\"og:image:width\" content=\"600\" \/>\n\t<meta property=\"og:image:height\" content=\"600\" \/>\n\t<meta property=\"og:image:type\" content=\"image\/jpeg\" \/>\n<meta name=\"twitter:card\" content=\"summary_large_image\" \/>\n<meta name=\"twitter:label1\" content=\"Tiempo de lectura\" \/>\n\t<meta name=\"twitter:data1\" content=\"3 minutos\" \/>\n<script type=\"application\/ld+json\" class=\"yoast-schema-graph\">{\"@context\":\"https:\/\/schema.org\",\"@graph\":[{\"@type\":\"WebPage\",\"@id\":\"https:\/\/www.safinel.fr\/produit\/feuilles-dambunu\/\",\"url\":\"https:\/\/www.safinel.fr\/produit\/feuilles-dambunu\/\",\"name\":\"Ambunu I Herbe d\u00e9m\u00ealante naturelle I Achat s\u00e9curis\u00e9\",\"isPartOf\":{\"@id\":\"https:\/\/www.safinel.fr\/#website\"},\"primaryImageOfPage\":{\"@id\":\"https:\/\/www.safinel.fr\/produit\/feuilles-dambunu\/#primaryimage\"},\"image\":{\"@id\":\"https:\/\/www.safinel.fr\/produit\/feuilles-dambunu\/#primaryimage\"},\"thumbnailUrl\":\"https:\/\/www.safinel.fr\/wp-content\/uploads\/2022\/09\/feuilles-ambunu.jpg\",\"datePublished\":\"2022-09-11T09:45:13+00:00\",\"dateModified\":\"2024-07-17T07:52:53+00:00\",\"description\":\"Pour les soins capillaires, il existe plusieurs plantes qui disposent de divers avantages pour les cheveux. Parmi celles-ci, il y a l\u2019ambunu.\",\"breadcrumb\":{\"@id\":\"https:\/\/www.safinel.fr\/produit\/feuilles-dambunu\/#breadcrumb\"},\"inLanguage\":\"es\",\"potentialAction\":[{\"@type\":\"ReadAction\",\"target\":[\"https:\/\/www.safinel.fr\/produit\/feuilles-dambunu\/\"]}]},{\"@type\":\"ImageObject\",\"inLanguage\":\"es\",\"@id\":\"https:\/\/www.safinel.fr\/produit\/feuilles-dambunu\/#primaryimage\",\"url\":\"https:\/\/www.safinel.fr\/wp-content\/uploads\/2022\/09\/feuilles-ambunu.jpg\",\"contentUrl\":\"https:\/\/www.safinel.fr\/wp-content\/uploads\/2022\/09\/feuilles-ambunu.jpg\",\"width\":600,\"height\":600,\"caption\":\"Ambunu I Herbe d\u00e9m\u00ealante naturelle\"},{\"@type\":\"BreadcrumbList\",\"@id\":\"https:\/\/www.safinel.fr\/produit\/feuilles-dambunu\/#breadcrumb\",\"itemListElement\":[{\"@type\":\"ListItem\",\"position\":1,\"name\":\"Accueil\",\"item\":\"https:\/\/www.safinel.fr\/\"},{\"@type\":\"ListItem\",\"position\":2,\"name\":\"Boutique\",\"item\":\"https:\/\/www.safinel.fr\/boutique\/\"},{\"@type\":\"ListItem\",\"position\":3,\"name\":\"Feuilles d&#8217;ambunu (Herbe d\u00e9m\u00ealante naturelle)\"}]},{\"@type\":\"WebSite\",\"@id\":\"https:\/\/www.safinel.fr\/#website\",\"url\":\"https:\/\/www.safinel.fr\/\",\"name\":\"Safinel\",\"description\":\"\",\"publisher\":{\"@id\":\"https:\/\/www.safinel.fr\/#organization\"},\"potentialAction\":[{\"@type\":\"SearchAction\",\"target\":{\"@type\":\"EntryPoint\",\"urlTemplate\":\"https:\/\/www.safinel.fr\/?s={search_term_string}\"},\"query-input\":{\"@type\":\"PropertyValueSpecification\",\"valueRequired\":true,\"valueName\":\"search_term_string\"}}],\"inLanguage\":\"es\"},{\"@type\":\"Organization\",\"@id\":\"https:\/\/www.safinel.fr\/#organization\",\"name\":\"Safinel\",\"url\":\"https:\/\/www.safinel.fr\/\",\"logo\":{\"@type\":\"ImageObject\",\"inLanguage\":\"es\",\"@id\":\"https:\/\/www.safinel.fr\/#\/schema\/logo\/image\/\",\"url\":\"https:\/\/www.safinel.fr\/wp-content\/uploads\/2021\/05\/boutique-cosmetique.png\",\"contentUrl\":\"https:\/\/www.safinel.fr\/wp-content\/uploads\/2021\/05\/boutique-cosmetique.png\",\"width\":800,\"height\":200,\"caption\":\"Safinel\"},\"image\":{\"@id\":\"https:\/\/www.safinel.fr\/#\/schema\/logo\/image\/\"}}]}<\/script>\n<!-- \/ Yoast SEO plugin. -->","yoast_head_json":{"title":"Ambunu I Hierba desenredante natural I Compra segura","description":"Cuando se trata del cuidado del cabello, hay una serie de plantas que tienen diversos beneficios para el pelo. Una de ellas es el ambunu.","robots":{"index":"index","follow":"follow","max-snippet":"max-snippet:-1","max-image-preview":"max-image-preview:large","max-video-preview":"max-video-preview:-1"},"canonical":"https:\/\/www.safinel.fr\/es\/product-2\/dambunu-deja\/","og_locale":"es_ES","og_type":"article","og_title":"Ambunu I Herbe d\u00e9m\u00ealante naturelle I Achat s\u00e9curis\u00e9","og_description":"Pour les soins capillaires, il existe plusieurs plantes qui disposent de divers avantages pour les cheveux. Parmi celles-ci, il y a l\u2019ambunu.","og_url":"https:\/\/www.safinel.fr\/es\/product-2\/dambunu-deja\/","og_site_name":"Safinel","article_modified_time":"2024-07-17T07:52:53+00:00","og_image":[{"width":600,"height":600,"url":"https:\/\/www.safinel.fr\/wp-content\/uploads\/2022\/09\/feuilles-ambunu.jpg","type":"image\/jpeg"}],"twitter_card":"summary_large_image","twitter_misc":{"Tiempo de lectura":"3 minutos"},"schema":{"@context":"https:\/\/schema.org","@graph":[{"@type":"WebPage","@id":"https:\/\/www.safinel.fr\/produit\/feuilles-dambunu\/","url":"https:\/\/www.safinel.fr\/produit\/feuilles-dambunu\/","name":"Ambunu I Hierba desenredante natural I Compra segura","isPartOf":{"@id":"https:\/\/www.safinel.fr\/#website"},"primaryImageOfPage":{"@id":"https:\/\/www.safinel.fr\/produit\/feuilles-dambunu\/#primaryimage"},"image":{"@id":"https:\/\/www.safinel.fr\/produit\/feuilles-dambunu\/#primaryimage"},"thumbnailUrl":"https:\/\/www.safinel.fr\/wp-content\/uploads\/2022\/09\/feuilles-ambunu.jpg","datePublished":"2022-09-11T09:45:13+00:00","dateModified":"2024-07-17T07:52:53+00:00","description":"Cuando se trata del cuidado del cabello, hay una serie de plantas que tienen diversos beneficios para el pelo. Una de ellas es el ambunu.","breadcrumb":{"@id":"https:\/\/www.safinel.fr\/produit\/feuilles-dambunu\/#breadcrumb"},"inLanguage":"es","potentialAction":[{"@type":"ReadAction","target":["https:\/\/www.safinel.fr\/produit\/feuilles-dambunu\/"]}]},{"@type":"ImageObject","inLanguage":"es","@id":"https:\/\/www.safinel.fr\/produit\/feuilles-dambunu\/#primaryimage","url":"https:\/\/www.safinel.fr\/wp-content\/uploads\/2022\/09\/feuilles-ambunu.jpg","contentUrl":"https:\/\/www.safinel.fr\/wp-content\/uploads\/2022\/09\/feuilles-ambunu.jpg","width":600,"height":600,"caption":"Ambunu I Herbe d\u00e9m\u00ealante naturelle"},{"@type":"BreadcrumbList","@id":"https:\/\/www.safinel.fr\/produit\/feuilles-dambunu\/#breadcrumb","itemListElement":[{"@type":"ListItem","position":1,"name":"Accueil","item":"https:\/\/www.safinel.fr\/"},{"@type":"ListItem","position":2,"name":"Boutique","item":"https:\/\/www.safinel.fr\/boutique\/"},{"@type":"ListItem","position":3,"name":"Feuilles d&#8217;ambunu (Herbe d\u00e9m\u00ealante naturelle)"}]},{"@type":"WebSite","@id":"https:\/\/www.safinel.fr\/#website","url":"https:\/\/www.safinel.fr\/","name":"Safinel","description":"","publisher":{"@id":"https:\/\/www.safinel.fr\/#organization"},"potentialAction":[{"@type":"SearchAction","target":{"@type":"EntryPoint","urlTemplate":"https:\/\/www.safinel.fr\/?s={search_term_string}"},"query-input":{"@type":"PropertyValueSpecification","valueRequired":true,"valueName":"search_term_string"}}],"inLanguage":"es"},{"@type":"Organization","@id":"https:\/\/www.safinel.fr\/#organization","name":"Safinel","url":"https:\/\/www.safinel.fr\/","logo":{"@type":"ImageObject","inLanguage":"es","@id":"https:\/\/www.safinel.fr\/#\/schema\/logo\/image\/","url":"https:\/\/www.safinel.fr\/wp-content\/uploads\/2021\/05\/boutique-cosmetique.png","contentUrl":"https:\/\/www.safinel.fr\/wp-content\/uploads\/2021\/05\/boutique-cosmetique.png","width":800,"height":200,"caption":"Safinel"},"image":{"@id":"https:\/\/www.safinel.fr\/#\/schema\/logo\/image\/"}}]}},"_links":{"self":[{"href":"https:\/\/www.safinel.fr\/es\/wp-json\/wp\/v2\/product\/2675","targetHints":{"allow":["GET"]}}],"collection":[{"href":"https:\/\/www.safinel.fr\/es\/wp-json\/wp\/v2\/product"}],"about":[{"href":"https:\/\/www.safinel.fr\/es\/wp-json\/wp\/v2\/types\/product"}],"wp:featuredmedia":[{"embeddable":true,"href":"https:\/\/www.safinel.fr\/es\/wp-json\/wp\/v2\/media\/2676"}],"wp:attachment":[{"href":"https:\/\/www.safinel.fr\/es\/wp-json\/wp\/v2\/media?parent=2675"}],"wp:term":[{"taxonomy":"product_brand","embeddable":true,"href":"https:\/\/www.safinel.fr\/es\/wp-json\/wp\/v2\/product_brand?post=2675"},{"taxonomy":"product_cat","embeddable":true,"href":"https:\/\/www.safinel.fr\/es\/wp-json\/wp\/v2\/product_cat?post=2675"},{"taxonomy":"product_tag","embeddable":true,"href":"https:\/\/www.safinel.fr\/es\/wp-json\/wp\/v2\/product_tag?post=2675"}],"curies":[{"name":"wp","href":"https:\/\/api.w.org\/{rel}","templated":true}]}}