{"id":2671,"date":"2022-09-11T09:39:37","date_gmt":"2022-09-11T09:39:37","guid":{"rendered":"https:\/\/www.safinel.fr\/?post_type=product&#038;p=2671"},"modified":"2023-12-28T17:15:37","modified_gmt":"2023-12-28T17:15:37","slug":"harina-de-arroz-glutinoso","status":"publish","type":"product","link":"https:\/\/www.safinel.fr\/es\/product-2\/harina-de-arroz-glutinoso\/","title":{"rendered":"Harina de arroz glutinoso"},"content":{"rendered":"<p>Descubre la\u00a0<strong>harina de arroz glutinoso<\/strong>, \u00a1el ingrediente estrella de la cocina asi\u00e1tica! SAFINEL lo ofrece individualmente en un sobre de 400 g o en un econ\u00f3mico paquete de 3 sobres \u00a1a precio reducido!<\/p>\n<h2><strong>Harina de arroz glutinoso: \u00a1un ingrediente clave de la cocina asi\u00e1tica!<\/strong><\/h2>\n<p>La harina de arroz glutinoso es un\u00a0<strong>ingrediente vegetal<\/strong>\u00a0adecuado para\u00a0<strong>veganos<\/strong>, el\u00a0<strong>vegetarianos<\/strong>\u00a0y las personas\u00a0<strong>intolerantes al gluten.\u00a0<\/strong><\/p>\n<p>Se basa en\u00a0<strong>arroz glutinoso molido<\/strong>, que, una vez humedecida, confiere a esta harina una textura especialmente suave.\u00a0<strong>grueso y suave<\/strong>.<\/p>\n<p>Le ofrecemos un\u00a0<strong>harina de arroz glutinoso de calidad<\/strong>\u00a0que le permitir\u00e1n llevar a cabo una amplia gama de\u00a0<strong>Recetas asi\u00e1ticas<\/strong>\u00a0y otros.<\/p>\n<p>Descubra tambi\u00e9n nuestro\u00a0<strong>arroz pegajoso<\/strong>\u00a0\u00a1en granos de primera calidad!<\/p>\n<h2><strong>\u00bfC\u00f3mo se utiliza la harina de arroz glutinoso?<\/strong><\/h2>\n<p>La harina de arroz glutinoso se puede utilizar de muchas maneras diferentes, ya sea para sus platos, entrantes o postres. Var\u00ede los placeres y descubra algunos de sus posibles usos:<\/p>\n<ul>\n<li>En primer lugar, es ideal para\u00a0<strong>espesar\u00a0<\/strong>sus diferentes\u00a0<strong>salsas\u00a0<\/strong>sin a\u00f1adir gluten.<\/li>\n<\/ul>\n<ul>\n<li>En segundo lugar, se puede utilizar para hacer muchos postres y pasteles asi\u00e1ticos, tales como\u00a0<strong>Mochis japoneses<\/strong>, el\u00a0<strong>bolas de coco<\/strong>, el<strong>\u00a0Nian Gao\u00a0<\/strong>o el<strong>\u00a0Tangyuan\u00a0<\/strong>Chino.<\/li>\n<\/ul>\n<ul>\n<li>Pero tambi\u00e9n es el ingrediente clave en la producci\u00f3n de\u00a0<strong>pasteles de arroz caseros.<\/strong><\/li>\n<\/ul>\n<ul>\n<li>Por \u00faltimo, es perfecto para dise\u00f1ar\u00a0<strong>Banh Cuon<\/strong>\u00a0(tortitas vietnamitas).<\/li>\n<\/ul>\n<h2><strong>Nuestra receta de mochi gourmet<\/strong><\/h2>\n<p>Mochi es un\u00a0<strong>Pasteler\u00eda japonesa<\/strong>\u00a0que acompa\u00f1a a muchas recetas japonesas. Tradicionalmente se rellena con crema de sopa de alubias, pero puede rellenarse f\u00e1cilmente con una variedad de rellenos para satisfacer diferentes gustos.<\/p>\n<p>Esta es nuestra receta para\u00a0<strong>mochis con un generoso relleno de almendra<\/strong>\u00a0\u00a1! \u00a1Una pura delicia! Atr\u00e9vase a mezclar y variar los placeres rellenando su\u00a0<strong>pasta de arroz glutinoso<\/strong>\u00a0\u00a1de sus ingredientes favoritos!<\/p>\n<h2><strong>Ingredientes<\/strong><\/h2>\n<p><strong>Para la masa de mochi :<\/strong><\/p>\n<ul>\n<li>80 g de harina <a href=\"https:\/\/www.safinel.fr\/es\/product-2\/arroz-pegajoso\/\"><strong>arroz pegajoso<\/strong><\/a>\u00a0;<\/li>\n<li>70 g de az\u00facar ;<\/li>\n<li>140 ml de agua.<\/li>\n<li>Almid\u00f3n de ma\u00edz \/ Ma\u00efzena<\/li>\n<\/ul>\n<p><strong>Para la guarnici\u00f3n :<\/strong><\/p>\n<ul>\n<li>120 g de almendra en polvo ;<\/li>\n<li>80 g de az\u00facar glas ;<\/li>\n<li>40 g de pur\u00e9 de almendras ;<\/li>\n<li>40 ml de agua.<\/li>\n<\/ul>\n<h3><strong>Preparaci\u00f3n<\/strong><\/h3>\n<p><strong>Para la guarnici\u00f3n<\/strong><\/p>\n<ol>\n<li>Verter el polvo de almendras, el az\u00facar glas y el pur\u00e9 de almendras en un bol y mezclar bien.<\/li>\n<li>A continuaci\u00f3n, a\u00f1adir el agua poco a poco, removiendo hasta que la mezcla est\u00e9 suficientemente homog\u00e9nea.<\/li>\n<li>Por \u00faltimo, forma bolitas con la masa para adornar tu mochi.<\/li>\n<\/ol>\n<p><strong>Masa de mochi y montaje\u00a0<\/strong><\/p>\n<ul>\n<li>En primer lugar, vierta la harina de arroz glutinoso, el az\u00facar y el agua en un cuenco de cristal. A continuaci\u00f3n, m\u00e9zclelos hasta obtener una masa homog\u00e9nea.<\/li>\n<\/ul>\n<ul>\n<li>A continuaci\u00f3n, f\u00edlmelo y cu\u00e9lelo.\u00a0<strong>dos veces durante 1 minuto 30 en el microondas a 1000w\u00a0<\/strong>mezclando ligeramente la masa entre las dos pasadas.<\/li>\n<\/ul>\n<ul>\n<li>A continuaci\u00f3n, corta la masa en varias bolas. La masa es muy pegajosa, as\u00ed que a\u00f1ade un poco de levadura en polvo.\u00a0<strong>almid\u00f3n de ma\u00edz<\/strong>\u00a0para facilitar este paso.<\/li>\n<\/ul>\n<ul>\n<li>Por \u00faltimo, aplane con un\u00a0<strong>rodillo antiadherente<\/strong>\u00a0Rellena las bolas con tu mezcla de almendras y ci\u00e9rralas suavemente. Enrolla los mochis para que queden bien cerrados y tengan una bonita forma redonda.<\/li>\n<\/ul>\n<ul>\n<li>\u00a1Y ahora sus mochis de almendra gourmet est\u00e1n listos!<\/li>\n<\/ul>","protected":false},"excerpt":{"rendered":"<p>Descubra la harina de arroz glutinoso, \u00a1el ingrediente estrella de la cocina asi\u00e1tica! SAFINEL se la ofrece en un sobre individual de 400 g o en un econ\u00f3mico paquete de 3 sobres a un precio reducido. Harina de arroz glutinoso: \u00a1el ingrediente estrella de la cocina asi\u00e1tica! La harina de arroz glutinoso es un ingrediente vegetal apto para veganos, vegetarianos y [...]","protected":false},"featured_media":2672,"template":"","meta":[],"product_brand":[],"product_cat":[28],"product_tag":[],"class_list":{"0":"post-2671","1":"product","2":"type-product","3":"status-publish","4":"has-post-thumbnail","6":"product_cat-divers","8":"first","9":"instock","10":"shipping-taxable","11":"purchasable","12":"product-type-variable"},"yoast_head":"<!-- This site is optimized with the Yoast SEO plugin v26.6 - https:\/\/yoast.com\/wordpress\/plugins\/seo\/ -->\n<title>Farine de riz gluant I Achat s\u00e9curis\u00e9 I Recettes en ligne<\/title>\n<meta name=\"description\" content=\"D\u00e9couvrez la\u00a0farine de riz gluant, l\u2019ingr\u00e9dient phare dans la cuisine asiatique\u00a0! SAFINEL vous la propose dans un sachet de 400g.\" \/>\n<meta name=\"robots\" content=\"index, follow, max-snippet:-1, max-image-preview:large, max-video-preview:-1\" \/>\n<link rel=\"canonical\" href=\"https:\/\/www.safinel.fr\/es\/product-2\/harina-de-arroz-glutinoso\/\" \/>\n<meta property=\"og:locale\" content=\"es_ES\" \/>\n<meta property=\"og:type\" content=\"article\" \/>\n<meta property=\"og:title\" content=\"Farine de riz gluant I Achat s\u00e9curis\u00e9 I Recettes en ligne\" \/>\n<meta property=\"og:description\" content=\"D\u00e9couvrez la\u00a0farine de riz gluant, l\u2019ingr\u00e9dient phare dans la cuisine asiatique\u00a0! SAFINEL vous la propose dans un sachet de 400g.\" \/>\n<meta property=\"og:url\" content=\"https:\/\/www.safinel.fr\/es\/product-2\/harina-de-arroz-glutinoso\/\" \/>\n<meta property=\"og:site_name\" content=\"Safinel\" \/>\n<meta property=\"article:modified_time\" content=\"2023-12-28T17:15:37+00:00\" \/>\n<meta property=\"og:image\" content=\"https:\/\/www.safinel.fr\/wp-content\/uploads\/2022\/09\/farine-de-riz-gluant.jpg\" \/>\n\t<meta property=\"og:image:width\" content=\"600\" \/>\n\t<meta property=\"og:image:height\" content=\"600\" \/>\n\t<meta property=\"og:image:type\" content=\"image\/jpeg\" \/>\n<meta name=\"twitter:card\" content=\"summary_large_image\" \/>\n<meta name=\"twitter:label1\" content=\"Tiempo de lectura\" \/>\n\t<meta name=\"twitter:data1\" content=\"3 minutos\" \/>\n<script type=\"application\/ld+json\" class=\"yoast-schema-graph\">{\"@context\":\"https:\/\/schema.org\",\"@graph\":[{\"@type\":\"WebPage\",\"@id\":\"https:\/\/www.safinel.fr\/produit\/farine-de-riz-gluant\/\",\"url\":\"https:\/\/www.safinel.fr\/produit\/farine-de-riz-gluant\/\",\"name\":\"Farine de riz gluant I Achat s\u00e9curis\u00e9 I Recettes en ligne\",\"isPartOf\":{\"@id\":\"https:\/\/www.safinel.fr\/#website\"},\"primaryImageOfPage\":{\"@id\":\"https:\/\/www.safinel.fr\/produit\/farine-de-riz-gluant\/#primaryimage\"},\"image\":{\"@id\":\"https:\/\/www.safinel.fr\/produit\/farine-de-riz-gluant\/#primaryimage\"},\"thumbnailUrl\":\"https:\/\/www.safinel.fr\/wp-content\/uploads\/2022\/09\/farine-de-riz-gluant.jpg\",\"datePublished\":\"2022-09-11T09:39:37+00:00\",\"dateModified\":\"2023-12-28T17:15:37+00:00\",\"description\":\"D\u00e9couvrez la\u00a0farine de riz gluant, l\u2019ingr\u00e9dient phare dans la cuisine asiatique\u00a0! SAFINEL vous la propose dans un sachet de 400g.\",\"breadcrumb\":{\"@id\":\"https:\/\/www.safinel.fr\/produit\/farine-de-riz-gluant\/#breadcrumb\"},\"inLanguage\":\"es\",\"potentialAction\":[{\"@type\":\"ReadAction\",\"target\":[\"https:\/\/www.safinel.fr\/produit\/farine-de-riz-gluant\/\"]}]},{\"@type\":\"ImageObject\",\"inLanguage\":\"es\",\"@id\":\"https:\/\/www.safinel.fr\/produit\/farine-de-riz-gluant\/#primaryimage\",\"url\":\"https:\/\/www.safinel.fr\/wp-content\/uploads\/2022\/09\/farine-de-riz-gluant.jpg\",\"contentUrl\":\"https:\/\/www.safinel.fr\/wp-content\/uploads\/2022\/09\/farine-de-riz-gluant.jpg\",\"width\":600,\"height\":600,\"caption\":\"Farine de riz gluant\"},{\"@type\":\"BreadcrumbList\",\"@id\":\"https:\/\/www.safinel.fr\/produit\/farine-de-riz-gluant\/#breadcrumb\",\"itemListElement\":[{\"@type\":\"ListItem\",\"position\":1,\"name\":\"Accueil\",\"item\":\"https:\/\/www.safinel.fr\/\"},{\"@type\":\"ListItem\",\"position\":2,\"name\":\"Boutique\",\"item\":\"https:\/\/www.safinel.fr\/boutique\/\"},{\"@type\":\"ListItem\",\"position\":3,\"name\":\"Farine de riz gluant\"}]},{\"@type\":\"WebSite\",\"@id\":\"https:\/\/www.safinel.fr\/#website\",\"url\":\"https:\/\/www.safinel.fr\/\",\"name\":\"Safinel\",\"description\":\"\",\"publisher\":{\"@id\":\"https:\/\/www.safinel.fr\/#organization\"},\"potentialAction\":[{\"@type\":\"SearchAction\",\"target\":{\"@type\":\"EntryPoint\",\"urlTemplate\":\"https:\/\/www.safinel.fr\/?s={search_term_string}\"},\"query-input\":{\"@type\":\"PropertyValueSpecification\",\"valueRequired\":true,\"valueName\":\"search_term_string\"}}],\"inLanguage\":\"es\"},{\"@type\":\"Organization\",\"@id\":\"https:\/\/www.safinel.fr\/#organization\",\"name\":\"Safinel\",\"url\":\"https:\/\/www.safinel.fr\/\",\"logo\":{\"@type\":\"ImageObject\",\"inLanguage\":\"es\",\"@id\":\"https:\/\/www.safinel.fr\/#\/schema\/logo\/image\/\",\"url\":\"https:\/\/www.safinel.fr\/wp-content\/uploads\/2021\/05\/boutique-cosmetique.png\",\"contentUrl\":\"https:\/\/www.safinel.fr\/wp-content\/uploads\/2021\/05\/boutique-cosmetique.png\",\"width\":800,\"height\":200,\"caption\":\"Safinel\"},\"image\":{\"@id\":\"https:\/\/www.safinel.fr\/#\/schema\/logo\/image\/\"}}]}<\/script>\n<!-- \/ Yoast SEO plugin. -->","yoast_head_json":{"title":"Harina de arroz glutinoso I Compra segura I Recetas en l\u00ednea","description":"Descubra la harina de arroz glutinoso, \u00a1el ingrediente estrella de la cocina asi\u00e1tica! SAFINEL se la ofrece en una bolsa de 400 g.","robots":{"index":"index","follow":"follow","max-snippet":"max-snippet:-1","max-image-preview":"max-image-preview:large","max-video-preview":"max-video-preview:-1"},"canonical":"https:\/\/www.safinel.fr\/es\/product-2\/harina-de-arroz-glutinoso\/","og_locale":"es_ES","og_type":"article","og_title":"Farine de riz gluant I Achat s\u00e9curis\u00e9 I Recettes en ligne","og_description":"D\u00e9couvrez la\u00a0farine de riz gluant, l\u2019ingr\u00e9dient phare dans la cuisine asiatique\u00a0! SAFINEL vous la propose dans un sachet de 400g.","og_url":"https:\/\/www.safinel.fr\/es\/product-2\/harina-de-arroz-glutinoso\/","og_site_name":"Safinel","article_modified_time":"2023-12-28T17:15:37+00:00","og_image":[{"width":600,"height":600,"url":"https:\/\/www.safinel.fr\/wp-content\/uploads\/2022\/09\/farine-de-riz-gluant.jpg","type":"image\/jpeg"}],"twitter_card":"summary_large_image","twitter_misc":{"Tiempo de lectura":"3 minutos"},"schema":{"@context":"https:\/\/schema.org","@graph":[{"@type":"WebPage","@id":"https:\/\/www.safinel.fr\/produit\/farine-de-riz-gluant\/","url":"https:\/\/www.safinel.fr\/produit\/farine-de-riz-gluant\/","name":"Harina de arroz glutinoso I Compra segura I Recetas en l\u00ednea","isPartOf":{"@id":"https:\/\/www.safinel.fr\/#website"},"primaryImageOfPage":{"@id":"https:\/\/www.safinel.fr\/produit\/farine-de-riz-gluant\/#primaryimage"},"image":{"@id":"https:\/\/www.safinel.fr\/produit\/farine-de-riz-gluant\/#primaryimage"},"thumbnailUrl":"https:\/\/www.safinel.fr\/wp-content\/uploads\/2022\/09\/farine-de-riz-gluant.jpg","datePublished":"2022-09-11T09:39:37+00:00","dateModified":"2023-12-28T17:15:37+00:00","description":"Descubra la harina de arroz glutinoso, \u00a1el ingrediente estrella de la cocina asi\u00e1tica! SAFINEL se la ofrece en una bolsa de 400 g.","breadcrumb":{"@id":"https:\/\/www.safinel.fr\/produit\/farine-de-riz-gluant\/#breadcrumb"},"inLanguage":"es","potentialAction":[{"@type":"ReadAction","target":["https:\/\/www.safinel.fr\/produit\/farine-de-riz-gluant\/"]}]},{"@type":"ImageObject","inLanguage":"es","@id":"https:\/\/www.safinel.fr\/produit\/farine-de-riz-gluant\/#primaryimage","url":"https:\/\/www.safinel.fr\/wp-content\/uploads\/2022\/09\/farine-de-riz-gluant.jpg","contentUrl":"https:\/\/www.safinel.fr\/wp-content\/uploads\/2022\/09\/farine-de-riz-gluant.jpg","width":600,"height":600,"caption":"Farine de riz gluant"},{"@type":"BreadcrumbList","@id":"https:\/\/www.safinel.fr\/produit\/farine-de-riz-gluant\/#breadcrumb","itemListElement":[{"@type":"ListItem","position":1,"name":"Accueil","item":"https:\/\/www.safinel.fr\/"},{"@type":"ListItem","position":2,"name":"Boutique","item":"https:\/\/www.safinel.fr\/boutique\/"},{"@type":"ListItem","position":3,"name":"Farine de riz gluant"}]},{"@type":"WebSite","@id":"https:\/\/www.safinel.fr\/#website","url":"https:\/\/www.safinel.fr\/","name":"Safinel","description":"","publisher":{"@id":"https:\/\/www.safinel.fr\/#organization"},"potentialAction":[{"@type":"SearchAction","target":{"@type":"EntryPoint","urlTemplate":"https:\/\/www.safinel.fr\/?s={search_term_string}"},"query-input":{"@type":"PropertyValueSpecification","valueRequired":true,"valueName":"search_term_string"}}],"inLanguage":"es"},{"@type":"Organization","@id":"https:\/\/www.safinel.fr\/#organization","name":"Safinel","url":"https:\/\/www.safinel.fr\/","logo":{"@type":"ImageObject","inLanguage":"es","@id":"https:\/\/www.safinel.fr\/#\/schema\/logo\/image\/","url":"https:\/\/www.safinel.fr\/wp-content\/uploads\/2021\/05\/boutique-cosmetique.png","contentUrl":"https:\/\/www.safinel.fr\/wp-content\/uploads\/2021\/05\/boutique-cosmetique.png","width":800,"height":200,"caption":"Safinel"},"image":{"@id":"https:\/\/www.safinel.fr\/#\/schema\/logo\/image\/"}}]}},"_links":{"self":[{"href":"https:\/\/www.safinel.fr\/es\/wp-json\/wp\/v2\/product\/2671","targetHints":{"allow":["GET"]}}],"collection":[{"href":"https:\/\/www.safinel.fr\/es\/wp-json\/wp\/v2\/product"}],"about":[{"href":"https:\/\/www.safinel.fr\/es\/wp-json\/wp\/v2\/types\/product"}],"wp:featuredmedia":[{"embeddable":true,"href":"https:\/\/www.safinel.fr\/es\/wp-json\/wp\/v2\/media\/2672"}],"wp:attachment":[{"href":"https:\/\/www.safinel.fr\/es\/wp-json\/wp\/v2\/media?parent=2671"}],"wp:term":[{"taxonomy":"product_brand","embeddable":true,"href":"https:\/\/www.safinel.fr\/es\/wp-json\/wp\/v2\/product_brand?post=2671"},{"taxonomy":"product_cat","embeddable":true,"href":"https:\/\/www.safinel.fr\/es\/wp-json\/wp\/v2\/product_cat?post=2671"},{"taxonomy":"product_tag","embeddable":true,"href":"https:\/\/www.safinel.fr\/es\/wp-json\/wp\/v2\/product_tag?post=2671"}],"curies":[{"name":"wp","href":"https:\/\/api.w.org\/{rel}","templated":true}]}}