{"id":2669,"date":"2022-09-11T09:34:20","date_gmt":"2022-09-11T09:34:20","guid":{"rendered":"https:\/\/www.safinel.fr\/?post_type=product&#038;p=2669"},"modified":"2023-12-30T12:29:16","modified_gmt":"2023-12-30T12:29:16","slug":"arroz-pegajoso","status":"publish","type":"product","link":"https:\/\/www.safinel.fr\/es\/product-2\/arroz-pegajoso\/","title":{"rendered":"Arroz glutinoso de alta calidad 1kg"},"content":{"rendered":"<p>El arroz glutinoso, utilizado tradicionalmente en la\u00a0<strong>Cocina asi\u00e1tica<\/strong>, Se trata de una opci\u00f3n cada vez m\u00e1s popular entre los gourmets. Ya sea para reproducir buenas recetas asi\u00e1ticas o simplemente para a\u00f1adirlo a sus recetas habituales. Su consistencia pegajosa puede desanimarle al principio, pero en realidad es un manjar que todo el mundo deber\u00eda probar. Le explicamos todo lo que necesita saber sobre este arroz tan especial, que bien merece las distracciones.<\/p>\n<h2><strong>\u00bfQu\u00e9 es el arroz glutinoso?<\/strong><\/h2>\n<p>Se cultiva desde hace siglos en Asia. Cuando se cocina, su consistencia pegajosa se debe a que tiene un\u00a0<strong>alto contenido en almid\u00f3n<\/strong>. Adem\u00e1s, su composici\u00f3n\u00a0<strong>rica en hidratos de carbono lentos<\/strong>\u00a0es el alimento ideal para las personas que quieren perder peso, porque les ayuda a\u00a0<strong>evitar las punzadas de hambre<\/strong>. Pero tambi\u00e9n para los deportistas, sobre todo porque es\u00a0<strong>bajo en calor\u00edas<\/strong>.<br \/>\nSu sabor\u00a0<strong>ligeramente dulce<\/strong>\u00a0es ideal tanto para recetas dulces como saladas. Sobre todo porque es a la vez pegajosa y seca.<\/p>\n<h2><strong>\u00bfC\u00f3mo se cocina el arroz glutinoso?<\/strong><\/h2>\n<p>No se equivoque, el arroz glutinoso es \u00fanico. Y cocinarlo no es una excepci\u00f3n. En primer lugar, hay que lavar el arroz en agua fr\u00eda hasta que el agua salga clara. De hecho, cuando lo laves por primera vez, tendr\u00e1 un aspecto lechoso. Luego hay que dejarlo\u00a0<strong>dip<\/strong>, como m\u00ednimo\u00a0<strong>12 horas<\/strong>. Se recomienda hacerlo por la noche para poder cocinarlo al d\u00eda siguiente. Despu\u00e9s de remojarla, enju\u00e1guela y esc\u00farrala en un colador. Siempre debe cocinarse\u00a0<strong>al vapor<\/strong>. Coloque el arroz en la cesta de cocci\u00f3n al vapor y cu\u00e9zalo durante 30 minutos.<\/p>\n<p>Si tiene una olla a presi\u00f3n para arroz, cu\u00e9zalo como de costumbre, cubri\u00e9ndolo ligeramente con agua.<\/p>\n<h2><strong>Arroz glutinoso: \u00bfcu\u00e1nto hay que cocer?<\/strong><\/h2>\n<p>Si eres goloso y tienes los ojos m\u00e1s grandes que el est\u00f3mago, \u00a1cuidado! Estamos hablando de un arroz que te llenar\u00e1. Ese es el peque\u00f1o extra de este original arroz que\u00a0<strong>asienta el est\u00f3mago durante mucho tiempo<\/strong>. As\u00ed que, aunque est\u00e9 acostumbrado a servirse generosamente, cuente con 40 \u00f3 50 gramos por persona antes de cocinar. A diferencia de\u00a0<strong>arroz partido,\u00a0<\/strong>por ejemplo, donde contar\u00e1 70 gramos por persona.<\/p>\n<h3><strong>Una receta dulce para deleitar el paladar<\/strong><\/h3>\n<p>Ingredientes:<\/p>\n<ul>\n<li>100 gramos de arroz<\/li>\n<li>1 mango<\/li>\n<li>10 cl de leche de coco<\/li>\n<li>35 gramos de az\u00facar<\/li>\n<li>1 pizca de sal<\/li>\n<\/ul>\n<p>Una vez cocido el arroz, res\u00e9rvalo en un cuenco. Llevar a ebullici\u00f3n la leche, el az\u00facar y la sal. Remover durante 5 minutos a fuego lento antes de verter tres cuartas partes de la mezcla sobre el arroz. Con una cuchara de madera, verter suavemente la mezcla sobre el arroz para que absorba toda la leche. Dejar enfriar y cortar el mango en tiras. Dividir el arroz en dos porciones y colocar cada una en un plato de postre. Colocar los trozos de mango en los bordes del plato y verter el resto de la leche sobre el arroz.<\/p>\n<p>Ser\u00e1 delicioso, \u00a1lo prometemos! Le recomendamos que facilite su digesti\u00f3n con un\u00a0<a href=\"https:\/\/www.safinel.fr\/es\/product-2\/hojas-de-frambuesa\/\"><strong>t\u00e9 de hojas de frambuesa<\/strong><\/a>.<\/p>","protected":false},"excerpt":{"rendered":"<p>Le riz gluant, traditionnellement utilis\u00e9 dans la\u00a0cuisine asiatique, est de plus en plus appr\u00e9ci\u00e9 par les fins gourmets. Que ce soit pour reproduire de bonnes recettes d\u2019Asie ou tout simplement pour l\u2019int\u00e9grer \u00e0 vos recettes habituelles. Sa consistance gluante peut rebuter au premier abord, mais en r\u00e9alit\u00e9 c\u2019est un d\u00e9lice que tout un chacun devrait [&#8230;]","protected":false},"featured_media":2670,"template":"","meta":[],"product_brand":[],"product_cat":[28],"product_tag":[],"class_list":{"0":"post-2669","1":"product","2":"type-product","3":"status-publish","4":"has-post-thumbnail","6":"product_cat-divers","8":"first","9":"instock","10":"shipping-taxable","11":"purchasable","12":"product-type-simple"},"yoast_head":"<!-- This site is optimized with the Yoast SEO plugin v26.6 - https:\/\/yoast.com\/wordpress\/plugins\/seo\/ -->\n<title>Riz gluant I Qualit\u00e9 sup\u00e9rieur I Achat en ligne s\u00e9curis\u00e9<\/title>\n<meta name=\"description\" content=\"Le riz gluant, traditionnellement utilis\u00e9 dans la\u00a0cuisine asiatique, est de plus en plus appr\u00e9ci\u00e9 par les fins gourmets. Adoptez-le !\" \/>\n<meta name=\"robots\" content=\"index, follow, max-snippet:-1, max-image-preview:large, max-video-preview:-1\" \/>\n<link rel=\"canonical\" href=\"https:\/\/www.safinel.fr\/es\/product-2\/arroz-pegajoso\/\" \/>\n<meta property=\"og:locale\" content=\"es_ES\" \/>\n<meta property=\"og:type\" content=\"article\" \/>\n<meta property=\"og:title\" content=\"Riz gluant I Qualit\u00e9 sup\u00e9rieur I Achat en ligne s\u00e9curis\u00e9\" \/>\n<meta property=\"og:description\" content=\"Le riz gluant, traditionnellement utilis\u00e9 dans la\u00a0cuisine asiatique, est de plus en plus appr\u00e9ci\u00e9 par les fins gourmets. Adoptez-le !\" \/>\n<meta property=\"og:url\" content=\"https:\/\/www.safinel.fr\/es\/product-2\/arroz-pegajoso\/\" \/>\n<meta property=\"og:site_name\" content=\"Safinel\" \/>\n<meta property=\"article:modified_time\" content=\"2023-12-30T12:29:16+00:00\" \/>\n<meta property=\"og:image\" content=\"https:\/\/www.safinel.fr\/wp-content\/uploads\/2022\/09\/riz-gluant.jpg\" \/>\n\t<meta property=\"og:image:width\" content=\"600\" \/>\n\t<meta property=\"og:image:height\" content=\"600\" \/>\n\t<meta property=\"og:image:type\" content=\"image\/jpeg\" \/>\n<meta name=\"twitter:card\" content=\"summary_large_image\" \/>\n<meta name=\"twitter:label1\" content=\"Tiempo de lectura\" \/>\n\t<meta name=\"twitter:data1\" content=\"3 minutos\" \/>\n<script type=\"application\/ld+json\" class=\"yoast-schema-graph\">{\"@context\":\"https:\/\/schema.org\",\"@graph\":[{\"@type\":\"WebPage\",\"@id\":\"https:\/\/www.safinel.fr\/produit\/riz-gluant\/\",\"url\":\"https:\/\/www.safinel.fr\/produit\/riz-gluant\/\",\"name\":\"Riz gluant I Qualit\u00e9 sup\u00e9rieur I Achat en ligne s\u00e9curis\u00e9\",\"isPartOf\":{\"@id\":\"https:\/\/www.safinel.fr\/#website\"},\"primaryImageOfPage\":{\"@id\":\"https:\/\/www.safinel.fr\/produit\/riz-gluant\/#primaryimage\"},\"image\":{\"@id\":\"https:\/\/www.safinel.fr\/produit\/riz-gluant\/#primaryimage\"},\"thumbnailUrl\":\"https:\/\/www.safinel.fr\/wp-content\/uploads\/2022\/09\/riz-gluant.jpg\",\"datePublished\":\"2022-09-11T09:34:20+00:00\",\"dateModified\":\"2023-12-30T12:29:16+00:00\",\"description\":\"Le riz gluant, traditionnellement utilis\u00e9 dans la\u00a0cuisine asiatique, est de plus en plus appr\u00e9ci\u00e9 par les fins gourmets. Adoptez-le !\",\"breadcrumb\":{\"@id\":\"https:\/\/www.safinel.fr\/produit\/riz-gluant\/#breadcrumb\"},\"inLanguage\":\"es\",\"potentialAction\":[{\"@type\":\"ReadAction\",\"target\":[\"https:\/\/www.safinel.fr\/produit\/riz-gluant\/\"]}]},{\"@type\":\"ImageObject\",\"inLanguage\":\"es\",\"@id\":\"https:\/\/www.safinel.fr\/produit\/riz-gluant\/#primaryimage\",\"url\":\"https:\/\/www.safinel.fr\/wp-content\/uploads\/2022\/09\/riz-gluant.jpg\",\"contentUrl\":\"https:\/\/www.safinel.fr\/wp-content\/uploads\/2022\/09\/riz-gluant.jpg\",\"width\":600,\"height\":600,\"caption\":\"Riz gluant 1kg\"},{\"@type\":\"BreadcrumbList\",\"@id\":\"https:\/\/www.safinel.fr\/produit\/riz-gluant\/#breadcrumb\",\"itemListElement\":[{\"@type\":\"ListItem\",\"position\":1,\"name\":\"Accueil\",\"item\":\"https:\/\/www.safinel.fr\/\"},{\"@type\":\"ListItem\",\"position\":2,\"name\":\"Boutique\",\"item\":\"https:\/\/www.safinel.fr\/boutique\/\"},{\"@type\":\"ListItem\",\"position\":3,\"name\":\"Riz gluant 1kg qualit\u00e9 sup\u00e9rieur\"}]},{\"@type\":\"WebSite\",\"@id\":\"https:\/\/www.safinel.fr\/#website\",\"url\":\"https:\/\/www.safinel.fr\/\",\"name\":\"Safinel\",\"description\":\"\",\"publisher\":{\"@id\":\"https:\/\/www.safinel.fr\/#organization\"},\"potentialAction\":[{\"@type\":\"SearchAction\",\"target\":{\"@type\":\"EntryPoint\",\"urlTemplate\":\"https:\/\/www.safinel.fr\/?s={search_term_string}\"},\"query-input\":{\"@type\":\"PropertyValueSpecification\",\"valueRequired\":true,\"valueName\":\"search_term_string\"}}],\"inLanguage\":\"es\"},{\"@type\":\"Organization\",\"@id\":\"https:\/\/www.safinel.fr\/#organization\",\"name\":\"Safinel\",\"url\":\"https:\/\/www.safinel.fr\/\",\"logo\":{\"@type\":\"ImageObject\",\"inLanguage\":\"es\",\"@id\":\"https:\/\/www.safinel.fr\/#\/schema\/logo\/image\/\",\"url\":\"https:\/\/www.safinel.fr\/wp-content\/uploads\/2021\/05\/boutique-cosmetique.png\",\"contentUrl\":\"https:\/\/www.safinel.fr\/wp-content\/uploads\/2021\/05\/boutique-cosmetique.png\",\"width\":800,\"height\":200,\"caption\":\"Safinel\"},\"image\":{\"@id\":\"https:\/\/www.safinel.fr\/#\/schema\/logo\/image\/\"}}]}<\/script>\n<!-- \/ Yoast SEO plugin. -->","yoast_head_json":{"title":"Arroz glutinoso I Calidad superior I Compra segura en l\u00ednea","description":"El arroz glutinoso, utilizado tradicionalmente en la cocina asi\u00e1tica, es cada vez m\u00e1s popular entre los gourmets. \u00a1Ad\u00f3ptelo!","robots":{"index":"index","follow":"follow","max-snippet":"max-snippet:-1","max-image-preview":"max-image-preview:large","max-video-preview":"max-video-preview:-1"},"canonical":"https:\/\/www.safinel.fr\/es\/product-2\/arroz-pegajoso\/","og_locale":"es_ES","og_type":"article","og_title":"Riz gluant I Qualit\u00e9 sup\u00e9rieur I Achat en ligne s\u00e9curis\u00e9","og_description":"Le riz gluant, traditionnellement utilis\u00e9 dans la\u00a0cuisine asiatique, est de plus en plus appr\u00e9ci\u00e9 par les fins gourmets. Adoptez-le !","og_url":"https:\/\/www.safinel.fr\/es\/product-2\/arroz-pegajoso\/","og_site_name":"Safinel","article_modified_time":"2023-12-30T12:29:16+00:00","og_image":[{"width":600,"height":600,"url":"https:\/\/www.safinel.fr\/wp-content\/uploads\/2022\/09\/riz-gluant.jpg","type":"image\/jpeg"}],"twitter_card":"summary_large_image","twitter_misc":{"Tiempo de lectura":"3 minutos"},"schema":{"@context":"https:\/\/schema.org","@graph":[{"@type":"WebPage","@id":"https:\/\/www.safinel.fr\/produit\/riz-gluant\/","url":"https:\/\/www.safinel.fr\/produit\/riz-gluant\/","name":"Arroz glutinoso I Calidad superior I Compra segura en l\u00ednea","isPartOf":{"@id":"https:\/\/www.safinel.fr\/#website"},"primaryImageOfPage":{"@id":"https:\/\/www.safinel.fr\/produit\/riz-gluant\/#primaryimage"},"image":{"@id":"https:\/\/www.safinel.fr\/produit\/riz-gluant\/#primaryimage"},"thumbnailUrl":"https:\/\/www.safinel.fr\/wp-content\/uploads\/2022\/09\/riz-gluant.jpg","datePublished":"2022-09-11T09:34:20+00:00","dateModified":"2023-12-30T12:29:16+00:00","description":"El arroz glutinoso, utilizado tradicionalmente en la cocina asi\u00e1tica, es cada vez m\u00e1s popular entre los gourmets. \u00a1Ad\u00f3ptelo!","breadcrumb":{"@id":"https:\/\/www.safinel.fr\/produit\/riz-gluant\/#breadcrumb"},"inLanguage":"es","potentialAction":[{"@type":"ReadAction","target":["https:\/\/www.safinel.fr\/produit\/riz-gluant\/"]}]},{"@type":"ImageObject","inLanguage":"es","@id":"https:\/\/www.safinel.fr\/produit\/riz-gluant\/#primaryimage","url":"https:\/\/www.safinel.fr\/wp-content\/uploads\/2022\/09\/riz-gluant.jpg","contentUrl":"https:\/\/www.safinel.fr\/wp-content\/uploads\/2022\/09\/riz-gluant.jpg","width":600,"height":600,"caption":"Riz gluant 1kg"},{"@type":"BreadcrumbList","@id":"https:\/\/www.safinel.fr\/produit\/riz-gluant\/#breadcrumb","itemListElement":[{"@type":"ListItem","position":1,"name":"Accueil","item":"https:\/\/www.safinel.fr\/"},{"@type":"ListItem","position":2,"name":"Boutique","item":"https:\/\/www.safinel.fr\/boutique\/"},{"@type":"ListItem","position":3,"name":"Riz gluant 1kg qualit\u00e9 sup\u00e9rieur"}]},{"@type":"WebSite","@id":"https:\/\/www.safinel.fr\/#website","url":"https:\/\/www.safinel.fr\/","name":"Safinel","description":"","publisher":{"@id":"https:\/\/www.safinel.fr\/#organization"},"potentialAction":[{"@type":"SearchAction","target":{"@type":"EntryPoint","urlTemplate":"https:\/\/www.safinel.fr\/?s={search_term_string}"},"query-input":{"@type":"PropertyValueSpecification","valueRequired":true,"valueName":"search_term_string"}}],"inLanguage":"es"},{"@type":"Organization","@id":"https:\/\/www.safinel.fr\/#organization","name":"Safinel","url":"https:\/\/www.safinel.fr\/","logo":{"@type":"ImageObject","inLanguage":"es","@id":"https:\/\/www.safinel.fr\/#\/schema\/logo\/image\/","url":"https:\/\/www.safinel.fr\/wp-content\/uploads\/2021\/05\/boutique-cosmetique.png","contentUrl":"https:\/\/www.safinel.fr\/wp-content\/uploads\/2021\/05\/boutique-cosmetique.png","width":800,"height":200,"caption":"Safinel"},"image":{"@id":"https:\/\/www.safinel.fr\/#\/schema\/logo\/image\/"}}]}},"_links":{"self":[{"href":"https:\/\/www.safinel.fr\/es\/wp-json\/wp\/v2\/product\/2669","targetHints":{"allow":["GET"]}}],"collection":[{"href":"https:\/\/www.safinel.fr\/es\/wp-json\/wp\/v2\/product"}],"about":[{"href":"https:\/\/www.safinel.fr\/es\/wp-json\/wp\/v2\/types\/product"}],"wp:featuredmedia":[{"embeddable":true,"href":"https:\/\/www.safinel.fr\/es\/wp-json\/wp\/v2\/media\/2670"}],"wp:attachment":[{"href":"https:\/\/www.safinel.fr\/es\/wp-json\/wp\/v2\/media?parent=2669"}],"wp:term":[{"taxonomy":"product_brand","embeddable":true,"href":"https:\/\/www.safinel.fr\/es\/wp-json\/wp\/v2\/product_brand?post=2669"},{"taxonomy":"product_cat","embeddable":true,"href":"https:\/\/www.safinel.fr\/es\/wp-json\/wp\/v2\/product_cat?post=2669"},{"taxonomy":"product_tag","embeddable":true,"href":"https:\/\/www.safinel.fr\/es\/wp-json\/wp\/v2\/product_tag?post=2669"}],"curies":[{"name":"wp","href":"https:\/\/api.w.org\/{rel}","templated":true}]}}