{"id":265,"date":"2021-07-24T18:58:59","date_gmt":"2021-07-24T18:58:59","guid":{"rendered":"https:\/\/www.safinel.fr\/?post_type=product&#038;p=265"},"modified":"2023-12-30T13:53:46","modified_gmt":"2023-12-30T13:53:46","slug":"champu-solido-65g-reparador-caspa-calendula","status":"publish","type":"product","link":"https:\/\/www.safinel.fr\/es\/product-2\/champu-solido-65g-reparador-caspa-calendula\/","title":{"rendered":"Champ\u00fa s\u00f3lido reparador 65g (Cal\u00e9ndula Caspa)"},"content":{"rendered":"<p>Le <b>champ\u00fa s\u00f3lido<\/b> atrae cada vez a m\u00e1s curiosos y hace las delicias de quienes lo han adoptado. Tan eficaz como un champ\u00fa convencional, \u00a1tiene m\u00e1s de un truco bajo la manga!<span class=\"Apple-converted-space\">\u00a0<\/span>Si busca un champ\u00fa s\u00f3lido de calidad, deposite su confianza en nosotros y encuentre el <b>Champ\u00fa reparador s\u00f3lido de cal\u00e9ndula.<span class=\"Apple-converted-space\">\u00a0<\/span><\/b><\/p>\n<h2><b>Champ\u00fa s\u00f3lido de cal\u00e9ndula, un toque de brillo<\/b><\/h2>\n<p>Aunque los champ\u00fas l\u00edquidos son los m\u00e1s comunes, tienden a agotarse antes. Abarrotan nuestros cuartos de ba\u00f1o y, sobre todo, \u00a1nuestro pelo! Y s\u00ed, no siempre son saludables.<\/p>\n<p>Le <b>champ\u00fa s\u00f3lido reparador<\/b> es incre\u00edblemente eficaz, ya que sus ingredientes naturales lo hacen adecuado para todo tipo de cabellos.<span class=\"Apple-converted-space\">\u00a0<\/span><\/p>\n<p>Este <b>champ\u00fa s\u00f3lido de cal\u00e9ndula en barra<\/b> tiene una acci\u00f3n reparadora. Nutre intensamente el cabello, dej\u00e1ndolo suave y flexible.<\/p>\n<p><b>Ingredientes:<\/b> <i>Sulfato s\u00f3dico de coco, manteca de cacao natural ecol\u00f3gica 6,80, manteca de karit\u00e9 natural ecol\u00f3gica, aceite vegetal, grasa vegetal.<\/i><i>\u2019<\/i><i>aceite de oliva virgen extra, aceite de rosa mosqueta, aceite esencial de enebro, menta piperita<\/i><\/p>\n<h3><b>\u00bfCu\u00e1les son las propiedades del Champ\u00fa S\u00f3lido Reparador?<\/b><\/h3>\n<p>Cada vez m\u00e1s consumidores recurren al champ\u00fa s\u00f3lido por sus diversos beneficios. Fabricado con <b>d<\/b><b>\u2019<\/b><b>ingredientes naturales<\/b> y por tanto inofensivo para el planeta, el champ\u00fa s\u00f3lido es <b>ecol\u00f3gico<\/b>. Adem\u00e1s, viene sin envases, por lo que es ideal para su enfoque de cero residuos.<\/p>\n<p>As\u00ed, nuestro champ\u00fa s\u00f3lido es tan bueno para el planeta como para su salud.<span class=\"Apple-converted-space\">\u00a0<\/span><\/p>\n<p>Este champ\u00fa tambi\u00e9n tiene un lado pr\u00e1ctico: su tama\u00f1o compacto permite llevarlo a cualquier parte. Pero tambi\u00e9n es muy econ\u00f3mico. Con un solo champ\u00fa s\u00f3lido se pueden hacer entre 50 y 100 lavados.<\/p>\n<h3><b>C\u00f3mo la<\/b>\u2019<b>\u00bfC\u00f3mo puedo utilizarlo?<\/b><\/h3>\n<p>\u00bfLe intrigan los champ\u00fas s\u00f3lidos? Es normal, cuando no se est\u00e1 acostumbrado a utilizarlos. Pero \u00a1no hay nada m\u00e1s sencillo!<\/p>\n<ol>\n<li>Para empezar, m\u00f3jate el pelo como si fuera un champ\u00fa l\u00edquido; ;<\/li>\n<li>A continuaci\u00f3n, enjab\u00f3nate las manos y apl\u00edcate la espuma en el pelo; ;<span class=\"Apple-converted-space\">\u00a0<\/span><\/li>\n<li>Por \u00faltimo, aclare abundantemente con agua limpia.<span class=\"Apple-converted-space\">\u00a0<\/span><\/li>\n<\/ol>\n<h3><b>Precauciones y almacenamiento<\/b><\/h3>\n<p>Despu\u00e9s de usarlo, coloque el champ\u00fa s\u00f3lido en una jabonera y d\u00e9jelo secar.<\/p>\n<p>Una vez seco, col\u00f3quelo en una lata.<\/p>\n<p>Evitar el contacto con los ojos. En caso de contacto accidental, aclarar abundantemente.<\/p>","protected":false},"excerpt":{"rendered":"<p>El champ\u00fa s\u00f3lido atrae cada vez a m\u00e1s curiosos y hace las delicias de quienes lo han adoptado. Tan eficaz como un champ\u00fa convencional, \u00a1tiene m\u00e1s de un as en la manga! Si busca un champ\u00fa s\u00f3lido de calidad, conf\u00ede en nosotros y descubra el Champ\u00fa S\u00f3lido Reparador de Cal\u00e9ndula.  El champ\u00fa s\u00f3lido de cal\u00e9ndula, [...]","protected":false},"featured_media":300,"template":"","meta":[],"product_brand":[],"product_cat":[34,36],"product_tag":[],"class_list":{"0":"post-265","1":"product","2":"type-product","3":"status-publish","4":"has-post-thumbnail","6":"product_cat-hygiene","7":"product_cat-shampoing-solide","9":"first","10":"instock","11":"shipping-taxable","12":"purchasable","13":"product-type-simple"},"yoast_head":"<!-- This site is optimized with the Yoast SEO plugin v26.6 - https:\/\/yoast.com\/wordpress\/plugins\/seo\/ -->\n<title>Shampoing solide 65g (Calendula Dandruff) r\u00e9parateur - Safinel<\/title>\n<meta name=\"robots\" content=\"index, follow, max-snippet:-1, max-image-preview:large, max-video-preview:-1\" \/>\n<link rel=\"canonical\" href=\"https:\/\/www.safinel.fr\/es\/product-2\/champu-solido-65g-reparador-caspa-calendula\/\" \/>\n<meta property=\"og:locale\" content=\"es_ES\" \/>\n<meta property=\"og:type\" content=\"article\" \/>\n<meta property=\"og:title\" content=\"Shampoing solide 65g (Calendula Dandruff) r\u00e9parateur - Safinel\" \/>\n<meta property=\"og:description\" content=\"Le shampoing solide attire de plus en plus de curieux, et r\u00e9jouit tous ceux qui l&rsquo;ont adopt\u00e9 ! Tout autant efficace qu\u2019un shampoing conventionnel, il a bien plus d\u2019un tour dans son galet !\u00a0Si vous cherchez un shampoing solide de qualit\u00e9, faites-nous confiance et retrouvez le shampoing solide r\u00e9parateur au Calendula.\u00a0 Le shampoing solide Calendula, [...]\" \/>\n<meta property=\"og:url\" content=\"https:\/\/www.safinel.fr\/es\/product-2\/champu-solido-65g-reparador-caspa-calendula\/\" \/>\n<meta property=\"og:site_name\" content=\"Safinel\" \/>\n<meta property=\"article:modified_time\" content=\"2023-12-30T13:53:46+00:00\" \/>\n<meta property=\"og:image\" content=\"https:\/\/www.safinel.fr\/wp-content\/uploads\/2021\/07\/shampoing-solide-calendula.jpg\" \/>\n\t<meta property=\"og:image:width\" content=\"800\" \/>\n\t<meta property=\"og:image:height\" content=\"800\" \/>\n\t<meta property=\"og:image:type\" content=\"image\/jpeg\" \/>\n<meta name=\"twitter:card\" content=\"summary_large_image\" \/>\n<meta name=\"twitter:label1\" content=\"Tiempo de lectura\" \/>\n\t<meta name=\"twitter:data1\" content=\"2 minutos\" \/>\n<script type=\"application\/ld+json\" class=\"yoast-schema-graph\">{\"@context\":\"https:\/\/schema.org\",\"@graph\":[{\"@type\":\"WebPage\",\"@id\":\"https:\/\/www.safinel.fr\/produit\/shampoing-solide-65g-calendula-dandruff-reparateur\/\",\"url\":\"https:\/\/www.safinel.fr\/produit\/shampoing-solide-65g-calendula-dandruff-reparateur\/\",\"name\":\"Shampoing solide 65g (Calendula Dandruff) r\u00e9parateur - Safinel\",\"isPartOf\":{\"@id\":\"https:\/\/www.safinel.fr\/#website\"},\"primaryImageOfPage\":{\"@id\":\"https:\/\/www.safinel.fr\/produit\/shampoing-solide-65g-calendula-dandruff-reparateur\/#primaryimage\"},\"image\":{\"@id\":\"https:\/\/www.safinel.fr\/produit\/shampoing-solide-65g-calendula-dandruff-reparateur\/#primaryimage\"},\"thumbnailUrl\":\"https:\/\/www.safinel.fr\/wp-content\/uploads\/2021\/07\/shampoing-solide-calendula.jpg\",\"datePublished\":\"2021-07-24T18:58:59+00:00\",\"dateModified\":\"2023-12-30T13:53:46+00:00\",\"breadcrumb\":{\"@id\":\"https:\/\/www.safinel.fr\/produit\/shampoing-solide-65g-calendula-dandruff-reparateur\/#breadcrumb\"},\"inLanguage\":\"es\",\"potentialAction\":[{\"@type\":\"ReadAction\",\"target\":[\"https:\/\/www.safinel.fr\/produit\/shampoing-solide-65g-calendula-dandruff-reparateur\/\"]}]},{\"@type\":\"ImageObject\",\"inLanguage\":\"es\",\"@id\":\"https:\/\/www.safinel.fr\/produit\/shampoing-solide-65g-calendula-dandruff-reparateur\/#primaryimage\",\"url\":\"https:\/\/www.safinel.fr\/wp-content\/uploads\/2021\/07\/shampoing-solide-calendula.jpg\",\"contentUrl\":\"https:\/\/www.safinel.fr\/wp-content\/uploads\/2021\/07\/shampoing-solide-calendula.jpg\",\"width\":800,\"height\":800},{\"@type\":\"BreadcrumbList\",\"@id\":\"https:\/\/www.safinel.fr\/produit\/shampoing-solide-65g-calendula-dandruff-reparateur\/#breadcrumb\",\"itemListElement\":[{\"@type\":\"ListItem\",\"position\":1,\"name\":\"Accueil\",\"item\":\"https:\/\/www.safinel.fr\/\"},{\"@type\":\"ListItem\",\"position\":2,\"name\":\"Boutique\",\"item\":\"https:\/\/www.safinel.fr\/boutique\/\"},{\"@type\":\"ListItem\",\"position\":3,\"name\":\"Shampoing solide 65g (Calendula Dandruff) r\u00e9parateur\"}]},{\"@type\":\"WebSite\",\"@id\":\"https:\/\/www.safinel.fr\/#website\",\"url\":\"https:\/\/www.safinel.fr\/\",\"name\":\"Safinel\",\"description\":\"\",\"publisher\":{\"@id\":\"https:\/\/www.safinel.fr\/#organization\"},\"potentialAction\":[{\"@type\":\"SearchAction\",\"target\":{\"@type\":\"EntryPoint\",\"urlTemplate\":\"https:\/\/www.safinel.fr\/?s={search_term_string}\"},\"query-input\":{\"@type\":\"PropertyValueSpecification\",\"valueRequired\":true,\"valueName\":\"search_term_string\"}}],\"inLanguage\":\"es\"},{\"@type\":\"Organization\",\"@id\":\"https:\/\/www.safinel.fr\/#organization\",\"name\":\"Safinel\",\"url\":\"https:\/\/www.safinel.fr\/\",\"logo\":{\"@type\":\"ImageObject\",\"inLanguage\":\"es\",\"@id\":\"https:\/\/www.safinel.fr\/#\/schema\/logo\/image\/\",\"url\":\"https:\/\/www.safinel.fr\/wp-content\/uploads\/2021\/05\/boutique-cosmetique.png\",\"contentUrl\":\"https:\/\/www.safinel.fr\/wp-content\/uploads\/2021\/05\/boutique-cosmetique.png\",\"width\":800,\"height\":200,\"caption\":\"Safinel\"},\"image\":{\"@id\":\"https:\/\/www.safinel.fr\/#\/schema\/logo\/image\/\"}}]}<\/script>\n<!-- \/ Yoast SEO plugin. -->","yoast_head_json":{"title":"Champ\u00fa s\u00f3lido reparador 65g (Cal\u00e9ndula Caspa) - Safinel","robots":{"index":"index","follow":"follow","max-snippet":"max-snippet:-1","max-image-preview":"max-image-preview:large","max-video-preview":"max-video-preview:-1"},"canonical":"https:\/\/www.safinel.fr\/es\/product-2\/champu-solido-65g-reparador-caspa-calendula\/","og_locale":"es_ES","og_type":"article","og_title":"Shampoing solide 65g (Calendula Dandruff) r\u00e9parateur - Safinel","og_description":"Le shampoing solide attire de plus en plus de curieux, et r\u00e9jouit tous ceux qui l&rsquo;ont adopt\u00e9 ! Tout autant efficace qu\u2019un shampoing conventionnel, il a bien plus d\u2019un tour dans son galet !\u00a0Si vous cherchez un shampoing solide de qualit\u00e9, faites-nous confiance et retrouvez le shampoing solide r\u00e9parateur au Calendula.\u00a0 Le shampoing solide Calendula, [...]","og_url":"https:\/\/www.safinel.fr\/es\/product-2\/champu-solido-65g-reparador-caspa-calendula\/","og_site_name":"Safinel","article_modified_time":"2023-12-30T13:53:46+00:00","og_image":[{"width":800,"height":800,"url":"https:\/\/www.safinel.fr\/wp-content\/uploads\/2021\/07\/shampoing-solide-calendula.jpg","type":"image\/jpeg"}],"twitter_card":"summary_large_image","twitter_misc":{"Tiempo de lectura":"2 minutos"},"schema":{"@context":"https:\/\/schema.org","@graph":[{"@type":"WebPage","@id":"https:\/\/www.safinel.fr\/produit\/shampoing-solide-65g-calendula-dandruff-reparateur\/","url":"https:\/\/www.safinel.fr\/produit\/shampoing-solide-65g-calendula-dandruff-reparateur\/","name":"Champ\u00fa s\u00f3lido reparador 65g (Cal\u00e9ndula Caspa) - Safinel","isPartOf":{"@id":"https:\/\/www.safinel.fr\/#website"},"primaryImageOfPage":{"@id":"https:\/\/www.safinel.fr\/produit\/shampoing-solide-65g-calendula-dandruff-reparateur\/#primaryimage"},"image":{"@id":"https:\/\/www.safinel.fr\/produit\/shampoing-solide-65g-calendula-dandruff-reparateur\/#primaryimage"},"thumbnailUrl":"https:\/\/www.safinel.fr\/wp-content\/uploads\/2021\/07\/shampoing-solide-calendula.jpg","datePublished":"2021-07-24T18:58:59+00:00","dateModified":"2023-12-30T13:53:46+00:00","breadcrumb":{"@id":"https:\/\/www.safinel.fr\/produit\/shampoing-solide-65g-calendula-dandruff-reparateur\/#breadcrumb"},"inLanguage":"es","potentialAction":[{"@type":"ReadAction","target":["https:\/\/www.safinel.fr\/produit\/shampoing-solide-65g-calendula-dandruff-reparateur\/"]}]},{"@type":"ImageObject","inLanguage":"es","@id":"https:\/\/www.safinel.fr\/produit\/shampoing-solide-65g-calendula-dandruff-reparateur\/#primaryimage","url":"https:\/\/www.safinel.fr\/wp-content\/uploads\/2021\/07\/shampoing-solide-calendula.jpg","contentUrl":"https:\/\/www.safinel.fr\/wp-content\/uploads\/2021\/07\/shampoing-solide-calendula.jpg","width":800,"height":800},{"@type":"BreadcrumbList","@id":"https:\/\/www.safinel.fr\/produit\/shampoing-solide-65g-calendula-dandruff-reparateur\/#breadcrumb","itemListElement":[{"@type":"ListItem","position":1,"name":"Accueil","item":"https:\/\/www.safinel.fr\/"},{"@type":"ListItem","position":2,"name":"Boutique","item":"https:\/\/www.safinel.fr\/boutique\/"},{"@type":"ListItem","position":3,"name":"Shampoing solide 65g (Calendula Dandruff) r\u00e9parateur"}]},{"@type":"WebSite","@id":"https:\/\/www.safinel.fr\/#website","url":"https:\/\/www.safinel.fr\/","name":"Safinel","description":"","publisher":{"@id":"https:\/\/www.safinel.fr\/#organization"},"potentialAction":[{"@type":"SearchAction","target":{"@type":"EntryPoint","urlTemplate":"https:\/\/www.safinel.fr\/?s={search_term_string}"},"query-input":{"@type":"PropertyValueSpecification","valueRequired":true,"valueName":"search_term_string"}}],"inLanguage":"es"},{"@type":"Organization","@id":"https:\/\/www.safinel.fr\/#organization","name":"Safinel","url":"https:\/\/www.safinel.fr\/","logo":{"@type":"ImageObject","inLanguage":"es","@id":"https:\/\/www.safinel.fr\/#\/schema\/logo\/image\/","url":"https:\/\/www.safinel.fr\/wp-content\/uploads\/2021\/05\/boutique-cosmetique.png","contentUrl":"https:\/\/www.safinel.fr\/wp-content\/uploads\/2021\/05\/boutique-cosmetique.png","width":800,"height":200,"caption":"Safinel"},"image":{"@id":"https:\/\/www.safinel.fr\/#\/schema\/logo\/image\/"}}]}},"_links":{"self":[{"href":"https:\/\/www.safinel.fr\/es\/wp-json\/wp\/v2\/product\/265","targetHints":{"allow":["GET"]}}],"collection":[{"href":"https:\/\/www.safinel.fr\/es\/wp-json\/wp\/v2\/product"}],"about":[{"href":"https:\/\/www.safinel.fr\/es\/wp-json\/wp\/v2\/types\/product"}],"wp:featuredmedia":[{"embeddable":true,"href":"https:\/\/www.safinel.fr\/es\/wp-json\/wp\/v2\/media\/300"}],"wp:attachment":[{"href":"https:\/\/www.safinel.fr\/es\/wp-json\/wp\/v2\/media?parent=265"}],"wp:term":[{"taxonomy":"product_brand","embeddable":true,"href":"https:\/\/www.safinel.fr\/es\/wp-json\/wp\/v2\/product_brand?post=265"},{"taxonomy":"product_cat","embeddable":true,"href":"https:\/\/www.safinel.fr\/es\/wp-json\/wp\/v2\/product_cat?post=265"},{"taxonomy":"product_tag","embeddable":true,"href":"https:\/\/www.safinel.fr\/es\/wp-json\/wp\/v2\/product_tag?post=265"}],"curies":[{"name":"wp","href":"https:\/\/api.w.org\/{rel}","templated":true}]}}