{"id":263,"date":"2021-07-24T18:58:59","date_gmt":"2021-07-24T18:58:59","guid":{"rendered":"https:\/\/www.safinel.fr\/?post_type=product&#038;p=263"},"modified":"2023-12-28T17:15:04","modified_gmt":"2023-12-28T17:15:04","slug":"pano-exfoliante-de-lufa","status":"publish","type":"product","link":"https:\/\/www.safinel.fr\/es\/product-2\/pano-exfoliante-de-lufa\/","title":{"rendered":"Toallita exfoliante de lufa"},"content":{"rendered":"<ul>\n<li>Materiales naturales, salud y medio ambiente<\/li>\n<li>Malla de grano grueso, alta permeabilidad al aire, duradera y resistente<\/li>\n<li>Medios : Fibras multicapa finas y entrelazadas, evoluci\u00f3n de adsorci\u00f3n m\u00faltiple<\/li>\n<li>Amplia gama de usos: ba\u00f1os, lavados de cara, limpieza de utensilios, limpieza de todo<\/li>\n<li>Cuidada selecci\u00f3n, corte a mano, ejecuci\u00f3n art\u00edstica, detalles exquisitos<\/li>\n<\/ul>\n<p><b>Especificaciones:<br \/>\n<\/b><\/p>\n<p>Nombre del producto: Toallitas de esponja para la ducha<\/p>\n<p>Material: esponja vegetal, toalla de algod\u00f3n, banda el\u00e1stica<\/p>\n<p>Tama\u00f1o: 9*12cm<\/p>\n<p>Color: blanco, beige<\/p>\n<p>Usos: ba\u00f1o, limpieza<\/p>\n<p>Objeto de uso: General<\/p>","protected":false},"excerpt":{"rendered":"<p>Mat\u00e9riaux naturels, sant\u00e9, environnement Maille \u00e0 gros grain, forte perm\u00e9abilit\u00e9 \u00e0 l&rsquo;air, durable et durable M\u00e9ridiens : Fine, fibres multicouches entrelac\u00e9es, adsorption \u00e9volutive multiple Large gamme d&rsquo;utilisations: bain, bain, lavage du visage, ustensiles de nettoyage, nettoyage de tout S\u00e9lection soigneuse, coupe manuelle, ex\u00e9cution artistique, d\u00e9tails exquis Sp\u00e9cifications : Nom du produit: lingette de douche Loofah [&#8230;]","protected":false},"featured_media":297,"template":"","meta":[],"product_brand":[],"product_cat":[34],"product_tag":[],"class_list":{"0":"post-263","1":"product","2":"type-product","3":"status-publish","4":"has-post-thumbnail","6":"product_cat-hygiene","8":"first","9":"instock","10":"shipping-taxable","11":"purchasable","12":"product-type-simple"},"yoast_head":"<!-- This site is optimized with the Yoast SEO plugin v26.6 - https:\/\/yoast.com\/wordpress\/plugins\/seo\/ -->\n<title>Loofah gant de lavage exfoliant - Safinel<\/title>\n<meta name=\"robots\" content=\"index, follow, max-snippet:-1, max-image-preview:large, max-video-preview:-1\" \/>\n<link rel=\"canonical\" href=\"https:\/\/www.safinel.fr\/es\/product-2\/pano-exfoliante-de-lufa\/\" \/>\n<meta property=\"og:locale\" content=\"es_ES\" \/>\n<meta property=\"og:type\" content=\"article\" \/>\n<meta property=\"og:title\" content=\"Loofah gant de lavage exfoliant - Safinel\" \/>\n<meta property=\"og:description\" content=\"Mat\u00e9riaux naturels, sant\u00e9, environnement Maille \u00e0 gros grain, forte perm\u00e9abilit\u00e9 \u00e0 l&rsquo;air, durable et durable M\u00e9ridiens : Fine, fibres multicouches entrelac\u00e9es, adsorption \u00e9volutive multiple Large gamme d&rsquo;utilisations: bain, bain, lavage du visage, ustensiles de nettoyage, nettoyage de tout S\u00e9lection soigneuse, coupe manuelle, ex\u00e9cution artistique, d\u00e9tails exquis Sp\u00e9cifications : Nom du produit: lingette de douche Loofah [...]\" \/>\n<meta property=\"og:url\" content=\"https:\/\/www.safinel.fr\/es\/product-2\/pano-exfoliante-de-lufa\/\" \/>\n<meta property=\"og:site_name\" content=\"Safinel\" \/>\n<meta property=\"article:modified_time\" content=\"2023-12-28T17:15:04+00:00\" \/>\n<meta property=\"og:image\" content=\"https:\/\/www.safinel.fr\/wp-content\/uploads\/2021\/07\/03235013-2015_01.jpg\" \/>\n\t<meta property=\"og:image:width\" content=\"600\" \/>\n\t<meta property=\"og:image:height\" content=\"600\" \/>\n\t<meta property=\"og:image:type\" content=\"image\/jpeg\" \/>\n<meta name=\"twitter:card\" content=\"summary_large_image\" \/>\n<script type=\"application\/ld+json\" class=\"yoast-schema-graph\">{\"@context\":\"https:\/\/schema.org\",\"@graph\":[{\"@type\":\"WebPage\",\"@id\":\"https:\/\/www.safinel.fr\/produit\/loofah-gant-de-lavage-exfoliant\/\",\"url\":\"https:\/\/www.safinel.fr\/produit\/loofah-gant-de-lavage-exfoliant\/\",\"name\":\"Loofah gant de lavage exfoliant - Safinel\",\"isPartOf\":{\"@id\":\"https:\/\/www.safinel.fr\/#website\"},\"primaryImageOfPage\":{\"@id\":\"https:\/\/www.safinel.fr\/produit\/loofah-gant-de-lavage-exfoliant\/#primaryimage\"},\"image\":{\"@id\":\"https:\/\/www.safinel.fr\/produit\/loofah-gant-de-lavage-exfoliant\/#primaryimage\"},\"thumbnailUrl\":\"https:\/\/www.safinel.fr\/wp-content\/uploads\/2021\/07\/03235013-2015_01.jpg\",\"datePublished\":\"2021-07-24T18:58:59+00:00\",\"dateModified\":\"2023-12-28T17:15:04+00:00\",\"breadcrumb\":{\"@id\":\"https:\/\/www.safinel.fr\/produit\/loofah-gant-de-lavage-exfoliant\/#breadcrumb\"},\"inLanguage\":\"es\",\"potentialAction\":[{\"@type\":\"ReadAction\",\"target\":[\"https:\/\/www.safinel.fr\/produit\/loofah-gant-de-lavage-exfoliant\/\"]}]},{\"@type\":\"ImageObject\",\"inLanguage\":\"es\",\"@id\":\"https:\/\/www.safinel.fr\/produit\/loofah-gant-de-lavage-exfoliant\/#primaryimage\",\"url\":\"https:\/\/www.safinel.fr\/wp-content\/uploads\/2021\/07\/03235013-2015_01.jpg\",\"contentUrl\":\"https:\/\/www.safinel.fr\/wp-content\/uploads\/2021\/07\/03235013-2015_01.jpg\",\"width\":600,\"height\":600},{\"@type\":\"BreadcrumbList\",\"@id\":\"https:\/\/www.safinel.fr\/produit\/loofah-gant-de-lavage-exfoliant\/#breadcrumb\",\"itemListElement\":[{\"@type\":\"ListItem\",\"position\":1,\"name\":\"Accueil\",\"item\":\"https:\/\/www.safinel.fr\/\"},{\"@type\":\"ListItem\",\"position\":2,\"name\":\"Boutique\",\"item\":\"https:\/\/www.safinel.fr\/boutique\/\"},{\"@type\":\"ListItem\",\"position\":3,\"name\":\"Loofah gant de lavage exfoliant\"}]},{\"@type\":\"WebSite\",\"@id\":\"https:\/\/www.safinel.fr\/#website\",\"url\":\"https:\/\/www.safinel.fr\/\",\"name\":\"Safinel\",\"description\":\"\",\"publisher\":{\"@id\":\"https:\/\/www.safinel.fr\/#organization\"},\"potentialAction\":[{\"@type\":\"SearchAction\",\"target\":{\"@type\":\"EntryPoint\",\"urlTemplate\":\"https:\/\/www.safinel.fr\/?s={search_term_string}\"},\"query-input\":{\"@type\":\"PropertyValueSpecification\",\"valueRequired\":true,\"valueName\":\"search_term_string\"}}],\"inLanguage\":\"es\"},{\"@type\":\"Organization\",\"@id\":\"https:\/\/www.safinel.fr\/#organization\",\"name\":\"Safinel\",\"url\":\"https:\/\/www.safinel.fr\/\",\"logo\":{\"@type\":\"ImageObject\",\"inLanguage\":\"es\",\"@id\":\"https:\/\/www.safinel.fr\/#\/schema\/logo\/image\/\",\"url\":\"https:\/\/www.safinel.fr\/wp-content\/uploads\/2021\/05\/boutique-cosmetique.png\",\"contentUrl\":\"https:\/\/www.safinel.fr\/wp-content\/uploads\/2021\/05\/boutique-cosmetique.png\",\"width\":800,\"height\":200,\"caption\":\"Safinel\"},\"image\":{\"@id\":\"https:\/\/www.safinel.fr\/#\/schema\/logo\/image\/\"}}]}<\/script>\n<!-- \/ Yoast SEO plugin. -->","yoast_head_json":{"title":"Toallita exfoliante de lufa - Safinel","robots":{"index":"index","follow":"follow","max-snippet":"max-snippet:-1","max-image-preview":"max-image-preview:large","max-video-preview":"max-video-preview:-1"},"canonical":"https:\/\/www.safinel.fr\/es\/product-2\/pano-exfoliante-de-lufa\/","og_locale":"es_ES","og_type":"article","og_title":"Loofah gant de lavage exfoliant - Safinel","og_description":"Mat\u00e9riaux naturels, sant\u00e9, environnement Maille \u00e0 gros grain, forte perm\u00e9abilit\u00e9 \u00e0 l&rsquo;air, durable et durable M\u00e9ridiens : Fine, fibres multicouches entrelac\u00e9es, adsorption \u00e9volutive multiple Large gamme d&rsquo;utilisations: bain, bain, lavage du visage, ustensiles de nettoyage, nettoyage de tout S\u00e9lection soigneuse, coupe manuelle, ex\u00e9cution artistique, d\u00e9tails exquis Sp\u00e9cifications : Nom du produit: lingette de douche Loofah [...]","og_url":"https:\/\/www.safinel.fr\/es\/product-2\/pano-exfoliante-de-lufa\/","og_site_name":"Safinel","article_modified_time":"2023-12-28T17:15:04+00:00","og_image":[{"width":600,"height":600,"url":"https:\/\/www.safinel.fr\/wp-content\/uploads\/2021\/07\/03235013-2015_01.jpg","type":"image\/jpeg"}],"twitter_card":"summary_large_image","schema":{"@context":"https:\/\/schema.org","@graph":[{"@type":"WebPage","@id":"https:\/\/www.safinel.fr\/produit\/loofah-gant-de-lavage-exfoliant\/","url":"https:\/\/www.safinel.fr\/produit\/loofah-gant-de-lavage-exfoliant\/","name":"Toallita exfoliante de lufa - Safinel","isPartOf":{"@id":"https:\/\/www.safinel.fr\/#website"},"primaryImageOfPage":{"@id":"https:\/\/www.safinel.fr\/produit\/loofah-gant-de-lavage-exfoliant\/#primaryimage"},"image":{"@id":"https:\/\/www.safinel.fr\/produit\/loofah-gant-de-lavage-exfoliant\/#primaryimage"},"thumbnailUrl":"https:\/\/www.safinel.fr\/wp-content\/uploads\/2021\/07\/03235013-2015_01.jpg","datePublished":"2021-07-24T18:58:59+00:00","dateModified":"2023-12-28T17:15:04+00:00","breadcrumb":{"@id":"https:\/\/www.safinel.fr\/produit\/loofah-gant-de-lavage-exfoliant\/#breadcrumb"},"inLanguage":"es","potentialAction":[{"@type":"ReadAction","target":["https:\/\/www.safinel.fr\/produit\/loofah-gant-de-lavage-exfoliant\/"]}]},{"@type":"ImageObject","inLanguage":"es","@id":"https:\/\/www.safinel.fr\/produit\/loofah-gant-de-lavage-exfoliant\/#primaryimage","url":"https:\/\/www.safinel.fr\/wp-content\/uploads\/2021\/07\/03235013-2015_01.jpg","contentUrl":"https:\/\/www.safinel.fr\/wp-content\/uploads\/2021\/07\/03235013-2015_01.jpg","width":600,"height":600},{"@type":"BreadcrumbList","@id":"https:\/\/www.safinel.fr\/produit\/loofah-gant-de-lavage-exfoliant\/#breadcrumb","itemListElement":[{"@type":"ListItem","position":1,"name":"Accueil","item":"https:\/\/www.safinel.fr\/"},{"@type":"ListItem","position":2,"name":"Boutique","item":"https:\/\/www.safinel.fr\/boutique\/"},{"@type":"ListItem","position":3,"name":"Loofah gant de lavage exfoliant"}]},{"@type":"WebSite","@id":"https:\/\/www.safinel.fr\/#website","url":"https:\/\/www.safinel.fr\/","name":"Safinel","description":"","publisher":{"@id":"https:\/\/www.safinel.fr\/#organization"},"potentialAction":[{"@type":"SearchAction","target":{"@type":"EntryPoint","urlTemplate":"https:\/\/www.safinel.fr\/?s={search_term_string}"},"query-input":{"@type":"PropertyValueSpecification","valueRequired":true,"valueName":"search_term_string"}}],"inLanguage":"es"},{"@type":"Organization","@id":"https:\/\/www.safinel.fr\/#organization","name":"Safinel","url":"https:\/\/www.safinel.fr\/","logo":{"@type":"ImageObject","inLanguage":"es","@id":"https:\/\/www.safinel.fr\/#\/schema\/logo\/image\/","url":"https:\/\/www.safinel.fr\/wp-content\/uploads\/2021\/05\/boutique-cosmetique.png","contentUrl":"https:\/\/www.safinel.fr\/wp-content\/uploads\/2021\/05\/boutique-cosmetique.png","width":800,"height":200,"caption":"Safinel"},"image":{"@id":"https:\/\/www.safinel.fr\/#\/schema\/logo\/image\/"}}]}},"_links":{"self":[{"href":"https:\/\/www.safinel.fr\/es\/wp-json\/wp\/v2\/product\/263","targetHints":{"allow":["GET"]}}],"collection":[{"href":"https:\/\/www.safinel.fr\/es\/wp-json\/wp\/v2\/product"}],"about":[{"href":"https:\/\/www.safinel.fr\/es\/wp-json\/wp\/v2\/types\/product"}],"wp:featuredmedia":[{"embeddable":true,"href":"https:\/\/www.safinel.fr\/es\/wp-json\/wp\/v2\/media\/297"}],"wp:attachment":[{"href":"https:\/\/www.safinel.fr\/es\/wp-json\/wp\/v2\/media?parent=263"}],"wp:term":[{"taxonomy":"product_brand","embeddable":true,"href":"https:\/\/www.safinel.fr\/es\/wp-json\/wp\/v2\/product_brand?post=263"},{"taxonomy":"product_cat","embeddable":true,"href":"https:\/\/www.safinel.fr\/es\/wp-json\/wp\/v2\/product_cat?post=263"},{"taxonomy":"product_tag","embeddable":true,"href":"https:\/\/www.safinel.fr\/es\/wp-json\/wp\/v2\/product_tag?post=263"}],"curies":[{"name":"wp","href":"https:\/\/api.w.org\/{rel}","templated":true}]}}