{"id":2614,"date":"2022-09-08T17:18:10","date_gmt":"2022-09-08T17:18:10","guid":{"rendered":"https:\/\/www.safinel.fr\/?post_type=product&#038;p=2614"},"modified":"2023-12-28T17:15:34","modified_gmt":"2023-12-28T17:15:34","slug":"paquete-fisura-anal","status":"publish","type":"product","link":"https:\/\/www.safinel.fr\/es\/product-2\/paquete-fisura-anal\/","title":{"rendered":"Pack fisura anal"},"content":{"rendered":"<p>Lejos de ser un caso aislado, el dolor alrededor del ano puede ser f\u00edsica y a veces incluso mentalmente embarazoso. Por eso, su tienda Safinel en l\u00ednea se enorgullece de presentarle el<strong>\u00a0paquete fisura anal<\/strong>\u00a0est\u00e1 en el punto de mira.<\/p>\n<h2><strong>\u00bfQu\u00e9 es el paquete para fisuras anales?\u00a0<\/strong><\/h2>\n<p>A\u00a0<strong>fisura anal<\/strong>\u00a0es una herida en el ano. A veces muy dolorosa, puede identificarse por determinados s\u00edntomas. Aunque el diagn\u00f3stico por imagen no es necesariamente necesario en estos casos, es importante acudir al m\u00e9dico para confirmar el diagn\u00f3stico.<\/p>\n<p>Las fisuras anales suelen ir acompa\u00f1adas de una serie de presagios, como :<\/p>\n<ul>\n<li>Dolor durante y despu\u00e9s de la defecaci\u00f3n<\/li>\n<li>Picor cerca del ano<\/li>\n<li>Una llaga visible alrededor del ano<\/li>\n<li>Observaci\u00f3n de sangre en las heces<\/li>\n<\/ul>\n<p>Aunque todos estos s\u00edntomas no constituyen necesariamente una fisura anal, sigue habiendo muchas posibilidades de que se trate de una ulceraci\u00f3n dolorosa del margen anal, es decir, de una fisura anal.<\/p>\n<h2><strong>Descubrir el paquete de fisuras anales<\/strong><\/h2>\n<p>Tu compa\u00f1era de salud se dedica a investigar y luego a seleccionar cuidadosamente productos de calidad que tambi\u00e9n sean beneficiosos para tu bienestar. Por eso le gustar\u00eda presentarle el famoso pack para fisuras anales.<\/p>\n<p>Si este dolor a veces puede ser tab\u00fa para algunas personas, no se preocupe, probablemente tenemos justo lo que necesita.<\/p>\n<p>\u00bfY si hubiera llegado el momento de conocer a este\u00a0<strong>tratamiento natural<\/strong>\u00a0? Por \u00faltimo, veamos qu\u00e9 contiene el paquete:<\/p>\n<ul>\n<li>arcilla verde surfina<\/li>\n<li>pulpa de aloe vera<\/li>\n<li>aceite de oliva<\/li>\n<li>miel de tomillo o <strong><a href=\"https:\/\/www.safinel.fr\/es\/product-2\/miel-de-doranger-de-marruecos\/\">naranja<\/a><\/strong><\/li>\n<li>y un<strong style=\"color: #555555;\">\u00a0Bombilla para enema anal<\/strong><\/li>\n<\/ul>\n<p>Probablemente sienta curiosidad por saber m\u00e1s sobre las virtudes y el uso de este pack para fisuras anales. Pues bien, tu boutique de bienestar online quiere ayudarte a descubrir las virtudes de los componentes de este famoso pack.<\/p>\n<h2><strong>Los beneficios de la compresa para fisuras anales<\/strong><\/h2>\n<p>En\u00a0<strong>dolor anal\u00a0<\/strong>son a veces muy molestas, no s\u00f3lo por la localizaci\u00f3n de la herida sino tambi\u00e9n por el picor incesante asociado a la grieta. Si rascarse no es necesariamente una soluci\u00f3n positiva a largo plazo, conozca la<strong>\u00a0productos naturales<\/strong>\u00a0que le ofrece su acompa\u00f1ante sanitario Safinel.<\/p>\n<p>El pack promocionado por su tienda online es \u00fatil para :<\/p>\n<ul>\n<li>Reducir el picor<\/li>\n<li>Aligerar el bulto cerca del ano<\/li>\n<li>Tratamiento de la herida<\/li>\n<li>Aliviar el dolor durante y despu\u00e9s de la defecaci\u00f3n<\/li>\n<\/ul>\n<p>Como probablemente sepa, su compa\u00f1ero de salud\u00a0<strong>Safinel<\/strong>, Nos gustar\u00eda presentarle un tratamiento que podr\u00eda resultar m\u00e1s que \u00fatil en esta situaci\u00f3n.<\/p>\n<h2><strong>\u00bfCu\u00e1l es tu remedio natural?<\/strong><\/h2>\n<p>\u00bfQuieres aprovechar este tratamiento natural para aliviar el dolor de una fisura anal? \u00a1No des un paso m\u00e1s y descubre el preparado! Para aproximadamente 10 dosis, es decir, 30 ml por aplicaci\u00f3n.<\/p>\n<p>Empiece por tomar 80 g de arcilla verde y m\u00e9zclela con 110 ml de agua de manantial hasta obtener un l\u00edquido homog\u00e9neo. A continuaci\u00f3n, a\u00f1ade 40 g de aceite de oliva y pulpa de aloe vera. Por \u00faltimo, a\u00f1ade un poco de miel de naranjo y mezcla hasta obtener una mezcla fluida.<\/p>\n<p>Ahora s\u00f3lo tienes que aplicarlo con la pera incluida en tu envase para fisuras anales.<\/p>\n<h3><strong>Su boutique Safinel tambi\u00e9n desea que descubra...\u00a0<\/strong><\/h3>\n<p>Su compa\u00f1ero de salud Safinel siempre se preocupa por los productos que le ofrece. Por eso Safinel pone mucho cuidado en la selecci\u00f3n de productos naturales que satisfagan sus necesidades. Para ello, conoce los\u00a0<strong><a href=\"https:\/\/www.safinel.fr\/es\/product-2\/raiz-de-malvavisco\/\">ra\u00edz de malvavisco<\/a>\u00a0<\/strong>y sus numerosas ventajas.<\/p>","protected":false},"excerpt":{"rendered":"<p><strong>Composici\u00f3n:<\/strong><\/p>\n<ul>\n<li>surfine arcilla verde 100g<\/li>\n<li>pulpa de aloe vera 50g<\/li>\n<li>aceite de oliva 50g<\/li>\n<li>miel de tomillo o <strong><a href=\"https:\/\/www.safinel.fr\/es\/product-2\/miel-de-doranger-de-marruecos\/\">naranja<\/a><\/strong> 40g<\/li>\n<li>y un<strong style=\"color: #555555;\">\u00a0Bombilla para enema anal<\/strong><\/li>\n<\/ul>","protected":false},"featured_media":2616,"template":"","meta":[],"product_brand":[],"product_cat":[34],"product_tag":[],"class_list":{"0":"post-2614","1":"product","2":"type-product","3":"status-publish","4":"has-post-thumbnail","6":"product_cat-hygiene","8":"first","9":"outofstock","10":"shipping-taxable","11":"purchasable","12":"product-type-variable"},"yoast_head":"<!-- This site is optimized with the Yoast SEO plugin v26.6 - https:\/\/yoast.com\/wordpress\/plugins\/seo\/ -->\n<title>Fissure anale I Rem\u00e8de naturel I Produits de qualit\u00e9<\/title>\n<meta name=\"description\" content=\"Loin d\u2019\u00eatre un cas isol\u00e9, les douleurs autour de l\u2019anus peuvent \u00eatre g\u00eanantes physiquement et parfois m\u00eame mentalement. Adoptez le pack fissure anale !\" \/>\n<meta name=\"robots\" content=\"index, follow, max-snippet:-1, max-image-preview:large, max-video-preview:-1\" \/>\n<link rel=\"canonical\" href=\"https:\/\/www.safinel.fr\/es\/product-2\/paquete-fisura-anal\/\" \/>\n<meta property=\"og:locale\" content=\"es_ES\" \/>\n<meta property=\"og:type\" content=\"article\" \/>\n<meta property=\"og:title\" content=\"Fissure anale I Rem\u00e8de naturel I Produits de qualit\u00e9\" \/>\n<meta property=\"og:description\" content=\"Loin d\u2019\u00eatre un cas isol\u00e9, les douleurs autour de l\u2019anus peuvent \u00eatre g\u00eanantes physiquement et parfois m\u00eame mentalement. Adoptez le pack fissure anale !\" \/>\n<meta property=\"og:url\" content=\"https:\/\/www.safinel.fr\/es\/product-2\/paquete-fisura-anal\/\" \/>\n<meta property=\"og:site_name\" content=\"Safinel\" \/>\n<meta property=\"article:modified_time\" content=\"2023-12-28T17:15:34+00:00\" \/>\n<meta property=\"og:image\" content=\"https:\/\/www.safinel.fr\/wp-content\/uploads\/2022\/09\/pack-fissure-anale.jpg\" \/>\n\t<meta property=\"og:image:width\" content=\"600\" \/>\n\t<meta property=\"og:image:height\" content=\"600\" \/>\n\t<meta property=\"og:image:type\" content=\"image\/jpeg\" \/>\n<meta name=\"twitter:card\" content=\"summary_large_image\" \/>\n<meta name=\"twitter:label1\" content=\"Tiempo de lectura\" \/>\n\t<meta name=\"twitter:data1\" content=\"3 minutos\" \/>\n<script type=\"application\/ld+json\" class=\"yoast-schema-graph\">{\"@context\":\"https:\/\/schema.org\",\"@graph\":[{\"@type\":\"WebPage\",\"@id\":\"https:\/\/www.safinel.fr\/produit\/pack-fissure-anale\/\",\"url\":\"https:\/\/www.safinel.fr\/produit\/pack-fissure-anale\/\",\"name\":\"Fissure anale I Rem\u00e8de naturel I Produits de qualit\u00e9\",\"isPartOf\":{\"@id\":\"https:\/\/www.safinel.fr\/#website\"},\"primaryImageOfPage\":{\"@id\":\"https:\/\/www.safinel.fr\/produit\/pack-fissure-anale\/#primaryimage\"},\"image\":{\"@id\":\"https:\/\/www.safinel.fr\/produit\/pack-fissure-anale\/#primaryimage\"},\"thumbnailUrl\":\"https:\/\/www.safinel.fr\/wp-content\/uploads\/2022\/09\/pack-fissure-anale.jpg\",\"datePublished\":\"2022-09-08T17:18:10+00:00\",\"dateModified\":\"2023-12-28T17:15:34+00:00\",\"description\":\"Loin d\u2019\u00eatre un cas isol\u00e9, les douleurs autour de l\u2019anus peuvent \u00eatre g\u00eanantes physiquement et parfois m\u00eame mentalement. Adoptez le pack fissure anale !\",\"breadcrumb\":{\"@id\":\"https:\/\/www.safinel.fr\/produit\/pack-fissure-anale\/#breadcrumb\"},\"inLanguage\":\"es\",\"potentialAction\":[{\"@type\":\"ReadAction\",\"target\":[\"https:\/\/www.safinel.fr\/produit\/pack-fissure-anale\/\"]}]},{\"@type\":\"ImageObject\",\"inLanguage\":\"es\",\"@id\":\"https:\/\/www.safinel.fr\/produit\/pack-fissure-anale\/#primaryimage\",\"url\":\"https:\/\/www.safinel.fr\/wp-content\/uploads\/2022\/09\/pack-fissure-anale.jpg\",\"contentUrl\":\"https:\/\/www.safinel.fr\/wp-content\/uploads\/2022\/09\/pack-fissure-anale.jpg\",\"width\":600,\"height\":600,\"caption\":\"fissure anale\"},{\"@type\":\"BreadcrumbList\",\"@id\":\"https:\/\/www.safinel.fr\/produit\/pack-fissure-anale\/#breadcrumb\",\"itemListElement\":[{\"@type\":\"ListItem\",\"position\":1,\"name\":\"Accueil\",\"item\":\"https:\/\/www.safinel.fr\/\"},{\"@type\":\"ListItem\",\"position\":2,\"name\":\"Boutique\",\"item\":\"https:\/\/www.safinel.fr\/boutique\/\"},{\"@type\":\"ListItem\",\"position\":3,\"name\":\"Pack fissure anale\"}]},{\"@type\":\"WebSite\",\"@id\":\"https:\/\/www.safinel.fr\/#website\",\"url\":\"https:\/\/www.safinel.fr\/\",\"name\":\"Safinel\",\"description\":\"\",\"publisher\":{\"@id\":\"https:\/\/www.safinel.fr\/#organization\"},\"potentialAction\":[{\"@type\":\"SearchAction\",\"target\":{\"@type\":\"EntryPoint\",\"urlTemplate\":\"https:\/\/www.safinel.fr\/?s={search_term_string}\"},\"query-input\":{\"@type\":\"PropertyValueSpecification\",\"valueRequired\":true,\"valueName\":\"search_term_string\"}}],\"inLanguage\":\"es\"},{\"@type\":\"Organization\",\"@id\":\"https:\/\/www.safinel.fr\/#organization\",\"name\":\"Safinel\",\"url\":\"https:\/\/www.safinel.fr\/\",\"logo\":{\"@type\":\"ImageObject\",\"inLanguage\":\"es\",\"@id\":\"https:\/\/www.safinel.fr\/#\/schema\/logo\/image\/\",\"url\":\"https:\/\/www.safinel.fr\/wp-content\/uploads\/2021\/05\/boutique-cosmetique.png\",\"contentUrl\":\"https:\/\/www.safinel.fr\/wp-content\/uploads\/2021\/05\/boutique-cosmetique.png\",\"width\":800,\"height\":200,\"caption\":\"Safinel\"},\"image\":{\"@id\":\"https:\/\/www.safinel.fr\/#\/schema\/logo\/image\/\"}}]}<\/script>\n<!-- \/ Yoast SEO plugin. -->","yoast_head_json":{"title":"Fisura anal I Remedio natural I Productos de calidad","description":"Lejos de ser un caso aislado, el dolor alrededor del ano puede ser f\u00edsica y a veces mentalmente embarazoso. \u00a1Adopta el pack fisura anal!","robots":{"index":"index","follow":"follow","max-snippet":"max-snippet:-1","max-image-preview":"max-image-preview:large","max-video-preview":"max-video-preview:-1"},"canonical":"https:\/\/www.safinel.fr\/es\/product-2\/paquete-fisura-anal\/","og_locale":"es_ES","og_type":"article","og_title":"Fissure anale I Rem\u00e8de naturel I Produits de qualit\u00e9","og_description":"Loin d\u2019\u00eatre un cas isol\u00e9, les douleurs autour de l\u2019anus peuvent \u00eatre g\u00eanantes physiquement et parfois m\u00eame mentalement. Adoptez le pack fissure anale !","og_url":"https:\/\/www.safinel.fr\/es\/product-2\/paquete-fisura-anal\/","og_site_name":"Safinel","article_modified_time":"2023-12-28T17:15:34+00:00","og_image":[{"width":600,"height":600,"url":"https:\/\/www.safinel.fr\/wp-content\/uploads\/2022\/09\/pack-fissure-anale.jpg","type":"image\/jpeg"}],"twitter_card":"summary_large_image","twitter_misc":{"Tiempo de lectura":"3 minutos"},"schema":{"@context":"https:\/\/schema.org","@graph":[{"@type":"WebPage","@id":"https:\/\/www.safinel.fr\/produit\/pack-fissure-anale\/","url":"https:\/\/www.safinel.fr\/produit\/pack-fissure-anale\/","name":"Fisura anal I Remedio natural I Productos de calidad","isPartOf":{"@id":"https:\/\/www.safinel.fr\/#website"},"primaryImageOfPage":{"@id":"https:\/\/www.safinel.fr\/produit\/pack-fissure-anale\/#primaryimage"},"image":{"@id":"https:\/\/www.safinel.fr\/produit\/pack-fissure-anale\/#primaryimage"},"thumbnailUrl":"https:\/\/www.safinel.fr\/wp-content\/uploads\/2022\/09\/pack-fissure-anale.jpg","datePublished":"2022-09-08T17:18:10+00:00","dateModified":"2023-12-28T17:15:34+00:00","description":"Lejos de ser un caso aislado, el dolor alrededor del ano puede ser f\u00edsica y a veces mentalmente embarazoso. \u00a1Adopta el pack fisura anal!","breadcrumb":{"@id":"https:\/\/www.safinel.fr\/produit\/pack-fissure-anale\/#breadcrumb"},"inLanguage":"es","potentialAction":[{"@type":"ReadAction","target":["https:\/\/www.safinel.fr\/produit\/pack-fissure-anale\/"]}]},{"@type":"ImageObject","inLanguage":"es","@id":"https:\/\/www.safinel.fr\/produit\/pack-fissure-anale\/#primaryimage","url":"https:\/\/www.safinel.fr\/wp-content\/uploads\/2022\/09\/pack-fissure-anale.jpg","contentUrl":"https:\/\/www.safinel.fr\/wp-content\/uploads\/2022\/09\/pack-fissure-anale.jpg","width":600,"height":600,"caption":"fissure anale"},{"@type":"BreadcrumbList","@id":"https:\/\/www.safinel.fr\/produit\/pack-fissure-anale\/#breadcrumb","itemListElement":[{"@type":"ListItem","position":1,"name":"Accueil","item":"https:\/\/www.safinel.fr\/"},{"@type":"ListItem","position":2,"name":"Boutique","item":"https:\/\/www.safinel.fr\/boutique\/"},{"@type":"ListItem","position":3,"name":"Pack fissure anale"}]},{"@type":"WebSite","@id":"https:\/\/www.safinel.fr\/#website","url":"https:\/\/www.safinel.fr\/","name":"Safinel","description":"","publisher":{"@id":"https:\/\/www.safinel.fr\/#organization"},"potentialAction":[{"@type":"SearchAction","target":{"@type":"EntryPoint","urlTemplate":"https:\/\/www.safinel.fr\/?s={search_term_string}"},"query-input":{"@type":"PropertyValueSpecification","valueRequired":true,"valueName":"search_term_string"}}],"inLanguage":"es"},{"@type":"Organization","@id":"https:\/\/www.safinel.fr\/#organization","name":"Safinel","url":"https:\/\/www.safinel.fr\/","logo":{"@type":"ImageObject","inLanguage":"es","@id":"https:\/\/www.safinel.fr\/#\/schema\/logo\/image\/","url":"https:\/\/www.safinel.fr\/wp-content\/uploads\/2021\/05\/boutique-cosmetique.png","contentUrl":"https:\/\/www.safinel.fr\/wp-content\/uploads\/2021\/05\/boutique-cosmetique.png","width":800,"height":200,"caption":"Safinel"},"image":{"@id":"https:\/\/www.safinel.fr\/#\/schema\/logo\/image\/"}}]}},"_links":{"self":[{"href":"https:\/\/www.safinel.fr\/es\/wp-json\/wp\/v2\/product\/2614","targetHints":{"allow":["GET"]}}],"collection":[{"href":"https:\/\/www.safinel.fr\/es\/wp-json\/wp\/v2\/product"}],"about":[{"href":"https:\/\/www.safinel.fr\/es\/wp-json\/wp\/v2\/types\/product"}],"wp:featuredmedia":[{"embeddable":true,"href":"https:\/\/www.safinel.fr\/es\/wp-json\/wp\/v2\/media\/2616"}],"wp:attachment":[{"href":"https:\/\/www.safinel.fr\/es\/wp-json\/wp\/v2\/media?parent=2614"}],"wp:term":[{"taxonomy":"product_brand","embeddable":true,"href":"https:\/\/www.safinel.fr\/es\/wp-json\/wp\/v2\/product_brand?post=2614"},{"taxonomy":"product_cat","embeddable":true,"href":"https:\/\/www.safinel.fr\/es\/wp-json\/wp\/v2\/product_cat?post=2614"},{"taxonomy":"product_tag","embeddable":true,"href":"https:\/\/www.safinel.fr\/es\/wp-json\/wp\/v2\/product_tag?post=2614"}],"curies":[{"name":"wp","href":"https:\/\/api.w.org\/{rel}","templated":true}]}}