{"id":2496,"date":"2022-09-01T17:04:13","date_gmt":"2022-09-01T17:04:13","guid":{"rendered":"https:\/\/www.safinel.fr\/?post_type=product&#038;p=2496"},"modified":"2023-12-30T12:29:30","modified_gmt":"2023-12-30T12:29:30","slug":"donagre-gelules","status":"publish","type":"product","link":"https:\/\/www.safinel.fr\/es\/product-2\/donagre-gelules\/","title":{"rendered":"60 c\u00e1psulas de onagra"},"content":{"rendered":"<p>Las c\u00e1psulas de onagra se convertir\u00e1n en su\u00a0<strong>activos de salud y belleza<\/strong>. Tienen propiedades que te ayudar\u00e1n a calmar el dolor de tu ciclo premenstrual y a sentirte mejor.\u00a0<strong>aumenta tu fertilidad<\/strong>.\u00a0<strong>Calmante e hidratante,<\/strong>\u00a0te proporcionar\u00e1n una piel luminosa y un cuerpo sin dolor.<\/p>\n<h2><strong>C\u00e1psulas de onagra de cerca<\/strong><\/h2>\n<p>Se trata de c\u00e1psulas de aceite de onagra. La onagra es una planta de flores amarillas originaria de Norteam\u00e9rica. Tiene una vida corta y es durante su segundo a\u00f1o cuando produce sus bonitas flores y semillas. \u00c9stas, a su vez, producen el preciado aceite. Tiene una amplia gama de beneficios, as\u00ed que esto es lo que necesita saber...<\/p>\n<h2><strong>C\u00e1psulas de onagra, un potenciador de la fertilidad<\/strong><\/h2>\n<p>Tendr\u00e1n un\u00a0<strong>acci\u00f3n sobre el moco cervical<\/strong>\u00a0(el moco que se encuentra en el cuello del \u00fatero). El moco se har\u00e1 m\u00e1s denso, lo que te ayudar\u00e1 a quedarte embarazada m\u00e1s r\u00e1pidamente.<\/p>\n<p>Tomar 3 c\u00e1psulas al d\u00eda: ma\u00f1ana, mediod\u00eda y noche, durante 14 d\u00edas. Empezar el primer d\u00eda de la menstruaci\u00f3n.<\/p>\n<h3><strong>Para una piel radiante\u00a0<\/strong><\/h3>\n<p>Gracias a su\u00a0<strong>propiedades hidratantes<\/strong>, Tendr\u00e1s una piel sana y radiante. La vitamina F dar\u00e1 brillo y fuerza a tu cabello y u\u00f1as. Ser\u00e1 tu baza indiscutible de belleza.<\/p>\n<p>Para su belleza, tome una c\u00e1psula al d\u00eda.<\/p>\n<h3><strong>Se acabaron los dolores premenstruales<\/strong><\/h3>\n<p>El sufrimiento por el que pasan muchas mujeres durante este periodo las vuelve irritables y malhumoradas. Las c\u00e1psulas de onagra\u00a0<strong>aliviar el dolor\u00a0<\/strong>y\u00a0<strong>control de la irritaci\u00f3n<\/strong>. Vivir\u00e1s este momento con tranquilidad.<\/p>\n<ul>\n<li>Tome de 2 a 3 c\u00e1psulas al d\u00eda durante los 10 \u00faltimos d\u00edas de su ciclo. Es decir, antes del inicio de la menstruaci\u00f3n. Necesitas al menos dos ciclos para ver resultados.<\/li>\n<li>Para complementar la v\u00eda oral, puedes aplicar\u00a0<a href=\"https:\/\/www.safinel.fr\/es\/product-2\/aceite-de-onagra-ecologico\/\"><strong>aceite de onagra<\/strong><\/a>\u00a0directamente sobre la piel y en las zonas doloridas.<\/li>\n<\/ul>","protected":false},"excerpt":{"rendered":"<p>Las c\u00e1psulas de onagra se convertir\u00e1n en su mejor aliado para la salud y la belleza. Tienen propiedades que le ayudar\u00e1n a calmar los dolores del ciclo premenstrual y estimular su fertilidad. Calmantes e hidratantes, le proporcionar\u00e1n una piel luminosa y un cuerpo libre de dolores. Las c\u00e1psulas de onagra m\u00e1s de cerca Son c\u00e1psulas de aceite de onagra. La onagra [\u2026]","protected":false},"featured_media":2497,"template":"","meta":[],"product_brand":[],"product_cat":[28],"product_tag":[],"class_list":{"0":"post-2496","1":"product","2":"type-product","3":"status-publish","4":"has-post-thumbnail","6":"product_cat-divers","8":"first","9":"instock","10":"shipping-taxable","11":"purchasable","12":"product-type-simple"},"yoast_head":"<!-- This site is optimized with the Yoast SEO plugin v26.6 - https:\/\/yoast.com\/wordpress\/plugins\/seo\/ -->\n<title>G\u00e9lules d&#039;onagre I Stimuler votre fertilit\u00e9 naturellement<\/title>\n<meta name=\"description\" content=\"Les g\u00e9lules d\u2019onagre vont devenir votre\u00a0atout sant\u00e9 et beaut\u00e9. Propri\u00e9t\u00e9s qui vont vous aider \u00e0 calmer les douleurs de votre cycle pr\u00e9menstruel.\" \/>\n<meta name=\"robots\" content=\"index, follow, max-snippet:-1, max-image-preview:large, max-video-preview:-1\" \/>\n<link rel=\"canonical\" href=\"https:\/\/www.safinel.fr\/es\/product-2\/donagre-gelules\/\" \/>\n<meta property=\"og:locale\" content=\"es_ES\" \/>\n<meta property=\"og:type\" content=\"article\" \/>\n<meta property=\"og:title\" content=\"G\u00e9lules d&#039;onagre I Stimuler votre fertilit\u00e9 naturellement\" \/>\n<meta property=\"og:description\" content=\"Les g\u00e9lules d\u2019onagre vont devenir votre\u00a0atout sant\u00e9 et beaut\u00e9. Propri\u00e9t\u00e9s qui vont vous aider \u00e0 calmer les douleurs de votre cycle pr\u00e9menstruel.\" \/>\n<meta property=\"og:url\" content=\"https:\/\/www.safinel.fr\/es\/product-2\/donagre-gelules\/\" \/>\n<meta property=\"og:site_name\" content=\"Safinel\" \/>\n<meta property=\"article:modified_time\" content=\"2023-12-30T12:29:30+00:00\" \/>\n<meta property=\"og:image\" content=\"https:\/\/www.safinel.fr\/wp-content\/uploads\/2022\/09\/gelules-onagres.jpg\" \/>\n\t<meta property=\"og:image:width\" content=\"600\" \/>\n\t<meta property=\"og:image:height\" content=\"600\" \/>\n\t<meta property=\"og:image:type\" content=\"image\/jpeg\" \/>\n<meta name=\"twitter:card\" content=\"summary_large_image\" \/>\n<meta name=\"twitter:label1\" content=\"Tiempo de lectura\" \/>\n\t<meta name=\"twitter:data1\" content=\"2 minutos\" \/>\n<script type=\"application\/ld+json\" class=\"yoast-schema-graph\">{\"@context\":\"https:\/\/schema.org\",\"@graph\":[{\"@type\":\"WebPage\",\"@id\":\"https:\/\/www.safinel.fr\/produit\/gelules-donagre\/\",\"url\":\"https:\/\/www.safinel.fr\/produit\/gelules-donagre\/\",\"name\":\"G\u00e9lules d'onagre I Stimuler votre fertilit\u00e9 naturellement\",\"isPartOf\":{\"@id\":\"https:\/\/www.safinel.fr\/#website\"},\"primaryImageOfPage\":{\"@id\":\"https:\/\/www.safinel.fr\/produit\/gelules-donagre\/#primaryimage\"},\"image\":{\"@id\":\"https:\/\/www.safinel.fr\/produit\/gelules-donagre\/#primaryimage\"},\"thumbnailUrl\":\"https:\/\/www.safinel.fr\/wp-content\/uploads\/2022\/09\/gelules-onagres.jpg\",\"datePublished\":\"2022-09-01T17:04:13+00:00\",\"dateModified\":\"2023-12-30T12:29:30+00:00\",\"description\":\"Les g\u00e9lules d\u2019onagre vont devenir votre\u00a0atout sant\u00e9 et beaut\u00e9. Propri\u00e9t\u00e9s qui vont vous aider \u00e0 calmer les douleurs de votre cycle pr\u00e9menstruel.\",\"breadcrumb\":{\"@id\":\"https:\/\/www.safinel.fr\/produit\/gelules-donagre\/#breadcrumb\"},\"inLanguage\":\"es\",\"potentialAction\":[{\"@type\":\"ReadAction\",\"target\":[\"https:\/\/www.safinel.fr\/produit\/gelules-donagre\/\"]}]},{\"@type\":\"ImageObject\",\"inLanguage\":\"es\",\"@id\":\"https:\/\/www.safinel.fr\/produit\/gelules-donagre\/#primaryimage\",\"url\":\"https:\/\/www.safinel.fr\/wp-content\/uploads\/2022\/09\/gelules-onagres.jpg\",\"contentUrl\":\"https:\/\/www.safinel.fr\/wp-content\/uploads\/2022\/09\/gelules-onagres.jpg\",\"width\":600,\"height\":600,\"caption\":\"60 g\u00e9lules d'onagre\"},{\"@type\":\"BreadcrumbList\",\"@id\":\"https:\/\/www.safinel.fr\/produit\/gelules-donagre\/#breadcrumb\",\"itemListElement\":[{\"@type\":\"ListItem\",\"position\":1,\"name\":\"Accueil\",\"item\":\"https:\/\/www.safinel.fr\/\"},{\"@type\":\"ListItem\",\"position\":2,\"name\":\"Boutique\",\"item\":\"https:\/\/www.safinel.fr\/boutique\/\"},{\"@type\":\"ListItem\",\"position\":3,\"name\":\"60 g\u00e9lules d&#8217;onagre\"}]},{\"@type\":\"WebSite\",\"@id\":\"https:\/\/www.safinel.fr\/#website\",\"url\":\"https:\/\/www.safinel.fr\/\",\"name\":\"Safinel\",\"description\":\"\",\"publisher\":{\"@id\":\"https:\/\/www.safinel.fr\/#organization\"},\"potentialAction\":[{\"@type\":\"SearchAction\",\"target\":{\"@type\":\"EntryPoint\",\"urlTemplate\":\"https:\/\/www.safinel.fr\/?s={search_term_string}\"},\"query-input\":{\"@type\":\"PropertyValueSpecification\",\"valueRequired\":true,\"valueName\":\"search_term_string\"}}],\"inLanguage\":\"es\"},{\"@type\":\"Organization\",\"@id\":\"https:\/\/www.safinel.fr\/#organization\",\"name\":\"Safinel\",\"url\":\"https:\/\/www.safinel.fr\/\",\"logo\":{\"@type\":\"ImageObject\",\"inLanguage\":\"es\",\"@id\":\"https:\/\/www.safinel.fr\/#\/schema\/logo\/image\/\",\"url\":\"https:\/\/www.safinel.fr\/wp-content\/uploads\/2021\/05\/boutique-cosmetique.png\",\"contentUrl\":\"https:\/\/www.safinel.fr\/wp-content\/uploads\/2021\/05\/boutique-cosmetique.png\",\"width\":800,\"height\":200,\"caption\":\"Safinel\"},\"image\":{\"@id\":\"https:\/\/www.safinel.fr\/#\/schema\/logo\/image\/\"}}]}<\/script>\n<!-- \/ Yoast SEO plugin. -->","yoast_head_json":{"title":"C\u00e1psulas de onagra I Estimula tu fertilidad de forma natural","description":"Las c\u00e1psulas de onagra se convertir\u00e1n en tu baza de salud y belleza. Propiedades que te ayudar\u00e1n a aliviar los dolores de tu ciclo premenstrual.","robots":{"index":"index","follow":"follow","max-snippet":"max-snippet:-1","max-image-preview":"max-image-preview:large","max-video-preview":"max-video-preview:-1"},"canonical":"https:\/\/www.safinel.fr\/es\/product-2\/donagre-gelules\/","og_locale":"es_ES","og_type":"article","og_title":"G\u00e9lules d'onagre I Stimuler votre fertilit\u00e9 naturellement","og_description":"Les g\u00e9lules d\u2019onagre vont devenir votre\u00a0atout sant\u00e9 et beaut\u00e9. Propri\u00e9t\u00e9s qui vont vous aider \u00e0 calmer les douleurs de votre cycle pr\u00e9menstruel.","og_url":"https:\/\/www.safinel.fr\/es\/product-2\/donagre-gelules\/","og_site_name":"Safinel","article_modified_time":"2023-12-30T12:29:30+00:00","og_image":[{"width":600,"height":600,"url":"https:\/\/www.safinel.fr\/wp-content\/uploads\/2022\/09\/gelules-onagres.jpg","type":"image\/jpeg"}],"twitter_card":"summary_large_image","twitter_misc":{"Tiempo de lectura":"2 minutos"},"schema":{"@context":"https:\/\/schema.org","@graph":[{"@type":"WebPage","@id":"https:\/\/www.safinel.fr\/produit\/gelules-donagre\/","url":"https:\/\/www.safinel.fr\/produit\/gelules-donagre\/","name":"C\u00e1psulas de onagra I Estimula tu fertilidad de forma natural","isPartOf":{"@id":"https:\/\/www.safinel.fr\/#website"},"primaryImageOfPage":{"@id":"https:\/\/www.safinel.fr\/produit\/gelules-donagre\/#primaryimage"},"image":{"@id":"https:\/\/www.safinel.fr\/produit\/gelules-donagre\/#primaryimage"},"thumbnailUrl":"https:\/\/www.safinel.fr\/wp-content\/uploads\/2022\/09\/gelules-onagres.jpg","datePublished":"2022-09-01T17:04:13+00:00","dateModified":"2023-12-30T12:29:30+00:00","description":"Las c\u00e1psulas de onagra se convertir\u00e1n en tu baza de salud y belleza. Propiedades que te ayudar\u00e1n a aliviar los dolores de tu ciclo premenstrual.","breadcrumb":{"@id":"https:\/\/www.safinel.fr\/produit\/gelules-donagre\/#breadcrumb"},"inLanguage":"es","potentialAction":[{"@type":"ReadAction","target":["https:\/\/www.safinel.fr\/produit\/gelules-donagre\/"]}]},{"@type":"ImageObject","inLanguage":"es","@id":"https:\/\/www.safinel.fr\/produit\/gelules-donagre\/#primaryimage","url":"https:\/\/www.safinel.fr\/wp-content\/uploads\/2022\/09\/gelules-onagres.jpg","contentUrl":"https:\/\/www.safinel.fr\/wp-content\/uploads\/2022\/09\/gelules-onagres.jpg","width":600,"height":600,"caption":"60 g\u00e9lules d'onagre"},{"@type":"BreadcrumbList","@id":"https:\/\/www.safinel.fr\/produit\/gelules-donagre\/#breadcrumb","itemListElement":[{"@type":"ListItem","position":1,"name":"Accueil","item":"https:\/\/www.safinel.fr\/"},{"@type":"ListItem","position":2,"name":"Boutique","item":"https:\/\/www.safinel.fr\/boutique\/"},{"@type":"ListItem","position":3,"name":"60 g\u00e9lules d&#8217;onagre"}]},{"@type":"WebSite","@id":"https:\/\/www.safinel.fr\/#website","url":"https:\/\/www.safinel.fr\/","name":"Safinel","description":"","publisher":{"@id":"https:\/\/www.safinel.fr\/#organization"},"potentialAction":[{"@type":"SearchAction","target":{"@type":"EntryPoint","urlTemplate":"https:\/\/www.safinel.fr\/?s={search_term_string}"},"query-input":{"@type":"PropertyValueSpecification","valueRequired":true,"valueName":"search_term_string"}}],"inLanguage":"es"},{"@type":"Organization","@id":"https:\/\/www.safinel.fr\/#organization","name":"Safinel","url":"https:\/\/www.safinel.fr\/","logo":{"@type":"ImageObject","inLanguage":"es","@id":"https:\/\/www.safinel.fr\/#\/schema\/logo\/image\/","url":"https:\/\/www.safinel.fr\/wp-content\/uploads\/2021\/05\/boutique-cosmetique.png","contentUrl":"https:\/\/www.safinel.fr\/wp-content\/uploads\/2021\/05\/boutique-cosmetique.png","width":800,"height":200,"caption":"Safinel"},"image":{"@id":"https:\/\/www.safinel.fr\/#\/schema\/logo\/image\/"}}]}},"_links":{"self":[{"href":"https:\/\/www.safinel.fr\/es\/wp-json\/wp\/v2\/product\/2496","targetHints":{"allow":["GET"]}}],"collection":[{"href":"https:\/\/www.safinel.fr\/es\/wp-json\/wp\/v2\/product"}],"about":[{"href":"https:\/\/www.safinel.fr\/es\/wp-json\/wp\/v2\/types\/product"}],"wp:featuredmedia":[{"embeddable":true,"href":"https:\/\/www.safinel.fr\/es\/wp-json\/wp\/v2\/media\/2497"}],"wp:attachment":[{"href":"https:\/\/www.safinel.fr\/es\/wp-json\/wp\/v2\/media?parent=2496"}],"wp:term":[{"taxonomy":"product_brand","embeddable":true,"href":"https:\/\/www.safinel.fr\/es\/wp-json\/wp\/v2\/product_brand?post=2496"},{"taxonomy":"product_cat","embeddable":true,"href":"https:\/\/www.safinel.fr\/es\/wp-json\/wp\/v2\/product_cat?post=2496"},{"taxonomy":"product_tag","embeddable":true,"href":"https:\/\/www.safinel.fr\/es\/wp-json\/wp\/v2\/product_tag?post=2496"}],"curies":[{"name":"wp","href":"https:\/\/api.w.org\/{rel}","templated":true}]}}