{"id":2494,"date":"2022-09-01T17:02:48","date_gmt":"2022-09-01T17:02:48","guid":{"rendered":"https:\/\/www.safinel.fr\/?post_type=product&#038;p=2494"},"modified":"2024-03-30T18:13:26","modified_gmt":"2024-03-30T18:13:26","slug":"aceite-de-onagra-ecologico","status":"publish","type":"product","link":"https:\/\/www.safinel.fr\/es\/product-2\/aceite-de-onagra-ecologico\/","title":{"rendered":"Aceite de Onagra Ecol\u00f3gico 60ml"},"content":{"rendered":"<p>El aceite de onagra es el remedio para estar<strong>\u00a0precioso por dentro y por fuera.<\/strong>\u00a0Es el aceite de moda para las personas que desean cuidarse de forma natural. Alivia el dolor asociado a la intimidad femenina.\u00a0<strong>Nutrir la piel<\/strong>\u00a0para embellecer y\u00a0<strong>calmar la inflamaci\u00f3n<\/strong>. Si a\u00fan no lo conoce, \u00a1\u00e9ste es el aceite que debe descubrir!<\/p>\n<h2><strong>Aceite de onagra: Analg\u00e9sico femenino<\/strong><\/h2>\n<p>Se elabora a partir de las semillas de la onagra, una planta tambi\u00e9n conocida como belleza vespertina porque sus flores florecen al atardecer. En fitoterapia, este aceite es conocido por aliviar los s\u00edndromes premenstruales. Tambi\u00e9n\u00a0<strong>reducir el dolor abdominal<\/strong>,\u00a0<strong>aliviar la tensi\u00f3n en los senos\u00a0<\/strong>y\u00a0<strong>reducir la irritabilidad<\/strong>. De hecho, restablece el equilibrio hormonal del organismo femenino. Por tanto, tambi\u00e9n alivia a las mujeres que atraviesan la premenopausia o la menopausia. Calma los sofocos, los cambios de humor y la sequedad de la piel y las mucosas.<\/p>\n<p>Sea cual sea el periodo de su vida, podr\u00e1 acogerlo con tranquilidad.<\/p>\n<p>Pruebe tambi\u00e9n nuestro\u00a0<a href=\"https:\/\/www.safinel.fr\/es\/product-2\/miel-de-comino-negro\/\"><strong>miel de comino negro<\/strong><\/a>\u00a0Se cree que alivia las menstruaciones dolorosas.<\/p>\n<h3><strong>Para una piel sana y bonita<\/strong><\/h3>\n<p>Gracias a su composici\u00f3n rica en \u00e1cidos grasos esenciales, actuar\u00e1 sobre la piel hidrat\u00e1ndola al tiempo que preserva su elasticidad y flexibilidad. Por ello, puede aplicarlo diariamente como hidratante. Tambi\u00e9n tendr\u00e1 un efecto antiedad sobre su piel. Es el\u00a0<strong>cuidado antiedad<\/strong>\u00a0\u00a1! Finalmente, ella\u00a0<strong>calma las irritaciones cut\u00e1neas<\/strong>. En particular, el eczema, que trata perfectamente. Pero tambi\u00e9n para las pieles secas. A partir de ahora, tendr\u00e1 una piel radiante y sana.<\/p>\n<p>M\u00e1s informaci\u00f3n\u00a0<strong>gel de aloe vera<\/strong>, excelente para la piel.<\/p>\n<h3><strong>Una barrera contra la inflamaci\u00f3n<\/strong><\/h3>\n<p>El dolor cotidiano es muy incapacitante. Puede impedirle trabajar, aislarle de los dem\u00e1s y deprimirle. El aceite de onagra\u00a0<strong>reducir los estados inflamatorios\u00a0<\/strong>en general, y ayudarle a seguir con su vida. Tambi\u00e9n puede utilizarlo para el dolor articular. Y, m\u00e1s concretamente, para la artritis o la artritis reumatoide, que se ver\u00e1 aliviada y aliviada.<\/p>\n<h2><strong>Precauciones de empleo del aceite de onagra<\/strong><\/h2>\n<p>Como norma general, tenga cuidado si tiene alergias. Y si tomas medicamentos con regularidad, pide consejo a tu m\u00e9dico para evitar cualquier interacci\u00f3n farmacol\u00f3gica.<\/p>\n<p>Adem\u00e1s, este aceite es\u00a0<strong>no recomendado para mujeres embarazadas o en periodo de lactancia<\/strong>. Y est\u00e1 contraindicado en casos de epilepsia.<\/p>\n<h2><strong>C\u00f3mo utilizar el aceite de onagra<\/strong><\/h2>\n<p>Con las manos limpias, frotar diariamente las zonas doloridas.<\/p>\n<p>Tambi\u00e9n puedes utilizar una cucharadita para condimentar tus ensaladas. Sin embargo, para aprovechar al m\u00e1ximo sus beneficios, no la calientes.<\/p>\n<h3><strong>Nuestro consejo de belleza:<\/strong><\/h3>\n<p>Para un tratamiento corporal calmante: diluir 2 gotas de aceite esencial de geranio rosa en una cucharada de aceite de onagra. Para cantidades mayores, mezclar 50 ml y 20 gotas. El resultado es un tratamiento hidratante y reequilibrante para la piel. Puedes aplicar esta mezcla por toda la piel todos los d\u00edas.<\/p>\n<p>Guarde el frasco en el frigor\u00edfico, ya que se pone rancio muy r\u00e1pidamente.<\/p>\n<p>Para obtener resultados \u00f3ptimos, combine el aceite con\u00a0<strong><a href=\"https:\/\/www.safinel.fr\/es\/product-2\/donagre-gelules\/\">c\u00e1psulas de onagra<\/a>.<\/strong><\/p>","protected":false},"excerpt":{"rendered":"<p>L\u2019huile d\u2019onagre c\u2019est le rem\u00e8de pour \u00eatre\u00a0belle de l\u2019int\u00e9rieur et de l\u2019ext\u00e9rieur.\u00a0C\u2019est l\u2019huile tendance des personnes qui veulent prendre soin d\u2019elles naturellement. Elle va calmer les douleurs li\u00e9es \u00e0 l\u2019intimit\u00e9 f\u00e9minine.\u00a0Nourrir la peau\u00a0pour l\u2019embellir et\u00a0apaiser les inflammations. Si vous ne la connaissez pas encore, c\u2019est l\u2019huile \u00e0 d\u00e9couvrir\u00a0! L&rsquo;huile d&rsquo;onagre : L\u2019antalgique des femmes Elle [&#8230;]","protected":false},"featured_media":2495,"template":"","meta":[],"product_brand":[],"product_cat":[28,122],"product_tag":[],"class_list":{"0":"post-2494","1":"product","2":"type-product","3":"status-publish","4":"has-post-thumbnail","6":"product_cat-divers","7":"product_cat-huile-vegetale","9":"first","10":"instock","11":"shipping-taxable","12":"purchasable","13":"product-type-simple"},"yoast_head":"<!-- This site is optimized with the Yoast SEO plugin v26.6 - https:\/\/yoast.com\/wordpress\/plugins\/seo\/ -->\n<title>Huile d&#039;onagre I Bienfaits nombreux I Huile naturelle &amp; bio<\/title>\n<meta name=\"description\" content=\"L\u2019huile d\u2019onagre, rem\u00e8de pour \u00eatre\u00a0belle de l\u2019int\u00e9rieur et de l\u2019ext\u00e9rieur.\u00a0C\u2019est l\u2019huile pour les personnes qui veulent prendre soin d\u2019elles naturellement.\" \/>\n<meta name=\"robots\" content=\"index, follow, max-snippet:-1, max-image-preview:large, max-video-preview:-1\" \/>\n<link rel=\"canonical\" href=\"https:\/\/www.safinel.fr\/es\/product-2\/aceite-de-onagra-ecologico\/\" \/>\n<meta property=\"og:locale\" content=\"es_ES\" \/>\n<meta property=\"og:type\" content=\"article\" \/>\n<meta property=\"og:title\" content=\"Huile d&#039;onagre I Bienfaits nombreux I Huile naturelle &amp; bio\" \/>\n<meta property=\"og:description\" content=\"L\u2019huile d\u2019onagre, rem\u00e8de pour \u00eatre\u00a0belle de l\u2019int\u00e9rieur et de l\u2019ext\u00e9rieur.\u00a0C\u2019est l\u2019huile pour les personnes qui veulent prendre soin d\u2019elles naturellement.\" \/>\n<meta property=\"og:url\" content=\"https:\/\/www.safinel.fr\/es\/product-2\/aceite-de-onagra-ecologico\/\" \/>\n<meta property=\"og:site_name\" content=\"Safinel\" \/>\n<meta property=\"article:modified_time\" content=\"2024-03-30T18:13:26+00:00\" \/>\n<meta property=\"og:image\" content=\"https:\/\/www.safinel.fr\/wp-content\/uploads\/2022\/09\/huile-onagre.jpg\" \/>\n\t<meta property=\"og:image:width\" content=\"600\" \/>\n\t<meta property=\"og:image:height\" content=\"600\" \/>\n\t<meta property=\"og:image:type\" content=\"image\/jpeg\" \/>\n<meta name=\"twitter:card\" content=\"summary_large_image\" \/>\n<meta name=\"twitter:label1\" content=\"Tiempo de lectura\" \/>\n\t<meta name=\"twitter:data1\" content=\"3 minutos\" \/>\n<script type=\"application\/ld+json\" class=\"yoast-schema-graph\">{\"@context\":\"https:\/\/schema.org\",\"@graph\":[{\"@type\":\"WebPage\",\"@id\":\"https:\/\/www.safinel.fr\/produit\/huile-donagre-bio\/\",\"url\":\"https:\/\/www.safinel.fr\/produit\/huile-donagre-bio\/\",\"name\":\"Huile d'onagre I Bienfaits nombreux I Huile naturelle & bio\",\"isPartOf\":{\"@id\":\"https:\/\/www.safinel.fr\/#website\"},\"primaryImageOfPage\":{\"@id\":\"https:\/\/www.safinel.fr\/produit\/huile-donagre-bio\/#primaryimage\"},\"image\":{\"@id\":\"https:\/\/www.safinel.fr\/produit\/huile-donagre-bio\/#primaryimage\"},\"thumbnailUrl\":\"https:\/\/www.safinel.fr\/wp-content\/uploads\/2022\/09\/huile-onagre.jpg\",\"datePublished\":\"2022-09-01T17:02:48+00:00\",\"dateModified\":\"2024-03-30T18:13:26+00:00\",\"description\":\"L\u2019huile d\u2019onagre, rem\u00e8de pour \u00eatre\u00a0belle de l\u2019int\u00e9rieur et de l\u2019ext\u00e9rieur.\u00a0C\u2019est l\u2019huile pour les personnes qui veulent prendre soin d\u2019elles naturellement.\",\"breadcrumb\":{\"@id\":\"https:\/\/www.safinel.fr\/produit\/huile-donagre-bio\/#breadcrumb\"},\"inLanguage\":\"es\",\"potentialAction\":[{\"@type\":\"ReadAction\",\"target\":[\"https:\/\/www.safinel.fr\/produit\/huile-donagre-bio\/\"]}]},{\"@type\":\"ImageObject\",\"inLanguage\":\"es\",\"@id\":\"https:\/\/www.safinel.fr\/produit\/huile-donagre-bio\/#primaryimage\",\"url\":\"https:\/\/www.safinel.fr\/wp-content\/uploads\/2022\/09\/huile-onagre.jpg\",\"contentUrl\":\"https:\/\/www.safinel.fr\/wp-content\/uploads\/2022\/09\/huile-onagre.jpg\",\"width\":600,\"height\":600,\"caption\":\"Huile d'onagre bio 60ml\"},{\"@type\":\"BreadcrumbList\",\"@id\":\"https:\/\/www.safinel.fr\/produit\/huile-donagre-bio\/#breadcrumb\",\"itemListElement\":[{\"@type\":\"ListItem\",\"position\":1,\"name\":\"Accueil\",\"item\":\"https:\/\/www.safinel.fr\/\"},{\"@type\":\"ListItem\",\"position\":2,\"name\":\"Boutique\",\"item\":\"https:\/\/www.safinel.fr\/boutique\/\"},{\"@type\":\"ListItem\",\"position\":3,\"name\":\"Huile d&#8217;onagre bio 60ml\"}]},{\"@type\":\"WebSite\",\"@id\":\"https:\/\/www.safinel.fr\/#website\",\"url\":\"https:\/\/www.safinel.fr\/\",\"name\":\"Safinel\",\"description\":\"\",\"publisher\":{\"@id\":\"https:\/\/www.safinel.fr\/#organization\"},\"potentialAction\":[{\"@type\":\"SearchAction\",\"target\":{\"@type\":\"EntryPoint\",\"urlTemplate\":\"https:\/\/www.safinel.fr\/?s={search_term_string}\"},\"query-input\":{\"@type\":\"PropertyValueSpecification\",\"valueRequired\":true,\"valueName\":\"search_term_string\"}}],\"inLanguage\":\"es\"},{\"@type\":\"Organization\",\"@id\":\"https:\/\/www.safinel.fr\/#organization\",\"name\":\"Safinel\",\"url\":\"https:\/\/www.safinel.fr\/\",\"logo\":{\"@type\":\"ImageObject\",\"inLanguage\":\"es\",\"@id\":\"https:\/\/www.safinel.fr\/#\/schema\/logo\/image\/\",\"url\":\"https:\/\/www.safinel.fr\/wp-content\/uploads\/2021\/05\/boutique-cosmetique.png\",\"contentUrl\":\"https:\/\/www.safinel.fr\/wp-content\/uploads\/2021\/05\/boutique-cosmetique.png\",\"width\":800,\"height\":200,\"caption\":\"Safinel\"},\"image\":{\"@id\":\"https:\/\/www.safinel.fr\/#\/schema\/logo\/image\/\"}}]}<\/script>\n<!-- \/ Yoast SEO plugin. -->","yoast_head_json":{"title":"Aceite de onagra I Numerosos beneficios I Aceite natural y ecol\u00f3gico","description":"Aceite de onagra, el remedio para la belleza desde el interior. Es el aceite para las personas que quieren cuidarse de forma natural.","robots":{"index":"index","follow":"follow","max-snippet":"max-snippet:-1","max-image-preview":"max-image-preview:large","max-video-preview":"max-video-preview:-1"},"canonical":"https:\/\/www.safinel.fr\/es\/product-2\/aceite-de-onagra-ecologico\/","og_locale":"es_ES","og_type":"article","og_title":"Huile d'onagre I Bienfaits nombreux I Huile naturelle & bio","og_description":"L\u2019huile d\u2019onagre, rem\u00e8de pour \u00eatre\u00a0belle de l\u2019int\u00e9rieur et de l\u2019ext\u00e9rieur.\u00a0C\u2019est l\u2019huile pour les personnes qui veulent prendre soin d\u2019elles naturellement.","og_url":"https:\/\/www.safinel.fr\/es\/product-2\/aceite-de-onagra-ecologico\/","og_site_name":"Safinel","article_modified_time":"2024-03-30T18:13:26+00:00","og_image":[{"width":600,"height":600,"url":"https:\/\/www.safinel.fr\/wp-content\/uploads\/2022\/09\/huile-onagre.jpg","type":"image\/jpeg"}],"twitter_card":"summary_large_image","twitter_misc":{"Tiempo de lectura":"3 minutos"},"schema":{"@context":"https:\/\/schema.org","@graph":[{"@type":"WebPage","@id":"https:\/\/www.safinel.fr\/produit\/huile-donagre-bio\/","url":"https:\/\/www.safinel.fr\/produit\/huile-donagre-bio\/","name":"Aceite de onagra I Numerosos beneficios I Aceite natural y ecol\u00f3gico","isPartOf":{"@id":"https:\/\/www.safinel.fr\/#website"},"primaryImageOfPage":{"@id":"https:\/\/www.safinel.fr\/produit\/huile-donagre-bio\/#primaryimage"},"image":{"@id":"https:\/\/www.safinel.fr\/produit\/huile-donagre-bio\/#primaryimage"},"thumbnailUrl":"https:\/\/www.safinel.fr\/wp-content\/uploads\/2022\/09\/huile-onagre.jpg","datePublished":"2022-09-01T17:02:48+00:00","dateModified":"2024-03-30T18:13:26+00:00","description":"Aceite de onagra, el remedio para la belleza desde el interior. Es el aceite para las personas que quieren cuidarse de forma natural.","breadcrumb":{"@id":"https:\/\/www.safinel.fr\/produit\/huile-donagre-bio\/#breadcrumb"},"inLanguage":"es","potentialAction":[{"@type":"ReadAction","target":["https:\/\/www.safinel.fr\/produit\/huile-donagre-bio\/"]}]},{"@type":"ImageObject","inLanguage":"es","@id":"https:\/\/www.safinel.fr\/produit\/huile-donagre-bio\/#primaryimage","url":"https:\/\/www.safinel.fr\/wp-content\/uploads\/2022\/09\/huile-onagre.jpg","contentUrl":"https:\/\/www.safinel.fr\/wp-content\/uploads\/2022\/09\/huile-onagre.jpg","width":600,"height":600,"caption":"Huile d'onagre bio 60ml"},{"@type":"BreadcrumbList","@id":"https:\/\/www.safinel.fr\/produit\/huile-donagre-bio\/#breadcrumb","itemListElement":[{"@type":"ListItem","position":1,"name":"Accueil","item":"https:\/\/www.safinel.fr\/"},{"@type":"ListItem","position":2,"name":"Boutique","item":"https:\/\/www.safinel.fr\/boutique\/"},{"@type":"ListItem","position":3,"name":"Huile d&#8217;onagre bio 60ml"}]},{"@type":"WebSite","@id":"https:\/\/www.safinel.fr\/#website","url":"https:\/\/www.safinel.fr\/","name":"Safinel","description":"","publisher":{"@id":"https:\/\/www.safinel.fr\/#organization"},"potentialAction":[{"@type":"SearchAction","target":{"@type":"EntryPoint","urlTemplate":"https:\/\/www.safinel.fr\/?s={search_term_string}"},"query-input":{"@type":"PropertyValueSpecification","valueRequired":true,"valueName":"search_term_string"}}],"inLanguage":"es"},{"@type":"Organization","@id":"https:\/\/www.safinel.fr\/#organization","name":"Safinel","url":"https:\/\/www.safinel.fr\/","logo":{"@type":"ImageObject","inLanguage":"es","@id":"https:\/\/www.safinel.fr\/#\/schema\/logo\/image\/","url":"https:\/\/www.safinel.fr\/wp-content\/uploads\/2021\/05\/boutique-cosmetique.png","contentUrl":"https:\/\/www.safinel.fr\/wp-content\/uploads\/2021\/05\/boutique-cosmetique.png","width":800,"height":200,"caption":"Safinel"},"image":{"@id":"https:\/\/www.safinel.fr\/#\/schema\/logo\/image\/"}}]}},"_links":{"self":[{"href":"https:\/\/www.safinel.fr\/es\/wp-json\/wp\/v2\/product\/2494","targetHints":{"allow":["GET"]}}],"collection":[{"href":"https:\/\/www.safinel.fr\/es\/wp-json\/wp\/v2\/product"}],"about":[{"href":"https:\/\/www.safinel.fr\/es\/wp-json\/wp\/v2\/types\/product"}],"wp:featuredmedia":[{"embeddable":true,"href":"https:\/\/www.safinel.fr\/es\/wp-json\/wp\/v2\/media\/2495"}],"wp:attachment":[{"href":"https:\/\/www.safinel.fr\/es\/wp-json\/wp\/v2\/media?parent=2494"}],"wp:term":[{"taxonomy":"product_brand","embeddable":true,"href":"https:\/\/www.safinel.fr\/es\/wp-json\/wp\/v2\/product_brand?post=2494"},{"taxonomy":"product_cat","embeddable":true,"href":"https:\/\/www.safinel.fr\/es\/wp-json\/wp\/v2\/product_cat?post=2494"},{"taxonomy":"product_tag","embeddable":true,"href":"https:\/\/www.safinel.fr\/es\/wp-json\/wp\/v2\/product_tag?post=2494"}],"curies":[{"name":"wp","href":"https:\/\/api.w.org\/{rel}","templated":true}]}}