{"id":246,"date":"2021-07-24T18:58:58","date_gmt":"2021-07-24T18:58:58","guid":{"rendered":"https:\/\/www.safinel.fr\/?post_type=product&#038;p=246"},"modified":"2023-12-30T13:56:03","modified_gmt":"2023-12-30T13:56:03","slug":"desodorante-natural-petit-grain-bigarade-azahar-50ml","status":"publish","type":"product","link":"https:\/\/www.safinel.fr\/es\/product-2\/desodorante-natural-petit-grain-bigarade-azahar-50ml\/","title":{"rendered":"Desodorante natural - Petit grain Bigarade (azahar) 50ml"},"content":{"rendered":"<p>\u00a1\u00bfQu\u00e9?! \u00a1A\u00fan no te has pasado al desodorante natural! \u00a1Entonces d\u00e9janos hacer algo al respecto! Porque tenemos una peque\u00f1a maravilla para ti... Es el <b>desodorante natural petit grain bigaradier<\/b>, con el delicioso aroma del azahar.<span class=\"Apple-converted-space\">\u00a0<\/span><\/p>\n<p>Esta peque\u00f1a maravilla con <i>100% ingredientes naturales<\/i> se convertir\u00e1 r\u00e1pidamente en el mejor amigo de tus axilas.<span class=\"Apple-converted-space\">\u00a0<\/span><\/p>\n<h2><b>Petit grain bigaradier desodorante natural: para los que se quieren<span class=\"Apple-converted-space\">\u00a0<\/span><\/b><\/h2>\n<p>Este desodorante natural es un soplo de aire fresco. Est\u00e1 fabricado en Francia con ingredientes naturales. Se beneficiar\u00e1 de su<b> beneficios antibacterianos y antif\u00fangicos<\/b>. No act\u00faa como <b>antitranspirante<\/b>, sino como <b>absorbente de humedad<\/b>. Al mismo tiempo que neutraliza los malos olores.<span class=\"Apple-converted-space\">\u00a0<\/span><\/p>\n<p>Aproveche la <b>el delicado y dulce aroma del azahar<\/b>. Sus notas c\u00edtricas le har\u00e1n olvidar los desodorantes cl\u00e1sicos (\u00a1y qu\u00edmicos!).<span class=\"Apple-converted-space\">\u00a0<\/span><\/p>\n<p><b>Ingredientes:<\/b> <i>Aceite de coco nucifera (<a href=\"https:\/\/www.aroma-zone.com\/info\/fiche-technique\/huile-vegetale-coco-bio-aroma-zone\" target=\"_blank\" rel=\"noopener\"><strong>aceite de coco<\/strong><\/a>), bicarbonato s\u00f3dico (bicarbonato de sodio), cera alba (cera de abejas), aceite de hojas y ramitas de citrus aurantium amara (aceite de hojas y ramitas de naranjo amargo).<\/i><\/p>\n<h3><b>\u00bfC\u00f3mo utilizar este desodorante natural con azahar?<span class=\"Apple-converted-space\">\u00a0<\/span><\/b><\/h3>\n<p>Le <b>desodorante natural petit grain bigarade<\/b> es muy f\u00e1cil de usar:<span class=\"Apple-converted-space\">\u00a0<\/span><\/p>\n<ol>\n<li>L\u00e1vese las manos y d\u00e9se un toque con el dedo; ;<span class=\"Apple-converted-space\">\u00a0<\/span><\/li>\n<li>Aplicar sobre las axilas limpias y secas; ;<span class=\"Apple-converted-space\">\u00a0<\/span><\/li>\n<li>Al contacto con la piel, el desodorante cremoso se funde armoniosamente.<\/li>\n<\/ol>\n<p>\u00a1Y ah\u00ed lo tienes! \u00a1Abrazos limpios que huelen a azahar!<span class=\"Apple-converted-space\">\u00a0<\/span><\/p>\n<h3><b>Recargar a un solo clic<span class=\"Apple-converted-space\">\u00a0<\/span><\/b><\/h3>\n<p>De eso se trata: de ahorrar dinero y respetar el medio ambiente. Cuando tu desodorante natural llegue al final de su vida \u00fatil, \u00a1s\u00f3lo tienes que rellenarlo! M\u00e1s f\u00e1cil imposible. Est\u00e1 el <b><a href=\"https:\/\/www.deodorant-naturel.com\/produit\/recharge-deodorant-naturel-petit-grain-bigarade-30g\/\">recambio de desodorante natural petit grain bigarade<\/a>.<\/b> A <i>a un precio muy bajo, para que s\u00f3lo pague por el producto, \u00a1y nada m\u00e1s!<span class=\"Apple-converted-space\">\u00a0<\/span><\/i><\/p>\n<p>Y si le apetece un poco de variedad, \u00a1encuentre el recambio que m\u00e1s le guste! S\u00f3lo tienes que hacer clic.<span class=\"Apple-converted-space\">\u00a0<\/span><\/p>\n<h3><b>Conservaci\u00f3n<span class=\"Apple-converted-space\">\u00a0<\/span><\/b><\/h3>\n<p>Gu\u00e1rdelo en su caja original, lejos del calor y la humedad. Muy sencillo.<span class=\"Apple-converted-space\">\u00a0<\/span><\/p>\n<h3><b>Precauciones<\/b><\/h3>\n<p>Este desodorante natural puede ser utilizado por <a href=\"https:\/\/www.deodorant-naturel.com\/produit\/deodorant-100-naturel-femme-enceinte\/\"><strong>mujeres embarazadas<\/strong><\/a> s\u00f3lo a partir del tercer mes de embarazo.<span class=\"Apple-converted-space\">\u00a0<\/span><\/p>\n<p>En caso de reacci\u00f3n cut\u00e1nea adversa, deje de utilizar este producto.<\/p>","protected":false},"excerpt":{"rendered":"<p>\u00bfQu\u00e9? \u00bfA\u00fan no te has pasado al desodorante natural? \u00a1Pues vamos a solucionarlo! Porque te vamos a ofrecer una peque\u00f1a maravilla... Se trata del desodorante natural petit grain bigaradier, con un delicioso aroma a flor de azahar. Esta peque\u00f1a maravilla con ingredientes 100% naturales se convertir\u00e1 r\u00e1pidamente en la mejor amiga de [...]","protected":false},"featured_media":276,"template":"","meta":[],"product_brand":[],"product_cat":[32],"product_tag":[],"class_list":{"0":"post-246","1":"product","2":"type-product","3":"status-publish","4":"has-post-thumbnail","6":"product_cat-curae","8":"first","9":"outofstock","10":"shipping-taxable","11":"purchasable","12":"product-type-simple"},"yoast_head":"<!-- This site is optimized with the Yoast SEO plugin v26.6 - https:\/\/yoast.com\/wordpress\/plugins\/seo\/ -->\n<title>D\u00e9odorant naturel - Petit grain Bigarade (fleur d&#039;oranger) 50ml - Safinel<\/title>\n<meta name=\"robots\" content=\"index, follow, max-snippet:-1, max-image-preview:large, max-video-preview:-1\" \/>\n<link rel=\"canonical\" href=\"https:\/\/www.safinel.fr\/es\/product-2\/desodorante-natural-petit-grain-bigarade-azahar-50ml\/\" \/>\n<meta property=\"og:locale\" content=\"es_ES\" \/>\n<meta property=\"og:type\" content=\"article\" \/>\n<meta property=\"og:title\" content=\"D\u00e9odorant naturel - Petit grain Bigarade (fleur d&#039;oranger) 50ml - Safinel\" \/>\n<meta property=\"og:description\" content=\"Quoi ?! Vous n\u2019\u00eates pas encore pass\u00e9 au d\u00e9odorant naturel ?! Alors, laissez-nous rem\u00e9dier \u00e0 cela ! Parce que nous allons vous proposer une petite merveille\u2026 \u00a0Il s\u2019agit du d\u00e9odorant naturel petit grain bigaradier, \u00e0 la d\u00e9licieuse odeur de fleur d\u2019oranger.\u00a0 Cette petite merveille aux ingr\u00e9dients 100% naturels va rapidement devenir la meilleure amie de [...]\" \/>\n<meta property=\"og:url\" content=\"https:\/\/www.safinel.fr\/es\/product-2\/desodorante-natural-petit-grain-bigarade-azahar-50ml\/\" \/>\n<meta property=\"og:site_name\" content=\"Safinel\" \/>\n<meta property=\"article:modified_time\" content=\"2023-12-30T13:56:03+00:00\" \/>\n<meta property=\"og:image\" content=\"https:\/\/www.safinel.fr\/wp-content\/uploads\/2021\/07\/559-large_default.jpg\" \/>\n\t<meta property=\"og:image:width\" content=\"800\" \/>\n\t<meta property=\"og:image:height\" content=\"800\" \/>\n\t<meta property=\"og:image:type\" content=\"image\/jpeg\" \/>\n<meta name=\"twitter:card\" content=\"summary_large_image\" \/>\n<meta name=\"twitter:label1\" content=\"Tiempo de lectura\" \/>\n\t<meta name=\"twitter:data1\" content=\"2 minutos\" \/>\n<script type=\"application\/ld+json\" class=\"yoast-schema-graph\">{\"@context\":\"https:\/\/schema.org\",\"@graph\":[{\"@type\":\"WebPage\",\"@id\":\"https:\/\/www.safinel.fr\/produit\/deodorant-naturel-petit-grain-bigarade-fleur-doranger-50ml\/\",\"url\":\"https:\/\/www.safinel.fr\/produit\/deodorant-naturel-petit-grain-bigarade-fleur-doranger-50ml\/\",\"name\":\"D\u00e9odorant naturel - Petit grain Bigarade (fleur d'oranger) 50ml - Safinel\",\"isPartOf\":{\"@id\":\"https:\/\/www.safinel.fr\/#website\"},\"primaryImageOfPage\":{\"@id\":\"https:\/\/www.safinel.fr\/produit\/deodorant-naturel-petit-grain-bigarade-fleur-doranger-50ml\/#primaryimage\"},\"image\":{\"@id\":\"https:\/\/www.safinel.fr\/produit\/deodorant-naturel-petit-grain-bigarade-fleur-doranger-50ml\/#primaryimage\"},\"thumbnailUrl\":\"https:\/\/www.safinel.fr\/wp-content\/uploads\/2021\/07\/559-large_default.jpg\",\"datePublished\":\"2021-07-24T18:58:58+00:00\",\"dateModified\":\"2023-12-30T13:56:03+00:00\",\"breadcrumb\":{\"@id\":\"https:\/\/www.safinel.fr\/produit\/deodorant-naturel-petit-grain-bigarade-fleur-doranger-50ml\/#breadcrumb\"},\"inLanguage\":\"es\",\"potentialAction\":[{\"@type\":\"ReadAction\",\"target\":[\"https:\/\/www.safinel.fr\/produit\/deodorant-naturel-petit-grain-bigarade-fleur-doranger-50ml\/\"]}]},{\"@type\":\"ImageObject\",\"inLanguage\":\"es\",\"@id\":\"https:\/\/www.safinel.fr\/produit\/deodorant-naturel-petit-grain-bigarade-fleur-doranger-50ml\/#primaryimage\",\"url\":\"https:\/\/www.safinel.fr\/wp-content\/uploads\/2021\/07\/559-large_default.jpg\",\"contentUrl\":\"https:\/\/www.safinel.fr\/wp-content\/uploads\/2021\/07\/559-large_default.jpg\",\"width\":800,\"height\":800},{\"@type\":\"BreadcrumbList\",\"@id\":\"https:\/\/www.safinel.fr\/produit\/deodorant-naturel-petit-grain-bigarade-fleur-doranger-50ml\/#breadcrumb\",\"itemListElement\":[{\"@type\":\"ListItem\",\"position\":1,\"name\":\"Accueil\",\"item\":\"https:\/\/www.safinel.fr\/\"},{\"@type\":\"ListItem\",\"position\":2,\"name\":\"Boutique\",\"item\":\"https:\/\/www.safinel.fr\/boutique\/\"},{\"@type\":\"ListItem\",\"position\":3,\"name\":\"D\u00e9odorant naturel &#8211; Petit grain Bigarade (fleur d&#8217;oranger) 50ml\"}]},{\"@type\":\"WebSite\",\"@id\":\"https:\/\/www.safinel.fr\/#website\",\"url\":\"https:\/\/www.safinel.fr\/\",\"name\":\"Safinel\",\"description\":\"\",\"publisher\":{\"@id\":\"https:\/\/www.safinel.fr\/#organization\"},\"potentialAction\":[{\"@type\":\"SearchAction\",\"target\":{\"@type\":\"EntryPoint\",\"urlTemplate\":\"https:\/\/www.safinel.fr\/?s={search_term_string}\"},\"query-input\":{\"@type\":\"PropertyValueSpecification\",\"valueRequired\":true,\"valueName\":\"search_term_string\"}}],\"inLanguage\":\"es\"},{\"@type\":\"Organization\",\"@id\":\"https:\/\/www.safinel.fr\/#organization\",\"name\":\"Safinel\",\"url\":\"https:\/\/www.safinel.fr\/\",\"logo\":{\"@type\":\"ImageObject\",\"inLanguage\":\"es\",\"@id\":\"https:\/\/www.safinel.fr\/#\/schema\/logo\/image\/\",\"url\":\"https:\/\/www.safinel.fr\/wp-content\/uploads\/2021\/05\/boutique-cosmetique.png\",\"contentUrl\":\"https:\/\/www.safinel.fr\/wp-content\/uploads\/2021\/05\/boutique-cosmetique.png\",\"width\":800,\"height\":200,\"caption\":\"Safinel\"},\"image\":{\"@id\":\"https:\/\/www.safinel.fr\/#\/schema\/logo\/image\/\"}}]}<\/script>\n<!-- \/ Yoast SEO plugin. -->","yoast_head_json":{"title":"Desodorante natural - Petit grain Bigarade (azahar) 50ml - Safinel","robots":{"index":"index","follow":"follow","max-snippet":"max-snippet:-1","max-image-preview":"max-image-preview:large","max-video-preview":"max-video-preview:-1"},"canonical":"https:\/\/www.safinel.fr\/es\/product-2\/desodorante-natural-petit-grain-bigarade-azahar-50ml\/","og_locale":"es_ES","og_type":"article","og_title":"D\u00e9odorant naturel - Petit grain Bigarade (fleur d'oranger) 50ml - Safinel","og_description":"Quoi ?! Vous n\u2019\u00eates pas encore pass\u00e9 au d\u00e9odorant naturel ?! Alors, laissez-nous rem\u00e9dier \u00e0 cela ! Parce que nous allons vous proposer une petite merveille\u2026 \u00a0Il s\u2019agit du d\u00e9odorant naturel petit grain bigaradier, \u00e0 la d\u00e9licieuse odeur de fleur d\u2019oranger.\u00a0 Cette petite merveille aux ingr\u00e9dients 100% naturels va rapidement devenir la meilleure amie de [...]","og_url":"https:\/\/www.safinel.fr\/es\/product-2\/desodorante-natural-petit-grain-bigarade-azahar-50ml\/","og_site_name":"Safinel","article_modified_time":"2023-12-30T13:56:03+00:00","og_image":[{"width":800,"height":800,"url":"https:\/\/www.safinel.fr\/wp-content\/uploads\/2021\/07\/559-large_default.jpg","type":"image\/jpeg"}],"twitter_card":"summary_large_image","twitter_misc":{"Tiempo de lectura":"2 minutos"},"schema":{"@context":"https:\/\/schema.org","@graph":[{"@type":"WebPage","@id":"https:\/\/www.safinel.fr\/produit\/deodorant-naturel-petit-grain-bigarade-fleur-doranger-50ml\/","url":"https:\/\/www.safinel.fr\/produit\/deodorant-naturel-petit-grain-bigarade-fleur-doranger-50ml\/","name":"Desodorante natural - Petit grain Bigarade (azahar) 50ml - Safinel","isPartOf":{"@id":"https:\/\/www.safinel.fr\/#website"},"primaryImageOfPage":{"@id":"https:\/\/www.safinel.fr\/produit\/deodorant-naturel-petit-grain-bigarade-fleur-doranger-50ml\/#primaryimage"},"image":{"@id":"https:\/\/www.safinel.fr\/produit\/deodorant-naturel-petit-grain-bigarade-fleur-doranger-50ml\/#primaryimage"},"thumbnailUrl":"https:\/\/www.safinel.fr\/wp-content\/uploads\/2021\/07\/559-large_default.jpg","datePublished":"2021-07-24T18:58:58+00:00","dateModified":"2023-12-30T13:56:03+00:00","breadcrumb":{"@id":"https:\/\/www.safinel.fr\/produit\/deodorant-naturel-petit-grain-bigarade-fleur-doranger-50ml\/#breadcrumb"},"inLanguage":"es","potentialAction":[{"@type":"ReadAction","target":["https:\/\/www.safinel.fr\/produit\/deodorant-naturel-petit-grain-bigarade-fleur-doranger-50ml\/"]}]},{"@type":"ImageObject","inLanguage":"es","@id":"https:\/\/www.safinel.fr\/produit\/deodorant-naturel-petit-grain-bigarade-fleur-doranger-50ml\/#primaryimage","url":"https:\/\/www.safinel.fr\/wp-content\/uploads\/2021\/07\/559-large_default.jpg","contentUrl":"https:\/\/www.safinel.fr\/wp-content\/uploads\/2021\/07\/559-large_default.jpg","width":800,"height":800},{"@type":"BreadcrumbList","@id":"https:\/\/www.safinel.fr\/produit\/deodorant-naturel-petit-grain-bigarade-fleur-doranger-50ml\/#breadcrumb","itemListElement":[{"@type":"ListItem","position":1,"name":"Accueil","item":"https:\/\/www.safinel.fr\/"},{"@type":"ListItem","position":2,"name":"Boutique","item":"https:\/\/www.safinel.fr\/boutique\/"},{"@type":"ListItem","position":3,"name":"D\u00e9odorant naturel &#8211; Petit grain Bigarade (fleur d&#8217;oranger) 50ml"}]},{"@type":"WebSite","@id":"https:\/\/www.safinel.fr\/#website","url":"https:\/\/www.safinel.fr\/","name":"Safinel","description":"","publisher":{"@id":"https:\/\/www.safinel.fr\/#organization"},"potentialAction":[{"@type":"SearchAction","target":{"@type":"EntryPoint","urlTemplate":"https:\/\/www.safinel.fr\/?s={search_term_string}"},"query-input":{"@type":"PropertyValueSpecification","valueRequired":true,"valueName":"search_term_string"}}],"inLanguage":"es"},{"@type":"Organization","@id":"https:\/\/www.safinel.fr\/#organization","name":"Safinel","url":"https:\/\/www.safinel.fr\/","logo":{"@type":"ImageObject","inLanguage":"es","@id":"https:\/\/www.safinel.fr\/#\/schema\/logo\/image\/","url":"https:\/\/www.safinel.fr\/wp-content\/uploads\/2021\/05\/boutique-cosmetique.png","contentUrl":"https:\/\/www.safinel.fr\/wp-content\/uploads\/2021\/05\/boutique-cosmetique.png","width":800,"height":200,"caption":"Safinel"},"image":{"@id":"https:\/\/www.safinel.fr\/#\/schema\/logo\/image\/"}}]}},"_links":{"self":[{"href":"https:\/\/www.safinel.fr\/es\/wp-json\/wp\/v2\/product\/246","targetHints":{"allow":["GET"]}}],"collection":[{"href":"https:\/\/www.safinel.fr\/es\/wp-json\/wp\/v2\/product"}],"about":[{"href":"https:\/\/www.safinel.fr\/es\/wp-json\/wp\/v2\/types\/product"}],"wp:featuredmedia":[{"embeddable":true,"href":"https:\/\/www.safinel.fr\/es\/wp-json\/wp\/v2\/media\/276"}],"wp:attachment":[{"href":"https:\/\/www.safinel.fr\/es\/wp-json\/wp\/v2\/media?parent=246"}],"wp:term":[{"taxonomy":"product_brand","embeddable":true,"href":"https:\/\/www.safinel.fr\/es\/wp-json\/wp\/v2\/product_brand?post=246"},{"taxonomy":"product_cat","embeddable":true,"href":"https:\/\/www.safinel.fr\/es\/wp-json\/wp\/v2\/product_cat?post=246"},{"taxonomy":"product_tag","embeddable":true,"href":"https:\/\/www.safinel.fr\/es\/wp-json\/wp\/v2\/product_tag?post=246"}],"curies":[{"name":"wp","href":"https:\/\/api.w.org\/{rel}","templated":true}]}}