{"id":245,"date":"2021-07-24T18:58:58","date_gmt":"2021-07-24T18:58:58","guid":{"rendered":"https:\/\/www.safinel.fr\/?post_type=product&#038;p=245"},"modified":"2023-12-30T13:55:58","modified_gmt":"2023-12-30T13:55:58","slug":"desodorante-natural-lavanda-pachuli-50g","status":"publish","type":"product","link":"https:\/\/www.safinel.fr\/es\/product-2\/desodorante-natural-lavanda-pachuli-50g\/","title":{"rendered":"Desodorante natural - Lavanda y pachul\u00ed 50g"},"content":{"rendered":"<p>\u00bfPor qu\u00e9 dejar de usar desodorantes tradicionales? Simplemente para adoptar el<b> desodorante natural de lavanda y pachul\u00ed<\/b>, Por supuesto.<span class=\"Apple-converted-space\">\u00a0<\/span><\/p>\n<p>M\u00e1s informaci\u00f3n <b>desodorante en crema made in France<\/b>, \u00a1que le har\u00e1n cambiar de opini\u00f3n sobre los cosm\u00e9ticos ecol\u00f3gicos!<\/p>\n<h2><b>Desodorante natural de lavanda y pachul\u00ed: \u00a1tu nuevo aliado natural!<span class=\"Apple-converted-space\">\u00a0<\/span><\/b><\/h2>\n<p>Este desodorante natural act\u00faa como <b>regulador de la transpiraci\u00f3n<\/b>. Pero tambi\u00e9n como<b> antiolor eficaz<\/b>. Te traer\u00e1 todo su <b>beneficios antif\u00fangicos, calmantes y antibacterianos<\/b>. Todo esto, <i>sin disruptores endocrinos nocivos para la salud.<\/i><\/p>\n<p>Su delicado aroma a pachul\u00ed y lavanda es muy agradable y refrescante. <span class=\"Apple-converted-space\">\u00a0<\/span><\/p>\n<p><b>Ingredientes: <\/b><i>Aceite de coco nucifera (aceite de coco ecol\u00f3gico), bicarbonato s\u00f3dico, cera alba (cera de abejas), lavandula officinalise (aceite de lavanda), citrus sinensis (naranja), pogostomon cablin (<a href=\"https:\/\/www.encens-store.fr\/produit\/huile-essentielle-maison-patchouli\/\" target=\"_blank\" rel=\"noopener\"><strong>pachul\u00ed<\/strong><\/a>),<span class=\"Apple-converted-space\">\u00a0 <\/span>cananga odorata (aceite esencial de ylang ylang), cedro atl\u00e1ntico (cedro del Atlas).<\/i><\/p>\n<p>As\u00ed es. Y, por supuesto, su desodorante natural tiene <b>nunca se ha probado en animales.<\/b> Parece obvio, pero no est\u00e1 de m\u00e1s dejarlo claro.<span class=\"Apple-converted-space\">\u00a0<\/span><\/p>\n<h3><b>Nuestros consejos de uso<span class=\"Apple-converted-space\">\u00a0<\/span><\/b><\/h3>\n<p>Le <b>desodorante natural de larga duraci\u00f3n<\/b> con pachul\u00ed y lavanda puede utilizarse a diario. Preferiblemente despu\u00e9s de la ducha, para obtener frescor y limpieza durante todo el d\u00eda.<span class=\"Apple-converted-space\">\u00a0<\/span><\/p>\n<p>Aplicar un toque bajo las axilas con el dedo. La textura cremosa de este desodorante es muy agradable, y adem\u00e1s tiene <b>propiedades hidratantes.<span class=\"Apple-converted-space\">\u00a0<\/span><\/b><\/p>\n<p>Su desodorante, adem\u00e1s de ser <b>ecol\u00f3gico<\/b>, tambi\u00e9n es muy <b>econ\u00f3mico<\/b> \u00a1! Recuerde rellenar sus cosm\u00e9ticos en cuanto se acaben. Su envase de aluminio es 100 % reciclable. \u00a1Tambi\u00e9n puedes reutilizarlo una y otra vez!<span class=\"Apple-converted-space\">\u00a0<\/span><\/p>\n<h3><b>Conservaci\u00f3n<span class=\"Apple-converted-space\">\u00a0<\/span><\/b><\/h3>\n<p>Este eficaz desodorante natural se conserva bien en un lugar seco, lejos del calor.<span class=\"Apple-converted-space\">\u00a0<\/span><\/p>\n<p><b>Precauciones<span class=\"Apple-converted-space\">\u00a0<\/span><\/b><\/p>\n<p>Recuerde siempre lavarse las manos antes y despu\u00e9s de su uso.<span class=\"Apple-converted-space\">\u00a0<\/span><\/p>\n<p>Este desodorante no est\u00e1 recomendado para mujeres embarazadas debido a la presencia de aceites esenciales. Pero no dude en recurrir a nuestro <a href=\"https:\/\/www.deodorant-naturel.com\/produit\/deodorant-100-naturel-femme-enceinte\/\"><b>desodorante natural para embarazadas<\/b><\/a> !<span class=\"Apple-converted-space\">\u00a0<\/span><\/p>","protected":false},"excerpt":{"rendered":"<p>Pourquoi arr\u00eater d\u2019utiliser les d\u00e9odorants classiques ? Tout simplement pour adopter le d\u00e9odorant naturel lavande et patchouli, bien s\u00fbr !\u00a0 D\u00e9couvrez sans plus attendre cette cr\u00e8me d\u00e9odorante fabriqu\u00e9e en France, qui vous fera changer d\u2019avis sur la cosm\u00e9tique verte ! Le d\u00e9odorant naturel lavande et patchouli : votre nouvel alli\u00e9 au naturel !\u00a0 Ce d\u00e9odorant [&#8230;]","protected":false},"featured_media":275,"template":"","meta":[],"product_brand":[],"product_cat":[32],"product_tag":[],"class_list":{"0":"post-245","1":"product","2":"type-product","3":"status-publish","4":"has-post-thumbnail","6":"product_cat-curae","8":"first","9":"outofstock","10":"shipping-taxable","11":"purchasable","12":"product-type-simple"},"yoast_head":"<!-- This site is optimized with the Yoast SEO plugin v26.6 - https:\/\/yoast.com\/wordpress\/plugins\/seo\/ -->\n<title>D\u00e9odorant naturel - Lavande &amp; patchouli 50g - Safinel<\/title>\n<meta name=\"robots\" content=\"index, follow, max-snippet:-1, max-image-preview:large, max-video-preview:-1\" \/>\n<link rel=\"canonical\" href=\"https:\/\/www.safinel.fr\/es\/product-2\/desodorante-natural-lavanda-pachuli-50g\/\" \/>\n<meta property=\"og:locale\" content=\"es_ES\" \/>\n<meta property=\"og:type\" content=\"article\" \/>\n<meta property=\"og:title\" content=\"D\u00e9odorant naturel - Lavande &amp; patchouli 50g - Safinel\" \/>\n<meta property=\"og:description\" content=\"Pourquoi arr\u00eater d\u2019utiliser les d\u00e9odorants classiques ? Tout simplement pour adopter le d\u00e9odorant naturel lavande et patchouli, bien s\u00fbr !\u00a0 D\u00e9couvrez sans plus attendre cette cr\u00e8me d\u00e9odorante fabriqu\u00e9e en France, qui vous fera changer d\u2019avis sur la cosm\u00e9tique verte ! Le d\u00e9odorant naturel lavande et patchouli : votre nouvel alli\u00e9 au naturel !\u00a0 Ce d\u00e9odorant [...]\" \/>\n<meta property=\"og:url\" content=\"https:\/\/www.safinel.fr\/es\/product-2\/desodorante-natural-lavanda-pachuli-50g\/\" \/>\n<meta property=\"og:site_name\" content=\"Safinel\" \/>\n<meta property=\"article:modified_time\" content=\"2023-12-30T13:55:58+00:00\" \/>\n<meta property=\"og:image\" content=\"https:\/\/www.safinel.fr\/wp-content\/uploads\/2021\/07\/555-large_default.jpg\" \/>\n\t<meta property=\"og:image:width\" content=\"800\" \/>\n\t<meta property=\"og:image:height\" content=\"800\" \/>\n\t<meta property=\"og:image:type\" content=\"image\/jpeg\" \/>\n<meta name=\"twitter:card\" content=\"summary_large_image\" \/>\n<meta name=\"twitter:label1\" content=\"Tiempo de lectura\" \/>\n\t<meta name=\"twitter:data1\" content=\"2 minutos\" \/>\n<script type=\"application\/ld+json\" class=\"yoast-schema-graph\">{\"@context\":\"https:\/\/schema.org\",\"@graph\":[{\"@type\":\"WebPage\",\"@id\":\"https:\/\/www.safinel.fr\/produit\/deodorant-naturel-lavande-patchouli-50g\/\",\"url\":\"https:\/\/www.safinel.fr\/produit\/deodorant-naturel-lavande-patchouli-50g\/\",\"name\":\"D\u00e9odorant naturel - Lavande & patchouli 50g - Safinel\",\"isPartOf\":{\"@id\":\"https:\/\/www.safinel.fr\/#website\"},\"primaryImageOfPage\":{\"@id\":\"https:\/\/www.safinel.fr\/produit\/deodorant-naturel-lavande-patchouli-50g\/#primaryimage\"},\"image\":{\"@id\":\"https:\/\/www.safinel.fr\/produit\/deodorant-naturel-lavande-patchouli-50g\/#primaryimage\"},\"thumbnailUrl\":\"https:\/\/www.safinel.fr\/wp-content\/uploads\/2021\/07\/555-large_default.jpg\",\"datePublished\":\"2021-07-24T18:58:58+00:00\",\"dateModified\":\"2023-12-30T13:55:58+00:00\",\"breadcrumb\":{\"@id\":\"https:\/\/www.safinel.fr\/produit\/deodorant-naturel-lavande-patchouli-50g\/#breadcrumb\"},\"inLanguage\":\"es\",\"potentialAction\":[{\"@type\":\"ReadAction\",\"target\":[\"https:\/\/www.safinel.fr\/produit\/deodorant-naturel-lavande-patchouli-50g\/\"]}]},{\"@type\":\"ImageObject\",\"inLanguage\":\"es\",\"@id\":\"https:\/\/www.safinel.fr\/produit\/deodorant-naturel-lavande-patchouli-50g\/#primaryimage\",\"url\":\"https:\/\/www.safinel.fr\/wp-content\/uploads\/2021\/07\/555-large_default.jpg\",\"contentUrl\":\"https:\/\/www.safinel.fr\/wp-content\/uploads\/2021\/07\/555-large_default.jpg\",\"width\":800,\"height\":800},{\"@type\":\"BreadcrumbList\",\"@id\":\"https:\/\/www.safinel.fr\/produit\/deodorant-naturel-lavande-patchouli-50g\/#breadcrumb\",\"itemListElement\":[{\"@type\":\"ListItem\",\"position\":1,\"name\":\"Accueil\",\"item\":\"https:\/\/www.safinel.fr\/\"},{\"@type\":\"ListItem\",\"position\":2,\"name\":\"Boutique\",\"item\":\"https:\/\/www.safinel.fr\/boutique\/\"},{\"@type\":\"ListItem\",\"position\":3,\"name\":\"D\u00e9odorant naturel &#8211; Lavande &#038; patchouli 50g\"}]},{\"@type\":\"WebSite\",\"@id\":\"https:\/\/www.safinel.fr\/#website\",\"url\":\"https:\/\/www.safinel.fr\/\",\"name\":\"Safinel\",\"description\":\"\",\"publisher\":{\"@id\":\"https:\/\/www.safinel.fr\/#organization\"},\"potentialAction\":[{\"@type\":\"SearchAction\",\"target\":{\"@type\":\"EntryPoint\",\"urlTemplate\":\"https:\/\/www.safinel.fr\/?s={search_term_string}\"},\"query-input\":{\"@type\":\"PropertyValueSpecification\",\"valueRequired\":true,\"valueName\":\"search_term_string\"}}],\"inLanguage\":\"es\"},{\"@type\":\"Organization\",\"@id\":\"https:\/\/www.safinel.fr\/#organization\",\"name\":\"Safinel\",\"url\":\"https:\/\/www.safinel.fr\/\",\"logo\":{\"@type\":\"ImageObject\",\"inLanguage\":\"es\",\"@id\":\"https:\/\/www.safinel.fr\/#\/schema\/logo\/image\/\",\"url\":\"https:\/\/www.safinel.fr\/wp-content\/uploads\/2021\/05\/boutique-cosmetique.png\",\"contentUrl\":\"https:\/\/www.safinel.fr\/wp-content\/uploads\/2021\/05\/boutique-cosmetique.png\",\"width\":800,\"height\":200,\"caption\":\"Safinel\"},\"image\":{\"@id\":\"https:\/\/www.safinel.fr\/#\/schema\/logo\/image\/\"}}]}<\/script>\n<!-- \/ Yoast SEO plugin. -->","yoast_head_json":{"title":"Desodorante Natural - Lavanda y Pachuli 50g - Safinel","robots":{"index":"index","follow":"follow","max-snippet":"max-snippet:-1","max-image-preview":"max-image-preview:large","max-video-preview":"max-video-preview:-1"},"canonical":"https:\/\/www.safinel.fr\/es\/product-2\/desodorante-natural-lavanda-pachuli-50g\/","og_locale":"es_ES","og_type":"article","og_title":"D\u00e9odorant naturel - Lavande & patchouli 50g - Safinel","og_description":"Pourquoi arr\u00eater d\u2019utiliser les d\u00e9odorants classiques ? Tout simplement pour adopter le d\u00e9odorant naturel lavande et patchouli, bien s\u00fbr !\u00a0 D\u00e9couvrez sans plus attendre cette cr\u00e8me d\u00e9odorante fabriqu\u00e9e en France, qui vous fera changer d\u2019avis sur la cosm\u00e9tique verte ! Le d\u00e9odorant naturel lavande et patchouli : votre nouvel alli\u00e9 au naturel !\u00a0 Ce d\u00e9odorant [...]","og_url":"https:\/\/www.safinel.fr\/es\/product-2\/desodorante-natural-lavanda-pachuli-50g\/","og_site_name":"Safinel","article_modified_time":"2023-12-30T13:55:58+00:00","og_image":[{"width":800,"height":800,"url":"https:\/\/www.safinel.fr\/wp-content\/uploads\/2021\/07\/555-large_default.jpg","type":"image\/jpeg"}],"twitter_card":"summary_large_image","twitter_misc":{"Tiempo de lectura":"2 minutos"},"schema":{"@context":"https:\/\/schema.org","@graph":[{"@type":"WebPage","@id":"https:\/\/www.safinel.fr\/produit\/deodorant-naturel-lavande-patchouli-50g\/","url":"https:\/\/www.safinel.fr\/produit\/deodorant-naturel-lavande-patchouli-50g\/","name":"Desodorante Natural - Lavanda y Pachuli 50g - Safinel","isPartOf":{"@id":"https:\/\/www.safinel.fr\/#website"},"primaryImageOfPage":{"@id":"https:\/\/www.safinel.fr\/produit\/deodorant-naturel-lavande-patchouli-50g\/#primaryimage"},"image":{"@id":"https:\/\/www.safinel.fr\/produit\/deodorant-naturel-lavande-patchouli-50g\/#primaryimage"},"thumbnailUrl":"https:\/\/www.safinel.fr\/wp-content\/uploads\/2021\/07\/555-large_default.jpg","datePublished":"2021-07-24T18:58:58+00:00","dateModified":"2023-12-30T13:55:58+00:00","breadcrumb":{"@id":"https:\/\/www.safinel.fr\/produit\/deodorant-naturel-lavande-patchouli-50g\/#breadcrumb"},"inLanguage":"es","potentialAction":[{"@type":"ReadAction","target":["https:\/\/www.safinel.fr\/produit\/deodorant-naturel-lavande-patchouli-50g\/"]}]},{"@type":"ImageObject","inLanguage":"es","@id":"https:\/\/www.safinel.fr\/produit\/deodorant-naturel-lavande-patchouli-50g\/#primaryimage","url":"https:\/\/www.safinel.fr\/wp-content\/uploads\/2021\/07\/555-large_default.jpg","contentUrl":"https:\/\/www.safinel.fr\/wp-content\/uploads\/2021\/07\/555-large_default.jpg","width":800,"height":800},{"@type":"BreadcrumbList","@id":"https:\/\/www.safinel.fr\/produit\/deodorant-naturel-lavande-patchouli-50g\/#breadcrumb","itemListElement":[{"@type":"ListItem","position":1,"name":"Accueil","item":"https:\/\/www.safinel.fr\/"},{"@type":"ListItem","position":2,"name":"Boutique","item":"https:\/\/www.safinel.fr\/boutique\/"},{"@type":"ListItem","position":3,"name":"D\u00e9odorant naturel &#8211; Lavande &#038; patchouli 50g"}]},{"@type":"WebSite","@id":"https:\/\/www.safinel.fr\/#website","url":"https:\/\/www.safinel.fr\/","name":"Safinel","description":"","publisher":{"@id":"https:\/\/www.safinel.fr\/#organization"},"potentialAction":[{"@type":"SearchAction","target":{"@type":"EntryPoint","urlTemplate":"https:\/\/www.safinel.fr\/?s={search_term_string}"},"query-input":{"@type":"PropertyValueSpecification","valueRequired":true,"valueName":"search_term_string"}}],"inLanguage":"es"},{"@type":"Organization","@id":"https:\/\/www.safinel.fr\/#organization","name":"Safinel","url":"https:\/\/www.safinel.fr\/","logo":{"@type":"ImageObject","inLanguage":"es","@id":"https:\/\/www.safinel.fr\/#\/schema\/logo\/image\/","url":"https:\/\/www.safinel.fr\/wp-content\/uploads\/2021\/05\/boutique-cosmetique.png","contentUrl":"https:\/\/www.safinel.fr\/wp-content\/uploads\/2021\/05\/boutique-cosmetique.png","width":800,"height":200,"caption":"Safinel"},"image":{"@id":"https:\/\/www.safinel.fr\/#\/schema\/logo\/image\/"}}]}},"_links":{"self":[{"href":"https:\/\/www.safinel.fr\/es\/wp-json\/wp\/v2\/product\/245","targetHints":{"allow":["GET"]}}],"collection":[{"href":"https:\/\/www.safinel.fr\/es\/wp-json\/wp\/v2\/product"}],"about":[{"href":"https:\/\/www.safinel.fr\/es\/wp-json\/wp\/v2\/types\/product"}],"wp:featuredmedia":[{"embeddable":true,"href":"https:\/\/www.safinel.fr\/es\/wp-json\/wp\/v2\/media\/275"}],"wp:attachment":[{"href":"https:\/\/www.safinel.fr\/es\/wp-json\/wp\/v2\/media?parent=245"}],"wp:term":[{"taxonomy":"product_brand","embeddable":true,"href":"https:\/\/www.safinel.fr\/es\/wp-json\/wp\/v2\/product_brand?post=245"},{"taxonomy":"product_cat","embeddable":true,"href":"https:\/\/www.safinel.fr\/es\/wp-json\/wp\/v2\/product_cat?post=245"},{"taxonomy":"product_tag","embeddable":true,"href":"https:\/\/www.safinel.fr\/es\/wp-json\/wp\/v2\/product_tag?post=245"}],"curies":[{"name":"wp","href":"https:\/\/api.w.org\/{rel}","templated":true}]}}