{"id":2448,"date":"2022-08-30T18:25:23","date_gmt":"2022-08-30T18:25:23","guid":{"rendered":"https:\/\/www.safinel.fr\/?post_type=product&#038;p=2448"},"modified":"2024-01-20T14:31:46","modified_gmt":"2024-01-20T14:31:46","slug":"citrulina-pura","status":"publish","type":"product","link":"https:\/\/www.safinel.fr\/es\/product-2\/citrulina-pura\/","title":{"rendered":"Citrulina pura 200 g"},"content":{"rendered":"<p>Si desea mejorar su rendimiento deportivo, favorecer la recuperaci\u00f3n muscular o reforzar su sistema inmunitario, no puede dejar de informarse sobre\u00a0<strong>beneficios de la citrulina<\/strong>. En este art\u00edculo te contamos todo lo que necesitas saber sobre esta mol\u00e9cula y d\u00f3nde puedes encontrarla.\u00a0<strong>productos de calidad<\/strong>, como los que ofrece Safinel.<\/p>\n<h2><strong>La importancia de la citrulina en nuestro organismo<\/strong><\/h2>\n<p>La citrulina es un amino\u00e1cido no esencial producido de forma natural por nuestro organismo. Desempe\u00f1a un papel importante en diversos procesos metab\u00f3licos, como la reducci\u00f3n del amon\u00edaco en el h\u00edgado, la producci\u00f3n de energ\u00eda en las c\u00e9lulas y la s\u00edntesis de \u00f3xido n\u00edtrico (NO). Como el \u00f3xido n\u00edtrico es un vasodilatador, mejora la circulaci\u00f3n sangu\u00ednea y, por tanto, el suministro de ox\u00edgeno y nutrientes a los m\u00fasculos durante el ejercicio. Por lo tanto, la suplementaci\u00f3n con citrulina puede contribuir a mejorar la resistencia y el rendimiento durante la actividad f\u00edsica.<\/p>\n<h3><strong>Mejorar el rendimiento deportivo<\/strong><\/h3>\n<ul>\n<li>Aumento de la s\u00edntesis de \u00f3xido n\u00edtrico (<strong>NO<\/strong>)<\/li>\n<li>Mejora de la vasodilataci\u00f3n<\/li>\n<li>Reducci\u00f3n de la fatiga muscular<\/li>\n<li>Optimizaci\u00f3n del crecimiento muscular<\/li>\n<\/ul>\n<h3><strong>Protecci\u00f3n del sistema inmunitario y recuperaci\u00f3n muscular<\/strong><\/h3>\n<p>Adem\u00e1s de actuar sobre el rendimiento deportivo, tambi\u00e9n interviene en la regulaci\u00f3n de los procesos metab\u00f3licos relacionados con nuestro sistema de defensa inmunitario. Adem\u00e1s, favorece la recuperaci\u00f3n tras el esfuerzo f\u00edsico al ayudar a eliminar el amon\u00edaco generado durante el ejercicio. De este modo, reduce el riesgo de dolores musculares y calambres.<\/p>\n<h2><strong>Las diferentes formas de Citrulina<\/strong><\/h2>\n<p>Existen varios\u00a0<strong>formas de Citrulina<\/strong>\u00a0en el mercado, cada uno con sus propias caracter\u00edsticas:<\/p>\n<ul>\n<li><strong>Malato<\/strong><\/li>\n<\/ul>\n<p>Citrulina <a href=\"https:\/\/www.safinel.fr\/es\/product-2\/malato-de-citrulina\/\"><strong>Malato<\/strong><\/a> es una combinaci\u00f3n de Citrulina con una sal de \u00e1cido m\u00e1lico. Se utiliza frecuentemente en los suplementos pre-entrenamiento por su capacidad para mejorar la producci\u00f3n de energ\u00eda mitocondrial. Por lo tanto, ofrece un efecto sin\u00e9rgico para aumentar el rendimiento deportivo y limitar la fatiga, gracias a la acci\u00f3n vasodilatadora de la citrulina y al papel energ\u00e9tico del \u00e1cido m\u00e1lico.<\/p>\n<ul>\n<li><strong>L-Arginina<\/strong><\/li>\n<\/ul>\n<p>La citrulina se combina con la L-arginina, otro amino\u00e1cido. En concreto, optimiza la s\u00edntesis de NO en el organismo y, por tanto, favorece una mejor vasodilataci\u00f3n. A menudo se prefiere esta forma para los complementos alimenticios destinados a mejorar el aumento de masa muscular.<\/p>\n<ul>\n<li><strong>Citrulina pura<\/strong><\/li>\n<\/ul>\n<p>La citrulina pura es simplemente la mol\u00e9cula en s\u00ed, sin ninguna asociaci\u00f3n con otras sustancias. Esto le permite beneficiarse de los efectos espec\u00edficos de este amino\u00e1cido sin interactuar con otros componentes. As\u00ed se evitan los riesgos potenciales de alergias o intolerancias.<\/p>\n<h2><strong>\u00bfC\u00f3mo debe utilizarse la citrulina?<\/strong><\/h2>\n<p>La citrulina puede tomarse de diferentes maneras dependiendo de sus objetivos y preferencias:<\/p>\n<ul>\n<li><strong>En polvo<\/strong>\u00a0Es f\u00e1cil de mezclar en una coctelera o en agua, y resulta muy \u00fatil antes o despu\u00e9s de una sesi\u00f3n deportiva.<\/li>\n<li><strong>En c\u00e1psulas o comprimidos<\/strong>\u00a0Esta forma tambi\u00e9n ofrece facilidad de consumo y dosificaci\u00f3n precisa.<\/li>\n<\/ul>\n<p>La dosis recomendada suele variar entre\u00a0<strong>De 2 a 6 g<\/strong>\u00a0al d\u00eda, pero siempre debe seguir las instrucciones del producto que elija.<\/p>\n<ul>\n<li><strong>\u00bfD\u00f3nde puedo comprar citrulina pura de calidad?<\/strong><\/li>\n<\/ul>\n<p>Para los productos ricos en citrulina. Busque proveedores que hagan hincapi\u00e9 en la pureza y la calidad de sus materias primas, como la marca Safinel. De hecho, es mejor optar por un producto cuyo origen y m\u00e9todos de fabricaci\u00f3n conozcas.<\/p>\n<p>No dude en consultar al\u00a0<strong>blogs<\/strong>\u00a0Si es usted un especialista en este campo, suscr\u00edbase a nuestros boletines o aproveche nuestros c\u00f3digos promocionales para estar al d\u00eda de las \u00faltimas novedades en complementos alimenticios como la Citrulina, y benef\u00edciese de atractivos descuentos en sus compras.<\/p>","protected":false},"excerpt":{"rendered":"<p>Si vous cherchez \u00e0 am\u00e9liorer vos performances sportives, favoriser la r\u00e9cup\u00e9ration musculaire ou encore \u00e0 soutenir votre syst\u00e8me immunitaire, alors vous devez absolument d\u00e9couvrir les\u00a0bienfaits de la Citrulline. Dans cet article, nous vous pr\u00e9sentons tout ce que vous devez savoir sur cette mol\u00e9cule et o\u00f9 trouver des\u00a0produits de qualit\u00e9, tels que ceux propos\u00e9s par Safinel. [&#8230;]","protected":false},"featured_media":2449,"template":"","meta":[],"product_brand":[],"product_cat":[28],"product_tag":[],"class_list":{"0":"post-2448","1":"product","2":"type-product","3":"status-publish","4":"has-post-thumbnail","6":"product_cat-divers","8":"first","9":"outofstock","10":"shipping-taxable","11":"purchasable","12":"product-type-simple"},"yoast_head":"<!-- This site is optimized with the Yoast SEO plugin v26.6 - https:\/\/yoast.com\/wordpress\/plugins\/seo\/ -->\n<title>Citrulline Pure | Bienfaits nombreux | Achat rapide en France<\/title>\n<meta name=\"description\" content=\"Si vous cherchez \u00e0 am\u00e9liorer vos performances sportives, alors vous devez absolument d\u00e9couvrir les\u00a0bienfaits de la Citrulline.\" \/>\n<meta name=\"robots\" content=\"index, follow, max-snippet:-1, max-image-preview:large, max-video-preview:-1\" \/>\n<link rel=\"canonical\" href=\"https:\/\/www.safinel.fr\/es\/product-2\/citrulina-pura\/\" \/>\n<meta property=\"og:locale\" content=\"es_ES\" \/>\n<meta property=\"og:type\" content=\"article\" \/>\n<meta property=\"og:title\" content=\"Citrulline Pure | Bienfaits nombreux | Achat rapide en France\" \/>\n<meta property=\"og:description\" content=\"Si vous cherchez \u00e0 am\u00e9liorer vos performances sportives, alors vous devez absolument d\u00e9couvrir les\u00a0bienfaits de la Citrulline.\" \/>\n<meta property=\"og:url\" content=\"https:\/\/www.safinel.fr\/es\/product-2\/citrulina-pura\/\" \/>\n<meta property=\"og:site_name\" content=\"Safinel\" \/>\n<meta property=\"article:modified_time\" content=\"2024-01-20T14:31:46+00:00\" \/>\n<meta property=\"og:image\" content=\"https:\/\/www.safinel.fr\/wp-content\/uploads\/2022\/08\/pure-citrulline.jpg\" \/>\n\t<meta property=\"og:image:width\" content=\"600\" \/>\n\t<meta property=\"og:image:height\" content=\"600\" \/>\n\t<meta property=\"og:image:type\" content=\"image\/jpeg\" \/>\n<meta name=\"twitter:card\" content=\"summary_large_image\" \/>\n<meta name=\"twitter:label1\" content=\"Tiempo de lectura\" \/>\n\t<meta name=\"twitter:data1\" content=\"3 minutos\" \/>\n<script type=\"application\/ld+json\" class=\"yoast-schema-graph\">{\"@context\":\"https:\/\/schema.org\",\"@graph\":[{\"@type\":\"WebPage\",\"@id\":\"https:\/\/www.safinel.fr\/produit\/pure-citrulline\/\",\"url\":\"https:\/\/www.safinel.fr\/produit\/pure-citrulline\/\",\"name\":\"Citrulline Pure | Bienfaits nombreux | Achat rapide en France\",\"isPartOf\":{\"@id\":\"https:\/\/www.safinel.fr\/#website\"},\"primaryImageOfPage\":{\"@id\":\"https:\/\/www.safinel.fr\/produit\/pure-citrulline\/#primaryimage\"},\"image\":{\"@id\":\"https:\/\/www.safinel.fr\/produit\/pure-citrulline\/#primaryimage\"},\"thumbnailUrl\":\"https:\/\/www.safinel.fr\/wp-content\/uploads\/2022\/08\/pure-citrulline.jpg\",\"datePublished\":\"2022-08-30T18:25:23+00:00\",\"dateModified\":\"2024-01-20T14:31:46+00:00\",\"description\":\"Si vous cherchez \u00e0 am\u00e9liorer vos performances sportives, alors vous devez absolument d\u00e9couvrir les\u00a0bienfaits de la Citrulline.\",\"breadcrumb\":{\"@id\":\"https:\/\/www.safinel.fr\/produit\/pure-citrulline\/#breadcrumb\"},\"inLanguage\":\"es\",\"potentialAction\":[{\"@type\":\"ReadAction\",\"target\":[\"https:\/\/www.safinel.fr\/produit\/pure-citrulline\/\"]}]},{\"@type\":\"ImageObject\",\"inLanguage\":\"es\",\"@id\":\"https:\/\/www.safinel.fr\/produit\/pure-citrulline\/#primaryimage\",\"url\":\"https:\/\/www.safinel.fr\/wp-content\/uploads\/2022\/08\/pure-citrulline.jpg\",\"contentUrl\":\"https:\/\/www.safinel.fr\/wp-content\/uploads\/2022\/08\/pure-citrulline.jpg\",\"width\":600,\"height\":600,\"caption\":\"Citrulline 200g\"},{\"@type\":\"BreadcrumbList\",\"@id\":\"https:\/\/www.safinel.fr\/produit\/pure-citrulline\/#breadcrumb\",\"itemListElement\":[{\"@type\":\"ListItem\",\"position\":1,\"name\":\"Accueil\",\"item\":\"https:\/\/www.safinel.fr\/\"},{\"@type\":\"ListItem\",\"position\":2,\"name\":\"Boutique\",\"item\":\"https:\/\/www.safinel.fr\/boutique\/\"},{\"@type\":\"ListItem\",\"position\":3,\"name\":\"Pure Citrulline 200g\"}]},{\"@type\":\"WebSite\",\"@id\":\"https:\/\/www.safinel.fr\/#website\",\"url\":\"https:\/\/www.safinel.fr\/\",\"name\":\"Safinel\",\"description\":\"\",\"publisher\":{\"@id\":\"https:\/\/www.safinel.fr\/#organization\"},\"potentialAction\":[{\"@type\":\"SearchAction\",\"target\":{\"@type\":\"EntryPoint\",\"urlTemplate\":\"https:\/\/www.safinel.fr\/?s={search_term_string}\"},\"query-input\":{\"@type\":\"PropertyValueSpecification\",\"valueRequired\":true,\"valueName\":\"search_term_string\"}}],\"inLanguage\":\"es\"},{\"@type\":\"Organization\",\"@id\":\"https:\/\/www.safinel.fr\/#organization\",\"name\":\"Safinel\",\"url\":\"https:\/\/www.safinel.fr\/\",\"logo\":{\"@type\":\"ImageObject\",\"inLanguage\":\"es\",\"@id\":\"https:\/\/www.safinel.fr\/#\/schema\/logo\/image\/\",\"url\":\"https:\/\/www.safinel.fr\/wp-content\/uploads\/2021\/05\/boutique-cosmetique.png\",\"contentUrl\":\"https:\/\/www.safinel.fr\/wp-content\/uploads\/2021\/05\/boutique-cosmetique.png\",\"width\":800,\"height\":200,\"caption\":\"Safinel\"},\"image\":{\"@id\":\"https:\/\/www.safinel.fr\/#\/schema\/logo\/image\/\"}}]}<\/script>\n<!-- \/ Yoast SEO plugin. -->","yoast_head_json":{"title":"Citrulina Pura | Muchos beneficios | Comprar r\u00e1pido en Francia","description":"Si desea mejorar su rendimiento deportivo, debe descubrir los beneficios de la Citrulina.","robots":{"index":"index","follow":"follow","max-snippet":"max-snippet:-1","max-image-preview":"max-image-preview:large","max-video-preview":"max-video-preview:-1"},"canonical":"https:\/\/www.safinel.fr\/es\/product-2\/citrulina-pura\/","og_locale":"es_ES","og_type":"article","og_title":"Citrulline Pure | Bienfaits nombreux | Achat rapide en France","og_description":"Si vous cherchez \u00e0 am\u00e9liorer vos performances sportives, alors vous devez absolument d\u00e9couvrir les\u00a0bienfaits de la Citrulline.","og_url":"https:\/\/www.safinel.fr\/es\/product-2\/citrulina-pura\/","og_site_name":"Safinel","article_modified_time":"2024-01-20T14:31:46+00:00","og_image":[{"width":600,"height":600,"url":"https:\/\/www.safinel.fr\/wp-content\/uploads\/2022\/08\/pure-citrulline.jpg","type":"image\/jpeg"}],"twitter_card":"summary_large_image","twitter_misc":{"Tiempo de lectura":"3 minutos"},"schema":{"@context":"https:\/\/schema.org","@graph":[{"@type":"WebPage","@id":"https:\/\/www.safinel.fr\/produit\/pure-citrulline\/","url":"https:\/\/www.safinel.fr\/produit\/pure-citrulline\/","name":"Citrulina Pura | Muchos beneficios | Comprar r\u00e1pido en Francia","isPartOf":{"@id":"https:\/\/www.safinel.fr\/#website"},"primaryImageOfPage":{"@id":"https:\/\/www.safinel.fr\/produit\/pure-citrulline\/#primaryimage"},"image":{"@id":"https:\/\/www.safinel.fr\/produit\/pure-citrulline\/#primaryimage"},"thumbnailUrl":"https:\/\/www.safinel.fr\/wp-content\/uploads\/2022\/08\/pure-citrulline.jpg","datePublished":"2022-08-30T18:25:23+00:00","dateModified":"2024-01-20T14:31:46+00:00","description":"Si desea mejorar su rendimiento deportivo, debe descubrir los beneficios de la Citrulina.","breadcrumb":{"@id":"https:\/\/www.safinel.fr\/produit\/pure-citrulline\/#breadcrumb"},"inLanguage":"es","potentialAction":[{"@type":"ReadAction","target":["https:\/\/www.safinel.fr\/produit\/pure-citrulline\/"]}]},{"@type":"ImageObject","inLanguage":"es","@id":"https:\/\/www.safinel.fr\/produit\/pure-citrulline\/#primaryimage","url":"https:\/\/www.safinel.fr\/wp-content\/uploads\/2022\/08\/pure-citrulline.jpg","contentUrl":"https:\/\/www.safinel.fr\/wp-content\/uploads\/2022\/08\/pure-citrulline.jpg","width":600,"height":600,"caption":"Citrulline 200g"},{"@type":"BreadcrumbList","@id":"https:\/\/www.safinel.fr\/produit\/pure-citrulline\/#breadcrumb","itemListElement":[{"@type":"ListItem","position":1,"name":"Accueil","item":"https:\/\/www.safinel.fr\/"},{"@type":"ListItem","position":2,"name":"Boutique","item":"https:\/\/www.safinel.fr\/boutique\/"},{"@type":"ListItem","position":3,"name":"Pure Citrulline 200g"}]},{"@type":"WebSite","@id":"https:\/\/www.safinel.fr\/#website","url":"https:\/\/www.safinel.fr\/","name":"Safinel","description":"","publisher":{"@id":"https:\/\/www.safinel.fr\/#organization"},"potentialAction":[{"@type":"SearchAction","target":{"@type":"EntryPoint","urlTemplate":"https:\/\/www.safinel.fr\/?s={search_term_string}"},"query-input":{"@type":"PropertyValueSpecification","valueRequired":true,"valueName":"search_term_string"}}],"inLanguage":"es"},{"@type":"Organization","@id":"https:\/\/www.safinel.fr\/#organization","name":"Safinel","url":"https:\/\/www.safinel.fr\/","logo":{"@type":"ImageObject","inLanguage":"es","@id":"https:\/\/www.safinel.fr\/#\/schema\/logo\/image\/","url":"https:\/\/www.safinel.fr\/wp-content\/uploads\/2021\/05\/boutique-cosmetique.png","contentUrl":"https:\/\/www.safinel.fr\/wp-content\/uploads\/2021\/05\/boutique-cosmetique.png","width":800,"height":200,"caption":"Safinel"},"image":{"@id":"https:\/\/www.safinel.fr\/#\/schema\/logo\/image\/"}}]}},"_links":{"self":[{"href":"https:\/\/www.safinel.fr\/es\/wp-json\/wp\/v2\/product\/2448","targetHints":{"allow":["GET"]}}],"collection":[{"href":"https:\/\/www.safinel.fr\/es\/wp-json\/wp\/v2\/product"}],"about":[{"href":"https:\/\/www.safinel.fr\/es\/wp-json\/wp\/v2\/types\/product"}],"wp:featuredmedia":[{"embeddable":true,"href":"https:\/\/www.safinel.fr\/es\/wp-json\/wp\/v2\/media\/2449"}],"wp:attachment":[{"href":"https:\/\/www.safinel.fr\/es\/wp-json\/wp\/v2\/media?parent=2448"}],"wp:term":[{"taxonomy":"product_brand","embeddable":true,"href":"https:\/\/www.safinel.fr\/es\/wp-json\/wp\/v2\/product_brand?post=2448"},{"taxonomy":"product_cat","embeddable":true,"href":"https:\/\/www.safinel.fr\/es\/wp-json\/wp\/v2\/product_cat?post=2448"},{"taxonomy":"product_tag","embeddable":true,"href":"https:\/\/www.safinel.fr\/es\/wp-json\/wp\/v2\/product_tag?post=2448"}],"curies":[{"name":"wp","href":"https:\/\/api.w.org\/{rel}","templated":true}]}}