{"id":2444,"date":"2022-08-30T18:20:22","date_gmt":"2022-08-30T18:20:22","guid":{"rendered":"https:\/\/www.safinel.fr\/?post_type=product&#038;p=2444"},"modified":"2024-08-22T18:17:33","modified_gmt":"2024-08-22T18:17:33","slug":"malato-de-citrulina","status":"publish","type":"product","link":"https:\/\/www.safinel.fr\/es\/product-2\/malato-de-citrulina\/","title":{"rendered":"Citrulina malato"},"content":{"rendered":"<p>El malato de citrulina es un\u00a0<strong>complemento alimenticio<\/strong>\u00a0para s<strong>portivos<\/strong>. Es conocido por su acci\u00f3n sobre\u00a0<strong>retrasar la fatiga muscular, la recuperaci\u00f3n y el aumento de peso<\/strong>. Le ayudar\u00e1 a entrenar con regularidad y a obtener resultados convincentes.<\/p>\n<h2><strong>Citrulina malato de cerca<\/strong><\/h2>\n<p>Este suplemento diet\u00e9tico es una mezcla del amino\u00e1cido L-citrulina y \u00e1cido m\u00e1lico. El \u00e1cido m\u00e1lico es un componente que ayuda a la\u00a0<strong>generaci\u00f3n de energ\u00eda<\/strong>\u00a0del cuerpo, pero sobre todo al\u00a0<strong>recuperaci\u00f3n despu\u00e9s del ejercicio<\/strong>. La L-citrulina ayuda al organismo a\u00a0<strong>eliminar residuos<\/strong>, especialmente las producidas despu\u00e9s del ejercicio. Tambi\u00e9n es un estimulante para\u00a0<strong>aumento de peso<\/strong>\u00a0m\u00fasculo.<\/p>\n<h2><strong>\u00bfPor qu\u00e9 elegir este complemento alimenticio?<\/strong><\/h2>\n<p>En el \u00e1mbito del deporte, y m\u00e1s concretamente del culturismo, existe un enorme n\u00famero de complementos alimenticios. Sin embargo, muchos de ellos podr\u00edan sustituirse por una dieta adecuada. No es el caso del malato de citrulina. Los amino\u00e1cidos son esenciales para un buen funcionamiento. Algunos son producidos por el cuerpo y otros necesitan ser ingeridos para ayudar al organismo a funcionar correctamente. La L-citrulina es producida por el cuerpo, pero en peque\u00f1as cantidades. Por eso es una buena idea suministrar L-citrulina al cuerpo cuando se entrena con regularidad. La combinaci\u00f3n de este amino\u00e1cido y el malato tiene propiedades muy beneficiosas, en particular al\u00a0<strong>formaci\u00f3n previa<\/strong>\u00a0y para el aumento de peso.<\/p>\n<h3><strong>Relajaci\u00f3n de los vasos sangu\u00edneos<\/strong><\/h3>\n<p>Cuando se entrena, se produce una afluencia de sangre a los m\u00fasculos. Esta mezcla (y en particular la L-citrulina) tiene el efecto de\u00a0<strong>ensanchar los vasos sangu\u00edneos<\/strong>. Esto ayudar\u00e1 a tus m\u00fasculos a recuperarse m\u00e1s f\u00e1cilmente.<\/p>\n<h3><strong>Suministro de energ\u00eda<\/strong><\/h3>\n<p>Gracias al \u00e1cido m\u00e1lico, puedes estimular el ciclo de suministro de energ\u00eda. As\u00ed tendr\u00e1s un\u00a0<strong>una formaci\u00f3n m\u00e1s productiva<\/strong>. Podr\u00e1s hacer m\u00e1s repeticiones de tus ejercicios.<\/p>\n<h3><strong>Ayuda a contraer los m\u00fasculos<\/strong><\/h3>\n<p>Durante tu sesi\u00f3n, producir\u00e1s productos de desecho (especialmente lactatos) que reducir\u00e1n tu capacidad para contraer los m\u00fasculos. Esto se debe a un pH muy \u00e1cido. El malato de citrulina actuar\u00e1 como barrera y el pH se mantendr\u00e1 normal. Como resultado, podr\u00e1\u00a0<strong>prolongue su sesi\u00f3n y evite las agujetas<\/strong>.<\/p>\n<h2><strong>\u00bfPor qu\u00e9 tomar citrulina malato antes de entrenar?<\/strong><\/h2>\n<p>Al tomar tu preparaci\u00f3n antes de hacer deporte, tus m\u00fasculos se beneficiar\u00e1n de un mayor aporte de nutrientes (gracias a la dilataci\u00f3n de los vasos sangu\u00edneos). Y, como resultado, al final de tu entrenamiento, los\u00a0<strong>reparaci\u00f3n muscular, eliminaci\u00f3n de residuos y recuperaci\u00f3n<\/strong>\u00a0ser\u00e1 mejor. Autom\u00e1ticamente te sentir\u00e1s\u00a0<strong>menos dolores. \u00a0<\/strong><\/p>\n<h3><strong>\u00bfC\u00f3mo se toma el malato de citrulina?<\/strong><\/h3>\n<ul>\n<li>Mezcle una dosis completa (unos 3 gramos) en un gran vaso de agua. Beba el preparado media hora antes de la sesi\u00f3n de entrenamiento. Tambi\u00e9n puedes mezclar el complemento alimenticio con tus bebidas pre-entrenamiento.<\/li>\n<li>Para ayudar a\u00fan m\u00e1s a tus m\u00fasculos, prueba el\u2019<a href=\"https:\/\/www.safinel.fr\/es\/product-2\/raiz-entera-de-ashwagandha\/\"><strong>Ashwagandha<\/strong><\/a>, la planta deportiva.<\/li>\n<li>Le recordamos que el malato de citrulina no puede sustituir a una dieta sana y equilibrada.<\/li>\n<\/ul>\n<h3><strong>Consejo de conservaci\u00f3n :\u00a0<\/strong><\/h3>\n<p>Proteja este producto de la luz y el calor.<\/p>","protected":false},"excerpt":{"rendered":"<p>El malato de citrulina es un complemento alimenticio para deportistas. Es conocido por su acci\u00f3n en el retraso de la fatiga muscular, la recuperaci\u00f3n y el aumento de masa muscular. Le ayudar\u00e1 a entrenar con regularidad y a obtener resultados convincentes. El malato de citrulina m\u00e1s de cerca Este complemento alimenticio es una mezcla de [\u2026]","protected":false},"featured_media":2445,"template":"","meta":[],"product_brand":[],"product_cat":[28],"product_tag":[],"class_list":{"0":"post-2444","1":"product","2":"type-product","3":"status-publish","4":"has-post-thumbnail","6":"product_cat-divers","8":"first","9":"outofstock","10":"shipping-taxable","11":"purchasable","12":"product-type-variable"},"yoast_head":"<!-- This site is optimized with the Yoast SEO plugin v26.6 - https:\/\/yoast.com\/wordpress\/plugins\/seo\/ -->\n<title>Malate de citrulline I Compl\u00e9ment alimentaire I Achat rapide<\/title>\n<meta name=\"description\" content=\"Le malate de citrulline est un\u00a0compl\u00e9ment alimentaire\u00a0pour les sportifs. Il est connu pour son action sur le\u00a0retardement de la fatigue musculaire.\" \/>\n<meta name=\"robots\" content=\"index, follow, max-snippet:-1, max-image-preview:large, max-video-preview:-1\" \/>\n<link rel=\"canonical\" href=\"https:\/\/www.safinel.fr\/es\/product-2\/malato-de-citrulina\/\" \/>\n<meta property=\"og:locale\" content=\"es_ES\" \/>\n<meta property=\"og:type\" content=\"article\" \/>\n<meta property=\"og:title\" content=\"Malate de citrulline I Compl\u00e9ment alimentaire I Achat rapide\" \/>\n<meta property=\"og:description\" content=\"Le malate de citrulline est un\u00a0compl\u00e9ment alimentaire\u00a0pour les sportifs. Il est connu pour son action sur le\u00a0retardement de la fatigue musculaire.\" \/>\n<meta property=\"og:url\" content=\"https:\/\/www.safinel.fr\/es\/product-2\/malato-de-citrulina\/\" \/>\n<meta property=\"og:site_name\" content=\"Safinel\" \/>\n<meta property=\"article:modified_time\" content=\"2024-08-22T18:17:33+00:00\" \/>\n<meta property=\"og:image\" content=\"https:\/\/www.safinel.fr\/wp-content\/uploads\/2022\/08\/Malate-De-Citrulline.jpg\" \/>\n\t<meta property=\"og:image:width\" content=\"600\" \/>\n\t<meta property=\"og:image:height\" content=\"600\" \/>\n\t<meta property=\"og:image:type\" content=\"image\/jpeg\" \/>\n<meta name=\"twitter:card\" content=\"summary_large_image\" \/>\n<meta name=\"twitter:label1\" content=\"Tiempo de lectura\" \/>\n\t<meta name=\"twitter:data1\" content=\"3 minutos\" \/>\n<script type=\"application\/ld+json\" class=\"yoast-schema-graph\">{\"@context\":\"https:\/\/schema.org\",\"@graph\":[{\"@type\":\"WebPage\",\"@id\":\"https:\/\/www.safinel.fr\/produit\/malate-de-citrulline\/\",\"url\":\"https:\/\/www.safinel.fr\/produit\/malate-de-citrulline\/\",\"name\":\"Malate de citrulline I Compl\u00e9ment alimentaire I Achat rapide\",\"isPartOf\":{\"@id\":\"https:\/\/www.safinel.fr\/#website\"},\"primaryImageOfPage\":{\"@id\":\"https:\/\/www.safinel.fr\/produit\/malate-de-citrulline\/#primaryimage\"},\"image\":{\"@id\":\"https:\/\/www.safinel.fr\/produit\/malate-de-citrulline\/#primaryimage\"},\"thumbnailUrl\":\"https:\/\/www.safinel.fr\/wp-content\/uploads\/2022\/08\/Malate-De-Citrulline.jpg\",\"datePublished\":\"2022-08-30T18:20:22+00:00\",\"dateModified\":\"2024-08-22T18:17:33+00:00\",\"description\":\"Le malate de citrulline est un\u00a0compl\u00e9ment alimentaire\u00a0pour les sportifs. Il est connu pour son action sur le\u00a0retardement de la fatigue musculaire.\",\"breadcrumb\":{\"@id\":\"https:\/\/www.safinel.fr\/produit\/malate-de-citrulline\/#breadcrumb\"},\"inLanguage\":\"es\",\"potentialAction\":[{\"@type\":\"ReadAction\",\"target\":[\"https:\/\/www.safinel.fr\/produit\/malate-de-citrulline\/\"]}]},{\"@type\":\"ImageObject\",\"inLanguage\":\"es\",\"@id\":\"https:\/\/www.safinel.fr\/produit\/malate-de-citrulline\/#primaryimage\",\"url\":\"https:\/\/www.safinel.fr\/wp-content\/uploads\/2022\/08\/Malate-De-Citrulline.jpg\",\"contentUrl\":\"https:\/\/www.safinel.fr\/wp-content\/uploads\/2022\/08\/Malate-De-Citrulline.jpg\",\"width\":600,\"height\":600,\"caption\":\"Malate de Citrulline\"},{\"@type\":\"BreadcrumbList\",\"@id\":\"https:\/\/www.safinel.fr\/produit\/malate-de-citrulline\/#breadcrumb\",\"itemListElement\":[{\"@type\":\"ListItem\",\"position\":1,\"name\":\"Accueil\",\"item\":\"https:\/\/www.safinel.fr\/\"},{\"@type\":\"ListItem\",\"position\":2,\"name\":\"Boutique\",\"item\":\"https:\/\/www.safinel.fr\/boutique\/\"},{\"@type\":\"ListItem\",\"position\":3,\"name\":\"Malate de Citrulline\"}]},{\"@type\":\"WebSite\",\"@id\":\"https:\/\/www.safinel.fr\/#website\",\"url\":\"https:\/\/www.safinel.fr\/\",\"name\":\"Safinel\",\"description\":\"\",\"publisher\":{\"@id\":\"https:\/\/www.safinel.fr\/#organization\"},\"potentialAction\":[{\"@type\":\"SearchAction\",\"target\":{\"@type\":\"EntryPoint\",\"urlTemplate\":\"https:\/\/www.safinel.fr\/?s={search_term_string}\"},\"query-input\":{\"@type\":\"PropertyValueSpecification\",\"valueRequired\":true,\"valueName\":\"search_term_string\"}}],\"inLanguage\":\"es\"},{\"@type\":\"Organization\",\"@id\":\"https:\/\/www.safinel.fr\/#organization\",\"name\":\"Safinel\",\"url\":\"https:\/\/www.safinel.fr\/\",\"logo\":{\"@type\":\"ImageObject\",\"inLanguage\":\"es\",\"@id\":\"https:\/\/www.safinel.fr\/#\/schema\/logo\/image\/\",\"url\":\"https:\/\/www.safinel.fr\/wp-content\/uploads\/2021\/05\/boutique-cosmetique.png\",\"contentUrl\":\"https:\/\/www.safinel.fr\/wp-content\/uploads\/2021\/05\/boutique-cosmetique.png\",\"width\":800,\"height\":200,\"caption\":\"Safinel\"},\"image\":{\"@id\":\"https:\/\/www.safinel.fr\/#\/schema\/logo\/image\/\"}}]}<\/script>\n<!-- \/ Yoast SEO plugin. -->","yoast_head_json":{"title":"Malato de citrulina I Complemento alimenticio I Compra r\u00e1pida","description":"El malato de citrulina es un suplemento diet\u00e9tico para deportistas. Es conocido por su acci\u00f3n para retrasar la fatiga muscular.","robots":{"index":"index","follow":"follow","max-snippet":"max-snippet:-1","max-image-preview":"max-image-preview:large","max-video-preview":"max-video-preview:-1"},"canonical":"https:\/\/www.safinel.fr\/es\/product-2\/malato-de-citrulina\/","og_locale":"es_ES","og_type":"article","og_title":"Malate de citrulline I Compl\u00e9ment alimentaire I Achat rapide","og_description":"Le malate de citrulline est un\u00a0compl\u00e9ment alimentaire\u00a0pour les sportifs. Il est connu pour son action sur le\u00a0retardement de la fatigue musculaire.","og_url":"https:\/\/www.safinel.fr\/es\/product-2\/malato-de-citrulina\/","og_site_name":"Safinel","article_modified_time":"2024-08-22T18:17:33+00:00","og_image":[{"width":600,"height":600,"url":"https:\/\/www.safinel.fr\/wp-content\/uploads\/2022\/08\/Malate-De-Citrulline.jpg","type":"image\/jpeg"}],"twitter_card":"summary_large_image","twitter_misc":{"Tiempo de lectura":"3 minutos"},"schema":{"@context":"https:\/\/schema.org","@graph":[{"@type":"WebPage","@id":"https:\/\/www.safinel.fr\/produit\/malate-de-citrulline\/","url":"https:\/\/www.safinel.fr\/produit\/malate-de-citrulline\/","name":"Malato de citrulina I Complemento alimenticio I Compra r\u00e1pida","isPartOf":{"@id":"https:\/\/www.safinel.fr\/#website"},"primaryImageOfPage":{"@id":"https:\/\/www.safinel.fr\/produit\/malate-de-citrulline\/#primaryimage"},"image":{"@id":"https:\/\/www.safinel.fr\/produit\/malate-de-citrulline\/#primaryimage"},"thumbnailUrl":"https:\/\/www.safinel.fr\/wp-content\/uploads\/2022\/08\/Malate-De-Citrulline.jpg","datePublished":"2022-08-30T18:20:22+00:00","dateModified":"2024-08-22T18:17:33+00:00","description":"El malato de citrulina es un suplemento diet\u00e9tico para deportistas. Es conocido por su acci\u00f3n para retrasar la fatiga muscular.","breadcrumb":{"@id":"https:\/\/www.safinel.fr\/produit\/malate-de-citrulline\/#breadcrumb"},"inLanguage":"es","potentialAction":[{"@type":"ReadAction","target":["https:\/\/www.safinel.fr\/produit\/malate-de-citrulline\/"]}]},{"@type":"ImageObject","inLanguage":"es","@id":"https:\/\/www.safinel.fr\/produit\/malate-de-citrulline\/#primaryimage","url":"https:\/\/www.safinel.fr\/wp-content\/uploads\/2022\/08\/Malate-De-Citrulline.jpg","contentUrl":"https:\/\/www.safinel.fr\/wp-content\/uploads\/2022\/08\/Malate-De-Citrulline.jpg","width":600,"height":600,"caption":"Malate de Citrulline"},{"@type":"BreadcrumbList","@id":"https:\/\/www.safinel.fr\/produit\/malate-de-citrulline\/#breadcrumb","itemListElement":[{"@type":"ListItem","position":1,"name":"Accueil","item":"https:\/\/www.safinel.fr\/"},{"@type":"ListItem","position":2,"name":"Boutique","item":"https:\/\/www.safinel.fr\/boutique\/"},{"@type":"ListItem","position":3,"name":"Malate de Citrulline"}]},{"@type":"WebSite","@id":"https:\/\/www.safinel.fr\/#website","url":"https:\/\/www.safinel.fr\/","name":"Safinel","description":"","publisher":{"@id":"https:\/\/www.safinel.fr\/#organization"},"potentialAction":[{"@type":"SearchAction","target":{"@type":"EntryPoint","urlTemplate":"https:\/\/www.safinel.fr\/?s={search_term_string}"},"query-input":{"@type":"PropertyValueSpecification","valueRequired":true,"valueName":"search_term_string"}}],"inLanguage":"es"},{"@type":"Organization","@id":"https:\/\/www.safinel.fr\/#organization","name":"Safinel","url":"https:\/\/www.safinel.fr\/","logo":{"@type":"ImageObject","inLanguage":"es","@id":"https:\/\/www.safinel.fr\/#\/schema\/logo\/image\/","url":"https:\/\/www.safinel.fr\/wp-content\/uploads\/2021\/05\/boutique-cosmetique.png","contentUrl":"https:\/\/www.safinel.fr\/wp-content\/uploads\/2021\/05\/boutique-cosmetique.png","width":800,"height":200,"caption":"Safinel"},"image":{"@id":"https:\/\/www.safinel.fr\/#\/schema\/logo\/image\/"}}]}},"_links":{"self":[{"href":"https:\/\/www.safinel.fr\/es\/wp-json\/wp\/v2\/product\/2444","targetHints":{"allow":["GET"]}}],"collection":[{"href":"https:\/\/www.safinel.fr\/es\/wp-json\/wp\/v2\/product"}],"about":[{"href":"https:\/\/www.safinel.fr\/es\/wp-json\/wp\/v2\/types\/product"}],"wp:featuredmedia":[{"embeddable":true,"href":"https:\/\/www.safinel.fr\/es\/wp-json\/wp\/v2\/media\/2445"}],"wp:attachment":[{"href":"https:\/\/www.safinel.fr\/es\/wp-json\/wp\/v2\/media?parent=2444"}],"wp:term":[{"taxonomy":"product_brand","embeddable":true,"href":"https:\/\/www.safinel.fr\/es\/wp-json\/wp\/v2\/product_brand?post=2444"},{"taxonomy":"product_cat","embeddable":true,"href":"https:\/\/www.safinel.fr\/es\/wp-json\/wp\/v2\/product_cat?post=2444"},{"taxonomy":"product_tag","embeddable":true,"href":"https:\/\/www.safinel.fr\/es\/wp-json\/wp\/v2\/product_tag?post=2444"}],"curies":[{"name":"wp","href":"https:\/\/api.w.org\/{rel}","templated":true}]}}