{"id":244,"date":"2021-07-24T18:58:58","date_gmt":"2021-07-24T18:58:58","guid":{"rendered":"https:\/\/www.safinel.fr\/?post_type=product&#038;p=244"},"modified":"2023-12-30T13:55:53","modified_gmt":"2023-12-30T13:55:53","slug":"desodorante-natural-curae-men-50g","status":"publish","type":"product","link":"https:\/\/www.safinel.fr\/es\/product-2\/desodorante-natural-curae-men-50g\/","title":{"rendered":"Desodorante natural Curae Homme 50g"},"content":{"rendered":"<p>En<b> productos de higiene y cuidado<\/b> han tenido algunas dificultades en el mercado franc\u00e9s en los \u00faltimos a\u00f1os. Sin embargo, los desodorantes masculinos est\u00e1n resistiendo. Pero hay algo m\u00e1s que a\u00f1adir, y es que <b>antitranspirantes <\/b>y otros <b>desodorantes cl\u00e1sicos <\/b>con sales de aluminio est\u00e1n disminuyendo. Y eso es una buena noticia. Al mismo tiempo, los hombres muestran un inter\u00e9s creciente por los desodorantes m\u00e1s naturales.<i> Sin disruptores endocrinos y m\u00e1s respetuoso con el medio ambiente.<span class=\"Apple-converted-space\">\u00a0<\/span><\/i>En D\u00e9odorant Naturel estamos muy animados con esta tendencia. Y por eso te ofrecemos <b>una gama a\u00fan m\u00e1s completa y variada de desodorantes naturales.<span class=\"Apple-converted-space\">\u00a0<\/span><\/b>De hecho, pens\u00e1bamos que las mujeres ten\u00edan una amplia oferta en nuestro departamento de <b>cremas desodorantes<\/b>. Pero, \u00bfy los hombres? Aqu\u00ed viene el <b>desodorante para hombres<\/b>\u00a0<strong>100% natural<\/strong> \u00a1! Y como su nombre indica, \u00a1es para hombres!<span class=\"Apple-converted-space\">\u00a0<\/span><\/p>\n<h2><b>Desodorante natural, un tratamiento que te hace bien<span class=\"Apple-converted-space\">\u00a0<\/span><\/b><\/h2>\n<p>El desodorante natural es un <b>producto de higiene<\/b> cada vez m\u00e1s popular. Tanto para mujeres como para hombres.<span class=\"Apple-converted-space\">\u00a0<\/span><\/p>\n<p>Al comprarlo, puede parecer un poco m\u00e1s caro que un desodorante cl\u00e1sico. Pero \u00a1no se deje enga\u00f1ar! <i>Desodorante natural recargable<\/i>, Y as\u00ed, al final, ser mucho m\u00e1s barato que un desodorante comercial.<span class=\"Apple-converted-space\">\u00a0<\/span><\/p>\n<p>Por no hablar de que es <b>ecol\u00f3gico, econ\u00f3mico<\/b> y por supuesto <b>\u00a1respetuoso con su salud!<span class=\"Apple-converted-space\">\u00a0<\/span><\/b><\/p>\n<h3><b>Curae, el desodorante que piensa en todo<span class=\"Apple-converted-space\">\u00a0<\/span><\/b><\/h3>\n<p>Curae desodorante natural para hombres es <b>100% natural<\/b>. Se presenta en una caja met\u00e1lica totalmente reciclable. E infinitamente reutilizable. Equivale a 2 o incluso 3 desodorantes en barra.<span class=\"Apple-converted-space\">\u00a0<\/span><\/p>\n<p>Este<b> desodorante en crema para hombres<\/b> Regula la transpiraci\u00f3n sin da\u00f1ar la piel. Es adecuado para las pieles m\u00e1s sensibles, incluso despu\u00e9s del afeitado. La presencia de bicarbonato s\u00f3dico permite<i> Calmar la irritaci\u00f3n producida por el afeitado y prevenir posibles infecciones.<\/i><span class=\"Apple-converted-space\">\u00a0<\/span><\/p>\n<p>Tiene un<b> aroma masculino muy agradable <\/b>y no embriagador. Te encantar\u00e1 <b>la sutil mezcla de la vigorizante madera de cedro y el chispeante lim\u00f3n.<span class=\"Apple-converted-space\">\u00a0<\/span><\/b><\/p>\n<p>Este producto es <b>fabricado en Francia, no testado en animales<\/b>, y tiene un <b>composici\u00f3n impecable<\/b>. Le dejamos que lo compruebe usted mismo:<span class=\"Apple-converted-space\">\u00a0<\/span><\/p>\n<p><b>Ingredientes:<\/b> <i>ACEITE DE COCO NUCIFERA (aceite de coco), BICARBONATO S\u00d3DICO (bicarbonato s\u00f3dico), CERA ALBA (cera alba), ACEITE DE CORTEZA DE CEDRUS ATLANTICA (aceite de corteza de cedro del Atlas), ACEITE DE SEMILLA DE CITRUS PARADISI (aceite de semilla de pomelo), CITRUS LIMONUM (<a href=\"https:\/\/www.passeportsante.net\/fr\/Solutions\/HuilesEssentielles\/Fiche.aspx?doc=huile-essentielle-citron\" target=\"_blank\" rel=\"noopener noreferrer\"><strong>aceite esencial de lim\u00f3n<\/strong><\/a>), CITRUS LIMON PEEL OIL (aceite esencial de c\u00e1scara de lim\u00f3n)<span class=\"Apple-converted-space\">\u00a0<\/span><\/i><\/p>\n<h3><b>Un desodorante para hombres, \u00a1no un antitranspirante!<span class=\"Apple-converted-space\">\u00a0<\/span><\/b><\/h3>\n<p>A menudo alabados por su acci\u00f3n contra la transpiraci\u00f3n, <b>los famosos antitranspirantes distan mucho de ser buenos para la salud<\/b> !<span class=\"Apple-converted-space\">\u00a0<\/span><\/p>\n<p>Contienen mol\u00e9culas muy irritantes. \u00c9stas son las responsables de la inflamaci\u00f3n de las axilas. Como consecuencia, la piel se engrosa y los poros se obstruyen. Las gl\u00e1ndulas sudor\u00edparas, responsables de la transpiraci\u00f3n, no pueden hacer su trabajo. Es lo que se conoce como \u00ab\u00a0<i>teor\u00eda del corcho<\/i>\u00a0\u00bbPara ilustrar el efecto de los antitranspirantes.<span class=\"Apple-converted-space\">\u00a0<\/span><\/p>\n<p>\u00bfC\u00f3mo evitar sudar?<span class=\"Apple-converted-space\">\u00a0<\/span><\/p>\n<p>Simplemente no podemos. Afortunadamente no. Porque es un proceso completamente natural, y el cuerpo lo necesita. Sobre todo para regular el calor corporal. \u00bfTe gustar\u00eda sobrecalentarte?<\/p>\n<p>Al adoptar un<b> desodorante natural para hombres,<\/b> aprende a vivir mejor con tus olores corporales. Tendr\u00e1s <b>un buen olor,<\/b> as\u00ed como un <b>una verdadera sensaci\u00f3n de limpieza y frescura. <\/b>Respetando tu cuerpo. \u00bfNo es hermosa la vida?<span class=\"Apple-converted-space\">\u00a0<\/span><\/p>\n<h3><b>\u00bfCu\u00e1les son las propiedades de este producto de higiene masculina?<span class=\"Apple-converted-space\">\u00a0<\/span><\/b><\/h3>\n<p>Este desodorante natural para hombres tiene muchos beneficios. Tanto para usted como para el medio ambiente:<span class=\"Apple-converted-space\">\u00a0<\/span><\/p>\n<ul>\n<li>No bloquea la transpiraci\u00f3n, sino que act\u00faa directamente sobre las bacterias responsables de los malos olores.<\/li>\n<li>Este desodorante cremoso le proporciona frescor y una fijaci\u00f3n duradera garantizada<span class=\"Apple-converted-space\">\u00a0<\/span><\/li>\n<li>No contiene <i>sin sales de aluminio, productos petroqu\u00edmicos, sint\u00e9ticos, aceites hidrogenados, disruptores endocrinos, siliconas, pol\u00edmeros ni ftalatos<\/i><\/li>\n<li>Totalmente reciclable, es un <b>producto de residuo cero<span class=\"Apple-converted-space\">\u00a0<\/span><\/b><\/li>\n<\/ul>\n<h3><b>No olvides recargar las pilas.<span class=\"Apple-converted-space\">\u00a0<\/span><\/b><\/h3>\n<p>Ya te hemos dicho que este desodorante natural para hombre tiene muchos beneficios. Cuando llegues al final de tu s\u00faper desodorante, recuerda pedirlo. No otro tarro, \u00a1s\u00f3lo un recambio! <i>Es menos costoso y m\u00e1s respetuoso con el medio ambiente<\/i>. Para que pueda comprar el <b>recambio desodorante hombre, 30g<\/b>. O prueba con un reci\u00e9n llegado, t\u00fa eliges. Como <b>el <a href=\"https:\/\/www.deodorant-naturel.com\/produit\/recharge-de-deodorant-naturel-musc-tahara\/\">recambio desodorante natural tahara musk<\/a><\/b>. Una fragancia mezclada que le dejar\u00e1 un delicioso aroma a limpio y fresco.<span class=\"Apple-converted-space\">\u00a0<\/span><\/p>\n<p>M\u00e1s, <i>Nuestras recargas se entregan en envases biodegradables 100%.<\/i> Fabricado con fibra de ca\u00f1a de az\u00facar y almid\u00f3n de ma\u00edz para la tapa.<span class=\"Apple-converted-space\">\u00a0<\/span><\/p>\n<h3><b>\u00bfC\u00f3mo se utiliza nuestro desodorante natural para hombre 100%?<\/b><\/h3>\n<p>No nos atrever\u00edamos a decirle c\u00f3mo utilizar un desodorante. Pero hay que decir que este formato en crema no es necesariamente com\u00fan a todo el mundo. As\u00ed que vamos a darte algunos consejos de todos modos:<span class=\"Apple-converted-space\">\u00a0<\/span><\/p>\n<ol>\n<li>Preferiblemente despu\u00e9s de la ducha, aplica un poco de desodorante natural para hombre con el dedo (como m\u00e1s te guste, \u00a1la elecci\u00f3n es tuya!).<span class=\"Apple-converted-space\">\u00a0<\/span><\/li>\n<li>Siempre es mejor aplicarlo bajo las axilas limpias y secas.<span class=\"Apple-converted-space\">\u00a0<\/span><\/li>\n<\/ol>\n<p>Si no te apetece aplicarte el desodorante con el dedo, opta por un utensilio. Existen peque\u00f1as cucharas planas de pl\u00e1stico que pueden servirte. S\u00ed, de pl\u00e1stico. Son lavables y reutilizables hasta el infinito, as\u00ed que no hay desperdicio.<span class=\"Apple-converted-space\">\u00a0<\/span><\/p>\n<p><b>Precauciones<span class=\"Apple-converted-space\">\u00a0<\/span><\/b><\/p>\n<p>He aqu\u00ed algunas precauciones para utilizar tu desodorante:<span class=\"Apple-converted-space\">\u00a0<\/span><\/p>\n<ul>\n<li>Aunque es natural, le aconsejamos que lo pruebe al menos 24 horas antes de utilizarlo. En caso de alergia, interrumpa su uso.<span class=\"Apple-converted-space\">\u00a0<\/span><\/li>\n<li>Mantener fuera del alcance de las manitas curiosas.<span class=\"Apple-converted-space\">\u00a0<\/span><\/li>\n<li>Cierre la tapa despu\u00e9s de cada uso.<span class=\"Apple-converted-space\">\u00a0<\/span><\/li>\n<li><b>No apto para mujeres embarazadas.<\/b> Se\u00f1oras, prefieran <b>el <a href=\"https:\/\/www.deodorant-naturel.com\/produit\/deodorant-100-naturel-femme-enceinte\/\">desodorante natural para embarazadas<\/a><\/b> \u00a1! S\u00ed, \u00a1pensamos en todo!<span class=\"Apple-converted-space\">\u00a0<\/span><\/li>\n<li>No tragar. (\u00a1En serio!)<span class=\"Apple-converted-space\">\u00a0<\/span><\/li>\n<\/ul>\n<h3><b>Para una buena conservaci\u00f3n<span class=\"Apple-converted-space\">\u00a0de su desodorante masculino<\/span><\/b><\/h3>\n<p>Este <b>desodorante natural en crema <\/b>para hombres es pr\u00e1ctico y f\u00e1cil de usar. Pero requiere una atenci\u00f3n especial. Durante las estaciones m\u00e1s frescas, no hay problema. Pero durante el verano, si las temperaturas empiezan a subir, es posible que su desodorante deba ser un poco m\u00e1s l\u00edquido. No es nada complicado. Guardarlo en la nevera puede ser una buena soluci\u00f3n.<span class=\"Apple-converted-space\">\u00a0<\/span><\/p>\n<p><b>Lo mejor es respetar la fecha de caducidad que figura en el envase del producto.<\/b><\/p>","protected":false},"excerpt":{"rendered":"<p>Les produits d\u2019hygi\u00e8ne et de soin sont un peu en peine sur le march\u00e9 fran\u00e7ais ces derni\u00e8res ann\u00e9es. Toutefois, les d\u00e9odorants pour homme arrivent \u00e0 se maintenir ! Mais il faut ajouter une pr\u00e9cision, et pas des moindres : les anti-transpirants et autres d\u00e9odorants classiques avec sels d\u2019aluminium sont en d\u00e9clin ! Et c\u2019est une [&#8230;]","protected":false},"featured_media":274,"template":"","meta":[],"product_brand":[],"product_cat":[32],"product_tag":[],"class_list":{"0":"post-244","1":"product","2":"type-product","3":"status-publish","4":"has-post-thumbnail","6":"product_cat-curae","8":"first","9":"outofstock","10":"shipping-taxable","11":"purchasable","12":"product-type-simple"},"yoast_head":"<!-- This site is optimized with the Yoast SEO plugin v26.6 - https:\/\/yoast.com\/wordpress\/plugins\/seo\/ -->\n<title>D\u00e9odorant naturel Curae Homme 50g - Safinel<\/title>\n<meta name=\"robots\" content=\"index, follow, max-snippet:-1, max-image-preview:large, max-video-preview:-1\" \/>\n<link rel=\"canonical\" href=\"https:\/\/www.safinel.fr\/es\/product-2\/desodorante-natural-curae-men-50g\/\" \/>\n<meta property=\"og:locale\" content=\"es_ES\" \/>\n<meta property=\"og:type\" content=\"article\" \/>\n<meta property=\"og:title\" content=\"D\u00e9odorant naturel Curae Homme 50g - Safinel\" \/>\n<meta property=\"og:description\" content=\"Les produits d\u2019hygi\u00e8ne et de soin sont un peu en peine sur le march\u00e9 fran\u00e7ais ces derni\u00e8res ann\u00e9es. Toutefois, les d\u00e9odorants pour homme arrivent \u00e0 se maintenir ! Mais il faut ajouter une pr\u00e9cision, et pas des moindres : les anti-transpirants et autres d\u00e9odorants classiques avec sels d\u2019aluminium sont en d\u00e9clin ! Et c\u2019est une [...]\" \/>\n<meta property=\"og:url\" content=\"https:\/\/www.safinel.fr\/es\/product-2\/desodorante-natural-curae-men-50g\/\" \/>\n<meta property=\"og:site_name\" content=\"Safinel\" \/>\n<meta property=\"article:modified_time\" content=\"2023-12-30T13:55:53+00:00\" \/>\n<meta property=\"og:image\" content=\"https:\/\/www.safinel.fr\/wp-content\/uploads\/2021\/07\/561-large_default.jpg\" \/>\n\t<meta property=\"og:image:width\" content=\"800\" \/>\n\t<meta property=\"og:image:height\" content=\"800\" \/>\n\t<meta property=\"og:image:type\" content=\"image\/jpeg\" \/>\n<meta name=\"twitter:card\" content=\"summary_large_image\" \/>\n<meta name=\"twitter:label1\" content=\"Tiempo de lectura\" \/>\n\t<meta name=\"twitter:data1\" content=\"6 minutos\" \/>\n<script type=\"application\/ld+json\" class=\"yoast-schema-graph\">{\"@context\":\"https:\/\/schema.org\",\"@graph\":[{\"@type\":\"WebPage\",\"@id\":\"https:\/\/www.safinel.fr\/produit\/deodorant-naturel-curae-homme-50g\/\",\"url\":\"https:\/\/www.safinel.fr\/produit\/deodorant-naturel-curae-homme-50g\/\",\"name\":\"D\u00e9odorant naturel Curae Homme 50g - Safinel\",\"isPartOf\":{\"@id\":\"https:\/\/www.safinel.fr\/#website\"},\"primaryImageOfPage\":{\"@id\":\"https:\/\/www.safinel.fr\/produit\/deodorant-naturel-curae-homme-50g\/#primaryimage\"},\"image\":{\"@id\":\"https:\/\/www.safinel.fr\/produit\/deodorant-naturel-curae-homme-50g\/#primaryimage\"},\"thumbnailUrl\":\"https:\/\/www.safinel.fr\/wp-content\/uploads\/2021\/07\/561-large_default.jpg\",\"datePublished\":\"2021-07-24T18:58:58+00:00\",\"dateModified\":\"2023-12-30T13:55:53+00:00\",\"breadcrumb\":{\"@id\":\"https:\/\/www.safinel.fr\/produit\/deodorant-naturel-curae-homme-50g\/#breadcrumb\"},\"inLanguage\":\"es\",\"potentialAction\":[{\"@type\":\"ReadAction\",\"target\":[\"https:\/\/www.safinel.fr\/produit\/deodorant-naturel-curae-homme-50g\/\"]}]},{\"@type\":\"ImageObject\",\"inLanguage\":\"es\",\"@id\":\"https:\/\/www.safinel.fr\/produit\/deodorant-naturel-curae-homme-50g\/#primaryimage\",\"url\":\"https:\/\/www.safinel.fr\/wp-content\/uploads\/2021\/07\/561-large_default.jpg\",\"contentUrl\":\"https:\/\/www.safinel.fr\/wp-content\/uploads\/2021\/07\/561-large_default.jpg\",\"width\":800,\"height\":800},{\"@type\":\"BreadcrumbList\",\"@id\":\"https:\/\/www.safinel.fr\/produit\/deodorant-naturel-curae-homme-50g\/#breadcrumb\",\"itemListElement\":[{\"@type\":\"ListItem\",\"position\":1,\"name\":\"Accueil\",\"item\":\"https:\/\/www.safinel.fr\/\"},{\"@type\":\"ListItem\",\"position\":2,\"name\":\"Boutique\",\"item\":\"https:\/\/www.safinel.fr\/boutique\/\"},{\"@type\":\"ListItem\",\"position\":3,\"name\":\"D\u00e9odorant naturel Curae Homme 50g\"}]},{\"@type\":\"WebSite\",\"@id\":\"https:\/\/www.safinel.fr\/#website\",\"url\":\"https:\/\/www.safinel.fr\/\",\"name\":\"Safinel\",\"description\":\"\",\"publisher\":{\"@id\":\"https:\/\/www.safinel.fr\/#organization\"},\"potentialAction\":[{\"@type\":\"SearchAction\",\"target\":{\"@type\":\"EntryPoint\",\"urlTemplate\":\"https:\/\/www.safinel.fr\/?s={search_term_string}\"},\"query-input\":{\"@type\":\"PropertyValueSpecification\",\"valueRequired\":true,\"valueName\":\"search_term_string\"}}],\"inLanguage\":\"es\"},{\"@type\":\"Organization\",\"@id\":\"https:\/\/www.safinel.fr\/#organization\",\"name\":\"Safinel\",\"url\":\"https:\/\/www.safinel.fr\/\",\"logo\":{\"@type\":\"ImageObject\",\"inLanguage\":\"es\",\"@id\":\"https:\/\/www.safinel.fr\/#\/schema\/logo\/image\/\",\"url\":\"https:\/\/www.safinel.fr\/wp-content\/uploads\/2021\/05\/boutique-cosmetique.png\",\"contentUrl\":\"https:\/\/www.safinel.fr\/wp-content\/uploads\/2021\/05\/boutique-cosmetique.png\",\"width\":800,\"height\":200,\"caption\":\"Safinel\"},\"image\":{\"@id\":\"https:\/\/www.safinel.fr\/#\/schema\/logo\/image\/\"}}]}<\/script>\n<!-- \/ Yoast SEO plugin. -->","yoast_head_json":{"title":"Desodorante Natural Curae Homme 50g - Safinel","robots":{"index":"index","follow":"follow","max-snippet":"max-snippet:-1","max-image-preview":"max-image-preview:large","max-video-preview":"max-video-preview:-1"},"canonical":"https:\/\/www.safinel.fr\/es\/product-2\/desodorante-natural-curae-men-50g\/","og_locale":"es_ES","og_type":"article","og_title":"D\u00e9odorant naturel Curae Homme 50g - Safinel","og_description":"Les produits d\u2019hygi\u00e8ne et de soin sont un peu en peine sur le march\u00e9 fran\u00e7ais ces derni\u00e8res ann\u00e9es. Toutefois, les d\u00e9odorants pour homme arrivent \u00e0 se maintenir ! Mais il faut ajouter une pr\u00e9cision, et pas des moindres : les anti-transpirants et autres d\u00e9odorants classiques avec sels d\u2019aluminium sont en d\u00e9clin ! Et c\u2019est une [...]","og_url":"https:\/\/www.safinel.fr\/es\/product-2\/desodorante-natural-curae-men-50g\/","og_site_name":"Safinel","article_modified_time":"2023-12-30T13:55:53+00:00","og_image":[{"width":800,"height":800,"url":"https:\/\/www.safinel.fr\/wp-content\/uploads\/2021\/07\/561-large_default.jpg","type":"image\/jpeg"}],"twitter_card":"summary_large_image","twitter_misc":{"Tiempo de lectura":"6 minutos"},"schema":{"@context":"https:\/\/schema.org","@graph":[{"@type":"WebPage","@id":"https:\/\/www.safinel.fr\/produit\/deodorant-naturel-curae-homme-50g\/","url":"https:\/\/www.safinel.fr\/produit\/deodorant-naturel-curae-homme-50g\/","name":"Desodorante Natural Curae Homme 50g - Safinel","isPartOf":{"@id":"https:\/\/www.safinel.fr\/#website"},"primaryImageOfPage":{"@id":"https:\/\/www.safinel.fr\/produit\/deodorant-naturel-curae-homme-50g\/#primaryimage"},"image":{"@id":"https:\/\/www.safinel.fr\/produit\/deodorant-naturel-curae-homme-50g\/#primaryimage"},"thumbnailUrl":"https:\/\/www.safinel.fr\/wp-content\/uploads\/2021\/07\/561-large_default.jpg","datePublished":"2021-07-24T18:58:58+00:00","dateModified":"2023-12-30T13:55:53+00:00","breadcrumb":{"@id":"https:\/\/www.safinel.fr\/produit\/deodorant-naturel-curae-homme-50g\/#breadcrumb"},"inLanguage":"es","potentialAction":[{"@type":"ReadAction","target":["https:\/\/www.safinel.fr\/produit\/deodorant-naturel-curae-homme-50g\/"]}]},{"@type":"ImageObject","inLanguage":"es","@id":"https:\/\/www.safinel.fr\/produit\/deodorant-naturel-curae-homme-50g\/#primaryimage","url":"https:\/\/www.safinel.fr\/wp-content\/uploads\/2021\/07\/561-large_default.jpg","contentUrl":"https:\/\/www.safinel.fr\/wp-content\/uploads\/2021\/07\/561-large_default.jpg","width":800,"height":800},{"@type":"BreadcrumbList","@id":"https:\/\/www.safinel.fr\/produit\/deodorant-naturel-curae-homme-50g\/#breadcrumb","itemListElement":[{"@type":"ListItem","position":1,"name":"Accueil","item":"https:\/\/www.safinel.fr\/"},{"@type":"ListItem","position":2,"name":"Boutique","item":"https:\/\/www.safinel.fr\/boutique\/"},{"@type":"ListItem","position":3,"name":"D\u00e9odorant naturel Curae Homme 50g"}]},{"@type":"WebSite","@id":"https:\/\/www.safinel.fr\/#website","url":"https:\/\/www.safinel.fr\/","name":"Safinel","description":"","publisher":{"@id":"https:\/\/www.safinel.fr\/#organization"},"potentialAction":[{"@type":"SearchAction","target":{"@type":"EntryPoint","urlTemplate":"https:\/\/www.safinel.fr\/?s={search_term_string}"},"query-input":{"@type":"PropertyValueSpecification","valueRequired":true,"valueName":"search_term_string"}}],"inLanguage":"es"},{"@type":"Organization","@id":"https:\/\/www.safinel.fr\/#organization","name":"Safinel","url":"https:\/\/www.safinel.fr\/","logo":{"@type":"ImageObject","inLanguage":"es","@id":"https:\/\/www.safinel.fr\/#\/schema\/logo\/image\/","url":"https:\/\/www.safinel.fr\/wp-content\/uploads\/2021\/05\/boutique-cosmetique.png","contentUrl":"https:\/\/www.safinel.fr\/wp-content\/uploads\/2021\/05\/boutique-cosmetique.png","width":800,"height":200,"caption":"Safinel"},"image":{"@id":"https:\/\/www.safinel.fr\/#\/schema\/logo\/image\/"}}]}},"_links":{"self":[{"href":"https:\/\/www.safinel.fr\/es\/wp-json\/wp\/v2\/product\/244","targetHints":{"allow":["GET"]}}],"collection":[{"href":"https:\/\/www.safinel.fr\/es\/wp-json\/wp\/v2\/product"}],"about":[{"href":"https:\/\/www.safinel.fr\/es\/wp-json\/wp\/v2\/types\/product"}],"wp:featuredmedia":[{"embeddable":true,"href":"https:\/\/www.safinel.fr\/es\/wp-json\/wp\/v2\/media\/274"}],"wp:attachment":[{"href":"https:\/\/www.safinel.fr\/es\/wp-json\/wp\/v2\/media?parent=244"}],"wp:term":[{"taxonomy":"product_brand","embeddable":true,"href":"https:\/\/www.safinel.fr\/es\/wp-json\/wp\/v2\/product_brand?post=244"},{"taxonomy":"product_cat","embeddable":true,"href":"https:\/\/www.safinel.fr\/es\/wp-json\/wp\/v2\/product_cat?post=244"},{"taxonomy":"product_tag","embeddable":true,"href":"https:\/\/www.safinel.fr\/es\/wp-json\/wp\/v2\/product_tag?post=244"}],"curies":[{"name":"wp","href":"https:\/\/api.w.org\/{rel}","templated":true}]}}