{"id":243,"date":"2021-07-24T18:58:58","date_gmt":"2021-07-24T18:58:58","guid":{"rendered":"https:\/\/www.safinel.fr\/?post_type=product&#038;p=243"},"modified":"2023-12-30T13:55:48","modified_gmt":"2023-12-30T13:55:48","slug":"desodorante-natural-vegano-rosa-50g","status":"publish","type":"product","link":"https:\/\/www.safinel.fr\/es\/product-2\/desodorante-natural-vegano-rosa-50g\/","title":{"rendered":"Desodorante Natural (VEGANO) - Rosa 50g"},"content":{"rendered":"<p>Hay al menos un paso en nuestra rutina de belleza que no podemos evitar... \u00a1el desodorante! Para mimar tus axilas, hemos seleccionado cuidadosamente <b>100 desodorantes naturales %.\u00a0<\/b>Si buscas un desodorante <i>ecol\u00f3gico, natural y \u00e9tico<\/i>, Seguro que encuentra lo que busca. Le <b>desodorante natural de rosa<\/b> se ha dise\u00f1ado especialmente para quienes les gusta cuidarse...<span class=\"Apple-converted-space\">\u00a0<\/span><\/p>\n<h2><b>Desodorante natural de rosas, \u00a1y adem\u00e1s vegano!<\/b><\/h2>\n<p>Los desodorantes convencionales son perjudiciales para nuestra piel, e incluso pueden causar ciertos problemas de salud. Por eso es preferible, e incluso necesario, cambiar a un desodorante natural.<\/p>\n<p>Le<b> desodorante natural de rosa es 100 % natural<\/b>, formulado sin materia animal, que <b>apto para veganos. <\/b>Su nuevo<b> crema desodorante<\/b> no es perjudicial para la piel y no obstruye los poros de las axilas. Simplemente evita los malos olores.<span class=\"Apple-converted-space\">\u00a0<\/span><\/p>\n<p><b>Ingredientes:<\/b> <i>nucifera, bicarbonato s\u00f3dico, <a href=\"https:\/\/sante.lefigaro.fr\/mieux-etre\/nutrition-aliments\/graisses-vegetales\/quest-ce-que-lhydrogenation\" target=\"_blank\" rel=\"noopener\"><strong>aceite de soja hidrogenado<\/strong><\/a>, aceite de rosa damascena.<\/i><\/p>\n<h3><b>\u00bfCu\u00e1les son las propiedades del desodorante natural de rosa?<\/b><\/h3>\n<p>Hay muchas razones para pasarse a un desodorante natural, por lo que a continuaci\u00f3n le presentamos algunas de sus ventajas:<span class=\"Apple-converted-space\">\u00a0<\/span><\/p>\n<ul>\n<li>\u00a1Su composici\u00f3n natural y \u00e9tica! Este <b>producto ecol\u00f3gico<\/b> est\u00e1 100 % hecho con ingredientes naturales, y por supuesto, \u00a1no testado en animales!<\/li>\n<li>Este desodorante natural favorece el proceso de transpiraci\u00f3n natural del cuerpo; ;<span class=\"Apple-converted-space\">\u00a0<\/span><\/li>\n<li>Evita la transpiraci\u00f3n excesiva al tiempo que limita las bacterias. Neutraliza los olores y absorbe la humedad.<\/li>\n<\/ul>\n<p>Desodorante de rosa vegano: \u00a1pru\u00e9balo y te encantar\u00e1! Vea tambi\u00e9n nuestro <a href=\"https:\/\/www.deodorant-naturel.com\/produit\/deodorant-naturel-homme-curae\/\"><strong>Desodorante masculino Curae<\/strong><\/a> !<\/p>\n<h3><b>C\u00f3mo la<\/b>\u2019<b>\u00bfC\u00f3mo puedo utilizarlo?<\/b><\/h3>\n<p>Muy f\u00e1cil de usar, \u00a1el desodorante natural se convertir\u00e1 en tu nuevo aliado diario!<span class=\"Apple-converted-space\">\u00a0<\/span><\/p>\n<ol>\n<li>L\u00e1vese las manos antes de utilizarlo; ;<\/li>\n<li>Tome una peque\u00f1a cantidad con el dedo; ;<\/li>\n<li>A continuaci\u00f3n, aplicar en las axilas; ;<\/li>\n<li>L\u00e1vate las manos despu\u00e9s de usarlo... \u00a1siempre es mejor!<span class=\"Apple-converted-space\">\u00a0<\/span><\/li>\n<\/ol>\n<p>Este desodorante de textura cremosa se derrite al contacto con la piel. Se encargar\u00e1 del resto para un confort \u00f3ptimo.<span class=\"Apple-converted-space\">\u00a0<\/span><\/p>\n<h3><b>Precauciones y almacenamiento<\/b><\/h3>\n<p>La mejor forma de guardar el desodorante de rosas es lejos del calor y la luz.<\/p>\n<p>En caso de reacci\u00f3n al\u00e9rgica, no utilice este producto.<\/p>","protected":false},"excerpt":{"rendered":"<p>Dans notre routine beaut\u00e9, il y a au moins une \u00e9tape \u00e0 laquelle nous n\u2019\u00e9chappons pas\u2026 le d\u00e9odorant ! Pour chouchouter vos aisselles, nous avons s\u00e9lectionn\u00e9 avec soin des d\u00e9odorants 100 % naturels.\u00a0Si vous \u00eates \u00e0 la recherche d\u2019un d\u00e9odorant \u00e0 la fois biologique, naturel et \u00e9thique, vous trouverez certainement votre bonheur. Le d\u00e9odorant naturel [&#8230;]","protected":false},"featured_media":273,"template":"","meta":[],"product_brand":[],"product_cat":[32],"product_tag":[],"class_list":{"0":"post-243","1":"product","2":"type-product","3":"status-publish","4":"has-post-thumbnail","6":"product_cat-curae","8":"first","9":"outofstock","10":"shipping-taxable","11":"purchasable","12":"product-type-simple"},"yoast_head":"<!-- This site is optimized with the Yoast SEO plugin v26.6 - https:\/\/yoast.com\/wordpress\/plugins\/seo\/ -->\n<title>D\u00e9odorant naturel (VEGAN) - Rose 50g - Safinel<\/title>\n<meta name=\"robots\" content=\"index, follow, max-snippet:-1, max-image-preview:large, max-video-preview:-1\" \/>\n<link rel=\"canonical\" href=\"https:\/\/www.safinel.fr\/es\/product-2\/desodorante-natural-vegano-rosa-50g\/\" \/>\n<meta property=\"og:locale\" content=\"es_ES\" \/>\n<meta property=\"og:type\" content=\"article\" \/>\n<meta property=\"og:title\" content=\"D\u00e9odorant naturel (VEGAN) - Rose 50g - Safinel\" \/>\n<meta property=\"og:description\" content=\"Dans notre routine beaut\u00e9, il y a au moins une \u00e9tape \u00e0 laquelle nous n\u2019\u00e9chappons pas\u2026 le d\u00e9odorant ! Pour chouchouter vos aisselles, nous avons s\u00e9lectionn\u00e9 avec soin des d\u00e9odorants 100 % naturels.\u00a0Si vous \u00eates \u00e0 la recherche d\u2019un d\u00e9odorant \u00e0 la fois biologique, naturel et \u00e9thique, vous trouverez certainement votre bonheur. Le d\u00e9odorant naturel [...]\" \/>\n<meta property=\"og:url\" content=\"https:\/\/www.safinel.fr\/es\/product-2\/desodorante-natural-vegano-rosa-50g\/\" \/>\n<meta property=\"og:site_name\" content=\"Safinel\" \/>\n<meta property=\"article:modified_time\" content=\"2023-12-30T13:55:48+00:00\" \/>\n<meta property=\"og:image\" content=\"https:\/\/www.safinel.fr\/wp-content\/uploads\/2021\/07\/563-large_default.jpg\" \/>\n\t<meta property=\"og:image:width\" content=\"800\" \/>\n\t<meta property=\"og:image:height\" content=\"800\" \/>\n\t<meta property=\"og:image:type\" content=\"image\/jpeg\" \/>\n<meta name=\"twitter:card\" content=\"summary_large_image\" \/>\n<meta name=\"twitter:label1\" content=\"Tiempo de lectura\" \/>\n\t<meta name=\"twitter:data1\" content=\"2 minutos\" \/>\n<script type=\"application\/ld+json\" class=\"yoast-schema-graph\">{\"@context\":\"https:\/\/schema.org\",\"@graph\":[{\"@type\":\"WebPage\",\"@id\":\"https:\/\/www.safinel.fr\/produit\/deodorant-naturel-vegan-rose-50g\/\",\"url\":\"https:\/\/www.safinel.fr\/produit\/deodorant-naturel-vegan-rose-50g\/\",\"name\":\"D\u00e9odorant naturel (VEGAN) - Rose 50g - Safinel\",\"isPartOf\":{\"@id\":\"https:\/\/www.safinel.fr\/#website\"},\"primaryImageOfPage\":{\"@id\":\"https:\/\/www.safinel.fr\/produit\/deodorant-naturel-vegan-rose-50g\/#primaryimage\"},\"image\":{\"@id\":\"https:\/\/www.safinel.fr\/produit\/deodorant-naturel-vegan-rose-50g\/#primaryimage\"},\"thumbnailUrl\":\"https:\/\/www.safinel.fr\/wp-content\/uploads\/2021\/07\/563-large_default.jpg\",\"datePublished\":\"2021-07-24T18:58:58+00:00\",\"dateModified\":\"2023-12-30T13:55:48+00:00\",\"breadcrumb\":{\"@id\":\"https:\/\/www.safinel.fr\/produit\/deodorant-naturel-vegan-rose-50g\/#breadcrumb\"},\"inLanguage\":\"es\",\"potentialAction\":[{\"@type\":\"ReadAction\",\"target\":[\"https:\/\/www.safinel.fr\/produit\/deodorant-naturel-vegan-rose-50g\/\"]}]},{\"@type\":\"ImageObject\",\"inLanguage\":\"es\",\"@id\":\"https:\/\/www.safinel.fr\/produit\/deodorant-naturel-vegan-rose-50g\/#primaryimage\",\"url\":\"https:\/\/www.safinel.fr\/wp-content\/uploads\/2021\/07\/563-large_default.jpg\",\"contentUrl\":\"https:\/\/www.safinel.fr\/wp-content\/uploads\/2021\/07\/563-large_default.jpg\",\"width\":800,\"height\":800},{\"@type\":\"BreadcrumbList\",\"@id\":\"https:\/\/www.safinel.fr\/produit\/deodorant-naturel-vegan-rose-50g\/#breadcrumb\",\"itemListElement\":[{\"@type\":\"ListItem\",\"position\":1,\"name\":\"Accueil\",\"item\":\"https:\/\/www.safinel.fr\/\"},{\"@type\":\"ListItem\",\"position\":2,\"name\":\"Boutique\",\"item\":\"https:\/\/www.safinel.fr\/boutique\/\"},{\"@type\":\"ListItem\",\"position\":3,\"name\":\"D\u00e9odorant naturel (VEGAN) &#8211; Rose 50g\"}]},{\"@type\":\"WebSite\",\"@id\":\"https:\/\/www.safinel.fr\/#website\",\"url\":\"https:\/\/www.safinel.fr\/\",\"name\":\"Safinel\",\"description\":\"\",\"publisher\":{\"@id\":\"https:\/\/www.safinel.fr\/#organization\"},\"potentialAction\":[{\"@type\":\"SearchAction\",\"target\":{\"@type\":\"EntryPoint\",\"urlTemplate\":\"https:\/\/www.safinel.fr\/?s={search_term_string}\"},\"query-input\":{\"@type\":\"PropertyValueSpecification\",\"valueRequired\":true,\"valueName\":\"search_term_string\"}}],\"inLanguage\":\"es\"},{\"@type\":\"Organization\",\"@id\":\"https:\/\/www.safinel.fr\/#organization\",\"name\":\"Safinel\",\"url\":\"https:\/\/www.safinel.fr\/\",\"logo\":{\"@type\":\"ImageObject\",\"inLanguage\":\"es\",\"@id\":\"https:\/\/www.safinel.fr\/#\/schema\/logo\/image\/\",\"url\":\"https:\/\/www.safinel.fr\/wp-content\/uploads\/2021\/05\/boutique-cosmetique.png\",\"contentUrl\":\"https:\/\/www.safinel.fr\/wp-content\/uploads\/2021\/05\/boutique-cosmetique.png\",\"width\":800,\"height\":200,\"caption\":\"Safinel\"},\"image\":{\"@id\":\"https:\/\/www.safinel.fr\/#\/schema\/logo\/image\/\"}}]}<\/script>\n<!-- \/ Yoast SEO plugin. -->","yoast_head_json":{"title":"Desodorante Natural (VEGANO) - Rosa 50g - Safinel","robots":{"index":"index","follow":"follow","max-snippet":"max-snippet:-1","max-image-preview":"max-image-preview:large","max-video-preview":"max-video-preview:-1"},"canonical":"https:\/\/www.safinel.fr\/es\/product-2\/desodorante-natural-vegano-rosa-50g\/","og_locale":"es_ES","og_type":"article","og_title":"D\u00e9odorant naturel (VEGAN) - Rose 50g - Safinel","og_description":"Dans notre routine beaut\u00e9, il y a au moins une \u00e9tape \u00e0 laquelle nous n\u2019\u00e9chappons pas\u2026 le d\u00e9odorant ! Pour chouchouter vos aisselles, nous avons s\u00e9lectionn\u00e9 avec soin des d\u00e9odorants 100 % naturels.\u00a0Si vous \u00eates \u00e0 la recherche d\u2019un d\u00e9odorant \u00e0 la fois biologique, naturel et \u00e9thique, vous trouverez certainement votre bonheur. Le d\u00e9odorant naturel [...]","og_url":"https:\/\/www.safinel.fr\/es\/product-2\/desodorante-natural-vegano-rosa-50g\/","og_site_name":"Safinel","article_modified_time":"2023-12-30T13:55:48+00:00","og_image":[{"width":800,"height":800,"url":"https:\/\/www.safinel.fr\/wp-content\/uploads\/2021\/07\/563-large_default.jpg","type":"image\/jpeg"}],"twitter_card":"summary_large_image","twitter_misc":{"Tiempo de lectura":"2 minutos"},"schema":{"@context":"https:\/\/schema.org","@graph":[{"@type":"WebPage","@id":"https:\/\/www.safinel.fr\/produit\/deodorant-naturel-vegan-rose-50g\/","url":"https:\/\/www.safinel.fr\/produit\/deodorant-naturel-vegan-rose-50g\/","name":"Desodorante Natural (VEGANO) - Rosa 50g - Safinel","isPartOf":{"@id":"https:\/\/www.safinel.fr\/#website"},"primaryImageOfPage":{"@id":"https:\/\/www.safinel.fr\/produit\/deodorant-naturel-vegan-rose-50g\/#primaryimage"},"image":{"@id":"https:\/\/www.safinel.fr\/produit\/deodorant-naturel-vegan-rose-50g\/#primaryimage"},"thumbnailUrl":"https:\/\/www.safinel.fr\/wp-content\/uploads\/2021\/07\/563-large_default.jpg","datePublished":"2021-07-24T18:58:58+00:00","dateModified":"2023-12-30T13:55:48+00:00","breadcrumb":{"@id":"https:\/\/www.safinel.fr\/produit\/deodorant-naturel-vegan-rose-50g\/#breadcrumb"},"inLanguage":"es","potentialAction":[{"@type":"ReadAction","target":["https:\/\/www.safinel.fr\/produit\/deodorant-naturel-vegan-rose-50g\/"]}]},{"@type":"ImageObject","inLanguage":"es","@id":"https:\/\/www.safinel.fr\/produit\/deodorant-naturel-vegan-rose-50g\/#primaryimage","url":"https:\/\/www.safinel.fr\/wp-content\/uploads\/2021\/07\/563-large_default.jpg","contentUrl":"https:\/\/www.safinel.fr\/wp-content\/uploads\/2021\/07\/563-large_default.jpg","width":800,"height":800},{"@type":"BreadcrumbList","@id":"https:\/\/www.safinel.fr\/produit\/deodorant-naturel-vegan-rose-50g\/#breadcrumb","itemListElement":[{"@type":"ListItem","position":1,"name":"Accueil","item":"https:\/\/www.safinel.fr\/"},{"@type":"ListItem","position":2,"name":"Boutique","item":"https:\/\/www.safinel.fr\/boutique\/"},{"@type":"ListItem","position":3,"name":"D\u00e9odorant naturel (VEGAN) &#8211; Rose 50g"}]},{"@type":"WebSite","@id":"https:\/\/www.safinel.fr\/#website","url":"https:\/\/www.safinel.fr\/","name":"Safinel","description":"","publisher":{"@id":"https:\/\/www.safinel.fr\/#organization"},"potentialAction":[{"@type":"SearchAction","target":{"@type":"EntryPoint","urlTemplate":"https:\/\/www.safinel.fr\/?s={search_term_string}"},"query-input":{"@type":"PropertyValueSpecification","valueRequired":true,"valueName":"search_term_string"}}],"inLanguage":"es"},{"@type":"Organization","@id":"https:\/\/www.safinel.fr\/#organization","name":"Safinel","url":"https:\/\/www.safinel.fr\/","logo":{"@type":"ImageObject","inLanguage":"es","@id":"https:\/\/www.safinel.fr\/#\/schema\/logo\/image\/","url":"https:\/\/www.safinel.fr\/wp-content\/uploads\/2021\/05\/boutique-cosmetique.png","contentUrl":"https:\/\/www.safinel.fr\/wp-content\/uploads\/2021\/05\/boutique-cosmetique.png","width":800,"height":200,"caption":"Safinel"},"image":{"@id":"https:\/\/www.safinel.fr\/#\/schema\/logo\/image\/"}}]}},"_links":{"self":[{"href":"https:\/\/www.safinel.fr\/es\/wp-json\/wp\/v2\/product\/243","targetHints":{"allow":["GET"]}}],"collection":[{"href":"https:\/\/www.safinel.fr\/es\/wp-json\/wp\/v2\/product"}],"about":[{"href":"https:\/\/www.safinel.fr\/es\/wp-json\/wp\/v2\/types\/product"}],"wp:featuredmedia":[{"embeddable":true,"href":"https:\/\/www.safinel.fr\/es\/wp-json\/wp\/v2\/media\/273"}],"wp:attachment":[{"href":"https:\/\/www.safinel.fr\/es\/wp-json\/wp\/v2\/media?parent=243"}],"wp:term":[{"taxonomy":"product_brand","embeddable":true,"href":"https:\/\/www.safinel.fr\/es\/wp-json\/wp\/v2\/product_brand?post=243"},{"taxonomy":"product_cat","embeddable":true,"href":"https:\/\/www.safinel.fr\/es\/wp-json\/wp\/v2\/product_cat?post=243"},{"taxonomy":"product_tag","embeddable":true,"href":"https:\/\/www.safinel.fr\/es\/wp-json\/wp\/v2\/product_tag?post=243"}],"curies":[{"name":"wp","href":"https:\/\/api.w.org\/{rel}","templated":true}]}}