{"id":2296,"date":"2022-08-22T15:27:55","date_gmt":"2022-08-22T15:27:55","guid":{"rendered":"https:\/\/www.safinel.fr\/?post_type=product&#038;p=2296"},"modified":"2025-12-09T09:34:05","modified_gmt":"2025-12-09T09:34:05","slug":"capsula-tensora-intima","status":"publish","type":"product","link":"https:\/\/www.safinel.fr\/es\/product-2\/capsula-tensora-intima\/","title":{"rendered":"C\u00e1psula de reafirmaci\u00f3n \u00edntima (vaginal)"},"content":{"rendered":"<p class=\"p1\">\u00bfEst\u00e1 buscando una soluci\u00f3n para mejorar sus sensaciones durante <b>relaciones sexuales<\/b> ? Visite <b>c\u00e1psula tensora \u00edntima <\/b>es un <b>huevo \u00edntimo <\/b>para mejorar <b>confort vaginal.<\/b><\/p>\n<p class=\"p1\">Descubra el producto <b>Vagicare<\/b> y sus beneficios<span class=\"Apple-converted-space\">\u00a0<\/span><\/p>\n<h2 class=\"p3\"><b>La c\u00e1psula tensora \u00edntima: \u00a1un aliado discreto para la mujer!<span class=\"Apple-converted-space\">\u00a0<\/span><\/b><\/h2>\n<p class=\"p1\">Este <b>huevo reafirmante \u00edntimo<\/b> se parece a primera vista al<b> c\u00e1psulas de onagra.<\/b> Tambi\u00e9n tienen propiedades que pueden compararse a las del Vagicare.<span class=\"Apple-converted-space\">\u00a0<\/span><\/p>\n<p class=\"p1\">Sin embargo, nuestro producto para <b>intimidad femenina <\/b>tiene una acci\u00f3n m\u00e1s espec\u00edfica, actuando sobre la fibra el\u00e1stica del interior de la vagina.<span class=\"Apple-converted-space\">\u00a0<\/span><\/p>\n<p class=\"p1\">Estos <b>c\u00e1psulas \u00edntimas <\/b>vienen en paquetes que contienen 3 huevos envasados por separado cada uno, para una higiene total.<span class=\"Apple-converted-space\">\u00a0<\/span><\/p>\n<p class=\"p1\"><i>Ingredientes : kuh-seng, frustus cnidii, poria cocos, carthamus tinctorious, aloe, borneol, prop\u00f3leo, agripalma.<span class=\"Apple-converted-space\">\u00a0<\/span><\/i><\/p>\n<h2 class=\"p3\"><b>\u00bfCu\u00e1les son las propiedades de la c\u00e1psula de reafirmaci\u00f3n \u00edntima?<span class=\"Apple-converted-space\">\u00a0<\/span><\/b><\/h2>\n<p class=\"p1\">Si la raz\u00f3n principal para utilizar estos <b>\u00f3vulos vaginales<\/b> son los <b>endurecimiento de las partes \u00edntimas, <\/b>tambi\u00e9n se beneficiar\u00e1 de otras ventajas:<span class=\"Apple-converted-space\">\u00a0<\/span><\/p>\n<ul class=\"ul1\">\n<li class=\"li1\">Reequilibrio de la flora vaginal; ;<\/li>\n<li class=\"li1\">Propiedades antiinflamatorias y antiinfecciosas ;<span class=\"Apple-converted-space\">\u00a0<\/span><\/li>\n<li class=\"li1\">Restablecer el pH de la vagina ;<span class=\"Apple-converted-space\">\u00a0<\/span><\/li>\n<li class=\"li1\">Contra la sequedad \u00edntima; ;<span class=\"Apple-converted-space\">\u00a0<\/span><\/li>\n<li class=\"li1\">Contribuye a <a href=\"https:\/\/www.safinel.fr\/es\/product-2\/tiza-vaginal\/\"><strong>reafirmaci\u00f3n vaginal<\/strong><\/a>.<span class=\"Apple-converted-space\">\u00a0<\/span><\/li>\n<\/ul>\n<p class=\"p1\">Tenga en cuenta que tambi\u00e9n puede consumir <a href=\"https:\/\/www.safinel.fr\/es\/product-2\/raices-de-vetiver\/\"><b>ra\u00edces khamar\u00e9<\/b><\/a>, o el <b><a href=\"https:\/\/www.safinel.fr\/es\/product-2\/nep-polvo-nep\/\">Nep Nep<\/a>.<\/b> Dos plantas africanas beneficiosas recomendadas para el\u2019<b>intimidad femenina.<span class=\"Apple-converted-space\">\u00a0<\/span><\/b><\/p>\n<h2 class=\"p3\"><b>Instrucciones de uso<span class=\"Apple-converted-space\">\u00a0<\/span><\/b><\/h2>\n<ol class=\"ol1\">\n<li class=\"li1\">Primero, l\u00e1vate las partes \u00edntimas y las manos; ;<span class=\"Apple-converted-space\">\u00a0<\/span><\/li>\n<li class=\"li1\">C\u00fabrase preferentemente el dedo \u00edndice para una higiene total, y t\u00fambese o si\u00e9ntese; ;<span class=\"Apple-converted-space\">\u00a0<\/span><\/li>\n<li class=\"li1\">A continuaci\u00f3n, introduzca una c\u00e1psula \u00edntima de 3 a 4 cm en el interior de la vagina. <span class=\"Apple-converted-space\">\u00a0<\/span><\/li>\n<\/ol>\n<p class=\"p1\">Los \u00f3vulos tensores vaginales deben utilizarse 2 horas antes del coito o antes de acostarse.<span class=\"Apple-converted-space\">\u00a0<\/span><\/p>\n<h3 class=\"p3\"><b>Precauciones<span class=\"Apple-converted-space\">\u00a0<\/span><\/b><\/h3>\n<ul>\n<li class=\"p1\">Es esencial seguir las precauciones de uso mencionadas en el envase del producto.<span class=\"Apple-converted-space\">\u00a0<\/span><\/li>\n<li class=\"p1\"><b>No nos hacemos responsables del uso indebido.<span class=\"Apple-converted-space\">\u00a0<\/span><\/b><\/li>\n<li class=\"p1\"><b>Adem\u00e1s, debe consultar a su m\u00e9dico antes de utilizar este tipo de productos no m\u00e9dicos.<span class=\"Apple-converted-space\">\u00a0<\/span><\/b><\/li>\n<\/ul>","protected":false},"excerpt":{"rendered":"<p><strong>Modo de empleo :\u00a0<\/strong><\/p>\n<ul>\n<li>L\u00e1vese las manos<\/li>\n<li>Introducir la c\u00e1psula una hora antes de acostarse<\/li>\n<li>Una vez tumbada o en cuclillas, utiliza el dedo \u00edndice o coraz\u00f3n para empujar suavemente la c\u00e1psula unos 5 cm dentro de la vagina.<\/li>\n<\/ul>","protected":false},"featured_media":2297,"template":"","meta":[],"product_brand":[],"product_cat":[109,23],"product_tag":[],"class_list":{"0":"post-2296","1":"product","2":"type-product","3":"status-publish","4":"has-post-thumbnail","6":"product_cat-exercice-de-kegel","7":"product_cat-hygiene-feminine","9":"first","10":"outofstock","11":"shipping-taxable","12":"purchasable","13":"product-type-variable"},"yoast_head":"<!-- This site is optimized with the Yoast SEO plugin v26.6 - https:\/\/yoast.com\/wordpress\/plugins\/seo\/ -->\n<title>Capsule de resserrement intime I Aide au resserrement du vagin<\/title>\n<meta name=\"description\" content=\"La capsule de resserrement intime est une ovule intime permettant d\u2019am\u00e9liorer le confort vaginal. Adoptez-l\u00e0 en quelques clics !\" \/>\n<meta name=\"robots\" content=\"index, follow, max-snippet:-1, max-image-preview:large, max-video-preview:-1\" \/>\n<link rel=\"canonical\" href=\"https:\/\/www.safinel.fr\/es\/product-2\/capsula-tensora-intima\/\" \/>\n<meta property=\"og:locale\" content=\"es_ES\" \/>\n<meta property=\"og:type\" content=\"article\" \/>\n<meta property=\"og:title\" content=\"Capsule de resserrement intime I Aide au resserrement du vagin\" \/>\n<meta property=\"og:description\" content=\"La capsule de resserrement intime est une ovule intime permettant d\u2019am\u00e9liorer le confort vaginal. Adoptez-l\u00e0 en quelques clics !\" \/>\n<meta property=\"og:url\" content=\"https:\/\/www.safinel.fr\/es\/product-2\/capsula-tensora-intima\/\" \/>\n<meta property=\"og:site_name\" content=\"Safinel\" \/>\n<meta property=\"article:modified_time\" content=\"2025-12-09T09:34:05+00:00\" \/>\n<meta property=\"og:image\" content=\"https:\/\/www.safinel.fr\/wp-content\/uploads\/2022\/08\/capsule-resserrement-vaginal-intime.jpg\" \/>\n\t<meta property=\"og:image:width\" content=\"600\" \/>\n\t<meta property=\"og:image:height\" content=\"600\" \/>\n\t<meta property=\"og:image:type\" content=\"image\/jpeg\" \/>\n<meta name=\"twitter:card\" content=\"summary_large_image\" \/>\n<meta name=\"twitter:label1\" content=\"Tiempo de lectura\" \/>\n\t<meta name=\"twitter:data1\" content=\"2 minutos\" \/>\n<script type=\"application\/ld+json\" class=\"yoast-schema-graph\">{\"@context\":\"https:\/\/schema.org\",\"@graph\":[{\"@type\":\"WebPage\",\"@id\":\"https:\/\/www.safinel.fr\/produit\/capsule-de-resserrement-intime\/\",\"url\":\"https:\/\/www.safinel.fr\/produit\/capsule-de-resserrement-intime\/\",\"name\":\"Capsule de resserrement intime I Aide au resserrement du vagin\",\"isPartOf\":{\"@id\":\"https:\/\/www.safinel.fr\/#website\"},\"primaryImageOfPage\":{\"@id\":\"https:\/\/www.safinel.fr\/produit\/capsule-de-resserrement-intime\/#primaryimage\"},\"image\":{\"@id\":\"https:\/\/www.safinel.fr\/produit\/capsule-de-resserrement-intime\/#primaryimage\"},\"thumbnailUrl\":\"https:\/\/www.safinel.fr\/wp-content\/uploads\/2022\/08\/capsule-resserrement-vaginal-intime.jpg\",\"datePublished\":\"2022-08-22T15:27:55+00:00\",\"dateModified\":\"2025-12-09T09:34:05+00:00\",\"description\":\"La capsule de resserrement intime est une ovule intime permettant d\u2019am\u00e9liorer le confort vaginal. Adoptez-l\u00e0 en quelques clics !\",\"breadcrumb\":{\"@id\":\"https:\/\/www.safinel.fr\/produit\/capsule-de-resserrement-intime\/#breadcrumb\"},\"inLanguage\":\"es\",\"potentialAction\":[{\"@type\":\"ReadAction\",\"target\":[\"https:\/\/www.safinel.fr\/produit\/capsule-de-resserrement-intime\/\"]}]},{\"@type\":\"ImageObject\",\"inLanguage\":\"es\",\"@id\":\"https:\/\/www.safinel.fr\/produit\/capsule-de-resserrement-intime\/#primaryimage\",\"url\":\"https:\/\/www.safinel.fr\/wp-content\/uploads\/2022\/08\/capsule-resserrement-vaginal-intime.jpg\",\"contentUrl\":\"https:\/\/www.safinel.fr\/wp-content\/uploads\/2022\/08\/capsule-resserrement-vaginal-intime.jpg\",\"width\":600,\"height\":600,\"caption\":\"Capsule de resserrement intime (vaginal)\"},{\"@type\":\"BreadcrumbList\",\"@id\":\"https:\/\/www.safinel.fr\/produit\/capsule-de-resserrement-intime\/#breadcrumb\",\"itemListElement\":[{\"@type\":\"ListItem\",\"position\":1,\"name\":\"Accueil\",\"item\":\"https:\/\/www.safinel.fr\/\"},{\"@type\":\"ListItem\",\"position\":2,\"name\":\"Boutique\",\"item\":\"https:\/\/www.safinel.fr\/boutique\/\"},{\"@type\":\"ListItem\",\"position\":3,\"name\":\"Capsule de resserrement intime (vaginal)\"}]},{\"@type\":\"WebSite\",\"@id\":\"https:\/\/www.safinel.fr\/#website\",\"url\":\"https:\/\/www.safinel.fr\/\",\"name\":\"Safinel\",\"description\":\"\",\"publisher\":{\"@id\":\"https:\/\/www.safinel.fr\/#organization\"},\"potentialAction\":[{\"@type\":\"SearchAction\",\"target\":{\"@type\":\"EntryPoint\",\"urlTemplate\":\"https:\/\/www.safinel.fr\/?s={search_term_string}\"},\"query-input\":{\"@type\":\"PropertyValueSpecification\",\"valueRequired\":true,\"valueName\":\"search_term_string\"}}],\"inLanguage\":\"es\"},{\"@type\":\"Organization\",\"@id\":\"https:\/\/www.safinel.fr\/#organization\",\"name\":\"Safinel\",\"url\":\"https:\/\/www.safinel.fr\/\",\"logo\":{\"@type\":\"ImageObject\",\"inLanguage\":\"es\",\"@id\":\"https:\/\/www.safinel.fr\/#\/schema\/logo\/image\/\",\"url\":\"https:\/\/www.safinel.fr\/wp-content\/uploads\/2021\/05\/boutique-cosmetique.png\",\"contentUrl\":\"https:\/\/www.safinel.fr\/wp-content\/uploads\/2021\/05\/boutique-cosmetique.png\",\"width\":800,\"height\":200,\"caption\":\"Safinel\"},\"image\":{\"@id\":\"https:\/\/www.safinel.fr\/#\/schema\/logo\/image\/\"}}]}<\/script>\n<!-- \/ Yoast SEO plugin. -->","yoast_head_json":{"title":"C\u00e1psula de reafirmaci\u00f3n \u00edntima I Ayuda a reafirmar la vagina","description":"La c\u00e1psula \u00edntima tensora es un \u00f3vulo \u00edntimo dise\u00f1ado para mejorar el confort vaginal. \u00a1Est\u00e1 a s\u00f3lo unos clics!","robots":{"index":"index","follow":"follow","max-snippet":"max-snippet:-1","max-image-preview":"max-image-preview:large","max-video-preview":"max-video-preview:-1"},"canonical":"https:\/\/www.safinel.fr\/es\/product-2\/capsula-tensora-intima\/","og_locale":"es_ES","og_type":"article","og_title":"Capsule de resserrement intime I Aide au resserrement du vagin","og_description":"La capsule de resserrement intime est une ovule intime permettant d\u2019am\u00e9liorer le confort vaginal. Adoptez-l\u00e0 en quelques clics !","og_url":"https:\/\/www.safinel.fr\/es\/product-2\/capsula-tensora-intima\/","og_site_name":"Safinel","article_modified_time":"2025-12-09T09:34:05+00:00","og_image":[{"width":600,"height":600,"url":"https:\/\/www.safinel.fr\/wp-content\/uploads\/2022\/08\/capsule-resserrement-vaginal-intime.jpg","type":"image\/jpeg"}],"twitter_card":"summary_large_image","twitter_misc":{"Tiempo de lectura":"2 minutos"},"schema":{"@context":"https:\/\/schema.org","@graph":[{"@type":"WebPage","@id":"https:\/\/www.safinel.fr\/produit\/capsule-de-resserrement-intime\/","url":"https:\/\/www.safinel.fr\/produit\/capsule-de-resserrement-intime\/","name":"C\u00e1psula de reafirmaci\u00f3n \u00edntima I Ayuda a reafirmar la vagina","isPartOf":{"@id":"https:\/\/www.safinel.fr\/#website"},"primaryImageOfPage":{"@id":"https:\/\/www.safinel.fr\/produit\/capsule-de-resserrement-intime\/#primaryimage"},"image":{"@id":"https:\/\/www.safinel.fr\/produit\/capsule-de-resserrement-intime\/#primaryimage"},"thumbnailUrl":"https:\/\/www.safinel.fr\/wp-content\/uploads\/2022\/08\/capsule-resserrement-vaginal-intime.jpg","datePublished":"2022-08-22T15:27:55+00:00","dateModified":"2025-12-09T09:34:05+00:00","description":"La c\u00e1psula \u00edntima tensora es un \u00f3vulo \u00edntimo dise\u00f1ado para mejorar el confort vaginal. \u00a1Est\u00e1 a s\u00f3lo unos clics!","breadcrumb":{"@id":"https:\/\/www.safinel.fr\/produit\/capsule-de-resserrement-intime\/#breadcrumb"},"inLanguage":"es","potentialAction":[{"@type":"ReadAction","target":["https:\/\/www.safinel.fr\/produit\/capsule-de-resserrement-intime\/"]}]},{"@type":"ImageObject","inLanguage":"es","@id":"https:\/\/www.safinel.fr\/produit\/capsule-de-resserrement-intime\/#primaryimage","url":"https:\/\/www.safinel.fr\/wp-content\/uploads\/2022\/08\/capsule-resserrement-vaginal-intime.jpg","contentUrl":"https:\/\/www.safinel.fr\/wp-content\/uploads\/2022\/08\/capsule-resserrement-vaginal-intime.jpg","width":600,"height":600,"caption":"Capsule de resserrement intime (vaginal)"},{"@type":"BreadcrumbList","@id":"https:\/\/www.safinel.fr\/produit\/capsule-de-resserrement-intime\/#breadcrumb","itemListElement":[{"@type":"ListItem","position":1,"name":"Accueil","item":"https:\/\/www.safinel.fr\/"},{"@type":"ListItem","position":2,"name":"Boutique","item":"https:\/\/www.safinel.fr\/boutique\/"},{"@type":"ListItem","position":3,"name":"Capsule de resserrement intime (vaginal)"}]},{"@type":"WebSite","@id":"https:\/\/www.safinel.fr\/#website","url":"https:\/\/www.safinel.fr\/","name":"Safinel","description":"","publisher":{"@id":"https:\/\/www.safinel.fr\/#organization"},"potentialAction":[{"@type":"SearchAction","target":{"@type":"EntryPoint","urlTemplate":"https:\/\/www.safinel.fr\/?s={search_term_string}"},"query-input":{"@type":"PropertyValueSpecification","valueRequired":true,"valueName":"search_term_string"}}],"inLanguage":"es"},{"@type":"Organization","@id":"https:\/\/www.safinel.fr\/#organization","name":"Safinel","url":"https:\/\/www.safinel.fr\/","logo":{"@type":"ImageObject","inLanguage":"es","@id":"https:\/\/www.safinel.fr\/#\/schema\/logo\/image\/","url":"https:\/\/www.safinel.fr\/wp-content\/uploads\/2021\/05\/boutique-cosmetique.png","contentUrl":"https:\/\/www.safinel.fr\/wp-content\/uploads\/2021\/05\/boutique-cosmetique.png","width":800,"height":200,"caption":"Safinel"},"image":{"@id":"https:\/\/www.safinel.fr\/#\/schema\/logo\/image\/"}}]}},"_links":{"self":[{"href":"https:\/\/www.safinel.fr\/es\/wp-json\/wp\/v2\/product\/2296","targetHints":{"allow":["GET"]}}],"collection":[{"href":"https:\/\/www.safinel.fr\/es\/wp-json\/wp\/v2\/product"}],"about":[{"href":"https:\/\/www.safinel.fr\/es\/wp-json\/wp\/v2\/types\/product"}],"wp:featuredmedia":[{"embeddable":true,"href":"https:\/\/www.safinel.fr\/es\/wp-json\/wp\/v2\/media\/2297"}],"wp:attachment":[{"href":"https:\/\/www.safinel.fr\/es\/wp-json\/wp\/v2\/media?parent=2296"}],"wp:term":[{"taxonomy":"product_brand","embeddable":true,"href":"https:\/\/www.safinel.fr\/es\/wp-json\/wp\/v2\/product_brand?post=2296"},{"taxonomy":"product_cat","embeddable":true,"href":"https:\/\/www.safinel.fr\/es\/wp-json\/wp\/v2\/product_cat?post=2296"},{"taxonomy":"product_tag","embeddable":true,"href":"https:\/\/www.safinel.fr\/es\/wp-json\/wp\/v2\/product_tag?post=2296"}],"curies":[{"name":"wp","href":"https:\/\/api.w.org\/{rel}","templated":true}]}}