{"id":2284,"date":"2022-08-22T14:39:29","date_gmt":"2022-08-22T14:39:29","guid":{"rendered":"https:\/\/www.safinel.fr\/?post_type=product&#038;p=2284"},"modified":"2026-03-03T16:30:17","modified_gmt":"2026-03-03T16:30:17","slug":"ajo-negro","status":"publish","type":"product","link":"https:\/\/www.safinel.fr\/es\/product-2\/ajo-negro\/","title":{"rendered":"Ajo negro"},"content":{"rendered":"<p>\u00a1Un descubrimiento que podr\u00eda sorprender a muchos le espera en su boutique Safinel! Conozca el\u2019<strong>ajo negro<\/strong>\u00a0y sus muchas ventajas...<\/p>\n<h2><strong>Ajo negro : \u00bfQu\u00e9 es el ajo negro?<\/strong><\/h2>\n<p>\u00bfHa probado alguna vez el ajo negro? Mientras que algunas personas se muestran esc\u00e9pticas y se preguntan qu\u00e9 es eso del ajo negro, otras no.\u00a0<strong>condimento<\/strong>, As\u00ed que p\u00f3ngase c\u00f3modo, \u00a1porque vamos a ponernos a ello! Suele conocerse por su color blanco. Antes y despu\u00e9s de la exfoliaci\u00f3n, \u00a1su aspecto sigue siendo claro!<\/p>\n<p>Sin embargo, el ajo negro es muy diferente y tiene otras caracter\u00edsticas. Originaria de Asia, esta planta ha encantado a Occidente. Aunque su sabor y olor cl\u00e1sicos pueden ser tenaces, tambi\u00e9n puede cocinarse para que resulte m\u00e1s ligero. Recuerda delicadamente al regaliz y al bals\u00e1mico. Dulce y un poco picante, \u00a1podr\u00eda sorprender a m\u00e1s de uno!<\/p>\n<h2><strong>\u00bfC\u00f3mo se utiliza el ajo negro?\u00a0<\/strong><\/h2>\n<p>Si tienes curiosidad por saber c\u00f3mo utilizar este condimento, \u00a1aqu\u00ed tienes algunos consejos! Es cierto que, como\u2019<strong>ajo cl\u00e1sico,<\/strong>\u00a0puede utilizarla seg\u00fan sus deseos culinarios. Entero, triturado o picado, \u00a1usted es el cocinero! Su sabor bals\u00e1mico puede renovar sus recetas. En una rebanada de pan o para acompa\u00f1ar sus patatas fritas, el ajo negro puede ser el condimento que le faltaba en su cocina.<\/p>\n<p>Tambi\u00e9n puede utilizarse en la preparaci\u00f3n de algunos postres.<\/p>\n<h2><strong>Receta instant\u00e1nea con ajo negro :\u00a0<\/strong><\/h2>\n<p>Esta es la breve lista de ingredientes: 200 g de chocolate, 150 g de mantequilla, 100 g de az\u00facar de ca\u00f1a, 3 huevos, 10 g de ajo negro.<\/p>\n<ul>\n<li>En primer lugar, se trocea el chocolate en un cazo y se cuece al ba\u00f1o mar\u00eda.<\/li>\n<li>Poner la mantequilla previamente ablandada en un bol y a\u00f1adir el az\u00facar de ca\u00f1a, mezclar hasta obtener una mezcla lisa y fluida.<\/li>\n<li>A continuaci\u00f3n, a\u00f1adir los huevos de uno en uno, alternando con la harina y el ajo negro en polvo. Mezcle bien en cada adici\u00f3n para conseguir una masa homog\u00e9nea.<\/li>\n<li>Por \u00faltimo, a\u00f1adir el chocolate fundido. Remover y colocar la mezcla en el molde.<\/li>\n<li>Introducir en el horno, precalentado a 150\u00b0.<\/li>\n<li>Todo lo que tienes que hacer es esperar entre 15 y 25 minutos, dependiendo de tus preferencias culinarias.<\/li>\n<\/ul>\n<h3><strong>Los beneficios de un condimento sin igual\u00a0<\/strong><\/h3>\n<p>\u00bfY si llegara el momento de analizar los beneficios de este condimento?<\/p>\n<ul>\n<li>Una baza para reducir\u00a0<strong>colesterol\u00a0<\/strong><\/li>\n<li>Es una ventaja frente a los \u00e1cidos grasos<\/li>\n<li>Bueno para ayudar a combatir las infecciones<\/li>\n<li>Tambi\u00e9n se sabe que es una ventaja para la prevenci\u00f3n de\u00a0<strong>enfermedades cardiovasculares\u00a0<\/strong><\/li>\n<li>Un activo contra la hipertensi\u00f3n<\/li>\n<\/ul>\n<p>Como puede ver, este condimento, por inusual que sea, es todo un acierto.\u00a0<strong>el tesoro de la naturaleza\u00a0<\/strong>\u00a1! Y sabemos la importancia que concede a<strong>\u00a0recursos naturales<\/strong>. Por eso el ajo negro bien podr\u00eda ser la\u2019<strong>alicamento\u00a0<\/strong>\u00a1que te has estado perdiendo!<\/p>\n<p>No lo dude m\u00e1s y \u00fanase a las filas de quienes se atreven a confiar en\u00a0<strong>productos naturales<\/strong>.\u00a0<a href=\"https:\/\/www.safinel.fr\/es\/product-2\/turkesterona-en-polvo\/\"><strong>Turkesterona en polvo<\/strong><\/a>\u00a0o\u00a0<a href=\"https:\/\/www.safinel.fr\/es\/product-2\/raices-de-gouro\/\"><strong>Ra\u00edces de gouro<\/strong><\/a>, En Safinel no faltan opciones.<\/p>","protected":false},"excerpt":{"rendered":"<p>\u00a1En tu tienda Safinel te espera un descubrimiento que puede sorprender a m\u00e1s de uno! Descubre el ajo negro y sus numerosos beneficios... Ajo negro: \u00bfqu\u00e9 es? \u00bfHas probado alguna vez el ajo negro? Si algunos siguen teniendo dudas y se preguntan c\u00f3mo es este condimento, ponte c\u00f3modo [...]","protected":false},"featured_media":2285,"template":"","meta":[],"product_brand":[],"product_cat":[28,44],"product_tag":[],"class_list":{"0":"post-2284","1":"product","2":"type-product","3":"status-publish","4":"has-post-thumbnail","6":"product_cat-divers","7":"product_cat-epices","9":"first","10":"outofstock","11":"shipping-taxable","12":"purchasable","13":"product-type-variable"},"yoast_head":"<!-- This site is optimized with the Yoast SEO plugin v26.6 - https:\/\/yoast.com\/wordpress\/plugins\/seo\/ -->\n<title>Ail noir I Bienfaits nombreux I Achat et recette en ligne<\/title>\n<meta name=\"description\" content=\"Une d\u00e9couverte qui pourrait en surprendre plus d\u2019un vous attend chez Safinel ! Faites la rencontre de l\u2019ail noir\u00a0et de ses nombreux bienfaits\u2026\" \/>\n<meta name=\"robots\" content=\"index, follow, max-snippet:-1, max-image-preview:large, max-video-preview:-1\" \/>\n<link rel=\"canonical\" href=\"https:\/\/www.safinel.fr\/es\/product-2\/ajo-negro\/\" \/>\n<meta property=\"og:locale\" content=\"es_ES\" \/>\n<meta property=\"og:type\" content=\"article\" \/>\n<meta property=\"og:title\" content=\"Ail noir I Bienfaits nombreux I Achat et recette en ligne\" \/>\n<meta property=\"og:description\" content=\"Une d\u00e9couverte qui pourrait en surprendre plus d\u2019un vous attend chez Safinel ! Faites la rencontre de l\u2019ail noir\u00a0et de ses nombreux bienfaits\u2026\" \/>\n<meta property=\"og:url\" content=\"https:\/\/www.safinel.fr\/es\/product-2\/ajo-negro\/\" \/>\n<meta property=\"og:site_name\" content=\"Safinel\" \/>\n<meta property=\"article:modified_time\" content=\"2026-03-03T16:30:17+00:00\" \/>\n<meta property=\"og:image\" content=\"https:\/\/www.safinel.fr\/wp-content\/uploads\/2022\/08\/ail-noir-gousse-unique-et-multiple.jpg\" \/>\n\t<meta property=\"og:image:width\" content=\"600\" \/>\n\t<meta property=\"og:image:height\" content=\"600\" \/>\n\t<meta property=\"og:image:type\" content=\"image\/jpeg\" \/>\n<meta name=\"twitter:card\" content=\"summary_large_image\" \/>\n<meta name=\"twitter:label1\" content=\"Tiempo de lectura\" \/>\n\t<meta name=\"twitter:data1\" content=\"3 minutos\" \/>\n<script type=\"application\/ld+json\" class=\"yoast-schema-graph\">{\"@context\":\"https:\/\/schema.org\",\"@graph\":[{\"@type\":\"WebPage\",\"@id\":\"https:\/\/www.safinel.fr\/produit\/ail-noir\/\",\"url\":\"https:\/\/www.safinel.fr\/produit\/ail-noir\/\",\"name\":\"Ail noir I Bienfaits nombreux I Achat et recette en ligne\",\"isPartOf\":{\"@id\":\"https:\/\/www.safinel.fr\/#website\"},\"primaryImageOfPage\":{\"@id\":\"https:\/\/www.safinel.fr\/produit\/ail-noir\/#primaryimage\"},\"image\":{\"@id\":\"https:\/\/www.safinel.fr\/produit\/ail-noir\/#primaryimage\"},\"thumbnailUrl\":\"https:\/\/www.safinel.fr\/wp-content\/uploads\/2022\/08\/ail-noir-gousse-unique-et-multiple.jpg\",\"datePublished\":\"2022-08-22T14:39:29+00:00\",\"dateModified\":\"2026-03-03T16:30:17+00:00\",\"description\":\"Une d\u00e9couverte qui pourrait en surprendre plus d\u2019un vous attend chez Safinel ! Faites la rencontre de l\u2019ail noir\u00a0et de ses nombreux bienfaits\u2026\",\"breadcrumb\":{\"@id\":\"https:\/\/www.safinel.fr\/produit\/ail-noir\/#breadcrumb\"},\"inLanguage\":\"es\",\"potentialAction\":[{\"@type\":\"ReadAction\",\"target\":[\"https:\/\/www.safinel.fr\/produit\/ail-noir\/\"]}]},{\"@type\":\"ImageObject\",\"inLanguage\":\"es\",\"@id\":\"https:\/\/www.safinel.fr\/produit\/ail-noir\/#primaryimage\",\"url\":\"https:\/\/www.safinel.fr\/wp-content\/uploads\/2022\/08\/ail-noir-gousse-unique-et-multiple.jpg\",\"contentUrl\":\"https:\/\/www.safinel.fr\/wp-content\/uploads\/2022\/08\/ail-noir-gousse-unique-et-multiple.jpg\",\"width\":600,\"height\":600,\"caption\":\"ail-noir-gousse-unique-et-multiple\"},{\"@type\":\"BreadcrumbList\",\"@id\":\"https:\/\/www.safinel.fr\/produit\/ail-noir\/#breadcrumb\",\"itemListElement\":[{\"@type\":\"ListItem\",\"position\":1,\"name\":\"Accueil\",\"item\":\"https:\/\/www.safinel.fr\/\"},{\"@type\":\"ListItem\",\"position\":2,\"name\":\"Boutique\",\"item\":\"https:\/\/www.safinel.fr\/boutique\/\"},{\"@type\":\"ListItem\",\"position\":3,\"name\":\"Ail noir\"}]},{\"@type\":\"WebSite\",\"@id\":\"https:\/\/www.safinel.fr\/#website\",\"url\":\"https:\/\/www.safinel.fr\/\",\"name\":\"Safinel\",\"description\":\"\",\"publisher\":{\"@id\":\"https:\/\/www.safinel.fr\/#organization\"},\"potentialAction\":[{\"@type\":\"SearchAction\",\"target\":{\"@type\":\"EntryPoint\",\"urlTemplate\":\"https:\/\/www.safinel.fr\/?s={search_term_string}\"},\"query-input\":{\"@type\":\"PropertyValueSpecification\",\"valueRequired\":true,\"valueName\":\"search_term_string\"}}],\"inLanguage\":\"es\"},{\"@type\":\"Organization\",\"@id\":\"https:\/\/www.safinel.fr\/#organization\",\"name\":\"Safinel\",\"url\":\"https:\/\/www.safinel.fr\/\",\"logo\":{\"@type\":\"ImageObject\",\"inLanguage\":\"es\",\"@id\":\"https:\/\/www.safinel.fr\/#\/schema\/logo\/image\/\",\"url\":\"https:\/\/www.safinel.fr\/wp-content\/uploads\/2021\/05\/boutique-cosmetique.png\",\"contentUrl\":\"https:\/\/www.safinel.fr\/wp-content\/uploads\/2021\/05\/boutique-cosmetique.png\",\"width\":800,\"height\":200,\"caption\":\"Safinel\"},\"image\":{\"@id\":\"https:\/\/www.safinel.fr\/#\/schema\/logo\/image\/\"}}]}<\/script>\n<!-- \/ Yoast SEO plugin. -->","yoast_head_json":{"title":"Ajo negro I Muchos beneficios I Comprar y preparar online","description":"Safinel le reserva un descubrimiento que puede sorprender a muchos. Conozca el ajo negro y sus m\u00faltiples beneficios...","robots":{"index":"index","follow":"follow","max-snippet":"max-snippet:-1","max-image-preview":"max-image-preview:large","max-video-preview":"max-video-preview:-1"},"canonical":"https:\/\/www.safinel.fr\/es\/product-2\/ajo-negro\/","og_locale":"es_ES","og_type":"article","og_title":"Ail noir I Bienfaits nombreux I Achat et recette en ligne","og_description":"Une d\u00e9couverte qui pourrait en surprendre plus d\u2019un vous attend chez Safinel ! Faites la rencontre de l\u2019ail noir\u00a0et de ses nombreux bienfaits\u2026","og_url":"https:\/\/www.safinel.fr\/es\/product-2\/ajo-negro\/","og_site_name":"Safinel","article_modified_time":"2026-03-03T16:30:17+00:00","og_image":[{"width":600,"height":600,"url":"https:\/\/www.safinel.fr\/wp-content\/uploads\/2022\/08\/ail-noir-gousse-unique-et-multiple.jpg","type":"image\/jpeg"}],"twitter_card":"summary_large_image","twitter_misc":{"Tiempo de lectura":"3 minutos"},"schema":{"@context":"https:\/\/schema.org","@graph":[{"@type":"WebPage","@id":"https:\/\/www.safinel.fr\/produit\/ail-noir\/","url":"https:\/\/www.safinel.fr\/produit\/ail-noir\/","name":"Ajo negro I Muchos beneficios I Comprar y preparar online","isPartOf":{"@id":"https:\/\/www.safinel.fr\/#website"},"primaryImageOfPage":{"@id":"https:\/\/www.safinel.fr\/produit\/ail-noir\/#primaryimage"},"image":{"@id":"https:\/\/www.safinel.fr\/produit\/ail-noir\/#primaryimage"},"thumbnailUrl":"https:\/\/www.safinel.fr\/wp-content\/uploads\/2022\/08\/ail-noir-gousse-unique-et-multiple.jpg","datePublished":"2022-08-22T14:39:29+00:00","dateModified":"2026-03-03T16:30:17+00:00","description":"Safinel le reserva un descubrimiento que puede sorprender a muchos. Conozca el ajo negro y sus m\u00faltiples beneficios...","breadcrumb":{"@id":"https:\/\/www.safinel.fr\/produit\/ail-noir\/#breadcrumb"},"inLanguage":"es","potentialAction":[{"@type":"ReadAction","target":["https:\/\/www.safinel.fr\/produit\/ail-noir\/"]}]},{"@type":"ImageObject","inLanguage":"es","@id":"https:\/\/www.safinel.fr\/produit\/ail-noir\/#primaryimage","url":"https:\/\/www.safinel.fr\/wp-content\/uploads\/2022\/08\/ail-noir-gousse-unique-et-multiple.jpg","contentUrl":"https:\/\/www.safinel.fr\/wp-content\/uploads\/2022\/08\/ail-noir-gousse-unique-et-multiple.jpg","width":600,"height":600,"caption":"ail-noir-gousse-unique-et-multiple"},{"@type":"BreadcrumbList","@id":"https:\/\/www.safinel.fr\/produit\/ail-noir\/#breadcrumb","itemListElement":[{"@type":"ListItem","position":1,"name":"Accueil","item":"https:\/\/www.safinel.fr\/"},{"@type":"ListItem","position":2,"name":"Boutique","item":"https:\/\/www.safinel.fr\/boutique\/"},{"@type":"ListItem","position":3,"name":"Ail noir"}]},{"@type":"WebSite","@id":"https:\/\/www.safinel.fr\/#website","url":"https:\/\/www.safinel.fr\/","name":"Safinel","description":"","publisher":{"@id":"https:\/\/www.safinel.fr\/#organization"},"potentialAction":[{"@type":"SearchAction","target":{"@type":"EntryPoint","urlTemplate":"https:\/\/www.safinel.fr\/?s={search_term_string}"},"query-input":{"@type":"PropertyValueSpecification","valueRequired":true,"valueName":"search_term_string"}}],"inLanguage":"es"},{"@type":"Organization","@id":"https:\/\/www.safinel.fr\/#organization","name":"Safinel","url":"https:\/\/www.safinel.fr\/","logo":{"@type":"ImageObject","inLanguage":"es","@id":"https:\/\/www.safinel.fr\/#\/schema\/logo\/image\/","url":"https:\/\/www.safinel.fr\/wp-content\/uploads\/2021\/05\/boutique-cosmetique.png","contentUrl":"https:\/\/www.safinel.fr\/wp-content\/uploads\/2021\/05\/boutique-cosmetique.png","width":800,"height":200,"caption":"Safinel"},"image":{"@id":"https:\/\/www.safinel.fr\/#\/schema\/logo\/image\/"}}]}},"_links":{"self":[{"href":"https:\/\/www.safinel.fr\/es\/wp-json\/wp\/v2\/product\/2284","targetHints":{"allow":["GET"]}}],"collection":[{"href":"https:\/\/www.safinel.fr\/es\/wp-json\/wp\/v2\/product"}],"about":[{"href":"https:\/\/www.safinel.fr\/es\/wp-json\/wp\/v2\/types\/product"}],"wp:featuredmedia":[{"embeddable":true,"href":"https:\/\/www.safinel.fr\/es\/wp-json\/wp\/v2\/media\/2285"}],"wp:attachment":[{"href":"https:\/\/www.safinel.fr\/es\/wp-json\/wp\/v2\/media?parent=2284"}],"wp:term":[{"taxonomy":"product_brand","embeddable":true,"href":"https:\/\/www.safinel.fr\/es\/wp-json\/wp\/v2\/product_brand?post=2284"},{"taxonomy":"product_cat","embeddable":true,"href":"https:\/\/www.safinel.fr\/es\/wp-json\/wp\/v2\/product_cat?post=2284"},{"taxonomy":"product_tag","embeddable":true,"href":"https:\/\/www.safinel.fr\/es\/wp-json\/wp\/v2\/product_tag?post=2284"}],"curies":[{"name":"wp","href":"https:\/\/api.w.org\/{rel}","templated":true}]}}