{"id":2281,"date":"2022-08-22T13:56:43","date_gmt":"2022-08-22T13:56:43","guid":{"rendered":"https:\/\/www.safinel.fr\/?post_type=product&#038;p=2281"},"modified":"2024-02-21T10:58:37","modified_gmt":"2024-02-21T10:58:37","slug":"arbol-casto","status":"publish","type":"product","link":"https:\/\/www.safinel.fr\/es\/product-2\/arbol-casto\/","title":{"rendered":"Semillas de \u00e1rbol casto 100g"},"content":{"rendered":"<p>El \u00e1rbol casto Vitex agnus-castus es un producto natural que existe desde hace m\u00e1s de dos mil a\u00f1os. Ya en la Edad Media se utilizaba con diversos fines. Su popularidad no ha hecho sino aumentar con el tiempo. Se puede encontrar en varios centros comerciales en muchas formas diferentes. Descubra los distintos efectos de este producto y su origen.<\/p>\n<h2><strong>Presentaci\u00f3n del \u00e1rbol casto<\/strong><\/h2>\n<p>El \u00e1rbol casto es un arbusto arom\u00e1tico de la familia de las Verben\u00e1ceas. Existen varios extractos, pero la forma m\u00e1s com\u00fan es la semilla de \u00e1rbol casto. Es una planta centenaria que se encuentra en Europa, y m\u00e1s concretamente en Francia. Sin embargo, en estado silvestre se encuentra en Marruecos, Portugal, T\u00fanez y otros pa\u00edses.<\/p>\n<p>El sauzgatillo es un arbusto caducifolio que alcanza una altura de 2 a 3 metros en Europa. En el norte de \u00c1frica puede alcanzar los 5-6 metros de altura. Produce flores de color azul p\u00farpura y frutos de color gris oscuro. Parecen granos de pimienta.<\/p>\n<h2><strong>Los or\u00edgenes del \u00e1rbol casto<\/strong><\/h2>\n<p>A\u00fan conocido como Vitex agnus, el sauzgatillo se remonta a hace casi 2000 a\u00f1os. Fue entonces cuando se reconocieron sus virtudes medicinales. Las semillas de Vitex agnus-castus se utilizaban para preparar una bebida caliente para calmar la libido. Esto le vali\u00f3 el nombre de \u00abpimienta de los monjes\u00bb.<\/p>\n<p>Con el paso del tiempo, se han multiplicado los nombres utilizados para describir la semilla del \u00e1rbol casto, as\u00ed como los usos que se le pueden dar. El producto que en un principio se utilizaba exclusivamente para los hombres, pas\u00f3 a emplearse tambi\u00e9n para las mujeres. En 1943, una empresa alemana desarroll\u00f3 un extracto de bayas de sauzgatillo que, en 1950, se estandariz\u00f3 para su uso en el tratamiento de la mastalgia.<\/p>\n<h2><strong>Beneficios del \u00e1rbol casto Vitex agnus-castus<\/strong><\/h2>\n<p>El \u00e1rbol casto es una planta natural con muchos beneficios, especialmente para las mujeres. Es cierto que nunca se ha demostrado cient\u00edficamente su poder como calmante de la libido masculina. Sin embargo, como tratamiento de los trastornos femeninos, s\u00ed.<\/p>\n<p><strong>Mastalgia : <\/strong>La mastalgia es un dolor pronunciado en los senos que puede estar causado por una lesi\u00f3n, el embarazo, la lactancia o el uso de un sujetador demasiado apretado. Puede utilizar Vitex agnus-castus para calmar este dolor. El extracto de \u00e1rbol casto utilizado en este caso es Mastodynon, una baya seca.<\/p>\n<p><strong>Menopausia : <\/strong>El sauzgatillo tambi\u00e9n se utiliza como tratamiento experimental para aliviar ciertos s\u00edntomas de la menopausia. Varios laboratorios lo utilizan para completar la composici\u00f3n de sus productos antiedad. En concreto, combinando el sauzgatillo con la hierba de San Juan. Sin embargo, se trata de una iniciativa reciente que a\u00fan no ha demostrado su eficacia.<\/p>\n<h3><strong>Trastorno del ciclo menstrual<\/strong><\/h3>\n<p>Durante miles y miles de a\u00f1os, las mujeres de todo el mundo han sufrido\u2019<a href=\"https:\/\/www.safinel.fr\/es\/product-2\/tisana-reguladora-de-la-menstruacion\/\"><strong>ciclo menstrual irregular<\/strong><\/a>. Tanto la Organizaci\u00f3n Mundial de la Salud (OMS) como la Comisi\u00f3n Europea reconocen los beneficios del sauzgatillo como remedio. Tambi\u00e9n se utiliza para aliviar los s\u00edntomas del s\u00edndrome premenstrual.<\/p>\n<p>En resumen, el Vitex agnus-castus tiene muchas virtudes. Incluso puede tratar problemas de fertilidad femenina. Todo depende de la dosis. En funci\u00f3n de este factor, la planta puede considerarse afrodis\u00edaca o anafrodis\u00edaca. Tambi\u00e9n existen muchas contraindicaciones para el uso de este producto. As\u00ed que aseg\u00farese de consultarlas con su m\u00e9dico antes de tomarlo.<\/p>","protected":false},"excerpt":{"rendered":"<p><strong>Caracter\u00edsticas :\u00a0<\/strong><\/p>\n<div class=\"product-short-description\">\n<p>Con 100 gramos se preparan m\u00e1s de 35 infusiones de 250 ml.<\/p>\n<\/div>","protected":false},"featured_media":2282,"template":"","meta":[],"product_brand":[],"product_cat":[15,27],"product_tag":[],"class_list":{"0":"post-2281","1":"product","2":"type-product","3":"status-publish","4":"has-post-thumbnail","6":"product_cat-fertilite","7":"product_cat-plantes-medicinales","9":"first","10":"instock","11":"shipping-taxable","12":"purchasable","13":"product-type-simple"},"yoast_head":"<!-- This site is optimized with the Yoast SEO plugin v26.6 - https:\/\/yoast.com\/wordpress\/plugins\/seo\/ -->\n<title>Gattilier I Vitex agnus-castus I Bienfaits nombreux<\/title>\n<meta name=\"description\" content=\"Le gattilier est un produit naturel qui existe depuis plus de deux mill\u00e9naires. D\u00e9j\u00e0 au Moyen \u00c2ge, il \u00e9tait tr\u00e8s utilis\u00e9 \u00e0 diverses fins.\" \/>\n<meta name=\"robots\" content=\"index, follow, max-snippet:-1, max-image-preview:large, max-video-preview:-1\" \/>\n<link rel=\"canonical\" href=\"https:\/\/www.safinel.fr\/es\/product-2\/arbol-casto\/\" \/>\n<meta property=\"og:locale\" content=\"es_ES\" \/>\n<meta property=\"og:type\" content=\"article\" \/>\n<meta property=\"og:title\" content=\"Gattilier I Vitex agnus-castus I Bienfaits nombreux\" \/>\n<meta property=\"og:description\" content=\"Le gattilier est un produit naturel qui existe depuis plus de deux mill\u00e9naires. D\u00e9j\u00e0 au Moyen \u00c2ge, il \u00e9tait tr\u00e8s utilis\u00e9 \u00e0 diverses fins.\" \/>\n<meta property=\"og:url\" content=\"https:\/\/www.safinel.fr\/es\/product-2\/arbol-casto\/\" \/>\n<meta property=\"og:site_name\" content=\"Safinel\" \/>\n<meta property=\"article:modified_time\" content=\"2024-02-21T10:58:37+00:00\" \/>\n<meta property=\"og:image\" content=\"https:\/\/www.safinel.fr\/wp-content\/uploads\/2022\/08\/Gattilier-Vitex-agnus-castus-graine.jpg\" \/>\n\t<meta property=\"og:image:width\" content=\"600\" \/>\n\t<meta property=\"og:image:height\" content=\"600\" \/>\n\t<meta property=\"og:image:type\" content=\"image\/jpeg\" \/>\n<meta name=\"twitter:card\" content=\"summary_large_image\" \/>\n<meta name=\"twitter:label1\" content=\"Tiempo de lectura\" \/>\n\t<meta name=\"twitter:data1\" content=\"3 minutos\" \/>\n<script type=\"application\/ld+json\" class=\"yoast-schema-graph\">{\"@context\":\"https:\/\/schema.org\",\"@graph\":[{\"@type\":\"WebPage\",\"@id\":\"https:\/\/www.safinel.fr\/produit\/gattilier\/\",\"url\":\"https:\/\/www.safinel.fr\/produit\/gattilier\/\",\"name\":\"Gattilier I Vitex agnus-castus I Bienfaits nombreux\",\"isPartOf\":{\"@id\":\"https:\/\/www.safinel.fr\/#website\"},\"primaryImageOfPage\":{\"@id\":\"https:\/\/www.safinel.fr\/produit\/gattilier\/#primaryimage\"},\"image\":{\"@id\":\"https:\/\/www.safinel.fr\/produit\/gattilier\/#primaryimage\"},\"thumbnailUrl\":\"https:\/\/www.safinel.fr\/wp-content\/uploads\/2022\/08\/Gattilier-Vitex-agnus-castus-graine.jpg\",\"datePublished\":\"2022-08-22T13:56:43+00:00\",\"dateModified\":\"2024-02-21T10:58:37+00:00\",\"description\":\"Le gattilier est un produit naturel qui existe depuis plus de deux mill\u00e9naires. D\u00e9j\u00e0 au Moyen \u00c2ge, il \u00e9tait tr\u00e8s utilis\u00e9 \u00e0 diverses fins.\",\"breadcrumb\":{\"@id\":\"https:\/\/www.safinel.fr\/produit\/gattilier\/#breadcrumb\"},\"inLanguage\":\"es\",\"potentialAction\":[{\"@type\":\"ReadAction\",\"target\":[\"https:\/\/www.safinel.fr\/produit\/gattilier\/\"]}]},{\"@type\":\"ImageObject\",\"inLanguage\":\"es\",\"@id\":\"https:\/\/www.safinel.fr\/produit\/gattilier\/#primaryimage\",\"url\":\"https:\/\/www.safinel.fr\/wp-content\/uploads\/2022\/08\/Gattilier-Vitex-agnus-castus-graine.jpg\",\"contentUrl\":\"https:\/\/www.safinel.fr\/wp-content\/uploads\/2022\/08\/Gattilier-Vitex-agnus-castus-graine.jpg\",\"width\":600,\"height\":600,\"caption\":\"Gattilier, Vitex agnus castus graine\"},{\"@type\":\"BreadcrumbList\",\"@id\":\"https:\/\/www.safinel.fr\/produit\/gattilier\/#breadcrumb\",\"itemListElement\":[{\"@type\":\"ListItem\",\"position\":1,\"name\":\"Accueil\",\"item\":\"https:\/\/www.safinel.fr\/\"},{\"@type\":\"ListItem\",\"position\":2,\"name\":\"Boutique\",\"item\":\"https:\/\/www.safinel.fr\/boutique\/\"},{\"@type\":\"ListItem\",\"position\":3,\"name\":\"Gattilier en graines 100g\"}]},{\"@type\":\"WebSite\",\"@id\":\"https:\/\/www.safinel.fr\/#website\",\"url\":\"https:\/\/www.safinel.fr\/\",\"name\":\"Safinel\",\"description\":\"\",\"publisher\":{\"@id\":\"https:\/\/www.safinel.fr\/#organization\"},\"potentialAction\":[{\"@type\":\"SearchAction\",\"target\":{\"@type\":\"EntryPoint\",\"urlTemplate\":\"https:\/\/www.safinel.fr\/?s={search_term_string}\"},\"query-input\":{\"@type\":\"PropertyValueSpecification\",\"valueRequired\":true,\"valueName\":\"search_term_string\"}}],\"inLanguage\":\"es\"},{\"@type\":\"Organization\",\"@id\":\"https:\/\/www.safinel.fr\/#organization\",\"name\":\"Safinel\",\"url\":\"https:\/\/www.safinel.fr\/\",\"logo\":{\"@type\":\"ImageObject\",\"inLanguage\":\"es\",\"@id\":\"https:\/\/www.safinel.fr\/#\/schema\/logo\/image\/\",\"url\":\"https:\/\/www.safinel.fr\/wp-content\/uploads\/2021\/05\/boutique-cosmetique.png\",\"contentUrl\":\"https:\/\/www.safinel.fr\/wp-content\/uploads\/2021\/05\/boutique-cosmetique.png\",\"width\":800,\"height\":200,\"caption\":\"Safinel\"},\"image\":{\"@id\":\"https:\/\/www.safinel.fr\/#\/schema\/logo\/image\/\"}}]}<\/script>\n<!-- \/ Yoast SEO plugin. -->","yoast_head_json":{"title":"\u00c1rbol casto I Vitex agnus-castus I Numerosos beneficios","description":"El \u00e1rbol casto es un producto natural que existe desde hace m\u00e1s de dos mil a\u00f1os. Ya en la Edad Media se utilizaba con diversos fines.","robots":{"index":"index","follow":"follow","max-snippet":"max-snippet:-1","max-image-preview":"max-image-preview:large","max-video-preview":"max-video-preview:-1"},"canonical":"https:\/\/www.safinel.fr\/es\/product-2\/arbol-casto\/","og_locale":"es_ES","og_type":"article","og_title":"Gattilier I Vitex agnus-castus I Bienfaits nombreux","og_description":"Le gattilier est un produit naturel qui existe depuis plus de deux mill\u00e9naires. D\u00e9j\u00e0 au Moyen \u00c2ge, il \u00e9tait tr\u00e8s utilis\u00e9 \u00e0 diverses fins.","og_url":"https:\/\/www.safinel.fr\/es\/product-2\/arbol-casto\/","og_site_name":"Safinel","article_modified_time":"2024-02-21T10:58:37+00:00","og_image":[{"width":600,"height":600,"url":"https:\/\/www.safinel.fr\/wp-content\/uploads\/2022\/08\/Gattilier-Vitex-agnus-castus-graine.jpg","type":"image\/jpeg"}],"twitter_card":"summary_large_image","twitter_misc":{"Tiempo de lectura":"3 minutos"},"schema":{"@context":"https:\/\/schema.org","@graph":[{"@type":"WebPage","@id":"https:\/\/www.safinel.fr\/produit\/gattilier\/","url":"https:\/\/www.safinel.fr\/produit\/gattilier\/","name":"\u00c1rbol casto I Vitex agnus-castus I Numerosos beneficios","isPartOf":{"@id":"https:\/\/www.safinel.fr\/#website"},"primaryImageOfPage":{"@id":"https:\/\/www.safinel.fr\/produit\/gattilier\/#primaryimage"},"image":{"@id":"https:\/\/www.safinel.fr\/produit\/gattilier\/#primaryimage"},"thumbnailUrl":"https:\/\/www.safinel.fr\/wp-content\/uploads\/2022\/08\/Gattilier-Vitex-agnus-castus-graine.jpg","datePublished":"2022-08-22T13:56:43+00:00","dateModified":"2024-02-21T10:58:37+00:00","description":"El \u00e1rbol casto es un producto natural que existe desde hace m\u00e1s de dos mil a\u00f1os. Ya en la Edad Media se utilizaba con diversos fines.","breadcrumb":{"@id":"https:\/\/www.safinel.fr\/produit\/gattilier\/#breadcrumb"},"inLanguage":"es","potentialAction":[{"@type":"ReadAction","target":["https:\/\/www.safinel.fr\/produit\/gattilier\/"]}]},{"@type":"ImageObject","inLanguage":"es","@id":"https:\/\/www.safinel.fr\/produit\/gattilier\/#primaryimage","url":"https:\/\/www.safinel.fr\/wp-content\/uploads\/2022\/08\/Gattilier-Vitex-agnus-castus-graine.jpg","contentUrl":"https:\/\/www.safinel.fr\/wp-content\/uploads\/2022\/08\/Gattilier-Vitex-agnus-castus-graine.jpg","width":600,"height":600,"caption":"Gattilier, Vitex agnus castus graine"},{"@type":"BreadcrumbList","@id":"https:\/\/www.safinel.fr\/produit\/gattilier\/#breadcrumb","itemListElement":[{"@type":"ListItem","position":1,"name":"Accueil","item":"https:\/\/www.safinel.fr\/"},{"@type":"ListItem","position":2,"name":"Boutique","item":"https:\/\/www.safinel.fr\/boutique\/"},{"@type":"ListItem","position":3,"name":"Gattilier en graines 100g"}]},{"@type":"WebSite","@id":"https:\/\/www.safinel.fr\/#website","url":"https:\/\/www.safinel.fr\/","name":"Safinel","description":"","publisher":{"@id":"https:\/\/www.safinel.fr\/#organization"},"potentialAction":[{"@type":"SearchAction","target":{"@type":"EntryPoint","urlTemplate":"https:\/\/www.safinel.fr\/?s={search_term_string}"},"query-input":{"@type":"PropertyValueSpecification","valueRequired":true,"valueName":"search_term_string"}}],"inLanguage":"es"},{"@type":"Organization","@id":"https:\/\/www.safinel.fr\/#organization","name":"Safinel","url":"https:\/\/www.safinel.fr\/","logo":{"@type":"ImageObject","inLanguage":"es","@id":"https:\/\/www.safinel.fr\/#\/schema\/logo\/image\/","url":"https:\/\/www.safinel.fr\/wp-content\/uploads\/2021\/05\/boutique-cosmetique.png","contentUrl":"https:\/\/www.safinel.fr\/wp-content\/uploads\/2021\/05\/boutique-cosmetique.png","width":800,"height":200,"caption":"Safinel"},"image":{"@id":"https:\/\/www.safinel.fr\/#\/schema\/logo\/image\/"}}]}},"_links":{"self":[{"href":"https:\/\/www.safinel.fr\/es\/wp-json\/wp\/v2\/product\/2281","targetHints":{"allow":["GET"]}}],"collection":[{"href":"https:\/\/www.safinel.fr\/es\/wp-json\/wp\/v2\/product"}],"about":[{"href":"https:\/\/www.safinel.fr\/es\/wp-json\/wp\/v2\/types\/product"}],"wp:featuredmedia":[{"embeddable":true,"href":"https:\/\/www.safinel.fr\/es\/wp-json\/wp\/v2\/media\/2282"}],"wp:attachment":[{"href":"https:\/\/www.safinel.fr\/es\/wp-json\/wp\/v2\/media?parent=2281"}],"wp:term":[{"taxonomy":"product_brand","embeddable":true,"href":"https:\/\/www.safinel.fr\/es\/wp-json\/wp\/v2\/product_brand?post=2281"},{"taxonomy":"product_cat","embeddable":true,"href":"https:\/\/www.safinel.fr\/es\/wp-json\/wp\/v2\/product_cat?post=2281"},{"taxonomy":"product_tag","embeddable":true,"href":"https:\/\/www.safinel.fr\/es\/wp-json\/wp\/v2\/product_tag?post=2281"}],"curies":[{"name":"wp","href":"https:\/\/api.w.org\/{rel}","templated":true}]}}