{"id":221,"date":"2021-07-19T12:06:03","date_gmt":"2021-07-19T12:06:03","guid":{"rendered":"https:\/\/www.safinel.fr\/?post_type=product&#038;p=221"},"modified":"2024-06-02T14:24:14","modified_gmt":"2024-06-02T14:24:14","slug":"sangre-pura-de-dragon","status":"publish","type":"product","link":"https:\/\/www.safinel.fr\/es\/product-2\/sangre-pura-de-dragon\/","title":{"rendered":"Pura sangre de drag\u00f3n"},"content":{"rendered":"<p>\u00bfY si\u00a0<strong>sangre pura de drag\u00f3n<\/strong>, El mito del \"t\u00e9 verde\", con sus m\u00faltiples virtudes, ha dejado de ser un mito para convertirse en una realidad... Tambi\u00e9n conocido como\u00a0<strong>Jinete del drag\u00f3n de Socotra<\/strong>\u00a0o bien\u00a0<strong>Sangre de drago en Am\u00e9rica Latina<\/strong>, Este elixir, desconocido para algunos, es una savia con una amplia gama de propiedades.<\/p>\n<p>Se utiliza en numerosos remedios y su nombre se debe a su color rojo sangre. Si eso no le dice mucho, no se desanime: el resto est\u00e1 al caer, \u00a1y le espera una sorpresa!<\/p>\n<h2><strong>\u00bfQu\u00e9 es la sangre pura de drag\u00f3n?<\/strong><\/h2>\n<p>Esta savia procede de un \u00e1rbol llamado Croton lechleri, situado en Am\u00e9rica Latina, m\u00e1s concretamente en Colombia y Per\u00fa. Arraigado a m\u00e1s de 1.000 metros de altitud, este \u00e1rbol crece en plena selva amaz\u00f3nica.<\/p>\n<p>Extra\u00edda durante generaciones por los ind\u00edgenas, la sangre de drag\u00f3n es un producto \u00fanico.<strong>\u00a0remedio casero natural.\u00a0<\/strong>En la actualidad, puede encontrarse en diversas formas, como :<\/p>\n<ul>\n<li><strong>En incienso:\u00a0<\/strong><\/li>\n<\/ul>\n<p>Puedes encontrar sangre de drag\u00f3n\u00a0<strong>en virutas\u00a0<\/strong>o en\u00a0<strong>palos<\/strong>\u00a0para perfumar su hogar. Una fragancia bals\u00e1mica, agradablemente calmante y purificante.<\/p>\n<ul>\n<li><strong>En extracto concentrado :<\/strong><\/li>\n<\/ul>\n<p>La sangre de drag\u00f3n puramente concentrada, que suele venderse en frascos, es a veces dif\u00edcil de encontrar.<\/p>\n<ul>\n<li><strong>Como principio activo cosm\u00e9tico:<\/strong><\/li>\n<\/ul>\n<p>La sangre de drag\u00f3n se encuentra ahora con frecuencia en cosm\u00e9ticos como gel, crema e incluso jab\u00f3n.<\/p>\n<h2><strong>Los beneficios de la sangre pura de drag\u00f3n\u00a0<\/strong><\/h2>\n<p>Este\u00a0<strong>elixir<\/strong>\u00a0rico en beneficios, es un tesoro natural cuyo uso var\u00eda seg\u00fan las necesidades. Se utiliza sobre todo para\u00a0<strong>problemas cut\u00e1neos<\/strong>\u00a0tales como :<\/p>\n<ul>\n<li>En heridas para ayudarlas a cicatrizar, de ah\u00ed su apodo, ap\u00f3sito l\u00edquido. Pero tambi\u00e9n se utiliza en estr\u00edas y cicatrices.<\/li>\n<\/ul>\n<ul>\n<li><strong>Antienvejecimiento natural<\/strong>, para revitalizar la piel y restaurar el tono y la firmeza.<\/li>\n<\/ul>\n<p>Adem\u00e1s, su uso puede variar en funci\u00f3n de las necesidades. Por ejemplo, esta inusual bebida puede ayudar a combatir dolencias internas como\u00a0<strong>rectocolitis hemorr\u00e1gica\u00a0<\/strong>o el\u00a0<a href=\"https:\/\/www.vidal.fr\/maladies\/estomac-intestins\/maladie-crohn.html\" target=\"_blank\" rel=\"noopener\"><strong>Enfermedad de Crohn<\/strong><\/a>. Problemas de salud relacionados con el colon y los tr\u00e1nsitos intestinales.<\/p>\n<p>Se cree que sus propiedades inmunoestimulantes y su riqueza en protecci\u00f3n bacteriana y propiedades antiinflamatorias son eficaces para la flora intestinal. Y as\u00ed aliviar algunos de los s\u00edntomas de estas enfermedades.<\/p>\n<p>Es hora de saber m\u00e1s sobre el uso de esta misteriosa sustancia con m\u00faltiples virtudes.<\/p>\n<h3><strong>\u00bfC\u00f3mo se utiliza este producto natural?\u00a0<\/strong><\/h3>\n<p>El uso del elixir de sangre de drag\u00f3n puede variar en funci\u00f3n de las necesidades. Por eso vamos a ver algunos ejemplos:<\/p>\n<ul>\n<li>Para su uso en la piel, como eccemas o picaduras de insectos, aplicar directamente sobre la zona a tratar para que pueda actuar correctamente.<\/li>\n<li>Pero tambi\u00e9n puede diluir este remedio natural en agua para dolencias internas. As\u00ed que puede ayudar a aliviar el dolor.<\/li>\n<\/ul>\n<p>No lo dude, su tienda en l\u00ednea Safinel cuenta con una amplia gama de productos y una categor\u00eda de\u00a0<strong>plantas medicinales<\/strong>. D\u00f3nde acceder\u00a0<a href=\"https:\/\/www.safinel.fr\/es\/product-2\/raices-de-vetiver\/\"><strong>ra\u00edz de vetiver<\/strong><\/a>\u00a0que se sabe que ayudan a combatir la mala circulaci\u00f3n y el estr\u00e9s.<\/p>\n<p>Pero tambi\u00e9n<strong>\u00a0<a href=\"https:\/\/www.safinel.fr\/es\/product-2\/pimienta-de-szechuan-en-grano\/\">Pimienta de Sichuan<\/a><\/strong>\u00a0lleno de virtudes.<\/p>","protected":false},"excerpt":{"rendered":"<p>Et si\u00a0le sang de dragon pur, aux nombreuses vertus, n\u2019\u00e9tait plus un mythe mais une r\u00e9alit\u00e9\u00a0? Aussi surnomm\u00e9\u00a0Dragonnier de socotra\u00a0ou bien\u00a0Sangre de drago en Am\u00e9rique latine, cet \u00e9lixir inconnu pour certain, est une s\u00e8ve aux larges propri\u00e9t\u00e9s. Utilis\u00e9 dans plusieurs rem\u00e8des, son nom lui vient de son aspect \u00e0 la couleur rouge sang\u00a0! Si cela [&#8230;]","protected":false},"featured_media":219,"template":"","meta":[],"product_brand":[],"product_cat":[27],"product_tag":[],"class_list":{"0":"post-221","1":"product","2":"type-product","3":"status-publish","4":"has-post-thumbnail","6":"product_cat-plantes-medicinales","8":"first","9":"outofstock","10":"shipping-taxable","11":"purchasable","12":"product-type-variable"},"yoast_head":"<!-- This site is optimized with the Yoast SEO plugin v26.6 - https:\/\/yoast.com\/wordpress\/plugins\/seo\/ -->\n<title>Sang de dragon pur | Vertus multiples \u00e0 d\u00e9couvrir en ligne<\/title>\n<meta name=\"description\" content=\"Et si\u00a0le sang de dragon pur, aux nombreuses vertus, n\u2019\u00e9tait plus un mythe mais une r\u00e9alit\u00e9\u00a0? Ici, d\u00e9couvrez-le en quelques clics !\" \/>\n<meta name=\"robots\" content=\"index, follow, max-snippet:-1, max-image-preview:large, max-video-preview:-1\" \/>\n<link rel=\"canonical\" href=\"https:\/\/www.safinel.fr\/es\/product-2\/sangre-pura-de-dragon\/\" \/>\n<meta property=\"og:locale\" content=\"es_ES\" \/>\n<meta property=\"og:type\" content=\"article\" \/>\n<meta property=\"og:title\" content=\"Sang de dragon pur | Vertus multiples \u00e0 d\u00e9couvrir en ligne\" \/>\n<meta property=\"og:description\" content=\"Et si\u00a0le sang de dragon pur, aux nombreuses vertus, n\u2019\u00e9tait plus un mythe mais une r\u00e9alit\u00e9\u00a0? Ici, d\u00e9couvrez-le en quelques clics !\" \/>\n<meta property=\"og:url\" content=\"https:\/\/www.safinel.fr\/es\/product-2\/sangre-pura-de-dragon\/\" \/>\n<meta property=\"og:site_name\" content=\"Safinel\" \/>\n<meta property=\"article:modified_time\" content=\"2024-06-02T14:24:14+00:00\" \/>\n<meta property=\"og:image\" content=\"https:\/\/www.safinel.fr\/wp-content\/uploads\/2021\/07\/sang-de-dragon-bouteillle-50ml-1024x1024-1.jpg\" \/>\n\t<meta property=\"og:image:width\" content=\"1024\" \/>\n\t<meta property=\"og:image:height\" content=\"1024\" \/>\n\t<meta property=\"og:image:type\" content=\"image\/jpeg\" \/>\n<meta name=\"twitter:card\" content=\"summary_large_image\" \/>\n<meta name=\"twitter:label1\" content=\"Tiempo de lectura\" \/>\n\t<meta name=\"twitter:data1\" content=\"3 minutos\" \/>\n<script type=\"application\/ld+json\" class=\"yoast-schema-graph\">{\"@context\":\"https:\/\/schema.org\",\"@graph\":[{\"@type\":\"WebPage\",\"@id\":\"https:\/\/www.safinel.fr\/produit\/sang-de-dragon-pur\/\",\"url\":\"https:\/\/www.safinel.fr\/produit\/sang-de-dragon-pur\/\",\"name\":\"Sang de dragon pur | Vertus multiples \u00e0 d\u00e9couvrir en ligne\",\"isPartOf\":{\"@id\":\"https:\/\/www.safinel.fr\/#website\"},\"primaryImageOfPage\":{\"@id\":\"https:\/\/www.safinel.fr\/produit\/sang-de-dragon-pur\/#primaryimage\"},\"image\":{\"@id\":\"https:\/\/www.safinel.fr\/produit\/sang-de-dragon-pur\/#primaryimage\"},\"thumbnailUrl\":\"https:\/\/www.safinel.fr\/wp-content\/uploads\/2021\/07\/sang-de-dragon-bouteillle-50ml-1024x1024-1.jpg\",\"datePublished\":\"2021-07-19T12:06:03+00:00\",\"dateModified\":\"2024-06-02T14:24:14+00:00\",\"description\":\"Et si\u00a0le sang de dragon pur, aux nombreuses vertus, n\u2019\u00e9tait plus un mythe mais une r\u00e9alit\u00e9\u00a0? Ici, d\u00e9couvrez-le en quelques clics !\",\"breadcrumb\":{\"@id\":\"https:\/\/www.safinel.fr\/produit\/sang-de-dragon-pur\/#breadcrumb\"},\"inLanguage\":\"es\",\"potentialAction\":[{\"@type\":\"ReadAction\",\"target\":[\"https:\/\/www.safinel.fr\/produit\/sang-de-dragon-pur\/\"]}]},{\"@type\":\"ImageObject\",\"inLanguage\":\"es\",\"@id\":\"https:\/\/www.safinel.fr\/produit\/sang-de-dragon-pur\/#primaryimage\",\"url\":\"https:\/\/www.safinel.fr\/wp-content\/uploads\/2021\/07\/sang-de-dragon-bouteillle-50ml-1024x1024-1.jpg\",\"contentUrl\":\"https:\/\/www.safinel.fr\/wp-content\/uploads\/2021\/07\/sang-de-dragon-bouteillle-50ml-1024x1024-1.jpg\",\"width\":1024,\"height\":1024,\"caption\":\"sang de dragon pur 50ml\"},{\"@type\":\"BreadcrumbList\",\"@id\":\"https:\/\/www.safinel.fr\/produit\/sang-de-dragon-pur\/#breadcrumb\",\"itemListElement\":[{\"@type\":\"ListItem\",\"position\":1,\"name\":\"Accueil\",\"item\":\"https:\/\/www.safinel.fr\/\"},{\"@type\":\"ListItem\",\"position\":2,\"name\":\"Boutique\",\"item\":\"https:\/\/www.safinel.fr\/boutique\/\"},{\"@type\":\"ListItem\",\"position\":3,\"name\":\"Sang de dragon pur\"}]},{\"@type\":\"WebSite\",\"@id\":\"https:\/\/www.safinel.fr\/#website\",\"url\":\"https:\/\/www.safinel.fr\/\",\"name\":\"Safinel\",\"description\":\"\",\"publisher\":{\"@id\":\"https:\/\/www.safinel.fr\/#organization\"},\"potentialAction\":[{\"@type\":\"SearchAction\",\"target\":{\"@type\":\"EntryPoint\",\"urlTemplate\":\"https:\/\/www.safinel.fr\/?s={search_term_string}\"},\"query-input\":{\"@type\":\"PropertyValueSpecification\",\"valueRequired\":true,\"valueName\":\"search_term_string\"}}],\"inLanguage\":\"es\"},{\"@type\":\"Organization\",\"@id\":\"https:\/\/www.safinel.fr\/#organization\",\"name\":\"Safinel\",\"url\":\"https:\/\/www.safinel.fr\/\",\"logo\":{\"@type\":\"ImageObject\",\"inLanguage\":\"es\",\"@id\":\"https:\/\/www.safinel.fr\/#\/schema\/logo\/image\/\",\"url\":\"https:\/\/www.safinel.fr\/wp-content\/uploads\/2021\/05\/boutique-cosmetique.png\",\"contentUrl\":\"https:\/\/www.safinel.fr\/wp-content\/uploads\/2021\/05\/boutique-cosmetique.png\",\"width\":800,\"height\":200,\"caption\":\"Safinel\"},\"image\":{\"@id\":\"https:\/\/www.safinel.fr\/#\/schema\/logo\/image\/\"}}]}<\/script>\n<!-- \/ Yoast SEO plugin. -->","yoast_head_json":{"title":"Sangre pura de drag\u00f3n | M\u00faltiples virtudes por descubrir en l\u00ednea","description":"\u00bfY si la sangre pura de drag\u00f3n, con sus m\u00faltiples virtudes, dejara de ser un mito para convertirse en una realidad? Desc\u00fabralo en unos pocos clics.","robots":{"index":"index","follow":"follow","max-snippet":"max-snippet:-1","max-image-preview":"max-image-preview:large","max-video-preview":"max-video-preview:-1"},"canonical":"https:\/\/www.safinel.fr\/es\/product-2\/sangre-pura-de-dragon\/","og_locale":"es_ES","og_type":"article","og_title":"Sang de dragon pur | Vertus multiples \u00e0 d\u00e9couvrir en ligne","og_description":"Et si\u00a0le sang de dragon pur, aux nombreuses vertus, n\u2019\u00e9tait plus un mythe mais une r\u00e9alit\u00e9\u00a0? Ici, d\u00e9couvrez-le en quelques clics !","og_url":"https:\/\/www.safinel.fr\/es\/product-2\/sangre-pura-de-dragon\/","og_site_name":"Safinel","article_modified_time":"2024-06-02T14:24:14+00:00","og_image":[{"width":1024,"height":1024,"url":"https:\/\/www.safinel.fr\/wp-content\/uploads\/2021\/07\/sang-de-dragon-bouteillle-50ml-1024x1024-1.jpg","type":"image\/jpeg"}],"twitter_card":"summary_large_image","twitter_misc":{"Tiempo de lectura":"3 minutos"},"schema":{"@context":"https:\/\/schema.org","@graph":[{"@type":"WebPage","@id":"https:\/\/www.safinel.fr\/produit\/sang-de-dragon-pur\/","url":"https:\/\/www.safinel.fr\/produit\/sang-de-dragon-pur\/","name":"Sangre pura de drag\u00f3n | M\u00faltiples virtudes por descubrir en l\u00ednea","isPartOf":{"@id":"https:\/\/www.safinel.fr\/#website"},"primaryImageOfPage":{"@id":"https:\/\/www.safinel.fr\/produit\/sang-de-dragon-pur\/#primaryimage"},"image":{"@id":"https:\/\/www.safinel.fr\/produit\/sang-de-dragon-pur\/#primaryimage"},"thumbnailUrl":"https:\/\/www.safinel.fr\/wp-content\/uploads\/2021\/07\/sang-de-dragon-bouteillle-50ml-1024x1024-1.jpg","datePublished":"2021-07-19T12:06:03+00:00","dateModified":"2024-06-02T14:24:14+00:00","description":"\u00bfY si la sangre pura de drag\u00f3n, con sus m\u00faltiples virtudes, dejara de ser un mito para convertirse en una realidad? Desc\u00fabralo en unos pocos clics.","breadcrumb":{"@id":"https:\/\/www.safinel.fr\/produit\/sang-de-dragon-pur\/#breadcrumb"},"inLanguage":"es","potentialAction":[{"@type":"ReadAction","target":["https:\/\/www.safinel.fr\/produit\/sang-de-dragon-pur\/"]}]},{"@type":"ImageObject","inLanguage":"es","@id":"https:\/\/www.safinel.fr\/produit\/sang-de-dragon-pur\/#primaryimage","url":"https:\/\/www.safinel.fr\/wp-content\/uploads\/2021\/07\/sang-de-dragon-bouteillle-50ml-1024x1024-1.jpg","contentUrl":"https:\/\/www.safinel.fr\/wp-content\/uploads\/2021\/07\/sang-de-dragon-bouteillle-50ml-1024x1024-1.jpg","width":1024,"height":1024,"caption":"sang de dragon pur 50ml"},{"@type":"BreadcrumbList","@id":"https:\/\/www.safinel.fr\/produit\/sang-de-dragon-pur\/#breadcrumb","itemListElement":[{"@type":"ListItem","position":1,"name":"Accueil","item":"https:\/\/www.safinel.fr\/"},{"@type":"ListItem","position":2,"name":"Boutique","item":"https:\/\/www.safinel.fr\/boutique\/"},{"@type":"ListItem","position":3,"name":"Sang de dragon pur"}]},{"@type":"WebSite","@id":"https:\/\/www.safinel.fr\/#website","url":"https:\/\/www.safinel.fr\/","name":"Safinel","description":"","publisher":{"@id":"https:\/\/www.safinel.fr\/#organization"},"potentialAction":[{"@type":"SearchAction","target":{"@type":"EntryPoint","urlTemplate":"https:\/\/www.safinel.fr\/?s={search_term_string}"},"query-input":{"@type":"PropertyValueSpecification","valueRequired":true,"valueName":"search_term_string"}}],"inLanguage":"es"},{"@type":"Organization","@id":"https:\/\/www.safinel.fr\/#organization","name":"Safinel","url":"https:\/\/www.safinel.fr\/","logo":{"@type":"ImageObject","inLanguage":"es","@id":"https:\/\/www.safinel.fr\/#\/schema\/logo\/image\/","url":"https:\/\/www.safinel.fr\/wp-content\/uploads\/2021\/05\/boutique-cosmetique.png","contentUrl":"https:\/\/www.safinel.fr\/wp-content\/uploads\/2021\/05\/boutique-cosmetique.png","width":800,"height":200,"caption":"Safinel"},"image":{"@id":"https:\/\/www.safinel.fr\/#\/schema\/logo\/image\/"}}]}},"_links":{"self":[{"href":"https:\/\/www.safinel.fr\/es\/wp-json\/wp\/v2\/product\/221","targetHints":{"allow":["GET"]}}],"collection":[{"href":"https:\/\/www.safinel.fr\/es\/wp-json\/wp\/v2\/product"}],"about":[{"href":"https:\/\/www.safinel.fr\/es\/wp-json\/wp\/v2\/types\/product"}],"wp:featuredmedia":[{"embeddable":true,"href":"https:\/\/www.safinel.fr\/es\/wp-json\/wp\/v2\/media\/219"}],"wp:attachment":[{"href":"https:\/\/www.safinel.fr\/es\/wp-json\/wp\/v2\/media?parent=221"}],"wp:term":[{"taxonomy":"product_brand","embeddable":true,"href":"https:\/\/www.safinel.fr\/es\/wp-json\/wp\/v2\/product_brand?post=221"},{"taxonomy":"product_cat","embeddable":true,"href":"https:\/\/www.safinel.fr\/es\/wp-json\/wp\/v2\/product_cat?post=221"},{"taxonomy":"product_tag","embeddable":true,"href":"https:\/\/www.safinel.fr\/es\/wp-json\/wp\/v2\/product_tag?post=221"}],"curies":[{"name":"wp","href":"https:\/\/api.w.org\/{rel}","templated":true}]}}