{"id":2171,"date":"2022-08-17T09:41:41","date_gmt":"2022-08-17T09:41:41","guid":{"rendered":"https:\/\/www.safinel.fr\/?post_type=product&#038;p=2171"},"modified":"2025-08-04T14:31:09","modified_gmt":"2025-08-04T14:31:09","slug":"nigella-botox-tratamiento-capilar","status":"publish","type":"product","link":"https:\/\/www.safinel.fr\/es\/product-2\/nigella-botox-tratamiento-capilar\/","title":{"rendered":"Botox Cuidado Capilar Nigella 1000ml - Kera Queen's"},"content":{"rendered":"<p>Una vez m\u00e1s, su<strong>\u00a0Tienda Safinel<\/strong>\u00a0pone al alcance de todos los productos imprescindibles. Y selecciona marcas reconocidas por su calidad. De hecho, la\u00a0<strong>nigella botox tratamiento capilar\u00a0<\/strong>se invita a s\u00ed mismo en su cuarto de ba\u00f1o. Continuar\u00e1.<\/p>\n<h2><strong>Cuidado del cabello con botox de comino negro: oro negro de Kera Queen's<\/strong><\/h2>\n<p>Sonido\u00a0<strong>botella negra<\/strong>\u00a0una fragancia intensa que seguro atraer\u00e1 a muchas. Pero, \u00bfqu\u00e9 hay detr\u00e1s de este cosm\u00e9tico de Kera Queen?.<\/p>\n<p>Sin m\u00e1s pre\u00e1mbulos, descubra un tratamiento alisante de 1000 ml sin sulfatos ni parabenos. Enriquecido con\u00a0<strong>aceite puro de comino negro<\/strong>, El frasco negro hace referencia a la famosa semilla negra. Generalmente apreciado en los pa\u00edses orientales, el comino negro se abre paso en nuestros cosm\u00e9ticos, para nuestro deleite. De hecho, este aceite tiene multitud de propiedades excelentes para embellecer las melenas da\u00f1adas.<\/p>\n<p>Del mismo modo, su\u00a0<strong>beneficios<\/strong>\u00a0para el cabello no son las \u00fanicas bazas de este cosm\u00e9tico. Posee una fragancia de oud para perfumar delicadamente su cabello.<\/p>\n<h2><strong>\u00bfPara qu\u00e9 tipos de cabello?\u00a0<\/strong><\/h2>\n<p>El tratamiento capilar botox de comino negro est\u00e1 dise\u00f1ado principalmente para cabellos secos, apagados, da\u00f1ados, quebradizos o desvitalizados.<\/p>\n<p>Y para tener a\u00fan m\u00e1s donde elegir, no dude en visitar nuestra tienda en l\u00ednea Safinel.<\/p>\n<h2><strong>Resultados del tratamiento capilar con comino negro\u00a0<\/strong><\/h2>\n<p>La<strong>\u00a0<a href=\"https:\/\/www.aumoulindesecorces.fr\/top-3-des-huiles-naturelles-en-2022\/\" target=\"_blank\" rel=\"noopener\">aceite precioso de comino negro<\/a><\/strong>\u00a0ofrece una serie de propiedades para el cuidado del cabello. Combinado con el botox alisador de Kera Queen, obtenemos un\u00a0<strong>lista de prestaciones<\/strong>\u00a0completa :<\/p>\n<ul>\n<li>Nutre en profundidad la fibra capilar; ;<\/li>\n<li>Hidrata el cabello; ;<\/li>\n<li>Ayuda a recuperar la luminosidad, la suavidad y la vitalidad; ;<\/li>\n<li>Aporta flexibilidad al cabello; ;<\/li>\n<li>Tonifica el cuero cabelludo y aumenta el crecimiento; ;<\/li>\n<li>Tambi\u00e9n combate las ca\u00eddas; ;<\/li>\n<li>Por \u00faltimo, este tratamiento suavizante alivia los picores del cuero cabelludo.<\/li>\n<\/ul>\n<p>Y para los que prefieren centrarse en el crecimiento del cabello, <a href=\"https:\/\/www.safinel.fr\/es\/product-2\/gama-de-aceite-de-ricino\/\"><strong>gama de aceite de ricino<\/strong><\/a> tambi\u00e9n est\u00e1 disponible en nuestra tienda.<\/p>\n<h3><strong>Precauciones\u00a0<\/strong><\/h3>\n<ul>\n<li>Mantenga este producto fuera del alcance de los ni\u00f1os.<\/li>\n<li>S\u00f3lo para uso externo.<\/li>\n<\/ul>","protected":false},"excerpt":{"rendered":"<p>Une fois de plus, votre\u00a0boutique Safinel\u00a0met \u00e0 la port\u00e9e de tous des produits incontournables. Et s\u00e9lectionne des marques connues pour leur qualit\u00e9. De fait, c\u2019est avec fiert\u00e9 que le\u00a0soin botox capillaire nigelle\u00a0s\u2019invite dans votre salle de bain. Affaire \u00e0 suivre. Soin botox capillaire nigelle : l\u2019or noir de Kera Queen\u2019s Son\u00a0flacon noir\u00a0intense risque d\u2019en s\u00e9duire [&#8230;]","protected":false},"featured_media":2201,"template":"","meta":[],"product_brand":[],"product_cat":[79,146,76],"product_tag":[],"class_list":{"0":"post-2171","1":"product","2":"type-product","3":"status-publish","4":"has-post-thumbnail","6":"product_cat-botox-capillaire","7":"product_cat-produit-cheveux","8":"product_cat-kera-queens","10":"first","11":"outofstock","12":"shipping-taxable","13":"purchasable","14":"product-type-simple"},"yoast_head":"<!-- This site is optimized with the Yoast SEO plugin v26.6 - https:\/\/yoast.com\/wordpress\/plugins\/seo\/ -->\n<title>Botox capillaire nigelle I Huile de nigelle cheveux I 1000ml<\/title>\n<meta name=\"description\" content=\"C\u2019est avec fiert\u00e9 que le\u00a0soin botox capillaire nigelle\u00a0s\u2019invite dans votre salle de bain. Affaire \u00e0 suivre.\u00a0Adoptez-le sans plus attendre !\" \/>\n<meta name=\"robots\" content=\"index, follow, max-snippet:-1, max-image-preview:large, max-video-preview:-1\" \/>\n<link rel=\"canonical\" href=\"https:\/\/www.safinel.fr\/es\/product-2\/nigella-botox-tratamiento-capilar\/\" \/>\n<meta property=\"og:locale\" content=\"es_ES\" \/>\n<meta property=\"og:type\" content=\"article\" \/>\n<meta property=\"og:title\" content=\"Botox capillaire nigelle I Huile de nigelle cheveux I 1000ml\" \/>\n<meta property=\"og:description\" content=\"C\u2019est avec fiert\u00e9 que le\u00a0soin botox capillaire nigelle\u00a0s\u2019invite dans votre salle de bain. Affaire \u00e0 suivre.\u00a0Adoptez-le sans plus attendre !\" \/>\n<meta property=\"og:url\" content=\"https:\/\/www.safinel.fr\/es\/product-2\/nigella-botox-tratamiento-capilar\/\" \/>\n<meta property=\"og:site_name\" content=\"Safinel\" \/>\n<meta property=\"article:modified_time\" content=\"2025-08-04T14:31:09+00:00\" \/>\n<meta property=\"og:image\" content=\"https:\/\/www.safinel.fr\/wp-content\/uploads\/2022\/08\/botox-capillaire-nigelle.jpg\" \/>\n\t<meta property=\"og:image:width\" content=\"600\" \/>\n\t<meta property=\"og:image:height\" content=\"600\" \/>\n\t<meta property=\"og:image:type\" content=\"image\/jpeg\" \/>\n<meta name=\"twitter:card\" content=\"summary_large_image\" \/>\n<meta name=\"twitter:label1\" content=\"Tiempo de lectura\" \/>\n\t<meta name=\"twitter:data1\" content=\"2 minutos\" \/>\n<script type=\"application\/ld+json\" class=\"yoast-schema-graph\">{\"@context\":\"https:\/\/schema.org\",\"@graph\":[{\"@type\":\"WebPage\",\"@id\":\"https:\/\/www.safinel.fr\/produit\/soin-botox-capillaire-nigelle\/\",\"url\":\"https:\/\/www.safinel.fr\/produit\/soin-botox-capillaire-nigelle\/\",\"name\":\"Botox capillaire nigelle I Huile de nigelle cheveux I 1000ml\",\"isPartOf\":{\"@id\":\"https:\/\/www.safinel.fr\/#website\"},\"primaryImageOfPage\":{\"@id\":\"https:\/\/www.safinel.fr\/produit\/soin-botox-capillaire-nigelle\/#primaryimage\"},\"image\":{\"@id\":\"https:\/\/www.safinel.fr\/produit\/soin-botox-capillaire-nigelle\/#primaryimage\"},\"thumbnailUrl\":\"https:\/\/www.safinel.fr\/wp-content\/uploads\/2022\/08\/botox-capillaire-nigelle.jpg\",\"datePublished\":\"2022-08-17T09:41:41+00:00\",\"dateModified\":\"2025-08-04T14:31:09+00:00\",\"description\":\"C\u2019est avec fiert\u00e9 que le\u00a0soin botox capillaire nigelle\u00a0s\u2019invite dans votre salle de bain. Affaire \u00e0 suivre.\u00a0Adoptez-le sans plus attendre !\",\"breadcrumb\":{\"@id\":\"https:\/\/www.safinel.fr\/produit\/soin-botox-capillaire-nigelle\/#breadcrumb\"},\"inLanguage\":\"es\",\"potentialAction\":[{\"@type\":\"ReadAction\",\"target\":[\"https:\/\/www.safinel.fr\/produit\/soin-botox-capillaire-nigelle\/\"]}]},{\"@type\":\"ImageObject\",\"inLanguage\":\"es\",\"@id\":\"https:\/\/www.safinel.fr\/produit\/soin-botox-capillaire-nigelle\/#primaryimage\",\"url\":\"https:\/\/www.safinel.fr\/wp-content\/uploads\/2022\/08\/botox-capillaire-nigelle.jpg\",\"contentUrl\":\"https:\/\/www.safinel.fr\/wp-content\/uploads\/2022\/08\/botox-capillaire-nigelle.jpg\",\"width\":600,\"height\":600,\"caption\":\"Botox capillaire nigelle I Huile de nigelle cheveux\"},{\"@type\":\"BreadcrumbList\",\"@id\":\"https:\/\/www.safinel.fr\/produit\/soin-botox-capillaire-nigelle\/#breadcrumb\",\"itemListElement\":[{\"@type\":\"ListItem\",\"position\":1,\"name\":\"Accueil\",\"item\":\"https:\/\/www.safinel.fr\/\"},{\"@type\":\"ListItem\",\"position\":2,\"name\":\"Boutique\",\"item\":\"https:\/\/www.safinel.fr\/boutique\/\"},{\"@type\":\"ListItem\",\"position\":3,\"name\":\"Soin Botox capillaire Nigelle 1000ml &#8211; Kera Queen&#8217;s\"}]},{\"@type\":\"WebSite\",\"@id\":\"https:\/\/www.safinel.fr\/#website\",\"url\":\"https:\/\/www.safinel.fr\/\",\"name\":\"Safinel\",\"description\":\"\",\"publisher\":{\"@id\":\"https:\/\/www.safinel.fr\/#organization\"},\"potentialAction\":[{\"@type\":\"SearchAction\",\"target\":{\"@type\":\"EntryPoint\",\"urlTemplate\":\"https:\/\/www.safinel.fr\/?s={search_term_string}\"},\"query-input\":{\"@type\":\"PropertyValueSpecification\",\"valueRequired\":true,\"valueName\":\"search_term_string\"}}],\"inLanguage\":\"es\"},{\"@type\":\"Organization\",\"@id\":\"https:\/\/www.safinel.fr\/#organization\",\"name\":\"Safinel\",\"url\":\"https:\/\/www.safinel.fr\/\",\"logo\":{\"@type\":\"ImageObject\",\"inLanguage\":\"es\",\"@id\":\"https:\/\/www.safinel.fr\/#\/schema\/logo\/image\/\",\"url\":\"https:\/\/www.safinel.fr\/wp-content\/uploads\/2021\/05\/boutique-cosmetique.png\",\"contentUrl\":\"https:\/\/www.safinel.fr\/wp-content\/uploads\/2021\/05\/boutique-cosmetique.png\",\"width\":800,\"height\":200,\"caption\":\"Safinel\"},\"image\":{\"@id\":\"https:\/\/www.safinel.fr\/#\/schema\/logo\/image\/\"}}]}<\/script>\n<!-- \/ Yoast SEO plugin. -->","yoast_head_json":{"title":"Aceite de comino negro para el cabello I 1000ml","description":"El botox de comino negro para el cuidado del cabello se invita con orgullo a s\u00ed mismo en su cuarto de ba\u00f1o. Continuar\u00e1. \u00a1Ad\u00f3ptelo ahora!","robots":{"index":"index","follow":"follow","max-snippet":"max-snippet:-1","max-image-preview":"max-image-preview:large","max-video-preview":"max-video-preview:-1"},"canonical":"https:\/\/www.safinel.fr\/es\/product-2\/nigella-botox-tratamiento-capilar\/","og_locale":"es_ES","og_type":"article","og_title":"Botox capillaire nigelle I Huile de nigelle cheveux I 1000ml","og_description":"C\u2019est avec fiert\u00e9 que le\u00a0soin botox capillaire nigelle\u00a0s\u2019invite dans votre salle de bain. Affaire \u00e0 suivre.\u00a0Adoptez-le sans plus attendre !","og_url":"https:\/\/www.safinel.fr\/es\/product-2\/nigella-botox-tratamiento-capilar\/","og_site_name":"Safinel","article_modified_time":"2025-08-04T14:31:09+00:00","og_image":[{"width":600,"height":600,"url":"https:\/\/www.safinel.fr\/wp-content\/uploads\/2022\/08\/botox-capillaire-nigelle.jpg","type":"image\/jpeg"}],"twitter_card":"summary_large_image","twitter_misc":{"Tiempo de lectura":"2 minutos"},"schema":{"@context":"https:\/\/schema.org","@graph":[{"@type":"WebPage","@id":"https:\/\/www.safinel.fr\/produit\/soin-botox-capillaire-nigelle\/","url":"https:\/\/www.safinel.fr\/produit\/soin-botox-capillaire-nigelle\/","name":"Aceite de comino negro para el cabello I 1000ml","isPartOf":{"@id":"https:\/\/www.safinel.fr\/#website"},"primaryImageOfPage":{"@id":"https:\/\/www.safinel.fr\/produit\/soin-botox-capillaire-nigelle\/#primaryimage"},"image":{"@id":"https:\/\/www.safinel.fr\/produit\/soin-botox-capillaire-nigelle\/#primaryimage"},"thumbnailUrl":"https:\/\/www.safinel.fr\/wp-content\/uploads\/2022\/08\/botox-capillaire-nigelle.jpg","datePublished":"2022-08-17T09:41:41+00:00","dateModified":"2025-08-04T14:31:09+00:00","description":"El botox de comino negro para el cuidado del cabello se invita con orgullo a s\u00ed mismo en su cuarto de ba\u00f1o. Continuar\u00e1. \u00a1Ad\u00f3ptelo ahora!","breadcrumb":{"@id":"https:\/\/www.safinel.fr\/produit\/soin-botox-capillaire-nigelle\/#breadcrumb"},"inLanguage":"es","potentialAction":[{"@type":"ReadAction","target":["https:\/\/www.safinel.fr\/produit\/soin-botox-capillaire-nigelle\/"]}]},{"@type":"ImageObject","inLanguage":"es","@id":"https:\/\/www.safinel.fr\/produit\/soin-botox-capillaire-nigelle\/#primaryimage","url":"https:\/\/www.safinel.fr\/wp-content\/uploads\/2022\/08\/botox-capillaire-nigelle.jpg","contentUrl":"https:\/\/www.safinel.fr\/wp-content\/uploads\/2022\/08\/botox-capillaire-nigelle.jpg","width":600,"height":600,"caption":"Botox capillaire nigelle I Huile de nigelle cheveux"},{"@type":"BreadcrumbList","@id":"https:\/\/www.safinel.fr\/produit\/soin-botox-capillaire-nigelle\/#breadcrumb","itemListElement":[{"@type":"ListItem","position":1,"name":"Accueil","item":"https:\/\/www.safinel.fr\/"},{"@type":"ListItem","position":2,"name":"Boutique","item":"https:\/\/www.safinel.fr\/boutique\/"},{"@type":"ListItem","position":3,"name":"Soin Botox capillaire Nigelle 1000ml &#8211; Kera Queen&#8217;s"}]},{"@type":"WebSite","@id":"https:\/\/www.safinel.fr\/#website","url":"https:\/\/www.safinel.fr\/","name":"Safinel","description":"","publisher":{"@id":"https:\/\/www.safinel.fr\/#organization"},"potentialAction":[{"@type":"SearchAction","target":{"@type":"EntryPoint","urlTemplate":"https:\/\/www.safinel.fr\/?s={search_term_string}"},"query-input":{"@type":"PropertyValueSpecification","valueRequired":true,"valueName":"search_term_string"}}],"inLanguage":"es"},{"@type":"Organization","@id":"https:\/\/www.safinel.fr\/#organization","name":"Safinel","url":"https:\/\/www.safinel.fr\/","logo":{"@type":"ImageObject","inLanguage":"es","@id":"https:\/\/www.safinel.fr\/#\/schema\/logo\/image\/","url":"https:\/\/www.safinel.fr\/wp-content\/uploads\/2021\/05\/boutique-cosmetique.png","contentUrl":"https:\/\/www.safinel.fr\/wp-content\/uploads\/2021\/05\/boutique-cosmetique.png","width":800,"height":200,"caption":"Safinel"},"image":{"@id":"https:\/\/www.safinel.fr\/#\/schema\/logo\/image\/"}}]}},"_links":{"self":[{"href":"https:\/\/www.safinel.fr\/es\/wp-json\/wp\/v2\/product\/2171","targetHints":{"allow":["GET"]}}],"collection":[{"href":"https:\/\/www.safinel.fr\/es\/wp-json\/wp\/v2\/product"}],"about":[{"href":"https:\/\/www.safinel.fr\/es\/wp-json\/wp\/v2\/types\/product"}],"wp:featuredmedia":[{"embeddable":true,"href":"https:\/\/www.safinel.fr\/es\/wp-json\/wp\/v2\/media\/2201"}],"wp:attachment":[{"href":"https:\/\/www.safinel.fr\/es\/wp-json\/wp\/v2\/media?parent=2171"}],"wp:term":[{"taxonomy":"product_brand","embeddable":true,"href":"https:\/\/www.safinel.fr\/es\/wp-json\/wp\/v2\/product_brand?post=2171"},{"taxonomy":"product_cat","embeddable":true,"href":"https:\/\/www.safinel.fr\/es\/wp-json\/wp\/v2\/product_cat?post=2171"},{"taxonomy":"product_tag","embeddable":true,"href":"https:\/\/www.safinel.fr\/es\/wp-json\/wp\/v2\/product_tag?post=2171"}],"curies":[{"name":"wp","href":"https:\/\/api.w.org\/{rel}","templated":true}]}}