{"id":2127,"date":"2022-08-12T17:08:12","date_gmt":"2022-08-12T17:08:12","guid":{"rendered":"https:\/\/www.safinel.fr\/?post_type=product&#038;p=2127"},"modified":"2024-08-06T18:45:34","modified_gmt":"2024-08-06T18:45:34","slug":"tisana-antifibroma","status":"publish","type":"product","link":"https:\/\/www.safinel.fr\/es\/product-2\/tisana-antifibroma\/","title":{"rendered":"Tisana antifibroma 100 g"},"content":{"rendered":"<p>\u00bfEst\u00e1 buscando una forma eficaz y natural de combatir un\u00a0<strong>enfermedad ginecol\u00f3gica<\/strong>\u00a0? No busque m\u00e1s<strong>\u00a0tisana antifibroma<\/strong>, que tiene numerosos beneficios...<\/p>\n<h2><strong>Tisana antifibromas: la soluci\u00f3n a base de plantas\u00a0<\/strong><\/h2>\n<p><strong>Infusiones\u00a0<\/strong>es una forma sencilla y f\u00e1cil de prevenir ciertas enfermedades, como\u00a0<strong>tumores benignos<\/strong>. Por ejemplo, un\u00a0<strong>mioma uterino<\/strong>, sino tambi\u00e9n contra otras enfermedades ginecol\u00f3gicas y obst\u00e9tricas.<\/p>\n<p>Adem\u00e1s, este tipo de\u00a0<strong>infusi\u00f3n<\/strong>\u00a0es tambi\u00e9n una excelente forma de relajarse y aliviar el estr\u00e9s. Lo esencial en<strong>\u00a0tratamiento de los fibromas.<\/strong><\/p>\n<p>La infusi\u00f3n de plantas es una excelente forma de aumentar la eficacia de sus propiedades. De hecho, pueden aportar todas sus virtudes directamente a tu organismo.<\/p>\n<p>Si est\u00e1 buscando una forma eficaz y natural de combatir un mioma, la\u2019<strong>infusi\u00f3n contra los miomas<\/strong>\u00a0es una buena soluci\u00f3n.<\/p>\n<h2><strong>Los beneficios de esta tisana natural\u00a0<\/strong><\/h2>\n<p>Las tisanas e infusiones se elaboran a partir de una variedad de plantas y hierbas, que se combinan para formar una receta \u00fanica. Esta mezcla se hierve o se cuece al vapor hasta que est\u00e1 lista para beber.<\/p>\n<p>Tambi\u00e9n se considera seguro y eficaz, con efectos secundarios m\u00ednimos. Es un tratamiento natural que no implica ning\u00fan producto qu\u00edmico o f\u00e1rmaco peligroso. Esto lo convierte en una buena opci\u00f3n para las personas que buscan una soluci\u00f3n complementaria saludable.<\/p>\n<p>Ayuda a combatir :<\/p>\n<ul>\n<li>Quistes<\/li>\n<li>Fibromas uterinos<\/li>\n<li>Miomas<\/li>\n<li>Distrofia ov\u00e1rica<\/li>\n<li>Trompetas obstruidas<\/li>\n<\/ul>\n<h3><strong>\u00bfC\u00f3mo utilizar la tisana antifibromas?\u00a0<\/strong><\/h3>\n<p>Basta con infusionar una bolsita en agua caliente y beberla tal cual. Tambi\u00e9n puede a\u00f1adir una cucharadita de\u00a0<a href=\"https:\/\/www.safinel.fr\/es\/product-2\/miel-de-lavanda\/\"><strong>miel de lavanda<\/strong><\/a>, por ejemplo, para darle un delicioso sabor dulce. Pero encontrar\u00e1 muchas otras mieles en nuestra secci\u00f3n especial.<\/p>\n<p>M\u00e1s informaci\u00f3n,\u00a0<a href=\"https:\/\/www.safinel.fr\/es\/product-2\/cola-pequena\/\"><strong>le petit cola<\/strong><\/a>, o el<strong>\u00a0<a href=\"https:\/\/www.safinel.fr\/es\/product-2\/el-rey-de-las-hierbas\/\">Rey de las hierbas<\/a><\/strong>, Estas plantas africanas son beneficiosas para este tipo de problemas de salud.<\/p>\n<h3><strong>Precauciones\u00a0<\/strong><\/h3>\n<p>Le recomendamos que consulte a su m\u00e9dico antes de tomar cualquier suplemento diet\u00e9tico. Nuestros productos no son medicamentos y no sustituyen el consejo m\u00e9dico.<\/p>","protected":false},"excerpt":{"rendered":"<p><strong>Recomendaciones:<\/strong><\/p>\n<ul>\n<li>Poner en infusi\u00f3n unos 10 gramos (un pu\u00f1ado) en 1,5 litros de agua durante 20 o 30 minutos a fuego lento, dejar enfriar y tomar una taza de 250 ml (100 gramos = 1 mes de tratamiento) por la ma\u00f1ana y por la noche.<\/li>\n<li>Es preferible utilizar el tratamiento durante 3 meses para una eficacia \u00f3ptima.<\/li>\n<\/ul>","protected":false},"featured_media":8812,"template":"","meta":[],"product_brand":[],"product_cat":[19],"product_tag":[],"class_list":{"0":"post-2127","1":"product","2":"type-product","3":"status-publish","4":"has-post-thumbnail","6":"product_cat-thes-tisanes","8":"first","9":"outofstock","10":"shipping-taxable","11":"purchasable","12":"product-type-simple"},"yoast_head":"<!-- This site is optimized with the Yoast SEO plugin v26.6 - https:\/\/yoast.com\/wordpress\/plugins\/seo\/ -->\n<title>Tisane anti-fibrome I Aide contre une\u00a0maladie gyn\u00e9cologique<\/title>\n<meta name=\"description\" content=\"Vous cherchez un moyen efficace et naturel de lutter contre une\u00a0maladie gyn\u00e9cologique\u00a0? D\u00e9couvrez sans plus attendre la tisane anti-fibrome\" \/>\n<meta name=\"robots\" content=\"index, follow, max-snippet:-1, max-image-preview:large, max-video-preview:-1\" \/>\n<link rel=\"canonical\" href=\"https:\/\/www.safinel.fr\/es\/product-2\/tisana-antifibroma\/\" \/>\n<meta property=\"og:locale\" content=\"es_ES\" \/>\n<meta property=\"og:type\" content=\"article\" \/>\n<meta property=\"og:title\" content=\"Tisane anti-fibrome I Aide contre une\u00a0maladie gyn\u00e9cologique\" \/>\n<meta property=\"og:description\" content=\"Vous cherchez un moyen efficace et naturel de lutter contre une\u00a0maladie gyn\u00e9cologique\u00a0? D\u00e9couvrez sans plus attendre la tisane anti-fibrome\" \/>\n<meta property=\"og:url\" content=\"https:\/\/www.safinel.fr\/es\/product-2\/tisana-antifibroma\/\" \/>\n<meta property=\"og:site_name\" content=\"Safinel\" \/>\n<meta property=\"article:modified_time\" content=\"2024-08-06T18:45:34+00:00\" \/>\n<meta property=\"og:image\" content=\"https:\/\/www.safinel.fr\/wp-content\/uploads\/2022\/08\/tisane-anti-fibrome-site.jpg\" \/>\n\t<meta property=\"og:image:width\" content=\"600\" \/>\n\t<meta property=\"og:image:height\" content=\"600\" \/>\n\t<meta property=\"og:image:type\" content=\"image\/jpeg\" \/>\n<meta name=\"twitter:card\" content=\"summary_large_image\" \/>\n<meta name=\"twitter:label1\" content=\"Tiempo de lectura\" \/>\n\t<meta name=\"twitter:data1\" content=\"2 minutos\" \/>\n<script type=\"application\/ld+json\" class=\"yoast-schema-graph\">{\"@context\":\"https:\/\/schema.org\",\"@graph\":[{\"@type\":\"WebPage\",\"@id\":\"https:\/\/www.safinel.fr\/produit\/tisane-anti-fibrome\/\",\"url\":\"https:\/\/www.safinel.fr\/produit\/tisane-anti-fibrome\/\",\"name\":\"Tisane anti-fibrome I Aide contre une\u00a0maladie gyn\u00e9cologique\",\"isPartOf\":{\"@id\":\"https:\/\/www.safinel.fr\/#website\"},\"primaryImageOfPage\":{\"@id\":\"https:\/\/www.safinel.fr\/produit\/tisane-anti-fibrome\/#primaryimage\"},\"image\":{\"@id\":\"https:\/\/www.safinel.fr\/produit\/tisane-anti-fibrome\/#primaryimage\"},\"thumbnailUrl\":\"https:\/\/www.safinel.fr\/wp-content\/uploads\/2022\/08\/tisane-anti-fibrome-site.jpg\",\"datePublished\":\"2022-08-12T17:08:12+00:00\",\"dateModified\":\"2024-08-06T18:45:34+00:00\",\"description\":\"Vous cherchez un moyen efficace et naturel de lutter contre une\u00a0maladie gyn\u00e9cologique\u00a0? D\u00e9couvrez sans plus attendre la tisane anti-fibrome\",\"breadcrumb\":{\"@id\":\"https:\/\/www.safinel.fr\/produit\/tisane-anti-fibrome\/#breadcrumb\"},\"inLanguage\":\"es\",\"potentialAction\":[{\"@type\":\"ReadAction\",\"target\":[\"https:\/\/www.safinel.fr\/produit\/tisane-anti-fibrome\/\"]}]},{\"@type\":\"ImageObject\",\"inLanguage\":\"es\",\"@id\":\"https:\/\/www.safinel.fr\/produit\/tisane-anti-fibrome\/#primaryimage\",\"url\":\"https:\/\/www.safinel.fr\/wp-content\/uploads\/2022\/08\/tisane-anti-fibrome-site.jpg\",\"contentUrl\":\"https:\/\/www.safinel.fr\/wp-content\/uploads\/2022\/08\/tisane-anti-fibrome-site.jpg\",\"width\":600,\"height\":600,\"caption\":\"Tisane anti-fibrome 100g\"},{\"@type\":\"BreadcrumbList\",\"@id\":\"https:\/\/www.safinel.fr\/produit\/tisane-anti-fibrome\/#breadcrumb\",\"itemListElement\":[{\"@type\":\"ListItem\",\"position\":1,\"name\":\"Accueil\",\"item\":\"https:\/\/www.safinel.fr\/\"},{\"@type\":\"ListItem\",\"position\":2,\"name\":\"Boutique\",\"item\":\"https:\/\/www.safinel.fr\/boutique\/\"},{\"@type\":\"ListItem\",\"position\":3,\"name\":\"Tisane anti-fibrome 100g\"}]},{\"@type\":\"WebSite\",\"@id\":\"https:\/\/www.safinel.fr\/#website\",\"url\":\"https:\/\/www.safinel.fr\/\",\"name\":\"Safinel\",\"description\":\"\",\"publisher\":{\"@id\":\"https:\/\/www.safinel.fr\/#organization\"},\"potentialAction\":[{\"@type\":\"SearchAction\",\"target\":{\"@type\":\"EntryPoint\",\"urlTemplate\":\"https:\/\/www.safinel.fr\/?s={search_term_string}\"},\"query-input\":{\"@type\":\"PropertyValueSpecification\",\"valueRequired\":true,\"valueName\":\"search_term_string\"}}],\"inLanguage\":\"es\"},{\"@type\":\"Organization\",\"@id\":\"https:\/\/www.safinel.fr\/#organization\",\"name\":\"Safinel\",\"url\":\"https:\/\/www.safinel.fr\/\",\"logo\":{\"@type\":\"ImageObject\",\"inLanguage\":\"es\",\"@id\":\"https:\/\/www.safinel.fr\/#\/schema\/logo\/image\/\",\"url\":\"https:\/\/www.safinel.fr\/wp-content\/uploads\/2021\/05\/boutique-cosmetique.png\",\"contentUrl\":\"https:\/\/www.safinel.fr\/wp-content\/uploads\/2021\/05\/boutique-cosmetique.png\",\"width\":800,\"height\":200,\"caption\":\"Safinel\"},\"image\":{\"@id\":\"https:\/\/www.safinel.fr\/#\/schema\/logo\/image\/\"}}]}<\/script>\n<!-- \/ Yoast SEO plugin. -->","yoast_head_json":{"title":"Tisana antifibroma I Ayuda contra una enfermedad ginecol\u00f3gica","description":"\u00bfBusca una forma eficaz y natural de combatir una afecci\u00f3n ginecol\u00f3gica? Descubra ahora nuestra tisana antifibroide.","robots":{"index":"index","follow":"follow","max-snippet":"max-snippet:-1","max-image-preview":"max-image-preview:large","max-video-preview":"max-video-preview:-1"},"canonical":"https:\/\/www.safinel.fr\/es\/product-2\/tisana-antifibroma\/","og_locale":"es_ES","og_type":"article","og_title":"Tisane anti-fibrome I Aide contre une\u00a0maladie gyn\u00e9cologique","og_description":"Vous cherchez un moyen efficace et naturel de lutter contre une\u00a0maladie gyn\u00e9cologique\u00a0? D\u00e9couvrez sans plus attendre la tisane anti-fibrome","og_url":"https:\/\/www.safinel.fr\/es\/product-2\/tisana-antifibroma\/","og_site_name":"Safinel","article_modified_time":"2024-08-06T18:45:34+00:00","og_image":[{"width":600,"height":600,"url":"https:\/\/www.safinel.fr\/wp-content\/uploads\/2022\/08\/tisane-anti-fibrome-site.jpg","type":"image\/jpeg"}],"twitter_card":"summary_large_image","twitter_misc":{"Tiempo de lectura":"2 minutos"},"schema":{"@context":"https:\/\/schema.org","@graph":[{"@type":"WebPage","@id":"https:\/\/www.safinel.fr\/produit\/tisane-anti-fibrome\/","url":"https:\/\/www.safinel.fr\/produit\/tisane-anti-fibrome\/","name":"Tisana antifibroma I Ayuda contra una enfermedad ginecol\u00f3gica","isPartOf":{"@id":"https:\/\/www.safinel.fr\/#website"},"primaryImageOfPage":{"@id":"https:\/\/www.safinel.fr\/produit\/tisane-anti-fibrome\/#primaryimage"},"image":{"@id":"https:\/\/www.safinel.fr\/produit\/tisane-anti-fibrome\/#primaryimage"},"thumbnailUrl":"https:\/\/www.safinel.fr\/wp-content\/uploads\/2022\/08\/tisane-anti-fibrome-site.jpg","datePublished":"2022-08-12T17:08:12+00:00","dateModified":"2024-08-06T18:45:34+00:00","description":"\u00bfBusca una forma eficaz y natural de combatir una afecci\u00f3n ginecol\u00f3gica? Descubra ahora nuestra tisana antifibroide.","breadcrumb":{"@id":"https:\/\/www.safinel.fr\/produit\/tisane-anti-fibrome\/#breadcrumb"},"inLanguage":"es","potentialAction":[{"@type":"ReadAction","target":["https:\/\/www.safinel.fr\/produit\/tisane-anti-fibrome\/"]}]},{"@type":"ImageObject","inLanguage":"es","@id":"https:\/\/www.safinel.fr\/produit\/tisane-anti-fibrome\/#primaryimage","url":"https:\/\/www.safinel.fr\/wp-content\/uploads\/2022\/08\/tisane-anti-fibrome-site.jpg","contentUrl":"https:\/\/www.safinel.fr\/wp-content\/uploads\/2022\/08\/tisane-anti-fibrome-site.jpg","width":600,"height":600,"caption":"Tisane anti-fibrome 100g"},{"@type":"BreadcrumbList","@id":"https:\/\/www.safinel.fr\/produit\/tisane-anti-fibrome\/#breadcrumb","itemListElement":[{"@type":"ListItem","position":1,"name":"Accueil","item":"https:\/\/www.safinel.fr\/"},{"@type":"ListItem","position":2,"name":"Boutique","item":"https:\/\/www.safinel.fr\/boutique\/"},{"@type":"ListItem","position":3,"name":"Tisane anti-fibrome 100g"}]},{"@type":"WebSite","@id":"https:\/\/www.safinel.fr\/#website","url":"https:\/\/www.safinel.fr\/","name":"Safinel","description":"","publisher":{"@id":"https:\/\/www.safinel.fr\/#organization"},"potentialAction":[{"@type":"SearchAction","target":{"@type":"EntryPoint","urlTemplate":"https:\/\/www.safinel.fr\/?s={search_term_string}"},"query-input":{"@type":"PropertyValueSpecification","valueRequired":true,"valueName":"search_term_string"}}],"inLanguage":"es"},{"@type":"Organization","@id":"https:\/\/www.safinel.fr\/#organization","name":"Safinel","url":"https:\/\/www.safinel.fr\/","logo":{"@type":"ImageObject","inLanguage":"es","@id":"https:\/\/www.safinel.fr\/#\/schema\/logo\/image\/","url":"https:\/\/www.safinel.fr\/wp-content\/uploads\/2021\/05\/boutique-cosmetique.png","contentUrl":"https:\/\/www.safinel.fr\/wp-content\/uploads\/2021\/05\/boutique-cosmetique.png","width":800,"height":200,"caption":"Safinel"},"image":{"@id":"https:\/\/www.safinel.fr\/#\/schema\/logo\/image\/"}}]}},"_links":{"self":[{"href":"https:\/\/www.safinel.fr\/es\/wp-json\/wp\/v2\/product\/2127","targetHints":{"allow":["GET"]}}],"collection":[{"href":"https:\/\/www.safinel.fr\/es\/wp-json\/wp\/v2\/product"}],"about":[{"href":"https:\/\/www.safinel.fr\/es\/wp-json\/wp\/v2\/types\/product"}],"wp:featuredmedia":[{"embeddable":true,"href":"https:\/\/www.safinel.fr\/es\/wp-json\/wp\/v2\/media\/8812"}],"wp:attachment":[{"href":"https:\/\/www.safinel.fr\/es\/wp-json\/wp\/v2\/media?parent=2127"}],"wp:term":[{"taxonomy":"product_brand","embeddable":true,"href":"https:\/\/www.safinel.fr\/es\/wp-json\/wp\/v2\/product_brand?post=2127"},{"taxonomy":"product_cat","embeddable":true,"href":"https:\/\/www.safinel.fr\/es\/wp-json\/wp\/v2\/product_cat?post=2127"},{"taxonomy":"product_tag","embeddable":true,"href":"https:\/\/www.safinel.fr\/es\/wp-json\/wp\/v2\/product_tag?post=2127"}],"curies":[{"name":"wp","href":"https:\/\/api.w.org\/{rel}","templated":true}]}}