{"id":2108,"date":"2022-08-01T15:48:11","date_gmt":"2022-08-01T15:48:11","guid":{"rendered":"https:\/\/www.safinel.fr\/?post_type=product&#038;p=2108"},"modified":"2025-10-12T18:47:02","modified_gmt":"2025-10-12T18:47:02","slug":"crema-para-aumentar-los-senos-y-las-nalgas","status":"publish","type":"product","link":"https:\/\/www.safinel.fr\/es\/product-2\/crema-para-aumentar-los-senos-y-las-nalgas\/","title":{"rendered":"Crema para aumentar los senos y las nalgas 100ml"},"content":{"rendered":"<p>\u00a1La crema de aumento de pechos y gl\u00fateos cambiar\u00e1 su vida! A base de aceites naturales, actuar\u00e1 en el proceso de crecimiento de estas zonas. \u00a1Se sorprender\u00e1 de los sorprendentes resultados!<\/p>\n<h2><strong>Una lupa sobre esta crema milagrosa para aumentar el pecho<\/strong><\/h2>\n<p>Este producto, favorito de las mujeres africanas desde hace a\u00f1os, le alegrar\u00e1 el d\u00eda. Su \u00e9xito se debe a los aceites, conocidos por sus cualidades rellenadoras, moldeadoras y reafirmantes. Los formuladores lo elaboran con manteca de karit\u00e9, ideal para una piel bonita, y 3 aceites:<\/p>\n<ul>\n<li>Akpi<\/li>\n<li><a href=\"https:\/\/www.safinel.fr\/es\/product-2\/kigelia-africana\/\"><strong>Kig\u00e9lia<\/strong><\/a><\/li>\n<li><a href=\"https:\/\/www.safinel.fr\/es\/product-2\/mantequilla-de-fenogreco\/\"><strong>Alholva<\/strong><\/a><\/li>\n<\/ul>\n<p>Se han a\u00f1adido vitamina E y cosgard para preservar estos productos naturales.<\/p>\n<h2><strong>Aceites elegidos por su acci\u00f3n sobre el crecimiento\u00a0<\/strong><\/h2>\n<p><a href=\"https:\/\/www.safinel.fr\/es\/product-2\/aceite-de-dakpi\/\"><strong>Aceite de akpi<\/strong><\/a>, es el ingrediente clave de esta pomada. Elaborado a partir de las semillas del \u00e1rbol del mismo nombre, tiene una serie de beneficios, entre ellos una acci\u00f3n voluminizadora. El fenogreco se utiliza a menudo para aumentar la masa muscular. La ventaja es que se puede utilizar en una zona concreta. El aceite de kilegia moldea los senos y reafirma los gl\u00fateos. Por \u00faltimo, la manteca de karit\u00e9 cuidar\u00e1 su piel gracias a su alto nivel de hidrataci\u00f3n. Tambi\u00e9n prevendr\u00e1 las estr\u00edas que pueden aparecer al aumentar de peso. Por supuesto, esta crema har\u00e1 que tus gl\u00fateos parezcan m\u00e1s grandes.<span style=\"color: #333333;\"><span style=\"font-size: 20.16px;\">.<\/span><\/span><\/p>\n<h2><strong>Una nueva confianza para una sexualidad plena<\/strong><\/h2>\n<p>Tus pechos y gl\u00fateos se masificar\u00e1n y te sentir\u00e1s m\u00e1s guapa. Recuperar\u00e1s la confianza en ti misma y estar\u00e1s en paz con tu cuerpo. En armon\u00eda contigo misma y con tu pareja, tu sexualidad florecer\u00e1.<\/p>\n<h3><strong>C\u00f3mo utilizar esta crema para aumentar el pecho<\/strong><\/h3>\n<p>Aplicar la crema sobre la piel limpia. Masajear la piel con peque\u00f1os movimientos circulares de abajo hacia arriba durante 5 minutos. Masajear ma\u00f1ana y noche para obtener resultados \u00f3ptimos. Para el bienestar de su cuerpo, pruebe nuestro aceite Akpi.<\/p>","protected":false},"excerpt":{"rendered":"<p><strong>Ingredientes:<\/strong><\/p>\n<p>Manteca de karit\u00e9 + aceite de akpi + aceite de kigelia + aceite de fenogreco + vitamina e + cosgard.<\/p>\n<p><img decoding=\"async\" class=\"size-full wp-image-5091 aligncenter\" src=\"https:\/\/www.safinel.fr\/wp-content\/uploads\/2021\/06\/BANNIERE-ICONE-SAFINEL.webp\" alt=\"reaseguro de sat\u00e9n\" width=\"800\" height=\"200\" srcset=\"https:\/\/www.safinel.fr\/wp-content\/uploads\/2021\/06\/BANNIERE-ICONE-SAFINEL.webp 800w, https:\/\/www.safinel.fr\/wp-content\/uploads\/2021\/06\/BANNIERE-ICONE-SAFINEL-600x150.webp 600w, https:\/\/www.safinel.fr\/wp-content\/uploads\/2021\/06\/BANNIERE-ICONE-SAFINEL-768x192.webp 768w\" sizes=\"(max-width: 800px) 100vw, 800px\" \/><\/p>","protected":false},"featured_media":5235,"template":"","meta":[],"product_brand":[],"product_cat":[149,28],"product_tag":[],"class_list":{"0":"post-2108","1":"product","2":"type-product","3":"status-publish","4":"has-post-thumbnail","6":"product_cat-creme-aphrodisiaque","7":"product_cat-divers","9":"first","10":"outofstock","11":"shipping-taxable","12":"purchasable","13":"product-type-simple"},"yoast_head":"<!-- This site is optimized with the Yoast SEO plugin v26.6 - https:\/\/yoast.com\/wordpress\/plugins\/seo\/ -->\n<title>Grossir des seins I D\u00e9couvrez notre cr\u00e8me de croissance<\/title>\n<meta name=\"description\" content=\"La cr\u00e8me pour grossir des seins et les fesses va vous changer la vie\u00a0! \u00c0 base d\u2019huiles naturelles, elle va agir sur le processus de croissance de ces zones.\" \/>\n<meta name=\"robots\" content=\"index, follow, max-snippet:-1, max-image-preview:large, max-video-preview:-1\" \/>\n<link rel=\"canonical\" href=\"https:\/\/www.safinel.fr\/es\/product-2\/crema-para-aumentar-los-senos-y-las-nalgas\/\" \/>\n<meta property=\"og:locale\" content=\"es_ES\" \/>\n<meta property=\"og:type\" content=\"article\" \/>\n<meta property=\"og:title\" content=\"Grossir des seins I D\u00e9couvrez notre cr\u00e8me de croissance\" \/>\n<meta property=\"og:description\" content=\"La cr\u00e8me pour grossir des seins et les fesses va vous changer la vie\u00a0! \u00c0 base d\u2019huiles naturelles, elle va agir sur le processus de croissance de ces zones.\" \/>\n<meta property=\"og:url\" content=\"https:\/\/www.safinel.fr\/es\/product-2\/crema-para-aumentar-los-senos-y-las-nalgas\/\" \/>\n<meta property=\"og:site_name\" content=\"Safinel\" \/>\n<meta property=\"article:modified_time\" content=\"2025-10-12T18:47:02+00:00\" \/>\n<meta property=\"og:image\" content=\"https:\/\/www.safinel.fr\/wp-content\/uploads\/2022\/08\/creme-pour-grossir-seins.jpg\" \/>\n\t<meta property=\"og:image:width\" content=\"600\" \/>\n\t<meta property=\"og:image:height\" content=\"600\" \/>\n\t<meta property=\"og:image:type\" content=\"image\/jpeg\" \/>\n<meta name=\"twitter:card\" content=\"summary_large_image\" \/>\n<meta name=\"twitter:label1\" content=\"Tiempo de lectura\" \/>\n\t<meta name=\"twitter:data1\" content=\"2 minutos\" \/>\n<script type=\"application\/ld+json\" class=\"yoast-schema-graph\">{\"@context\":\"https:\/\/schema.org\",\"@graph\":[{\"@type\":\"WebPage\",\"@id\":\"https:\/\/www.safinel.fr\/produit\/creme-pour-grossire-les-seins-et-les-fesses\/\",\"url\":\"https:\/\/www.safinel.fr\/produit\/creme-pour-grossire-les-seins-et-les-fesses\/\",\"name\":\"Grossir des seins I D\u00e9couvrez notre cr\u00e8me de croissance\",\"isPartOf\":{\"@id\":\"https:\/\/www.safinel.fr\/#website\"},\"primaryImageOfPage\":{\"@id\":\"https:\/\/www.safinel.fr\/produit\/creme-pour-grossire-les-seins-et-les-fesses\/#primaryimage\"},\"image\":{\"@id\":\"https:\/\/www.safinel.fr\/produit\/creme-pour-grossire-les-seins-et-les-fesses\/#primaryimage\"},\"thumbnailUrl\":\"https:\/\/www.safinel.fr\/wp-content\/uploads\/2022\/08\/creme-pour-grossir-seins.jpg\",\"datePublished\":\"2022-08-01T15:48:11+00:00\",\"dateModified\":\"2025-10-12T18:47:02+00:00\",\"description\":\"La cr\u00e8me pour grossir des seins et les fesses va vous changer la vie\u00a0! \u00c0 base d\u2019huiles naturelles, elle va agir sur le processus de croissance de ces zones.\",\"breadcrumb\":{\"@id\":\"https:\/\/www.safinel.fr\/produit\/creme-pour-grossire-les-seins-et-les-fesses\/#breadcrumb\"},\"inLanguage\":\"es\",\"potentialAction\":[{\"@type\":\"ReadAction\",\"target\":[\"https:\/\/www.safinel.fr\/produit\/creme-pour-grossire-les-seins-et-les-fesses\/\"]}]},{\"@type\":\"ImageObject\",\"inLanguage\":\"es\",\"@id\":\"https:\/\/www.safinel.fr\/produit\/creme-pour-grossire-les-seins-et-les-fesses\/#primaryimage\",\"url\":\"https:\/\/www.safinel.fr\/wp-content\/uploads\/2022\/08\/creme-pour-grossir-seins.jpg\",\"contentUrl\":\"https:\/\/www.safinel.fr\/wp-content\/uploads\/2022\/08\/creme-pour-grossir-seins.jpg\",\"width\":600,\"height\":600,\"caption\":\"Cr\u00e8me pour grossir les seins et les fesses 100ml\"},{\"@type\":\"BreadcrumbList\",\"@id\":\"https:\/\/www.safinel.fr\/produit\/creme-pour-grossire-les-seins-et-les-fesses\/#breadcrumb\",\"itemListElement\":[{\"@type\":\"ListItem\",\"position\":1,\"name\":\"Accueil\",\"item\":\"https:\/\/www.safinel.fr\/\"},{\"@type\":\"ListItem\",\"position\":2,\"name\":\"Boutique\",\"item\":\"https:\/\/www.safinel.fr\/boutique\/\"},{\"@type\":\"ListItem\",\"position\":3,\"name\":\"Cr\u00e8me pour grossir les seins et les fesses 100ml\"}]},{\"@type\":\"WebSite\",\"@id\":\"https:\/\/www.safinel.fr\/#website\",\"url\":\"https:\/\/www.safinel.fr\/\",\"name\":\"Safinel\",\"description\":\"\",\"publisher\":{\"@id\":\"https:\/\/www.safinel.fr\/#organization\"},\"potentialAction\":[{\"@type\":\"SearchAction\",\"target\":{\"@type\":\"EntryPoint\",\"urlTemplate\":\"https:\/\/www.safinel.fr\/?s={search_term_string}\"},\"query-input\":{\"@type\":\"PropertyValueSpecification\",\"valueRequired\":true,\"valueName\":\"search_term_string\"}}],\"inLanguage\":\"es\"},{\"@type\":\"Organization\",\"@id\":\"https:\/\/www.safinel.fr\/#organization\",\"name\":\"Safinel\",\"url\":\"https:\/\/www.safinel.fr\/\",\"logo\":{\"@type\":\"ImageObject\",\"inLanguage\":\"es\",\"@id\":\"https:\/\/www.safinel.fr\/#\/schema\/logo\/image\/\",\"url\":\"https:\/\/www.safinel.fr\/wp-content\/uploads\/2021\/05\/boutique-cosmetique.png\",\"contentUrl\":\"https:\/\/www.safinel.fr\/wp-content\/uploads\/2021\/05\/boutique-cosmetique.png\",\"width\":800,\"height\":200,\"caption\":\"Safinel\"},\"image\":{\"@id\":\"https:\/\/www.safinel.fr\/#\/schema\/logo\/image\/\"}}]}<\/script>\n<!-- \/ Yoast SEO plugin. -->","yoast_head_json":{"title":"Aumento de pecho I Descubre nuestra crema de crecimiento","description":"\u00a1La crema de aumento de pechos y gl\u00fateos cambiar\u00e1 su vida! A base de aceites naturales, actuar\u00e1 en el proceso de crecimiento de estas zonas.","robots":{"index":"index","follow":"follow","max-snippet":"max-snippet:-1","max-image-preview":"max-image-preview:large","max-video-preview":"max-video-preview:-1"},"canonical":"https:\/\/www.safinel.fr\/es\/product-2\/crema-para-aumentar-los-senos-y-las-nalgas\/","og_locale":"es_ES","og_type":"article","og_title":"Grossir des seins I D\u00e9couvrez notre cr\u00e8me de croissance","og_description":"La cr\u00e8me pour grossir des seins et les fesses va vous changer la vie\u00a0! \u00c0 base d\u2019huiles naturelles, elle va agir sur le processus de croissance de ces zones.","og_url":"https:\/\/www.safinel.fr\/es\/product-2\/crema-para-aumentar-los-senos-y-las-nalgas\/","og_site_name":"Safinel","article_modified_time":"2025-10-12T18:47:02+00:00","og_image":[{"width":600,"height":600,"url":"https:\/\/www.safinel.fr\/wp-content\/uploads\/2022\/08\/creme-pour-grossir-seins.jpg","type":"image\/jpeg"}],"twitter_card":"summary_large_image","twitter_misc":{"Tiempo de lectura":"2 minutos"},"schema":{"@context":"https:\/\/schema.org","@graph":[{"@type":"WebPage","@id":"https:\/\/www.safinel.fr\/produit\/creme-pour-grossire-les-seins-et-les-fesses\/","url":"https:\/\/www.safinel.fr\/produit\/creme-pour-grossire-les-seins-et-les-fesses\/","name":"Aumento de pecho I Descubre nuestra crema de crecimiento","isPartOf":{"@id":"https:\/\/www.safinel.fr\/#website"},"primaryImageOfPage":{"@id":"https:\/\/www.safinel.fr\/produit\/creme-pour-grossire-les-seins-et-les-fesses\/#primaryimage"},"image":{"@id":"https:\/\/www.safinel.fr\/produit\/creme-pour-grossire-les-seins-et-les-fesses\/#primaryimage"},"thumbnailUrl":"https:\/\/www.safinel.fr\/wp-content\/uploads\/2022\/08\/creme-pour-grossir-seins.jpg","datePublished":"2022-08-01T15:48:11+00:00","dateModified":"2025-10-12T18:47:02+00:00","description":"\u00a1La crema de aumento de pechos y gl\u00fateos cambiar\u00e1 su vida! A base de aceites naturales, actuar\u00e1 en el proceso de crecimiento de estas zonas.","breadcrumb":{"@id":"https:\/\/www.safinel.fr\/produit\/creme-pour-grossire-les-seins-et-les-fesses\/#breadcrumb"},"inLanguage":"es","potentialAction":[{"@type":"ReadAction","target":["https:\/\/www.safinel.fr\/produit\/creme-pour-grossire-les-seins-et-les-fesses\/"]}]},{"@type":"ImageObject","inLanguage":"es","@id":"https:\/\/www.safinel.fr\/produit\/creme-pour-grossire-les-seins-et-les-fesses\/#primaryimage","url":"https:\/\/www.safinel.fr\/wp-content\/uploads\/2022\/08\/creme-pour-grossir-seins.jpg","contentUrl":"https:\/\/www.safinel.fr\/wp-content\/uploads\/2022\/08\/creme-pour-grossir-seins.jpg","width":600,"height":600,"caption":"Cr\u00e8me pour grossir les seins et les fesses 100ml"},{"@type":"BreadcrumbList","@id":"https:\/\/www.safinel.fr\/produit\/creme-pour-grossire-les-seins-et-les-fesses\/#breadcrumb","itemListElement":[{"@type":"ListItem","position":1,"name":"Accueil","item":"https:\/\/www.safinel.fr\/"},{"@type":"ListItem","position":2,"name":"Boutique","item":"https:\/\/www.safinel.fr\/boutique\/"},{"@type":"ListItem","position":3,"name":"Cr\u00e8me pour grossir les seins et les fesses 100ml"}]},{"@type":"WebSite","@id":"https:\/\/www.safinel.fr\/#website","url":"https:\/\/www.safinel.fr\/","name":"Safinel","description":"","publisher":{"@id":"https:\/\/www.safinel.fr\/#organization"},"potentialAction":[{"@type":"SearchAction","target":{"@type":"EntryPoint","urlTemplate":"https:\/\/www.safinel.fr\/?s={search_term_string}"},"query-input":{"@type":"PropertyValueSpecification","valueRequired":true,"valueName":"search_term_string"}}],"inLanguage":"es"},{"@type":"Organization","@id":"https:\/\/www.safinel.fr\/#organization","name":"Safinel","url":"https:\/\/www.safinel.fr\/","logo":{"@type":"ImageObject","inLanguage":"es","@id":"https:\/\/www.safinel.fr\/#\/schema\/logo\/image\/","url":"https:\/\/www.safinel.fr\/wp-content\/uploads\/2021\/05\/boutique-cosmetique.png","contentUrl":"https:\/\/www.safinel.fr\/wp-content\/uploads\/2021\/05\/boutique-cosmetique.png","width":800,"height":200,"caption":"Safinel"},"image":{"@id":"https:\/\/www.safinel.fr\/#\/schema\/logo\/image\/"}}]}},"_links":{"self":[{"href":"https:\/\/www.safinel.fr\/es\/wp-json\/wp\/v2\/product\/2108","targetHints":{"allow":["GET"]}}],"collection":[{"href":"https:\/\/www.safinel.fr\/es\/wp-json\/wp\/v2\/product"}],"about":[{"href":"https:\/\/www.safinel.fr\/es\/wp-json\/wp\/v2\/types\/product"}],"wp:featuredmedia":[{"embeddable":true,"href":"https:\/\/www.safinel.fr\/es\/wp-json\/wp\/v2\/media\/5235"}],"wp:attachment":[{"href":"https:\/\/www.safinel.fr\/es\/wp-json\/wp\/v2\/media?parent=2108"}],"wp:term":[{"taxonomy":"product_brand","embeddable":true,"href":"https:\/\/www.safinel.fr\/es\/wp-json\/wp\/v2\/product_brand?post=2108"},{"taxonomy":"product_cat","embeddable":true,"href":"https:\/\/www.safinel.fr\/es\/wp-json\/wp\/v2\/product_cat?post=2108"},{"taxonomy":"product_tag","embeddable":true,"href":"https:\/\/www.safinel.fr\/es\/wp-json\/wp\/v2\/product_tag?post=2108"}],"curies":[{"name":"wp","href":"https:\/\/api.w.org\/{rel}","templated":true}]}}