{"id":2103,"date":"2022-08-01T15:41:05","date_gmt":"2022-08-01T15:41:05","guid":{"rendered":"https:\/\/www.safinel.fr\/?post_type=product&#038;p=2103"},"modified":"2024-03-03T15:00:04","modified_gmt":"2024-03-03T15:00:04","slug":"beure-dakpi","status":"publish","type":"product","link":"https:\/\/www.safinel.fr\/es\/product-2\/beure-dakpi\/","title":{"rendered":"Mantequilla Akpi"},"content":{"rendered":"<p>Le<strong>\u00a0mantequilla akpi<\/strong>\u00a0es un ingrediente de belleza tradicional africano que se utiliza desde hace a\u00f1os para mejorar el aspecto de la piel. Esta manteca se elabora a partir de las semillas del fruto del \u00e1rbol Akpi, que crece en \u00c1frica Occidental. Es rica en vitamina E, \u00e1cidos grasos esenciales y antioxidantes, por lo que resulta ideal para nutrir y revitalizar la piel. Y eso no es todo...<\/p>\n<h2><strong>Los beneficios de la manteca de akpi para la piel<\/strong><\/h2>\n<p>La manteca de Akpi es un excelente hidratante de la piel. Penetra r\u00e1pidamente en la epidermis y deja la piel suave y tersa. Tambi\u00e9n es rica en antioxidantes, que ayudan a proteger la piel de los da\u00f1os causados por los radicales libres. Esto puede ayudar a prevenir signos prematuros de envejecimiento, como arrugas y manchas de la edad.<\/p>\n<p>Adem\u00e1s, este cosm\u00e9tico natural es conocido por sus propiedades<strong>\u00a0<a href=\"https:\/\/www.safinel.fr\/es\/product-2\/crema-para-aumentar-los-senos-y-las-nalgas\/\">atractivo en el pecho y las nalgas<\/a>\u00a0<\/strong>\u00a1! \u00a1Lo hab\u00e9is conseguido, chicas! Si vosotras tambi\u00e9n quer\u00e9is realzar vuestro busto y aumentar el volumen de vuestros senos, hab\u00e9is llegado al lugar adecuado.<\/p>\n<h3><strong>El secreto de belleza africano con manteca de akpi<\/strong><\/h3>\n<p>La manteca de Akpi puede utilizarse como hidratante cut\u00e1neo, tratamiento de cicatrices y estr\u00edas, pero sobre todo para reafirmar y proteger la piel.\u00a0<strong>tonificar los senos<\/strong>\u00a0y las nalgas. Puede aplicarse directamente sobre la piel o utilizarse como ingrediente en productos de belleza caseros.<\/p>\n<h3><strong>Visite Safinel para descubrir otros productos.<\/strong><\/h3>\n<p>Si la manteca de akpi es un ingrediente de belleza natural incre\u00edblemente vers\u00e1til que ofrece numerosos beneficios, \u00a1es un hidratante natural y eficaz para tonificar el cuerpo! En efecto, la manteca de akpi es una sabia elecci\u00f3n. P\u00eddala ahora a Safinel y descubra todos los beneficios de este producto de belleza natural.<strong>\u00a0belleza tradicional africana<\/strong>.<\/p>\n<p>Tambi\u00e9n tiene la opci\u00f3n de reunirse con las tabletas\u00a0<strong>Yokebe<\/strong>\u00a0o el <a href=\"https:\/\/www.safinel.fr\/es\/product-2\/talbina-pack\/\"><strong>talbina pack<\/strong><\/a>. No lo dudes, \u00a1y date el capricho que te mereces!<\/p>","protected":false},"excerpt":{"rendered":"<p><strong>Ingredientes:<\/strong><\/p>\n<p>Manteca de akpi + aceite de akpi + polvo de akpi = vitamina e + cosgard.<\/p>\n<p><img decoding=\"async\" class=\"size-full wp-image-5091 aligncenter\" src=\"https:\/\/www.safinel.fr\/wp-content\/uploads\/2021\/06\/BANNIERE-ICONE-SAFINEL.webp\" alt=\"reaseguro de sat\u00e9n\" width=\"800\" height=\"200\" srcset=\"https:\/\/www.safinel.fr\/wp-content\/uploads\/2021\/06\/BANNIERE-ICONE-SAFINEL.webp 800w, https:\/\/www.safinel.fr\/wp-content\/uploads\/2021\/06\/BANNIERE-ICONE-SAFINEL-600x150.webp 600w, https:\/\/www.safinel.fr\/wp-content\/uploads\/2021\/06\/BANNIERE-ICONE-SAFINEL-768x192.webp 768w\" sizes=\"(max-width: 800px) 100vw, 800px\" \/><\/p>","protected":false},"featured_media":5388,"template":"","meta":[],"product_brand":[],"product_cat":[28],"product_tag":[],"class_list":{"0":"post-2103","1":"product","2":"type-product","3":"status-publish","4":"has-post-thumbnail","6":"product_cat-divers","8":"first","9":"outofstock","10":"shipping-taxable","11":"purchasable","12":"product-type-simple"},"yoast_head":"<!-- This site is optimized with the Yoast SEO plugin v26.6 - https:\/\/yoast.com\/wordpress\/plugins\/seo\/ -->\n<title>Le beurre d&#039;Akpi I Un ingr\u00e9dient aux multiples bienfaits<\/title>\n<meta name=\"description\" content=\"Le\u00a0beurre d&#039;akpi\u00a0est un ingr\u00e9dient de beaut\u00e9 africain traditionnel qui a \u00e9t\u00e9 utilis\u00e9 pendant des ann\u00e9es pour l\u2019apparence.\" \/>\n<meta name=\"robots\" content=\"index, follow, max-snippet:-1, max-image-preview:large, max-video-preview:-1\" \/>\n<link rel=\"canonical\" href=\"https:\/\/www.safinel.fr\/es\/product-2\/beure-dakpi\/\" \/>\n<meta property=\"og:locale\" content=\"es_ES\" \/>\n<meta property=\"og:type\" content=\"article\" \/>\n<meta property=\"og:title\" content=\"Le beurre d&#039;Akpi I Un ingr\u00e9dient aux multiples bienfaits\" \/>\n<meta property=\"og:description\" content=\"Le\u00a0beurre d&#039;akpi\u00a0est un ingr\u00e9dient de beaut\u00e9 africain traditionnel qui a \u00e9t\u00e9 utilis\u00e9 pendant des ann\u00e9es pour l\u2019apparence.\" \/>\n<meta property=\"og:url\" content=\"https:\/\/www.safinel.fr\/es\/product-2\/beure-dakpi\/\" \/>\n<meta property=\"og:site_name\" content=\"Safinel\" \/>\n<meta property=\"article:modified_time\" content=\"2024-03-03T15:00:04+00:00\" \/>\n<meta property=\"og:image\" content=\"https:\/\/www.safinel.fr\/wp-content\/uploads\/2022\/08\/beurre-dakpi.jpg\" \/>\n\t<meta property=\"og:image:width\" content=\"600\" \/>\n\t<meta property=\"og:image:height\" content=\"600\" \/>\n\t<meta property=\"og:image:type\" content=\"image\/jpeg\" \/>\n<meta name=\"twitter:card\" content=\"summary_large_image\" \/>\n<meta name=\"twitter:label1\" content=\"Tiempo de lectura\" \/>\n\t<meta name=\"twitter:data1\" content=\"2 minutos\" \/>\n<script type=\"application\/ld+json\" class=\"yoast-schema-graph\">{\"@context\":\"https:\/\/schema.org\",\"@graph\":[{\"@type\":\"WebPage\",\"@id\":\"https:\/\/www.safinel.fr\/produit\/beure-dakpi\/\",\"url\":\"https:\/\/www.safinel.fr\/produit\/beure-dakpi\/\",\"name\":\"Le beurre d'Akpi I Un ingr\u00e9dient aux multiples bienfaits\",\"isPartOf\":{\"@id\":\"https:\/\/www.safinel.fr\/#website\"},\"primaryImageOfPage\":{\"@id\":\"https:\/\/www.safinel.fr\/produit\/beure-dakpi\/#primaryimage\"},\"image\":{\"@id\":\"https:\/\/www.safinel.fr\/produit\/beure-dakpi\/#primaryimage\"},\"thumbnailUrl\":\"https:\/\/www.safinel.fr\/wp-content\/uploads\/2022\/08\/beurre-dakpi.jpg\",\"datePublished\":\"2022-08-01T15:41:05+00:00\",\"dateModified\":\"2024-03-03T15:00:04+00:00\",\"description\":\"Le\u00a0beurre d'akpi\u00a0est un ingr\u00e9dient de beaut\u00e9 africain traditionnel qui a \u00e9t\u00e9 utilis\u00e9 pendant des ann\u00e9es pour l\u2019apparence.\",\"breadcrumb\":{\"@id\":\"https:\/\/www.safinel.fr\/produit\/beure-dakpi\/#breadcrumb\"},\"inLanguage\":\"es\",\"potentialAction\":[{\"@type\":\"ReadAction\",\"target\":[\"https:\/\/www.safinel.fr\/produit\/beure-dakpi\/\"]}]},{\"@type\":\"ImageObject\",\"inLanguage\":\"es\",\"@id\":\"https:\/\/www.safinel.fr\/produit\/beure-dakpi\/#primaryimage\",\"url\":\"https:\/\/www.safinel.fr\/wp-content\/uploads\/2022\/08\/beurre-dakpi.jpg\",\"contentUrl\":\"https:\/\/www.safinel.fr\/wp-content\/uploads\/2022\/08\/beurre-dakpi.jpg\",\"width\":600,\"height\":600,\"caption\":\"Beure d'akpi\"},{\"@type\":\"BreadcrumbList\",\"@id\":\"https:\/\/www.safinel.fr\/produit\/beure-dakpi\/#breadcrumb\",\"itemListElement\":[{\"@type\":\"ListItem\",\"position\":1,\"name\":\"Accueil\",\"item\":\"https:\/\/www.safinel.fr\/\"},{\"@type\":\"ListItem\",\"position\":2,\"name\":\"Boutique\",\"item\":\"https:\/\/www.safinel.fr\/boutique\/\"},{\"@type\":\"ListItem\",\"position\":3,\"name\":\"Beurre d&#8217;akpi\"}]},{\"@type\":\"WebSite\",\"@id\":\"https:\/\/www.safinel.fr\/#website\",\"url\":\"https:\/\/www.safinel.fr\/\",\"name\":\"Safinel\",\"description\":\"\",\"publisher\":{\"@id\":\"https:\/\/www.safinel.fr\/#organization\"},\"potentialAction\":[{\"@type\":\"SearchAction\",\"target\":{\"@type\":\"EntryPoint\",\"urlTemplate\":\"https:\/\/www.safinel.fr\/?s={search_term_string}\"},\"query-input\":{\"@type\":\"PropertyValueSpecification\",\"valueRequired\":true,\"valueName\":\"search_term_string\"}}],\"inLanguage\":\"es\"},{\"@type\":\"Organization\",\"@id\":\"https:\/\/www.safinel.fr\/#organization\",\"name\":\"Safinel\",\"url\":\"https:\/\/www.safinel.fr\/\",\"logo\":{\"@type\":\"ImageObject\",\"inLanguage\":\"es\",\"@id\":\"https:\/\/www.safinel.fr\/#\/schema\/logo\/image\/\",\"url\":\"https:\/\/www.safinel.fr\/wp-content\/uploads\/2021\/05\/boutique-cosmetique.png\",\"contentUrl\":\"https:\/\/www.safinel.fr\/wp-content\/uploads\/2021\/05\/boutique-cosmetique.png\",\"width\":800,\"height\":200,\"caption\":\"Safinel\"},\"image\":{\"@id\":\"https:\/\/www.safinel.fr\/#\/schema\/logo\/image\/\"}}]}<\/script>\n<!-- \/ Yoast SEO plugin. -->","yoast_head_json":{"title":"Mantequilla de Akpi I Un ingrediente con m\u00faltiples beneficios","description":"La manteca de akpi es un ingrediente de belleza tradicional africano que se utiliza desde hace a\u00f1os para mejorar el aspecto.","robots":{"index":"index","follow":"follow","max-snippet":"max-snippet:-1","max-image-preview":"max-image-preview:large","max-video-preview":"max-video-preview:-1"},"canonical":"https:\/\/www.safinel.fr\/es\/product-2\/beure-dakpi\/","og_locale":"es_ES","og_type":"article","og_title":"Le beurre d'Akpi I Un ingr\u00e9dient aux multiples bienfaits","og_description":"Le\u00a0beurre d'akpi\u00a0est un ingr\u00e9dient de beaut\u00e9 africain traditionnel qui a \u00e9t\u00e9 utilis\u00e9 pendant des ann\u00e9es pour l\u2019apparence.","og_url":"https:\/\/www.safinel.fr\/es\/product-2\/beure-dakpi\/","og_site_name":"Safinel","article_modified_time":"2024-03-03T15:00:04+00:00","og_image":[{"width":600,"height":600,"url":"https:\/\/www.safinel.fr\/wp-content\/uploads\/2022\/08\/beurre-dakpi.jpg","type":"image\/jpeg"}],"twitter_card":"summary_large_image","twitter_misc":{"Tiempo de lectura":"2 minutos"},"schema":{"@context":"https:\/\/schema.org","@graph":[{"@type":"WebPage","@id":"https:\/\/www.safinel.fr\/produit\/beure-dakpi\/","url":"https:\/\/www.safinel.fr\/produit\/beure-dakpi\/","name":"Mantequilla de Akpi I Un ingrediente con m\u00faltiples beneficios","isPartOf":{"@id":"https:\/\/www.safinel.fr\/#website"},"primaryImageOfPage":{"@id":"https:\/\/www.safinel.fr\/produit\/beure-dakpi\/#primaryimage"},"image":{"@id":"https:\/\/www.safinel.fr\/produit\/beure-dakpi\/#primaryimage"},"thumbnailUrl":"https:\/\/www.safinel.fr\/wp-content\/uploads\/2022\/08\/beurre-dakpi.jpg","datePublished":"2022-08-01T15:41:05+00:00","dateModified":"2024-03-03T15:00:04+00:00","description":"La manteca de akpi es un ingrediente de belleza tradicional africano que se utiliza desde hace a\u00f1os para mejorar el aspecto.","breadcrumb":{"@id":"https:\/\/www.safinel.fr\/produit\/beure-dakpi\/#breadcrumb"},"inLanguage":"es","potentialAction":[{"@type":"ReadAction","target":["https:\/\/www.safinel.fr\/produit\/beure-dakpi\/"]}]},{"@type":"ImageObject","inLanguage":"es","@id":"https:\/\/www.safinel.fr\/produit\/beure-dakpi\/#primaryimage","url":"https:\/\/www.safinel.fr\/wp-content\/uploads\/2022\/08\/beurre-dakpi.jpg","contentUrl":"https:\/\/www.safinel.fr\/wp-content\/uploads\/2022\/08\/beurre-dakpi.jpg","width":600,"height":600,"caption":"Beure d'akpi"},{"@type":"BreadcrumbList","@id":"https:\/\/www.safinel.fr\/produit\/beure-dakpi\/#breadcrumb","itemListElement":[{"@type":"ListItem","position":1,"name":"Accueil","item":"https:\/\/www.safinel.fr\/"},{"@type":"ListItem","position":2,"name":"Boutique","item":"https:\/\/www.safinel.fr\/boutique\/"},{"@type":"ListItem","position":3,"name":"Beurre d&#8217;akpi"}]},{"@type":"WebSite","@id":"https:\/\/www.safinel.fr\/#website","url":"https:\/\/www.safinel.fr\/","name":"Safinel","description":"","publisher":{"@id":"https:\/\/www.safinel.fr\/#organization"},"potentialAction":[{"@type":"SearchAction","target":{"@type":"EntryPoint","urlTemplate":"https:\/\/www.safinel.fr\/?s={search_term_string}"},"query-input":{"@type":"PropertyValueSpecification","valueRequired":true,"valueName":"search_term_string"}}],"inLanguage":"es"},{"@type":"Organization","@id":"https:\/\/www.safinel.fr\/#organization","name":"Safinel","url":"https:\/\/www.safinel.fr\/","logo":{"@type":"ImageObject","inLanguage":"es","@id":"https:\/\/www.safinel.fr\/#\/schema\/logo\/image\/","url":"https:\/\/www.safinel.fr\/wp-content\/uploads\/2021\/05\/boutique-cosmetique.png","contentUrl":"https:\/\/www.safinel.fr\/wp-content\/uploads\/2021\/05\/boutique-cosmetique.png","width":800,"height":200,"caption":"Safinel"},"image":{"@id":"https:\/\/www.safinel.fr\/#\/schema\/logo\/image\/"}}]}},"_links":{"self":[{"href":"https:\/\/www.safinel.fr\/es\/wp-json\/wp\/v2\/product\/2103","targetHints":{"allow":["GET"]}}],"collection":[{"href":"https:\/\/www.safinel.fr\/es\/wp-json\/wp\/v2\/product"}],"about":[{"href":"https:\/\/www.safinel.fr\/es\/wp-json\/wp\/v2\/types\/product"}],"wp:featuredmedia":[{"embeddable":true,"href":"https:\/\/www.safinel.fr\/es\/wp-json\/wp\/v2\/media\/5388"}],"wp:attachment":[{"href":"https:\/\/www.safinel.fr\/es\/wp-json\/wp\/v2\/media?parent=2103"}],"wp:term":[{"taxonomy":"product_brand","embeddable":true,"href":"https:\/\/www.safinel.fr\/es\/wp-json\/wp\/v2\/product_brand?post=2103"},{"taxonomy":"product_cat","embeddable":true,"href":"https:\/\/www.safinel.fr\/es\/wp-json\/wp\/v2\/product_cat?post=2103"},{"taxonomy":"product_tag","embeddable":true,"href":"https:\/\/www.safinel.fr\/es\/wp-json\/wp\/v2\/product_tag?post=2103"}],"curies":[{"name":"wp","href":"https:\/\/api.w.org\/{rel}","templated":true}]}}