{"id":207,"date":"2021-07-15T14:22:57","date_gmt":"2021-07-15T14:22:57","guid":{"rendered":"https:\/\/www.safinel.fr\/?post_type=product&#038;p=207"},"modified":"2023-12-28T17:15:00","modified_gmt":"2023-12-28T17:15:00","slug":"bhringaraj-polvo-100g","status":"publish","type":"product","link":"https:\/\/www.safinel.fr\/es\/product-2\/bhringaraj-polvo-100g\/","title":{"rendered":"Bhringaraj en polvo 100g"},"content":{"rendered":"<p>El polvo de Bhringaraj es un producto para el cuidado del cabello que se obtiene de las hojas secas de la misma planta. Originaria de la India, es una planta ayurv\u00e9dica que se utiliza desde hace siglos. En otro idioma, preferimos llamarlo \u00abpolvo de Maka\u00bb, que significa \u00abrey del cabello\u00bb.<span class=\"Apple-converted-space\">\u00a0<\/span><\/p>\n<h2><b>Polvo de Bhringaraj: un t\u00f3nico capilar<\/b><\/h2>\n<p>El polvo de Bhringaraj se utiliza habitualmente en casos de alopecia y calvicie. Este polvo tonificante estimula el crecimiento del cabello. Es un tratamiento natural recomendado para combatir la ca\u00edda del cabello. Desempe\u00f1a exactamente la misma funci\u00f3n que el aceite de ricino, pero en forma de cataplasma.<span class=\"Apple-converted-space\">\u00a0<\/span><\/p>\n<p>Este cosm\u00e9tico natural en polvo estimula el fol\u00edculo piloso (la ra\u00edz del pelo). Se trata de la parte del cabello enterrada a 4 mil\u00edmetros de profundidad bajo el cr\u00e1neo. Es esta parte la que deja de crecer y provoca la ca\u00edda del cabello. As\u00ed, el<b> <\/b>El polvo de Bhringaraj es muy eficaz para las zonas calvas y para limitar la aparici\u00f3n de canas.<span class=\"Apple-converted-space\">\u00a0<\/span><\/p>\n<h2><b>\u00bfC\u00f3mo se hace una cataplasma con este polvo ayurv\u00e9dico?<\/b><\/h2>\n<p>El polvo de Bhringaraj se utiliza crudo mezcl\u00e1ndolo con agua caliente o templada. Se mezcla bien hasta obtener una soluci\u00f3n espesa y ligeramente viscosa. Para optimizar su rutina de cuidado capilar, tambi\u00e9n puede a\u00f1adir polvo de Bhringaraj a la mezcla. <strong><a href=\"https:\/\/www.safinel.fr\/es\/product-2\/polvo-capilar-brahmi\/\">Brahmi en polvo<\/a><\/strong>.<\/p>\n<p>Antes de usarlo, aseg\u00farese de utilizar un guante y ropa vieja. Este polvo indio tan sucio tiende a manchar como la henna. Tambi\u00e9n es muy dif\u00edcil de eliminar de los tejidos.<span class=\"Apple-converted-space\">\u00a0<\/span><\/p>\n<p>Si tienes el pelo largo, div\u00eddelo en varios mechones antes de aplicar la mascarilla. Presta especial atenci\u00f3n a las ra\u00edces. Aunque el polvo de Bhringaraj aporta fuerza y tenacidad a la fibra capilar, son las ra\u00edces las que m\u00e1s lo necesitan. De hecho, son las ra\u00edces las que se rompen y provocan la ca\u00edda del cabello.<span class=\"Apple-converted-space\">\u00a0<\/span><\/p>\n<p>Optimizando el tratamiento en esta zona espec\u00edfica, se puede potenciar el crecimiento del cabello.<span class=\"Apple-converted-space\">\u00a0<\/span><\/p>\n<h2><b>\u00bfPara qu\u00e9 tipos de cabello es adecuado?<\/b><\/h2>\n<p>Siga estas recomendaciones para no cometer errores embarazosos. Como producto natural, el polvo Bhringaraj no debe utilizarse en cabellos rubios o claros. Como consecuencia, los colorantes naturales presentes en este tratamiento tender\u00e1n a desnaturalizar el cabello.<span class=\"Apple-converted-space\">\u00a0<\/span><\/p>\n<p>Por otro lado, el Bhringaraj hace maravillas en el cabello rebelde, encrespado o mediterr\u00e1neo. Especialmente si tiene el pelo rizado o encrespado, se recomienda este tratamiento natural. Aportar\u00e1 fuerza y vitalidad a su cabello, al tiempo que aumentar\u00e1 su volumen y estructura.<\/p>\n<h3><b>\u00bfCon qu\u00e9 aceites cosm\u00e9ticos se puede mezclar el polvo Bhringaraj?<\/b><\/h3>\n<p>El polvo de Bhringaraj puede ser m\u00e1s eficaz si se combina con aceites vegetales, que tambi\u00e9n estimulan el crecimiento del cabello. Adem\u00e1s de un complemento aceitoso para fortalecer la fibra capilar, este polvo ayurv\u00e9dico puede mezclarse con unas gotas de aceite de ricino o de jojoba.<span class=\"Apple-converted-space\">\u00a0<\/span><\/p>\n<p>A continuaci\u00f3n, proceda con normalidad con su rutina de cuidado capilar. El aceite cosm\u00e9tico tender\u00e1 a estimular la hidrataci\u00f3n del cabello, mientras que el polvo tiende a resecarlo.<\/p>","protected":false},"excerpt":{"rendered":"<p>Le Bhringaraj en poudre est un soin capillaire obtenue \u00e0 partir des feuilles s\u00e9ch\u00e9es de la m\u00eame plante. Originaire d\u2019Inde, c\u2019est une plante ayurv\u00e9dique utilis\u00e9e depuis des si\u00e8cles. Dans un autre langage, on pr\u00e9f\u00e8re la nommer \u00ab\u00a0poudre de Maka\u00a0\u00bb signifiant \u00ab\u00a0roi des cheveux\u00a0\u00bb.\u00a0 Le Bhringaraj en poudre\u00a0: un tonifiant pour les cheveux Le Bhringaraj en [&#8230;]","protected":false},"featured_media":184,"template":"","meta":[],"product_brand":[],"product_cat":[27,110],"product_tag":[],"class_list":{"0":"post-207","1":"product","2":"type-product","3":"status-publish","4":"has-post-thumbnail","6":"product_cat-plantes-medicinales","7":"product_cat-poudre-cheveux-ayurvedique","9":"first","10":"instock","11":"shipping-taxable","12":"purchasable","13":"product-type-simple"},"yoast_head":"<!-- This site is optimized with the Yoast SEO plugin v26.6 - https:\/\/yoast.com\/wordpress\/plugins\/seo\/ -->\n<title>Bhringaraj en poudre | Soin cheveux 100% naturel | Safinel.fr<\/title>\n<meta name=\"description\" content=\"Le Bhringaraj en poudre est un soin capillaire obtenue \u00e0 partir des feuilles s\u00e9ch\u00e9es de la m\u00eame plante. Adoptez-le sans plus attendre !\" \/>\n<meta name=\"robots\" content=\"index, follow, max-snippet:-1, max-image-preview:large, max-video-preview:-1\" \/>\n<link rel=\"canonical\" href=\"https:\/\/www.safinel.fr\/es\/product-2\/bhringaraj-polvo-100g\/\" \/>\n<meta property=\"og:locale\" content=\"es_ES\" \/>\n<meta property=\"og:type\" content=\"article\" \/>\n<meta property=\"og:title\" content=\"Bhringaraj en poudre | Soin cheveux 100% naturel | Safinel.fr\" \/>\n<meta property=\"og:description\" content=\"Le Bhringaraj en poudre est un soin capillaire obtenue \u00e0 partir des feuilles s\u00e9ch\u00e9es de la m\u00eame plante. Adoptez-le sans plus attendre !\" \/>\n<meta property=\"og:url\" content=\"https:\/\/www.safinel.fr\/es\/product-2\/bhringaraj-polvo-100g\/\" \/>\n<meta property=\"og:site_name\" content=\"Safinel\" \/>\n<meta property=\"article:modified_time\" content=\"2023-12-28T17:15:00+00:00\" \/>\n<meta property=\"og:image\" content=\"https:\/\/www.safinel.fr\/wp-content\/uploads\/2021\/07\/bringharaj.jpg\" \/>\n\t<meta property=\"og:image:width\" content=\"1001\" \/>\n\t<meta property=\"og:image:height\" content=\"1001\" \/>\n\t<meta property=\"og:image:type\" content=\"image\/jpeg\" \/>\n<meta name=\"twitter:card\" content=\"summary_large_image\" \/>\n<meta name=\"twitter:label1\" content=\"Tiempo de lectura\" \/>\n\t<meta name=\"twitter:data1\" content=\"3 minutos\" \/>\n<script type=\"application\/ld+json\" class=\"yoast-schema-graph\">{\"@context\":\"https:\/\/schema.org\",\"@graph\":[{\"@type\":\"WebPage\",\"@id\":\"https:\/\/www.safinel.fr\/produit\/bhringaraj-en-poudre-100g\/\",\"url\":\"https:\/\/www.safinel.fr\/produit\/bhringaraj-en-poudre-100g\/\",\"name\":\"Bhringaraj en poudre | Soin cheveux 100% naturel | Safinel.fr\",\"isPartOf\":{\"@id\":\"https:\/\/www.safinel.fr\/#website\"},\"primaryImageOfPage\":{\"@id\":\"https:\/\/www.safinel.fr\/produit\/bhringaraj-en-poudre-100g\/#primaryimage\"},\"image\":{\"@id\":\"https:\/\/www.safinel.fr\/produit\/bhringaraj-en-poudre-100g\/#primaryimage\"},\"thumbnailUrl\":\"https:\/\/www.safinel.fr\/wp-content\/uploads\/2021\/07\/bringharaj.jpg\",\"datePublished\":\"2021-07-15T14:22:57+00:00\",\"dateModified\":\"2023-12-28T17:15:00+00:00\",\"description\":\"Le Bhringaraj en poudre est un soin capillaire obtenue \u00e0 partir des feuilles s\u00e9ch\u00e9es de la m\u00eame plante. Adoptez-le sans plus attendre !\",\"breadcrumb\":{\"@id\":\"https:\/\/www.safinel.fr\/produit\/bhringaraj-en-poudre-100g\/#breadcrumb\"},\"inLanguage\":\"es\",\"potentialAction\":[{\"@type\":\"ReadAction\",\"target\":[\"https:\/\/www.safinel.fr\/produit\/bhringaraj-en-poudre-100g\/\"]}]},{\"@type\":\"ImageObject\",\"inLanguage\":\"es\",\"@id\":\"https:\/\/www.safinel.fr\/produit\/bhringaraj-en-poudre-100g\/#primaryimage\",\"url\":\"https:\/\/www.safinel.fr\/wp-content\/uploads\/2021\/07\/bringharaj.jpg\",\"contentUrl\":\"https:\/\/www.safinel.fr\/wp-content\/uploads\/2021\/07\/bringharaj.jpg\",\"width\":1001,\"height\":1001,\"caption\":\"Bhringaraj en poudre\"},{\"@type\":\"BreadcrumbList\",\"@id\":\"https:\/\/www.safinel.fr\/produit\/bhringaraj-en-poudre-100g\/#breadcrumb\",\"itemListElement\":[{\"@type\":\"ListItem\",\"position\":1,\"name\":\"Accueil\",\"item\":\"https:\/\/www.safinel.fr\/\"},{\"@type\":\"ListItem\",\"position\":2,\"name\":\"Boutique\",\"item\":\"https:\/\/www.safinel.fr\/boutique\/\"},{\"@type\":\"ListItem\",\"position\":3,\"name\":\"Bhringaraj en poudre 100g\"}]},{\"@type\":\"WebSite\",\"@id\":\"https:\/\/www.safinel.fr\/#website\",\"url\":\"https:\/\/www.safinel.fr\/\",\"name\":\"Safinel\",\"description\":\"\",\"publisher\":{\"@id\":\"https:\/\/www.safinel.fr\/#organization\"},\"potentialAction\":[{\"@type\":\"SearchAction\",\"target\":{\"@type\":\"EntryPoint\",\"urlTemplate\":\"https:\/\/www.safinel.fr\/?s={search_term_string}\"},\"query-input\":{\"@type\":\"PropertyValueSpecification\",\"valueRequired\":true,\"valueName\":\"search_term_string\"}}],\"inLanguage\":\"es\"},{\"@type\":\"Organization\",\"@id\":\"https:\/\/www.safinel.fr\/#organization\",\"name\":\"Safinel\",\"url\":\"https:\/\/www.safinel.fr\/\",\"logo\":{\"@type\":\"ImageObject\",\"inLanguage\":\"es\",\"@id\":\"https:\/\/www.safinel.fr\/#\/schema\/logo\/image\/\",\"url\":\"https:\/\/www.safinel.fr\/wp-content\/uploads\/2021\/05\/boutique-cosmetique.png\",\"contentUrl\":\"https:\/\/www.safinel.fr\/wp-content\/uploads\/2021\/05\/boutique-cosmetique.png\",\"width\":800,\"height\":200,\"caption\":\"Safinel\"},\"image\":{\"@id\":\"https:\/\/www.safinel.fr\/#\/schema\/logo\/image\/\"}}]}<\/script>\n<!-- \/ Yoast SEO plugin. -->","yoast_head_json":{"title":"Polvo Bhringaraj | Cuidado natural del cabello 100% | Safinel.es","description":"El polvo de Bhringaraj es un producto para el cuidado del cabello que se obtiene de las hojas secas de la misma planta. \u00a1Ad\u00f3ptelo ya!","robots":{"index":"index","follow":"follow","max-snippet":"max-snippet:-1","max-image-preview":"max-image-preview:large","max-video-preview":"max-video-preview:-1"},"canonical":"https:\/\/www.safinel.fr\/es\/product-2\/bhringaraj-polvo-100g\/","og_locale":"es_ES","og_type":"article","og_title":"Bhringaraj en poudre | Soin cheveux 100% naturel | Safinel.fr","og_description":"Le Bhringaraj en poudre est un soin capillaire obtenue \u00e0 partir des feuilles s\u00e9ch\u00e9es de la m\u00eame plante. Adoptez-le sans plus attendre !","og_url":"https:\/\/www.safinel.fr\/es\/product-2\/bhringaraj-polvo-100g\/","og_site_name":"Safinel","article_modified_time":"2023-12-28T17:15:00+00:00","og_image":[{"width":1001,"height":1001,"url":"https:\/\/www.safinel.fr\/wp-content\/uploads\/2021\/07\/bringharaj.jpg","type":"image\/jpeg"}],"twitter_card":"summary_large_image","twitter_misc":{"Tiempo de lectura":"3 minutos"},"schema":{"@context":"https:\/\/schema.org","@graph":[{"@type":"WebPage","@id":"https:\/\/www.safinel.fr\/produit\/bhringaraj-en-poudre-100g\/","url":"https:\/\/www.safinel.fr\/produit\/bhringaraj-en-poudre-100g\/","name":"Polvo Bhringaraj | Cuidado natural del cabello 100% | Safinel.es","isPartOf":{"@id":"https:\/\/www.safinel.fr\/#website"},"primaryImageOfPage":{"@id":"https:\/\/www.safinel.fr\/produit\/bhringaraj-en-poudre-100g\/#primaryimage"},"image":{"@id":"https:\/\/www.safinel.fr\/produit\/bhringaraj-en-poudre-100g\/#primaryimage"},"thumbnailUrl":"https:\/\/www.safinel.fr\/wp-content\/uploads\/2021\/07\/bringharaj.jpg","datePublished":"2021-07-15T14:22:57+00:00","dateModified":"2023-12-28T17:15:00+00:00","description":"El polvo de Bhringaraj es un producto para el cuidado del cabello que se obtiene de las hojas secas de la misma planta. \u00a1Ad\u00f3ptelo ya!","breadcrumb":{"@id":"https:\/\/www.safinel.fr\/produit\/bhringaraj-en-poudre-100g\/#breadcrumb"},"inLanguage":"es","potentialAction":[{"@type":"ReadAction","target":["https:\/\/www.safinel.fr\/produit\/bhringaraj-en-poudre-100g\/"]}]},{"@type":"ImageObject","inLanguage":"es","@id":"https:\/\/www.safinel.fr\/produit\/bhringaraj-en-poudre-100g\/#primaryimage","url":"https:\/\/www.safinel.fr\/wp-content\/uploads\/2021\/07\/bringharaj.jpg","contentUrl":"https:\/\/www.safinel.fr\/wp-content\/uploads\/2021\/07\/bringharaj.jpg","width":1001,"height":1001,"caption":"Bhringaraj en poudre"},{"@type":"BreadcrumbList","@id":"https:\/\/www.safinel.fr\/produit\/bhringaraj-en-poudre-100g\/#breadcrumb","itemListElement":[{"@type":"ListItem","position":1,"name":"Accueil","item":"https:\/\/www.safinel.fr\/"},{"@type":"ListItem","position":2,"name":"Boutique","item":"https:\/\/www.safinel.fr\/boutique\/"},{"@type":"ListItem","position":3,"name":"Bhringaraj en poudre 100g"}]},{"@type":"WebSite","@id":"https:\/\/www.safinel.fr\/#website","url":"https:\/\/www.safinel.fr\/","name":"Safinel","description":"","publisher":{"@id":"https:\/\/www.safinel.fr\/#organization"},"potentialAction":[{"@type":"SearchAction","target":{"@type":"EntryPoint","urlTemplate":"https:\/\/www.safinel.fr\/?s={search_term_string}"},"query-input":{"@type":"PropertyValueSpecification","valueRequired":true,"valueName":"search_term_string"}}],"inLanguage":"es"},{"@type":"Organization","@id":"https:\/\/www.safinel.fr\/#organization","name":"Safinel","url":"https:\/\/www.safinel.fr\/","logo":{"@type":"ImageObject","inLanguage":"es","@id":"https:\/\/www.safinel.fr\/#\/schema\/logo\/image\/","url":"https:\/\/www.safinel.fr\/wp-content\/uploads\/2021\/05\/boutique-cosmetique.png","contentUrl":"https:\/\/www.safinel.fr\/wp-content\/uploads\/2021\/05\/boutique-cosmetique.png","width":800,"height":200,"caption":"Safinel"},"image":{"@id":"https:\/\/www.safinel.fr\/#\/schema\/logo\/image\/"}}]}},"_links":{"self":[{"href":"https:\/\/www.safinel.fr\/es\/wp-json\/wp\/v2\/product\/207","targetHints":{"allow":["GET"]}}],"collection":[{"href":"https:\/\/www.safinel.fr\/es\/wp-json\/wp\/v2\/product"}],"about":[{"href":"https:\/\/www.safinel.fr\/es\/wp-json\/wp\/v2\/types\/product"}],"wp:featuredmedia":[{"embeddable":true,"href":"https:\/\/www.safinel.fr\/es\/wp-json\/wp\/v2\/media\/184"}],"wp:attachment":[{"href":"https:\/\/www.safinel.fr\/es\/wp-json\/wp\/v2\/media?parent=207"}],"wp:term":[{"taxonomy":"product_brand","embeddable":true,"href":"https:\/\/www.safinel.fr\/es\/wp-json\/wp\/v2\/product_brand?post=207"},{"taxonomy":"product_cat","embeddable":true,"href":"https:\/\/www.safinel.fr\/es\/wp-json\/wp\/v2\/product_cat?post=207"},{"taxonomy":"product_tag","embeddable":true,"href":"https:\/\/www.safinel.fr\/es\/wp-json\/wp\/v2\/product_tag?post=207"}],"curies":[{"name":"wp","href":"https:\/\/api.w.org\/{rel}","templated":true}]}}