{"id":2054,"date":"2022-08-06T14:11:30","date_gmt":"2022-08-06T14:11:30","guid":{"rendered":"https:\/\/www.safinel.fr\/?post_type=product&#038;p=2054"},"modified":"2024-04-16T11:54:13","modified_gmt":"2024-04-16T11:54:13","slug":"polvo-de-baobab-bouye","status":"publish","type":"product","link":"https:\/\/www.safinel.fr\/es\/product-2\/polvo-de-baobab-bouye\/","title":{"rendered":"Baobab en polvo (Bouye) 100g"},"content":{"rendered":"<p>El baobab es un \u00e1rbol que produce un fruto que, una vez molido en polvo, constituye un excelente suplemento diet\u00e9tico. Descubra aqu\u00ed lo que necesita saber sobre el polvo de baobab.<\/p>\n<h2><strong>Polvo de baobab: \u00bfqu\u00e9 es?<\/strong><\/h2>\n<p>El baobab es un \u00e1rbol de la familia de las Malvaceae que se presenta en ocho variedades, todas ellas adaptadas a las condiciones clim\u00e1ticas m\u00e1s \u00e1ridas. Tambi\u00e9n conocido como \u00ab\u00e1rbol m\u00e1gico\u00bb o \u00ab\u00e1rbol botella\u00bb, se encuentra en la sabana africana. Produce un fruto llamado akoussa, tambi\u00e9n conocido como \u00abpan de mono\u00bb. Es este fruto el que se utiliza en la mayor\u00eda de los casos para producir este complemento alimenticio sin igual.<\/p>\n<h2><strong>\u00bfQu\u00e9 contiene el polvo de baobab?<\/strong><\/h2>\n<p>Esta fruta es una de las m\u00e1s ricas en vitamina C del mundo. 100 gramos de pulpa de akoussa contienen 300 mg de vitamina C. Es decir, siete veces m\u00e1s de lo que se encuentra en una naranja. Las vitaminas A, PP, B1 y B6, as\u00ed como minerales y oligoelementos esenciales como el potasio, el zinc, el hierro y el f\u00f3sforo, tambi\u00e9n est\u00e1n presentes en el polvo de acosa.<\/p>\n<h2><strong>Propiedades y beneficios del polvo de baobab<\/strong><\/h2>\n<p>Los beneficios son inmensos:<\/p>\n<ul>\n<li>un mejor antiinflamatorio ;<\/li>\n<li>un antioxidante natural ;<\/li>\n<li>un aumento de la forma f\u00edsica y de las vitaminas ;<\/li>\n<li>prevenir el riesgo de deficiencias nutricionales ;<\/li>\n<li>mejor <a href=\"https:\/\/www.safinel.fr\/es\/product-2\/hojas-de-morera-blanca\/\"><strong>fuente de fibra<\/strong><\/a> ;<\/li>\n<li>combatir los trastornos gastrointestinales.<\/li>\n<\/ul>\n<p>El polvo de baobab es posiblemente uno de los alimentos m\u00e1s sorprendentes del mundo.<\/p>\n<h3><strong>\u00bfC\u00f3mo se utiliza?<\/strong><\/h3>\n<p>Se utiliza esencialmente como suplemento diet\u00e9tico. Lo ideal es consumir entre cinco y quince gramos al d\u00eda. Puede a\u00f1adirlo a sus bebidas (zumo de frutas, agua, etc.) o a sus platos por su sabor ligeramente \u00e1cido y dulce. Lo mejor es tomarlo por la ma\u00f1ana, para poder disfrutar de sus beneficios durante todo el d\u00eda.<\/p>","protected":false},"excerpt":{"rendered":"<p>El baobab es un \u00e1rbol que produce un fruto que, una vez reducido a polvo, resulta ser un excelente complemento alimenticio. Descubra aqu\u00ed todo lo que debe saber sobre el polvo de baobab. Polvo de baobab: \u00bfqu\u00e9 es? El baobab es un \u00e1rbol de la familia de las Malvaceae que existe en ocho [\u2026]","protected":false},"featured_media":2055,"template":"","meta":[],"product_brand":[],"product_cat":[59,110],"product_tag":[],"class_list":{"0":"post-2054","1":"product","2":"type-product","3":"status-publish","4":"has-post-thumbnail","6":"product_cat-fruit-tropical","7":"product_cat-poudre-cheveux-ayurvedique","9":"first","10":"instock","11":"shipping-taxable","12":"purchasable","13":"product-type-simple"},"yoast_head":"<!-- This site is optimized with the Yoast SEO plugin v26.6 - https:\/\/yoast.com\/wordpress\/plugins\/seo\/ -->\n<title>Poudre de baobab (Bouye) I Fruit tropical I Contenance 100g<\/title>\n<meta name=\"description\" content=\"Le baobab est un arbre qui produit un fruit qui, une fois r\u00e9duit en poudre, se trouve \u00eatre un excellent compl\u00e9ment. D\u00e9couvrez la poudre de baobab.\" \/>\n<meta name=\"robots\" content=\"index, follow, max-snippet:-1, max-image-preview:large, max-video-preview:-1\" \/>\n<link rel=\"canonical\" href=\"https:\/\/www.safinel.fr\/es\/product-2\/polvo-de-baobab-bouye\/\" \/>\n<meta property=\"og:locale\" content=\"es_ES\" \/>\n<meta property=\"og:type\" content=\"article\" \/>\n<meta property=\"og:title\" content=\"Poudre de baobab (Bouye) I Fruit tropical I Contenance 100g\" \/>\n<meta property=\"og:description\" content=\"Le baobab est un arbre qui produit un fruit qui, une fois r\u00e9duit en poudre, se trouve \u00eatre un excellent compl\u00e9ment. D\u00e9couvrez la poudre de baobab.\" \/>\n<meta property=\"og:url\" content=\"https:\/\/www.safinel.fr\/es\/product-2\/polvo-de-baobab-bouye\/\" \/>\n<meta property=\"og:site_name\" content=\"Safinel\" \/>\n<meta property=\"article:modified_time\" content=\"2024-04-16T11:54:13+00:00\" \/>\n<meta property=\"og:image\" content=\"https:\/\/www.safinel.fr\/wp-content\/uploads\/2022\/08\/bouye-fruit-du-baobab.jpg\" \/>\n\t<meta property=\"og:image:width\" content=\"600\" \/>\n\t<meta property=\"og:image:height\" content=\"600\" \/>\n\t<meta property=\"og:image:type\" content=\"image\/jpeg\" \/>\n<meta name=\"twitter:card\" content=\"summary_large_image\" \/>\n<meta name=\"twitter:label1\" content=\"Tiempo de lectura\" \/>\n\t<meta name=\"twitter:data1\" content=\"2 minutos\" \/>\n<script type=\"application\/ld+json\" class=\"yoast-schema-graph\">{\"@context\":\"https:\/\/schema.org\",\"@graph\":[{\"@type\":\"WebPage\",\"@id\":\"https:\/\/www.safinel.fr\/produit\/poudre-de-baobab-bouye\/\",\"url\":\"https:\/\/www.safinel.fr\/produit\/poudre-de-baobab-bouye\/\",\"name\":\"Poudre de baobab (Bouye) I Fruit tropical I Contenance 100g\",\"isPartOf\":{\"@id\":\"https:\/\/www.safinel.fr\/#website\"},\"primaryImageOfPage\":{\"@id\":\"https:\/\/www.safinel.fr\/produit\/poudre-de-baobab-bouye\/#primaryimage\"},\"image\":{\"@id\":\"https:\/\/www.safinel.fr\/produit\/poudre-de-baobab-bouye\/#primaryimage\"},\"thumbnailUrl\":\"https:\/\/www.safinel.fr\/wp-content\/uploads\/2022\/08\/bouye-fruit-du-baobab.jpg\",\"datePublished\":\"2022-08-06T14:11:30+00:00\",\"dateModified\":\"2024-04-16T11:54:13+00:00\",\"description\":\"Le baobab est un arbre qui produit un fruit qui, une fois r\u00e9duit en poudre, se trouve \u00eatre un excellent compl\u00e9ment. D\u00e9couvrez la poudre de baobab.\",\"breadcrumb\":{\"@id\":\"https:\/\/www.safinel.fr\/produit\/poudre-de-baobab-bouye\/#breadcrumb\"},\"inLanguage\":\"es\",\"potentialAction\":[{\"@type\":\"ReadAction\",\"target\":[\"https:\/\/www.safinel.fr\/produit\/poudre-de-baobab-bouye\/\"]}]},{\"@type\":\"ImageObject\",\"inLanguage\":\"es\",\"@id\":\"https:\/\/www.safinel.fr\/produit\/poudre-de-baobab-bouye\/#primaryimage\",\"url\":\"https:\/\/www.safinel.fr\/wp-content\/uploads\/2022\/08\/bouye-fruit-du-baobab.jpg\",\"contentUrl\":\"https:\/\/www.safinel.fr\/wp-content\/uploads\/2022\/08\/bouye-fruit-du-baobab.jpg\",\"width\":600,\"height\":600,\"caption\":\"poudre de baobab\"},{\"@type\":\"BreadcrumbList\",\"@id\":\"https:\/\/www.safinel.fr\/produit\/poudre-de-baobab-bouye\/#breadcrumb\",\"itemListElement\":[{\"@type\":\"ListItem\",\"position\":1,\"name\":\"Accueil\",\"item\":\"https:\/\/www.safinel.fr\/\"},{\"@type\":\"ListItem\",\"position\":2,\"name\":\"Boutique\",\"item\":\"https:\/\/www.safinel.fr\/boutique\/\"},{\"@type\":\"ListItem\",\"position\":3,\"name\":\"Poudre de baobab (Bouye) 100g\"}]},{\"@type\":\"WebSite\",\"@id\":\"https:\/\/www.safinel.fr\/#website\",\"url\":\"https:\/\/www.safinel.fr\/\",\"name\":\"Safinel\",\"description\":\"\",\"publisher\":{\"@id\":\"https:\/\/www.safinel.fr\/#organization\"},\"potentialAction\":[{\"@type\":\"SearchAction\",\"target\":{\"@type\":\"EntryPoint\",\"urlTemplate\":\"https:\/\/www.safinel.fr\/?s={search_term_string}\"},\"query-input\":{\"@type\":\"PropertyValueSpecification\",\"valueRequired\":true,\"valueName\":\"search_term_string\"}}],\"inLanguage\":\"es\"},{\"@type\":\"Organization\",\"@id\":\"https:\/\/www.safinel.fr\/#organization\",\"name\":\"Safinel\",\"url\":\"https:\/\/www.safinel.fr\/\",\"logo\":{\"@type\":\"ImageObject\",\"inLanguage\":\"es\",\"@id\":\"https:\/\/www.safinel.fr\/#\/schema\/logo\/image\/\",\"url\":\"https:\/\/www.safinel.fr\/wp-content\/uploads\/2021\/05\/boutique-cosmetique.png\",\"contentUrl\":\"https:\/\/www.safinel.fr\/wp-content\/uploads\/2021\/05\/boutique-cosmetique.png\",\"width\":800,\"height\":200,\"caption\":\"Safinel\"},\"image\":{\"@id\":\"https:\/\/www.safinel.fr\/#\/schema\/logo\/image\/\"}}]}<\/script>\n<!-- \/ Yoast SEO plugin. -->","yoast_head_json":{"title":"Baobab (Bouye) en polvo I Fruta tropical I Capacidad 100g","description":"El \u00e1rbol baobab produce un fruto que, molido en polvo, constituye un excelente suplemento. Descubra el baobab en polvo.","robots":{"index":"index","follow":"follow","max-snippet":"max-snippet:-1","max-image-preview":"max-image-preview:large","max-video-preview":"max-video-preview:-1"},"canonical":"https:\/\/www.safinel.fr\/es\/product-2\/polvo-de-baobab-bouye\/","og_locale":"es_ES","og_type":"article","og_title":"Poudre de baobab (Bouye) I Fruit tropical I Contenance 100g","og_description":"Le baobab est un arbre qui produit un fruit qui, une fois r\u00e9duit en poudre, se trouve \u00eatre un excellent compl\u00e9ment. D\u00e9couvrez la poudre de baobab.","og_url":"https:\/\/www.safinel.fr\/es\/product-2\/polvo-de-baobab-bouye\/","og_site_name":"Safinel","article_modified_time":"2024-04-16T11:54:13+00:00","og_image":[{"width":600,"height":600,"url":"https:\/\/www.safinel.fr\/wp-content\/uploads\/2022\/08\/bouye-fruit-du-baobab.jpg","type":"image\/jpeg"}],"twitter_card":"summary_large_image","twitter_misc":{"Tiempo de lectura":"2 minutos"},"schema":{"@context":"https:\/\/schema.org","@graph":[{"@type":"WebPage","@id":"https:\/\/www.safinel.fr\/produit\/poudre-de-baobab-bouye\/","url":"https:\/\/www.safinel.fr\/produit\/poudre-de-baobab-bouye\/","name":"Baobab (Bouye) en polvo I Fruta tropical I Capacidad 100g","isPartOf":{"@id":"https:\/\/www.safinel.fr\/#website"},"primaryImageOfPage":{"@id":"https:\/\/www.safinel.fr\/produit\/poudre-de-baobab-bouye\/#primaryimage"},"image":{"@id":"https:\/\/www.safinel.fr\/produit\/poudre-de-baobab-bouye\/#primaryimage"},"thumbnailUrl":"https:\/\/www.safinel.fr\/wp-content\/uploads\/2022\/08\/bouye-fruit-du-baobab.jpg","datePublished":"2022-08-06T14:11:30+00:00","dateModified":"2024-04-16T11:54:13+00:00","description":"El \u00e1rbol baobab produce un fruto que, molido en polvo, constituye un excelente suplemento. Descubra el baobab en polvo.","breadcrumb":{"@id":"https:\/\/www.safinel.fr\/produit\/poudre-de-baobab-bouye\/#breadcrumb"},"inLanguage":"es","potentialAction":[{"@type":"ReadAction","target":["https:\/\/www.safinel.fr\/produit\/poudre-de-baobab-bouye\/"]}]},{"@type":"ImageObject","inLanguage":"es","@id":"https:\/\/www.safinel.fr\/produit\/poudre-de-baobab-bouye\/#primaryimage","url":"https:\/\/www.safinel.fr\/wp-content\/uploads\/2022\/08\/bouye-fruit-du-baobab.jpg","contentUrl":"https:\/\/www.safinel.fr\/wp-content\/uploads\/2022\/08\/bouye-fruit-du-baobab.jpg","width":600,"height":600,"caption":"poudre de baobab"},{"@type":"BreadcrumbList","@id":"https:\/\/www.safinel.fr\/produit\/poudre-de-baobab-bouye\/#breadcrumb","itemListElement":[{"@type":"ListItem","position":1,"name":"Accueil","item":"https:\/\/www.safinel.fr\/"},{"@type":"ListItem","position":2,"name":"Boutique","item":"https:\/\/www.safinel.fr\/boutique\/"},{"@type":"ListItem","position":3,"name":"Poudre de baobab (Bouye) 100g"}]},{"@type":"WebSite","@id":"https:\/\/www.safinel.fr\/#website","url":"https:\/\/www.safinel.fr\/","name":"Safinel","description":"","publisher":{"@id":"https:\/\/www.safinel.fr\/#organization"},"potentialAction":[{"@type":"SearchAction","target":{"@type":"EntryPoint","urlTemplate":"https:\/\/www.safinel.fr\/?s={search_term_string}"},"query-input":{"@type":"PropertyValueSpecification","valueRequired":true,"valueName":"search_term_string"}}],"inLanguage":"es"},{"@type":"Organization","@id":"https:\/\/www.safinel.fr\/#organization","name":"Safinel","url":"https:\/\/www.safinel.fr\/","logo":{"@type":"ImageObject","inLanguage":"es","@id":"https:\/\/www.safinel.fr\/#\/schema\/logo\/image\/","url":"https:\/\/www.safinel.fr\/wp-content\/uploads\/2021\/05\/boutique-cosmetique.png","contentUrl":"https:\/\/www.safinel.fr\/wp-content\/uploads\/2021\/05\/boutique-cosmetique.png","width":800,"height":200,"caption":"Safinel"},"image":{"@id":"https:\/\/www.safinel.fr\/#\/schema\/logo\/image\/"}}]}},"_links":{"self":[{"href":"https:\/\/www.safinel.fr\/es\/wp-json\/wp\/v2\/product\/2054","targetHints":{"allow":["GET"]}}],"collection":[{"href":"https:\/\/www.safinel.fr\/es\/wp-json\/wp\/v2\/product"}],"about":[{"href":"https:\/\/www.safinel.fr\/es\/wp-json\/wp\/v2\/types\/product"}],"wp:featuredmedia":[{"embeddable":true,"href":"https:\/\/www.safinel.fr\/es\/wp-json\/wp\/v2\/media\/2055"}],"wp:attachment":[{"href":"https:\/\/www.safinel.fr\/es\/wp-json\/wp\/v2\/media?parent=2054"}],"wp:term":[{"taxonomy":"product_brand","embeddable":true,"href":"https:\/\/www.safinel.fr\/es\/wp-json\/wp\/v2\/product_brand?post=2054"},{"taxonomy":"product_cat","embeddable":true,"href":"https:\/\/www.safinel.fr\/es\/wp-json\/wp\/v2\/product_cat?post=2054"},{"taxonomy":"product_tag","embeddable":true,"href":"https:\/\/www.safinel.fr\/es\/wp-json\/wp\/v2\/product_tag?post=2054"}],"curies":[{"name":"wp","href":"https:\/\/api.w.org\/{rel}","templated":true}]}}