{"id":205,"date":"2021-07-15T13:41:05","date_gmt":"2021-07-15T13:41:05","guid":{"rendered":"https:\/\/www.safinel.fr\/?post_type=product&#038;p=205"},"modified":"2024-02-23T23:34:15","modified_gmt":"2024-02-23T23:34:15","slug":"polvo-de-reetha","status":"publish","type":"product","link":"https:\/\/www.safinel.fr\/es\/product-2\/polvo-de-reetha\/","title":{"rendered":"Reetha en polvo 100g"},"content":{"rendered":"<p>El polvo de reetha es un cosm\u00e9tico natural que se obtiene de la corteza del \u00e1rbol Sapindus mukorossi. Los indios lo llaman \u00ab\u00e1rbol del jab\u00f3n\u00bb. Reetha es un cosm\u00e9tico natural obtenido de la corteza del \u00e1rbol Sapindus mukorossi. Los indios lo llaman \u00ab\u00e1rbol del jab\u00f3n\u00bb. Los europeos preferimos el t\u00e9rmino \u00ab\u00e1rbol del jab\u00f3n indio\u00bb.<\/p>\n<p>Se trata de un polvo ayurv\u00e9dico muy utilizado en productos para el cuidado del cabello. El fruto, y m\u00e1s concretamente la nuez, del \u00e1rbol reetha es el material que nos interesa. Tiene m\u00faltiples beneficios para la salud capilar.<span class=\"Apple-converted-space\">\u00a0<\/span><\/p>\n<h2><b>Polvo de Reetha: extraordinarias propiedades limpiadoras<\/b><\/h2>\n<p>El polvo de Reetha tambi\u00e9n se conoce como Arita. Estas dos palabras similares se refieren al mismo producto. Muy rica en saponinas, la corteza de la nuez Sapindus mukorossi tiene un pronunciado poder limpiador. Las mujeres indias utilizan este polvo incluso para lavar los tejidos. Este uso diversificado no contiene productos qu\u00edmicos y sigue la onda verde.<span class=\"Apple-converted-space\">\u00a0<\/span><\/p>\n<p>El polvo de Reetha ayuda a mantener el cuero cabelludo. Le da fuerza y brillo a la vez que lo protege de las agresiones externas. Este remedio natural tambi\u00e9n es eficaz para eliminar los piojos. Aplic\u00e1ndolo en forma de mascarillas, elimina f\u00e1cilmente estas plagas. <span class=\"Apple-converted-space\">\u00a0<\/span><\/p>\n<h2><b>Un polvo ayurv\u00e9dico muy eficaz para combatir el sebo<\/b><\/h2>\n<p>Este polvo cosm\u00e9tico indio es ideal para limpiar el cuero cabelludo. La acidez natural en el coraz\u00f3n de Reetha estabiliza el PJ en el coraz\u00f3n de la fibra capilar. Idealmente, mantiene un nivel de PH de 4,5 a 5,5. Esto no s\u00f3lo impide la proliferaci\u00f3n de bacterias y hongos. Tambi\u00e9n combate la grasa, dejando el cabello limpio y sedoso.<span class=\"Apple-converted-space\">\u00a0<\/span><\/p>\n<p>Adem\u00e1s, si est\u00e1s acostumbrado a ducharte con agua dura, el polvo de Reetha lo combate. Protege el cabello de la sequedad.<span class=\"Apple-converted-space\">\u00a0<\/span><\/p>\n<h2><b>\u00bfC\u00f3mo se utiliza el polvo cosm\u00e9tico Reetha?<span class=\"Apple-converted-space\">\u00a0<\/span><\/b><\/h2>\n<p>El polvo de reetha se utiliza como mascarilla o cataplasma. El procedimiento es muy sencillo. Basta con mezclar el polvo con agua tibia. A continuaci\u00f3n, am\u00e1selo hasta obtener una pasta uniforme antes de aplicarla sobre el cabello.<span class=\"Apple-converted-space\">\u00a0<\/span><\/p>\n<p>No temas. Que Reetha no haga espuma no significa que no lave. Al contrario, elimina las impurezas. El agente espumante es s\u00f3lo un efecto qu\u00edmico de los champ\u00fas. S\u00f3lo crea una sensaci\u00f3n de bienestar sin tener ning\u00fan efecto de lavado. Generalmente, otros ingredientes hacen el trabajo.<span class=\"Apple-converted-space\">\u00a0<\/span><\/p>\n<p>El polvo de reetha tiene la capacidad de limpiar en profundidad gracias a sus agentes \u00e1cidos naturales. Util\u00edzalo para mantener tu cabello lleno de vitalidad.<span class=\"Apple-converted-space\">\u00a0<\/span><\/p>\n<h3><b>Incorporar aceites cosm\u00e9ticos para mejorar el rendimiento del tratamiento<\/b><\/h3>\n<p>No hay nada que te impida mezclar cosm\u00e9ticos naturales a tu favor. Pru\u00e9balo con <a href=\"https:\/\/www.safinel.fr\/es\/product-2\/kapoor-kachli\/\"><strong>kapoor kachli<\/strong><\/a> u otros tratamientos disponibles en los estantes.<span class=\"Apple-converted-space\">\u00a0<\/span><\/p>\n<p>Los aceites vegetales ricos en vitamina E y antioxidantes se recomiendan para potenciar el cuidado natural de Reetha. No faltan ejemplos. La jojoba, la almendra dulce y el arg\u00e1n figuran entre los m\u00e1s recomendados. Revelan su pel\u00edcula grasa alrededor del cabello para hidratarlo intensamente. La elecci\u00f3n es tuya.<span class=\"Apple-converted-space\">\u00a0<\/span><\/p>","protected":false},"excerpt":{"rendered":"<p><img decoding=\"async\" class=\"size-full wp-image-5091 aligncenter\" src=\"https:\/\/www.safinel.fr\/wp-content\/uploads\/2021\/06\/BANNIERE-ICONE-SAFINEL.webp\" alt=\"reaseguro de sat\u00e9n\" width=\"800\" height=\"200\" srcset=\"https:\/\/www.safinel.fr\/wp-content\/uploads\/2021\/06\/BANNIERE-ICONE-SAFINEL.webp 800w, https:\/\/www.safinel.fr\/wp-content\/uploads\/2021\/06\/BANNIERE-ICONE-SAFINEL-600x150.webp 600w, https:\/\/www.safinel.fr\/wp-content\/uploads\/2021\/06\/BANNIERE-ICONE-SAFINEL-768x192.webp 768w\" sizes=\"(max-width: 800px) 100vw, 800px\" \/><\/p>","protected":false},"featured_media":186,"template":"","meta":[],"product_brand":[],"product_cat":[27],"product_tag":[],"class_list":{"0":"post-205","1":"product","2":"type-product","3":"status-publish","4":"has-post-thumbnail","6":"product_cat-plantes-medicinales","8":"first","9":"instock","10":"shipping-taxable","11":"purchasable","12":"product-type-simple"},"yoast_head":"<!-- This site is optimized with the Yoast SEO plugin v26.6 - https:\/\/yoast.com\/wordpress\/plugins\/seo\/ -->\n<title>Poudre de Reetha | Cosm\u00e9tique naturel aux nombreux bienfaits<\/title>\n<meta name=\"description\" content=\"La poudre de Reetha est un cosm\u00e9tique naturel obtenu \u00e0 partir de l\u2019\u00e9corce de l\u2019arbre \u00ab\u00a0Sapindus mukorossi\u00a0\u00bb. Adoptez-l\u00e0 en quelques clics !\" \/>\n<meta name=\"robots\" content=\"index, follow, max-snippet:-1, max-image-preview:large, max-video-preview:-1\" \/>\n<link rel=\"canonical\" href=\"https:\/\/www.safinel.fr\/es\/product-2\/polvo-de-reetha\/\" \/>\n<meta property=\"og:locale\" content=\"es_ES\" \/>\n<meta property=\"og:type\" content=\"article\" \/>\n<meta property=\"og:title\" content=\"Poudre de Reetha | Cosm\u00e9tique naturel aux nombreux bienfaits\" \/>\n<meta property=\"og:description\" content=\"La poudre de Reetha est un cosm\u00e9tique naturel obtenu \u00e0 partir de l\u2019\u00e9corce de l\u2019arbre \u00ab\u00a0Sapindus mukorossi\u00a0\u00bb. Adoptez-l\u00e0 en quelques clics !\" \/>\n<meta property=\"og:url\" content=\"https:\/\/www.safinel.fr\/es\/product-2\/polvo-de-reetha\/\" \/>\n<meta property=\"og:site_name\" content=\"Safinel\" \/>\n<meta property=\"article:modified_time\" content=\"2024-02-23T23:34:15+00:00\" \/>\n<meta property=\"og:image\" content=\"https:\/\/www.safinel.fr\/wp-content\/uploads\/2021\/07\/reetha.jpg\" \/>\n\t<meta property=\"og:image:width\" content=\"1001\" \/>\n\t<meta property=\"og:image:height\" content=\"1001\" \/>\n\t<meta property=\"og:image:type\" content=\"image\/jpeg\" \/>\n<meta name=\"twitter:card\" content=\"summary_large_image\" \/>\n<meta name=\"twitter:label1\" content=\"Tiempo de lectura\" \/>\n\t<meta name=\"twitter:data1\" content=\"3 minutos\" \/>\n<script type=\"application\/ld+json\" class=\"yoast-schema-graph\">{\"@context\":\"https:\/\/schema.org\",\"@graph\":[{\"@type\":\"WebPage\",\"@id\":\"https:\/\/www.safinel.fr\/produit\/poudre-de-reetha\/\",\"url\":\"https:\/\/www.safinel.fr\/produit\/poudre-de-reetha\/\",\"name\":\"Poudre de Reetha | Cosm\u00e9tique naturel aux nombreux bienfaits\",\"isPartOf\":{\"@id\":\"https:\/\/www.safinel.fr\/#website\"},\"primaryImageOfPage\":{\"@id\":\"https:\/\/www.safinel.fr\/produit\/poudre-de-reetha\/#primaryimage\"},\"image\":{\"@id\":\"https:\/\/www.safinel.fr\/produit\/poudre-de-reetha\/#primaryimage\"},\"thumbnailUrl\":\"https:\/\/www.safinel.fr\/wp-content\/uploads\/2021\/07\/reetha.jpg\",\"datePublished\":\"2021-07-15T13:41:05+00:00\",\"dateModified\":\"2024-02-23T23:34:15+00:00\",\"description\":\"La poudre de Reetha est un cosm\u00e9tique naturel obtenu \u00e0 partir de l\u2019\u00e9corce de l\u2019arbre \u00ab\u00a0Sapindus mukorossi\u00a0\u00bb. Adoptez-l\u00e0 en quelques clics !\",\"breadcrumb\":{\"@id\":\"https:\/\/www.safinel.fr\/produit\/poudre-de-reetha\/#breadcrumb\"},\"inLanguage\":\"es\",\"potentialAction\":[{\"@type\":\"ReadAction\",\"target\":[\"https:\/\/www.safinel.fr\/produit\/poudre-de-reetha\/\"]}]},{\"@type\":\"ImageObject\",\"inLanguage\":\"es\",\"@id\":\"https:\/\/www.safinel.fr\/produit\/poudre-de-reetha\/#primaryimage\",\"url\":\"https:\/\/www.safinel.fr\/wp-content\/uploads\/2021\/07\/reetha.jpg\",\"contentUrl\":\"https:\/\/www.safinel.fr\/wp-content\/uploads\/2021\/07\/reetha.jpg\",\"width\":1001,\"height\":1001,\"caption\":\"Poudre de Reetha\"},{\"@type\":\"BreadcrumbList\",\"@id\":\"https:\/\/www.safinel.fr\/produit\/poudre-de-reetha\/#breadcrumb\",\"itemListElement\":[{\"@type\":\"ListItem\",\"position\":1,\"name\":\"Accueil\",\"item\":\"https:\/\/www.safinel.fr\/\"},{\"@type\":\"ListItem\",\"position\":2,\"name\":\"Boutique\",\"item\":\"https:\/\/www.safinel.fr\/boutique\/\"},{\"@type\":\"ListItem\",\"position\":3,\"name\":\"Poudre de reetha 100g\"}]},{\"@type\":\"WebSite\",\"@id\":\"https:\/\/www.safinel.fr\/#website\",\"url\":\"https:\/\/www.safinel.fr\/\",\"name\":\"Safinel\",\"description\":\"\",\"publisher\":{\"@id\":\"https:\/\/www.safinel.fr\/#organization\"},\"potentialAction\":[{\"@type\":\"SearchAction\",\"target\":{\"@type\":\"EntryPoint\",\"urlTemplate\":\"https:\/\/www.safinel.fr\/?s={search_term_string}\"},\"query-input\":{\"@type\":\"PropertyValueSpecification\",\"valueRequired\":true,\"valueName\":\"search_term_string\"}}],\"inLanguage\":\"es\"},{\"@type\":\"Organization\",\"@id\":\"https:\/\/www.safinel.fr\/#organization\",\"name\":\"Safinel\",\"url\":\"https:\/\/www.safinel.fr\/\",\"logo\":{\"@type\":\"ImageObject\",\"inLanguage\":\"es\",\"@id\":\"https:\/\/www.safinel.fr\/#\/schema\/logo\/image\/\",\"url\":\"https:\/\/www.safinel.fr\/wp-content\/uploads\/2021\/05\/boutique-cosmetique.png\",\"contentUrl\":\"https:\/\/www.safinel.fr\/wp-content\/uploads\/2021\/05\/boutique-cosmetique.png\",\"width\":800,\"height\":200,\"caption\":\"Safinel\"},\"image\":{\"@id\":\"https:\/\/www.safinel.fr\/#\/schema\/logo\/image\/\"}}]}<\/script>\n<!-- \/ Yoast SEO plugin. -->","yoast_head_json":{"title":"Polvo de reetha | Un cosm\u00e9tico natural con muchos beneficios","description":"El polvo de Reetha es un cosm\u00e9tico natural elaborado a partir de la corteza del \u00e1rbol Sapindus mukorossi. \u00a1Est\u00e1 a s\u00f3lo unos clics!","robots":{"index":"index","follow":"follow","max-snippet":"max-snippet:-1","max-image-preview":"max-image-preview:large","max-video-preview":"max-video-preview:-1"},"canonical":"https:\/\/www.safinel.fr\/es\/product-2\/polvo-de-reetha\/","og_locale":"es_ES","og_type":"article","og_title":"Poudre de Reetha | Cosm\u00e9tique naturel aux nombreux bienfaits","og_description":"La poudre de Reetha est un cosm\u00e9tique naturel obtenu \u00e0 partir de l\u2019\u00e9corce de l\u2019arbre \u00ab\u00a0Sapindus mukorossi\u00a0\u00bb. Adoptez-l\u00e0 en quelques clics !","og_url":"https:\/\/www.safinel.fr\/es\/product-2\/polvo-de-reetha\/","og_site_name":"Safinel","article_modified_time":"2024-02-23T23:34:15+00:00","og_image":[{"width":1001,"height":1001,"url":"https:\/\/www.safinel.fr\/wp-content\/uploads\/2021\/07\/reetha.jpg","type":"image\/jpeg"}],"twitter_card":"summary_large_image","twitter_misc":{"Tiempo de lectura":"3 minutos"},"schema":{"@context":"https:\/\/schema.org","@graph":[{"@type":"WebPage","@id":"https:\/\/www.safinel.fr\/produit\/poudre-de-reetha\/","url":"https:\/\/www.safinel.fr\/produit\/poudre-de-reetha\/","name":"Polvo de reetha | Un cosm\u00e9tico natural con muchos beneficios","isPartOf":{"@id":"https:\/\/www.safinel.fr\/#website"},"primaryImageOfPage":{"@id":"https:\/\/www.safinel.fr\/produit\/poudre-de-reetha\/#primaryimage"},"image":{"@id":"https:\/\/www.safinel.fr\/produit\/poudre-de-reetha\/#primaryimage"},"thumbnailUrl":"https:\/\/www.safinel.fr\/wp-content\/uploads\/2021\/07\/reetha.jpg","datePublished":"2021-07-15T13:41:05+00:00","dateModified":"2024-02-23T23:34:15+00:00","description":"El polvo de Reetha es un cosm\u00e9tico natural elaborado a partir de la corteza del \u00e1rbol Sapindus mukorossi. \u00a1Est\u00e1 a s\u00f3lo unos clics!","breadcrumb":{"@id":"https:\/\/www.safinel.fr\/produit\/poudre-de-reetha\/#breadcrumb"},"inLanguage":"es","potentialAction":[{"@type":"ReadAction","target":["https:\/\/www.safinel.fr\/produit\/poudre-de-reetha\/"]}]},{"@type":"ImageObject","inLanguage":"es","@id":"https:\/\/www.safinel.fr\/produit\/poudre-de-reetha\/#primaryimage","url":"https:\/\/www.safinel.fr\/wp-content\/uploads\/2021\/07\/reetha.jpg","contentUrl":"https:\/\/www.safinel.fr\/wp-content\/uploads\/2021\/07\/reetha.jpg","width":1001,"height":1001,"caption":"Poudre de Reetha"},{"@type":"BreadcrumbList","@id":"https:\/\/www.safinel.fr\/produit\/poudre-de-reetha\/#breadcrumb","itemListElement":[{"@type":"ListItem","position":1,"name":"Accueil","item":"https:\/\/www.safinel.fr\/"},{"@type":"ListItem","position":2,"name":"Boutique","item":"https:\/\/www.safinel.fr\/boutique\/"},{"@type":"ListItem","position":3,"name":"Poudre de reetha 100g"}]},{"@type":"WebSite","@id":"https:\/\/www.safinel.fr\/#website","url":"https:\/\/www.safinel.fr\/","name":"Safinel","description":"","publisher":{"@id":"https:\/\/www.safinel.fr\/#organization"},"potentialAction":[{"@type":"SearchAction","target":{"@type":"EntryPoint","urlTemplate":"https:\/\/www.safinel.fr\/?s={search_term_string}"},"query-input":{"@type":"PropertyValueSpecification","valueRequired":true,"valueName":"search_term_string"}}],"inLanguage":"es"},{"@type":"Organization","@id":"https:\/\/www.safinel.fr\/#organization","name":"Safinel","url":"https:\/\/www.safinel.fr\/","logo":{"@type":"ImageObject","inLanguage":"es","@id":"https:\/\/www.safinel.fr\/#\/schema\/logo\/image\/","url":"https:\/\/www.safinel.fr\/wp-content\/uploads\/2021\/05\/boutique-cosmetique.png","contentUrl":"https:\/\/www.safinel.fr\/wp-content\/uploads\/2021\/05\/boutique-cosmetique.png","width":800,"height":200,"caption":"Safinel"},"image":{"@id":"https:\/\/www.safinel.fr\/#\/schema\/logo\/image\/"}}]}},"_links":{"self":[{"href":"https:\/\/www.safinel.fr\/es\/wp-json\/wp\/v2\/product\/205","targetHints":{"allow":["GET"]}}],"collection":[{"href":"https:\/\/www.safinel.fr\/es\/wp-json\/wp\/v2\/product"}],"about":[{"href":"https:\/\/www.safinel.fr\/es\/wp-json\/wp\/v2\/types\/product"}],"wp:featuredmedia":[{"embeddable":true,"href":"https:\/\/www.safinel.fr\/es\/wp-json\/wp\/v2\/media\/186"}],"wp:attachment":[{"href":"https:\/\/www.safinel.fr\/es\/wp-json\/wp\/v2\/media?parent=205"}],"wp:term":[{"taxonomy":"product_brand","embeddable":true,"href":"https:\/\/www.safinel.fr\/es\/wp-json\/wp\/v2\/product_brand?post=205"},{"taxonomy":"product_cat","embeddable":true,"href":"https:\/\/www.safinel.fr\/es\/wp-json\/wp\/v2\/product_cat?post=205"},{"taxonomy":"product_tag","embeddable":true,"href":"https:\/\/www.safinel.fr\/es\/wp-json\/wp\/v2\/product_tag?post=205"}],"curies":[{"name":"wp","href":"https:\/\/api.w.org\/{rel}","templated":true}]}}