{"id":2046,"date":"2022-06-05T19:20:58","date_gmt":"2022-06-05T19:20:58","guid":{"rendered":"https:\/\/www.safinel.fr\/?post_type=product&#038;p=2046"},"modified":"2023-12-28T17:15:24","modified_gmt":"2023-12-28T17:15:24","slug":"raiz-de-rehmannia","status":"publish","type":"product","link":"https:\/\/www.safinel.fr\/es\/product-2\/raiz-de-rehmannia\/","title":{"rendered":"Ra\u00edz de Rehmannia 100g"},"content":{"rendered":"<p>La Rehmannia es una ra\u00edz de la farmacopea china. Es una hierba medicinal que ayuda a aliviar ciertos trastornos hormonales y otras dolencias diversas. Suele tomarse con otras hierbas. Sin embargo, antes de utilizarla, es aconsejable leer las instrucciones. Esto es lo que hay que saber sobre la rehmannia, la ra\u00edz preparada.<\/p>\n<h2><strong>Beneficios de la ra\u00edz de rehmannia preparada<\/strong><\/h2>\n<p>La ra\u00edz de rehmannia preparada sigue llam\u00e1ndose\u00a0<strong>Shu Di Huang\u00a0<\/strong>o\u00a0<strong>China digital<\/strong>. Tonifica la circulaci\u00f3n de la sangre y el yin. Tambi\u00e9n trata el estre\u00f1imiento cr\u00f3nico, el s\u00edndrome menop\u00e1usico, la hepatitis, el desequilibrio de la gl\u00e1ndula tiroides y el insomnio. Tambi\u00e9n puede utilizarse para aliviar las palpitaciones, la insuficiencia suprarrenal, el tinnitus, la diabetes, los sudores nocturnos y la eyaculaci\u00f3n nocturna. Esta ra\u00edz tambi\u00e9n trata el envejecimiento prematuro, la p\u00e9rdida de memoria y la debilidad de la zona lumbar y las extremidades. Protege contra la radiaci\u00f3n y ayuda a eliminar el crecimiento prematuro del vello y la disminuci\u00f3n de la agudeza mental. En resumen, se considera una ra\u00edz energ\u00e9tica.<\/p>\n<h2><strong>Preparaci\u00f3n y dosificaci\u00f3n de la ra\u00edz<\/strong><\/h2>\n<p>La ra\u00edz de rehmannia preparada suele tomarse en\u00a0<strong>decocci\u00f3n<\/strong>. Debe utilizar 10 g de estas hierbas. A continuaci\u00f3n, l\u00e1velas y p\u00f3ngalas en un recipiente lleno de 250 ml de agua fr\u00eda. El recipiente no debe ser de aluminio, hierro o fundici\u00f3n. Si lo desea, deje las hierbas en remojo en el agua durante 20 minutos. Despu\u00e9s, pon la olla a fuego fuerte y cali\u00e9ntala hasta que las hierbas est\u00e9n blandas. <a href=\"https:\/\/www.safinel.fr\/es\/product-category-2\/infusiones\/\"><strong>hirviendo<\/strong><\/a>.<\/p>\n<p>Cuando veas que el agua ya est\u00e1 hirviendo, reduce el fuego y cuece a fuego lento durante 20 minutos. El siguiente paso es verter el l\u00edquido en un termo u otro recipiente. Entonces podr\u00e1s beberte la decocci\u00f3n cuando est\u00e9 m\u00e1s fr\u00eda. Puede tomarse por la ma\u00f1ana, por la tarde, por la noche o despu\u00e9s de comer.<\/p>\n<h2><strong>Posibles combinaciones con ra\u00edz de Rhemannia preparada<\/strong><\/h2>\n<p>Puede combinar la ra\u00edz de rhemannia preparada con la\u00a0<strong>Ra\u00edz de ang\u00e9lica china<\/strong>. Esta combinaci\u00f3n se recomienda si se sufren mareos, insomnio, palpitaciones o disfunciones menstruales. En caso de problemas digestivos, a\u00f1ada a la ra\u00edz de rhemannia preparada lo siguiente\u00a0<strong>fuling\u00a0<\/strong>(de 10 a 15 g). Tambi\u00e9n puede preparar una sopa con el\u00a0<strong>carne<\/strong>\u00a0en particular. Esto aliviar\u00e1 el estre\u00f1imiento cr\u00f3nico. Tambi\u00e9n puede hacer combinaciones para ciertas dolencias, incluyendo :<\/p>\n<ul>\n<li>Falta de apetito,<\/li>\n<li>Problemas digestivos<\/li>\n<li>Diarrea,<\/li>\n<li>Dolor en el abdomen,<\/li>\n<li>N\u00e1useas posparto.<\/li>\n<\/ul>\n<p>Shu Di Huang tambi\u00e9n debe combinarse con otra hierba si se siente el abdomen hinchado. Sin embargo, debe tener cuidado de elegir las combinaciones adecuadas para su organismo. Puedes consultar a un m\u00e9dico o p\u00e1ginas web fiables. Tomar este medicamento de forma incorrecta puede tener graves consecuencias.<\/p>\n<p>En resumen, la ra\u00edz de Rhemannia preparada tiene muchas virtudes. Se vende en sitios web especializados. Sin embargo, es aconsejable comprobar con un profesional competente si le conviene o no antes de comprarla.<\/p>","protected":false},"excerpt":{"rendered":"<p>La Rehmannia es una ra\u00edz de la farmacopea china. Es una hierba medicinal que ayuda a aliviar ciertos trastornos hormonales y otras dolencias diversas. Suele tomarse con otras hierbas. Sin embargo, antes de utilizarla, es aconsejable leer las instrucciones. Esto es lo que debes saber sobre la rehmannia, la ra\u00edz preparada. Beneficios de la [...]","protected":false},"featured_media":2047,"template":"","meta":[],"product_brand":[],"product_cat":[108],"product_tag":[],"class_list":{"0":"post-2046","1":"product","2":"type-product","3":"status-publish","4":"has-post-thumbnail","6":"product_cat-plantes-asiatiques","8":"first","9":"outofstock","10":"shipping-taxable","11":"purchasable","12":"product-type-simple"},"yoast_head":"<!-- This site is optimized with the Yoast SEO plugin v26.6 - https:\/\/yoast.com\/wordpress\/plugins\/seo\/ -->\n<title>Racine de rehmannia glutinosa | Sheng di huang | \u719f\u5730\u9ec4<\/title>\n<meta name=\"description\" content=\"La racine de rehmannia pr\u00e9par\u00e9e en 100g est souvent prise en\u00a0d\u00e9coction. \u00c0 ce titre, il faut pr\u00e9voir 10g de ces herbes. Adoptez-l\u00e0 !\" \/>\n<meta name=\"robots\" content=\"index, follow, max-snippet:-1, max-image-preview:large, max-video-preview:-1\" \/>\n<link rel=\"canonical\" href=\"https:\/\/www.safinel.fr\/es\/product-2\/raiz-de-rehmannia\/\" \/>\n<meta property=\"og:locale\" content=\"es_ES\" \/>\n<meta property=\"og:type\" content=\"article\" \/>\n<meta property=\"og:title\" content=\"Racine de rehmannia glutinosa | Sheng di huang | \u719f\u5730\u9ec4\" \/>\n<meta property=\"og:description\" content=\"La racine de rehmannia pr\u00e9par\u00e9e en 100g est souvent prise en\u00a0d\u00e9coction. \u00c0 ce titre, il faut pr\u00e9voir 10g de ces herbes. Adoptez-l\u00e0 !\" \/>\n<meta property=\"og:url\" content=\"https:\/\/www.safinel.fr\/es\/product-2\/raiz-de-rehmannia\/\" \/>\n<meta property=\"og:site_name\" content=\"Safinel\" \/>\n<meta property=\"article:modified_time\" content=\"2023-12-28T17:15:24+00:00\" \/>\n<meta property=\"og:image\" content=\"https:\/\/www.safinel.fr\/wp-content\/uploads\/2022\/08\/racine-de-rehmannia-calebasse-verte.jpg\" \/>\n\t<meta property=\"og:image:width\" content=\"600\" \/>\n\t<meta property=\"og:image:height\" content=\"600\" \/>\n\t<meta property=\"og:image:type\" content=\"image\/jpeg\" \/>\n<meta name=\"twitter:card\" content=\"summary_large_image\" \/>\n<meta name=\"twitter:label1\" content=\"Tiempo de lectura\" \/>\n\t<meta name=\"twitter:data1\" content=\"3 minutos\" \/>\n<script type=\"application\/ld+json\" class=\"yoast-schema-graph\">{\"@context\":\"https:\/\/schema.org\",\"@graph\":[{\"@type\":\"WebPage\",\"@id\":\"https:\/\/www.safinel.fr\/produit\/racine-de-rehmannia\/\",\"url\":\"https:\/\/www.safinel.fr\/produit\/racine-de-rehmannia\/\",\"name\":\"Racine de rehmannia glutinosa | Sheng di huang | \u719f\u5730\u9ec4\",\"isPartOf\":{\"@id\":\"https:\/\/www.safinel.fr\/#website\"},\"primaryImageOfPage\":{\"@id\":\"https:\/\/www.safinel.fr\/produit\/racine-de-rehmannia\/#primaryimage\"},\"image\":{\"@id\":\"https:\/\/www.safinel.fr\/produit\/racine-de-rehmannia\/#primaryimage\"},\"thumbnailUrl\":\"https:\/\/www.safinel.fr\/wp-content\/uploads\/2022\/08\/racine-de-rehmannia-calebasse-verte.jpg\",\"datePublished\":\"2022-06-05T19:20:58+00:00\",\"dateModified\":\"2023-12-28T17:15:24+00:00\",\"description\":\"La racine de rehmannia pr\u00e9par\u00e9e en 100g est souvent prise en\u00a0d\u00e9coction. \u00c0 ce titre, il faut pr\u00e9voir 10g de ces herbes. Adoptez-l\u00e0 !\",\"breadcrumb\":{\"@id\":\"https:\/\/www.safinel.fr\/produit\/racine-de-rehmannia\/#breadcrumb\"},\"inLanguage\":\"es\",\"potentialAction\":[{\"@type\":\"ReadAction\",\"target\":[\"https:\/\/www.safinel.fr\/produit\/racine-de-rehmannia\/\"]}]},{\"@type\":\"ImageObject\",\"inLanguage\":\"es\",\"@id\":\"https:\/\/www.safinel.fr\/produit\/racine-de-rehmannia\/#primaryimage\",\"url\":\"https:\/\/www.safinel.fr\/wp-content\/uploads\/2022\/08\/racine-de-rehmannia-calebasse-verte.jpg\",\"contentUrl\":\"https:\/\/www.safinel.fr\/wp-content\/uploads\/2022\/08\/racine-de-rehmannia-calebasse-verte.jpg\",\"width\":600,\"height\":600,\"caption\":\"Racine de rehmannia 100g\"},{\"@type\":\"BreadcrumbList\",\"@id\":\"https:\/\/www.safinel.fr\/produit\/racine-de-rehmannia\/#breadcrumb\",\"itemListElement\":[{\"@type\":\"ListItem\",\"position\":1,\"name\":\"Accueil\",\"item\":\"https:\/\/www.safinel.fr\/\"},{\"@type\":\"ListItem\",\"position\":2,\"name\":\"Boutique\",\"item\":\"https:\/\/www.safinel.fr\/boutique\/\"},{\"@type\":\"ListItem\",\"position\":3,\"name\":\"Racine de rehmannia 100g\"}]},{\"@type\":\"WebSite\",\"@id\":\"https:\/\/www.safinel.fr\/#website\",\"url\":\"https:\/\/www.safinel.fr\/\",\"name\":\"Safinel\",\"description\":\"\",\"publisher\":{\"@id\":\"https:\/\/www.safinel.fr\/#organization\"},\"potentialAction\":[{\"@type\":\"SearchAction\",\"target\":{\"@type\":\"EntryPoint\",\"urlTemplate\":\"https:\/\/www.safinel.fr\/?s={search_term_string}\"},\"query-input\":{\"@type\":\"PropertyValueSpecification\",\"valueRequired\":true,\"valueName\":\"search_term_string\"}}],\"inLanguage\":\"es\"},{\"@type\":\"Organization\",\"@id\":\"https:\/\/www.safinel.fr\/#organization\",\"name\":\"Safinel\",\"url\":\"https:\/\/www.safinel.fr\/\",\"logo\":{\"@type\":\"ImageObject\",\"inLanguage\":\"es\",\"@id\":\"https:\/\/www.safinel.fr\/#\/schema\/logo\/image\/\",\"url\":\"https:\/\/www.safinel.fr\/wp-content\/uploads\/2021\/05\/boutique-cosmetique.png\",\"contentUrl\":\"https:\/\/www.safinel.fr\/wp-content\/uploads\/2021\/05\/boutique-cosmetique.png\",\"width\":800,\"height\":200,\"caption\":\"Safinel\"},\"image\":{\"@id\":\"https:\/\/www.safinel.fr\/#\/schema\/logo\/image\/\"}}]}<\/script>\n<!-- \/ Yoast SEO plugin. -->","yoast_head_json":{"title":"Ra\u00edz de rehmannia glutinosa | Sheng di huang | \u719f\u5730\u9ec4","description":"100g de ra\u00edz de rehmannia suelen tomarse en decocci\u00f3n. Para ello, necesitar\u00e1s 10 g de estas hierbas. \u00a1A por ello!","robots":{"index":"index","follow":"follow","max-snippet":"max-snippet:-1","max-image-preview":"max-image-preview:large","max-video-preview":"max-video-preview:-1"},"canonical":"https:\/\/www.safinel.fr\/es\/product-2\/raiz-de-rehmannia\/","og_locale":"es_ES","og_type":"article","og_title":"Racine de rehmannia glutinosa | Sheng di huang | \u719f\u5730\u9ec4","og_description":"La racine de rehmannia pr\u00e9par\u00e9e en 100g est souvent prise en\u00a0d\u00e9coction. \u00c0 ce titre, il faut pr\u00e9voir 10g de ces herbes. Adoptez-l\u00e0 !","og_url":"https:\/\/www.safinel.fr\/es\/product-2\/raiz-de-rehmannia\/","og_site_name":"Safinel","article_modified_time":"2023-12-28T17:15:24+00:00","og_image":[{"width":600,"height":600,"url":"https:\/\/www.safinel.fr\/wp-content\/uploads\/2022\/08\/racine-de-rehmannia-calebasse-verte.jpg","type":"image\/jpeg"}],"twitter_card":"summary_large_image","twitter_misc":{"Tiempo de lectura":"3 minutos"},"schema":{"@context":"https:\/\/schema.org","@graph":[{"@type":"WebPage","@id":"https:\/\/www.safinel.fr\/produit\/racine-de-rehmannia\/","url":"https:\/\/www.safinel.fr\/produit\/racine-de-rehmannia\/","name":"Ra\u00edz de rehmannia glutinosa | Sheng di huang | \u719f\u5730\u9ec4","isPartOf":{"@id":"https:\/\/www.safinel.fr\/#website"},"primaryImageOfPage":{"@id":"https:\/\/www.safinel.fr\/produit\/racine-de-rehmannia\/#primaryimage"},"image":{"@id":"https:\/\/www.safinel.fr\/produit\/racine-de-rehmannia\/#primaryimage"},"thumbnailUrl":"https:\/\/www.safinel.fr\/wp-content\/uploads\/2022\/08\/racine-de-rehmannia-calebasse-verte.jpg","datePublished":"2022-06-05T19:20:58+00:00","dateModified":"2023-12-28T17:15:24+00:00","description":"100g de ra\u00edz de rehmannia suelen tomarse en decocci\u00f3n. Para ello, necesitar\u00e1s 10 g de estas hierbas. \u00a1A por ello!","breadcrumb":{"@id":"https:\/\/www.safinel.fr\/produit\/racine-de-rehmannia\/#breadcrumb"},"inLanguage":"es","potentialAction":[{"@type":"ReadAction","target":["https:\/\/www.safinel.fr\/produit\/racine-de-rehmannia\/"]}]},{"@type":"ImageObject","inLanguage":"es","@id":"https:\/\/www.safinel.fr\/produit\/racine-de-rehmannia\/#primaryimage","url":"https:\/\/www.safinel.fr\/wp-content\/uploads\/2022\/08\/racine-de-rehmannia-calebasse-verte.jpg","contentUrl":"https:\/\/www.safinel.fr\/wp-content\/uploads\/2022\/08\/racine-de-rehmannia-calebasse-verte.jpg","width":600,"height":600,"caption":"Racine de rehmannia 100g"},{"@type":"BreadcrumbList","@id":"https:\/\/www.safinel.fr\/produit\/racine-de-rehmannia\/#breadcrumb","itemListElement":[{"@type":"ListItem","position":1,"name":"Accueil","item":"https:\/\/www.safinel.fr\/"},{"@type":"ListItem","position":2,"name":"Boutique","item":"https:\/\/www.safinel.fr\/boutique\/"},{"@type":"ListItem","position":3,"name":"Racine de rehmannia 100g"}]},{"@type":"WebSite","@id":"https:\/\/www.safinel.fr\/#website","url":"https:\/\/www.safinel.fr\/","name":"Safinel","description":"","publisher":{"@id":"https:\/\/www.safinel.fr\/#organization"},"potentialAction":[{"@type":"SearchAction","target":{"@type":"EntryPoint","urlTemplate":"https:\/\/www.safinel.fr\/?s={search_term_string}"},"query-input":{"@type":"PropertyValueSpecification","valueRequired":true,"valueName":"search_term_string"}}],"inLanguage":"es"},{"@type":"Organization","@id":"https:\/\/www.safinel.fr\/#organization","name":"Safinel","url":"https:\/\/www.safinel.fr\/","logo":{"@type":"ImageObject","inLanguage":"es","@id":"https:\/\/www.safinel.fr\/#\/schema\/logo\/image\/","url":"https:\/\/www.safinel.fr\/wp-content\/uploads\/2021\/05\/boutique-cosmetique.png","contentUrl":"https:\/\/www.safinel.fr\/wp-content\/uploads\/2021\/05\/boutique-cosmetique.png","width":800,"height":200,"caption":"Safinel"},"image":{"@id":"https:\/\/www.safinel.fr\/#\/schema\/logo\/image\/"}}]}},"_links":{"self":[{"href":"https:\/\/www.safinel.fr\/es\/wp-json\/wp\/v2\/product\/2046","targetHints":{"allow":["GET"]}}],"collection":[{"href":"https:\/\/www.safinel.fr\/es\/wp-json\/wp\/v2\/product"}],"about":[{"href":"https:\/\/www.safinel.fr\/es\/wp-json\/wp\/v2\/types\/product"}],"wp:featuredmedia":[{"embeddable":true,"href":"https:\/\/www.safinel.fr\/es\/wp-json\/wp\/v2\/media\/2047"}],"wp:attachment":[{"href":"https:\/\/www.safinel.fr\/es\/wp-json\/wp\/v2\/media?parent=2046"}],"wp:term":[{"taxonomy":"product_brand","embeddable":true,"href":"https:\/\/www.safinel.fr\/es\/wp-json\/wp\/v2\/product_brand?post=2046"},{"taxonomy":"product_cat","embeddable":true,"href":"https:\/\/www.safinel.fr\/es\/wp-json\/wp\/v2\/product_cat?post=2046"},{"taxonomy":"product_tag","embeddable":true,"href":"https:\/\/www.safinel.fr\/es\/wp-json\/wp\/v2\/product_tag?post=2046"}],"curies":[{"name":"wp","href":"https:\/\/api.w.org\/{rel}","templated":true}]}}