{"id":2044,"date":"2022-08-05T19:19:39","date_gmt":"2022-08-05T19:19:39","guid":{"rendered":"https:\/\/www.safinel.fr\/?post_type=product&#038;p=2044"},"modified":"2024-02-05T16:56:46","modified_gmt":"2024-02-05T16:56:46","slug":"tisana-reguladora-de-la-menstruacion","status":"publish","type":"product","link":"https:\/\/www.safinel.fr\/es\/product-2\/tisana-reguladora-de-la-menstruacion\/","title":{"rendered":"Tisana para regular la menstruaci\u00f3n 100g"},"content":{"rendered":"<p>Muchas mujeres sufren molestias premenstruales, que pueden ir de leves a graves. En<strong>\u00a0tisana para regular la menstruaci\u00f3n\u00a0<\/strong>es un\u00a0<strong>medicina natural\u00a0<\/strong>y eficaz contra\u00a0<strong>s\u00edndrome premenstrual.<\/strong>\u00a0Adecuado desde la pubertad hasta la menopausia, mantiene el confort durante el ciclo, calmando especialmente los calambres abdominales.<\/p>\n<h2><strong>Tisana para regular la menstruaci\u00f3n: \u00bfqu\u00e9 es?\u00a0<\/strong><\/h2>\n<p>Hay muchos\u00a0<strong>infusiones de hierbas\u00a0<\/strong>adecuado para\u00a0<strong>combatir las molestias premenstruales<\/strong>, desde la pubertad hasta la menopausia. Muchas de estas infusiones tambi\u00e9n pueden utilizarse durante el ciclo, para calmar los calambres abdominales y ayudar a aliviar el s\u00edndrome premenstrual (SPM).<\/p>\n<p>Nuestra\u00a0<strong>Tisana Safinel<\/strong>\u00a0est\u00e1 disponible en latas de 100 g, para que pueda utilizarlo de diversas maneras. Tambi\u00e9n encontrar\u00e1 en nuestra\u00a0<strong>boutique del bienestar<\/strong>\u00a0muchos otros productos naturales para mejorar su<strong>\u00a0comodidad durante la menorrea<\/strong>. Por ejemplo, el\u00a0<a href=\"https:\/\/www.safinel.fr\/es\/product-2\/fruta-4-lados-3-piezas\/\"><strong>Fruta de 4 caras<\/strong><\/a>, el\u00a0<a href=\"https:\/\/www.safinel.fr\/es\/product-2\/arbol-casto\/\"><strong>\u00e1rbol casto<\/strong><\/a>\u00a0o incluso\u00a0<a href=\"https:\/\/www.safinel.fr\/es\/product-2\/gowe\/\"><strong>el gow\u00e9<\/strong><\/a>.<\/p>\n<h2><strong>\u00bfCu\u00e1les son sus ventajas?\u00a0<\/strong><\/h2>\n<p>Esta infusi\u00f3n de hierbas tiene numerosas virtudes:<\/p>\n<ul>\n<li>Efecto calmante<\/li>\n<li>Propiedades antiinflamatorias<\/li>\n<li>Propiedades antiespasm\u00f3dicas<\/li>\n<li>Ayuda a aliviar los calambres abdominales<\/li>\n<li>Combatir las molestias del s\u00edndrome premenstrual<\/li>\n<li>Reducir el dolor<\/li>\n<li>Ayuda a mantener la movilidad articular en mujeres posmenop\u00e1usicas<\/li>\n<\/ul>\n<h2><strong>\u00bfC\u00f3mo utilizar esta tisana reguladora de la menstruaci\u00f3n?\u00a0<\/strong><\/h2>\n<p>Para utilizar este<strong>\u00a0bebida calmante para mujeres<\/strong>, No puede ser m\u00e1s sencillo:<\/p>\n<ol>\n<li>En primer lugar, hay que hervir el agua.<\/li>\n<li>A continuaci\u00f3n, se vierte el agua sobre la cantidad deseada de hierbas.<\/li>\n<li>Dejar en infusi\u00f3n de tres a cinco minutos y filtrar.<\/li>\n<li>Le\u00a0<strong>t\u00e9<\/strong>\u00a0puede comerse caliente o fr\u00edo.<\/li>\n<\/ol>\n<p>Por \u00faltimo, es aconsejable seguir atentamente las recomendaciones del envase. Este complemento alimenticio debe tomarse como tratamiento para apreciar su eficacia.<\/p>\n<h3><strong>Precauciones\u00a0<\/strong><\/h3>\n<p>Siga atentamente las instrucciones de uso que figuran en la caja del producto.<\/p>\n<p>Este complemento alimenticio no sustituye a la medicaci\u00f3n. Es aconsejable consultar a un m\u00e9dico en caso de s\u00edntomas persistentes.<\/p>","protected":false},"excerpt":{"rendered":"<p>Muchas mujeres sufren molestias premenstruales, que pueden ir de leves a graves. La tisana reguladora menstrual es un remedio natural eficaz contra el s\u00edndrome premenstrual. Es adecuado desde la pubertad hasta la menopausia, y te mantiene c\u00f3moda durante el ciclo, calmando sobre todo los calambres abdominales. \u00bfQu\u00e9 es una tisana reguladora de la menstruaci\u00f3n?  Existen muchas [...]","protected":false},"featured_media":2045,"template":"","meta":[],"product_brand":[],"product_cat":[19],"product_tag":[],"class_list":{"0":"post-2044","1":"product","2":"type-product","3":"status-publish","4":"has-post-thumbnail","6":"product_cat-thes-tisanes","8":"first","9":"instock","10":"shipping-taxable","11":"purchasable","12":"product-type-simple"},"yoast_head":"<!-- This site is optimized with the Yoast SEO plugin v26.6 - https:\/\/yoast.com\/wordpress\/plugins\/seo\/ -->\n<title>Tisane r\u00e9gulatrice des menstrues I Rem\u00e8de naturel\u00a0I 100g<\/title>\n<meta name=\"description\" content=\"La\u00a0tisane r\u00e9gulatrice des menstrues\u00a0est un\u00a0rem\u00e8de naturel\u00a0et efficace contre le\u00a0syndrome pr\u00e9menstruel.\u00a0Rem\u00e8de naturel\u00a0100g.\" \/>\n<meta name=\"robots\" content=\"index, follow, max-snippet:-1, max-image-preview:large, max-video-preview:-1\" \/>\n<link rel=\"canonical\" href=\"https:\/\/www.safinel.fr\/es\/product-2\/tisana-reguladora-de-la-menstruacion\/\" \/>\n<meta property=\"og:locale\" content=\"es_ES\" \/>\n<meta property=\"og:type\" content=\"article\" \/>\n<meta property=\"og:title\" content=\"Tisane r\u00e9gulatrice des menstrues I Rem\u00e8de naturel\u00a0I 100g\" \/>\n<meta property=\"og:description\" content=\"La\u00a0tisane r\u00e9gulatrice des menstrues\u00a0est un\u00a0rem\u00e8de naturel\u00a0et efficace contre le\u00a0syndrome pr\u00e9menstruel.\u00a0Rem\u00e8de naturel\u00a0100g.\" \/>\n<meta property=\"og:url\" content=\"https:\/\/www.safinel.fr\/es\/product-2\/tisana-reguladora-de-la-menstruacion\/\" \/>\n<meta property=\"og:site_name\" content=\"Safinel\" \/>\n<meta property=\"article:modified_time\" content=\"2024-02-05T16:56:46+00:00\" \/>\n<meta property=\"og:image\" content=\"https:\/\/www.safinel.fr\/wp-content\/uploads\/2022\/08\/tisane-regulatrice-menstrue.jpg\" \/>\n\t<meta property=\"og:image:width\" content=\"600\" \/>\n\t<meta property=\"og:image:height\" content=\"600\" \/>\n\t<meta property=\"og:image:type\" content=\"image\/jpeg\" \/>\n<meta name=\"twitter:card\" content=\"summary_large_image\" \/>\n<meta name=\"twitter:label1\" content=\"Tiempo de lectura\" \/>\n\t<meta name=\"twitter:data1\" content=\"2 minutos\" \/>\n<script type=\"application\/ld+json\" class=\"yoast-schema-graph\">{\"@context\":\"https:\/\/schema.org\",\"@graph\":[{\"@type\":\"WebPage\",\"@id\":\"https:\/\/www.safinel.fr\/produit\/tisane-regulatrice-des-menstrues\/\",\"url\":\"https:\/\/www.safinel.fr\/produit\/tisane-regulatrice-des-menstrues\/\",\"name\":\"Tisane r\u00e9gulatrice des menstrues I Rem\u00e8de naturel\u00a0I 100g\",\"isPartOf\":{\"@id\":\"https:\/\/www.safinel.fr\/#website\"},\"primaryImageOfPage\":{\"@id\":\"https:\/\/www.safinel.fr\/produit\/tisane-regulatrice-des-menstrues\/#primaryimage\"},\"image\":{\"@id\":\"https:\/\/www.safinel.fr\/produit\/tisane-regulatrice-des-menstrues\/#primaryimage\"},\"thumbnailUrl\":\"https:\/\/www.safinel.fr\/wp-content\/uploads\/2022\/08\/tisane-regulatrice-menstrue.jpg\",\"datePublished\":\"2022-08-05T19:19:39+00:00\",\"dateModified\":\"2024-02-05T16:56:46+00:00\",\"description\":\"La\u00a0tisane r\u00e9gulatrice des menstrues\u00a0est un\u00a0rem\u00e8de naturel\u00a0et efficace contre le\u00a0syndrome pr\u00e9menstruel.\u00a0Rem\u00e8de naturel\u00a0100g.\",\"breadcrumb\":{\"@id\":\"https:\/\/www.safinel.fr\/produit\/tisane-regulatrice-des-menstrues\/#breadcrumb\"},\"inLanguage\":\"es\",\"potentialAction\":[{\"@type\":\"ReadAction\",\"target\":[\"https:\/\/www.safinel.fr\/produit\/tisane-regulatrice-des-menstrues\/\"]}]},{\"@type\":\"ImageObject\",\"inLanguage\":\"es\",\"@id\":\"https:\/\/www.safinel.fr\/produit\/tisane-regulatrice-des-menstrues\/#primaryimage\",\"url\":\"https:\/\/www.safinel.fr\/wp-content\/uploads\/2022\/08\/tisane-regulatrice-menstrue.jpg\",\"contentUrl\":\"https:\/\/www.safinel.fr\/wp-content\/uploads\/2022\/08\/tisane-regulatrice-menstrue.jpg\",\"width\":600,\"height\":600,\"caption\":\"Tisane r\u00e9gulatrice des menstrues\"},{\"@type\":\"BreadcrumbList\",\"@id\":\"https:\/\/www.safinel.fr\/produit\/tisane-regulatrice-des-menstrues\/#breadcrumb\",\"itemListElement\":[{\"@type\":\"ListItem\",\"position\":1,\"name\":\"Accueil\",\"item\":\"https:\/\/www.safinel.fr\/\"},{\"@type\":\"ListItem\",\"position\":2,\"name\":\"Boutique\",\"item\":\"https:\/\/www.safinel.fr\/boutique\/\"},{\"@type\":\"ListItem\",\"position\":3,\"name\":\"Tisane r\u00e9gulatrice des menstrues 100g\"}]},{\"@type\":\"WebSite\",\"@id\":\"https:\/\/www.safinel.fr\/#website\",\"url\":\"https:\/\/www.safinel.fr\/\",\"name\":\"Safinel\",\"description\":\"\",\"publisher\":{\"@id\":\"https:\/\/www.safinel.fr\/#organization\"},\"potentialAction\":[{\"@type\":\"SearchAction\",\"target\":{\"@type\":\"EntryPoint\",\"urlTemplate\":\"https:\/\/www.safinel.fr\/?s={search_term_string}\"},\"query-input\":{\"@type\":\"PropertyValueSpecification\",\"valueRequired\":true,\"valueName\":\"search_term_string\"}}],\"inLanguage\":\"es\"},{\"@type\":\"Organization\",\"@id\":\"https:\/\/www.safinel.fr\/#organization\",\"name\":\"Safinel\",\"url\":\"https:\/\/www.safinel.fr\/\",\"logo\":{\"@type\":\"ImageObject\",\"inLanguage\":\"es\",\"@id\":\"https:\/\/www.safinel.fr\/#\/schema\/logo\/image\/\",\"url\":\"https:\/\/www.safinel.fr\/wp-content\/uploads\/2021\/05\/boutique-cosmetique.png\",\"contentUrl\":\"https:\/\/www.safinel.fr\/wp-content\/uploads\/2021\/05\/boutique-cosmetique.png\",\"width\":800,\"height\":200,\"caption\":\"Safinel\"},\"image\":{\"@id\":\"https:\/\/www.safinel.fr\/#\/schema\/logo\/image\/\"}}]}<\/script>\n<!-- \/ Yoast SEO plugin. -->","yoast_head_json":{"title":"Tisana para regular la menstruaci\u00f3n I Remedio natural I 100g","description":"La tisana reguladora menstrual es un remedio natural eficaz contra el s\u00edndrome premenstrual. Remedio natural 100g.","robots":{"index":"index","follow":"follow","max-snippet":"max-snippet:-1","max-image-preview":"max-image-preview:large","max-video-preview":"max-video-preview:-1"},"canonical":"https:\/\/www.safinel.fr\/es\/product-2\/tisana-reguladora-de-la-menstruacion\/","og_locale":"es_ES","og_type":"article","og_title":"Tisane r\u00e9gulatrice des menstrues I Rem\u00e8de naturel\u00a0I 100g","og_description":"La\u00a0tisane r\u00e9gulatrice des menstrues\u00a0est un\u00a0rem\u00e8de naturel\u00a0et efficace contre le\u00a0syndrome pr\u00e9menstruel.\u00a0Rem\u00e8de naturel\u00a0100g.","og_url":"https:\/\/www.safinel.fr\/es\/product-2\/tisana-reguladora-de-la-menstruacion\/","og_site_name":"Safinel","article_modified_time":"2024-02-05T16:56:46+00:00","og_image":[{"width":600,"height":600,"url":"https:\/\/www.safinel.fr\/wp-content\/uploads\/2022\/08\/tisane-regulatrice-menstrue.jpg","type":"image\/jpeg"}],"twitter_card":"summary_large_image","twitter_misc":{"Tiempo de lectura":"2 minutos"},"schema":{"@context":"https:\/\/schema.org","@graph":[{"@type":"WebPage","@id":"https:\/\/www.safinel.fr\/produit\/tisane-regulatrice-des-menstrues\/","url":"https:\/\/www.safinel.fr\/produit\/tisane-regulatrice-des-menstrues\/","name":"Tisana para regular la menstruaci\u00f3n I Remedio natural I 100g","isPartOf":{"@id":"https:\/\/www.safinel.fr\/#website"},"primaryImageOfPage":{"@id":"https:\/\/www.safinel.fr\/produit\/tisane-regulatrice-des-menstrues\/#primaryimage"},"image":{"@id":"https:\/\/www.safinel.fr\/produit\/tisane-regulatrice-des-menstrues\/#primaryimage"},"thumbnailUrl":"https:\/\/www.safinel.fr\/wp-content\/uploads\/2022\/08\/tisane-regulatrice-menstrue.jpg","datePublished":"2022-08-05T19:19:39+00:00","dateModified":"2024-02-05T16:56:46+00:00","description":"La tisana reguladora menstrual es un remedio natural eficaz contra el s\u00edndrome premenstrual. Remedio natural 100g.","breadcrumb":{"@id":"https:\/\/www.safinel.fr\/produit\/tisane-regulatrice-des-menstrues\/#breadcrumb"},"inLanguage":"es","potentialAction":[{"@type":"ReadAction","target":["https:\/\/www.safinel.fr\/produit\/tisane-regulatrice-des-menstrues\/"]}]},{"@type":"ImageObject","inLanguage":"es","@id":"https:\/\/www.safinel.fr\/produit\/tisane-regulatrice-des-menstrues\/#primaryimage","url":"https:\/\/www.safinel.fr\/wp-content\/uploads\/2022\/08\/tisane-regulatrice-menstrue.jpg","contentUrl":"https:\/\/www.safinel.fr\/wp-content\/uploads\/2022\/08\/tisane-regulatrice-menstrue.jpg","width":600,"height":600,"caption":"Tisane r\u00e9gulatrice des menstrues"},{"@type":"BreadcrumbList","@id":"https:\/\/www.safinel.fr\/produit\/tisane-regulatrice-des-menstrues\/#breadcrumb","itemListElement":[{"@type":"ListItem","position":1,"name":"Accueil","item":"https:\/\/www.safinel.fr\/"},{"@type":"ListItem","position":2,"name":"Boutique","item":"https:\/\/www.safinel.fr\/boutique\/"},{"@type":"ListItem","position":3,"name":"Tisane r\u00e9gulatrice des menstrues 100g"}]},{"@type":"WebSite","@id":"https:\/\/www.safinel.fr\/#website","url":"https:\/\/www.safinel.fr\/","name":"Safinel","description":"","publisher":{"@id":"https:\/\/www.safinel.fr\/#organization"},"potentialAction":[{"@type":"SearchAction","target":{"@type":"EntryPoint","urlTemplate":"https:\/\/www.safinel.fr\/?s={search_term_string}"},"query-input":{"@type":"PropertyValueSpecification","valueRequired":true,"valueName":"search_term_string"}}],"inLanguage":"es"},{"@type":"Organization","@id":"https:\/\/www.safinel.fr\/#organization","name":"Safinel","url":"https:\/\/www.safinel.fr\/","logo":{"@type":"ImageObject","inLanguage":"es","@id":"https:\/\/www.safinel.fr\/#\/schema\/logo\/image\/","url":"https:\/\/www.safinel.fr\/wp-content\/uploads\/2021\/05\/boutique-cosmetique.png","contentUrl":"https:\/\/www.safinel.fr\/wp-content\/uploads\/2021\/05\/boutique-cosmetique.png","width":800,"height":200,"caption":"Safinel"},"image":{"@id":"https:\/\/www.safinel.fr\/#\/schema\/logo\/image\/"}}]}},"_links":{"self":[{"href":"https:\/\/www.safinel.fr\/es\/wp-json\/wp\/v2\/product\/2044","targetHints":{"allow":["GET"]}}],"collection":[{"href":"https:\/\/www.safinel.fr\/es\/wp-json\/wp\/v2\/product"}],"about":[{"href":"https:\/\/www.safinel.fr\/es\/wp-json\/wp\/v2\/types\/product"}],"wp:featuredmedia":[{"embeddable":true,"href":"https:\/\/www.safinel.fr\/es\/wp-json\/wp\/v2\/media\/2045"}],"wp:attachment":[{"href":"https:\/\/www.safinel.fr\/es\/wp-json\/wp\/v2\/media?parent=2044"}],"wp:term":[{"taxonomy":"product_brand","embeddable":true,"href":"https:\/\/www.safinel.fr\/es\/wp-json\/wp\/v2\/product_brand?post=2044"},{"taxonomy":"product_cat","embeddable":true,"href":"https:\/\/www.safinel.fr\/es\/wp-json\/wp\/v2\/product_cat?post=2044"},{"taxonomy":"product_tag","embeddable":true,"href":"https:\/\/www.safinel.fr\/es\/wp-json\/wp\/v2\/product_tag?post=2044"}],"curies":[{"name":"wp","href":"https:\/\/api.w.org\/{rel}","templated":true}]}}