{"id":1998,"date":"2022-06-03T09:21:19","date_gmt":"2022-06-03T09:21:19","guid":{"rendered":"https:\/\/www.safinel.fr\/?post_type=product&#038;p=1998"},"modified":"2024-01-17T11:40:35","modified_gmt":"2024-01-17T11:40:35","slug":"hojas-de-morera-blanca","status":"publish","type":"product","link":"https:\/\/www.safinel.fr\/es\/product-2\/hojas-de-morera-blanca\/","title":{"rendered":"Hojas secas de morera blanca"},"content":{"rendered":"<p>La naturaleza ofrece multitud de riquezas, entre ellas las plantas con sus m\u00faltiples beneficios. De hecho, existe una enorme diversidad de flora utilizada con diversos fines para aliviar distintos tipos de dolencias. Por ejemplo, las hojas cortadas de la morera blanca son conocidas por hacer maravillas en la medicina tradicional. Aqu\u00ed tienes informaci\u00f3n sobre las virtudes del Morus Alba.<\/p>\n<h2><strong>Qu\u00e9 es la morera blanca<\/strong><\/h2>\n<p>La morera blanca es un \u00e1rbol originario de China que tiene un color verde p\u00e1lido y, por tanto, no es completamente blanco. Es un tipo especial de mor\u00e1cea, de aspecto arbustivo, que proporciona una magn\u00edfica sombra a su entorno. Sus hojas pueden volverse caducas en una determinada \u00e9poca del a\u00f1o. En oto\u00f1o, en particular, adquieren un exuberante tono amarillo dorado.<\/p>\n<p>Se utilizan mucho en pseudomedicina, ya que poseen enormes virtudes terap\u00e9uticas. Tambi\u00e9n es un \u00e1rbol que produce excelentes frutos dulces de color blanco rosado que pueden volverse rojos o negros. Estos frutos son muy apreciados por los aficionados en muchas partes del mundo. El Morus Alba suele ser una especie muy resistente que soporta las inclemencias del tiempo en la mayor\u00eda de las estaciones.<\/p>\n<p>Es naturalmente muy resistente debido a su\u00a0<strong>su estructura <a href=\"https:\/\/www.safinel.fr\/es\/product-2\/raices-de-gouro\/\">ra\u00edz<\/a> muy equilibrado<\/strong>. Soporta sin problemas la sequ\u00eda de ciertos periodos calurosos del a\u00f1o. Este \u00e1rbol es el m\u00e1s famoso y com\u00fan de las moreras. Suele encontrarse en Asia, \u00c1frica y partes de Am\u00e9rica y Europa.<\/p>\n<h2><strong>Efectos beneficiosos del Morus Alba<\/strong><\/h2>\n<p>Desde hace miles de a\u00f1os, la morera blanca se conoce como el\u00a0<strong>principal fuente de subsistencia de los gusanos de seda<\/strong>. Estas ventajas f\u00edsicas lo convierten en un complemento ideal para cualquier paisaje natural o jard\u00edn. Las hojas de este majestuoso \u00e1rbol son un excelente ingrediente en fitoterapia.<\/p>\n<p>En su forma cortada, estos ejemplares tienen muchas propiedades beneficiosas. En primer lugar, son una de las tisanas m\u00e1s populares del planeta. El consumo regular de esta infusi\u00f3n\u00a0<strong>reducir y equilibrar la cantidad de az\u00facar en el organismo<\/strong>.<\/p>\n<p>De hecho, este material est\u00e1 compuesto naturalmente de fibra, lo que lo convierte en un excelente laxante que regula la circulaci\u00f3n sangu\u00ednea. Elimina los agentes pat\u00f3genos y favorece el funcionamiento de los \u00f3rganos digestivos. El Morus Alba tambi\u00e9n es conocido por su capacidad para relajar el organismo.<\/p>\n<p>De hecho, el consumo regular de t\u00e9 de Morus Alba ayuda a\u00a0<strong>combatir la tensi\u00f3n y el estr\u00e9s<\/strong>. Alivia y calma el sistema nervioso. Por \u00faltimo, las hojas cortadas de morera blanca son famosas por ser potentes antioxidantes que aceleran la curaci\u00f3n. Tambi\u00e9n son excelentes remedios contra la fiebre y las enfermedades cardiovasculares.<\/p>\n<h3><strong>D\u00f3nde encontrar Morus Alba<\/strong><\/h3>\n<p>La morera blanca es una planta que puede sobrevivir en muchos tipos de suelo. Sin embargo, es muy recomendable cultivarla en vi\u00f1edos o jardines con suelos muy f\u00e9rtiles. Hay varias formas de conseguir este ingrediente milagroso.<\/p>\n<p>Por un lado, hay\u00a0<strong>sitios especializados<\/strong>\u00a0que, en el mejor de los casos, pueden suministrarle hojas de morera blanca precortadas. Tambi\u00e9n puede acudir a herborister\u00edas profesionales reconocidas para hacer su pedido.<\/p>\n<p>El Morus Alba es una planta legendaria con m\u00faltiples funciones. Es un excelente remedio para mantener la salud y el bienestar.<\/p>","protected":false},"excerpt":{"rendered":"<p>La naturaleza ofrece una gran variedad de riquezas, entre ellas las plantas con sus numerosos beneficios. De hecho, existe una gran diversidad de flora que se utiliza con diversos fines para aliviar diferentes tipos de dolencias. Por ejemplo, las hojas cortadas de la morera blanca son conocidas por hacer maravillas en la medicina tradicional. A continuaci\u00f3n, te presentamos algunas [\u2026]","protected":false},"featured_media":1999,"template":"","meta":[],"product_brand":[],"product_cat":[27],"product_tag":[],"class_list":{"0":"post-1998","1":"product","2":"type-product","3":"status-publish","4":"has-post-thumbnail","6":"product_cat-plantes-medicinales","8":"first","9":"instock","10":"shipping-taxable","11":"purchasable","12":"product-type-variable"},"yoast_head":"<!-- This site is optimized with the Yoast SEO plugin v26.6 - https:\/\/yoast.com\/wordpress\/plugins\/seo\/ -->\n<title>M\u00fbrier blanc (Morus Alba) I Achat de feuilles de m\u00fbrier blanc<\/title>\n<meta name=\"description\" content=\"Les feuilles coup\u00e9es de m\u00fbrier blanc sont connues pour faire des merveilles dans la m\u00e9decine traditionnelle. D\u00e9couvrez notre s\u00e9lection !\" \/>\n<meta name=\"robots\" content=\"index, follow, max-snippet:-1, max-image-preview:large, max-video-preview:-1\" \/>\n<link rel=\"canonical\" href=\"https:\/\/www.safinel.fr\/es\/product-2\/hojas-de-morera-blanca\/\" \/>\n<meta property=\"og:locale\" content=\"es_ES\" \/>\n<meta property=\"og:type\" content=\"article\" \/>\n<meta property=\"og:title\" content=\"M\u00fbrier blanc (Morus Alba) I Achat de feuilles de m\u00fbrier blanc\" \/>\n<meta property=\"og:description\" content=\"Les feuilles coup\u00e9es de m\u00fbrier blanc sont connues pour faire des merveilles dans la m\u00e9decine traditionnelle. D\u00e9couvrez notre s\u00e9lection !\" \/>\n<meta property=\"og:url\" content=\"https:\/\/www.safinel.fr\/es\/product-2\/hojas-de-morera-blanca\/\" \/>\n<meta property=\"og:site_name\" content=\"Safinel\" \/>\n<meta property=\"article:modified_time\" content=\"2024-01-17T11:40:35+00:00\" \/>\n<meta property=\"og:image\" content=\"https:\/\/www.safinel.fr\/wp-content\/uploads\/2022\/08\/feuilles-de-murier-blanc.jpg\" \/>\n\t<meta property=\"og:image:width\" content=\"600\" \/>\n\t<meta property=\"og:image:height\" content=\"600\" \/>\n\t<meta property=\"og:image:type\" content=\"image\/jpeg\" \/>\n<meta name=\"twitter:card\" content=\"summary_large_image\" \/>\n<meta name=\"twitter:label1\" content=\"Tiempo de lectura\" \/>\n\t<meta name=\"twitter:data1\" content=\"3 minutos\" \/>\n<script type=\"application\/ld+json\" class=\"yoast-schema-graph\">{\"@context\":\"https:\/\/schema.org\",\"@graph\":[{\"@type\":\"WebPage\",\"@id\":\"https:\/\/www.safinel.fr\/produit\/feuilles-de-murier-blanc\/\",\"url\":\"https:\/\/www.safinel.fr\/produit\/feuilles-de-murier-blanc\/\",\"name\":\"M\u00fbrier blanc (Morus Alba) I Achat de feuilles de m\u00fbrier blanc\",\"isPartOf\":{\"@id\":\"https:\/\/www.safinel.fr\/#website\"},\"primaryImageOfPage\":{\"@id\":\"https:\/\/www.safinel.fr\/produit\/feuilles-de-murier-blanc\/#primaryimage\"},\"image\":{\"@id\":\"https:\/\/www.safinel.fr\/produit\/feuilles-de-murier-blanc\/#primaryimage\"},\"thumbnailUrl\":\"https:\/\/www.safinel.fr\/wp-content\/uploads\/2022\/08\/feuilles-de-murier-blanc.jpg\",\"datePublished\":\"2022-06-03T09:21:19+00:00\",\"dateModified\":\"2024-01-17T11:40:35+00:00\",\"description\":\"Les feuilles coup\u00e9es de m\u00fbrier blanc sont connues pour faire des merveilles dans la m\u00e9decine traditionnelle. D\u00e9couvrez notre s\u00e9lection !\",\"breadcrumb\":{\"@id\":\"https:\/\/www.safinel.fr\/produit\/feuilles-de-murier-blanc\/#breadcrumb\"},\"inLanguage\":\"es\",\"potentialAction\":[{\"@type\":\"ReadAction\",\"target\":[\"https:\/\/www.safinel.fr\/produit\/feuilles-de-murier-blanc\/\"]}]},{\"@type\":\"ImageObject\",\"inLanguage\":\"es\",\"@id\":\"https:\/\/www.safinel.fr\/produit\/feuilles-de-murier-blanc\/#primaryimage\",\"url\":\"https:\/\/www.safinel.fr\/wp-content\/uploads\/2022\/08\/feuilles-de-murier-blanc.jpg\",\"contentUrl\":\"https:\/\/www.safinel.fr\/wp-content\/uploads\/2022\/08\/feuilles-de-murier-blanc.jpg\",\"width\":600,\"height\":600,\"caption\":\"Feuilles de m\u00fbrier blanc s\u00e9ch\u00e9es\"},{\"@type\":\"BreadcrumbList\",\"@id\":\"https:\/\/www.safinel.fr\/produit\/feuilles-de-murier-blanc\/#breadcrumb\",\"itemListElement\":[{\"@type\":\"ListItem\",\"position\":1,\"name\":\"Accueil\",\"item\":\"https:\/\/www.safinel.fr\/\"},{\"@type\":\"ListItem\",\"position\":2,\"name\":\"Boutique\",\"item\":\"https:\/\/www.safinel.fr\/boutique\/\"},{\"@type\":\"ListItem\",\"position\":3,\"name\":\"Feuilles de m\u00fbrier blanc s\u00e9ch\u00e9es\"}]},{\"@type\":\"WebSite\",\"@id\":\"https:\/\/www.safinel.fr\/#website\",\"url\":\"https:\/\/www.safinel.fr\/\",\"name\":\"Safinel\",\"description\":\"\",\"publisher\":{\"@id\":\"https:\/\/www.safinel.fr\/#organization\"},\"potentialAction\":[{\"@type\":\"SearchAction\",\"target\":{\"@type\":\"EntryPoint\",\"urlTemplate\":\"https:\/\/www.safinel.fr\/?s={search_term_string}\"},\"query-input\":{\"@type\":\"PropertyValueSpecification\",\"valueRequired\":true,\"valueName\":\"search_term_string\"}}],\"inLanguage\":\"es\"},{\"@type\":\"Organization\",\"@id\":\"https:\/\/www.safinel.fr\/#organization\",\"name\":\"Safinel\",\"url\":\"https:\/\/www.safinel.fr\/\",\"logo\":{\"@type\":\"ImageObject\",\"inLanguage\":\"es\",\"@id\":\"https:\/\/www.safinel.fr\/#\/schema\/logo\/image\/\",\"url\":\"https:\/\/www.safinel.fr\/wp-content\/uploads\/2021\/05\/boutique-cosmetique.png\",\"contentUrl\":\"https:\/\/www.safinel.fr\/wp-content\/uploads\/2021\/05\/boutique-cosmetique.png\",\"width\":800,\"height\":200,\"caption\":\"Safinel\"},\"image\":{\"@id\":\"https:\/\/www.safinel.fr\/#\/schema\/logo\/image\/\"}}]}<\/script>\n<!-- \/ Yoast SEO plugin. -->","yoast_head_json":{"title":"Morera blanca (Morus Alba) I Comprar hojas de morera blanca","description":"Se sabe que las hojas cortadas de morera blanca hacen maravillas en la medicina tradicional. \u00a1Descubra nuestra selecci\u00f3n!","robots":{"index":"index","follow":"follow","max-snippet":"max-snippet:-1","max-image-preview":"max-image-preview:large","max-video-preview":"max-video-preview:-1"},"canonical":"https:\/\/www.safinel.fr\/es\/product-2\/hojas-de-morera-blanca\/","og_locale":"es_ES","og_type":"article","og_title":"M\u00fbrier blanc (Morus Alba) I Achat de feuilles de m\u00fbrier blanc","og_description":"Les feuilles coup\u00e9es de m\u00fbrier blanc sont connues pour faire des merveilles dans la m\u00e9decine traditionnelle. D\u00e9couvrez notre s\u00e9lection !","og_url":"https:\/\/www.safinel.fr\/es\/product-2\/hojas-de-morera-blanca\/","og_site_name":"Safinel","article_modified_time":"2024-01-17T11:40:35+00:00","og_image":[{"width":600,"height":600,"url":"https:\/\/www.safinel.fr\/wp-content\/uploads\/2022\/08\/feuilles-de-murier-blanc.jpg","type":"image\/jpeg"}],"twitter_card":"summary_large_image","twitter_misc":{"Tiempo de lectura":"3 minutos"},"schema":{"@context":"https:\/\/schema.org","@graph":[{"@type":"WebPage","@id":"https:\/\/www.safinel.fr\/produit\/feuilles-de-murier-blanc\/","url":"https:\/\/www.safinel.fr\/produit\/feuilles-de-murier-blanc\/","name":"Morera blanca (Morus Alba) I Comprar hojas de morera blanca","isPartOf":{"@id":"https:\/\/www.safinel.fr\/#website"},"primaryImageOfPage":{"@id":"https:\/\/www.safinel.fr\/produit\/feuilles-de-murier-blanc\/#primaryimage"},"image":{"@id":"https:\/\/www.safinel.fr\/produit\/feuilles-de-murier-blanc\/#primaryimage"},"thumbnailUrl":"https:\/\/www.safinel.fr\/wp-content\/uploads\/2022\/08\/feuilles-de-murier-blanc.jpg","datePublished":"2022-06-03T09:21:19+00:00","dateModified":"2024-01-17T11:40:35+00:00","description":"Se sabe que las hojas cortadas de morera blanca hacen maravillas en la medicina tradicional. \u00a1Descubra nuestra selecci\u00f3n!","breadcrumb":{"@id":"https:\/\/www.safinel.fr\/produit\/feuilles-de-murier-blanc\/#breadcrumb"},"inLanguage":"es","potentialAction":[{"@type":"ReadAction","target":["https:\/\/www.safinel.fr\/produit\/feuilles-de-murier-blanc\/"]}]},{"@type":"ImageObject","inLanguage":"es","@id":"https:\/\/www.safinel.fr\/produit\/feuilles-de-murier-blanc\/#primaryimage","url":"https:\/\/www.safinel.fr\/wp-content\/uploads\/2022\/08\/feuilles-de-murier-blanc.jpg","contentUrl":"https:\/\/www.safinel.fr\/wp-content\/uploads\/2022\/08\/feuilles-de-murier-blanc.jpg","width":600,"height":600,"caption":"Feuilles de m\u00fbrier blanc s\u00e9ch\u00e9es"},{"@type":"BreadcrumbList","@id":"https:\/\/www.safinel.fr\/produit\/feuilles-de-murier-blanc\/#breadcrumb","itemListElement":[{"@type":"ListItem","position":1,"name":"Accueil","item":"https:\/\/www.safinel.fr\/"},{"@type":"ListItem","position":2,"name":"Boutique","item":"https:\/\/www.safinel.fr\/boutique\/"},{"@type":"ListItem","position":3,"name":"Feuilles de m\u00fbrier blanc s\u00e9ch\u00e9es"}]},{"@type":"WebSite","@id":"https:\/\/www.safinel.fr\/#website","url":"https:\/\/www.safinel.fr\/","name":"Safinel","description":"","publisher":{"@id":"https:\/\/www.safinel.fr\/#organization"},"potentialAction":[{"@type":"SearchAction","target":{"@type":"EntryPoint","urlTemplate":"https:\/\/www.safinel.fr\/?s={search_term_string}"},"query-input":{"@type":"PropertyValueSpecification","valueRequired":true,"valueName":"search_term_string"}}],"inLanguage":"es"},{"@type":"Organization","@id":"https:\/\/www.safinel.fr\/#organization","name":"Safinel","url":"https:\/\/www.safinel.fr\/","logo":{"@type":"ImageObject","inLanguage":"es","@id":"https:\/\/www.safinel.fr\/#\/schema\/logo\/image\/","url":"https:\/\/www.safinel.fr\/wp-content\/uploads\/2021\/05\/boutique-cosmetique.png","contentUrl":"https:\/\/www.safinel.fr\/wp-content\/uploads\/2021\/05\/boutique-cosmetique.png","width":800,"height":200,"caption":"Safinel"},"image":{"@id":"https:\/\/www.safinel.fr\/#\/schema\/logo\/image\/"}}]}},"_links":{"self":[{"href":"https:\/\/www.safinel.fr\/es\/wp-json\/wp\/v2\/product\/1998","targetHints":{"allow":["GET"]}}],"collection":[{"href":"https:\/\/www.safinel.fr\/es\/wp-json\/wp\/v2\/product"}],"about":[{"href":"https:\/\/www.safinel.fr\/es\/wp-json\/wp\/v2\/types\/product"}],"wp:featuredmedia":[{"embeddable":true,"href":"https:\/\/www.safinel.fr\/es\/wp-json\/wp\/v2\/media\/1999"}],"wp:attachment":[{"href":"https:\/\/www.safinel.fr\/es\/wp-json\/wp\/v2\/media?parent=1998"}],"wp:term":[{"taxonomy":"product_brand","embeddable":true,"href":"https:\/\/www.safinel.fr\/es\/wp-json\/wp\/v2\/product_brand?post=1998"},{"taxonomy":"product_cat","embeddable":true,"href":"https:\/\/www.safinel.fr\/es\/wp-json\/wp\/v2\/product_cat?post=1998"},{"taxonomy":"product_tag","embeddable":true,"href":"https:\/\/www.safinel.fr\/es\/wp-json\/wp\/v2\/product_tag?post=1998"}],"curies":[{"name":"wp","href":"https:\/\/api.w.org\/{rel}","templated":true}]}}