{"id":1975,"date":"2022-05-29T15:02:13","date_gmt":"2022-05-29T15:02:13","guid":{"rendered":"https:\/\/www.safinel.fr\/?post_type=product&#038;p=1975"},"modified":"2024-06-16T07:38:07","modified_gmt":"2024-06-16T07:38:07","slug":"eufrasia-euphrasia-officinalis","status":"publish","type":"product","link":"https:\/\/www.safinel.fr\/es\/product-2\/eufrasia-euphrasia-officinalis\/","title":{"rendered":"Eufrasia (Euphrasia officinalis)"},"content":{"rendered":"<p>Peque\u00f1a planta par\u00e1sita, la eufrasia crece generalmente en los prados. Se utiliza desde la Edad Media y es famosa por sus numerosos beneficios para la salud. De hecho, la eufrasia es un agente antiinflamatorio, antis\u00e9ptico y antibacteriano. Para ilustrarlo, he aqu\u00ed los principales beneficios de esta planta.<\/p>\n<h2><strong>Alivio de los s\u00edntomas de las enfermedades oft\u00e1lmicas<\/strong><\/h2>\n<p>La eufrasia se utiliza principalmente para aliviar los s\u00edntomas de las enfermedades oft\u00e1lmicas. Entre ellas, la inflamaci\u00f3n leve de la conjuntiva y los p\u00e1rpados. Tambi\u00e9n puede utilizarse para tratar los ojos cansados y llorosos.<\/p>\n<p>La eufrasia tambi\u00e9n ayuda a aliviar los orzuelos y la sequedad ocular. Lo mismo se aplica a las secreciones espesas o irritantes. Esta planta tambi\u00e9n tiene virtudes terap\u00e9uticas contra la iritis o la ptosis, que se manifiesta como un aflojamiento de los p\u00e1rpados.<\/p>\n<p>Por \u00faltimo, la eufrasia ayuda a aliviar la sensaci\u00f3n de quemaz\u00f3n o de p\u00e1rpados hinchados. Este es tambi\u00e9n el caso de los cuerpos extra\u00f1os en el ojo. Por \u00faltimo, cabe se\u00f1alar que la eufrasia puede utilizarse para aliviar la sensibilidad a la luz, tambi\u00e9n conocida como fotofobia.<\/p>\n<h2><strong>Otros beneficios de la euforbia<\/strong><\/h2>\n<p>Adem\u00e1s de los beneficios enumerados anteriormente, la eufrasia tiene muchos otros. Por ejemplo, puede utilizarse para aliviar s\u00edntomas como <a href=\"https:\/\/www.safinel.fr\/es\/product-2\/miel-de-dragon\/\"><strong>tos<\/strong><\/a> y ronquera. Tambi\u00e9n puede utilizarse para aliviar la sinusitis y el goteo nasal. La eufrasia tambi\u00e9n puede utilizarse para estimular la digesti\u00f3n. As\u00ed que esta planta es un remedio natural al que puedes recurrir si tienes problemas digestivos.<\/p>\n<p>Sin embargo, para aprovechar todos los beneficios de la euforbia, hay que utilizarla con prudencia. Por eso es importante saber c\u00f3mo hacerlo.<\/p>\n<h2><strong>Uso de la euforbia<\/strong><\/h2>\n<p>La eufrasia se utiliza generalmente en forma seca. Por lo tanto, existen dos alternativas principales. \u00c9stas son la infusi\u00f3n y el uso externo.<\/p>\n<p>Para preparar una infusi\u00f3n, hierve primero una taza de agua. Una vez hirviendo, a\u00f1ade una cucharada de material vegetal cortado para infusionar. A continuaci\u00f3n, deja reposar durante unos diez minutos. Al final, tendr\u00e1s una tisana. Se aconseja beber de 2 a 3 tazas al d\u00eda. Ten en cuenta que esta bebida tiene un sabor fuerte y amargo.<\/p>\n<p>Para uso externo, en cambio, aplique compresas o ba\u00f1os oculares varias veces al d\u00eda. Aplicar\u00e1 el colirio en el saco conjuntival del ojo. Esto debe hacerse dos o tres veces al d\u00eda.<\/p>\n<p>Para tratar la rinorrea y la fiebre del heno, basta con limpiar las fosas nasales con eufrasia. Para una mayor eficacia, puede combinarla con agrimonia seca. La agrimonia ayuda a tratar las secreciones patol\u00f3gicas y cr\u00f3nicas.<\/p>\n<h3><strong>Conclusi\u00f3n<\/strong><\/h3>\n<p>En resumen, la eufrasia tiene muchos beneficios para la salud. Esto se debe a sus propiedades analg\u00e9sicas, antibi\u00f3ticas y antiinflamatorias. Ayuda a aliviar los s\u00edntomas de las enfermedades oft\u00e1lmicas. Tambi\u00e9n puedes utilizarla para tratar la tos, la sinusitis y el goteo nasal. S\u00f3lo tienes que seguir el procedimiento explicado anteriormente.<\/p>","protected":false},"excerpt":{"rendered":"<p>Petite plante parasite, l\u2019euphraise pousse g\u00e9n\u00e9ralement dans les pr\u00e9s. Elle est utilis\u00e9e depuis le Moyen-\u00c2ge et est r\u00e9put\u00e9e pour ses nombreux effets b\u00e9n\u00e9fiques sur la sant\u00e9. En r\u00e9alit\u00e9, l\u2019euphraise est \u00e0 la fois un anti-inflammatoire, un antiseptique et un antibact\u00e9rien. Pour vous l\u2019illustrer, voici les principaux bienfaits de cette plante. L\u2019apaisement des sympt\u00f4mes des maladies [&#8230;]","protected":false},"featured_media":1979,"template":"","meta":[],"product_brand":[],"product_cat":[27],"product_tag":[],"class_list":{"0":"post-1975","1":"product","2":"type-product","3":"status-publish","4":"has-post-thumbnail","6":"product_cat-plantes-medicinales","8":"first","9":"instock","10":"shipping-taxable","11":"purchasable","12":"product-type-variable"},"yoast_head":"<!-- This site is optimized with the Yoast SEO plugin v26.6 - https:\/\/yoast.com\/wordpress\/plugins\/seo\/ -->\n<title>Euphraise (Euphrasia officinalis) I Plante aux bienfaits nombreux<\/title>\n<meta name=\"description\" content=\"Petite plante parasite, l\u2019euphraise pousse g\u00e9n\u00e9ralement dans les pr\u00e9s. Elle est utilis\u00e9e depuis le Moyen-\u00c2ge et est r\u00e9put\u00e9e pour ses effets b\u00e9n\u00e9fiques.\" \/>\n<meta name=\"robots\" content=\"index, follow, max-snippet:-1, max-image-preview:large, max-video-preview:-1\" \/>\n<link rel=\"canonical\" href=\"https:\/\/www.safinel.fr\/es\/product-2\/eufrasia-euphrasia-officinalis\/\" \/>\n<meta property=\"og:locale\" content=\"es_ES\" \/>\n<meta property=\"og:type\" content=\"article\" \/>\n<meta property=\"og:title\" content=\"Euphraise (Euphrasia officinalis) I Plante aux bienfaits nombreux\" \/>\n<meta property=\"og:description\" content=\"Petite plante parasite, l\u2019euphraise pousse g\u00e9n\u00e9ralement dans les pr\u00e9s. Elle est utilis\u00e9e depuis le Moyen-\u00c2ge et est r\u00e9put\u00e9e pour ses effets b\u00e9n\u00e9fiques.\" \/>\n<meta property=\"og:url\" content=\"https:\/\/www.safinel.fr\/es\/product-2\/eufrasia-euphrasia-officinalis\/\" \/>\n<meta property=\"og:site_name\" content=\"Safinel\" \/>\n<meta property=\"article:modified_time\" content=\"2024-06-16T07:38:07+00:00\" \/>\n<meta property=\"og:image\" content=\"https:\/\/www.safinel.fr\/wp-content\/uploads\/2022\/07\/les-bienfaits-de-l-euphraise.jpg\" \/>\n\t<meta property=\"og:image:width\" content=\"600\" \/>\n\t<meta property=\"og:image:height\" content=\"600\" \/>\n\t<meta property=\"og:image:type\" content=\"image\/jpeg\" \/>\n<meta name=\"twitter:card\" content=\"summary_large_image\" \/>\n<meta name=\"twitter:label1\" content=\"Tiempo de lectura\" \/>\n\t<meta name=\"twitter:data1\" content=\"3 minutos\" \/>\n<script type=\"application\/ld+json\" class=\"yoast-schema-graph\">{\"@context\":\"https:\/\/schema.org\",\"@graph\":[{\"@type\":\"WebPage\",\"@id\":\"https:\/\/www.safinel.fr\/produit\/euphraise-euphrasia-officinalis\/\",\"url\":\"https:\/\/www.safinel.fr\/produit\/euphraise-euphrasia-officinalis\/\",\"name\":\"Euphraise (Euphrasia officinalis) I Plante aux bienfaits nombreux\",\"isPartOf\":{\"@id\":\"https:\/\/www.safinel.fr\/#website\"},\"primaryImageOfPage\":{\"@id\":\"https:\/\/www.safinel.fr\/produit\/euphraise-euphrasia-officinalis\/#primaryimage\"},\"image\":{\"@id\":\"https:\/\/www.safinel.fr\/produit\/euphraise-euphrasia-officinalis\/#primaryimage\"},\"thumbnailUrl\":\"https:\/\/www.safinel.fr\/wp-content\/uploads\/2022\/07\/les-bienfaits-de-l-euphraise.jpg\",\"datePublished\":\"2022-05-29T15:02:13+00:00\",\"dateModified\":\"2024-06-16T07:38:07+00:00\",\"description\":\"Petite plante parasite, l\u2019euphraise pousse g\u00e9n\u00e9ralement dans les pr\u00e9s. Elle est utilis\u00e9e depuis le Moyen-\u00c2ge et est r\u00e9put\u00e9e pour ses effets b\u00e9n\u00e9fiques.\",\"breadcrumb\":{\"@id\":\"https:\/\/www.safinel.fr\/produit\/euphraise-euphrasia-officinalis\/#breadcrumb\"},\"inLanguage\":\"es\",\"potentialAction\":[{\"@type\":\"ReadAction\",\"target\":[\"https:\/\/www.safinel.fr\/produit\/euphraise-euphrasia-officinalis\/\"]}]},{\"@type\":\"ImageObject\",\"inLanguage\":\"es\",\"@id\":\"https:\/\/www.safinel.fr\/produit\/euphraise-euphrasia-officinalis\/#primaryimage\",\"url\":\"https:\/\/www.safinel.fr\/wp-content\/uploads\/2022\/07\/les-bienfaits-de-l-euphraise.jpg\",\"contentUrl\":\"https:\/\/www.safinel.fr\/wp-content\/uploads\/2022\/07\/les-bienfaits-de-l-euphraise.jpg\",\"width\":600,\"height\":600,\"caption\":\"Euphraise\"},{\"@type\":\"BreadcrumbList\",\"@id\":\"https:\/\/www.safinel.fr\/produit\/euphraise-euphrasia-officinalis\/#breadcrumb\",\"itemListElement\":[{\"@type\":\"ListItem\",\"position\":1,\"name\":\"Accueil\",\"item\":\"https:\/\/www.safinel.fr\/\"},{\"@type\":\"ListItem\",\"position\":2,\"name\":\"Boutique\",\"item\":\"https:\/\/www.safinel.fr\/boutique\/\"},{\"@type\":\"ListItem\",\"position\":3,\"name\":\"Euphraise (Euphrasia officinalis)\"}]},{\"@type\":\"WebSite\",\"@id\":\"https:\/\/www.safinel.fr\/#website\",\"url\":\"https:\/\/www.safinel.fr\/\",\"name\":\"Safinel\",\"description\":\"\",\"publisher\":{\"@id\":\"https:\/\/www.safinel.fr\/#organization\"},\"potentialAction\":[{\"@type\":\"SearchAction\",\"target\":{\"@type\":\"EntryPoint\",\"urlTemplate\":\"https:\/\/www.safinel.fr\/?s={search_term_string}\"},\"query-input\":{\"@type\":\"PropertyValueSpecification\",\"valueRequired\":true,\"valueName\":\"search_term_string\"}}],\"inLanguage\":\"es\"},{\"@type\":\"Organization\",\"@id\":\"https:\/\/www.safinel.fr\/#organization\",\"name\":\"Safinel\",\"url\":\"https:\/\/www.safinel.fr\/\",\"logo\":{\"@type\":\"ImageObject\",\"inLanguage\":\"es\",\"@id\":\"https:\/\/www.safinel.fr\/#\/schema\/logo\/image\/\",\"url\":\"https:\/\/www.safinel.fr\/wp-content\/uploads\/2021\/05\/boutique-cosmetique.png\",\"contentUrl\":\"https:\/\/www.safinel.fr\/wp-content\/uploads\/2021\/05\/boutique-cosmetique.png\",\"width\":800,\"height\":200,\"caption\":\"Safinel\"},\"image\":{\"@id\":\"https:\/\/www.safinel.fr\/#\/schema\/logo\/image\/\"}}]}<\/script>\n<!-- \/ Yoast SEO plugin. -->","yoast_head_json":{"title":"Eufrasia (Euphrasia officinalis) I Una planta con muchos beneficios","description":"Peque\u00f1a planta par\u00e1sita, la eufrasia crece generalmente en los prados. Se utiliza desde la Edad Media y es famosa por sus efectos beneficiosos.","robots":{"index":"index","follow":"follow","max-snippet":"max-snippet:-1","max-image-preview":"max-image-preview:large","max-video-preview":"max-video-preview:-1"},"canonical":"https:\/\/www.safinel.fr\/es\/product-2\/eufrasia-euphrasia-officinalis\/","og_locale":"es_ES","og_type":"article","og_title":"Euphraise (Euphrasia officinalis) I Plante aux bienfaits nombreux","og_description":"Petite plante parasite, l\u2019euphraise pousse g\u00e9n\u00e9ralement dans les pr\u00e9s. Elle est utilis\u00e9e depuis le Moyen-\u00c2ge et est r\u00e9put\u00e9e pour ses effets b\u00e9n\u00e9fiques.","og_url":"https:\/\/www.safinel.fr\/es\/product-2\/eufrasia-euphrasia-officinalis\/","og_site_name":"Safinel","article_modified_time":"2024-06-16T07:38:07+00:00","og_image":[{"width":600,"height":600,"url":"https:\/\/www.safinel.fr\/wp-content\/uploads\/2022\/07\/les-bienfaits-de-l-euphraise.jpg","type":"image\/jpeg"}],"twitter_card":"summary_large_image","twitter_misc":{"Tiempo de lectura":"3 minutos"},"schema":{"@context":"https:\/\/schema.org","@graph":[{"@type":"WebPage","@id":"https:\/\/www.safinel.fr\/produit\/euphraise-euphrasia-officinalis\/","url":"https:\/\/www.safinel.fr\/produit\/euphraise-euphrasia-officinalis\/","name":"Eufrasia (Euphrasia officinalis) I Una planta con muchos beneficios","isPartOf":{"@id":"https:\/\/www.safinel.fr\/#website"},"primaryImageOfPage":{"@id":"https:\/\/www.safinel.fr\/produit\/euphraise-euphrasia-officinalis\/#primaryimage"},"image":{"@id":"https:\/\/www.safinel.fr\/produit\/euphraise-euphrasia-officinalis\/#primaryimage"},"thumbnailUrl":"https:\/\/www.safinel.fr\/wp-content\/uploads\/2022\/07\/les-bienfaits-de-l-euphraise.jpg","datePublished":"2022-05-29T15:02:13+00:00","dateModified":"2024-06-16T07:38:07+00:00","description":"Peque\u00f1a planta par\u00e1sita, la eufrasia crece generalmente en los prados. Se utiliza desde la Edad Media y es famosa por sus efectos beneficiosos.","breadcrumb":{"@id":"https:\/\/www.safinel.fr\/produit\/euphraise-euphrasia-officinalis\/#breadcrumb"},"inLanguage":"es","potentialAction":[{"@type":"ReadAction","target":["https:\/\/www.safinel.fr\/produit\/euphraise-euphrasia-officinalis\/"]}]},{"@type":"ImageObject","inLanguage":"es","@id":"https:\/\/www.safinel.fr\/produit\/euphraise-euphrasia-officinalis\/#primaryimage","url":"https:\/\/www.safinel.fr\/wp-content\/uploads\/2022\/07\/les-bienfaits-de-l-euphraise.jpg","contentUrl":"https:\/\/www.safinel.fr\/wp-content\/uploads\/2022\/07\/les-bienfaits-de-l-euphraise.jpg","width":600,"height":600,"caption":"Euphraise"},{"@type":"BreadcrumbList","@id":"https:\/\/www.safinel.fr\/produit\/euphraise-euphrasia-officinalis\/#breadcrumb","itemListElement":[{"@type":"ListItem","position":1,"name":"Accueil","item":"https:\/\/www.safinel.fr\/"},{"@type":"ListItem","position":2,"name":"Boutique","item":"https:\/\/www.safinel.fr\/boutique\/"},{"@type":"ListItem","position":3,"name":"Euphraise (Euphrasia officinalis)"}]},{"@type":"WebSite","@id":"https:\/\/www.safinel.fr\/#website","url":"https:\/\/www.safinel.fr\/","name":"Safinel","description":"","publisher":{"@id":"https:\/\/www.safinel.fr\/#organization"},"potentialAction":[{"@type":"SearchAction","target":{"@type":"EntryPoint","urlTemplate":"https:\/\/www.safinel.fr\/?s={search_term_string}"},"query-input":{"@type":"PropertyValueSpecification","valueRequired":true,"valueName":"search_term_string"}}],"inLanguage":"es"},{"@type":"Organization","@id":"https:\/\/www.safinel.fr\/#organization","name":"Safinel","url":"https:\/\/www.safinel.fr\/","logo":{"@type":"ImageObject","inLanguage":"es","@id":"https:\/\/www.safinel.fr\/#\/schema\/logo\/image\/","url":"https:\/\/www.safinel.fr\/wp-content\/uploads\/2021\/05\/boutique-cosmetique.png","contentUrl":"https:\/\/www.safinel.fr\/wp-content\/uploads\/2021\/05\/boutique-cosmetique.png","width":800,"height":200,"caption":"Safinel"},"image":{"@id":"https:\/\/www.safinel.fr\/#\/schema\/logo\/image\/"}}]}},"_links":{"self":[{"href":"https:\/\/www.safinel.fr\/es\/wp-json\/wp\/v2\/product\/1975","targetHints":{"allow":["GET"]}}],"collection":[{"href":"https:\/\/www.safinel.fr\/es\/wp-json\/wp\/v2\/product"}],"about":[{"href":"https:\/\/www.safinel.fr\/es\/wp-json\/wp\/v2\/types\/product"}],"wp:featuredmedia":[{"embeddable":true,"href":"https:\/\/www.safinel.fr\/es\/wp-json\/wp\/v2\/media\/1979"}],"wp:attachment":[{"href":"https:\/\/www.safinel.fr\/es\/wp-json\/wp\/v2\/media?parent=1975"}],"wp:term":[{"taxonomy":"product_brand","embeddable":true,"href":"https:\/\/www.safinel.fr\/es\/wp-json\/wp\/v2\/product_brand?post=1975"},{"taxonomy":"product_cat","embeddable":true,"href":"https:\/\/www.safinel.fr\/es\/wp-json\/wp\/v2\/product_cat?post=1975"},{"taxonomy":"product_tag","embeddable":true,"href":"https:\/\/www.safinel.fr\/es\/wp-json\/wp\/v2\/product_tag?post=1975"}],"curies":[{"name":"wp","href":"https:\/\/api.w.org\/{rel}","templated":true}]}}