{"id":1970,"date":"2022-07-28T11:16:11","date_gmt":"2022-07-28T11:16:11","guid":{"rendered":"https:\/\/www.safinel.fr\/?post_type=product&#038;p=1970"},"modified":"2025-10-24T16:32:25","modified_gmt":"2025-10-24T16:32:25","slug":"miel-blanca-de-kirguistan","status":"publish","type":"product","link":"https:\/\/www.safinel.fr\/es\/product-2\/miel-blanca-de-kirguistan\/","title":{"rendered":"Miel blanca de Kirguist\u00e1n 250g"},"content":{"rendered":"<p>\u00a1Se impone un peque\u00f1o viaje! Tome asiento, \u00a1nos vamos de visita a Asia Central! \u00bfLe gusta viajar y hacer descubrimientos culinarios? Entonces conozca a los\u00a0<strong>miel blanca de Kirguist\u00e1n<\/strong>. Blancos, cremosos y sabrosos, los amantes del\u00a0<strong>productos colmena<\/strong>\u00a0ya se les hace la boca agua.<\/p>\n<p>No espere m\u00e1s y venga a descubrir lo que esconde este tesoro natural.<\/p>\n<h2><strong>Miel blanca de Kirguist\u00e1n: un n\u00e9ctar sin igual...\u00a0<\/strong><\/h2>\n<p>Por casualidad, \u00bfse ha topado alguna vez con uno de los tipos de miel m\u00e1s raros? Rara por su aspecto, pero tambi\u00e9n por su sabor... \u00a1Abran paso a la miel blanca de Kirguist\u00e1n! Algunos la comparan con\u00a0<strong>miel blanca de Francia<\/strong>, Aqu\u00ed no hay comparaci\u00f3n.<\/p>\n<p>Aunque s\u00f3lo sea por su sabor, el n\u00e9ctar de Kirguist\u00e1n es un\u00e1nimemente aclamado. <strong>una de las mejores mieles del mundo<\/strong>\u00a0!<\/p>\n<p>Situada en el continente asi\u00e1tico, concretamente en Naryn, esta miel es obra de apicultores rigurosos y, sobre todo, experimentados. El paisaje de esta peque\u00f1a ciudad de provincias de Kirguist\u00e1n es una de las principales ventajas de la calidad de este n\u00e9ctar.<\/p>\n<h2><strong>Miel blanca de Kirguist\u00e1n en su tienda Safinel\u00a0<\/strong><\/h2>\n<p>Para no cambiar las buenas costumbres, su boutique Safinel se preocupa por los productos que ofrece. Tras un meticuloso proceso de selecci\u00f3n, queremos destacar los productos de mejor calidad.\u00a0<strong>Miel de Naryn<\/strong>\u00a0!<\/p>\n<p>Si a\u00fan no lo conoce, \u00a1es hora de descubrirlo en su boutique de bienestar en l\u00ednea! Se presenta en un tarro transparente para que pueda apreciar su color puro y su aspecto cremoso. En un envase de 250 g, la miel de Kirguist\u00e1n puede sorprenderle.<\/p>\n<p>Definido para la mayor\u00eda como<strong>\u00a0n\u00e9ctar \u00fanico<\/strong>, Ni que decir tiene que probarlo es probablemente adoptarlo.<\/p>\n<h2><strong>Las m\u00faltiples virtudes de la miel blanca y cremosa de Kirguist\u00e1n\u00a0<\/strong><\/h2>\n<p>La miel en general es conocida por ser un\u00a0<strong>alicamento<\/strong>\u00a0\u00a1calidad! As\u00ed es, <a href=\"https:\/\/reseauprovence.com\/les-bienfaits-du-miel-en-cas-de-maux-de-ventre\/\" target=\"_blank\" rel=\"noopener\"><strong>muy \u00fatil contra ciertas enfermedades estacionales<\/strong><\/a> como dolores de garganta y problemas respiratorios, tambi\u00e9n tiene otros beneficios.<\/p>\n<p>Utilizado por algunos deportistas profesionales, puede ser una ventaja como\u00a0<a href=\"https:\/\/www.safinel.fr\/es\/product-2\/miel-de-comino-negro\/\"><strong>potenciador natural<\/strong><\/a>. Antes y\/o incluso despu\u00e9s de una sesi\u00f3n deportiva, este producto de la colmena es una verdadera ventaja para la recuperaci\u00f3n y el aporte energ\u00e9tico.<\/p>\n<p>Este n\u00e9ctar tambi\u00e9n se utiliza para tratar ciertos tipos de dolores intestinales. De hecho, como es muy bueno contra el reflujo g\u00e1strico, resulta ser un alicamento positivo contra estas molestias.<\/p>\n<p>Adem\u00e1s, se sabe que este tesoro natural es una ventaja contra los signos del envejecimiento.<\/p>\n<p>Como puede ver, este<strong>\u00a0productos colmena<\/strong>\u00a0es probablemente la que le faltaba. No lo dudes m\u00e1s y d\u00e9jate encantar por todas sus virtudes.<\/p>\n<h3><strong>Prep\u00e1rese para descubrir...<\/strong><\/h3>\n<p>Tic, tac, se acaba el tiempo y a\u00fan no has descubierto todas las sorpresas de tu tienda online Safinel.<\/p>\n<p>Conoce por fin al<strong>\u00a0<a href=\"https:\/\/www.safinel.fr\/es\/product-2\/hojas-de-damiana\/\">Hojas de damiana<\/a>.<\/strong>\u00a0Estos productos tan \u00fatiles para la mujer tambi\u00e9n tienen otras cualidades bien definidas.<\/p>\n<p>Adem\u00e1s, si lo desea, puede conocer el\u00a0<a href=\"https:\/\/www.safinel.fr\/es\/product-2\/capsulas-de-polen-de-palma\/\"><strong>c\u00e1psulas de polen de palma<\/strong><\/a>. Conocidas por ser beneficiosas para mejorar la fertilidad, estas c\u00e1psulas podr\u00edan sorprenderle.<\/p>","protected":false},"excerpt":{"rendered":"<p>Un petit voyage s\u2019impose ! Prenez place, nous visitons l\u2019Asie centrale ! Vous affectionnez les voyages et les d\u00e9couvertes culinaires ? Rencontrez alors le\u00a0miel blanc du Kirghizistan. Blanc, cr\u00e9meux et savoureux, les amateurs de\u00a0produits de la ruche\u00a0en ont d\u00e9j\u00e0 l\u2019eau \u00e0 la bouche. N\u2019attendez plus, et venez d\u00e9couvrir ce qui se cache derri\u00e8re ce tr\u00e9sor [&#8230;]","protected":false},"featured_media":1941,"template":"","meta":[],"product_brand":[],"product_cat":[24],"product_tag":[],"class_list":{"0":"post-1970","1":"product","2":"type-product","3":"status-publish","4":"has-post-thumbnail","6":"product_cat-apiculture","8":"first","9":"instock","10":"shipping-taxable","11":"purchasable","12":"product-type-simple"},"yoast_head":"<!-- This site is optimized with the Yoast SEO plugin v26.6 - https:\/\/yoast.com\/wordpress\/plugins\/seo\/ -->\n<title>Miel blanc du Kirghizistan I Miel cr\u00e9meux I Bienfaits nombreux<\/title>\n<meta name=\"description\" content=\"Rencontrez alors le\u00a0miel blanc du Kirghizistan. Blanc, cr\u00e9meux et savoureux, les amateurs de\u00a0produits de la ruche\u00a0en ont d\u00e9j\u00e0 l\u2019eau \u00e0 la bouche.\" \/>\n<meta name=\"robots\" content=\"index, follow, max-snippet:-1, max-image-preview:large, max-video-preview:-1\" \/>\n<link rel=\"canonical\" href=\"https:\/\/www.safinel.fr\/es\/product-2\/miel-blanca-de-kirguistan\/\" \/>\n<meta property=\"og:locale\" content=\"es_ES\" \/>\n<meta property=\"og:type\" content=\"article\" \/>\n<meta property=\"og:title\" content=\"Miel blanc du Kirghizistan I Miel cr\u00e9meux I Bienfaits nombreux\" \/>\n<meta property=\"og:description\" content=\"Rencontrez alors le\u00a0miel blanc du Kirghizistan. Blanc, cr\u00e9meux et savoureux, les amateurs de\u00a0produits de la ruche\u00a0en ont d\u00e9j\u00e0 l\u2019eau \u00e0 la bouche.\" \/>\n<meta property=\"og:url\" content=\"https:\/\/www.safinel.fr\/es\/product-2\/miel-blanca-de-kirguistan\/\" \/>\n<meta property=\"og:site_name\" content=\"Safinel\" \/>\n<meta property=\"article:modified_time\" content=\"2025-10-24T16:32:25+00:00\" \/>\n<meta property=\"og:image\" content=\"https:\/\/www.safinel.fr\/wp-content\/uploads\/2022\/07\/miel-blanc-du-kirghizstan.jpg\" \/>\n\t<meta property=\"og:image:width\" content=\"600\" \/>\n\t<meta property=\"og:image:height\" content=\"600\" \/>\n\t<meta property=\"og:image:type\" content=\"image\/jpeg\" \/>\n<meta name=\"twitter:card\" content=\"summary_large_image\" \/>\n<meta name=\"twitter:label1\" content=\"Tiempo de lectura\" \/>\n\t<meta name=\"twitter:data1\" content=\"3 minutos\" \/>\n<script type=\"application\/ld+json\" class=\"yoast-schema-graph\">{\"@context\":\"https:\/\/schema.org\",\"@graph\":[{\"@type\":\"WebPage\",\"@id\":\"https:\/\/www.safinel.fr\/produit\/miel-blanc-du-kirghizistan\/\",\"url\":\"https:\/\/www.safinel.fr\/produit\/miel-blanc-du-kirghizistan\/\",\"name\":\"Miel blanc du Kirghizistan I Miel cr\u00e9meux I Bienfaits nombreux\",\"isPartOf\":{\"@id\":\"https:\/\/www.safinel.fr\/#website\"},\"primaryImageOfPage\":{\"@id\":\"https:\/\/www.safinel.fr\/produit\/miel-blanc-du-kirghizistan\/#primaryimage\"},\"image\":{\"@id\":\"https:\/\/www.safinel.fr\/produit\/miel-blanc-du-kirghizistan\/#primaryimage\"},\"thumbnailUrl\":\"https:\/\/www.safinel.fr\/wp-content\/uploads\/2022\/07\/miel-blanc-du-kirghizstan.jpg\",\"datePublished\":\"2022-07-28T11:16:11+00:00\",\"dateModified\":\"2025-10-24T16:32:25+00:00\",\"description\":\"Rencontrez alors le\u00a0miel blanc du Kirghizistan. Blanc, cr\u00e9meux et savoureux, les amateurs de\u00a0produits de la ruche\u00a0en ont d\u00e9j\u00e0 l\u2019eau \u00e0 la bouche.\",\"breadcrumb\":{\"@id\":\"https:\/\/www.safinel.fr\/produit\/miel-blanc-du-kirghizistan\/#breadcrumb\"},\"inLanguage\":\"es\",\"potentialAction\":[{\"@type\":\"ReadAction\",\"target\":[\"https:\/\/www.safinel.fr\/produit\/miel-blanc-du-kirghizistan\/\"]}]},{\"@type\":\"ImageObject\",\"inLanguage\":\"es\",\"@id\":\"https:\/\/www.safinel.fr\/produit\/miel-blanc-du-kirghizistan\/#primaryimage\",\"url\":\"https:\/\/www.safinel.fr\/wp-content\/uploads\/2022\/07\/miel-blanc-du-kirghizstan.jpg\",\"contentUrl\":\"https:\/\/www.safinel.fr\/wp-content\/uploads\/2022\/07\/miel-blanc-du-kirghizstan.jpg\",\"width\":600,\"height\":600,\"caption\":\"Miel blanc du Kirghizistan 250g\"},{\"@type\":\"BreadcrumbList\",\"@id\":\"https:\/\/www.safinel.fr\/produit\/miel-blanc-du-kirghizistan\/#breadcrumb\",\"itemListElement\":[{\"@type\":\"ListItem\",\"position\":1,\"name\":\"Accueil\",\"item\":\"https:\/\/www.safinel.fr\/\"},{\"@type\":\"ListItem\",\"position\":2,\"name\":\"Boutique\",\"item\":\"https:\/\/www.safinel.fr\/boutique\/\"},{\"@type\":\"ListItem\",\"position\":3,\"name\":\"Miel blanc du Kirghizistan 250g\"}]},{\"@type\":\"WebSite\",\"@id\":\"https:\/\/www.safinel.fr\/#website\",\"url\":\"https:\/\/www.safinel.fr\/\",\"name\":\"Safinel\",\"description\":\"\",\"publisher\":{\"@id\":\"https:\/\/www.safinel.fr\/#organization\"},\"potentialAction\":[{\"@type\":\"SearchAction\",\"target\":{\"@type\":\"EntryPoint\",\"urlTemplate\":\"https:\/\/www.safinel.fr\/?s={search_term_string}\"},\"query-input\":{\"@type\":\"PropertyValueSpecification\",\"valueRequired\":true,\"valueName\":\"search_term_string\"}}],\"inLanguage\":\"es\"},{\"@type\":\"Organization\",\"@id\":\"https:\/\/www.safinel.fr\/#organization\",\"name\":\"Safinel\",\"url\":\"https:\/\/www.safinel.fr\/\",\"logo\":{\"@type\":\"ImageObject\",\"inLanguage\":\"es\",\"@id\":\"https:\/\/www.safinel.fr\/#\/schema\/logo\/image\/\",\"url\":\"https:\/\/www.safinel.fr\/wp-content\/uploads\/2021\/05\/boutique-cosmetique.png\",\"contentUrl\":\"https:\/\/www.safinel.fr\/wp-content\/uploads\/2021\/05\/boutique-cosmetique.png\",\"width\":800,\"height\":200,\"caption\":\"Safinel\"},\"image\":{\"@id\":\"https:\/\/www.safinel.fr\/#\/schema\/logo\/image\/\"}}]}<\/script>\n<!-- \/ Yoast SEO plugin. -->","yoast_head_json":{"title":"Miel blanca de Kirguist\u00e1n I Miel cremosa I Numerosos beneficios","description":"La miel blanca de Kirguist\u00e1n. Blanca, cremosa y sabrosa, te har\u00e1 la boca agua.","robots":{"index":"index","follow":"follow","max-snippet":"max-snippet:-1","max-image-preview":"max-image-preview:large","max-video-preview":"max-video-preview:-1"},"canonical":"https:\/\/www.safinel.fr\/es\/product-2\/miel-blanca-de-kirguistan\/","og_locale":"es_ES","og_type":"article","og_title":"Miel blanc du Kirghizistan I Miel cr\u00e9meux I Bienfaits nombreux","og_description":"Rencontrez alors le\u00a0miel blanc du Kirghizistan. Blanc, cr\u00e9meux et savoureux, les amateurs de\u00a0produits de la ruche\u00a0en ont d\u00e9j\u00e0 l\u2019eau \u00e0 la bouche.","og_url":"https:\/\/www.safinel.fr\/es\/product-2\/miel-blanca-de-kirguistan\/","og_site_name":"Safinel","article_modified_time":"2025-10-24T16:32:25+00:00","og_image":[{"width":600,"height":600,"url":"https:\/\/www.safinel.fr\/wp-content\/uploads\/2022\/07\/miel-blanc-du-kirghizstan.jpg","type":"image\/jpeg"}],"twitter_card":"summary_large_image","twitter_misc":{"Tiempo de lectura":"3 minutos"},"schema":{"@context":"https:\/\/schema.org","@graph":[{"@type":"WebPage","@id":"https:\/\/www.safinel.fr\/produit\/miel-blanc-du-kirghizistan\/","url":"https:\/\/www.safinel.fr\/produit\/miel-blanc-du-kirghizistan\/","name":"Miel blanca de Kirguist\u00e1n I Miel cremosa I Numerosos beneficios","isPartOf":{"@id":"https:\/\/www.safinel.fr\/#website"},"primaryImageOfPage":{"@id":"https:\/\/www.safinel.fr\/produit\/miel-blanc-du-kirghizistan\/#primaryimage"},"image":{"@id":"https:\/\/www.safinel.fr\/produit\/miel-blanc-du-kirghizistan\/#primaryimage"},"thumbnailUrl":"https:\/\/www.safinel.fr\/wp-content\/uploads\/2022\/07\/miel-blanc-du-kirghizstan.jpg","datePublished":"2022-07-28T11:16:11+00:00","dateModified":"2025-10-24T16:32:25+00:00","description":"La miel blanca de Kirguist\u00e1n. Blanca, cremosa y sabrosa, te har\u00e1 la boca agua.","breadcrumb":{"@id":"https:\/\/www.safinel.fr\/produit\/miel-blanc-du-kirghizistan\/#breadcrumb"},"inLanguage":"es","potentialAction":[{"@type":"ReadAction","target":["https:\/\/www.safinel.fr\/produit\/miel-blanc-du-kirghizistan\/"]}]},{"@type":"ImageObject","inLanguage":"es","@id":"https:\/\/www.safinel.fr\/produit\/miel-blanc-du-kirghizistan\/#primaryimage","url":"https:\/\/www.safinel.fr\/wp-content\/uploads\/2022\/07\/miel-blanc-du-kirghizstan.jpg","contentUrl":"https:\/\/www.safinel.fr\/wp-content\/uploads\/2022\/07\/miel-blanc-du-kirghizstan.jpg","width":600,"height":600,"caption":"Miel blanc du Kirghizistan 250g"},{"@type":"BreadcrumbList","@id":"https:\/\/www.safinel.fr\/produit\/miel-blanc-du-kirghizistan\/#breadcrumb","itemListElement":[{"@type":"ListItem","position":1,"name":"Accueil","item":"https:\/\/www.safinel.fr\/"},{"@type":"ListItem","position":2,"name":"Boutique","item":"https:\/\/www.safinel.fr\/boutique\/"},{"@type":"ListItem","position":3,"name":"Miel blanc du Kirghizistan 250g"}]},{"@type":"WebSite","@id":"https:\/\/www.safinel.fr\/#website","url":"https:\/\/www.safinel.fr\/","name":"Safinel","description":"","publisher":{"@id":"https:\/\/www.safinel.fr\/#organization"},"potentialAction":[{"@type":"SearchAction","target":{"@type":"EntryPoint","urlTemplate":"https:\/\/www.safinel.fr\/?s={search_term_string}"},"query-input":{"@type":"PropertyValueSpecification","valueRequired":true,"valueName":"search_term_string"}}],"inLanguage":"es"},{"@type":"Organization","@id":"https:\/\/www.safinel.fr\/#organization","name":"Safinel","url":"https:\/\/www.safinel.fr\/","logo":{"@type":"ImageObject","inLanguage":"es","@id":"https:\/\/www.safinel.fr\/#\/schema\/logo\/image\/","url":"https:\/\/www.safinel.fr\/wp-content\/uploads\/2021\/05\/boutique-cosmetique.png","contentUrl":"https:\/\/www.safinel.fr\/wp-content\/uploads\/2021\/05\/boutique-cosmetique.png","width":800,"height":200,"caption":"Safinel"},"image":{"@id":"https:\/\/www.safinel.fr\/#\/schema\/logo\/image\/"}}]}},"_links":{"self":[{"href":"https:\/\/www.safinel.fr\/es\/wp-json\/wp\/v2\/product\/1970","targetHints":{"allow":["GET"]}}],"collection":[{"href":"https:\/\/www.safinel.fr\/es\/wp-json\/wp\/v2\/product"}],"about":[{"href":"https:\/\/www.safinel.fr\/es\/wp-json\/wp\/v2\/types\/product"}],"wp:featuredmedia":[{"embeddable":true,"href":"https:\/\/www.safinel.fr\/es\/wp-json\/wp\/v2\/media\/1941"}],"wp:attachment":[{"href":"https:\/\/www.safinel.fr\/es\/wp-json\/wp\/v2\/media?parent=1970"}],"wp:term":[{"taxonomy":"product_brand","embeddable":true,"href":"https:\/\/www.safinel.fr\/es\/wp-json\/wp\/v2\/product_brand?post=1970"},{"taxonomy":"product_cat","embeddable":true,"href":"https:\/\/www.safinel.fr\/es\/wp-json\/wp\/v2\/product_cat?post=1970"},{"taxonomy":"product_tag","embeddable":true,"href":"https:\/\/www.safinel.fr\/es\/wp-json\/wp\/v2\/product_tag?post=1970"}],"curies":[{"name":"wp","href":"https:\/\/api.w.org\/{rel}","templated":true}]}}