{"id":1969,"date":"2022-07-28T11:09:50","date_gmt":"2022-07-28T11:09:50","guid":{"rendered":"https:\/\/www.safinel.fr\/?post_type=product&#038;p=1969"},"modified":"2025-03-12T19:17:25","modified_gmt":"2025-03-12T19:17:25","slug":"miel-de-azufaifo-de-yemen","status":"publish","type":"product","link":"https:\/\/www.safinel.fr\/es\/product-2\/miel-de-azufaifo-de-yemen\/","title":{"rendered":"Miel de azufaifo del Yemen 250g"},"content":{"rendered":"<p>El placer del paladar... \u00bfPor qu\u00e9 no combinar negocios con placer? Conozca el m\u00e1s codiciado de los n\u00e9ctares. Se llama\u00a0<strong>Miel de azufaifo del Yemen<\/strong>\u00a0!<\/p>\n<h2><strong>El placer de conocer la miel de azufaifo yemen\u00ed\u00a0<\/strong><\/h2>\n<p>Ag\u00e1rrese fuerte, porque es hora de hacer una peque\u00f1a excursi\u00f3n para saber m\u00e1s sobre este n\u00e9ctar tan codiciado.<\/p>\n<p>Esta miel de azufaifo, tambi\u00e9n conocida como\u00a0<strong>Sidr miel<\/strong>\u00a0o<strong>\u00a0Sidr Maliky,\u00a0<\/strong>es originario de Yemen. Yemen es un pa\u00eds del continente asi\u00e1tico. Se considera uno de los pa\u00edses m\u00e1s antiguos de la civilizaci\u00f3n de Oriente Pr\u00f3ximo.<\/p>\n<p>Tambi\u00e9n es conocida por sus numerosos y atractivos paisajes, que fomentan una apicultura de alta calidad. A menudo se asocia con\u00a0<strong>las mejores mieles del mundo<\/strong>, Sidr Maliky no s\u00f3lo tiene un sabor \u00fanico y agradable, \u00a1tambi\u00e9n es una opci\u00f3n saludable!<\/p>\n<h2><strong>Miel de azufaifo de Yemen\u00a0<\/strong><\/h2>\n<p>Con su compa\u00f1ero de bienestar Safinel, la elecci\u00f3n de los productos es esencial. Por eso el proceso de selecci\u00f3n es tan meticuloso.<\/p>\n<p>Descubra los famosos\u00a0<strong>rara miel de Yemen<\/strong>... Est\u00e1 disponible en la tienda en un tarro transparente, que revela el elixir que busca. El envase de 250 g es una verdadera ventaja para quienes quieran aprovechar este elixir.<strong>\u00a0productos colmena<\/strong>\u00a0a largo plazo<\/p>\n<p>Adem\u00e1s, su aspecto dorado y su atractivo aroma lo convierten en un aut\u00e9ntico ganador.\u00a0<strong>miel \u00fanica<\/strong>. En boca, es muy fundente y tambi\u00e9n tiene un sabor muy pronunciado.<\/p>\n<p>Si a usted tambi\u00e9n le apetece disfrutar de esta miel de azufaifo de Yemen, se la haremos descubrir en la tienda, \u00a1junto con muchas otras sorpresas!<\/p>\n<h2><strong>Miel de azufaifo de Yemen: mucho m\u00e1s que un sabor\u00a0<\/strong><\/h2>\n<p>Sabemos lo importante que es el sabor para vosotros, los peque\u00f1os gourmets. Si el\u00a0<strong>miel de azufaifo maliki<\/strong>\u00a0es sin duda atractiva por su sabor, \u00a1pero tambi\u00e9n es buena para la salud! \u00a1Has acertado! Considerado un\u00a0<strong>alicamento\u00a0<\/strong>Sidr Maliky posee multitud de virtudes que pueden hacer de esta miel un activo cotidiano.<\/p>\n<ul>\n<li>Antibacterias<\/li>\n<li>Energizante<\/li>\n<li>Enfermedades y otras infecciones relacionadas con las v\u00edas respiratorias<\/li>\n<li>Dolor intestinal<\/li>\n<li>\u00dalcera<\/li>\n<li>Dolor de garganta<\/li>\n<\/ul>\n<p>Como puede ver, este<strong>\u00a0miel monofloral<\/strong>\u00a0no s\u00f3lo es sabrosa, sino tambi\u00e9n buena para el metabolismo. Se utiliza muy a menudo como\u00a0<strong>complemento alimenticio<\/strong>, Es un suplemento nutricional y energizante de alta calidad. Los deportistas de alto nivel pueden tomarlo antes y despu\u00e9s de la sesi\u00f3n para facilitar el esfuerzo y la recuperaci\u00f3n.<\/p>\n<h3><strong>Sorpresa, sorpresa, descubre tambi\u00e9n...<\/strong><\/h3>\n<p>\u00bfPor qu\u00e9 cambiar los buenos h\u00e1bitos? Tu tienda online de bienestar est\u00e1 especialmente interesada en presentarte nuevos productos. Por eso nos gustar\u00eda hablarte de algunas de las llamadas plantas medicinales.<\/p>\n<p>\u00bfHa o\u00eddo hablar alguna vez de<strong>\u00a0<a href=\"https:\/\/www.safinel.fr\/es\/product-2\/arbol-casto\/\">Semillas de \u00e1rbol casto<\/a><\/strong>\u00a0? Considerado un tesoro para algunas mujeres, se sabe que ayuda a reducir algunos de los signos de la menopausia.<strong>\u00a0100% natural<\/strong>, Este producto podr\u00eda ser un activo considerable.<\/p>\n<p>Tambi\u00e9n tendr\u00e1 la oportunidad de descubrir<strong>\u00a0<a href=\"https:\/\/www.safinel.fr\/es\/product-2\/pimienta-de-szechuan-en-grano\/\">Pimienta de Szechuan en grano<\/a><\/strong>\u00a0\u00a1! Dej\u00e9moslo aqu\u00ed. Si desea obtener m\u00e1s informaci\u00f3n sobre este producto, le recomendamos que visite su tienda de bienestar m\u00e1s cercana.<\/p>","protected":false},"excerpt":{"rendered":"<p>Le plaisir du palais\u2026 Pourquoi ne pas m\u00ealer l\u2019utile \u00e0 l\u2019agr\u00e9able ? Faites la rencontre avec ce nectar des plus convoit\u00e9s ! Il se nomme ainsi le\u00a0Miel de jujubier du Y\u00e9men\u00a0! Le plaisir de rencontrer le miel de jujubier du Y\u00e9men\u00a0 Tenez-vous bien, car il est temps de faire une petite excursion afin d\u2019en savoir [&#8230;]","protected":false},"featured_media":1947,"template":"","meta":[],"product_brand":[],"product_cat":[24],"product_tag":[],"class_list":{"0":"post-1969","1":"product","2":"type-product","3":"status-publish","4":"has-post-thumbnail","6":"product_cat-apiculture","8":"first","9":"instock","10":"shipping-taxable","11":"purchasable","12":"product-type-simple"},"yoast_head":"<!-- This site is optimized with the Yoast SEO plugin v26.6 - https:\/\/yoast.com\/wordpress\/plugins\/seo\/ -->\n<title>Miel de jujubier I Le sidr maliki du Yemen par excellence<\/title>\n<meta name=\"description\" content=\"Le plaisir du palais\u2026 Pourquoi ne pas m\u00ealer l\u2019utile \u00e0 l\u2019agr\u00e9able ? Faites la rencontre avec ce nectar des plus convoit\u00e9s ! Le\u00a0Miel de jujubier du Y\u00e9men\u00a0!\u00a0\" \/>\n<meta name=\"robots\" content=\"index, follow, max-snippet:-1, max-image-preview:large, max-video-preview:-1\" \/>\n<link rel=\"canonical\" href=\"https:\/\/www.safinel.fr\/es\/product-2\/miel-de-azufaifo-de-yemen\/\" \/>\n<meta property=\"og:locale\" content=\"es_ES\" \/>\n<meta property=\"og:type\" content=\"article\" \/>\n<meta property=\"og:title\" content=\"Miel de jujubier I Le sidr maliki du Yemen par excellence\" \/>\n<meta property=\"og:description\" content=\"Le plaisir du palais\u2026 Pourquoi ne pas m\u00ealer l\u2019utile \u00e0 l\u2019agr\u00e9able ? Faites la rencontre avec ce nectar des plus convoit\u00e9s ! Le\u00a0Miel de jujubier du Y\u00e9men\u00a0!\u00a0\" \/>\n<meta property=\"og:url\" content=\"https:\/\/www.safinel.fr\/es\/product-2\/miel-de-azufaifo-de-yemen\/\" \/>\n<meta property=\"og:site_name\" content=\"Safinel\" \/>\n<meta property=\"article:modified_time\" content=\"2025-03-12T19:17:25+00:00\" \/>\n<meta property=\"og:image\" content=\"https:\/\/www.safinel.fr\/wp-content\/uploads\/2022\/07\/miel-de-jujubier-du-yemen.jpg\" \/>\n\t<meta property=\"og:image:width\" content=\"600\" \/>\n\t<meta property=\"og:image:height\" content=\"600\" \/>\n\t<meta property=\"og:image:type\" content=\"image\/jpeg\" \/>\n<meta name=\"twitter:card\" content=\"summary_large_image\" \/>\n<meta name=\"twitter:label1\" content=\"Tiempo de lectura\" \/>\n\t<meta name=\"twitter:data1\" content=\"3 minutos\" \/>\n<script type=\"application\/ld+json\" class=\"yoast-schema-graph\">{\"@context\":\"https:\/\/schema.org\",\"@graph\":[{\"@type\":\"WebPage\",\"@id\":\"https:\/\/www.safinel.fr\/produit\/miel-de-jujubier-du-yemen\/\",\"url\":\"https:\/\/www.safinel.fr\/produit\/miel-de-jujubier-du-yemen\/\",\"name\":\"Miel de jujubier I Le sidr maliki du Yemen par excellence\",\"isPartOf\":{\"@id\":\"https:\/\/www.safinel.fr\/#website\"},\"primaryImageOfPage\":{\"@id\":\"https:\/\/www.safinel.fr\/produit\/miel-de-jujubier-du-yemen\/#primaryimage\"},\"image\":{\"@id\":\"https:\/\/www.safinel.fr\/produit\/miel-de-jujubier-du-yemen\/#primaryimage\"},\"thumbnailUrl\":\"https:\/\/www.safinel.fr\/wp-content\/uploads\/2022\/07\/miel-de-jujubier-du-yemen.jpg\",\"datePublished\":\"2022-07-28T11:09:50+00:00\",\"dateModified\":\"2025-03-12T19:17:25+00:00\",\"description\":\"Le plaisir du palais\u2026 Pourquoi ne pas m\u00ealer l\u2019utile \u00e0 l\u2019agr\u00e9able ? Faites la rencontre avec ce nectar des plus convoit\u00e9s ! Le\u00a0Miel de jujubier du Y\u00e9men\u00a0!\u00a0\",\"breadcrumb\":{\"@id\":\"https:\/\/www.safinel.fr\/produit\/miel-de-jujubier-du-yemen\/#breadcrumb\"},\"inLanguage\":\"es\",\"potentialAction\":[{\"@type\":\"ReadAction\",\"target\":[\"https:\/\/www.safinel.fr\/produit\/miel-de-jujubier-du-yemen\/\"]}]},{\"@type\":\"ImageObject\",\"inLanguage\":\"es\",\"@id\":\"https:\/\/www.safinel.fr\/produit\/miel-de-jujubier-du-yemen\/#primaryimage\",\"url\":\"https:\/\/www.safinel.fr\/wp-content\/uploads\/2022\/07\/miel-de-jujubier-du-yemen.jpg\",\"contentUrl\":\"https:\/\/www.safinel.fr\/wp-content\/uploads\/2022\/07\/miel-de-jujubier-du-yemen.jpg\",\"width\":600,\"height\":600,\"caption\":\"Miel de jujubier du Yemen\"},{\"@type\":\"BreadcrumbList\",\"@id\":\"https:\/\/www.safinel.fr\/produit\/miel-de-jujubier-du-yemen\/#breadcrumb\",\"itemListElement\":[{\"@type\":\"ListItem\",\"position\":1,\"name\":\"Accueil\",\"item\":\"https:\/\/www.safinel.fr\/\"},{\"@type\":\"ListItem\",\"position\":2,\"name\":\"Boutique\",\"item\":\"https:\/\/www.safinel.fr\/boutique\/\"},{\"@type\":\"ListItem\",\"position\":3,\"name\":\"Miel de jujubier du Yemen 250g\"}]},{\"@type\":\"WebSite\",\"@id\":\"https:\/\/www.safinel.fr\/#website\",\"url\":\"https:\/\/www.safinel.fr\/\",\"name\":\"Safinel\",\"description\":\"\",\"publisher\":{\"@id\":\"https:\/\/www.safinel.fr\/#organization\"},\"potentialAction\":[{\"@type\":\"SearchAction\",\"target\":{\"@type\":\"EntryPoint\",\"urlTemplate\":\"https:\/\/www.safinel.fr\/?s={search_term_string}\"},\"query-input\":{\"@type\":\"PropertyValueSpecification\",\"valueRequired\":true,\"valueName\":\"search_term_string\"}}],\"inLanguage\":\"es\"},{\"@type\":\"Organization\",\"@id\":\"https:\/\/www.safinel.fr\/#organization\",\"name\":\"Safinel\",\"url\":\"https:\/\/www.safinel.fr\/\",\"logo\":{\"@type\":\"ImageObject\",\"inLanguage\":\"es\",\"@id\":\"https:\/\/www.safinel.fr\/#\/schema\/logo\/image\/\",\"url\":\"https:\/\/www.safinel.fr\/wp-content\/uploads\/2021\/05\/boutique-cosmetique.png\",\"contentUrl\":\"https:\/\/www.safinel.fr\/wp-content\/uploads\/2021\/05\/boutique-cosmetique.png\",\"width\":800,\"height\":200,\"caption\":\"Safinel\"},\"image\":{\"@id\":\"https:\/\/www.safinel.fr\/#\/schema\/logo\/image\/\"}}]}<\/script>\n<!-- \/ Yoast SEO plugin. -->","yoast_head_json":{"title":"Miel de azufaifo I El sidr maliki yemen\u00ed por excelencia","description":"El placer del paladar... \u00bfPor qu\u00e9 no combinar negocios con placer? Conozca el m\u00e1s codiciado de los n\u00e9ctares. Miel de azufaifo de Yemen.\u00a0","robots":{"index":"index","follow":"follow","max-snippet":"max-snippet:-1","max-image-preview":"max-image-preview:large","max-video-preview":"max-video-preview:-1"},"canonical":"https:\/\/www.safinel.fr\/es\/product-2\/miel-de-azufaifo-de-yemen\/","og_locale":"es_ES","og_type":"article","og_title":"Miel de jujubier I Le sidr maliki du Yemen par excellence","og_description":"Le plaisir du palais\u2026 Pourquoi ne pas m\u00ealer l\u2019utile \u00e0 l\u2019agr\u00e9able ? Faites la rencontre avec ce nectar des plus convoit\u00e9s ! Le\u00a0Miel de jujubier du Y\u00e9men\u00a0!\u00a0","og_url":"https:\/\/www.safinel.fr\/es\/product-2\/miel-de-azufaifo-de-yemen\/","og_site_name":"Safinel","article_modified_time":"2025-03-12T19:17:25+00:00","og_image":[{"width":600,"height":600,"url":"https:\/\/www.safinel.fr\/wp-content\/uploads\/2022\/07\/miel-de-jujubier-du-yemen.jpg","type":"image\/jpeg"}],"twitter_card":"summary_large_image","twitter_misc":{"Tiempo de lectura":"3 minutos"},"schema":{"@context":"https:\/\/schema.org","@graph":[{"@type":"WebPage","@id":"https:\/\/www.safinel.fr\/produit\/miel-de-jujubier-du-yemen\/","url":"https:\/\/www.safinel.fr\/produit\/miel-de-jujubier-du-yemen\/","name":"Miel de azufaifo I El sidr maliki yemen\u00ed por excelencia","isPartOf":{"@id":"https:\/\/www.safinel.fr\/#website"},"primaryImageOfPage":{"@id":"https:\/\/www.safinel.fr\/produit\/miel-de-jujubier-du-yemen\/#primaryimage"},"image":{"@id":"https:\/\/www.safinel.fr\/produit\/miel-de-jujubier-du-yemen\/#primaryimage"},"thumbnailUrl":"https:\/\/www.safinel.fr\/wp-content\/uploads\/2022\/07\/miel-de-jujubier-du-yemen.jpg","datePublished":"2022-07-28T11:09:50+00:00","dateModified":"2025-03-12T19:17:25+00:00","description":"El placer del paladar... \u00bfPor qu\u00e9 no combinar negocios con placer? Conozca el m\u00e1s codiciado de los n\u00e9ctares. Miel de azufaifo de Yemen.\u00a0","breadcrumb":{"@id":"https:\/\/www.safinel.fr\/produit\/miel-de-jujubier-du-yemen\/#breadcrumb"},"inLanguage":"es","potentialAction":[{"@type":"ReadAction","target":["https:\/\/www.safinel.fr\/produit\/miel-de-jujubier-du-yemen\/"]}]},{"@type":"ImageObject","inLanguage":"es","@id":"https:\/\/www.safinel.fr\/produit\/miel-de-jujubier-du-yemen\/#primaryimage","url":"https:\/\/www.safinel.fr\/wp-content\/uploads\/2022\/07\/miel-de-jujubier-du-yemen.jpg","contentUrl":"https:\/\/www.safinel.fr\/wp-content\/uploads\/2022\/07\/miel-de-jujubier-du-yemen.jpg","width":600,"height":600,"caption":"Miel de jujubier du Yemen"},{"@type":"BreadcrumbList","@id":"https:\/\/www.safinel.fr\/produit\/miel-de-jujubier-du-yemen\/#breadcrumb","itemListElement":[{"@type":"ListItem","position":1,"name":"Accueil","item":"https:\/\/www.safinel.fr\/"},{"@type":"ListItem","position":2,"name":"Boutique","item":"https:\/\/www.safinel.fr\/boutique\/"},{"@type":"ListItem","position":3,"name":"Miel de jujubier du Yemen 250g"}]},{"@type":"WebSite","@id":"https:\/\/www.safinel.fr\/#website","url":"https:\/\/www.safinel.fr\/","name":"Safinel","description":"","publisher":{"@id":"https:\/\/www.safinel.fr\/#organization"},"potentialAction":[{"@type":"SearchAction","target":{"@type":"EntryPoint","urlTemplate":"https:\/\/www.safinel.fr\/?s={search_term_string}"},"query-input":{"@type":"PropertyValueSpecification","valueRequired":true,"valueName":"search_term_string"}}],"inLanguage":"es"},{"@type":"Organization","@id":"https:\/\/www.safinel.fr\/#organization","name":"Safinel","url":"https:\/\/www.safinel.fr\/","logo":{"@type":"ImageObject","inLanguage":"es","@id":"https:\/\/www.safinel.fr\/#\/schema\/logo\/image\/","url":"https:\/\/www.safinel.fr\/wp-content\/uploads\/2021\/05\/boutique-cosmetique.png","contentUrl":"https:\/\/www.safinel.fr\/wp-content\/uploads\/2021\/05\/boutique-cosmetique.png","width":800,"height":200,"caption":"Safinel"},"image":{"@id":"https:\/\/www.safinel.fr\/#\/schema\/logo\/image\/"}}]}},"_links":{"self":[{"href":"https:\/\/www.safinel.fr\/es\/wp-json\/wp\/v2\/product\/1969","targetHints":{"allow":["GET"]}}],"collection":[{"href":"https:\/\/www.safinel.fr\/es\/wp-json\/wp\/v2\/product"}],"about":[{"href":"https:\/\/www.safinel.fr\/es\/wp-json\/wp\/v2\/types\/product"}],"wp:featuredmedia":[{"embeddable":true,"href":"https:\/\/www.safinel.fr\/es\/wp-json\/wp\/v2\/media\/1947"}],"wp:attachment":[{"href":"https:\/\/www.safinel.fr\/es\/wp-json\/wp\/v2\/media?parent=1969"}],"wp:term":[{"taxonomy":"product_brand","embeddable":true,"href":"https:\/\/www.safinel.fr\/es\/wp-json\/wp\/v2\/product_brand?post=1969"},{"taxonomy":"product_cat","embeddable":true,"href":"https:\/\/www.safinel.fr\/es\/wp-json\/wp\/v2\/product_cat?post=1969"},{"taxonomy":"product_tag","embeddable":true,"href":"https:\/\/www.safinel.fr\/es\/wp-json\/wp\/v2\/product_tag?post=1969"}],"curies":[{"name":"wp","href":"https:\/\/api.w.org\/{rel}","templated":true}]}}