{"id":1968,"date":"2022-07-28T11:07:16","date_gmt":"2022-07-28T11:07:16","guid":{"rendered":"https:\/\/www.safinel.fr\/?post_type=product&#038;p=1968"},"modified":"2023-12-28T17:15:23","modified_gmt":"2023-12-28T17:15:23","slug":"miel-de-dragon","status":"publish","type":"product","link":"https:\/\/www.safinel.fr\/es\/product-2\/miel-de-dragon\/","title":{"rendered":"Miel de daghmous marroqu\u00ed 250g"},"content":{"rendered":"<p>\u00bfBusca un capricho natural de calidad? Su tienda en l\u00ednea quiere poner de relieve<strong> Miel de drag\u00f3n.<\/strong>\u00a0Tambi\u00e9n conocido como\u00a0<strong>miel de euforbia<\/strong>, Es uno de los favoritos de muchos aficionados.\u00a0<strong>apicultura<\/strong>.<\/p>\n<p>Ya sea untado en una tostada o utilizado como cura rejuvenecedora, \u00a1este elixir natural puede sorprenderle!<\/p>\n<h2><strong>La sorprendente procedencia de la miel de Daghmous\u00a0<\/strong><\/h2>\n<p>Tomen asiento y p\u00f3nganse c\u00f3modos, \u00a1porque vamos a hablar de la famosa miel de Daghmous! Para los que a\u00fan no la conozcan\u00a0<strong>el tesoro de la naturaleza<\/strong>, No te preocupes, haremos algo al respecto.<\/p>\n<p>En primer lugar, es interesante saber que este n\u00e9ctar procede de Marruecos. S\u00ed, la artesan\u00eda marroqu\u00ed vuelve a hacerse un nombre, esta vez en el sector ap\u00edcola. Si este pa\u00eds es muy conocido entre los profesionales, es por la calidad de su n\u00e9ctar.<\/p>\n<p>Pero, \u00bfde qu\u00e9 flor procede la miel de Daghmous?<\/p>\n<p>Por sorprendente que parezca, este n\u00e9ctar procede de la\u00a0<strong>polinizaci\u00f3n<\/strong>\u00a0\u00a1de cactus! Has acertado, el cactus es una planta singular cuyo famoso polen las abejas se complacen en recolectar. Y por eso este n\u00e9ctar est\u00e1 catalogado como un\u00a0<strong>miel monofloral<\/strong>\u00a0!<\/p>\n<h2><strong>Safinel y Daghmous miel\u00a0<\/strong><\/h2>\n<p>Ahora que sabe m\u00e1s sobre este elixir, \u00bfqu\u00e9 le parecer\u00eda ir a conocerlo? Su magn\u00edfica boutique del bienestar desea que descubra este famoso\u00a0<strong>productos colmena<\/strong>\u00a0!<\/p>\n<p>Cremosa y sabrosa a la vez, enloquece a los gourmets... Se presenta en un tarro transparente, \u00a1que deja entrever este codiciado n\u00e9ctar! En su envase de 250 g, es justo lo que necesitan los amantes de la miel.<\/p>\n<p>Su sabor fundente y su aspecto marr\u00f3n ya marcan la pauta. No lo dude m\u00e1s y \u00fanase a los amantes de los productos naturales de calidad.<\/p>\n<h2><strong>Los beneficios de la miel de Daghmous\u00a0<\/strong><\/h2>\n<p>\u00bfTiene curiosidad por conocer las virtudes de esta miel? No se preocupe. Este n\u00e9ctar de agradable sabor posee adem\u00e1s algunas cualidades muy \u00fatiles para la vida cotidiana.<\/p>\n<p>De hecho, se considera que tiene un efecto beneficioso sobre las enfermedades estacionales. Los resfriados y los dolores de garganta son un juego de ni\u00f1os con este alimento saludable. Adem\u00e1s, para los amantes del deporte, este n\u00e9ctar puede ser una ventaja a\u00f1adida.<\/p>\n<p>Extremadamente \u00fatil para tonificar los m\u00fasculos y vigorizar el cuerpo, este\u00a0<strong>miel de euforbia<\/strong>\u00a0es un verdadero compa\u00f1ero para el esfuerzo f\u00edsico.<\/p>\n<p>Tambi\u00e9n se sabe que regula la hipertensi\u00f3n y otras enfermedades cardiovasculares.<\/p>\n<h3><strong>En alg\u00fan lugar de su boutique del bienestar...<\/strong><\/h3>\n<p>Como siempre, su boutique Safinel se preocupa por los productos que vende. Por eso selecciona cuidadosamente los art\u00edculos disponibles en la tienda. \u00bfHa conocido alguna vez al<strong>\u00a0<a href=\"https:\/\/www.safinel.fr\/es\/product-2\/curcuma\/\">c\u00farcuma en polvo<\/a><\/strong>\u00a0? 100 puro y vegano %, este polvo de origen vegetal podr\u00eda sorprenderle.<\/p>\n<p>Tambi\u00e9n tendr\u00e1 la oportunidad de conocer el<strong>\u00a0<a href=\"https:\/\/www.safinel.fr\/es\/product-2\/garcinia\/\">Garcinia Cambogia<\/a><\/strong>\u00a0\u00a1! En particular, es conocida por sus numerosos beneficios contra la hipertensi\u00f3n arterial.<\/p>\n<p>Su tienda de bienestar en l\u00ednea se complace en ofrecerle productos que pueden ser perfectos para usted. \u00a1Ahora le toca a usted!<\/p>","protected":false},"excerpt":{"rendered":"<p>\u00bfBusca un manjar natural de calidad? Nuestra tienda online desea destacar la miel de Daghmous. Tambi\u00e9n conocida como miel de euforbia, es muy apreciada por muchos aficionados a la apicultura. Ya sea untada en una tostada o como cura rejuvenecedora, este elixir natural le sorprender\u00e1. El sorprendente origen de la miel de Daghmous  Tome asiento, p\u00f3ngase c\u00f3modo [\u2026]","protected":false},"featured_media":1945,"template":"","meta":[],"product_brand":[],"product_cat":[24,70],"product_tag":[],"class_list":{"0":"post-1968","1":"product","2":"type-product","3":"status-publish","4":"has-post-thumbnail","6":"product_cat-apiculture","7":"product_cat-miels-du-maroc","9":"first","10":"instock","11":"shipping-taxable","12":"purchasable","13":"product-type-simple"},"yoast_head":"<!-- This site is optimized with the Yoast SEO plugin v26.6 - https:\/\/yoast.com\/wordpress\/plugins\/seo\/ -->\n<title>Miel de daghmous (Cactus) I Miel piquant I Bienfaits nombreux<\/title>\n<meta name=\"description\" content=\"Votre boutique souhaite mettre \u00e0 l\u2019honneur le\u00a0miel de Daghmous. Aussi surnomm\u00e9\u00a0miel d\u2019euphorbe ou cactus. Un miel piquant aux bienfaits nombreux.\" \/>\n<meta name=\"robots\" content=\"index, follow, max-snippet:-1, max-image-preview:large, max-video-preview:-1\" \/>\n<link rel=\"canonical\" href=\"https:\/\/www.safinel.fr\/es\/product-2\/miel-de-dragon\/\" \/>\n<meta property=\"og:locale\" content=\"es_ES\" \/>\n<meta property=\"og:type\" content=\"article\" \/>\n<meta property=\"og:title\" content=\"Miel de daghmous (Cactus) I Miel piquant I Bienfaits nombreux\" \/>\n<meta property=\"og:description\" content=\"Votre boutique souhaite mettre \u00e0 l\u2019honneur le\u00a0miel de Daghmous. Aussi surnomm\u00e9\u00a0miel d\u2019euphorbe ou cactus. Un miel piquant aux bienfaits nombreux.\" \/>\n<meta property=\"og:url\" content=\"https:\/\/www.safinel.fr\/es\/product-2\/miel-de-dragon\/\" \/>\n<meta property=\"og:site_name\" content=\"Safinel\" \/>\n<meta property=\"article:modified_time\" content=\"2023-12-28T17:15:23+00:00\" \/>\n<meta property=\"og:image\" content=\"https:\/\/www.safinel.fr\/wp-content\/uploads\/2022\/07\/miel-de-daghmous.jpg\" \/>\n\t<meta property=\"og:image:width\" content=\"600\" \/>\n\t<meta property=\"og:image:height\" content=\"600\" \/>\n\t<meta property=\"og:image:type\" content=\"image\/jpeg\" \/>\n<meta name=\"twitter:card\" content=\"summary_large_image\" \/>\n<meta name=\"twitter:label1\" content=\"Tiempo de lectura\" \/>\n\t<meta name=\"twitter:data1\" content=\"3 minutos\" \/>\n<script type=\"application\/ld+json\" class=\"yoast-schema-graph\">{\"@context\":\"https:\/\/schema.org\",\"@graph\":[{\"@type\":\"WebPage\",\"@id\":\"https:\/\/www.safinel.fr\/produit\/miel-de-daghmous\/\",\"url\":\"https:\/\/www.safinel.fr\/produit\/miel-de-daghmous\/\",\"name\":\"Miel de daghmous (Cactus) I Miel piquant I Bienfaits nombreux\",\"isPartOf\":{\"@id\":\"https:\/\/www.safinel.fr\/#website\"},\"primaryImageOfPage\":{\"@id\":\"https:\/\/www.safinel.fr\/produit\/miel-de-daghmous\/#primaryimage\"},\"image\":{\"@id\":\"https:\/\/www.safinel.fr\/produit\/miel-de-daghmous\/#primaryimage\"},\"thumbnailUrl\":\"https:\/\/www.safinel.fr\/wp-content\/uploads\/2022\/07\/miel-de-daghmous.jpg\",\"datePublished\":\"2022-07-28T11:07:16+00:00\",\"dateModified\":\"2023-12-28T17:15:23+00:00\",\"description\":\"Votre boutique souhaite mettre \u00e0 l\u2019honneur le\u00a0miel de Daghmous. Aussi surnomm\u00e9\u00a0miel d\u2019euphorbe ou cactus. Un miel piquant aux bienfaits nombreux.\",\"breadcrumb\":{\"@id\":\"https:\/\/www.safinel.fr\/produit\/miel-de-daghmous\/#breadcrumb\"},\"inLanguage\":\"es\",\"potentialAction\":[{\"@type\":\"ReadAction\",\"target\":[\"https:\/\/www.safinel.fr\/produit\/miel-de-daghmous\/\"]}]},{\"@type\":\"ImageObject\",\"inLanguage\":\"es\",\"@id\":\"https:\/\/www.safinel.fr\/produit\/miel-de-daghmous\/#primaryimage\",\"url\":\"https:\/\/www.safinel.fr\/wp-content\/uploads\/2022\/07\/miel-de-daghmous.jpg\",\"contentUrl\":\"https:\/\/www.safinel.fr\/wp-content\/uploads\/2022\/07\/miel-de-daghmous.jpg\",\"width\":600,\"height\":600,\"caption\":\"Miel de daghmous du maroc\"},{\"@type\":\"BreadcrumbList\",\"@id\":\"https:\/\/www.safinel.fr\/produit\/miel-de-daghmous\/#breadcrumb\",\"itemListElement\":[{\"@type\":\"ListItem\",\"position\":1,\"name\":\"Accueil\",\"item\":\"https:\/\/www.safinel.fr\/\"},{\"@type\":\"ListItem\",\"position\":2,\"name\":\"Boutique\",\"item\":\"https:\/\/www.safinel.fr\/boutique\/\"},{\"@type\":\"ListItem\",\"position\":3,\"name\":\"Miel de daghmous du Maroc 250g\"}]},{\"@type\":\"WebSite\",\"@id\":\"https:\/\/www.safinel.fr\/#website\",\"url\":\"https:\/\/www.safinel.fr\/\",\"name\":\"Safinel\",\"description\":\"\",\"publisher\":{\"@id\":\"https:\/\/www.safinel.fr\/#organization\"},\"potentialAction\":[{\"@type\":\"SearchAction\",\"target\":{\"@type\":\"EntryPoint\",\"urlTemplate\":\"https:\/\/www.safinel.fr\/?s={search_term_string}\"},\"query-input\":{\"@type\":\"PropertyValueSpecification\",\"valueRequired\":true,\"valueName\":\"search_term_string\"}}],\"inLanguage\":\"es\"},{\"@type\":\"Organization\",\"@id\":\"https:\/\/www.safinel.fr\/#organization\",\"name\":\"Safinel\",\"url\":\"https:\/\/www.safinel.fr\/\",\"logo\":{\"@type\":\"ImageObject\",\"inLanguage\":\"es\",\"@id\":\"https:\/\/www.safinel.fr\/#\/schema\/logo\/image\/\",\"url\":\"https:\/\/www.safinel.fr\/wp-content\/uploads\/2021\/05\/boutique-cosmetique.png\",\"contentUrl\":\"https:\/\/www.safinel.fr\/wp-content\/uploads\/2021\/05\/boutique-cosmetique.png\",\"width\":800,\"height\":200,\"caption\":\"Safinel\"},\"image\":{\"@id\":\"https:\/\/www.safinel.fr\/#\/schema\/logo\/image\/\"}}]}<\/script>\n<!-- \/ Yoast SEO plugin. -->","yoast_head_json":{"title":"Miel de daghmous (cactus) I Miel picante I Numerosos beneficios","description":"Su tienda desea destacar la miel de Daghmous. Tambi\u00e9n conocida como miel de euforbia o de cactus. Una miel picante con numerosos beneficios.","robots":{"index":"index","follow":"follow","max-snippet":"max-snippet:-1","max-image-preview":"max-image-preview:large","max-video-preview":"max-video-preview:-1"},"canonical":"https:\/\/www.safinel.fr\/es\/product-2\/miel-de-dragon\/","og_locale":"es_ES","og_type":"article","og_title":"Miel de daghmous (Cactus) I Miel piquant I Bienfaits nombreux","og_description":"Votre boutique souhaite mettre \u00e0 l\u2019honneur le\u00a0miel de Daghmous. Aussi surnomm\u00e9\u00a0miel d\u2019euphorbe ou cactus. Un miel piquant aux bienfaits nombreux.","og_url":"https:\/\/www.safinel.fr\/es\/product-2\/miel-de-dragon\/","og_site_name":"Safinel","article_modified_time":"2023-12-28T17:15:23+00:00","og_image":[{"width":600,"height":600,"url":"https:\/\/www.safinel.fr\/wp-content\/uploads\/2022\/07\/miel-de-daghmous.jpg","type":"image\/jpeg"}],"twitter_card":"summary_large_image","twitter_misc":{"Tiempo de lectura":"3 minutos"},"schema":{"@context":"https:\/\/schema.org","@graph":[{"@type":"WebPage","@id":"https:\/\/www.safinel.fr\/produit\/miel-de-daghmous\/","url":"https:\/\/www.safinel.fr\/produit\/miel-de-daghmous\/","name":"Miel de daghmous (cactus) I Miel picante I Numerosos beneficios","isPartOf":{"@id":"https:\/\/www.safinel.fr\/#website"},"primaryImageOfPage":{"@id":"https:\/\/www.safinel.fr\/produit\/miel-de-daghmous\/#primaryimage"},"image":{"@id":"https:\/\/www.safinel.fr\/produit\/miel-de-daghmous\/#primaryimage"},"thumbnailUrl":"https:\/\/www.safinel.fr\/wp-content\/uploads\/2022\/07\/miel-de-daghmous.jpg","datePublished":"2022-07-28T11:07:16+00:00","dateModified":"2023-12-28T17:15:23+00:00","description":"Su tienda desea destacar la miel de Daghmous. Tambi\u00e9n conocida como miel de euforbia o de cactus. Una miel picante con numerosos beneficios.","breadcrumb":{"@id":"https:\/\/www.safinel.fr\/produit\/miel-de-daghmous\/#breadcrumb"},"inLanguage":"es","potentialAction":[{"@type":"ReadAction","target":["https:\/\/www.safinel.fr\/produit\/miel-de-daghmous\/"]}]},{"@type":"ImageObject","inLanguage":"es","@id":"https:\/\/www.safinel.fr\/produit\/miel-de-daghmous\/#primaryimage","url":"https:\/\/www.safinel.fr\/wp-content\/uploads\/2022\/07\/miel-de-daghmous.jpg","contentUrl":"https:\/\/www.safinel.fr\/wp-content\/uploads\/2022\/07\/miel-de-daghmous.jpg","width":600,"height":600,"caption":"Miel de daghmous du maroc"},{"@type":"BreadcrumbList","@id":"https:\/\/www.safinel.fr\/produit\/miel-de-daghmous\/#breadcrumb","itemListElement":[{"@type":"ListItem","position":1,"name":"Accueil","item":"https:\/\/www.safinel.fr\/"},{"@type":"ListItem","position":2,"name":"Boutique","item":"https:\/\/www.safinel.fr\/boutique\/"},{"@type":"ListItem","position":3,"name":"Miel de daghmous du Maroc 250g"}]},{"@type":"WebSite","@id":"https:\/\/www.safinel.fr\/#website","url":"https:\/\/www.safinel.fr\/","name":"Safinel","description":"","publisher":{"@id":"https:\/\/www.safinel.fr\/#organization"},"potentialAction":[{"@type":"SearchAction","target":{"@type":"EntryPoint","urlTemplate":"https:\/\/www.safinel.fr\/?s={search_term_string}"},"query-input":{"@type":"PropertyValueSpecification","valueRequired":true,"valueName":"search_term_string"}}],"inLanguage":"es"},{"@type":"Organization","@id":"https:\/\/www.safinel.fr\/#organization","name":"Safinel","url":"https:\/\/www.safinel.fr\/","logo":{"@type":"ImageObject","inLanguage":"es","@id":"https:\/\/www.safinel.fr\/#\/schema\/logo\/image\/","url":"https:\/\/www.safinel.fr\/wp-content\/uploads\/2021\/05\/boutique-cosmetique.png","contentUrl":"https:\/\/www.safinel.fr\/wp-content\/uploads\/2021\/05\/boutique-cosmetique.png","width":800,"height":200,"caption":"Safinel"},"image":{"@id":"https:\/\/www.safinel.fr\/#\/schema\/logo\/image\/"}}]}},"_links":{"self":[{"href":"https:\/\/www.safinel.fr\/es\/wp-json\/wp\/v2\/product\/1968","targetHints":{"allow":["GET"]}}],"collection":[{"href":"https:\/\/www.safinel.fr\/es\/wp-json\/wp\/v2\/product"}],"about":[{"href":"https:\/\/www.safinel.fr\/es\/wp-json\/wp\/v2\/types\/product"}],"wp:featuredmedia":[{"embeddable":true,"href":"https:\/\/www.safinel.fr\/es\/wp-json\/wp\/v2\/media\/1945"}],"wp:attachment":[{"href":"https:\/\/www.safinel.fr\/es\/wp-json\/wp\/v2\/media?parent=1968"}],"wp:term":[{"taxonomy":"product_brand","embeddable":true,"href":"https:\/\/www.safinel.fr\/es\/wp-json\/wp\/v2\/product_brand?post=1968"},{"taxonomy":"product_cat","embeddable":true,"href":"https:\/\/www.safinel.fr\/es\/wp-json\/wp\/v2\/product_cat?post=1968"},{"taxonomy":"product_tag","embeddable":true,"href":"https:\/\/www.safinel.fr\/es\/wp-json\/wp\/v2\/product_tag?post=1968"}],"curies":[{"name":"wp","href":"https:\/\/api.w.org\/{rel}","templated":true}]}}