{"id":1966,"date":"2022-07-28T11:02:04","date_gmt":"2022-07-28T11:02:04","guid":{"rendered":"https:\/\/www.safinel.fr\/?post_type=product&#038;p=1966"},"modified":"2025-05-07T20:11:46","modified_gmt":"2025-05-07T20:11:46","slug":"miel-de-azufaifo-de-marruecos","status":"publish","type":"product","link":"https:\/\/www.safinel.fr\/es\/product-2\/miel-de-azufaifo-de-marruecos\/","title":{"rendered":"Miel de azufaifo marroqu\u00ed 250g"},"content":{"rendered":"<p>Quiz\u00e1 la mejor miel del mundo est\u00e9 aqu\u00ed, entre nosotros... Si hay quien no est\u00e1 de acuerdo, le toca a usted dar su opini\u00f3n sobre la mejor miel del mundo.\u00a0<strong>miel de azufaifo de Marruecos<\/strong>.<\/p>\n<h2><strong>El origen de la miel de azufaifo marroqu\u00ed\u00a0<\/strong><\/h2>\n<p>Marruecos y sus m\u00faltiples paisajes hacen las delicias de nuestras abejitas en busca del codiciado n\u00e9ctar. Adem\u00e1s, Marruecos es conocido por su apicultura y tenemos el honor de conocer el famoso azufaifo. Este \u00e1rbol es especialmente apreciado por la calidad de su<strong>\u00a0productos colmena<\/strong>.<\/p>\n<p>Considerado por algunos como una de las mejores mieles del mundo, el n\u00e9ctar de azufaifo podr\u00eda encantarle...<\/p>\n<h2><strong>Descubra la miel de azufaifo de Marruecos\u00a0<\/strong><\/h2>\n<p>Su boutique est\u00e1 especialmente interesada en promocionar productos que le satisfagan. Por eso nos gustar\u00eda que descubriera el\u00a0<strong>miel de azufaifo<\/strong>. Este famoso producto tiene una consistencia cremosa, un color marr\u00f3n y, sobre todo, un sabor muy agradable. En un envase de 250 g, este n\u00e9ctar parece hecho para gourmets. Una vez que est\u00e1 bajo su paladar, le espera una verdadera delicia.\u00a0<strong>refiner\u00eda de az\u00facar natural\u00a0<\/strong>que quiz\u00e1 le sorprenda.<\/p>\n<h2><strong>Los m\u00faltiples beneficios de la miel de azufaifo de Marruecos\u00a0<\/strong><\/h2>\n<p>Si ya ha o\u00eddo hablar de esta miel, es posible que conozca sus muchas virtudes. Si no, no se preocupe, intentaremos contarle m\u00e1s.<\/p>\n<p>De hecho, este\u00a0<strong>n\u00e9ctar natural<\/strong>\u00a0es especialmente apreciado por sus beneficios durante el cambio de estaci\u00f3n, sobre todo contra los dolores de garganta y los problemas respiratorios. Pero tambi\u00e9n es bueno para el sistema inmunitario y para aportar energ\u00eda. Considerado un\u00a0<strong>complemento alimenticio natural<\/strong>, La miel de azufaifo de Marruecos es fascinante.<\/p>\n<h3><strong>Sorpresa, sorpresa en Safinel...\u00a0<\/strong><\/h3>\n<p>\u00bfEst\u00e1 preparado para conocer algunos de los productos m\u00e1s tentadores de la naturaleza? Abra paso a\u00a0<a href=\"https:\/\/www.safinel.fr\/es\/product-2\/gelulas-de-alchemilla-bio\/\"><strong>c\u00e1psulas de alchemilla ecol\u00f3gica<\/strong><\/a>, Pero parece que estas c\u00e1psulas esconden otras muchas sorpresas...<\/p>","protected":false},"excerpt":{"rendered":"<p>Quiz\u00e1s la mejor miel del mundo se encuentre entre nosotros... Aunque hay quien discrepa, usted puede dar su opini\u00f3n sobre la miel de azufaifo de Marruecos. El origen de la miel de azufaifo de Marruecos  Marruecos y sus numerosos paisajes son un placer para nuestras peque\u00f1as abejas en busca del famoso y codiciado n\u00e9ctar. Adem\u00e1s, muy conocido [\u2026]","protected":false},"featured_media":1946,"template":"","meta":[],"product_brand":[],"product_cat":[24,70],"product_tag":[],"class_list":{"0":"post-1966","1":"product","2":"type-product","3":"status-publish","4":"has-post-thumbnail","6":"product_cat-apiculture","7":"product_cat-miels-du-maroc","9":"first","10":"instock","11":"shipping-taxable","12":"purchasable","13":"product-type-simple"},"yoast_head":"<!-- This site is optimized with the Yoast SEO plugin v26.6 - https:\/\/yoast.com\/wordpress\/plugins\/seo\/ -->\n<title>Miel de jujubier du Maroc I Sidr marocain par excellence<\/title>\n<meta name=\"description\" content=\"Le meilleur miel du monde serait peut-\u00eatre parmi nous\u2026 Si certains divergent, \u00e0 vous de donner votre avis sur le\u00a0miel de jujubier du Maroc.\" \/>\n<meta name=\"robots\" content=\"index, follow, max-snippet:-1, max-image-preview:large, max-video-preview:-1\" \/>\n<link rel=\"canonical\" href=\"https:\/\/www.safinel.fr\/es\/product-2\/miel-de-azufaifo-de-marruecos\/\" \/>\n<meta property=\"og:locale\" content=\"es_ES\" \/>\n<meta property=\"og:type\" content=\"article\" \/>\n<meta property=\"og:title\" content=\"Miel de jujubier du Maroc I Sidr marocain par excellence\" \/>\n<meta property=\"og:description\" content=\"Le meilleur miel du monde serait peut-\u00eatre parmi nous\u2026 Si certains divergent, \u00e0 vous de donner votre avis sur le\u00a0miel de jujubier du Maroc.\" \/>\n<meta property=\"og:url\" content=\"https:\/\/www.safinel.fr\/es\/product-2\/miel-de-azufaifo-de-marruecos\/\" \/>\n<meta property=\"og:site_name\" content=\"Safinel\" \/>\n<meta property=\"article:modified_time\" content=\"2025-05-07T20:11:46+00:00\" \/>\n<meta property=\"og:image\" content=\"https:\/\/www.safinel.fr\/wp-content\/uploads\/2022\/07\/miel-de-jujubier-du-maroc.jpg\" \/>\n\t<meta property=\"og:image:width\" content=\"600\" \/>\n\t<meta property=\"og:image:height\" content=\"600\" \/>\n\t<meta property=\"og:image:type\" content=\"image\/jpeg\" \/>\n<meta name=\"twitter:card\" content=\"summary_large_image\" \/>\n<meta name=\"twitter:label1\" content=\"Tiempo de lectura\" \/>\n\t<meta name=\"twitter:data1\" content=\"2 minutos\" \/>\n<script type=\"application\/ld+json\" class=\"yoast-schema-graph\">{\"@context\":\"https:\/\/schema.org\",\"@graph\":[{\"@type\":\"WebPage\",\"@id\":\"https:\/\/www.safinel.fr\/produit\/miel-de-jujubier-du-maroc\/\",\"url\":\"https:\/\/www.safinel.fr\/produit\/miel-de-jujubier-du-maroc\/\",\"name\":\"Miel de jujubier du Maroc I Sidr marocain par excellence\",\"isPartOf\":{\"@id\":\"https:\/\/www.safinel.fr\/#website\"},\"primaryImageOfPage\":{\"@id\":\"https:\/\/www.safinel.fr\/produit\/miel-de-jujubier-du-maroc\/#primaryimage\"},\"image\":{\"@id\":\"https:\/\/www.safinel.fr\/produit\/miel-de-jujubier-du-maroc\/#primaryimage\"},\"thumbnailUrl\":\"https:\/\/www.safinel.fr\/wp-content\/uploads\/2022\/07\/miel-de-jujubier-du-maroc.jpg\",\"datePublished\":\"2022-07-28T11:02:04+00:00\",\"dateModified\":\"2025-05-07T20:11:46+00:00\",\"description\":\"Le meilleur miel du monde serait peut-\u00eatre parmi nous\u2026 Si certains divergent, \u00e0 vous de donner votre avis sur le\u00a0miel de jujubier du Maroc.\",\"breadcrumb\":{\"@id\":\"https:\/\/www.safinel.fr\/produit\/miel-de-jujubier-du-maroc\/#breadcrumb\"},\"inLanguage\":\"es\",\"potentialAction\":[{\"@type\":\"ReadAction\",\"target\":[\"https:\/\/www.safinel.fr\/produit\/miel-de-jujubier-du-maroc\/\"]}]},{\"@type\":\"ImageObject\",\"inLanguage\":\"es\",\"@id\":\"https:\/\/www.safinel.fr\/produit\/miel-de-jujubier-du-maroc\/#primaryimage\",\"url\":\"https:\/\/www.safinel.fr\/wp-content\/uploads\/2022\/07\/miel-de-jujubier-du-maroc.jpg\",\"contentUrl\":\"https:\/\/www.safinel.fr\/wp-content\/uploads\/2022\/07\/miel-de-jujubier-du-maroc.jpg\",\"width\":600,\"height\":600,\"caption\":\"Miel de jujubier du Maroc 250g\"},{\"@type\":\"BreadcrumbList\",\"@id\":\"https:\/\/www.safinel.fr\/produit\/miel-de-jujubier-du-maroc\/#breadcrumb\",\"itemListElement\":[{\"@type\":\"ListItem\",\"position\":1,\"name\":\"Accueil\",\"item\":\"https:\/\/www.safinel.fr\/\"},{\"@type\":\"ListItem\",\"position\":2,\"name\":\"Boutique\",\"item\":\"https:\/\/www.safinel.fr\/boutique\/\"},{\"@type\":\"ListItem\",\"position\":3,\"name\":\"Miel de jujubier du Maroc 250g\"}]},{\"@type\":\"WebSite\",\"@id\":\"https:\/\/www.safinel.fr\/#website\",\"url\":\"https:\/\/www.safinel.fr\/\",\"name\":\"Safinel\",\"description\":\"\",\"publisher\":{\"@id\":\"https:\/\/www.safinel.fr\/#organization\"},\"potentialAction\":[{\"@type\":\"SearchAction\",\"target\":{\"@type\":\"EntryPoint\",\"urlTemplate\":\"https:\/\/www.safinel.fr\/?s={search_term_string}\"},\"query-input\":{\"@type\":\"PropertyValueSpecification\",\"valueRequired\":true,\"valueName\":\"search_term_string\"}}],\"inLanguage\":\"es\"},{\"@type\":\"Organization\",\"@id\":\"https:\/\/www.safinel.fr\/#organization\",\"name\":\"Safinel\",\"url\":\"https:\/\/www.safinel.fr\/\",\"logo\":{\"@type\":\"ImageObject\",\"inLanguage\":\"es\",\"@id\":\"https:\/\/www.safinel.fr\/#\/schema\/logo\/image\/\",\"url\":\"https:\/\/www.safinel.fr\/wp-content\/uploads\/2021\/05\/boutique-cosmetique.png\",\"contentUrl\":\"https:\/\/www.safinel.fr\/wp-content\/uploads\/2021\/05\/boutique-cosmetique.png\",\"width\":800,\"height\":200,\"caption\":\"Safinel\"},\"image\":{\"@id\":\"https:\/\/www.safinel.fr\/#\/schema\/logo\/image\/\"}}]}<\/script>\n<!-- \/ Yoast SEO plugin. -->","yoast_head_json":{"title":"Miel de azufaifo marroqu\u00ed I Sidr marroqu\u00ed por excelencia","description":"Quiz\u00e1 la mejor miel del mundo est\u00e9 aqu\u00ed, entre nosotros... Si hay quien no est\u00e1 de acuerdo, le toca a usted dar su opini\u00f3n sobre la miel de azufaifo de Marruecos.","robots":{"index":"index","follow":"follow","max-snippet":"max-snippet:-1","max-image-preview":"max-image-preview:large","max-video-preview":"max-video-preview:-1"},"canonical":"https:\/\/www.safinel.fr\/es\/product-2\/miel-de-azufaifo-de-marruecos\/","og_locale":"es_ES","og_type":"article","og_title":"Miel de jujubier du Maroc I Sidr marocain par excellence","og_description":"Le meilleur miel du monde serait peut-\u00eatre parmi nous\u2026 Si certains divergent, \u00e0 vous de donner votre avis sur le\u00a0miel de jujubier du Maroc.","og_url":"https:\/\/www.safinel.fr\/es\/product-2\/miel-de-azufaifo-de-marruecos\/","og_site_name":"Safinel","article_modified_time":"2025-05-07T20:11:46+00:00","og_image":[{"width":600,"height":600,"url":"https:\/\/www.safinel.fr\/wp-content\/uploads\/2022\/07\/miel-de-jujubier-du-maroc.jpg","type":"image\/jpeg"}],"twitter_card":"summary_large_image","twitter_misc":{"Tiempo de lectura":"2 minutos"},"schema":{"@context":"https:\/\/schema.org","@graph":[{"@type":"WebPage","@id":"https:\/\/www.safinel.fr\/produit\/miel-de-jujubier-du-maroc\/","url":"https:\/\/www.safinel.fr\/produit\/miel-de-jujubier-du-maroc\/","name":"Miel de azufaifo marroqu\u00ed I Sidr marroqu\u00ed por excelencia","isPartOf":{"@id":"https:\/\/www.safinel.fr\/#website"},"primaryImageOfPage":{"@id":"https:\/\/www.safinel.fr\/produit\/miel-de-jujubier-du-maroc\/#primaryimage"},"image":{"@id":"https:\/\/www.safinel.fr\/produit\/miel-de-jujubier-du-maroc\/#primaryimage"},"thumbnailUrl":"https:\/\/www.safinel.fr\/wp-content\/uploads\/2022\/07\/miel-de-jujubier-du-maroc.jpg","datePublished":"2022-07-28T11:02:04+00:00","dateModified":"2025-05-07T20:11:46+00:00","description":"Quiz\u00e1 la mejor miel del mundo est\u00e9 aqu\u00ed, entre nosotros... Si hay quien no est\u00e1 de acuerdo, le toca a usted dar su opini\u00f3n sobre la miel de azufaifo de Marruecos.","breadcrumb":{"@id":"https:\/\/www.safinel.fr\/produit\/miel-de-jujubier-du-maroc\/#breadcrumb"},"inLanguage":"es","potentialAction":[{"@type":"ReadAction","target":["https:\/\/www.safinel.fr\/produit\/miel-de-jujubier-du-maroc\/"]}]},{"@type":"ImageObject","inLanguage":"es","@id":"https:\/\/www.safinel.fr\/produit\/miel-de-jujubier-du-maroc\/#primaryimage","url":"https:\/\/www.safinel.fr\/wp-content\/uploads\/2022\/07\/miel-de-jujubier-du-maroc.jpg","contentUrl":"https:\/\/www.safinel.fr\/wp-content\/uploads\/2022\/07\/miel-de-jujubier-du-maroc.jpg","width":600,"height":600,"caption":"Miel de jujubier du Maroc 250g"},{"@type":"BreadcrumbList","@id":"https:\/\/www.safinel.fr\/produit\/miel-de-jujubier-du-maroc\/#breadcrumb","itemListElement":[{"@type":"ListItem","position":1,"name":"Accueil","item":"https:\/\/www.safinel.fr\/"},{"@type":"ListItem","position":2,"name":"Boutique","item":"https:\/\/www.safinel.fr\/boutique\/"},{"@type":"ListItem","position":3,"name":"Miel de jujubier du Maroc 250g"}]},{"@type":"WebSite","@id":"https:\/\/www.safinel.fr\/#website","url":"https:\/\/www.safinel.fr\/","name":"Safinel","description":"","publisher":{"@id":"https:\/\/www.safinel.fr\/#organization"},"potentialAction":[{"@type":"SearchAction","target":{"@type":"EntryPoint","urlTemplate":"https:\/\/www.safinel.fr\/?s={search_term_string}"},"query-input":{"@type":"PropertyValueSpecification","valueRequired":true,"valueName":"search_term_string"}}],"inLanguage":"es"},{"@type":"Organization","@id":"https:\/\/www.safinel.fr\/#organization","name":"Safinel","url":"https:\/\/www.safinel.fr\/","logo":{"@type":"ImageObject","inLanguage":"es","@id":"https:\/\/www.safinel.fr\/#\/schema\/logo\/image\/","url":"https:\/\/www.safinel.fr\/wp-content\/uploads\/2021\/05\/boutique-cosmetique.png","contentUrl":"https:\/\/www.safinel.fr\/wp-content\/uploads\/2021\/05\/boutique-cosmetique.png","width":800,"height":200,"caption":"Safinel"},"image":{"@id":"https:\/\/www.safinel.fr\/#\/schema\/logo\/image\/"}}]}},"_links":{"self":[{"href":"https:\/\/www.safinel.fr\/es\/wp-json\/wp\/v2\/product\/1966","targetHints":{"allow":["GET"]}}],"collection":[{"href":"https:\/\/www.safinel.fr\/es\/wp-json\/wp\/v2\/product"}],"about":[{"href":"https:\/\/www.safinel.fr\/es\/wp-json\/wp\/v2\/types\/product"}],"wp:featuredmedia":[{"embeddable":true,"href":"https:\/\/www.safinel.fr\/es\/wp-json\/wp\/v2\/media\/1946"}],"wp:attachment":[{"href":"https:\/\/www.safinel.fr\/es\/wp-json\/wp\/v2\/media?parent=1966"}],"wp:term":[{"taxonomy":"product_brand","embeddable":true,"href":"https:\/\/www.safinel.fr\/es\/wp-json\/wp\/v2\/product_brand?post=1966"},{"taxonomy":"product_cat","embeddable":true,"href":"https:\/\/www.safinel.fr\/es\/wp-json\/wp\/v2\/product_cat?post=1966"},{"taxonomy":"product_tag","embeddable":true,"href":"https:\/\/www.safinel.fr\/es\/wp-json\/wp\/v2\/product_tag?post=1966"}],"curies":[{"name":"wp","href":"https:\/\/api.w.org\/{rel}","templated":true}]}}