{"id":1959,"date":"2022-07-28T10:47:15","date_gmt":"2022-07-28T10:47:15","guid":{"rendered":"https:\/\/www.safinel.fr\/?post_type=product&#038;p=1959"},"modified":"2024-03-04T17:11:19","modified_gmt":"2024-03-04T17:11:19","slug":"libidomiel","status":"publish","type":"product","link":"https:\/\/www.safinel.fr\/es\/product-2\/libidomiel\/","title":{"rendered":"Libidomiel 250g"},"content":{"rendered":"<p>La fatiga, el estr\u00e9s y la ansiedad pueden ser factores determinantes de una libido baja. Por eso tu boutique de bienestar online quiere destacar los beneficios de<strong>\u00a0libidomiel\u00a0<\/strong>!<\/p>\n<h2><strong>\u00bfQu\u00e9 es libidomiel?\u00a0<\/strong><\/h2>\n<p>Tiene curiosidad por saber m\u00e1s sobre este n\u00e9ctar... Se le apoda libidomiel por sus beneficios para la intimidad. Muy apreciado por su sabor y aroma, tambi\u00e9n es un verdadero activo como\u00a0<strong>estimulante sexual<\/strong>.<\/p>\n<p>Tanto para hombres como para mujeres<strong>\u00a0productos colmena<\/strong>\u00a0para algunos, un verdadero tesoro.<\/p>\n<h2><strong>Conoce al libidomiel en Safinel\u00a0<\/strong><\/h2>\n<p>Su boutique del bienestar siempre est\u00e1 encantada de presentarle productos de calidad. Por eso, \u00a1la famosa libidomiel ocupa un lugar central! Su composici\u00f3n natural incluye<strong>\u00a0<a href=\"https:\/\/www.safinel.fr\/es\/product-2\/miel-de-azufaifo-de-marruecos\/\">miel de azufaifo de Marruecos<\/a><\/strong>, Con la adici\u00f3n de pueraria mirifica, shatavari, maca y kacip fatima, parece ser un plus para mejorar tu intimidad.<\/p>\n<p>Disponible en tarro de 250 g, es ideal para quienes deseen disfrutar de este n\u00e9ctar a largo plazo. Suave y muy sabrosa, \u00a1esta miel puede ser justo lo que necesitas!<\/p>\n<h2><strong>Las m\u00faltiples cualidades de libidomiel\u00a0<\/strong><\/h2>\n<p>Si su composici\u00f3n natural es una ventaja significativa en t\u00e9rminos de calidad, imag\u00ednese las muchas virtudes que pueden derivarse de ella...<\/p>\n<p>Como la mayor\u00eda de las mieles, es una baza en la lucha contra ciertas enfermedades, sobre todo las de entretiempo. Como la tos y los resfriados, por ejemplo.<\/p>\n<p>Libidomiel es tambi\u00e9n una oportunidad para quienes deseen\u00a0<strong>condimentar su sexualidad\u00a0<\/strong>\u00a1! Con este n\u00e9ctar, tienes la oportunidad de subir la temperatura y, al hacerlo, de\u2019<strong>aumentar la libido<\/strong>.<\/p>\n<h3><strong>Tambi\u00e9n puedes conocer...\u00a0<\/strong><\/h3>\n<p>Safinel siempre est\u00e1 a tiempo para ayudarle a descubrir nuevos productos naturales. \u00bfHa o\u00eddo hablar alguna vez de\u2019<a href=\"https:\/\/www.safinel.fr\/es\/product-2\/aceite-de-kigelia-africana\/\"><strong>aceite de kigelia africana<\/strong><\/a>\u00a0? Si a\u00fan no lo ha hecho, no se preocupe, \u00a1todav\u00eda puede descubrirlo en la tienda!<\/p>","protected":false},"excerpt":{"rendered":"<p><strong>Composici\u00f3n:<\/strong><\/p>\n<ul>\n<li>Miel de azufaifo marroqu\u00ed<\/li>\n<li><a href=\"https:\/\/www.safinel.fr\/es\/product-2\/pueraria-mirifica\/\"><strong>Pueraria mirifica<\/strong><\/a><\/li>\n<li>Shatavari<\/li>\n<li>Maca<\/li>\n<li>Kacip F\u00e1tima<\/li>\n<\/ul>\n<p><strong>\u26a0\ufe0f Remover bien antes de usar \u26a0\ufe0f<\/strong><\/p>","protected":false},"featured_media":1949,"template":"","meta":[],"product_brand":[],"product_cat":[24,72],"product_tag":[],"class_list":{"0":"post-1959","1":"product","2":"type-product","3":"status-publish","4":"has-post-thumbnail","6":"product_cat-apiculture","7":"product_cat-miel-aphrodisiaque","9":"first","10":"outofstock","11":"shipping-taxable","12":"purchasable","13":"product-type-simple"},"yoast_head":"<!-- This site is optimized with the Yoast SEO plugin v26.6 - https:\/\/yoast.com\/wordpress\/plugins\/seo\/ -->\n<title>Libidomiel I Le produit de la ruche qui booste votre libido<\/title>\n<meta name=\"description\" content=\"La fatigue, le stress, et l\u2019anxi\u00e9t\u00e9 peuvent \u00eatre des facteurs majeurs \u00e0 la baisse de libido ! C\u2019est pour cela que nous vous proposons le\u00a0libidomiel\u00a0!\u00a0\" \/>\n<meta name=\"robots\" content=\"index, follow, max-snippet:-1, max-image-preview:large, max-video-preview:-1\" \/>\n<link rel=\"canonical\" href=\"https:\/\/www.safinel.fr\/es\/product-2\/libidomiel\/\" \/>\n<meta property=\"og:locale\" content=\"es_ES\" \/>\n<meta property=\"og:type\" content=\"article\" \/>\n<meta property=\"og:title\" content=\"Libidomiel I Le produit de la ruche qui booste votre libido\" \/>\n<meta property=\"og:description\" content=\"La fatigue, le stress, et l\u2019anxi\u00e9t\u00e9 peuvent \u00eatre des facteurs majeurs \u00e0 la baisse de libido ! C\u2019est pour cela que nous vous proposons le\u00a0libidomiel\u00a0!\u00a0\" \/>\n<meta property=\"og:url\" content=\"https:\/\/www.safinel.fr\/es\/product-2\/libidomiel\/\" \/>\n<meta property=\"og:site_name\" content=\"Safinel\" \/>\n<meta property=\"article:modified_time\" content=\"2024-03-04T17:11:19+00:00\" \/>\n<meta property=\"og:image\" content=\"https:\/\/www.safinel.fr\/wp-content\/uploads\/2022\/07\/libidomiel.jpg\" \/>\n\t<meta property=\"og:image:width\" content=\"600\" \/>\n\t<meta property=\"og:image:height\" content=\"600\" \/>\n\t<meta property=\"og:image:type\" content=\"image\/jpeg\" \/>\n<meta name=\"twitter:card\" content=\"summary_large_image\" \/>\n<meta name=\"twitter:label1\" content=\"Tiempo de lectura\" \/>\n\t<meta name=\"twitter:data1\" content=\"2 minutos\" \/>\n<script type=\"application\/ld+json\" class=\"yoast-schema-graph\">{\"@context\":\"https:\/\/schema.org\",\"@graph\":[{\"@type\":\"WebPage\",\"@id\":\"https:\/\/www.safinel.fr\/produit\/libidomiel\/\",\"url\":\"https:\/\/www.safinel.fr\/produit\/libidomiel\/\",\"name\":\"Libidomiel I Le produit de la ruche qui booste votre libido\",\"isPartOf\":{\"@id\":\"https:\/\/www.safinel.fr\/#website\"},\"primaryImageOfPage\":{\"@id\":\"https:\/\/www.safinel.fr\/produit\/libidomiel\/#primaryimage\"},\"image\":{\"@id\":\"https:\/\/www.safinel.fr\/produit\/libidomiel\/#primaryimage\"},\"thumbnailUrl\":\"https:\/\/www.safinel.fr\/wp-content\/uploads\/2022\/07\/libidomiel.jpg\",\"datePublished\":\"2022-07-28T10:47:15+00:00\",\"dateModified\":\"2024-03-04T17:11:19+00:00\",\"description\":\"La fatigue, le stress, et l\u2019anxi\u00e9t\u00e9 peuvent \u00eatre des facteurs majeurs \u00e0 la baisse de libido ! C\u2019est pour cela que nous vous proposons le\u00a0libidomiel\u00a0!\u00a0\",\"breadcrumb\":{\"@id\":\"https:\/\/www.safinel.fr\/produit\/libidomiel\/#breadcrumb\"},\"inLanguage\":\"es\",\"potentialAction\":[{\"@type\":\"ReadAction\",\"target\":[\"https:\/\/www.safinel.fr\/produit\/libidomiel\/\"]}]},{\"@type\":\"ImageObject\",\"inLanguage\":\"es\",\"@id\":\"https:\/\/www.safinel.fr\/produit\/libidomiel\/#primaryimage\",\"url\":\"https:\/\/www.safinel.fr\/wp-content\/uploads\/2022\/07\/libidomiel.jpg\",\"contentUrl\":\"https:\/\/www.safinel.fr\/wp-content\/uploads\/2022\/07\/libidomiel.jpg\",\"width\":600,\"height\":600,\"caption\":\"Libidomiel 250g\"},{\"@type\":\"BreadcrumbList\",\"@id\":\"https:\/\/www.safinel.fr\/produit\/libidomiel\/#breadcrumb\",\"itemListElement\":[{\"@type\":\"ListItem\",\"position\":1,\"name\":\"Accueil\",\"item\":\"https:\/\/www.safinel.fr\/\"},{\"@type\":\"ListItem\",\"position\":2,\"name\":\"Boutique\",\"item\":\"https:\/\/www.safinel.fr\/boutique\/\"},{\"@type\":\"ListItem\",\"position\":3,\"name\":\"Libidomiel 250g\"}]},{\"@type\":\"WebSite\",\"@id\":\"https:\/\/www.safinel.fr\/#website\",\"url\":\"https:\/\/www.safinel.fr\/\",\"name\":\"Safinel\",\"description\":\"\",\"publisher\":{\"@id\":\"https:\/\/www.safinel.fr\/#organization\"},\"potentialAction\":[{\"@type\":\"SearchAction\",\"target\":{\"@type\":\"EntryPoint\",\"urlTemplate\":\"https:\/\/www.safinel.fr\/?s={search_term_string}\"},\"query-input\":{\"@type\":\"PropertyValueSpecification\",\"valueRequired\":true,\"valueName\":\"search_term_string\"}}],\"inLanguage\":\"es\"},{\"@type\":\"Organization\",\"@id\":\"https:\/\/www.safinel.fr\/#organization\",\"name\":\"Safinel\",\"url\":\"https:\/\/www.safinel.fr\/\",\"logo\":{\"@type\":\"ImageObject\",\"inLanguage\":\"es\",\"@id\":\"https:\/\/www.safinel.fr\/#\/schema\/logo\/image\/\",\"url\":\"https:\/\/www.safinel.fr\/wp-content\/uploads\/2021\/05\/boutique-cosmetique.png\",\"contentUrl\":\"https:\/\/www.safinel.fr\/wp-content\/uploads\/2021\/05\/boutique-cosmetique.png\",\"width\":800,\"height\":200,\"caption\":\"Safinel\"},\"image\":{\"@id\":\"https:\/\/www.safinel.fr\/#\/schema\/logo\/image\/\"}}]}<\/script>\n<!-- \/ Yoast SEO plugin. -->","yoast_head_json":{"title":"Libidomiel I El producto de la colmena que aumenta tu libido","description":"\u00a1La fatiga, el estr\u00e9s y la ansiedad pueden ser factores importantes en una libido baja! \u00a1Por eso te ofrecemos libidomiel!\u00a0","robots":{"index":"index","follow":"follow","max-snippet":"max-snippet:-1","max-image-preview":"max-image-preview:large","max-video-preview":"max-video-preview:-1"},"canonical":"https:\/\/www.safinel.fr\/es\/product-2\/libidomiel\/","og_locale":"es_ES","og_type":"article","og_title":"Libidomiel I Le produit de la ruche qui booste votre libido","og_description":"La fatigue, le stress, et l\u2019anxi\u00e9t\u00e9 peuvent \u00eatre des facteurs majeurs \u00e0 la baisse de libido ! C\u2019est pour cela que nous vous proposons le\u00a0libidomiel\u00a0!\u00a0","og_url":"https:\/\/www.safinel.fr\/es\/product-2\/libidomiel\/","og_site_name":"Safinel","article_modified_time":"2024-03-04T17:11:19+00:00","og_image":[{"width":600,"height":600,"url":"https:\/\/www.safinel.fr\/wp-content\/uploads\/2022\/07\/libidomiel.jpg","type":"image\/jpeg"}],"twitter_card":"summary_large_image","twitter_misc":{"Tiempo de lectura":"2 minutos"},"schema":{"@context":"https:\/\/schema.org","@graph":[{"@type":"WebPage","@id":"https:\/\/www.safinel.fr\/produit\/libidomiel\/","url":"https:\/\/www.safinel.fr\/produit\/libidomiel\/","name":"Libidomiel I El producto de la colmena que aumenta tu libido","isPartOf":{"@id":"https:\/\/www.safinel.fr\/#website"},"primaryImageOfPage":{"@id":"https:\/\/www.safinel.fr\/produit\/libidomiel\/#primaryimage"},"image":{"@id":"https:\/\/www.safinel.fr\/produit\/libidomiel\/#primaryimage"},"thumbnailUrl":"https:\/\/www.safinel.fr\/wp-content\/uploads\/2022\/07\/libidomiel.jpg","datePublished":"2022-07-28T10:47:15+00:00","dateModified":"2024-03-04T17:11:19+00:00","description":"\u00a1La fatiga, el estr\u00e9s y la ansiedad pueden ser factores importantes en una libido baja! \u00a1Por eso te ofrecemos libidomiel!\u00a0","breadcrumb":{"@id":"https:\/\/www.safinel.fr\/produit\/libidomiel\/#breadcrumb"},"inLanguage":"es","potentialAction":[{"@type":"ReadAction","target":["https:\/\/www.safinel.fr\/produit\/libidomiel\/"]}]},{"@type":"ImageObject","inLanguage":"es","@id":"https:\/\/www.safinel.fr\/produit\/libidomiel\/#primaryimage","url":"https:\/\/www.safinel.fr\/wp-content\/uploads\/2022\/07\/libidomiel.jpg","contentUrl":"https:\/\/www.safinel.fr\/wp-content\/uploads\/2022\/07\/libidomiel.jpg","width":600,"height":600,"caption":"Libidomiel 250g"},{"@type":"BreadcrumbList","@id":"https:\/\/www.safinel.fr\/produit\/libidomiel\/#breadcrumb","itemListElement":[{"@type":"ListItem","position":1,"name":"Accueil","item":"https:\/\/www.safinel.fr\/"},{"@type":"ListItem","position":2,"name":"Boutique","item":"https:\/\/www.safinel.fr\/boutique\/"},{"@type":"ListItem","position":3,"name":"Libidomiel 250g"}]},{"@type":"WebSite","@id":"https:\/\/www.safinel.fr\/#website","url":"https:\/\/www.safinel.fr\/","name":"Safinel","description":"","publisher":{"@id":"https:\/\/www.safinel.fr\/#organization"},"potentialAction":[{"@type":"SearchAction","target":{"@type":"EntryPoint","urlTemplate":"https:\/\/www.safinel.fr\/?s={search_term_string}"},"query-input":{"@type":"PropertyValueSpecification","valueRequired":true,"valueName":"search_term_string"}}],"inLanguage":"es"},{"@type":"Organization","@id":"https:\/\/www.safinel.fr\/#organization","name":"Safinel","url":"https:\/\/www.safinel.fr\/","logo":{"@type":"ImageObject","inLanguage":"es","@id":"https:\/\/www.safinel.fr\/#\/schema\/logo\/image\/","url":"https:\/\/www.safinel.fr\/wp-content\/uploads\/2021\/05\/boutique-cosmetique.png","contentUrl":"https:\/\/www.safinel.fr\/wp-content\/uploads\/2021\/05\/boutique-cosmetique.png","width":800,"height":200,"caption":"Safinel"},"image":{"@id":"https:\/\/www.safinel.fr\/#\/schema\/logo\/image\/"}}]}},"_links":{"self":[{"href":"https:\/\/www.safinel.fr\/es\/wp-json\/wp\/v2\/product\/1959","targetHints":{"allow":["GET"]}}],"collection":[{"href":"https:\/\/www.safinel.fr\/es\/wp-json\/wp\/v2\/product"}],"about":[{"href":"https:\/\/www.safinel.fr\/es\/wp-json\/wp\/v2\/types\/product"}],"wp:featuredmedia":[{"embeddable":true,"href":"https:\/\/www.safinel.fr\/es\/wp-json\/wp\/v2\/media\/1949"}],"wp:attachment":[{"href":"https:\/\/www.safinel.fr\/es\/wp-json\/wp\/v2\/media?parent=1959"}],"wp:term":[{"taxonomy":"product_brand","embeddable":true,"href":"https:\/\/www.safinel.fr\/es\/wp-json\/wp\/v2\/product_brand?post=1959"},{"taxonomy":"product_cat","embeddable":true,"href":"https:\/\/www.safinel.fr\/es\/wp-json\/wp\/v2\/product_cat?post=1959"},{"taxonomy":"product_tag","embeddable":true,"href":"https:\/\/www.safinel.fr\/es\/wp-json\/wp\/v2\/product_tag?post=1959"}],"curies":[{"name":"wp","href":"https:\/\/api.w.org\/{rel}","templated":true}]}}