{"id":1958,"date":"2022-07-28T10:46:00","date_gmt":"2022-07-28T10:46:00","guid":{"rendered":"https:\/\/www.safinel.fr\/?post_type=product&#038;p=1958"},"modified":"2024-07-04T14:07:05","modified_gmt":"2024-07-04T14:07:05","slug":"fertimiel","status":"publish","type":"product","link":"https:\/\/www.safinel.fr\/es\/product-2\/fertimiel\/","title":{"rendered":"Fertimiel 250g"},"content":{"rendered":"<p>La fertilidad es un tema delicado para algunas personas... Por eso su boutique Safinel desea destacar los siguientes productos\u00a0<strong>Fertimiel<\/strong>\u00a0\u00a1! Conocido por su eficacia, sigue siendo muy, muy sabroso... Dej\u00e9moslo ah\u00ed, \u00a1y desc\u00fabralo usted mismo!<\/p>\n<h2><strong>Fertimiel: \u00a1un n\u00e9ctar sorprendente!\u00a0<\/strong><\/h2>\n<p>En general, la miel es muy apreciada por sus numerosas virtudes, pero tambi\u00e9n por su sabor y aroma muy agradables. Conozca Fertimiel y su ingeniosa composici\u00f3n. La famosa\u00a0<strong>miel de azufaifo<\/strong>\u00a0\u00a1! La pueraria mirifica es famosa por su agradable aspecto y sabor. Tambi\u00e9n contiene pueraria mirifica y shatavari,\u00a0<a href=\"https:\/\/www.pollendepalmier.fr\/\" target=\"_blank\" rel=\"noopener\"><strong>polen de palma<\/strong><\/a>, kacip fatima y falso unicornio.<\/p>\n<p>Como puede ver, este\u00a0<strong>alicamento<\/strong>\u00a0puede ser una verdadera ventaja para quienes deseen\u00a0<strong>mejorar su fertilidad<\/strong>.<\/p>\n<h2><strong>\u00a1Tu tienda Safinel tiene el famoso Fertimiel!\u00a0<\/strong><\/h2>\n<p>Si usted tambi\u00e9n siente curiosidad por descubrir este producto de la colmena, no se preocupe, \u00a1su boutique Safinel lo tiene para usted!<\/p>\n<p>Este n\u00e9ctar se presenta en un tarro transparente, que revela la famosa mezcla marr\u00f3n natural. Suave y fundente, se presenta en un envase de 250 g, para placer de los amantes de la miel.<\/p>\n<h2><strong>Ventajas de Fertimiel<\/strong><\/h2>\n<p>El nombre lo dice todo, pero merece la pena echar un vistazo m\u00e1s de cerca para descubrir qu\u00e9 hay realmente detr\u00e1s de este codiciado n\u00e9ctar.<\/p>\n<p>Muy \u00fatil para enfermedades estacionales como dolores de garganta y problemas de las v\u00edas respiratorias. Tambi\u00e9n es bueno para la fertilidad. Considerado un<strong>\u00a0afrodis\u00edaco natural<\/strong>, es probablemente la soluci\u00f3n que estaba buscando.<\/p>\n<h3><strong>Descubre tambi\u00e9n...\u00a0<\/strong><\/h3>\n<p>Como de costumbre, su tienda de bienestar desea ofrecerle productos a su medida. Por eso nos gustar\u00eda que descubriera el\u00a0<a href=\"https:\/\/www.safinel.fr\/es\/product-2\/gelulas-falsas-de-unicornio\/\"><strong>c\u00e1psulas falsas de unicornio<\/strong><\/a>\u00a0\u00a1! Si a\u00fan te preguntas qu\u00e9 son estas c\u00e1psulas... Es hora de visitar tu boutique del bienestar y conocer estos tesoros naturales.<\/p>","protected":false},"excerpt":{"rendered":"<p><strong>Composici\u00f3n:<\/strong><\/p>\n<ul>\n<li>Miel de azufaifo marroqu\u00ed<\/li>\n<li><a href=\"https:\/\/www.safinel.fr\/es\/product-2\/pueraria-mirifica\/\"><strong>Pueraria mirifica<\/strong><\/a><\/li>\n<li>Shatavari<\/li>\n<li>Polen de palma<\/li>\n<li>Kacip F\u00e1tima<\/li>\n<li>Falso unicornio<\/li>\n<\/ul>\n<p><strong>\u26a0\ufe0f Remover bien antes de usar \u26a0\ufe0f<\/strong><\/p>","protected":false},"featured_media":1950,"template":"","meta":[],"product_brand":[],"product_cat":[15,24,72],"product_tag":[],"class_list":{"0":"post-1958","1":"product","2":"type-product","3":"status-publish","4":"has-post-thumbnail","6":"product_cat-fertilite","7":"product_cat-apiculture","8":"product_cat-miel-aphrodisiaque","10":"first","11":"outofstock","12":"shipping-taxable","13":"purchasable","14":"product-type-simple"},"yoast_head":"<!-- This site is optimized with the Yoast SEO plugin v26.6 - https:\/\/yoast.com\/wordpress\/plugins\/seo\/ -->\n<title>Fertimiel I Le miel id\u00e9al pour booster votre fertilit\u00e9<\/title>\n<meta name=\"description\" content=\"La fertilit\u00e9 est un sujet sensible pour certains\u2026 C\u2019est pour cela, que votre boutique Safinel souhaite mettre en avant le\u00a0Fertimiel\u00a0!\" \/>\n<meta name=\"robots\" content=\"index, follow, max-snippet:-1, max-image-preview:large, max-video-preview:-1\" \/>\n<link rel=\"canonical\" href=\"https:\/\/www.safinel.fr\/es\/product-2\/fertimiel\/\" \/>\n<meta property=\"og:locale\" content=\"es_ES\" \/>\n<meta property=\"og:type\" content=\"article\" \/>\n<meta property=\"og:title\" content=\"Fertimiel I Le miel id\u00e9al pour booster votre fertilit\u00e9\" \/>\n<meta property=\"og:description\" content=\"La fertilit\u00e9 est un sujet sensible pour certains\u2026 C\u2019est pour cela, que votre boutique Safinel souhaite mettre en avant le\u00a0Fertimiel\u00a0!\" \/>\n<meta property=\"og:url\" content=\"https:\/\/www.safinel.fr\/es\/product-2\/fertimiel\/\" \/>\n<meta property=\"og:site_name\" content=\"Safinel\" \/>\n<meta property=\"article:modified_time\" content=\"2024-07-04T14:07:05+00:00\" \/>\n<meta property=\"og:image\" content=\"https:\/\/www.safinel.fr\/wp-content\/uploads\/2022\/07\/fertimiel.jpg\" \/>\n\t<meta property=\"og:image:width\" content=\"600\" \/>\n\t<meta property=\"og:image:height\" content=\"600\" \/>\n\t<meta property=\"og:image:type\" content=\"image\/jpeg\" \/>\n<meta name=\"twitter:card\" content=\"summary_large_image\" \/>\n<meta name=\"twitter:label1\" content=\"Tiempo de lectura\" \/>\n\t<meta name=\"twitter:data1\" content=\"2 minutos\" \/>\n<script type=\"application\/ld+json\" class=\"yoast-schema-graph\">{\"@context\":\"https:\/\/schema.org\",\"@graph\":[{\"@type\":\"WebPage\",\"@id\":\"https:\/\/www.safinel.fr\/produit\/fertimiel\/\",\"url\":\"https:\/\/www.safinel.fr\/produit\/fertimiel\/\",\"name\":\"Fertimiel I Le miel id\u00e9al pour booster votre fertilit\u00e9\",\"isPartOf\":{\"@id\":\"https:\/\/www.safinel.fr\/#website\"},\"primaryImageOfPage\":{\"@id\":\"https:\/\/www.safinel.fr\/produit\/fertimiel\/#primaryimage\"},\"image\":{\"@id\":\"https:\/\/www.safinel.fr\/produit\/fertimiel\/#primaryimage\"},\"thumbnailUrl\":\"https:\/\/www.safinel.fr\/wp-content\/uploads\/2022\/07\/fertimiel.jpg\",\"datePublished\":\"2022-07-28T10:46:00+00:00\",\"dateModified\":\"2024-07-04T14:07:05+00:00\",\"description\":\"La fertilit\u00e9 est un sujet sensible pour certains\u2026 C\u2019est pour cela, que votre boutique Safinel souhaite mettre en avant le\u00a0Fertimiel\u00a0!\",\"breadcrumb\":{\"@id\":\"https:\/\/www.safinel.fr\/produit\/fertimiel\/#breadcrumb\"},\"inLanguage\":\"es\",\"potentialAction\":[{\"@type\":\"ReadAction\",\"target\":[\"https:\/\/www.safinel.fr\/produit\/fertimiel\/\"]}]},{\"@type\":\"ImageObject\",\"inLanguage\":\"es\",\"@id\":\"https:\/\/www.safinel.fr\/produit\/fertimiel\/#primaryimage\",\"url\":\"https:\/\/www.safinel.fr\/wp-content\/uploads\/2022\/07\/fertimiel.jpg\",\"contentUrl\":\"https:\/\/www.safinel.fr\/wp-content\/uploads\/2022\/07\/fertimiel.jpg\",\"width\":600,\"height\":600,\"caption\":\"Fertimiel 250g\"},{\"@type\":\"BreadcrumbList\",\"@id\":\"https:\/\/www.safinel.fr\/produit\/fertimiel\/#breadcrumb\",\"itemListElement\":[{\"@type\":\"ListItem\",\"position\":1,\"name\":\"Accueil\",\"item\":\"https:\/\/www.safinel.fr\/\"},{\"@type\":\"ListItem\",\"position\":2,\"name\":\"Boutique\",\"item\":\"https:\/\/www.safinel.fr\/boutique\/\"},{\"@type\":\"ListItem\",\"position\":3,\"name\":\"Fertimiel 250g\"}]},{\"@type\":\"WebSite\",\"@id\":\"https:\/\/www.safinel.fr\/#website\",\"url\":\"https:\/\/www.safinel.fr\/\",\"name\":\"Safinel\",\"description\":\"\",\"publisher\":{\"@id\":\"https:\/\/www.safinel.fr\/#organization\"},\"potentialAction\":[{\"@type\":\"SearchAction\",\"target\":{\"@type\":\"EntryPoint\",\"urlTemplate\":\"https:\/\/www.safinel.fr\/?s={search_term_string}\"},\"query-input\":{\"@type\":\"PropertyValueSpecification\",\"valueRequired\":true,\"valueName\":\"search_term_string\"}}],\"inLanguage\":\"es\"},{\"@type\":\"Organization\",\"@id\":\"https:\/\/www.safinel.fr\/#organization\",\"name\":\"Safinel\",\"url\":\"https:\/\/www.safinel.fr\/\",\"logo\":{\"@type\":\"ImageObject\",\"inLanguage\":\"es\",\"@id\":\"https:\/\/www.safinel.fr\/#\/schema\/logo\/image\/\",\"url\":\"https:\/\/www.safinel.fr\/wp-content\/uploads\/2021\/05\/boutique-cosmetique.png\",\"contentUrl\":\"https:\/\/www.safinel.fr\/wp-content\/uploads\/2021\/05\/boutique-cosmetique.png\",\"width\":800,\"height\":200,\"caption\":\"Safinel\"},\"image\":{\"@id\":\"https:\/\/www.safinel.fr\/#\/schema\/logo\/image\/\"}}]}<\/script>\n<!-- \/ Yoast SEO plugin. -->","yoast_head_json":{"title":"Fertimiel I La miel ideal para potenciar tu fertilidad","description":"La fertilidad es un tema delicado para algunas personas... \u00a1Por eso tu tienda Safinel quiere poner el foco en Fertimiel!","robots":{"index":"index","follow":"follow","max-snippet":"max-snippet:-1","max-image-preview":"max-image-preview:large","max-video-preview":"max-video-preview:-1"},"canonical":"https:\/\/www.safinel.fr\/es\/product-2\/fertimiel\/","og_locale":"es_ES","og_type":"article","og_title":"Fertimiel I Le miel id\u00e9al pour booster votre fertilit\u00e9","og_description":"La fertilit\u00e9 est un sujet sensible pour certains\u2026 C\u2019est pour cela, que votre boutique Safinel souhaite mettre en avant le\u00a0Fertimiel\u00a0!","og_url":"https:\/\/www.safinel.fr\/es\/product-2\/fertimiel\/","og_site_name":"Safinel","article_modified_time":"2024-07-04T14:07:05+00:00","og_image":[{"width":600,"height":600,"url":"https:\/\/www.safinel.fr\/wp-content\/uploads\/2022\/07\/fertimiel.jpg","type":"image\/jpeg"}],"twitter_card":"summary_large_image","twitter_misc":{"Tiempo de lectura":"2 minutos"},"schema":{"@context":"https:\/\/schema.org","@graph":[{"@type":"WebPage","@id":"https:\/\/www.safinel.fr\/produit\/fertimiel\/","url":"https:\/\/www.safinel.fr\/produit\/fertimiel\/","name":"Fertimiel I La miel ideal para potenciar tu fertilidad","isPartOf":{"@id":"https:\/\/www.safinel.fr\/#website"},"primaryImageOfPage":{"@id":"https:\/\/www.safinel.fr\/produit\/fertimiel\/#primaryimage"},"image":{"@id":"https:\/\/www.safinel.fr\/produit\/fertimiel\/#primaryimage"},"thumbnailUrl":"https:\/\/www.safinel.fr\/wp-content\/uploads\/2022\/07\/fertimiel.jpg","datePublished":"2022-07-28T10:46:00+00:00","dateModified":"2024-07-04T14:07:05+00:00","description":"La fertilidad es un tema delicado para algunas personas... \u00a1Por eso tu tienda Safinel quiere poner el foco en Fertimiel!","breadcrumb":{"@id":"https:\/\/www.safinel.fr\/produit\/fertimiel\/#breadcrumb"},"inLanguage":"es","potentialAction":[{"@type":"ReadAction","target":["https:\/\/www.safinel.fr\/produit\/fertimiel\/"]}]},{"@type":"ImageObject","inLanguage":"es","@id":"https:\/\/www.safinel.fr\/produit\/fertimiel\/#primaryimage","url":"https:\/\/www.safinel.fr\/wp-content\/uploads\/2022\/07\/fertimiel.jpg","contentUrl":"https:\/\/www.safinel.fr\/wp-content\/uploads\/2022\/07\/fertimiel.jpg","width":600,"height":600,"caption":"Fertimiel 250g"},{"@type":"BreadcrumbList","@id":"https:\/\/www.safinel.fr\/produit\/fertimiel\/#breadcrumb","itemListElement":[{"@type":"ListItem","position":1,"name":"Accueil","item":"https:\/\/www.safinel.fr\/"},{"@type":"ListItem","position":2,"name":"Boutique","item":"https:\/\/www.safinel.fr\/boutique\/"},{"@type":"ListItem","position":3,"name":"Fertimiel 250g"}]},{"@type":"WebSite","@id":"https:\/\/www.safinel.fr\/#website","url":"https:\/\/www.safinel.fr\/","name":"Safinel","description":"","publisher":{"@id":"https:\/\/www.safinel.fr\/#organization"},"potentialAction":[{"@type":"SearchAction","target":{"@type":"EntryPoint","urlTemplate":"https:\/\/www.safinel.fr\/?s={search_term_string}"},"query-input":{"@type":"PropertyValueSpecification","valueRequired":true,"valueName":"search_term_string"}}],"inLanguage":"es"},{"@type":"Organization","@id":"https:\/\/www.safinel.fr\/#organization","name":"Safinel","url":"https:\/\/www.safinel.fr\/","logo":{"@type":"ImageObject","inLanguage":"es","@id":"https:\/\/www.safinel.fr\/#\/schema\/logo\/image\/","url":"https:\/\/www.safinel.fr\/wp-content\/uploads\/2021\/05\/boutique-cosmetique.png","contentUrl":"https:\/\/www.safinel.fr\/wp-content\/uploads\/2021\/05\/boutique-cosmetique.png","width":800,"height":200,"caption":"Safinel"},"image":{"@id":"https:\/\/www.safinel.fr\/#\/schema\/logo\/image\/"}}]}},"_links":{"self":[{"href":"https:\/\/www.safinel.fr\/es\/wp-json\/wp\/v2\/product\/1958","targetHints":{"allow":["GET"]}}],"collection":[{"href":"https:\/\/www.safinel.fr\/es\/wp-json\/wp\/v2\/product"}],"about":[{"href":"https:\/\/www.safinel.fr\/es\/wp-json\/wp\/v2\/types\/product"}],"wp:featuredmedia":[{"embeddable":true,"href":"https:\/\/www.safinel.fr\/es\/wp-json\/wp\/v2\/media\/1950"}],"wp:attachment":[{"href":"https:\/\/www.safinel.fr\/es\/wp-json\/wp\/v2\/media?parent=1958"}],"wp:term":[{"taxonomy":"product_brand","embeddable":true,"href":"https:\/\/www.safinel.fr\/es\/wp-json\/wp\/v2\/product_brand?post=1958"},{"taxonomy":"product_cat","embeddable":true,"href":"https:\/\/www.safinel.fr\/es\/wp-json\/wp\/v2\/product_cat?post=1958"},{"taxonomy":"product_tag","embeddable":true,"href":"https:\/\/www.safinel.fr\/es\/wp-json\/wp\/v2\/product_tag?post=1958"}],"curies":[{"name":"wp","href":"https:\/\/api.w.org\/{rel}","templated":true}]}}