{"id":1956,"date":"2022-07-28T10:40:05","date_gmt":"2022-07-28T10:40:05","guid":{"rendered":"https:\/\/www.safinel.fr\/?post_type=product&#038;p=1956"},"modified":"2023-12-28T17:15:21","modified_gmt":"2023-12-28T17:15:21","slug":"miel-de-romero","status":"publish","type":"product","link":"https:\/\/www.safinel.fr\/es\/product-2\/miel-de-romero\/","title":{"rendered":"Miel de romero de Espa\u00f1a 250g"},"content":{"rendered":"<p>\u00a1Es hora de viajar! Aseg\u00farate de que est\u00e1s en el lugar correcto y no te muevas, \u00a1porque vamos a cruzar la frontera con Espa\u00f1a! Descubra la<strong>\u00a0Miel de romero espa\u00f1ola<\/strong>\u00a0!<\/p>\n<h2><strong>Descubrir la miel de romero espa\u00f1ola\u00a0<\/strong><\/h2>\n<p>Si este pa\u00eds es famoso por su clima y sus numerosos paisajes, usted no es el \u00fanico que disfruta de ellos... De hecho, nuestro peque\u00f1o\u00a0<strong>abejas<\/strong>\u00a0son especialmente aficionados, porque Espa\u00f1a tiene muchos lugares ideales para una floraci\u00f3n de calidad.<\/p>\n<p>Por eso Safinel quiere presentarle la miel espa\u00f1ola de romero. Se presenta en un tarro cl\u00e1sico de 250 g, para el placer de los amantes de los n\u00e9ctares perfumados y sabrosos.<\/p>\n<h2><strong>Los beneficios de la miel de romero espa\u00f1ola\u00a0<\/strong><\/h2>\n<p>Si a usted tambi\u00e9n le interesa saber m\u00e1s sobre este<strong>\u00a0miel monofloral,<\/strong>\u00a0\u00a1no des un paso m\u00e1s!<\/p>\n<p>En primer lugar, como la mayor\u00eda de las mieles, es conocida por ser un activo contra ciertas enfermedades, sobre todo las estacionales. Por ejemplo, los dolores de garganta y ciertos problemas respiratorios.<\/p>\n<p>Tambi\u00e9n se considera un antis\u00e9ptico y antiinflamatorio natural. Utilizado por muchas personas por sus beneficios para el h\u00edgado, tambi\u00e9n es beneficioso para la digesti\u00f3n.<\/p>\n<h3><strong>Miel de romero de Espa\u00f1a: un suplemento diet\u00e9tico popular\u00a0<\/strong><\/h3>\n<p>Tanto si eres un deportista de alto nivel como un guerrero de fin de semana, \u00a1esta miel puede ser justo lo que est\u00e1s buscando! Muy bueno para el aporte energ\u00e9tico y la recuperaci\u00f3n, este alimento saludable debe tomarse antes y despu\u00e9s del ejercicio.<\/p>\n<p>Adem\u00e1s, si se siente muy cansado, puede seguir un tratamiento, como cualquier otro estimulante natural.<\/p>\n<h3><strong>Tambi\u00e9n puede visitar su boutique de bienestar en l\u00ednea...<\/strong><\/h3>\n<p>Como puede ver, a su tienda online le gusta ofrecerle productos de calidad que seguro le encantar\u00e1n.<\/p>\n<p>\u00bfHa conocido alguna vez al famoso\u00a0<strong><a href=\"https:\/\/www.safinel.fr\/es\/product-2\/ajo-negro\/\">ajo negro<\/a>\u00a0<\/strong>? Si no es as\u00ed, le sugerimos que visite nuestra tienda en l\u00ednea para obtener m\u00e1s informaci\u00f3n.<\/p>","protected":false},"excerpt":{"rendered":"<p>Il est temps de voyager ! Prenez bien place, restez bien install\u00e9 car nous changeons de fronti\u00e8re, pour l\u2019Espagne ! Faites enfin la d\u00e9couverte du\u00a0miel de romarin d\u2019Espagne\u00a0! A la d\u00e9couverte du miel de romarin d\u2019Espagne\u00a0 Si ce pays est connu pour son climat et ses nombreux paysages, autant dire qu\u2019il n\u2019y pas que vous [&#8230;]","protected":false},"featured_media":1939,"template":"","meta":[],"product_brand":[],"product_cat":[24,71],"product_tag":[],"class_list":{"0":"post-1956","1":"product","2":"type-product","3":"status-publish","4":"has-post-thumbnail","6":"product_cat-apiculture","7":"product_cat-miels-despagne","9":"first","10":"instock","11":"shipping-taxable","12":"purchasable","13":"product-type-simple"},"yoast_head":"<!-- This site is optimized with the Yoast SEO plugin v26.6 - https:\/\/yoast.com\/wordpress\/plugins\/seo\/ -->\n<title>Miel de Romarin I Miel espagnol de qualit\u00e9 I Contenance 250g<\/title>\n<meta name=\"description\" content=\"Prenez bien place, restez bien install\u00e9 car nous changeons de fronti\u00e8re, pour l\u2019Espagne ! Faites enfin la d\u00e9couverte du\u00a0miel de romarin d\u2019Espagne\u00a0!\" \/>\n<meta name=\"robots\" content=\"index, follow, max-snippet:-1, max-image-preview:large, max-video-preview:-1\" \/>\n<link rel=\"canonical\" href=\"https:\/\/www.safinel.fr\/es\/product-2\/miel-de-romero\/\" \/>\n<meta property=\"og:locale\" content=\"es_ES\" \/>\n<meta property=\"og:type\" content=\"article\" \/>\n<meta property=\"og:title\" content=\"Miel de Romarin I Miel espagnol de qualit\u00e9 I Contenance 250g\" \/>\n<meta property=\"og:description\" content=\"Prenez bien place, restez bien install\u00e9 car nous changeons de fronti\u00e8re, pour l\u2019Espagne ! Faites enfin la d\u00e9couverte du\u00a0miel de romarin d\u2019Espagne\u00a0!\" \/>\n<meta property=\"og:url\" content=\"https:\/\/www.safinel.fr\/es\/product-2\/miel-de-romero\/\" \/>\n<meta property=\"og:site_name\" content=\"Safinel\" \/>\n<meta property=\"article:modified_time\" content=\"2023-12-28T17:15:21+00:00\" \/>\n<meta property=\"og:image\" content=\"https:\/\/www.safinel.fr\/wp-content\/uploads\/2022\/07\/miel-de-romarin.jpg\" \/>\n\t<meta property=\"og:image:width\" content=\"600\" \/>\n\t<meta property=\"og:image:height\" content=\"600\" \/>\n\t<meta property=\"og:image:type\" content=\"image\/jpeg\" \/>\n<meta name=\"twitter:card\" content=\"summary_large_image\" \/>\n<meta name=\"twitter:label1\" content=\"Tiempo de lectura\" \/>\n\t<meta name=\"twitter:data1\" content=\"2 minutos\" \/>\n<script type=\"application\/ld+json\" class=\"yoast-schema-graph\">{\"@context\":\"https:\/\/schema.org\",\"@graph\":[{\"@type\":\"WebPage\",\"@id\":\"https:\/\/www.safinel.fr\/produit\/miel-de-romarin\/\",\"url\":\"https:\/\/www.safinel.fr\/produit\/miel-de-romarin\/\",\"name\":\"Miel de Romarin I Miel espagnol de qualit\u00e9 I Contenance 250g\",\"isPartOf\":{\"@id\":\"https:\/\/www.safinel.fr\/#website\"},\"primaryImageOfPage\":{\"@id\":\"https:\/\/www.safinel.fr\/produit\/miel-de-romarin\/#primaryimage\"},\"image\":{\"@id\":\"https:\/\/www.safinel.fr\/produit\/miel-de-romarin\/#primaryimage\"},\"thumbnailUrl\":\"https:\/\/www.safinel.fr\/wp-content\/uploads\/2022\/07\/miel-de-romarin.jpg\",\"datePublished\":\"2022-07-28T10:40:05+00:00\",\"dateModified\":\"2023-12-28T17:15:21+00:00\",\"description\":\"Prenez bien place, restez bien install\u00e9 car nous changeons de fronti\u00e8re, pour l\u2019Espagne ! Faites enfin la d\u00e9couverte du\u00a0miel de romarin d\u2019Espagne\u00a0!\",\"breadcrumb\":{\"@id\":\"https:\/\/www.safinel.fr\/produit\/miel-de-romarin\/#breadcrumb\"},\"inLanguage\":\"es\",\"potentialAction\":[{\"@type\":\"ReadAction\",\"target\":[\"https:\/\/www.safinel.fr\/produit\/miel-de-romarin\/\"]}]},{\"@type\":\"ImageObject\",\"inLanguage\":\"es\",\"@id\":\"https:\/\/www.safinel.fr\/produit\/miel-de-romarin\/#primaryimage\",\"url\":\"https:\/\/www.safinel.fr\/wp-content\/uploads\/2022\/07\/miel-de-romarin.jpg\",\"contentUrl\":\"https:\/\/www.safinel.fr\/wp-content\/uploads\/2022\/07\/miel-de-romarin.jpg\",\"width\":600,\"height\":600,\"caption\":\"Miel de romarin d'Espagne 250g\"},{\"@type\":\"BreadcrumbList\",\"@id\":\"https:\/\/www.safinel.fr\/produit\/miel-de-romarin\/#breadcrumb\",\"itemListElement\":[{\"@type\":\"ListItem\",\"position\":1,\"name\":\"Accueil\",\"item\":\"https:\/\/www.safinel.fr\/\"},{\"@type\":\"ListItem\",\"position\":2,\"name\":\"Boutique\",\"item\":\"https:\/\/www.safinel.fr\/boutique\/\"},{\"@type\":\"ListItem\",\"position\":3,\"name\":\"Miel de romarin d&#8217;Espagne 250g\"}]},{\"@type\":\"WebSite\",\"@id\":\"https:\/\/www.safinel.fr\/#website\",\"url\":\"https:\/\/www.safinel.fr\/\",\"name\":\"Safinel\",\"description\":\"\",\"publisher\":{\"@id\":\"https:\/\/www.safinel.fr\/#organization\"},\"potentialAction\":[{\"@type\":\"SearchAction\",\"target\":{\"@type\":\"EntryPoint\",\"urlTemplate\":\"https:\/\/www.safinel.fr\/?s={search_term_string}\"},\"query-input\":{\"@type\":\"PropertyValueSpecification\",\"valueRequired\":true,\"valueName\":\"search_term_string\"}}],\"inLanguage\":\"es\"},{\"@type\":\"Organization\",\"@id\":\"https:\/\/www.safinel.fr\/#organization\",\"name\":\"Safinel\",\"url\":\"https:\/\/www.safinel.fr\/\",\"logo\":{\"@type\":\"ImageObject\",\"inLanguage\":\"es\",\"@id\":\"https:\/\/www.safinel.fr\/#\/schema\/logo\/image\/\",\"url\":\"https:\/\/www.safinel.fr\/wp-content\/uploads\/2021\/05\/boutique-cosmetique.png\",\"contentUrl\":\"https:\/\/www.safinel.fr\/wp-content\/uploads\/2021\/05\/boutique-cosmetique.png\",\"width\":800,\"height\":200,\"caption\":\"Safinel\"},\"image\":{\"@id\":\"https:\/\/www.safinel.fr\/#\/schema\/logo\/image\/\"}}]}<\/script>\n<!-- \/ Yoast SEO plugin. -->","yoast_head_json":{"title":"Miel de romero I Miel espa\u00f1ola de calidad I Caja de 250g","description":"Si\u00e9ntese y no se mueva, porque vamos a cruzar la frontera con Espa\u00f1a. \u00a1Descubra la miel de romero de Espa\u00f1a!","robots":{"index":"index","follow":"follow","max-snippet":"max-snippet:-1","max-image-preview":"max-image-preview:large","max-video-preview":"max-video-preview:-1"},"canonical":"https:\/\/www.safinel.fr\/es\/product-2\/miel-de-romero\/","og_locale":"es_ES","og_type":"article","og_title":"Miel de Romarin I Miel espagnol de qualit\u00e9 I Contenance 250g","og_description":"Prenez bien place, restez bien install\u00e9 car nous changeons de fronti\u00e8re, pour l\u2019Espagne ! Faites enfin la d\u00e9couverte du\u00a0miel de romarin d\u2019Espagne\u00a0!","og_url":"https:\/\/www.safinel.fr\/es\/product-2\/miel-de-romero\/","og_site_name":"Safinel","article_modified_time":"2023-12-28T17:15:21+00:00","og_image":[{"width":600,"height":600,"url":"https:\/\/www.safinel.fr\/wp-content\/uploads\/2022\/07\/miel-de-romarin.jpg","type":"image\/jpeg"}],"twitter_card":"summary_large_image","twitter_misc":{"Tiempo de lectura":"2 minutos"},"schema":{"@context":"https:\/\/schema.org","@graph":[{"@type":"WebPage","@id":"https:\/\/www.safinel.fr\/produit\/miel-de-romarin\/","url":"https:\/\/www.safinel.fr\/produit\/miel-de-romarin\/","name":"Miel de romero I Miel espa\u00f1ola de calidad I Caja de 250g","isPartOf":{"@id":"https:\/\/www.safinel.fr\/#website"},"primaryImageOfPage":{"@id":"https:\/\/www.safinel.fr\/produit\/miel-de-romarin\/#primaryimage"},"image":{"@id":"https:\/\/www.safinel.fr\/produit\/miel-de-romarin\/#primaryimage"},"thumbnailUrl":"https:\/\/www.safinel.fr\/wp-content\/uploads\/2022\/07\/miel-de-romarin.jpg","datePublished":"2022-07-28T10:40:05+00:00","dateModified":"2023-12-28T17:15:21+00:00","description":"Si\u00e9ntese y no se mueva, porque vamos a cruzar la frontera con Espa\u00f1a. \u00a1Descubra la miel de romero de Espa\u00f1a!","breadcrumb":{"@id":"https:\/\/www.safinel.fr\/produit\/miel-de-romarin\/#breadcrumb"},"inLanguage":"es","potentialAction":[{"@type":"ReadAction","target":["https:\/\/www.safinel.fr\/produit\/miel-de-romarin\/"]}]},{"@type":"ImageObject","inLanguage":"es","@id":"https:\/\/www.safinel.fr\/produit\/miel-de-romarin\/#primaryimage","url":"https:\/\/www.safinel.fr\/wp-content\/uploads\/2022\/07\/miel-de-romarin.jpg","contentUrl":"https:\/\/www.safinel.fr\/wp-content\/uploads\/2022\/07\/miel-de-romarin.jpg","width":600,"height":600,"caption":"Miel de romarin d'Espagne 250g"},{"@type":"BreadcrumbList","@id":"https:\/\/www.safinel.fr\/produit\/miel-de-romarin\/#breadcrumb","itemListElement":[{"@type":"ListItem","position":1,"name":"Accueil","item":"https:\/\/www.safinel.fr\/"},{"@type":"ListItem","position":2,"name":"Boutique","item":"https:\/\/www.safinel.fr\/boutique\/"},{"@type":"ListItem","position":3,"name":"Miel de romarin d&#8217;Espagne 250g"}]},{"@type":"WebSite","@id":"https:\/\/www.safinel.fr\/#website","url":"https:\/\/www.safinel.fr\/","name":"Safinel","description":"","publisher":{"@id":"https:\/\/www.safinel.fr\/#organization"},"potentialAction":[{"@type":"SearchAction","target":{"@type":"EntryPoint","urlTemplate":"https:\/\/www.safinel.fr\/?s={search_term_string}"},"query-input":{"@type":"PropertyValueSpecification","valueRequired":true,"valueName":"search_term_string"}}],"inLanguage":"es"},{"@type":"Organization","@id":"https:\/\/www.safinel.fr\/#organization","name":"Safinel","url":"https:\/\/www.safinel.fr\/","logo":{"@type":"ImageObject","inLanguage":"es","@id":"https:\/\/www.safinel.fr\/#\/schema\/logo\/image\/","url":"https:\/\/www.safinel.fr\/wp-content\/uploads\/2021\/05\/boutique-cosmetique.png","contentUrl":"https:\/\/www.safinel.fr\/wp-content\/uploads\/2021\/05\/boutique-cosmetique.png","width":800,"height":200,"caption":"Safinel"},"image":{"@id":"https:\/\/www.safinel.fr\/#\/schema\/logo\/image\/"}}]}},"_links":{"self":[{"href":"https:\/\/www.safinel.fr\/es\/wp-json\/wp\/v2\/product\/1956","targetHints":{"allow":["GET"]}}],"collection":[{"href":"https:\/\/www.safinel.fr\/es\/wp-json\/wp\/v2\/product"}],"about":[{"href":"https:\/\/www.safinel.fr\/es\/wp-json\/wp\/v2\/types\/product"}],"wp:featuredmedia":[{"embeddable":true,"href":"https:\/\/www.safinel.fr\/es\/wp-json\/wp\/v2\/media\/1939"}],"wp:attachment":[{"href":"https:\/\/www.safinel.fr\/es\/wp-json\/wp\/v2\/media?parent=1956"}],"wp:term":[{"taxonomy":"product_brand","embeddable":true,"href":"https:\/\/www.safinel.fr\/es\/wp-json\/wp\/v2\/product_brand?post=1956"},{"taxonomy":"product_cat","embeddable":true,"href":"https:\/\/www.safinel.fr\/es\/wp-json\/wp\/v2\/product_cat?post=1956"},{"taxonomy":"product_tag","embeddable":true,"href":"https:\/\/www.safinel.fr\/es\/wp-json\/wp\/v2\/product_tag?post=1956"}],"curies":[{"name":"wp","href":"https:\/\/api.w.org\/{rel}","templated":true}]}}