{"id":1953,"date":"2022-07-28T10:34:03","date_gmt":"2022-07-28T10:34:03","guid":{"rendered":"https:\/\/www.safinel.fr\/?post_type=product&#038;p=1953"},"modified":"2024-01-03T14:42:14","modified_gmt":"2024-01-03T14:42:14","slug":"miel-de-lavanda","status":"publish","type":"product","link":"https:\/\/www.safinel.fr\/es\/product-2\/miel-de-lavanda\/","title":{"rendered":"Miel de lavanda espa\u00f1ola 250g"},"content":{"rendered":"<p>Si le gusta el az\u00facar natural y los sabores atractivos, \u00a1su tienda en l\u00ednea Safinel tiene probablemente justo lo que busca! Deje paso al famoso\u00a0<strong>Miel de lavanda espa\u00f1ola<\/strong>\u00a0\u00a1! Es muy conocida, sobre todo en las regiones mediterr\u00e1neas, por su fragancia, pero tambi\u00e9n por sus numerosas virtudes.<strong>\u00a0<\/strong><\/p>\n<h2><strong>\u00a1Por fin podemos presentarle la miel de lavanda de Espa\u00f1a!\u00a0<\/strong><\/h2>\n<p>Su\u00a0<strong>boutique del bienestar<\/strong>\u00a0rinde homenaje a un producto muy apreciado de la colmena... Hablamos, por supuesto, de la miel de lavanda espa\u00f1ola. Disponible en las tiendas en un tarro transparente, que revela este famoso l\u00edquido, este n\u00e9ctar tan perfumado bien podr\u00eda ser el alicamento que le faltaba.<\/p>\n<p>En un recipiente de 250 g, el<strong>\u00a0miel de lavanda espa\u00f1ola\u00a0<\/strong>es ideal para quienes desean disfrutar de este manjar durante mucho tiempo...<\/p>\n<h2><strong>Los beneficios de la miel de lavanda espa\u00f1ola\u00a0<\/strong><\/h2>\n<p>Este maravilloso\u00a0<strong>n\u00e9ctar<\/strong>\u00a0es conocida no s\u00f3lo por su fuerte fragancia, sino tambi\u00e9n por su agradable sabor.<\/p>\n<p>Adem\u00e1s, es muy \u00fatil para las afecciones estacionales, como los dolores de garganta y los problemas respiratorios, y tambi\u00e9n parece ser muy popular entre los aficionados al deporte.<\/p>\n<p>De hecho, muchos deportistas profesionales utilizan la miel como suplemento diet\u00e9tico. Justo antes de una sesi\u00f3n para aportar energ\u00eda y justo despu\u00e9s para recuperarse, \u00a1la miel de lavanda espa\u00f1ola podr\u00eda ser justo lo que est\u00e1s buscando!<\/p>\n<h3><strong>Su boutique del bienestar tambi\u00e9n es...\u00a0<\/strong><\/h3>\n<p>Safinel siempre se preocupa por lo que le ofrece. El objetivo es proponerle productos que puedan resultarle \u00fatiles a diario.<\/p>\n<p>Por eso quiere que descubras <a href=\"https:\/\/www.safinel.fr\/es\/product-2\/capsula-tensora-intima\/\"><strong>la c\u00e1psula reafirmante \u00edntima<\/strong><\/a> \u00a1! Muy popular entre algunas mujeres, podr\u00eda conquistarte r\u00e1pidamente.<\/p>\n<p>Tambi\u00e9n puedes probar el jengibre en polvo. Conocido como afrodis\u00edaco natural, descubre sin m\u00e1s dilaci\u00f3n todas sus virtudes poco conocidas.<\/p>","protected":false},"excerpt":{"rendered":"<p>Vous \u00eates friands de sucre naturel et d&rsquo;ar\u00f4mes attirants, votre boutique en ligne Safinel a probablement ce qu\u2019il vous faut ! Faites place au fameux\u00a0miel de lavande d\u2019Espagne\u00a0! Ce dernier est tr\u00e8s connu, notamment dans les r\u00e9gions m\u00e9diterran\u00e9ennes pour son parfum mais \u00e9galement pour ses nombreuses vertus.\u00a0 On vous pr\u00e9sente enfin le miel de lavande [&#8230;]","protected":false},"featured_media":1954,"template":"","meta":[],"product_brand":[],"product_cat":[24,71],"product_tag":[],"class_list":{"0":"post-1953","1":"product","2":"type-product","3":"status-publish","4":"has-post-thumbnail","6":"product_cat-apiculture","7":"product_cat-miels-despagne","9":"first","10":"outofstock","11":"shipping-taxable","12":"purchasable","13":"product-type-simple"},"yoast_head":"<!-- This site is optimized with the Yoast SEO plugin v26.6 - https:\/\/yoast.com\/wordpress\/plugins\/seo\/ -->\n<title>Miel de lavande d&#039;Espagne I Bienfaits nombreux I 250g<\/title>\n<meta name=\"description\" content=\"Vous \u00eates friands de sucre naturel et d&#039;ar\u00f4mes attirants. Faites place au fameux\u00a0miel de lavande d\u2019Espagne\u00a0 en quelques clics !\" \/>\n<meta name=\"robots\" content=\"index, follow, max-snippet:-1, max-image-preview:large, max-video-preview:-1\" \/>\n<link rel=\"canonical\" href=\"https:\/\/www.safinel.fr\/es\/product-2\/miel-de-lavanda\/\" \/>\n<meta property=\"og:locale\" content=\"es_ES\" \/>\n<meta property=\"og:type\" content=\"article\" \/>\n<meta property=\"og:title\" content=\"Miel de lavande d&#039;Espagne I Bienfaits nombreux I 250g\" \/>\n<meta property=\"og:description\" content=\"Vous \u00eates friands de sucre naturel et d&#039;ar\u00f4mes attirants. Faites place au fameux\u00a0miel de lavande d\u2019Espagne\u00a0 en quelques clics !\" \/>\n<meta property=\"og:url\" content=\"https:\/\/www.safinel.fr\/es\/product-2\/miel-de-lavanda\/\" \/>\n<meta property=\"og:site_name\" content=\"Safinel\" \/>\n<meta property=\"article:modified_time\" content=\"2024-01-03T14:42:14+00:00\" \/>\n<meta property=\"og:image\" content=\"https:\/\/www.safinel.fr\/wp-content\/uploads\/2022\/07\/miel-de-lavande-d-espagne.jpg\" \/>\n\t<meta property=\"og:image:width\" content=\"600\" \/>\n\t<meta property=\"og:image:height\" content=\"600\" \/>\n\t<meta property=\"og:image:type\" content=\"image\/jpeg\" \/>\n<meta name=\"twitter:card\" content=\"summary_large_image\" \/>\n<meta name=\"twitter:label1\" content=\"Tiempo de lectura\" \/>\n\t<meta name=\"twitter:data1\" content=\"2 minutos\" \/>\n<script type=\"application\/ld+json\" class=\"yoast-schema-graph\">{\"@context\":\"https:\/\/schema.org\",\"@graph\":[{\"@type\":\"WebPage\",\"@id\":\"https:\/\/www.safinel.fr\/produit\/miel-de-lavande\/\",\"url\":\"https:\/\/www.safinel.fr\/produit\/miel-de-lavande\/\",\"name\":\"Miel de lavande d'Espagne I Bienfaits nombreux I 250g\",\"isPartOf\":{\"@id\":\"https:\/\/www.safinel.fr\/#website\"},\"primaryImageOfPage\":{\"@id\":\"https:\/\/www.safinel.fr\/produit\/miel-de-lavande\/#primaryimage\"},\"image\":{\"@id\":\"https:\/\/www.safinel.fr\/produit\/miel-de-lavande\/#primaryimage\"},\"thumbnailUrl\":\"https:\/\/www.safinel.fr\/wp-content\/uploads\/2022\/07\/miel-de-lavande-d-espagne.jpg\",\"datePublished\":\"2022-07-28T10:34:03+00:00\",\"dateModified\":\"2024-01-03T14:42:14+00:00\",\"description\":\"Vous \u00eates friands de sucre naturel et d'ar\u00f4mes attirants. Faites place au fameux\u00a0miel de lavande d\u2019Espagne\u00a0 en quelques clics !\",\"breadcrumb\":{\"@id\":\"https:\/\/www.safinel.fr\/produit\/miel-de-lavande\/#breadcrumb\"},\"inLanguage\":\"es\",\"potentialAction\":[{\"@type\":\"ReadAction\",\"target\":[\"https:\/\/www.safinel.fr\/produit\/miel-de-lavande\/\"]}]},{\"@type\":\"ImageObject\",\"inLanguage\":\"es\",\"@id\":\"https:\/\/www.safinel.fr\/produit\/miel-de-lavande\/#primaryimage\",\"url\":\"https:\/\/www.safinel.fr\/wp-content\/uploads\/2022\/07\/miel-de-lavande-d-espagne.jpg\",\"contentUrl\":\"https:\/\/www.safinel.fr\/wp-content\/uploads\/2022\/07\/miel-de-lavande-d-espagne.jpg\",\"width\":600,\"height\":600,\"caption\":\"Miel de lavande d'Espagne 250g\"},{\"@type\":\"BreadcrumbList\",\"@id\":\"https:\/\/www.safinel.fr\/produit\/miel-de-lavande\/#breadcrumb\",\"itemListElement\":[{\"@type\":\"ListItem\",\"position\":1,\"name\":\"Accueil\",\"item\":\"https:\/\/www.safinel.fr\/\"},{\"@type\":\"ListItem\",\"position\":2,\"name\":\"Boutique\",\"item\":\"https:\/\/www.safinel.fr\/boutique\/\"},{\"@type\":\"ListItem\",\"position\":3,\"name\":\"Miel de lavande d&#8217;Espagne 250g\"}]},{\"@type\":\"WebSite\",\"@id\":\"https:\/\/www.safinel.fr\/#website\",\"url\":\"https:\/\/www.safinel.fr\/\",\"name\":\"Safinel\",\"description\":\"\",\"publisher\":{\"@id\":\"https:\/\/www.safinel.fr\/#organization\"},\"potentialAction\":[{\"@type\":\"SearchAction\",\"target\":{\"@type\":\"EntryPoint\",\"urlTemplate\":\"https:\/\/www.safinel.fr\/?s={search_term_string}\"},\"query-input\":{\"@type\":\"PropertyValueSpecification\",\"valueRequired\":true,\"valueName\":\"search_term_string\"}}],\"inLanguage\":\"es\"},{\"@type\":\"Organization\",\"@id\":\"https:\/\/www.safinel.fr\/#organization\",\"name\":\"Safinel\",\"url\":\"https:\/\/www.safinel.fr\/\",\"logo\":{\"@type\":\"ImageObject\",\"inLanguage\":\"es\",\"@id\":\"https:\/\/www.safinel.fr\/#\/schema\/logo\/image\/\",\"url\":\"https:\/\/www.safinel.fr\/wp-content\/uploads\/2021\/05\/boutique-cosmetique.png\",\"contentUrl\":\"https:\/\/www.safinel.fr\/wp-content\/uploads\/2021\/05\/boutique-cosmetique.png\",\"width\":800,\"height\":200,\"caption\":\"Safinel\"},\"image\":{\"@id\":\"https:\/\/www.safinel.fr\/#\/schema\/logo\/image\/\"}}]}<\/script>\n<!-- \/ Yoast SEO plugin. -->","yoast_head_json":{"title":"Miel de lavanda de Espa\u00f1a I Numerosos beneficios I 250g","description":"Le gustan el az\u00facar natural y los aromas atractivos. \u00a1Deje paso a la famosa miel de lavanda de Espa\u00f1a en unos pocos clics!","robots":{"index":"index","follow":"follow","max-snippet":"max-snippet:-1","max-image-preview":"max-image-preview:large","max-video-preview":"max-video-preview:-1"},"canonical":"https:\/\/www.safinel.fr\/es\/product-2\/miel-de-lavanda\/","og_locale":"es_ES","og_type":"article","og_title":"Miel de lavande d'Espagne I Bienfaits nombreux I 250g","og_description":"Vous \u00eates friands de sucre naturel et d'ar\u00f4mes attirants. Faites place au fameux\u00a0miel de lavande d\u2019Espagne\u00a0 en quelques clics !","og_url":"https:\/\/www.safinel.fr\/es\/product-2\/miel-de-lavanda\/","og_site_name":"Safinel","article_modified_time":"2024-01-03T14:42:14+00:00","og_image":[{"width":600,"height":600,"url":"https:\/\/www.safinel.fr\/wp-content\/uploads\/2022\/07\/miel-de-lavande-d-espagne.jpg","type":"image\/jpeg"}],"twitter_card":"summary_large_image","twitter_misc":{"Tiempo de lectura":"2 minutos"},"schema":{"@context":"https:\/\/schema.org","@graph":[{"@type":"WebPage","@id":"https:\/\/www.safinel.fr\/produit\/miel-de-lavande\/","url":"https:\/\/www.safinel.fr\/produit\/miel-de-lavande\/","name":"Miel de lavanda de Espa\u00f1a I Numerosos beneficios I 250g","isPartOf":{"@id":"https:\/\/www.safinel.fr\/#website"},"primaryImageOfPage":{"@id":"https:\/\/www.safinel.fr\/produit\/miel-de-lavande\/#primaryimage"},"image":{"@id":"https:\/\/www.safinel.fr\/produit\/miel-de-lavande\/#primaryimage"},"thumbnailUrl":"https:\/\/www.safinel.fr\/wp-content\/uploads\/2022\/07\/miel-de-lavande-d-espagne.jpg","datePublished":"2022-07-28T10:34:03+00:00","dateModified":"2024-01-03T14:42:14+00:00","description":"Le gustan el az\u00facar natural y los aromas atractivos. \u00a1Deje paso a la famosa miel de lavanda de Espa\u00f1a en unos pocos clics!","breadcrumb":{"@id":"https:\/\/www.safinel.fr\/produit\/miel-de-lavande\/#breadcrumb"},"inLanguage":"es","potentialAction":[{"@type":"ReadAction","target":["https:\/\/www.safinel.fr\/produit\/miel-de-lavande\/"]}]},{"@type":"ImageObject","inLanguage":"es","@id":"https:\/\/www.safinel.fr\/produit\/miel-de-lavande\/#primaryimage","url":"https:\/\/www.safinel.fr\/wp-content\/uploads\/2022\/07\/miel-de-lavande-d-espagne.jpg","contentUrl":"https:\/\/www.safinel.fr\/wp-content\/uploads\/2022\/07\/miel-de-lavande-d-espagne.jpg","width":600,"height":600,"caption":"Miel de lavande d'Espagne 250g"},{"@type":"BreadcrumbList","@id":"https:\/\/www.safinel.fr\/produit\/miel-de-lavande\/#breadcrumb","itemListElement":[{"@type":"ListItem","position":1,"name":"Accueil","item":"https:\/\/www.safinel.fr\/"},{"@type":"ListItem","position":2,"name":"Boutique","item":"https:\/\/www.safinel.fr\/boutique\/"},{"@type":"ListItem","position":3,"name":"Miel de lavande d&#8217;Espagne 250g"}]},{"@type":"WebSite","@id":"https:\/\/www.safinel.fr\/#website","url":"https:\/\/www.safinel.fr\/","name":"Safinel","description":"","publisher":{"@id":"https:\/\/www.safinel.fr\/#organization"},"potentialAction":[{"@type":"SearchAction","target":{"@type":"EntryPoint","urlTemplate":"https:\/\/www.safinel.fr\/?s={search_term_string}"},"query-input":{"@type":"PropertyValueSpecification","valueRequired":true,"valueName":"search_term_string"}}],"inLanguage":"es"},{"@type":"Organization","@id":"https:\/\/www.safinel.fr\/#organization","name":"Safinel","url":"https:\/\/www.safinel.fr\/","logo":{"@type":"ImageObject","inLanguage":"es","@id":"https:\/\/www.safinel.fr\/#\/schema\/logo\/image\/","url":"https:\/\/www.safinel.fr\/wp-content\/uploads\/2021\/05\/boutique-cosmetique.png","contentUrl":"https:\/\/www.safinel.fr\/wp-content\/uploads\/2021\/05\/boutique-cosmetique.png","width":800,"height":200,"caption":"Safinel"},"image":{"@id":"https:\/\/www.safinel.fr\/#\/schema\/logo\/image\/"}}]}},"_links":{"self":[{"href":"https:\/\/www.safinel.fr\/es\/wp-json\/wp\/v2\/product\/1953","targetHints":{"allow":["GET"]}}],"collection":[{"href":"https:\/\/www.safinel.fr\/es\/wp-json\/wp\/v2\/product"}],"about":[{"href":"https:\/\/www.safinel.fr\/es\/wp-json\/wp\/v2\/types\/product"}],"wp:featuredmedia":[{"embeddable":true,"href":"https:\/\/www.safinel.fr\/es\/wp-json\/wp\/v2\/media\/1954"}],"wp:attachment":[{"href":"https:\/\/www.safinel.fr\/es\/wp-json\/wp\/v2\/media?parent=1953"}],"wp:term":[{"taxonomy":"product_brand","embeddable":true,"href":"https:\/\/www.safinel.fr\/es\/wp-json\/wp\/v2\/product_brand?post=1953"},{"taxonomy":"product_cat","embeddable":true,"href":"https:\/\/www.safinel.fr\/es\/wp-json\/wp\/v2\/product_cat?post=1953"},{"taxonomy":"product_tag","embeddable":true,"href":"https:\/\/www.safinel.fr\/es\/wp-json\/wp\/v2\/product_tag?post=1953"}],"curies":[{"name":"wp","href":"https:\/\/api.w.org\/{rel}","templated":true}]}}