{"id":1935,"date":"2022-07-28T10:24:54","date_gmt":"2022-07-28T10:24:54","guid":{"rendered":"https:\/\/www.safinel.fr\/?post_type=product&#038;p=1935"},"modified":"2023-12-28T17:15:20","modified_gmt":"2023-12-28T17:15:20","slug":"miel-de-abeto","status":"publish","type":"product","link":"https:\/\/www.safinel.fr\/es\/product-2\/miel-de-abeto\/","title":{"rendered":"Miel de abeto 250 g"},"content":{"rendered":"<p>Prep\u00e1rese para conocer al\u00a0<strong>miel de abeto<\/strong>\u00a0\u00a1! Tambi\u00e9n conocido como\u00a0<strong>n\u00e9ctar de mielada<\/strong>, Este producto de la colmena puede sorprenderle.<\/p>\n<h2><strong>\u00bfQu\u00e9 es la miel de abeto?\u00a0<\/strong><\/h2>\n<p>En primer lugar, es interesante saber que esta miel se produce muy poco. Y eso se debe a la forma en que se produce.<\/p>\n<p>Normalmente, son las abejas las que recolectan el alimento.\u00a0<strong>n\u00e9ctar de flores\u00a0<\/strong>para producir la famosa miel. La historia de los abetos es diferente.<\/p>\n<p>Como la planta no tiene flores, las abejas dejan paso a los pulgones, que chupan la savia. A continuaci\u00f3n, los pulgones segregan melaza, que finalmente es recogida por nuestras abejitas. Por eso la miel de abeto tambi\u00e9n se conoce como \"miel de mielada\".<strong>\u00a0miel de mielada<\/strong>.<\/p>\n<h2><strong>Miel de abeto en su tienda Safinel\u00a0<\/strong><\/h2>\n<p>Su tienda del bienestar le presenta un n\u00e9ctar de calidad que le conquistar\u00e1. Disponible en envase de 250 g, este<strong>\u00a0miel de Francia<\/strong>\u00a0tiene un aroma muy agradable.<\/p>\n<p>Tan buena para tostar como para endulzar una tisana.\u00a0<strong>n\u00e9ctar de abeto<\/strong>\u00a0podr\u00eda ser un \u00e9xito para todos.<\/p>\n<p>Adem\u00e1s, si bien su sabor es muy apreciado, \u00a1tambi\u00e9n es una ventaja a la hora de realizar esfuerzos f\u00edsicos! As\u00ed que, amantes del deporte, no lo dud\u00e9is m\u00e1s y venid a descubrir este nuevo producto.\u00a0<strong>complemento alimenticio natural<\/strong>. Fundente y muy arom\u00e1tico, probarlo es adoptarlo...<\/p>\n<h2><strong>Los beneficios de la miel de abeto\u00a0<\/strong><\/h2>\n<p>Si ha o\u00eddo hablar de \u00e9l, probablemente haya o\u00eddo hablar de sus muchas virtudes.  As\u00ed que, querido amante del n\u00e9ctar, prep\u00e1rate para saber m\u00e1s sobre este<strong>\u00a0productos colmena<\/strong>...<\/p>\n<ul>\n<li>Se sabe que es beneficioso para la flora intestinal<\/li>\n<li>Su contenido en az\u00facar sin refinar es una verdadera ventaja para quienes realizan trabajos extenuantes.<\/li>\n<li>Como la mayor\u00eda de las mieles, es un activo contra los dolores de garganta y ciertos problemas respiratorios.<\/li>\n<li>Tambi\u00e9n puede ser una ventaja en la lucha contra las enfermedades cardiovasculares<\/li>\n<li>Es m\u00e1s, tambi\u00e9n se sabe que es beneficioso contra ciertos problemas de la piel.<\/li>\n<\/ul>\n<p>Como puede ver, este<strong>\u00a0tesoro natural<\/strong>\u00a0es imprescindible Considerado por la mayor\u00eda como un\u00a0<strong>alicamento<\/strong>, Combina los negocios con el placer.<\/p>\n<h3><strong>El placer de descubrir...<\/strong><\/h3>\n<p>Ya conoce nuestra tienda en l\u00ednea especializada en productos para el bienestar. Y, como de costumbre, nos gustar\u00eda presentarle una amplia gama de productos que podr\u00edan ser perfectos para usted.<\/p>\n<p>Abran paso a\u2019<strong>higiene bucal<\/strong>\u00a0\u00a1y sus productos naturales! Es cierto que el cuidado de los dientes es esencial para mantenerlos en buen estado durante muchos a\u00f1os. Por eso, su tienda Safinel ha decidido presentarle el\u00a0<a href=\"https:\/\/www.safinel.fr\/es\/product-2\/dentifrico-natural-mentolado-con-polvo-de-siwak-30g\/\"><strong>polvo dent\u00edfrico mentolado<\/strong><\/a>\u00a0\u00a1! S\u00ed, \u00a1es hora de cuidar tus dientes con productos de calidad!<\/p>\n<p>Adem\u00e1s, para los que quieran proteger un poco m\u00e1s el planeta, tienen la oportunidad de conocer a<strong>\u00a0<a href=\"https:\/\/www.safinel.fr\/es\/product-2\/cepillo-de-dientes-de-bambu-beige-para-adultos\/\">cepillo de dientes de bamb\u00fa beige<\/a><\/strong>\u00a0!<\/p>\n<p>Como puede ver, su<strong>\u00a0Tienda Safinel<\/strong>\u00a0se centra en ti y en tu bienestar.<\/p>","protected":false},"excerpt":{"rendered":"<p>\u00a1Prep\u00e1rense para descubrir la miel de abeto! Tambi\u00e9n conocida como n\u00e9ctar de melaza, este producto de la colmena podr\u00eda sorprenderles. \u00bfQu\u00e9 es la miel de abeto?  En primer lugar, es interesante saber que la producci\u00f3n de esta miel es bastante escasa. Esto se debe a su patr\u00f3n de producci\u00f3n. [\u2026]","protected":false},"featured_media":1936,"template":"","meta":[],"product_brand":[],"product_cat":[24,69],"product_tag":[],"class_list":{"0":"post-1935","1":"product","2":"type-product","3":"status-publish","4":"has-post-thumbnail","6":"product_cat-apiculture","7":"product_cat-miels-de-france","9":"first","10":"instock","11":"shipping-taxable","12":"purchasable","13":"product-type-simple"},"yoast_head":"<!-- This site is optimized with the Yoast SEO plugin v26.6 - https:\/\/yoast.com\/wordpress\/plugins\/seo\/ -->\n<title>Miel de Sapin I Bienfaits nombreux I Contenance 250g<\/title>\n<meta name=\"description\" content=\"Pr\u00e9parez-vous \u00e0 faire la rencontre du\u00a0miel de sapin\u00a0! Aussi appel\u00e9\u00a0nectar de miellat, ce produit de la ruche pourrait bien vous surprendre.\" \/>\n<meta name=\"robots\" content=\"index, follow, max-snippet:-1, max-image-preview:large, max-video-preview:-1\" \/>\n<link rel=\"canonical\" href=\"https:\/\/www.safinel.fr\/es\/product-2\/miel-de-abeto\/\" \/>\n<meta property=\"og:locale\" content=\"es_ES\" \/>\n<meta property=\"og:type\" content=\"article\" \/>\n<meta property=\"og:title\" content=\"Miel de Sapin I Bienfaits nombreux I Contenance 250g\" \/>\n<meta property=\"og:description\" content=\"Pr\u00e9parez-vous \u00e0 faire la rencontre du\u00a0miel de sapin\u00a0! Aussi appel\u00e9\u00a0nectar de miellat, ce produit de la ruche pourrait bien vous surprendre.\" \/>\n<meta property=\"og:url\" content=\"https:\/\/www.safinel.fr\/es\/product-2\/miel-de-abeto\/\" \/>\n<meta property=\"og:site_name\" content=\"Safinel\" \/>\n<meta property=\"article:modified_time\" content=\"2023-12-28T17:15:20+00:00\" \/>\n<meta property=\"og:image\" content=\"https:\/\/www.safinel.fr\/wp-content\/uploads\/2022\/07\/miel-de-sapin-vert.jpg\" \/>\n\t<meta property=\"og:image:width\" content=\"600\" \/>\n\t<meta property=\"og:image:height\" content=\"600\" \/>\n\t<meta property=\"og:image:type\" content=\"image\/jpeg\" \/>\n<meta name=\"twitter:card\" content=\"summary_large_image\" \/>\n<meta name=\"twitter:label1\" content=\"Tiempo de lectura\" \/>\n\t<meta name=\"twitter:data1\" content=\"3 minutos\" \/>\n<script type=\"application\/ld+json\" class=\"yoast-schema-graph\">{\"@context\":\"https:\/\/schema.org\",\"@graph\":[{\"@type\":\"WebPage\",\"@id\":\"https:\/\/www.safinel.fr\/produit\/miel-de-sapin\/\",\"url\":\"https:\/\/www.safinel.fr\/produit\/miel-de-sapin\/\",\"name\":\"Miel de Sapin I Bienfaits nombreux I Contenance 250g\",\"isPartOf\":{\"@id\":\"https:\/\/www.safinel.fr\/#website\"},\"primaryImageOfPage\":{\"@id\":\"https:\/\/www.safinel.fr\/produit\/miel-de-sapin\/#primaryimage\"},\"image\":{\"@id\":\"https:\/\/www.safinel.fr\/produit\/miel-de-sapin\/#primaryimage\"},\"thumbnailUrl\":\"https:\/\/www.safinel.fr\/wp-content\/uploads\/2022\/07\/miel-de-sapin-vert.jpg\",\"datePublished\":\"2022-07-28T10:24:54+00:00\",\"dateModified\":\"2023-12-28T17:15:20+00:00\",\"description\":\"Pr\u00e9parez-vous \u00e0 faire la rencontre du\u00a0miel de sapin\u00a0! Aussi appel\u00e9\u00a0nectar de miellat, ce produit de la ruche pourrait bien vous surprendre.\",\"breadcrumb\":{\"@id\":\"https:\/\/www.safinel.fr\/produit\/miel-de-sapin\/#breadcrumb\"},\"inLanguage\":\"es\",\"potentialAction\":[{\"@type\":\"ReadAction\",\"target\":[\"https:\/\/www.safinel.fr\/produit\/miel-de-sapin\/\"]}]},{\"@type\":\"ImageObject\",\"inLanguage\":\"es\",\"@id\":\"https:\/\/www.safinel.fr\/produit\/miel-de-sapin\/#primaryimage\",\"url\":\"https:\/\/www.safinel.fr\/wp-content\/uploads\/2022\/07\/miel-de-sapin-vert.jpg\",\"contentUrl\":\"https:\/\/www.safinel.fr\/wp-content\/uploads\/2022\/07\/miel-de-sapin-vert.jpg\",\"width\":600,\"height\":600,\"caption\":\"Miel de Sapin 250g\"},{\"@type\":\"BreadcrumbList\",\"@id\":\"https:\/\/www.safinel.fr\/produit\/miel-de-sapin\/#breadcrumb\",\"itemListElement\":[{\"@type\":\"ListItem\",\"position\":1,\"name\":\"Accueil\",\"item\":\"https:\/\/www.safinel.fr\/\"},{\"@type\":\"ListItem\",\"position\":2,\"name\":\"Boutique\",\"item\":\"https:\/\/www.safinel.fr\/boutique\/\"},{\"@type\":\"ListItem\",\"position\":3,\"name\":\"Miel de Sapin 250g\"}]},{\"@type\":\"WebSite\",\"@id\":\"https:\/\/www.safinel.fr\/#website\",\"url\":\"https:\/\/www.safinel.fr\/\",\"name\":\"Safinel\",\"description\":\"\",\"publisher\":{\"@id\":\"https:\/\/www.safinel.fr\/#organization\"},\"potentialAction\":[{\"@type\":\"SearchAction\",\"target\":{\"@type\":\"EntryPoint\",\"urlTemplate\":\"https:\/\/www.safinel.fr\/?s={search_term_string}\"},\"query-input\":{\"@type\":\"PropertyValueSpecification\",\"valueRequired\":true,\"valueName\":\"search_term_string\"}}],\"inLanguage\":\"es\"},{\"@type\":\"Organization\",\"@id\":\"https:\/\/www.safinel.fr\/#organization\",\"name\":\"Safinel\",\"url\":\"https:\/\/www.safinel.fr\/\",\"logo\":{\"@type\":\"ImageObject\",\"inLanguage\":\"es\",\"@id\":\"https:\/\/www.safinel.fr\/#\/schema\/logo\/image\/\",\"url\":\"https:\/\/www.safinel.fr\/wp-content\/uploads\/2021\/05\/boutique-cosmetique.png\",\"contentUrl\":\"https:\/\/www.safinel.fr\/wp-content\/uploads\/2021\/05\/boutique-cosmetique.png\",\"width\":800,\"height\":200,\"caption\":\"Safinel\"},\"image\":{\"@id\":\"https:\/\/www.safinel.fr\/#\/schema\/logo\/image\/\"}}]}<\/script>\n<!-- \/ Yoast SEO plugin. -->","yoast_head_json":{"title":"Miel de Abeto I Numerosos beneficios I Capacidad 250g","description":"\u00a1Prep\u00e1rese para conocer la miel de abeto! Tambi\u00e9n conocida como n\u00e9ctar de mielada, este producto de la colmena puede sorprenderle.","robots":{"index":"index","follow":"follow","max-snippet":"max-snippet:-1","max-image-preview":"max-image-preview:large","max-video-preview":"max-video-preview:-1"},"canonical":"https:\/\/www.safinel.fr\/es\/product-2\/miel-de-abeto\/","og_locale":"es_ES","og_type":"article","og_title":"Miel de Sapin I Bienfaits nombreux I Contenance 250g","og_description":"Pr\u00e9parez-vous \u00e0 faire la rencontre du\u00a0miel de sapin\u00a0! Aussi appel\u00e9\u00a0nectar de miellat, ce produit de la ruche pourrait bien vous surprendre.","og_url":"https:\/\/www.safinel.fr\/es\/product-2\/miel-de-abeto\/","og_site_name":"Safinel","article_modified_time":"2023-12-28T17:15:20+00:00","og_image":[{"width":600,"height":600,"url":"https:\/\/www.safinel.fr\/wp-content\/uploads\/2022\/07\/miel-de-sapin-vert.jpg","type":"image\/jpeg"}],"twitter_card":"summary_large_image","twitter_misc":{"Tiempo de lectura":"3 minutos"},"schema":{"@context":"https:\/\/schema.org","@graph":[{"@type":"WebPage","@id":"https:\/\/www.safinel.fr\/produit\/miel-de-sapin\/","url":"https:\/\/www.safinel.fr\/produit\/miel-de-sapin\/","name":"Miel de Abeto I Numerosos beneficios I Capacidad 250g","isPartOf":{"@id":"https:\/\/www.safinel.fr\/#website"},"primaryImageOfPage":{"@id":"https:\/\/www.safinel.fr\/produit\/miel-de-sapin\/#primaryimage"},"image":{"@id":"https:\/\/www.safinel.fr\/produit\/miel-de-sapin\/#primaryimage"},"thumbnailUrl":"https:\/\/www.safinel.fr\/wp-content\/uploads\/2022\/07\/miel-de-sapin-vert.jpg","datePublished":"2022-07-28T10:24:54+00:00","dateModified":"2023-12-28T17:15:20+00:00","description":"\u00a1Prep\u00e1rese para conocer la miel de abeto! Tambi\u00e9n conocida como n\u00e9ctar de mielada, este producto de la colmena puede sorprenderle.","breadcrumb":{"@id":"https:\/\/www.safinel.fr\/produit\/miel-de-sapin\/#breadcrumb"},"inLanguage":"es","potentialAction":[{"@type":"ReadAction","target":["https:\/\/www.safinel.fr\/produit\/miel-de-sapin\/"]}]},{"@type":"ImageObject","inLanguage":"es","@id":"https:\/\/www.safinel.fr\/produit\/miel-de-sapin\/#primaryimage","url":"https:\/\/www.safinel.fr\/wp-content\/uploads\/2022\/07\/miel-de-sapin-vert.jpg","contentUrl":"https:\/\/www.safinel.fr\/wp-content\/uploads\/2022\/07\/miel-de-sapin-vert.jpg","width":600,"height":600,"caption":"Miel de Sapin 250g"},{"@type":"BreadcrumbList","@id":"https:\/\/www.safinel.fr\/produit\/miel-de-sapin\/#breadcrumb","itemListElement":[{"@type":"ListItem","position":1,"name":"Accueil","item":"https:\/\/www.safinel.fr\/"},{"@type":"ListItem","position":2,"name":"Boutique","item":"https:\/\/www.safinel.fr\/boutique\/"},{"@type":"ListItem","position":3,"name":"Miel de Sapin 250g"}]},{"@type":"WebSite","@id":"https:\/\/www.safinel.fr\/#website","url":"https:\/\/www.safinel.fr\/","name":"Safinel","description":"","publisher":{"@id":"https:\/\/www.safinel.fr\/#organization"},"potentialAction":[{"@type":"SearchAction","target":{"@type":"EntryPoint","urlTemplate":"https:\/\/www.safinel.fr\/?s={search_term_string}"},"query-input":{"@type":"PropertyValueSpecification","valueRequired":true,"valueName":"search_term_string"}}],"inLanguage":"es"},{"@type":"Organization","@id":"https:\/\/www.safinel.fr\/#organization","name":"Safinel","url":"https:\/\/www.safinel.fr\/","logo":{"@type":"ImageObject","inLanguage":"es","@id":"https:\/\/www.safinel.fr\/#\/schema\/logo\/image\/","url":"https:\/\/www.safinel.fr\/wp-content\/uploads\/2021\/05\/boutique-cosmetique.png","contentUrl":"https:\/\/www.safinel.fr\/wp-content\/uploads\/2021\/05\/boutique-cosmetique.png","width":800,"height":200,"caption":"Safinel"},"image":{"@id":"https:\/\/www.safinel.fr\/#\/schema\/logo\/image\/"}}]}},"_links":{"self":[{"href":"https:\/\/www.safinel.fr\/es\/wp-json\/wp\/v2\/product\/1935","targetHints":{"allow":["GET"]}}],"collection":[{"href":"https:\/\/www.safinel.fr\/es\/wp-json\/wp\/v2\/product"}],"about":[{"href":"https:\/\/www.safinel.fr\/es\/wp-json\/wp\/v2\/types\/product"}],"wp:featuredmedia":[{"embeddable":true,"href":"https:\/\/www.safinel.fr\/es\/wp-json\/wp\/v2\/media\/1936"}],"wp:attachment":[{"href":"https:\/\/www.safinel.fr\/es\/wp-json\/wp\/v2\/media?parent=1935"}],"wp:term":[{"taxonomy":"product_brand","embeddable":true,"href":"https:\/\/www.safinel.fr\/es\/wp-json\/wp\/v2\/product_brand?post=1935"},{"taxonomy":"product_cat","embeddable":true,"href":"https:\/\/www.safinel.fr\/es\/wp-json\/wp\/v2\/product_cat?post=1935"},{"taxonomy":"product_tag","embeddable":true,"href":"https:\/\/www.safinel.fr\/es\/wp-json\/wp\/v2\/product_tag?post=1935"}],"curies":[{"name":"wp","href":"https:\/\/api.w.org\/{rel}","templated":true}]}}