{"id":1906,"date":"2022-02-26T12:19:15","date_gmt":"2022-02-26T12:19:15","guid":{"rendered":"https:\/\/www.safinel.fr\/?post_type=product&#038;p=1906"},"modified":"2023-12-28T17:15:20","modified_gmt":"2023-12-28T17:15:20","slug":"bisglicinato-de-zinc","status":"publish","type":"product","link":"https:\/\/www.safinel.fr\/es\/product-2\/bisglicinato-de-zinc\/","title":{"rendered":"Bisglicinato de zinc"},"content":{"rendered":"<p>El zinc es un oligoelemento muy importante para el funcionamiento del organismo. Sin embargo, para ser asimilado correctamente, debe combinarse con una sustancia org\u00e1nica o inorg\u00e1nica. Esta \u00faltima se encarga de transportarlo en la sangre. Por ello, los fabricantes de complementos alimenticios lo ofrecen en diversas formas, entre ellas el Bisglicinato de Zinc. He aqu\u00ed todo lo que debe saber sobre este producto.<\/p>\n<h2 id=\"h-bisglycinate-zinc-c-est-quoi\"><strong>Bisglicinato de zinc: \u00bfqu\u00e9 es?<\/strong><\/h2>\n<p>El bisglicinato de zinc es un\u00a0<strong>complemento alimenticio<\/strong>\u00a0disponible en farmacias. De hecho, se produce a base de Zinc y en forma de bisglicinato. Se trata de una de las formas m\u00e1s eficaces del producto en el mercado. El bisglicinato es en realidad una mol\u00e9cula org\u00e1nica. Se trata de un transportador de origen vegetal, derivado de la glicina, un amino\u00e1cido que se encuentra de forma natural en el organismo. Su funci\u00f3n es transportar el zinc a sus receptores en el organismo.<\/p>\n<p>En realidad, una vez ingerido, el mineral tiene que atravesar diversos obst\u00e1culos para llegar a su lugar de utilizaci\u00f3n. Por ello, su asimilaci\u00f3n puede verse dificultada por diversos factores, como las secreciones g\u00e1stricas y los trastornos intestinales.<\/p>\n<p>Sin embargo, el bisglicinato es un compuesto capaz de resistir la acidez g\u00e1strica. Cubre el mineral para facilitar su asimilaci\u00f3n. Gracias a este compuesto, el organismo percibe el Zinc como un simple alimento y no como un producto indigesto. Adem\u00e1s, tiene un bajo peso molecular, lo que facilita su asimilaci\u00f3n.<\/p>\n<h2 id=\"h-les-bienfaits-du-bisglycinate-zinc-sur-la-sant\"><strong>Beneficios del bisglicinato de zinc para la salud<\/strong><\/h2>\n<p>El bisglicinato de zinc es un suplemento diet\u00e9tico a base de zinc. Los productos de este tipo se utilizan sobre todo en casos de inflamaci\u00f3n. Por tanto, pueden\u00a0<strong>combatir problemas cut\u00e1neos como la psoriasis, el acn\u00e9 y la dermatitis<\/strong>. Su consumo tambi\u00e9n favorece la s\u00edntesis de queratina y col\u00e1geno. Estas prote\u00ednas se encuentran al 95 % en el cabello. El mineral combinado con vitamina B6 da al cabello m\u00e1s brillo, flexibilidad y fuerza.<\/p>\n<p>Adem\u00e1s, el bisglicinato de zinc est\u00e1 reconocido por el apoyo que presta a la coagulaci\u00f3n sangu\u00ednea y a la mejora de las defensas inmunitarias. En\u00a0<strong>estimula la producci\u00f3n de linfocitos T y favorece la r\u00e1pida cicatrizaci\u00f3n de las heridas.<\/strong>\u00a0Tambi\u00e9n contribuye a eliminar los radicales libres, ayudando a combatir el envejecimiento. Tambi\u00e9n regula los niveles de az\u00facar en sangre y ayuda al buen funcionamiento del sistema nervioso.<\/p>\n<h2 id=\"h-conseil-d-utilisation-du-produit\"><strong>C\u00f3mo utilizar el producto<\/strong><\/h2>\n<p>El bisglicinato de zinc est\u00e1 indicado para personas que\u00a0<strong>vegetariano y vegano<\/strong>. Tambi\u00e9n se recomienda a quienes deseen :<\/p>\n<ul>\n<li>reforzar su sistema inmunitario,<\/li>\n<li>mantener una piel bonita,<\/li>\n<li>tienen\u00a0<strong><a href=\"https:\/\/www.safinel.fr\/es\/product-2\/aceite-de-cangrejo\/\">cabello brillante<\/a><\/strong>,<\/li>\n<li>buena salud sexual, etc.<\/li>\n<\/ul>\n<p>Pueden seguir un\u00a0<strong>Curaci\u00f3n de 2 a 6 meses<\/strong>\u00a0(una caja) para obtener el resultado deseado. Tendr\u00e1n que consumir un\u00a0<strong>medio comprimido al d\u00eda<\/strong>\u00a0fuera de las comidas durante todo el periodo. De hecho, los cereales contienen \u00e1cido f\u00edtico o IP6, que reduce la asimilaci\u00f3n del mineral. Por eso debe tomar Bisglicinato de Zinc con las comidas. Este producto no est\u00e1 recomendado para ni\u00f1os menores de 12 a\u00f1os. Las mujeres embarazadas o en per\u00edodo de lactancia deben pedir consejo a su m\u00e9dico sobre la toma de este complemento alimenticio.<\/p>","protected":false},"excerpt":{"rendered":"<p>El zinc es un oligoelemento muy importante para el funcionamiento del organismo. Sin embargo, para que se asimile correctamente, debe asociarse a una sustancia org\u00e1nica o inorg\u00e1nica. Esta \u00faltima se encarga de transportarlo a la sangre. Por eso, los fabricantes de complementos alimenticios lo ofrecen en diversas formas, entre ellas el bisglicinato de zinc. A continuaci\u00f3n, le presentamos [\u2026]","protected":false},"featured_media":0,"template":"","meta":[],"product_brand":[],"product_cat":[28,20],"product_tag":[],"class_list":{"0":"post-1906","1":"product","2":"type-product","3":"status-publish","5":"product_cat-divers","6":"product_cat-gelules","8":"first","9":"outofstock","10":"shipping-taxable","11":"product-type-simple"},"yoast_head":"<!-- This site is optimized with the Yoast SEO plugin v26.6 - https:\/\/yoast.com\/wordpress\/plugins\/seo\/ -->\n<title>Bisglycinate de Zinc I G\u00e9lules &amp; poudre I Achat rapide<\/title>\n<meta name=\"description\" content=\"Le Bisglycinate Zinc est un\u00a0compl\u00e9ment alimentaire. Il est en r\u00e9alit\u00e9 produit \u00e0 base de Zinc et sous forme de bisglycinate.\" \/>\n<meta name=\"robots\" content=\"index, follow, max-snippet:-1, max-image-preview:large, max-video-preview:-1\" \/>\n<link rel=\"canonical\" href=\"https:\/\/www.safinel.fr\/es\/product-2\/bisglicinato-de-zinc\/\" \/>\n<meta property=\"og:locale\" content=\"es_ES\" \/>\n<meta property=\"og:type\" content=\"article\" \/>\n<meta property=\"og:title\" content=\"Bisglycinate de Zinc I G\u00e9lules &amp; poudre I Achat rapide\" \/>\n<meta property=\"og:description\" content=\"Le Bisglycinate Zinc est un\u00a0compl\u00e9ment alimentaire. Il est en r\u00e9alit\u00e9 produit \u00e0 base de Zinc et sous forme de bisglycinate.\" \/>\n<meta property=\"og:url\" content=\"https:\/\/www.safinel.fr\/es\/product-2\/bisglicinato-de-zinc\/\" \/>\n<meta property=\"og:site_name\" content=\"Safinel\" \/>\n<meta property=\"article:modified_time\" content=\"2023-12-28T17:15:20+00:00\" \/>\n<meta name=\"twitter:card\" content=\"summary_large_image\" \/>\n<meta name=\"twitter:label1\" content=\"Tiempo de lectura\" \/>\n\t<meta name=\"twitter:data1\" content=\"3 minutos\" \/>\n<script type=\"application\/ld+json\" class=\"yoast-schema-graph\">{\"@context\":\"https:\/\/schema.org\",\"@graph\":[{\"@type\":\"WebPage\",\"@id\":\"https:\/\/www.safinel.fr\/produit\/bisglycinate-de-zinc\/\",\"url\":\"https:\/\/www.safinel.fr\/produit\/bisglycinate-de-zinc\/\",\"name\":\"Bisglycinate de Zinc I G\u00e9lules & poudre I Achat rapide\",\"isPartOf\":{\"@id\":\"https:\/\/www.safinel.fr\/#website\"},\"datePublished\":\"2022-02-26T12:19:15+00:00\",\"dateModified\":\"2023-12-28T17:15:20+00:00\",\"description\":\"Le Bisglycinate Zinc est un\u00a0compl\u00e9ment alimentaire. Il est en r\u00e9alit\u00e9 produit \u00e0 base de Zinc et sous forme de bisglycinate.\",\"breadcrumb\":{\"@id\":\"https:\/\/www.safinel.fr\/produit\/bisglycinate-de-zinc\/#breadcrumb\"},\"inLanguage\":\"es\",\"potentialAction\":[{\"@type\":\"ReadAction\",\"target\":[\"https:\/\/www.safinel.fr\/produit\/bisglycinate-de-zinc\/\"]}]},{\"@type\":\"BreadcrumbList\",\"@id\":\"https:\/\/www.safinel.fr\/produit\/bisglycinate-de-zinc\/#breadcrumb\",\"itemListElement\":[{\"@type\":\"ListItem\",\"position\":1,\"name\":\"Accueil\",\"item\":\"https:\/\/www.safinel.fr\/\"},{\"@type\":\"ListItem\",\"position\":2,\"name\":\"Boutique\",\"item\":\"https:\/\/www.safinel.fr\/boutique\/\"},{\"@type\":\"ListItem\",\"position\":3,\"name\":\"Bisglycinate de Zinc\"}]},{\"@type\":\"WebSite\",\"@id\":\"https:\/\/www.safinel.fr\/#website\",\"url\":\"https:\/\/www.safinel.fr\/\",\"name\":\"Safinel\",\"description\":\"\",\"publisher\":{\"@id\":\"https:\/\/www.safinel.fr\/#organization\"},\"potentialAction\":[{\"@type\":\"SearchAction\",\"target\":{\"@type\":\"EntryPoint\",\"urlTemplate\":\"https:\/\/www.safinel.fr\/?s={search_term_string}\"},\"query-input\":{\"@type\":\"PropertyValueSpecification\",\"valueRequired\":true,\"valueName\":\"search_term_string\"}}],\"inLanguage\":\"es\"},{\"@type\":\"Organization\",\"@id\":\"https:\/\/www.safinel.fr\/#organization\",\"name\":\"Safinel\",\"url\":\"https:\/\/www.safinel.fr\/\",\"logo\":{\"@type\":\"ImageObject\",\"inLanguage\":\"es\",\"@id\":\"https:\/\/www.safinel.fr\/#\/schema\/logo\/image\/\",\"url\":\"https:\/\/www.safinel.fr\/wp-content\/uploads\/2021\/05\/boutique-cosmetique.png\",\"contentUrl\":\"https:\/\/www.safinel.fr\/wp-content\/uploads\/2021\/05\/boutique-cosmetique.png\",\"width\":800,\"height\":200,\"caption\":\"Safinel\"},\"image\":{\"@id\":\"https:\/\/www.safinel.fr\/#\/schema\/logo\/image\/\"}}]}<\/script>\n<!-- \/ Yoast SEO plugin. -->","yoast_head_json":{"title":"Bisglicinato de zinc I C\u00e1psulas y polvo I Compra r\u00e1pida","description":"El bisglicinato de zinc es un suplemento diet\u00e9tico. En realidad se produce a partir de Zinc en forma de bisglicinato.","robots":{"index":"index","follow":"follow","max-snippet":"max-snippet:-1","max-image-preview":"max-image-preview:large","max-video-preview":"max-video-preview:-1"},"canonical":"https:\/\/www.safinel.fr\/es\/product-2\/bisglicinato-de-zinc\/","og_locale":"es_ES","og_type":"article","og_title":"Bisglycinate de Zinc I G\u00e9lules & poudre I Achat rapide","og_description":"Le Bisglycinate Zinc est un\u00a0compl\u00e9ment alimentaire. Il est en r\u00e9alit\u00e9 produit \u00e0 base de Zinc et sous forme de bisglycinate.","og_url":"https:\/\/www.safinel.fr\/es\/product-2\/bisglicinato-de-zinc\/","og_site_name":"Safinel","article_modified_time":"2023-12-28T17:15:20+00:00","twitter_card":"summary_large_image","twitter_misc":{"Tiempo de lectura":"3 minutos"},"schema":{"@context":"https:\/\/schema.org","@graph":[{"@type":"WebPage","@id":"https:\/\/www.safinel.fr\/produit\/bisglycinate-de-zinc\/","url":"https:\/\/www.safinel.fr\/produit\/bisglycinate-de-zinc\/","name":"Bisglicinato de zinc I C\u00e1psulas y polvo I Compra r\u00e1pida","isPartOf":{"@id":"https:\/\/www.safinel.fr\/#website"},"datePublished":"2022-02-26T12:19:15+00:00","dateModified":"2023-12-28T17:15:20+00:00","description":"El bisglicinato de zinc es un suplemento diet\u00e9tico. En realidad se produce a partir de Zinc en forma de bisglicinato.","breadcrumb":{"@id":"https:\/\/www.safinel.fr\/produit\/bisglycinate-de-zinc\/#breadcrumb"},"inLanguage":"es","potentialAction":[{"@type":"ReadAction","target":["https:\/\/www.safinel.fr\/produit\/bisglycinate-de-zinc\/"]}]},{"@type":"BreadcrumbList","@id":"https:\/\/www.safinel.fr\/produit\/bisglycinate-de-zinc\/#breadcrumb","itemListElement":[{"@type":"ListItem","position":1,"name":"Accueil","item":"https:\/\/www.safinel.fr\/"},{"@type":"ListItem","position":2,"name":"Boutique","item":"https:\/\/www.safinel.fr\/boutique\/"},{"@type":"ListItem","position":3,"name":"Bisglycinate de Zinc"}]},{"@type":"WebSite","@id":"https:\/\/www.safinel.fr\/#website","url":"https:\/\/www.safinel.fr\/","name":"Safinel","description":"","publisher":{"@id":"https:\/\/www.safinel.fr\/#organization"},"potentialAction":[{"@type":"SearchAction","target":{"@type":"EntryPoint","urlTemplate":"https:\/\/www.safinel.fr\/?s={search_term_string}"},"query-input":{"@type":"PropertyValueSpecification","valueRequired":true,"valueName":"search_term_string"}}],"inLanguage":"es"},{"@type":"Organization","@id":"https:\/\/www.safinel.fr\/#organization","name":"Safinel","url":"https:\/\/www.safinel.fr\/","logo":{"@type":"ImageObject","inLanguage":"es","@id":"https:\/\/www.safinel.fr\/#\/schema\/logo\/image\/","url":"https:\/\/www.safinel.fr\/wp-content\/uploads\/2021\/05\/boutique-cosmetique.png","contentUrl":"https:\/\/www.safinel.fr\/wp-content\/uploads\/2021\/05\/boutique-cosmetique.png","width":800,"height":200,"caption":"Safinel"},"image":{"@id":"https:\/\/www.safinel.fr\/#\/schema\/logo\/image\/"}}]}},"_links":{"self":[{"href":"https:\/\/www.safinel.fr\/es\/wp-json\/wp\/v2\/product\/1906","targetHints":{"allow":["GET"]}}],"collection":[{"href":"https:\/\/www.safinel.fr\/es\/wp-json\/wp\/v2\/product"}],"about":[{"href":"https:\/\/www.safinel.fr\/es\/wp-json\/wp\/v2\/types\/product"}],"wp:attachment":[{"href":"https:\/\/www.safinel.fr\/es\/wp-json\/wp\/v2\/media?parent=1906"}],"wp:term":[{"taxonomy":"product_brand","embeddable":true,"href":"https:\/\/www.safinel.fr\/es\/wp-json\/wp\/v2\/product_brand?post=1906"},{"taxonomy":"product_cat","embeddable":true,"href":"https:\/\/www.safinel.fr\/es\/wp-json\/wp\/v2\/product_cat?post=1906"},{"taxonomy":"product_tag","embeddable":true,"href":"https:\/\/www.safinel.fr\/es\/wp-json\/wp\/v2\/product_tag?post=1906"}],"curies":[{"name":"wp","href":"https:\/\/api.w.org\/{rel}","templated":true}]}}