{"id":188,"date":"2021-07-07T19:06:53","date_gmt":"2021-07-07T19:06:53","guid":{"rendered":"https:\/\/www.safinel.fr\/?post_type=product&#038;p=188"},"modified":"2023-12-28T17:15:00","modified_gmt":"2023-12-28T17:15:00","slug":"kapoor-kachli","status":"publish","type":"product","link":"https:\/\/www.safinel.fr\/es\/product-2\/kapoor-kachli\/","title":{"rendered":"Kapoor Kachli 100g"},"content":{"rendered":"<p>El polvo vegetal Kapoor Kachli es un producto natural para el cuidado del cabello. Se utiliza de forma muy similar al <a href=\"https:\/\/www.safinel.fr\/es\/product-2\/chebe-en-polvo-100g\/\"><b>polvo de ch\u00e9b\u00e9<\/b><\/a>. Es uno de los productos de la farmacopea india que, al igual que la henna, realza el cabello. Este polvo ayurv\u00e9dico procede de la planta Hedychium spicatum. En el lenguaje cotidiano, se conoce como jengibre ornamental. Es una planta exuberante que crece a los pies del Himalaya, en el subcontinente indio y en Birmania. Es una planta rizomatosa de la que se extrae la ra\u00edz para producir Kapoor Kachli en polvo.<\/p>\n<h2><b>Kapoor Kachli: una maravilla para el cabello cansado<\/b><\/h2>\n<p>El polvo Kapoor Kachli es un antiguo secreto de belleza indio. Este tipo de cosm\u00e9tico natural se ha convertido en el centro de la cosm\u00e9tica vegetal. Este polvo ayurv\u00e9dico, surgido en su tierra natal, es ahora muy conocido. Se utiliza cada vez m\u00e1s en productos capilares y colorantes vegetales. Mezclado con henna, tiende a fortalecer y suavizar el cabello. Por tanto, desempe\u00f1a una funci\u00f3n hidratante y hace que el cabello brille relativamente bien.<span class=\"Apple-converted-space\">\u00a0<\/span><\/p>\n<p>Kapoor Kachli tambi\u00e9n puede utilizarse como champ\u00fa seco natural. Basta con mezclarlo con un poco de agua tibia o caliente y aplicarlo. A continuaci\u00f3n, p\u00e9inate con tu cepillo habitual.<\/p>\n<p>Respetando tu peinado, este polvo indio fortalecer\u00e1 y dar\u00e1 vitalidad al cabello. Por \u00faltimo, basta con aclarar el cabello al final del d\u00eda.<span class=\"Apple-converted-space\">\u00a0<\/span><\/p>\n<h2><b>Un cosm\u00e9tico natural con una fragancia sublime\u00a0<\/b><\/h2>\n<p>Kapoor Kachli tambi\u00e9n tiene la capacidad de perfumar el cabello. Por lo tanto, es un tratamiento que puede utilizarse semanalmente. Con la misma frecuencia de lavado del cabello, utilice Kapoor Kachli como acabamos de describir. Gracias a su aroma, similar al del jengibre, desprende una ligera fragancia alimonada con un regusto relativamente picante. Natural y sin productos qu\u00edmicos, conservar\u00e1 su cabello gracias al familiar aroma del jengibre silvestre.<span class=\"Apple-converted-space\">\u00a0<\/span><\/p>\n<h3><b>Polvo ayurv\u00e9dico para todo tipo de cabello<\/b><\/h3>\n<p>Kapoor Kachli en polvo es un producto org\u00e1nico que no hace excepciones. Puede aplicarse a todo tipo de cabellos. Sin embargo, aunque tiene preferencia por los cabellos d\u00e9biles, algunas personas lo necesitan igualmente:<\/p>\n<ul>\n<li>En primer lugar, el cabello blanco podr\u00e1 mantener un color uniforme y conservar su vitalidad y brillo.<span class=\"Apple-converted-space\">\u00a0 <\/span>As\u00ed es. A pesar de la edad, \u00bfqu\u00e9 puede haber m\u00e1s bonito que tener un atractivo y sano pelo blanco o gris?.<span class=\"Apple-converted-space\">\u00a0<\/span><\/li>\n<\/ul>\n<ul>\n<li>A continuaci\u00f3n, en cabellos claros, Kapoor Kachli crea bonitos reflejos respetando esta fibra capilar espec\u00edfica.<\/li>\n<\/ul>\n<ul>\n<li>Por \u00faltimo, los cabellos apagados, a los que este polvo m\u00e1gico devuelve su esplendor. En esta situaci\u00f3n, recomendamos utilizar\u2019<a href=\"https:\/\/www.mon-botox-capillaire.com\/produit\/huile-de-ricin-bio-cheveux\/\" target=\"_blank\" rel=\"noopener\"><strong>aceite de ricino<\/strong><\/a> o jojoba para reforzar este producto de cuidado capilar. Esto restaurar\u00e1 la fuerza y, sobre todo, estimular\u00e1 el crecimiento.<\/li>\n<\/ul>","protected":false},"excerpt":{"rendered":"<p>El polvo vegetal Kapoor Kachli es un tratamiento capilar natural. Se utiliza de forma similar al polvo de ch\u00e9b\u00e9. Forma parte de los productos de la farmacopea india que embellecen el cabello, al igual que la henna. Este polvo ayurv\u00e9dico procede de la planta Hedychium spicatum. En el lenguaje [\u2026]","protected":false},"featured_media":185,"template":"","meta":[],"product_brand":[],"product_cat":[27,110],"product_tag":[],"class_list":{"0":"post-188","1":"product","2":"type-product","3":"status-publish","4":"has-post-thumbnail","6":"product_cat-plantes-medicinales","7":"product_cat-poudre-cheveux-ayurvedique","9":"first","10":"instock","11":"shipping-taxable","12":"purchasable","13":"product-type-simple"},"yoast_head":"<!-- This site is optimized with the Yoast SEO plugin v26.6 - https:\/\/yoast.com\/wordpress\/plugins\/seo\/ -->\n<title>Kapoor Kachli | Poudre ayurv\u00e9dique naturelle | Achat en France<\/title>\n<meta name=\"description\" content=\"La poudre v\u00e9g\u00e9tale de Kapoor Kachli est un soin capillaire naturel. Elle s\u2019utilise un peu dans le m\u00eame style que la poudre de ch\u00e9b\u00e9.\" \/>\n<meta name=\"robots\" content=\"index, follow, max-snippet:-1, max-image-preview:large, max-video-preview:-1\" \/>\n<link rel=\"canonical\" href=\"https:\/\/www.safinel.fr\/es\/product-2\/kapoor-kachli\/\" \/>\n<meta property=\"og:locale\" content=\"es_ES\" \/>\n<meta property=\"og:type\" content=\"article\" \/>\n<meta property=\"og:title\" content=\"Kapoor Kachli | Poudre ayurv\u00e9dique naturelle | Achat en France\" \/>\n<meta property=\"og:description\" content=\"La poudre v\u00e9g\u00e9tale de Kapoor Kachli est un soin capillaire naturel. Elle s\u2019utilise un peu dans le m\u00eame style que la poudre de ch\u00e9b\u00e9.\" \/>\n<meta property=\"og:url\" content=\"https:\/\/www.safinel.fr\/es\/product-2\/kapoor-kachli\/\" \/>\n<meta property=\"og:site_name\" content=\"Safinel\" \/>\n<meta property=\"article:modified_time\" content=\"2023-12-28T17:15:00+00:00\" \/>\n<meta property=\"og:image\" content=\"https:\/\/www.safinel.fr\/wp-content\/uploads\/2021\/07\/kapoor.jpg\" \/>\n\t<meta property=\"og:image:width\" content=\"1001\" \/>\n\t<meta property=\"og:image:height\" content=\"1001\" \/>\n\t<meta property=\"og:image:type\" content=\"image\/jpeg\" \/>\n<meta name=\"twitter:card\" content=\"summary_large_image\" \/>\n<meta name=\"twitter:label1\" content=\"Tiempo de lectura\" \/>\n\t<meta name=\"twitter:data1\" content=\"3 minutos\" \/>\n<script type=\"application\/ld+json\" class=\"yoast-schema-graph\">{\"@context\":\"https:\/\/schema.org\",\"@graph\":[{\"@type\":\"WebPage\",\"@id\":\"https:\/\/www.safinel.fr\/produit\/kapoor-kachli\/\",\"url\":\"https:\/\/www.safinel.fr\/produit\/kapoor-kachli\/\",\"name\":\"Kapoor Kachli | Poudre ayurv\u00e9dique naturelle | Achat en France\",\"isPartOf\":{\"@id\":\"https:\/\/www.safinel.fr\/#website\"},\"primaryImageOfPage\":{\"@id\":\"https:\/\/www.safinel.fr\/produit\/kapoor-kachli\/#primaryimage\"},\"image\":{\"@id\":\"https:\/\/www.safinel.fr\/produit\/kapoor-kachli\/#primaryimage\"},\"thumbnailUrl\":\"https:\/\/www.safinel.fr\/wp-content\/uploads\/2021\/07\/kapoor.jpg\",\"datePublished\":\"2021-07-07T19:06:53+00:00\",\"dateModified\":\"2023-12-28T17:15:00+00:00\",\"description\":\"La poudre v\u00e9g\u00e9tale de Kapoor Kachli est un soin capillaire naturel. Elle s\u2019utilise un peu dans le m\u00eame style que la poudre de ch\u00e9b\u00e9.\",\"breadcrumb\":{\"@id\":\"https:\/\/www.safinel.fr\/produit\/kapoor-kachli\/#breadcrumb\"},\"inLanguage\":\"es\",\"potentialAction\":[{\"@type\":\"ReadAction\",\"target\":[\"https:\/\/www.safinel.fr\/produit\/kapoor-kachli\/\"]}]},{\"@type\":\"ImageObject\",\"inLanguage\":\"es\",\"@id\":\"https:\/\/www.safinel.fr\/produit\/kapoor-kachli\/#primaryimage\",\"url\":\"https:\/\/www.safinel.fr\/wp-content\/uploads\/2021\/07\/kapoor.jpg\",\"contentUrl\":\"https:\/\/www.safinel.fr\/wp-content\/uploads\/2021\/07\/kapoor.jpg\",\"width\":1001,\"height\":1001,\"caption\":\"Kapoor Kachli en poudre\"},{\"@type\":\"BreadcrumbList\",\"@id\":\"https:\/\/www.safinel.fr\/produit\/kapoor-kachli\/#breadcrumb\",\"itemListElement\":[{\"@type\":\"ListItem\",\"position\":1,\"name\":\"Accueil\",\"item\":\"https:\/\/www.safinel.fr\/\"},{\"@type\":\"ListItem\",\"position\":2,\"name\":\"Boutique\",\"item\":\"https:\/\/www.safinel.fr\/boutique\/\"},{\"@type\":\"ListItem\",\"position\":3,\"name\":\"Kapoor Kachli 100g\"}]},{\"@type\":\"WebSite\",\"@id\":\"https:\/\/www.safinel.fr\/#website\",\"url\":\"https:\/\/www.safinel.fr\/\",\"name\":\"Safinel\",\"description\":\"\",\"publisher\":{\"@id\":\"https:\/\/www.safinel.fr\/#organization\"},\"potentialAction\":[{\"@type\":\"SearchAction\",\"target\":{\"@type\":\"EntryPoint\",\"urlTemplate\":\"https:\/\/www.safinel.fr\/?s={search_term_string}\"},\"query-input\":{\"@type\":\"PropertyValueSpecification\",\"valueRequired\":true,\"valueName\":\"search_term_string\"}}],\"inLanguage\":\"es\"},{\"@type\":\"Organization\",\"@id\":\"https:\/\/www.safinel.fr\/#organization\",\"name\":\"Safinel\",\"url\":\"https:\/\/www.safinel.fr\/\",\"logo\":{\"@type\":\"ImageObject\",\"inLanguage\":\"es\",\"@id\":\"https:\/\/www.safinel.fr\/#\/schema\/logo\/image\/\",\"url\":\"https:\/\/www.safinel.fr\/wp-content\/uploads\/2021\/05\/boutique-cosmetique.png\",\"contentUrl\":\"https:\/\/www.safinel.fr\/wp-content\/uploads\/2021\/05\/boutique-cosmetique.png\",\"width\":800,\"height\":200,\"caption\":\"Safinel\"},\"image\":{\"@id\":\"https:\/\/www.safinel.fr\/#\/schema\/logo\/image\/\"}}]}<\/script>\n<!-- \/ Yoast SEO plugin. -->","yoast_head_json":{"title":"Kapoor Kachli | Polvo ayurv\u00e9dico natural | Comprar en Francia","description":"El polvo de la planta Kapoor Kachli es un producto natural para el cuidado del cabello. Se utiliza de forma muy parecida al polvo de chebe.","robots":{"index":"index","follow":"follow","max-snippet":"max-snippet:-1","max-image-preview":"max-image-preview:large","max-video-preview":"max-video-preview:-1"},"canonical":"https:\/\/www.safinel.fr\/es\/product-2\/kapoor-kachli\/","og_locale":"es_ES","og_type":"article","og_title":"Kapoor Kachli | Poudre ayurv\u00e9dique naturelle | Achat en France","og_description":"La poudre v\u00e9g\u00e9tale de Kapoor Kachli est un soin capillaire naturel. Elle s\u2019utilise un peu dans le m\u00eame style que la poudre de ch\u00e9b\u00e9.","og_url":"https:\/\/www.safinel.fr\/es\/product-2\/kapoor-kachli\/","og_site_name":"Safinel","article_modified_time":"2023-12-28T17:15:00+00:00","og_image":[{"width":1001,"height":1001,"url":"https:\/\/www.safinel.fr\/wp-content\/uploads\/2021\/07\/kapoor.jpg","type":"image\/jpeg"}],"twitter_card":"summary_large_image","twitter_misc":{"Tiempo de lectura":"3 minutos"},"schema":{"@context":"https:\/\/schema.org","@graph":[{"@type":"WebPage","@id":"https:\/\/www.safinel.fr\/produit\/kapoor-kachli\/","url":"https:\/\/www.safinel.fr\/produit\/kapoor-kachli\/","name":"Kapoor Kachli | Polvo ayurv\u00e9dico natural | Comprar en Francia","isPartOf":{"@id":"https:\/\/www.safinel.fr\/#website"},"primaryImageOfPage":{"@id":"https:\/\/www.safinel.fr\/produit\/kapoor-kachli\/#primaryimage"},"image":{"@id":"https:\/\/www.safinel.fr\/produit\/kapoor-kachli\/#primaryimage"},"thumbnailUrl":"https:\/\/www.safinel.fr\/wp-content\/uploads\/2021\/07\/kapoor.jpg","datePublished":"2021-07-07T19:06:53+00:00","dateModified":"2023-12-28T17:15:00+00:00","description":"El polvo de la planta Kapoor Kachli es un producto natural para el cuidado del cabello. Se utiliza de forma muy parecida al polvo de chebe.","breadcrumb":{"@id":"https:\/\/www.safinel.fr\/produit\/kapoor-kachli\/#breadcrumb"},"inLanguage":"es","potentialAction":[{"@type":"ReadAction","target":["https:\/\/www.safinel.fr\/produit\/kapoor-kachli\/"]}]},{"@type":"ImageObject","inLanguage":"es","@id":"https:\/\/www.safinel.fr\/produit\/kapoor-kachli\/#primaryimage","url":"https:\/\/www.safinel.fr\/wp-content\/uploads\/2021\/07\/kapoor.jpg","contentUrl":"https:\/\/www.safinel.fr\/wp-content\/uploads\/2021\/07\/kapoor.jpg","width":1001,"height":1001,"caption":"Kapoor Kachli en poudre"},{"@type":"BreadcrumbList","@id":"https:\/\/www.safinel.fr\/produit\/kapoor-kachli\/#breadcrumb","itemListElement":[{"@type":"ListItem","position":1,"name":"Accueil","item":"https:\/\/www.safinel.fr\/"},{"@type":"ListItem","position":2,"name":"Boutique","item":"https:\/\/www.safinel.fr\/boutique\/"},{"@type":"ListItem","position":3,"name":"Kapoor Kachli 100g"}]},{"@type":"WebSite","@id":"https:\/\/www.safinel.fr\/#website","url":"https:\/\/www.safinel.fr\/","name":"Safinel","description":"","publisher":{"@id":"https:\/\/www.safinel.fr\/#organization"},"potentialAction":[{"@type":"SearchAction","target":{"@type":"EntryPoint","urlTemplate":"https:\/\/www.safinel.fr\/?s={search_term_string}"},"query-input":{"@type":"PropertyValueSpecification","valueRequired":true,"valueName":"search_term_string"}}],"inLanguage":"es"},{"@type":"Organization","@id":"https:\/\/www.safinel.fr\/#organization","name":"Safinel","url":"https:\/\/www.safinel.fr\/","logo":{"@type":"ImageObject","inLanguage":"es","@id":"https:\/\/www.safinel.fr\/#\/schema\/logo\/image\/","url":"https:\/\/www.safinel.fr\/wp-content\/uploads\/2021\/05\/boutique-cosmetique.png","contentUrl":"https:\/\/www.safinel.fr\/wp-content\/uploads\/2021\/05\/boutique-cosmetique.png","width":800,"height":200,"caption":"Safinel"},"image":{"@id":"https:\/\/www.safinel.fr\/#\/schema\/logo\/image\/"}}]}},"_links":{"self":[{"href":"https:\/\/www.safinel.fr\/es\/wp-json\/wp\/v2\/product\/188","targetHints":{"allow":["GET"]}}],"collection":[{"href":"https:\/\/www.safinel.fr\/es\/wp-json\/wp\/v2\/product"}],"about":[{"href":"https:\/\/www.safinel.fr\/es\/wp-json\/wp\/v2\/types\/product"}],"wp:featuredmedia":[{"embeddable":true,"href":"https:\/\/www.safinel.fr\/es\/wp-json\/wp\/v2\/media\/185"}],"wp:attachment":[{"href":"https:\/\/www.safinel.fr\/es\/wp-json\/wp\/v2\/media?parent=188"}],"wp:term":[{"taxonomy":"product_brand","embeddable":true,"href":"https:\/\/www.safinel.fr\/es\/wp-json\/wp\/v2\/product_brand?post=188"},{"taxonomy":"product_cat","embeddable":true,"href":"https:\/\/www.safinel.fr\/es\/wp-json\/wp\/v2\/product_cat?post=188"},{"taxonomy":"product_tag","embeddable":true,"href":"https:\/\/www.safinel.fr\/es\/wp-json\/wp\/v2\/product_tag?post=188"}],"curies":[{"name":"wp","href":"https:\/\/api.w.org\/{rel}","templated":true}]}}