{"id":17438,"date":"2025-10-03T17:52:41","date_gmt":"2025-10-03T17:52:41","guid":{"rendered":"https:\/\/www.safinel.fr\/?post_type=product&#038;p=17438"},"modified":"2025-10-04T17:13:47","modified_gmt":"2025-10-04T17:13:47","slug":"furikake-mezcla-de-especias-japonesas","status":"publish","type":"product","link":"https:\/\/www.safinel.fr\/es\/product-2\/furikake-mezcla-de-especias-japonesas\/","title":{"rendered":"Furikake - Mezcla de especias japonesas - 50g"},"content":{"rendered":"<p><strong>Furikake<\/strong> gana cada vez m\u00e1s adeptos <strong>Cocina japonesa<\/strong>, intrigado por esto <strong>Mezcla de especias japonesas<\/strong> colorido y sabroso. Detr\u00e1s de este rimbombante nombre se esconde un <strong>Condimento japon\u00e9s<\/strong> una especia tradicional espolvoreada generosamente sobre un cuenco de arroz humeante. Compuesto de un sutil <strong>mezcla de algas secas<\/strong>, El furikake es un plato deliciosamente sencillo que puede transformarse en una intensa experiencia de umami y sabores crujientes, con la adici\u00f3n de semillas de s\u00e9samo y, a veces, pescado seco. Adentr\u00e9monos en el mundo del furikake, un aliado cotidiano para quienes gustan de combinar la sencillez con una explosi\u00f3n de sabor.<\/p>\n<h2>\u00bfQu\u00e9 es el furikake?<\/h2>\n<p><strong>Furikake<\/strong> es uno de los m\u00e1s populares <strong>Condimentos japoneses<\/strong>. Este <strong>Mezcla de especias japonesas<\/strong> ha sido dise\u00f1ado para realzar el sabor del arroz normal, pero tambi\u00e9n es un acompa\u00f1amiento perfecto para el pescado, las verduras cocidas o las sopas tradicionales. El ingrediente estrella sigue siendo <strong>arroz blanco<\/strong>, Esta combinaci\u00f3n \u00fanica de aromas realza el dulzor del vino.<\/p>\n<p>Su composici\u00f3n var\u00eda seg\u00fan la regi\u00f3n y la receta, ofreciendo una amplia gama de texturas y sabores. Suele contener un <strong>mezcla de algas<\/strong>, y <strong>semillas de s\u00e9samo<\/strong> y a veces <strong>pescado seco<\/strong>. Pr\u00e1ctico y lleno de <strong>beneficios nutricionales<\/strong>, El furikake se ha convertido en un elemento esencial de la mesa japonesa.<\/p>\n<h2>Los ingredientes estrella del furikake<\/h2>\n<p>La magia de <strong>furikake<\/strong>, es el equilibrio perfecto de sus ingredientes. Cada componente aporta su propio toque: sabor, textura crujiente, color y beneficios para la salud. Es esta mezcla armoniosa la que confiere a los condimentos japoneses su identidad distintiva.<\/p>\n<h3>\u00bfPor qu\u00e9 son esenciales las algas?<\/h3>\n<p>L\u2019<strong>alga nori<\/strong> es la base arom\u00e1tica de <strong>mezcla de algas<\/strong> presente en el furikake. Secado y cortado finamente, desprende un inimitable sabor marino y a yodo. Adem\u00e1s de enriquecer el sabor, el nori est\u00e1 repleto de minerales como el yodo y el calcio, esenciales para el buen funcionamiento del organismo.<\/p>\n<p>Este componente combina perfectamente con elementos m\u00e1s modernos. <strong>crujiente<\/strong>, El resultado es una explosi\u00f3n de sensaciones desde el primer bocado. Dependiendo de la variante, se pueden a\u00f1adir a la mezcla otras algas como wakame o kombu para diversificar a\u00fan m\u00e1s la paleta arom\u00e1tica del furikake. Cabe se\u00f1alar que existen muchas mezclas diferentes inspiradas en distintas culturas, incluida la cocina norteafricana. Los aficionados a la cocina oriental apreciar\u00e1n la variedad de\u2019<a href=\"https:\/\/www.safinel.fr\/es\/product-category-2\/especias-marroquies\/\">especias tradicionales marroqu\u00edes<\/a>, que tambi\u00e9n comparten este rico aroma en la producci\u00f3n de condimentos refinados.<\/p>\n<h3>El papel de las semillas de s\u00e9samo y los aditivos nobles<\/h3>\n<p>En <strong>semillas de s\u00e9samo<\/strong> son imprescindibles en el furikake. Su textura crujiente y su ligero toque tostado a\u00f1aden profundidad y exquisitez a este plato. <strong>Condimento japon\u00e9s<\/strong>. Tostado en su punto justo, el s\u00e9samo realza cada grano de arroz caliente sobre el que se coloca.<\/p>\n<p>Tambi\u00e9n hay toques originales como el <strong>pescado seco<\/strong> (a menudo bonito), shiso o copos de huevo. El pescado seco intensifica el sabor umami sin enmascarar los dem\u00e1s sabores, mientras que el huevo a\u00f1ade color y riqueza. A veces se a\u00f1aden verduras secas o <strong>mezcla de especias suaves<\/strong> se a\u00f1aden a la receta para variar el placer. En algunos casos, se a\u00f1aden especias poco comunes como <a href=\"https:\/\/www.safinel.fr\/es\/product-2\/pimiento-cubebe-pimiento-de-cola\/\">pimienta cubeb<\/a> que ofrece una dimensi\u00f3n picante y ex\u00f3tica ideal para realzar sutilmente las recetas de fusi\u00f3n.<\/p>\n<ul>\n<li><strong>Alga nori<\/strong> finamente picado<\/li>\n<li><strong>Semillas de s\u00e9samo<\/strong> blanco o negro<\/li>\n<li><strong>Pescado seco<\/strong> rallado o desmenuzado<\/li>\n<li>Huevo seco en polvo<\/li>\n<li>Trozos de verduras secas<\/li>\n<li>Mezcla suave de especias<\/li>\n<\/ul>\n<h2>\u00bfC\u00f3mo se utiliza el furikake en la cocina japonesa?<\/h2>\n<p>Espolvorear con <strong>furikake<\/strong> en un taz\u00f3n de <strong>arroz<\/strong> sigue siendo el gesto emblem\u00e1tico, pero sus usos no se detienen ah\u00ed. Tambi\u00e9n realza los onigiri -esos tri\u00e1ngulos de arroz rellenos- y da un toque de clase a sus platos. <strong>crujiente<\/strong> a las ensaladas y revisita sutilmente la sopa de miso gracias a su sabor umami.<\/p>\n<p>Este <strong>Condimento japon\u00e9s<\/strong> puede sustituir a la sal o a\u00f1adir una nota umami a las verduras al vapor. Muchos cocineros lo utilizan en recetas de fusi\u00f3n, como huevos duros, tartares o tostadas de aguacate. Unas pizcas de furikake bastan para dar profundidad a un poke bowl o a un huevo duro y conseguir un efecto gourmet instant\u00e1neo.<\/p>\n<h3>Usos gourmet y creativos<\/h3>\n<p>Para salirse de los caminos trillados, s\u00f3lo hace falta un poco de imaginaci\u00f3n. Mezclada en una vinagreta ligera, espolvoreada sobre tomates frescos o incorporada a la masa de pan, la <strong>furikake<\/strong> sorprende con cada uso. Su capacidad para aportar sabor y un toque crujiente a todo tipo de platos la convierte en una aut\u00e9ntica baza para renovar la cocina diaria.<\/p>\n<p>A algunos aficionados les gusta espolvorearlo sobre sus <strong>patatas asadas<\/strong>, o palomitas caseras, o incluso quesos frescos para darles un sabor original. Este <strong>mezcla crujiente<\/strong> es el acompa\u00f1ante ideal para cualquier comida.<\/p>\n<h3>El lugar del furikake en el bento<\/h3>\n<p>En el mundo de <strong>bento<\/strong>, donde cada ingrediente es tan importante para la vista como para el paladar, el <strong>furikake<\/strong> ocupa un lugar de honor. Colorea armoniosamente el arroz y llama la atenci\u00f3n entre los dem\u00e1s alimentos del almuerzo n\u00f3mada japon\u00e9s.<\/p>\n<p>Gracias a su versatilidad, tambi\u00e9n protege el arroz durante el transporte: al absorber parte de la humedad, evita que los granos se peguen. Su <strong>ingesta nutricional<\/strong> contribuyen a una comida equilibrada, perfecta para un almuerzo sabroso y saludable.<\/p>\n<h2>\u00bfCu\u00e1les son los beneficios nutricionales del furikake?<\/h2>\n<p>Este <strong>Condimento japon\u00e9s<\/strong> no s\u00f3lo deleita el paladar. Gracias a su <strong>algas ricas en yodo<\/strong> y minerales, tambi\u00e9n aporta prote\u00ednas a trav\u00e9s de la <strong>pescado seco<\/strong>. En <strong>semillas de s\u00e9samo<\/strong>, Aportan fibra, calcio y \u00e1cidos grasos insaturados beneficiosos para la salud.<\/p>\n<p>Elija el <strong>furikake<\/strong> como\u2019<strong>alternativa a la sal<\/strong> ayuda a reducir la ingesta de sodio conservando un sabor intenso. Su uso inteligente enriquece sus platos con nutrientes esenciales y ayuda a mantener una dieta equilibrada a diario.<\/p>\n<table>\n<tbody>\n<tr>\n<th>Ingrediente principal<\/th>\n<th>Aporte nutricional clave<\/th>\n<th>Efectos sobre la salud<\/th>\n<\/tr>\n<tr>\n<td><strong>Alga nori<\/strong><\/td>\n<td>Yodo, magnesio, vitaminas<\/td>\n<td>Tiroides y equilibrio mineral<\/td>\n<\/tr>\n<tr>\n<td><strong>Semillas de s\u00e9samo<\/strong><\/td>\n<td>Fibra, calcio, grasas buenas<\/td>\n<td>Ayuda \u00f3sea y cardiovascular<\/td>\n<\/tr>\n<tr>\n<td><strong>Pescado seco<\/strong><\/td>\n<td>Prote\u00ednas, omega-3<\/td>\n<td>Mantenimiento muscular y cerebral<\/td>\n<\/tr>\n<\/tbody>\n<\/table>\n<h2>Preguntas frecuentes sobre el furikake y su uso en la cocina japonesa<\/h2>\n<div itemscope=\"\" itemtype=\"https:\/\/schema.org\/FAQPage\">\n<div itemprop=\"mainEntity\" itemscope=\"\" itemtype=\"https:\/\/schema.org\/Question\">\n<h3 itemprop=\"name\">\u00bfEs f\u00e1cil hacer furikake casero?<\/h3>\n<div itemprop=\"acceptedAnswer\" itemscope=\"\" itemtype=\"https:\/\/schema.org\/Answer\">\n<div itemprop=\"text\">\n<p>Es perfectamente posible hacer un <strong>casa furikake<\/strong> sin equipamiento especial ni ingredientes raros. Todo lo que necesita son unos <strong>alga nori<\/strong>, y <strong>semillas de s\u00e9samo tostadas<\/strong>, un poco de sal y posiblemente <strong>pescado seco<\/strong> rallado. Mezcle al gusto para obtener un condimento personalizado, rico en sabor y crujiente.<\/p>\n<ul>\n<li>Cortar las algas en tiras finas<\/li>\n<li>Tostar ligeramente las semillas de s\u00e9samo<\/li>\n<li>Mezcla todos los ingredientes en un tarro herm\u00e9tico<\/li>\n<\/ul>\n<\/div>\n<\/div>\n<\/div>\n<div itemprop=\"mainEntity\" itemscope=\"\" itemtype=\"https:\/\/schema.org\/Question\">\n<h3 itemprop=\"name\">\u00bfEn qu\u00e9 otros platos se puede utilizar el furikake aparte del arroz?<\/h3>\n<div itemprop=\"acceptedAnswer\" itemscope=\"\" itemtype=\"https:\/\/schema.org\/Answer\">\n<div itemprop=\"text\">\n<p>Este <strong>Mezcla de especias japonesas<\/strong> puede utilizarse en muchos platos cotidianos. Adem\u00e1s de <strong>arroz<\/strong>, Es el acompa\u00f1amiento perfecto para <strong>verduras al vapor<\/strong>, Las posibilidades son casi infinitas cuando se trata de a\u00f1adir un toque crujiente y sabroso. Las posibilidades son casi infinitas cuando se trata de a\u00f1adir un toque crujiente y sabroso.<\/p>\n<ul>\n<li>Cuencos con diversas verduras crudas<\/li>\n<li>Pasta frita al wok<\/li>\n<li>Huevos revueltos o tortillas<\/li>\n<\/ul>\n<\/div>\n<\/div>\n<\/div>\n<div itemprop=\"mainEntity\" itemscope=\"\" itemtype=\"https:\/\/schema.org\/Question\">\n<h3 itemprop=\"name\">\u00bfEs el furikake adecuado para las personas que vigilan su consumo de sal?<\/h3>\n<div itemprop=\"acceptedAnswer\" itemscope=\"\" itemtype=\"https:\/\/schema.org\/Answer\">\n<div itemprop=\"text\">\n<p>Gracias a sus potentes sabores y <strong>sabor umami<\/strong>, furikake es un excelente <strong>alternativa a la sal<\/strong>. Si se elige una versi\u00f3n baja en sodio o se dosifica con moderaci\u00f3n, puede realzar los platos al tiempo que se limita el consumo de sal.<\/p>\n<table>\n<tbody>\n<tr>\n<th>Tipo de furikake<\/th>\n<th>Contenido medio de sodio<\/th>\n<\/tr>\n<tr>\n<td>Cl\u00e1sico<\/td>\n<td>500-800 mg\/15 g<\/td>\n<\/tr>\n<tr>\n<td>Versi\u00f3n baja en sal<\/td>\n<td>300-400 mg\/15 g<\/td>\n<\/tr>\n<\/tbody>\n<\/table>\n<\/div>\n<\/div>\n<\/div>\n<div itemprop=\"mainEntity\" itemscope=\"\" itemtype=\"https:\/\/schema.org\/Question\">\n<h3 itemprop=\"name\">\u00bfQu\u00e9 beneficios aporta el furikake a una dieta sana?<\/h3>\n<div itemprop=\"acceptedAnswer\" itemscope=\"\" itemtype=\"https:\/\/schema.org\/Answer\">\n<div itemprop=\"text\">\n<p>Le <strong>furikake<\/strong> ofrece una amplia gama de nutrientes gracias a sus ingredientes naturales. Desde la fibra del s\u00e9samo hasta los minerales del <strong>algas<\/strong> y <strong>pescado seco<\/strong>, Fomenta una dieta equilibrada. Su <strong>crujiente<\/strong> tambi\u00e9n limita la adici\u00f3n de grasas o salsas ricas a los platos.<\/p>\n<ul>\n<li>Naturalmente rico en yodo y fibra alimentaria<\/li>\n<li>La combinaci\u00f3n perfecta de sabor y salud<\/li>\n<\/ul>\n<\/div>\n<\/div>\n<\/div>\n<\/div>","protected":false},"excerpt":{"rendered":"<p><img decoding=\"async\" src=\"https:\/\/www.safinel.fr\/wp-content\/uploads\/2021\/06\/BANNIERE-ICONE-SAFINEL.webp\" alt=\"reaseguro de sat\u00e9n\" width=\"800\" height=\"200\" class=\"alignnone size-full wp-image-5091\" srcset=\"https:\/\/www.safinel.fr\/wp-content\/uploads\/2021\/06\/BANNIERE-ICONE-SAFINEL.webp 800w, https:\/\/www.safinel.fr\/wp-content\/uploads\/2021\/06\/BANNIERE-ICONE-SAFINEL-600x150.webp 600w, https:\/\/www.safinel.fr\/wp-content\/uploads\/2021\/06\/BANNIERE-ICONE-SAFINEL-768x192.webp 768w\" sizes=\"(max-width: 800px) 100vw, 800px\" \/><\/p>","protected":false},"featured_media":17439,"template":"","meta":[],"product_brand":[],"product_cat":[169],"product_tag":[],"class_list":{"0":"post-17438","1":"product","2":"type-product","3":"status-publish","4":"has-post-thumbnail","6":"product_cat-epices-du-monde","8":"first","9":"instock","10":"shipping-taxable","11":"purchasable","12":"product-type-simple"},"yoast_head":"<!-- This site is optimized with the Yoast SEO plugin v26.6 - https:\/\/yoast.com\/wordpress\/plugins\/seo\/ -->\n<title>Furikake | Condiment japonais disponible \u00e0 l&#039;achat<\/title>\n<meta name=\"description\" content=\"D\u00e9couvrez le furikake, ce condiment japonais aux mille saveurs qui sublime le riz et d&#039;autres plats avec un m\u00e9lange d&#039;\u00e9pices unique et savoureux.\" \/>\n<meta name=\"robots\" content=\"index, follow, max-snippet:-1, max-image-preview:large, max-video-preview:-1\" \/>\n<link rel=\"canonical\" href=\"https:\/\/www.safinel.fr\/es\/product-2\/furikake-mezcla-de-especias-japonesas\/\" \/>\n<meta property=\"og:locale\" content=\"es_ES\" \/>\n<meta property=\"og:type\" content=\"article\" \/>\n<meta property=\"og:title\" content=\"Furikake | Condiment japonais disponible \u00e0 l&#039;achat\" \/>\n<meta property=\"og:description\" content=\"D\u00e9couvrez le furikake, ce condiment japonais aux mille saveurs qui sublime le riz et d&#039;autres plats avec un m\u00e9lange d&#039;\u00e9pices unique et savoureux.\" \/>\n<meta property=\"og:url\" content=\"https:\/\/www.safinel.fr\/es\/product-2\/furikake-mezcla-de-especias-japonesas\/\" \/>\n<meta property=\"og:site_name\" content=\"Safinel\" \/>\n<meta property=\"article:modified_time\" content=\"2025-10-04T17:13:47+00:00\" \/>\n<meta property=\"og:image\" content=\"https:\/\/www.safinel.fr\/wp-content\/uploads\/2025\/10\/furikake.jpg\" \/>\n\t<meta property=\"og:image:width\" content=\"600\" \/>\n\t<meta property=\"og:image:height\" content=\"600\" \/>\n\t<meta property=\"og:image:type\" content=\"image\/jpeg\" \/>\n<meta name=\"twitter:card\" content=\"summary_large_image\" \/>\n<meta name=\"twitter:label1\" content=\"Tiempo de lectura\" \/>\n\t<meta name=\"twitter:data1\" content=\"9 minutos\" \/>\n<script type=\"application\/ld+json\" class=\"yoast-schema-graph\">{\"@context\":\"https:\/\/schema.org\",\"@graph\":[{\"@type\":\"WebPage\",\"@id\":\"https:\/\/www.safinel.fr\/produit\/furikake-melange-depices-japonais\/\",\"url\":\"https:\/\/www.safinel.fr\/produit\/furikake-melange-depices-japonais\/\",\"name\":\"Furikake | Condiment japonais disponible \u00e0 l'achat\",\"isPartOf\":{\"@id\":\"https:\/\/www.safinel.fr\/#website\"},\"primaryImageOfPage\":{\"@id\":\"https:\/\/www.safinel.fr\/produit\/furikake-melange-depices-japonais\/#primaryimage\"},\"image\":{\"@id\":\"https:\/\/www.safinel.fr\/produit\/furikake-melange-depices-japonais\/#primaryimage\"},\"thumbnailUrl\":\"https:\/\/www.safinel.fr\/wp-content\/uploads\/2025\/10\/furikake.jpg\",\"datePublished\":\"2025-10-03T17:52:41+00:00\",\"dateModified\":\"2025-10-04T17:13:47+00:00\",\"description\":\"D\u00e9couvrez le furikake, ce condiment japonais aux mille saveurs qui sublime le riz et d'autres plats avec un m\u00e9lange d'\u00e9pices unique et savoureux.\",\"breadcrumb\":{\"@id\":\"https:\/\/www.safinel.fr\/produit\/furikake-melange-depices-japonais\/#breadcrumb\"},\"inLanguage\":\"es\",\"potentialAction\":[{\"@type\":\"ReadAction\",\"target\":[\"https:\/\/www.safinel.fr\/produit\/furikake-melange-depices-japonais\/\"]}]},{\"@type\":\"ImageObject\",\"inLanguage\":\"es\",\"@id\":\"https:\/\/www.safinel.fr\/produit\/furikake-melange-depices-japonais\/#primaryimage\",\"url\":\"https:\/\/www.safinel.fr\/wp-content\/uploads\/2025\/10\/furikake.jpg\",\"contentUrl\":\"https:\/\/www.safinel.fr\/wp-content\/uploads\/2025\/10\/furikake.jpg\",\"width\":600,\"height\":600,\"caption\":\"Furikake - M\u00e9lange d'\u00e9pices japonais - 50g\"},{\"@type\":\"BreadcrumbList\",\"@id\":\"https:\/\/www.safinel.fr\/produit\/furikake-melange-depices-japonais\/#breadcrumb\",\"itemListElement\":[{\"@type\":\"ListItem\",\"position\":1,\"name\":\"Accueil\",\"item\":\"https:\/\/www.safinel.fr\/\"},{\"@type\":\"ListItem\",\"position\":2,\"name\":\"Boutique\",\"item\":\"https:\/\/www.safinel.fr\/boutique\/\"},{\"@type\":\"ListItem\",\"position\":3,\"name\":\"Furikake &#8211; M\u00e9lange d&#8217;\u00e9pices japonais &#8211; 50g\"}]},{\"@type\":\"WebSite\",\"@id\":\"https:\/\/www.safinel.fr\/#website\",\"url\":\"https:\/\/www.safinel.fr\/\",\"name\":\"Safinel\",\"description\":\"\",\"publisher\":{\"@id\":\"https:\/\/www.safinel.fr\/#organization\"},\"potentialAction\":[{\"@type\":\"SearchAction\",\"target\":{\"@type\":\"EntryPoint\",\"urlTemplate\":\"https:\/\/www.safinel.fr\/?s={search_term_string}\"},\"query-input\":{\"@type\":\"PropertyValueSpecification\",\"valueRequired\":true,\"valueName\":\"search_term_string\"}}],\"inLanguage\":\"es\"},{\"@type\":\"Organization\",\"@id\":\"https:\/\/www.safinel.fr\/#organization\",\"name\":\"Safinel\",\"url\":\"https:\/\/www.safinel.fr\/\",\"logo\":{\"@type\":\"ImageObject\",\"inLanguage\":\"es\",\"@id\":\"https:\/\/www.safinel.fr\/#\/schema\/logo\/image\/\",\"url\":\"https:\/\/www.safinel.fr\/wp-content\/uploads\/2021\/05\/boutique-cosmetique.png\",\"contentUrl\":\"https:\/\/www.safinel.fr\/wp-content\/uploads\/2021\/05\/boutique-cosmetique.png\",\"width\":800,\"height\":200,\"caption\":\"Safinel\"},\"image\":{\"@id\":\"https:\/\/www.safinel.fr\/#\/schema\/logo\/image\/\"}}]}<\/script>\n<!-- \/ Yoast SEO plugin. -->","yoast_head_json":{"title":"Furikake | Condimento japon\u00e9s a la venta","description":"Descubra el furikake, este condimento japon\u00e9s de mil sabores que realza el arroz y otros platos con una mezcla \u00fanica y deliciosa de especias.","robots":{"index":"index","follow":"follow","max-snippet":"max-snippet:-1","max-image-preview":"max-image-preview:large","max-video-preview":"max-video-preview:-1"},"canonical":"https:\/\/www.safinel.fr\/es\/product-2\/furikake-mezcla-de-especias-japonesas\/","og_locale":"es_ES","og_type":"article","og_title":"Furikake | Condiment japonais disponible \u00e0 l'achat","og_description":"D\u00e9couvrez le furikake, ce condiment japonais aux mille saveurs qui sublime le riz et d'autres plats avec un m\u00e9lange d'\u00e9pices unique et savoureux.","og_url":"https:\/\/www.safinel.fr\/es\/product-2\/furikake-mezcla-de-especias-japonesas\/","og_site_name":"Safinel","article_modified_time":"2025-10-04T17:13:47+00:00","og_image":[{"width":600,"height":600,"url":"https:\/\/www.safinel.fr\/wp-content\/uploads\/2025\/10\/furikake.jpg","type":"image\/jpeg"}],"twitter_card":"summary_large_image","twitter_misc":{"Tiempo de lectura":"9 minutos"},"schema":{"@context":"https:\/\/schema.org","@graph":[{"@type":"WebPage","@id":"https:\/\/www.safinel.fr\/produit\/furikake-melange-depices-japonais\/","url":"https:\/\/www.safinel.fr\/produit\/furikake-melange-depices-japonais\/","name":"Furikake | Condimento japon\u00e9s a la venta","isPartOf":{"@id":"https:\/\/www.safinel.fr\/#website"},"primaryImageOfPage":{"@id":"https:\/\/www.safinel.fr\/produit\/furikake-melange-depices-japonais\/#primaryimage"},"image":{"@id":"https:\/\/www.safinel.fr\/produit\/furikake-melange-depices-japonais\/#primaryimage"},"thumbnailUrl":"https:\/\/www.safinel.fr\/wp-content\/uploads\/2025\/10\/furikake.jpg","datePublished":"2025-10-03T17:52:41+00:00","dateModified":"2025-10-04T17:13:47+00:00","description":"Descubra el furikake, este condimento japon\u00e9s de mil sabores que realza el arroz y otros platos con una mezcla \u00fanica y deliciosa de especias.","breadcrumb":{"@id":"https:\/\/www.safinel.fr\/produit\/furikake-melange-depices-japonais\/#breadcrumb"},"inLanguage":"es","potentialAction":[{"@type":"ReadAction","target":["https:\/\/www.safinel.fr\/produit\/furikake-melange-depices-japonais\/"]}]},{"@type":"ImageObject","inLanguage":"es","@id":"https:\/\/www.safinel.fr\/produit\/furikake-melange-depices-japonais\/#primaryimage","url":"https:\/\/www.safinel.fr\/wp-content\/uploads\/2025\/10\/furikake.jpg","contentUrl":"https:\/\/www.safinel.fr\/wp-content\/uploads\/2025\/10\/furikake.jpg","width":600,"height":600,"caption":"Furikake - M\u00e9lange d'\u00e9pices japonais - 50g"},{"@type":"BreadcrumbList","@id":"https:\/\/www.safinel.fr\/produit\/furikake-melange-depices-japonais\/#breadcrumb","itemListElement":[{"@type":"ListItem","position":1,"name":"Accueil","item":"https:\/\/www.safinel.fr\/"},{"@type":"ListItem","position":2,"name":"Boutique","item":"https:\/\/www.safinel.fr\/boutique\/"},{"@type":"ListItem","position":3,"name":"Furikake &#8211; M\u00e9lange d&#8217;\u00e9pices japonais &#8211; 50g"}]},{"@type":"WebSite","@id":"https:\/\/www.safinel.fr\/#website","url":"https:\/\/www.safinel.fr\/","name":"Safinel","description":"","publisher":{"@id":"https:\/\/www.safinel.fr\/#organization"},"potentialAction":[{"@type":"SearchAction","target":{"@type":"EntryPoint","urlTemplate":"https:\/\/www.safinel.fr\/?s={search_term_string}"},"query-input":{"@type":"PropertyValueSpecification","valueRequired":true,"valueName":"search_term_string"}}],"inLanguage":"es"},{"@type":"Organization","@id":"https:\/\/www.safinel.fr\/#organization","name":"Safinel","url":"https:\/\/www.safinel.fr\/","logo":{"@type":"ImageObject","inLanguage":"es","@id":"https:\/\/www.safinel.fr\/#\/schema\/logo\/image\/","url":"https:\/\/www.safinel.fr\/wp-content\/uploads\/2021\/05\/boutique-cosmetique.png","contentUrl":"https:\/\/www.safinel.fr\/wp-content\/uploads\/2021\/05\/boutique-cosmetique.png","width":800,"height":200,"caption":"Safinel"},"image":{"@id":"https:\/\/www.safinel.fr\/#\/schema\/logo\/image\/"}}]}},"_links":{"self":[{"href":"https:\/\/www.safinel.fr\/es\/wp-json\/wp\/v2\/product\/17438","targetHints":{"allow":["GET"]}}],"collection":[{"href":"https:\/\/www.safinel.fr\/es\/wp-json\/wp\/v2\/product"}],"about":[{"href":"https:\/\/www.safinel.fr\/es\/wp-json\/wp\/v2\/types\/product"}],"wp:featuredmedia":[{"embeddable":true,"href":"https:\/\/www.safinel.fr\/es\/wp-json\/wp\/v2\/media\/17439"}],"wp:attachment":[{"href":"https:\/\/www.safinel.fr\/es\/wp-json\/wp\/v2\/media?parent=17438"}],"wp:term":[{"taxonomy":"product_brand","embeddable":true,"href":"https:\/\/www.safinel.fr\/es\/wp-json\/wp\/v2\/product_brand?post=17438"},{"taxonomy":"product_cat","embeddable":true,"href":"https:\/\/www.safinel.fr\/es\/wp-json\/wp\/v2\/product_cat?post=17438"},{"taxonomy":"product_tag","embeddable":true,"href":"https:\/\/www.safinel.fr\/es\/wp-json\/wp\/v2\/product_tag?post=17438"}],"curies":[{"name":"wp","href":"https:\/\/api.w.org\/{rel}","templated":true}]}}